{"id":717,"date":"2014-11-11T11:12:55","date_gmt":"2014-11-11T11:12:55","guid":{"rendered":"http:\/\/anpsthemes.com\/constructo\/?page_id=7"},"modified":"2018-09-24T09:19:30","modified_gmt":"2018-09-24T07:19:30","slug":"projektportfolio","status":"publish","type":"page","link":"https:\/\/kuhn-solutions.de\/pt\/projektportfolio\/","title":{"rendered":"Nos\u00adsa car\u00adtei\u00adra de projetos"},"content":{"rendered":"<div class=\"wpb-content-wrapper\"><div class=\"vc_row wpb_row vc_row-fluid vc_custom_1436396240387\"><div class=\"wpb_column vc_column_container vc_col-sm-12\"><div class=\"vc_column-inner\"><div class=\"wpb_wrapper\"><ul class=\"filter style-1\" style=\"display: none\"><i style=\"color: #000000;\" class=\"fa fa-filter\"><\/i><li><button style=\"color: #000000;\" data-filter=\"*\">Todos<\/button><\/li><span style=\"color: #000000;\">\/<\/span><li><button style=\"color: #000000;\" data-filter=\"visualisierung\">Visualiza\u00e7\u00e3o<\/button><\/li><span style=\"color: #000000;\">\/<\/span><li><button style=\"color: #000000;\" data-filter=\"programmierung\">Programa\u00e7\u00e3o<\/button><\/li><span style=\"color: #000000;\">\/<\/span><li><button style=\"color: #000000;\" data-filter=\"konstruktion\">Constru\u00e7\u00e3o<\/button><\/li><span style=\"color: #000000;\">\/<\/span><li><button style=\"color: #000000;\" data-filter=\"entwicklung\">Desenvolvimento<\/button><\/li><span style=\"color: #000000;\">\/<\/span><li><button style=\"color: #000000;\" data-filter=\"berechnung\">C\u00e1lculo<\/button><\/li><\/ul><ul class=\"portfolio isotope classic\"><li class=\"isotope-item berechnung programmierung col-xs-6 col-md-4\"><article class=\"inner\"><a class=\"item-hover\" href=\"https:\/\/kuhn-solutions.de\/pt\/portfolio\/cutting-calculator\/\"><div class=\"mask\"><\/div><div class=\"item-info\"><div class=\"headline\"><h2>Otimiza\u00e7\u00e3o da mistura, algoritmo simplex<\/h2><\/div><\/div><\/a><div class=\"item-img\"><img loading=\"lazy\" decoding=\"async\" width=\"360\" height=\"267\" src=\"https:\/\/kuhn-solutions.de\/wp-content\/uploads\/2014\/12\/laser-cutting-calculator-360x267.jpg\" class=\"attachment-post-thumb attachment-post-thumb size-post-thumb wp-post-image\" alt><\/div><\/article><\/li><li class=\"isotope-item  col-xs-6 col-md-4\"><article class=\"inner\"><a class=\"item-hover\" href=\"https:\/\/kuhn-solutions.de\/pt\/portfolio\/product-configurator\/\"><div class=\"mask\"><\/div><div class=\"item-info\"><div class=\"headline\"><h2>Meus \u00f3culos \u2013 Configurador de produto<\/h2><\/div><\/div><\/a><div class=\"item-img\"><img loading=\"lazy\" decoding=\"async\" width=\"360\" height=\"267\" src=\"https:\/\/kuhn-solutions.de\/wp-content\/uploads\/2014\/12\/Produktkonfigurator-SolidWorks-360x267.jpg\" class=\"attachment-post-thumb attachment-post-thumb size-post-thumb wp-post-image\" alt><\/div><\/article><\/li><li class=\"isotope-item  col-xs-6 col-md-4\"><article class=\"inner\"><a class=\"item-hover\" href=\"https:\/\/kuhn-solutions.de\/pt\/portfolio\/parametric-packaging\/\"><div class=\"mask\"><\/div><div class=\"item-info\"><div class=\"headline\"><h2>Embalagem parametrizada do produto<\/h2><\/div><\/div><\/a><div class=\"item-img\"><img loading=\"lazy\" decoding=\"async\" width=\"360\" height=\"267\" src=\"https:\/\/kuhn-solutions.de\/wp-content\/uploads\/2014\/12\/Parametric-packaging-360x267.jpg\" class=\"attachment-post-thumb attachment-post-thumb size-post-thumb wp-post-image\" alt><\/div><\/article><\/li><li class=\"isotope-item konstruktion programmierung col-xs-6 col-md-4\"><article class=\"inner\"><a class=\"item-hover\" href=\"https:\/\/kuhn-solutions.de\/pt\/portfolio\/schienenfahrzeuge-schwingungstechnik\/\"><div class=\"mask\"><\/div><div class=\"item-info\"><div class=\"headline\"><h2>Ve\u00edculos sobre trilhos, tecnologia de vibra\u00e7\u00e3o<\/h2><\/div><\/div><\/a><div class=\"item-img\"><img loading=\"lazy\" decoding=\"async\" width=\"360\" height=\"267\" src=\"https:\/\/kuhn-solutions.de\/wp-content\/uploads\/2018\/09\/Schienenfahrzeug-Schwingungstechnik-360x267.jpg\" class=\"attachment-post-thumb attachment-post-thumb size-post-thumb wp-post-image\" alt=\"Schienenfahrzeug Schwingungstechnik\"><\/div><\/article><\/li><li class=\"isotope-item visualisierung col-xs-6 col-md-4\"><article class=\"inner\"><a class=\"item-hover\" href=\"https:\/\/kuhn-solutions.de\/pt\/portfolio\/produktanimation-rundschalteinheit-rse-4\/\"><div class=\"mask\"><\/div><div class=\"item-info\"><div class=\"headline\"><h2>Anima\u00e7\u00e3o do produto, mesa indexadora rotativa RSE\u20114<\/h2><\/div><\/div><\/a><div class=\"item-img\"><img loading=\"lazy\" decoding=\"async\" width=\"360\" height=\"267\" src=\"https:\/\/kuhn-solutions.de\/wp-content\/uploads\/2018\/09\/Rundschalttisch-RSE-4-Friedemann-Wagner-GmbH-360x267.jpg\" class=\"attachment-post-thumb attachment-post-thumb size-post-thumb wp-post-image\" alt=\"Rundschalttisch RSE-4 - Friedemann Wagner GmbH\"><\/div><\/article><\/li><li class=\"isotope-item  col-xs-6 col-md-4\"><article class=\"inner\"><a class=\"item-hover\" href=\"https:\/\/kuhn-solutions.de\/pt\/portfolio\/pruefstand-erweiterung-sensorik\/\"><div class=\"mask\"><\/div><div class=\"item-info\"><div class=\"headline\"><h2>Bancada de teste, expans\u00e3o para incluir a tecnologia de sensores<\/h2><\/div><\/div><\/a><div class=\"item-img\"><img loading=\"lazy\" decoding=\"async\" width=\"360\" height=\"267\" src=\"https:\/\/kuhn-solutions.de\/wp-content\/uploads\/2018\/09\/DDT-600-inkscape-001-360x267.jpg\" class=\"attachment-post-thumb attachment-post-thumb size-post-thumb wp-post-image\" alt=\"Pr\u00fcfstand DDT-600\"><\/div><\/article><\/li><li class=\"isotope-item berechnung entwicklung konstruktion col-xs-6 col-md-4\"><article class=\"inner\"><a class=\"item-hover\" href=\"https:\/\/kuhn-solutions.de\/pt\/portfolio\/pruefstand-modulare-anpresseinheit\/\"><div class=\"mask\"><\/div><div class=\"item-info\"><div class=\"headline\"><h2>Bancada de teste, Unidade modular de prensagem<\/h2><\/div><\/div><\/a><div class=\"item-img\"><img loading=\"lazy\" decoding=\"async\" width=\"360\" height=\"267\" src=\"https:\/\/kuhn-solutions.de\/wp-content\/uploads\/2018\/09\/DDT-600-Anpressmodul-Kreis-2-360x267.jpg\" class=\"attachment-post-thumb attachment-post-thumb size-post-thumb wp-post-image\" alt=\"DDT-600 Anpressmodul Kreis 2\"><\/div><\/article><\/li><li class=\"isotope-item visualisierung col-xs-6 col-md-4\"><article class=\"inner\"><a class=\"item-hover\" href=\"https:\/\/kuhn-solutions.de\/pt\/portfolio\/produktvisualisierung-greifeinheit-pgm-82\/\"><div class=\"mask\"><\/div><div class=\"item-info\"><div class=\"headline\"><h2>Visualiza\u00e7\u00e3o do produto, unidade de agarramento PGM-82<\/h2><\/div><\/div><\/a><div class=\"item-img\"><img loading=\"lazy\" decoding=\"async\" width=\"360\" height=\"267\" src=\"https:\/\/kuhn-solutions.de\/wp-content\/uploads\/2019\/03\/PGM-82-Schnittansicht-ISO-Hintergrund-transparent-V02-360x267.jpg\" class=\"attachment-post-thumb attachment-post-thumb size-post-thumb wp-post-image\" alt=\"Greifeinheit PGM-82 - Friedemann Wagner GmbH - Schnitt ISO\"><\/div><\/article><\/li><li class=\"isotope-item entwicklung programmierung col-xs-6 col-md-4\"><article class=\"inner\"><a class=\"item-hover\" href=\"https:\/\/kuhn-solutions.de\/pt\/portfolio\/ict-testsystem-softwareentwicklung-inbetriebnahme\/\"><div class=\"mask\"><\/div><div class=\"item-info\"><div class=\"headline\"><h2>Sistema de teste TIC, desenvolvimento e comissionamento de software<\/h2><\/div><\/div><\/a><div class=\"item-img\"><img loading=\"lazy\" decoding=\"async\" width=\"360\" height=\"267\" src=\"https:\/\/kuhn-solutions.de\/wp-content\/uploads\/2019\/03\/Pr\u00fcfstand-Python-360x267.jpg\" class=\"attachment-post-thumb attachment-post-thumb size-post-thumb wp-post-image\" alt=\"ICT-Testsystem - Pr\u00fcfstand Python\"><\/div><\/article><\/li><li class=\"isotope-item  col-xs-6 col-md-4\"><article class=\"inner\"><a class=\"item-hover\" href=\"https:\/\/kuhn-solutions.de\/pt\/portfolio\/geodaetische-distanz-algorithmus\/\"><div class=\"mask\"><\/div><div class=\"item-info\"><div class=\"headline\"><h2>Dist\u00e2ncia geod\u00e9sica, algoritmo<\/h2><\/div><\/div><\/a><div class=\"item-img\"><img loading=\"lazy\" decoding=\"async\" width=\"360\" height=\"267\" src=\"https:\/\/kuhn-solutions.de\/wp-content\/uploads\/2019\/04\/Geodesic_distanz_bunny_KUHN_ENGINEERING-360x267.jpg\" class=\"attachment-post-thumb attachment-post-thumb size-post-thumb wp-post-image\" alt=\"Geodesic distanz - bunny KUHN SOLUTIONS\"><\/div><\/article><\/li><li class=\"isotope-item  col-xs-6 col-md-4\"><article class=\"inner\"><a class=\"item-hover\" href=\"https:\/\/kuhn-solutions.de\/pt\/portfolio\/custom-toolbar-solidworks-add-in\/\"><div class=\"mask\"><\/div><div class=\"item-info\"><div class=\"headline\"><h2>Barra de ferramentas personalizada \u2013 Complemento de SOLIDWORKS<\/h2><\/div><\/div><\/a><div class=\"item-img\"><img loading=\"lazy\" decoding=\"async\" width=\"360\" height=\"267\" src=\"https:\/\/kuhn-solutions.de\/wp-content\/uploads\/2019\/05\/Custom-Toolbar-Settings-1738-x-1159-360x267.jpg\" class=\"attachment-post-thumb attachment-post-thumb size-post-thumb wp-post-image\" alt=\"Custom Toolbar Settings \u2013 Rename and customize up to 5 toolbars\"><\/div><\/article><\/li><li class=\"isotope-item programmierung col-xs-6 col-md-4\"><article class=\"inner\"><a class=\"item-hover\" href=\"https:\/\/kuhn-solutions.de\/pt\/portfolio\/contourtrace-image-to-dxf-converter\/\"><div class=\"mask\"><\/div><div class=\"item-info\"><div class=\"headline\"><h2>ContourTrace \u2013 Conversor de imagem para&nbsp;DXF<\/h2><\/div><\/div><\/a><div class=\"item-img\"><img loading=\"lazy\" decoding=\"async\" width=\"360\" height=\"267\" src=\"https:\/\/kuhn-solutions.de\/wp-content\/uploads\/2024\/09\/ContourTrace_Start_Screen-360x267.png\" class=\"attachment-post-thumb attachment-post-thumb size-post-thumb wp-post-image\" alt srcset=\"https:\/\/kuhn-solutions.de\/wp-content\/uploads\/2024\/09\/ContourTrace_Start_Screen-360x267.png 360w, https:\/\/kuhn-solutions.de\/wp-content\/uploads\/2024\/09\/ContourTrace_Start_Screen-18x12.png 18w\" sizes=\"auto, (max-width: 360px) 100vw, 360px\"><\/div><\/article><\/li><\/ul><div class=\"portfolio-pagination\"><\/div><\/div><\/div><\/div><\/div>\n<\/div>","protected":false},"excerpt":{"rendered":"DESCRI\u00c7\u00c3O DO PROJETO A fim de faci\u00adli\u00adtar os dados de imagem para uso pos\u00adte\u00adri\u00ador na topo\u00adgra\u00adfia, inspe\u00ad\u00e7\u00e3o, con\u00adstru\u00ad\u00e7\u00e3o e fabri\u00adca\u00ad\u00e7\u00e3o, est\u00e1 sen\u00addo desen\u00advol\u00advi\u00addo um soft\u00adware que extrai con\u00adtor\u00adnos do mate\u00adri\u00adal de imagem e per\u00admi\u00adte que sejam exporta\u00addos para o for\u00adma\u00adto DXF. O foco do pro\u00adje\u00adto \u00e9 o r\u00e1pido,\u2026","protected":false},"author":1,"featured_media":0,"parent":0,"menu_order":0,"comment_status":"open","ping_status":"open","template":"","meta":{"wp_typography_post_enhancements_disabled":false,"footnotes":""},"class_list":["post-717","page","type-page","status-publish","hentry"],"_links":{"self":[{"href":"https:\/\/kuhn-solutions.de\/pt\/wp-json\/wp\/v2\/pages\/717","targetHints":{"allow":["GET"]}}],"collection":[{"href":"https:\/\/kuhn-solutions.de\/pt\/wp-json\/wp\/v2\/pages"}],"about":[{"href":"https:\/\/kuhn-solutions.de\/pt\/wp-json\/wp\/v2\/types\/page"}],"author":[{"embeddable":true,"href":"https:\/\/kuhn-solutions.de\/pt\/wp-json\/wp\/v2\/users\/1"}],"replies":[{"embeddable":true,"href":"https:\/\/kuhn-solutions.de\/pt\/wp-json\/wp\/v2\/comments?post=717"}],"version-history":[{"count":11,"href":"https:\/\/kuhn-solutions.de\/pt\/wp-json\/wp\/v2\/pages\/717\/revisions"}],"predecessor-version":[{"id":1351,"href":"https:\/\/kuhn-solutions.de\/pt\/wp-json\/wp\/v2\/pages\/717\/revisions\/1351"}],"wp:attachment":[{"href":"https:\/\/kuhn-solutions.de\/pt\/wp-json\/wp\/v2\/media?parent=717"}],"curies":[{"name":"wp","href":"https:\/\/api.w.org\/{rel}","templated":true}]}}