{"id":2765,"date":"2024-09-03T07:49:17","date_gmt":"2024-09-03T05:49:17","guid":{"rendered":"https:\/\/kuhn-solutions.de\/?page_id=2765"},"modified":"2024-10-30T14:24:03","modified_gmt":"2024-10-30T13:24:03","slug":"hardwareproducts","status":"publish","type":"page","link":"https:\/\/kuhn-solutions.de\/pt\/hardwareproducts\/","title":{"rendered":"Nos\u00adso hardware"},"content":{"rendered":"<div class=\"wpb-content-wrapper\"><div class=\"vc_row wpb_row vc_row-fluid\"><div class=\"wpb_column vc_column_container vc_col-sm-12\"><div class=\"vc_column-inner\"><div class=\"wpb_wrapper\"><div class=\"vc_separator wpb_content_element vc_separator_align_center vc_sep_width_100 vc_sep_border_width_2 vc_sep_pos_align_center vc_separator_no_text vc_sep_color_grey wpb_content_element  wpb_content_element\"><span class=\"vc_sep_holder vc_sep_holder_l\"><span class=\"vc_sep_line\"><\/span><\/span><span class=\"vc_sep_holder vc_sep_holder_r\"><span class=\"vc_sep_line\"><\/span><\/span>\n<\/div><h3 class=\"heading-left  style-1\"><span>Hardware para o software ContourTrace<\/span><\/h3><\/div><\/div><\/div><div class=\"wpb_column vc_column_container vc_col-sm-4\"><div class=\"vc_column-inner\"><div class=\"wpb_wrapper\"><div class=\"vc_row wpb_row vc_inner vc_row-fluid vc_custom_1436373637236\"><div class=\"wpb_column vc_column_container vc_col-sm-12\"><div class=\"vc_column-inner\"><div class=\"wpb_wrapper\"><div class=\"vc_empty_space\" style=\"height: 60px\"><span class=\"vc_empty_space_inner\"><\/span><\/div>\n\t<div class=\"wpb_single_image wpb_content_element vc_align_left wpb_content_element\">\n\t\t\n\t\t<figure class=\"wpb_wrapper vc_figure\">\n\t\t\t<a href=\"https:\/\/contourtrace.com\/area-scan-portal-ct-2da-600x420\/\" target=\"_blank\" class=\"vc_single_image-wrapper vc_box_shadow  vc_box_border_grey\"><img loading=\"lazy\" decoding=\"async\" width=\"1500\" height=\"1000\" src=\"https:\/\/kuhn-solutions.de\/wp-content\/uploads\/2024\/09\/ASP-AO.jpg\" class=\"vc_single_image-img attachment-full\" alt title=\"Portal de varredura de \u00e1rea - Opera\u00e7\u00e3o autom\u00e1tica\" srcset=\"https:\/\/kuhn-solutions.de\/wp-content\/uploads\/2024\/09\/ASP-AO.jpg 1500w, https:\/\/kuhn-solutions.de\/wp-content\/uploads\/2024\/09\/ASP-AO-300x200.jpg 300w, https:\/\/kuhn-solutions.de\/wp-content\/uploads\/2024\/09\/ASP-AO-1024x683.jpg 1024w, https:\/\/kuhn-solutions.de\/wp-content\/uploads\/2024\/09\/ASP-AO-768x512.jpg 768w, https:\/\/kuhn-solutions.de\/wp-content\/uploads\/2024\/09\/ASP-AO-18x12.jpg 18w, https:\/\/kuhn-solutions.de\/wp-content\/uploads\/2024\/09\/ASP-AO-370x247.jpg 370w, https:\/\/kuhn-solutions.de\/wp-content\/uploads\/2024\/09\/ASP-AO-1200x800.jpg 1200w, https:\/\/kuhn-solutions.de\/wp-content\/uploads\/2024\/09\/ASP-AO-360x240.jpg 360w\" sizes=\"auto, (max-width: 1500px) 100vw, 1500px\"><\/a>\n\t\t<\/figure>\n\t<\/div>\n<h5 class=\"heading-left  style-1\"><span>Portal de varredura de \u00e1rea \u2013 Opera\u00e7\u00e3o autom\u00e1tica<\/span><\/h5>\n\t<div class=\"wpb_text_column wpb_content_element\">\n\t\t<div class=\"wpb_wrapper\">\n\t\t\t<p>Fa\u00e7a a var\u00adre\u00addu\u00adra de seus obje\u00adtos de for\u00adma total\u00admen\u00adte autom\u00e1\u00adti\u00adca com o Area Scan Por\u00adtal \u2013 Ope\u00adra\u00ad\u00e7\u00e3o autom\u00e1tica<\/p>\n\n\t\t<\/div>\n\t<\/div>\n<div class=\"vc_empty_space\" style=\"height: 20px\"><span class=\"vc_empty_space_inner\"><\/span><\/div>\n\t<div class=\"wpb_text_column wpb_content_element vc_custom_1730291014451\">\n\t\t<div class=\"wpb_wrapper\">\n\t\t\t<p>O Area Scan Por\u00adtal \u2013 Auto\u00adma\u00adtic Ope\u00adra\u00adti\u00adon rea\u00adli\u00adza uma extra\u00ad\u00e7\u00e3o pre\u00adcisa de con\u00adtor\u00adnos de for\u00adma total\u00admen\u00adte autom\u00e1\u00adti\u00adca e em ape\u00adn\u00adas alguns minu\u00adtos. Bas\u00adta colo\u00adcar seus obje\u00adtos na super\u00adf\u00ed\u00adcie de esca\u00adnea\u00admen\u00adto do por\u00adtal e, em segui\u00adda, a \u00e1rea \u00e9 esca\u00adnea\u00adda auto\u00adma\u00adti\u00adca\u00admen\u00adte com o toque de um bot\u00e3o e a imagem esca\u00adnea\u00adda \u00e9 trans\u00adfer\u00adida para o PC conectado.<\/p>\n\n\t\t<\/div>\n\t<\/div>\n<div class=\"vc_btn3-container vc_btn3-center vc_custom_1730294593232 vc_do_btn\"><a class=\"vc_general vc_btn3 vc_btn3-size-lg vc_btn3-shape-rounded vc_btn3-style-modern vc_btn3-color-black\" href=\"https:\/\/contourtrace.com\/area-scan-portal-ct-2da-600x420\/\" title target=\"_blank\">Mais sob\u00adre o Area Scan Por\u00adtal \u2013 Ope\u00adra\u00ad\u00e7\u00e3o autom\u00e1tica&nbsp;\u2026<\/a><\/div><\/div><\/div><\/div><\/div><\/div><\/div><\/div><div class=\"wpb_column vc_column_container vc_col-sm-4\"><div class=\"vc_column-inner\"><div class=\"wpb_wrapper\"><div class=\"vc_row wpb_row vc_inner vc_row-fluid vc_custom_1436373637236\"><div class=\"wpb_column vc_column_container vc_col-sm-12\"><div class=\"vc_column-inner\"><div class=\"wpb_wrapper\"><div class=\"vc_empty_space\" style=\"height: 60px\"><span class=\"vc_empty_space_inner\"><\/span><\/div>\n\t<div class=\"wpb_single_image wpb_content_element vc_align_left wpb_content_element\">\n\t\t\n\t\t<figure class=\"wpb_wrapper vc_figure\">\n\t\t\t<a href=\"https:\/\/contourtrace.com\/area-scan-portal-ct-2dm-600x420\/\" target=\"_blank\" class=\"vc_single_image-wrapper vc_box_shadow  vc_box_border_grey\"><img loading=\"lazy\" decoding=\"async\" width=\"1500\" height=\"1000\" src=\"https:\/\/kuhn-solutions.de\/wp-content\/uploads\/2024\/09\/Area-Scan-Portal-MO.jpg\" class=\"vc_single_image-img attachment-full\" alt title=\"Portal de varredura de \u00e1rea - Opera\u00e7\u00e3o manual\" srcset=\"https:\/\/kuhn-solutions.de\/wp-content\/uploads\/2024\/09\/Area-Scan-Portal-MO.jpg 1500w, https:\/\/kuhn-solutions.de\/wp-content\/uploads\/2024\/09\/Area-Scan-Portal-MO-300x200.jpg 300w, https:\/\/kuhn-solutions.de\/wp-content\/uploads\/2024\/09\/Area-Scan-Portal-MO-1024x683.jpg 1024w, https:\/\/kuhn-solutions.de\/wp-content\/uploads\/2024\/09\/Area-Scan-Portal-MO-768x512.jpg 768w, https:\/\/kuhn-solutions.de\/wp-content\/uploads\/2024\/09\/Area-Scan-Portal-MO-18x12.jpg 18w, https:\/\/kuhn-solutions.de\/wp-content\/uploads\/2024\/09\/Area-Scan-Portal-MO-370x247.jpg 370w, https:\/\/kuhn-solutions.de\/wp-content\/uploads\/2024\/09\/Area-Scan-Portal-MO-1200x800.jpg 1200w, https:\/\/kuhn-solutions.de\/wp-content\/uploads\/2024\/09\/Area-Scan-Portal-MO-360x240.jpg 360w\" sizes=\"auto, (max-width: 1500px) 100vw, 1500px\"><\/a>\n\t\t<\/figure>\n\t<\/div>\n<h5 class=\"heading-left  style-1\"><span>Portal de varredura de \u00e1rea \u2013 Opera\u00e7\u00e3o manual<\/span><\/h5>\n\t<div class=\"wpb_text_column wpb_content_element\">\n\t\t<div class=\"wpb_wrapper\">\n\t\t\t<p>Fa\u00e7a a var\u00adre\u00addu\u00adra do obje\u00adto moven\u00addo a c\u00e2me\u00adra manu\u00adal\u00admen\u00adte com o Area Scan Por\u00adtal \u2013 Ope\u00adra\u00ad\u00e7\u00e3o manual<\/p>\n\n\t\t<\/div>\n\t<\/div>\n<div class=\"vc_empty_space\" style=\"height: 20px\"><span class=\"vc_empty_space_inner\"><\/span><\/div>\n\t<div class=\"wpb_text_column wpb_content_element vc_custom_1730291079536\">\n\t\t<div class=\"wpb_wrapper\">\n\t\t\t<p>O Area Scan Por\u00adtal \u2013 Ope\u00adra\u00ad\u00e7\u00e3o manu\u00adal rea\u00adli\u00adza a extra\u00ad\u00e7\u00e3o pre\u00adcisa de con\u00adtor\u00adnos com o movi\u00admen\u00adto manu\u00adal da c\u00e2me\u00adra. Bas\u00adta colo\u00adcar seus obje\u00adtos na \u00e1rea de esca\u00adnea\u00admen\u00adto do por\u00adtal. Se voc\u00ea mover a c\u00e2me\u00adra manu\u00adal\u00admen\u00adte sob\u00adre o obje\u00adto, a \u00e1rea ser\u00e1 digi\u00adta\u00adlizada e a imagem digi\u00adta\u00adlizada ser\u00e1 trans\u00adfer\u00adida para o PC conectado.<\/p>\n\n\t\t<\/div>\n\t<\/div>\n<div class=\"vc_btn3-container vc_btn3-center vc_custom_1730294620848 vc_do_btn\"><a class=\"vc_general vc_btn3 vc_btn3-size-lg vc_btn3-shape-rounded vc_btn3-style-modern vc_btn3-color-black\" href=\"https:\/\/contourtrace.com\/area-scan-portal-ct-2dm-600x420\/\" title target=\"_blank\">Mais infor\u00adma\u00ad\u00e7\u00f5es sob\u00adre o Area Scan Por\u00adtal \u2013 Ope\u00adra\u00ad\u00e7\u00e3o manual&nbsp;\u2026<\/a><\/div><\/div><\/div><\/div><\/div><\/div><\/div><\/div><div class=\"wpb_column vc_column_container vc_col-sm-4\"><div class=\"vc_column-inner\"><div class=\"wpb_wrapper\"><div class=\"vc_row wpb_row vc_inner vc_row-fluid vc_custom_1436373637236\"><div class=\"wpb_column vc_column_container vc_col-sm-12\"><div class=\"vc_column-inner\"><div class=\"wpb_wrapper\"><div class=\"vc_empty_space\" style=\"height: 60px\"><span class=\"vc_empty_space_inner\"><\/span><\/div>\n\t<div class=\"wpb_single_image wpb_content_element vc_align_left wpb_content_element\">\n\t\t\n\t\t<figure class=\"wpb_wrapper vc_figure\">\n\t\t\t<a href=\"https:\/\/contourtrace.com\/position-marker-templates\/\" target=\"_blank\" class=\"vc_single_image-wrapper vc_box_shadow  vc_box_border_grey\"><img loading=\"lazy\" decoding=\"async\" width=\"1200\" height=\"800\" src=\"https:\/\/kuhn-solutions.de\/wp-content\/uploads\/2024\/09\/PMT.jpg\" class=\"vc_single_image-img attachment-full\" alt title=\"Modelo de marcador de posi\u00e7\u00e3o\" srcset=\"https:\/\/kuhn-solutions.de\/wp-content\/uploads\/2024\/09\/PMT.jpg 1200w, https:\/\/kuhn-solutions.de\/wp-content\/uploads\/2024\/09\/PMT-300x200.jpg 300w, https:\/\/kuhn-solutions.de\/wp-content\/uploads\/2024\/09\/PMT-1024x683.jpg 1024w, https:\/\/kuhn-solutions.de\/wp-content\/uploads\/2024\/09\/PMT-768x512.jpg 768w, https:\/\/kuhn-solutions.de\/wp-content\/uploads\/2024\/09\/PMT-18x12.jpg 18w, https:\/\/kuhn-solutions.de\/wp-content\/uploads\/2024\/09\/PMT-370x247.jpg 370w, https:\/\/kuhn-solutions.de\/wp-content\/uploads\/2024\/09\/PMT-360x240.jpg 360w\" sizes=\"auto, (max-width: 1200px) 100vw, 1200px\"><\/a>\n\t\t<\/figure>\n\t<\/div>\n<h5 class=\"heading-left  style-1\"><span>Modelos de marcadores de posi\u00e7\u00e3o para o portal de varredura de&nbsp;\u00e1rea<\/span><\/h5>\n\t<div class=\"wpb_text_column wpb_content_element\">\n\t\t<div class=\"wpb_wrapper\">\n\t\t\t<p>Use os modelos de mar\u00adca\u00addo\u00adres de posi\u00ad\u00e7\u00e3o para obter con\u00adtor\u00adnos em esca\u00adla&nbsp;real<\/p>\n\n\t\t<\/div>\n\t<\/div>\n<div class=\"vc_empty_space\" style=\"height: 20px\"><span class=\"vc_empty_space_inner\"><\/span><\/div>\n\t<div class=\"wpb_text_column wpb_content_element vc_custom_1730291270045\">\n\t\t<div class=\"wpb_wrapper\">\n\t\t\t<p>Amp\u00adlie a fun\u00adcio\u00adnal\u00adida\u00adde do Area Scan Por\u00adtal com modelos pre\u00adcis\u00ados de mar\u00adca\u00addo\u00adres de posi\u00ad\u00e7\u00e3o. Esses modelos foram desen\u00advol\u00advi\u00addos para garan\u00adtir que os con\u00adtor\u00adnos extra\u00ed\u00addos da imagem digi\u00adta\u00adlizada sejam fi\u00e9\u00adis \u00e0 esca\u00adla. Eles garan\u00adtem uma trans\u00adfer\u00ean\u00adcia de luz efi\u00adci\u00aden\u00adte e pro\u00adte\u00adgem seu pai\u00adnel de luz LED con\u00adtra arr\u00adan\u00adh\u00f5es e batidas.<\/p>\n\n\t\t<\/div>\n\t<\/div>\n<div class=\"vc_btn3-container vc_btn3-center vc_custom_1730294639627 vc_do_btn\"><a class=\"vc_general vc_btn3 vc_btn3-size-lg vc_btn3-shape-rounded vc_btn3-style-modern vc_btn3-color-black\" href=\"https:\/\/contourtrace.com\/position-marker-templates\/\" title target=\"_blank\">Mais sob\u00adre os modelos de mar\u00adca\u00addo\u00adres de posi\u00e7\u00e3o&nbsp;\u2026<\/a><\/div><\/div><\/div><\/div><\/div><\/div><\/div><\/div><\/div>\n<\/div>","protected":false},"excerpt":{"rendered":"Hard\u00adware para o soft\u00adware Con\u00adtour\u00adTrace Area Scan Por\u00adtal \u2013 Auto\u00adma\u00adtic Ope\u00adra\u00adti\u00adon Digi\u00adta\u00adli\u00adze seus obje\u00adtos de for\u00adma total\u00admen\u00adte autom\u00e1\u00adti\u00adca com o Area Scan Por\u00adtal \u2013 Auto\u00adma\u00adtic Ope\u00adra\u00adti\u00adon O Area Scan Por\u00adtal \u2013 Auto\u00adma\u00adtic Ope\u00adra\u00adti\u00adon rea\u00adli\u00adza uma extra\u00ad\u00e7\u00e3o pre\u00adcisa de con\u00adtor\u00adnos de for\u00adma total\u00admen\u00adte autom\u00e1\u00adti\u00adca e em ape\u00adn\u00adas alguns minu\u00adtos. Coloque\u2026","protected":false},"author":9,"featured_media":0,"parent":0,"menu_order":0,"comment_status":"open","ping_status":"open","template":"","meta":{"wp_typography_post_enhancements_disabled":false,"footnotes":""},"class_list":["post-2765","page","type-page","status-publish","hentry"],"_links":{"self":[{"href":"https:\/\/kuhn-solutions.de\/pt\/wp-json\/wp\/v2\/pages\/2765","targetHints":{"allow":["GET"]}}],"collection":[{"href":"https:\/\/kuhn-solutions.de\/pt\/wp-json\/wp\/v2\/pages"}],"about":[{"href":"https:\/\/kuhn-solutions.de\/pt\/wp-json\/wp\/v2\/types\/page"}],"author":[{"embeddable":true,"href":"https:\/\/kuhn-solutions.de\/pt\/wp-json\/wp\/v2\/users\/9"}],"replies":[{"embeddable":true,"href":"https:\/\/kuhn-solutions.de\/pt\/wp-json\/wp\/v2\/comments?post=2765"}],"version-history":[{"count":5,"href":"https:\/\/kuhn-solutions.de\/pt\/wp-json\/wp\/v2\/pages\/2765\/revisions"}],"predecessor-version":[{"id":2794,"href":"https:\/\/kuhn-solutions.de\/pt\/wp-json\/wp\/v2\/pages\/2765\/revisions\/2794"}],"wp:attachment":[{"href":"https:\/\/kuhn-solutions.de\/pt\/wp-json\/wp\/v2\/media?parent=2765"}],"curies":[{"name":"wp","href":"https:\/\/api.w.org\/{rel}","templated":true}]}}