{"id":2515,"date":"2022-05-04T09:49:22","date_gmt":"2022-05-04T07:49:22","guid":{"rendered":"https:\/\/kuhn-solutions.de\/?page_id=2515"},"modified":"2024-10-30T14:34:47","modified_gmt":"2024-10-30T13:34:47","slug":"produktkonfiguratoren","status":"publish","type":"page","link":"https:\/\/kuhn-solutions.de\/pt\/produktkonfiguratoren\/","title":{"rendered":"Nos\u00adsos con\u00adfi\u00adgu\u00adra\u00addo\u00adres de produto"},"content":{"rendered":"<div class=\"wpb-content-wrapper\"><div class=\"vc_row wpb_row vc_row-fluid\"><div class=\"wpb_column vc_column_container vc_col-sm-12\"><div class=\"vc_column-inner\"><div class=\"wpb_wrapper\"><h3 class=\"heading-left  style-1\"><span>Crie seus produtos individuais atrav\u00e9s de nosso configurador de produtos<\/span><\/h3><\/div><\/div><\/div><div class=\"wpb_column vc_column_container vc_col-sm-4\"><div class=\"vc_column-inner\"><div class=\"wpb_wrapper\"><div class=\"vc_row wpb_row vc_inner vc_row-fluid vc_custom_1436373637236\"><div class=\"wpb_column vc_column_container vc_col-sm-12\"><div class=\"vc_column-inner\"><div class=\"wpb_wrapper\"><div class=\"vc_empty_space\" style=\"height: 60px\"><span class=\"vc_empty_space_inner\"><\/span><\/div>\n\t<div class=\"wpb_single_image wpb_content_element vc_align_left wpb_content_element\">\n\t\t\n\t\t<figure class=\"wpb_wrapper vc_figure\">\n\t\t\t<a href=\"https:\/\/kuhn-solutions.de\/en\/mytable-configurator\/\" target=\"_blank\" class=\"vc_single_image-wrapper vc_box_shadow  vc_box_border_grey\"><img loading=\"lazy\" decoding=\"async\" width=\"360\" height=\"240\" src=\"https:\/\/kuhn-solutions.de\/wp-content\/uploads\/2022\/05\/My-Table-Sun-Flower.445.png\" class=\"vc_single_image-img attachment-full\" alt title srcset=\"https:\/\/kuhn-solutions.de\/wp-content\/uploads\/2022\/05\/My-Table-Sun-Flower.445.png 360w, https:\/\/kuhn-solutions.de\/wp-content\/uploads\/2022\/05\/My-Table-Sun-Flower.445-300x200.png 300w, https:\/\/kuhn-solutions.de\/wp-content\/uploads\/2022\/05\/My-Table-Sun-Flower.445-18x12.png 18w\" sizes=\"auto, (max-width: 360px) 100vw, 360px\"><\/a>\n\t\t<\/figure>\n\t<\/div>\n<h5 class=\"heading-left  style-1\"><span>Configurador MyTable<\/span><\/h5>\n\t<div class=\"wpb_text_column wpb_content_element\">\n\t\t<div class=\"wpb_wrapper\">\n\t\t\t<p>Crie seu <span data-teams=\"true\"><span class=\"ui-provider a b c d e f g h i j k l m n o p q r s t u v w x y z ab ac ae af ag ah ai aj ak\" dir=\"ltr\">pr\u00f3\u00adprio <\/span><\/span><span data-teams=\"true\"><span class=\"ui-provider a b c d e f g h i j k l m n o p q r s t u v w x y z ab ac ae af ag ah ai aj ak\" dir=\"ltr\">Tabe\u00adla<\/span><\/span><\/p>\n\n\t\t<\/div>\n\t<\/div>\n<div class=\"vc_empty_space\" style=\"height: 20px\"><span class=\"vc_empty_space_inner\"><\/span><\/div>\n\t<div class=\"wpb_text_column wpb_content_element vc_custom_1730295254895\">\n\t\t<div class=\"wpb_wrapper\">\n\t\t\t<p>Com o con\u00adfi\u00adgu\u00adra\u00addor MyTa\u00adble, voc\u00ea pode cri\u00adar facilm\u00aden\u00adte sua pr\u00f3pria tabe\u00adla per\u00adso\u00adna\u00adlizada. Assim que voc\u00ea tiver <span data-teams=\"true\"><span class=\"ui-provider a b c d e f g h i j k l m n o p q r s t u v w x y z ab ac ae af ag ah ai aj ak\" dir=\"ltr\">Tabe\u00adla <\/span><\/span>voc\u00ea pode aces\u00adsar os desen\u00adhos e outros arqui\u00advos neces\u00ads\u00e1\u00adri\u00ados com um \u00fani\u00adco cli\u00adque. Com a aju\u00adda do <span data-teams=\"true\"><span class=\"ui-provider a b c d e f g h i j k l m n o p q r s t u v w x y z ab ac ae af ag ah ai aj ak\" dir=\"ltr\">Lis\u00adta de pe\u00e7as <\/span><\/span>No desen\u00adho, voc\u00ea pode com\u00adprar as pe\u00e7as neces\u00ads\u00e1\u00adri\u00adas para con\u00adstruir a mesa por con\u00adta pr\u00f3pria.<\/p>\n\n\t\t<\/div>\n\t<\/div>\n<div class=\"vc_btn3-container vc_btn3-center vc_custom_1652172615313 vc_do_btn\"><a class=\"vc_general vc_btn3 vc_btn3-size-lg vc_btn3-shape-rounded vc_btn3-style-modern vc_btn3-color-black\" href=\"https:\/\/kuhn-solutions.de\/pt\/mytable-configurator\/\" title=\"Configurador MyTable\" target=\"_blank\">Mais sob\u00adre o MyTa\u00adble Configurator&nbsp;\u2026<\/a><\/div><\/div><\/div><\/div><\/div><\/div><\/div><\/div><div class=\"wpb_column vc_column_container vc_col-sm-4\"><div class=\"vc_column-inner\"><div class=\"wpb_wrapper\"><div class=\"vc_row wpb_row vc_inner vc_row-fluid vc_custom_1436373637236\"><div class=\"wpb_column vc_column_container vc_col-sm-12\"><div class=\"vc_column-inner\"><div class=\"wpb_wrapper\"><div class=\"vc_empty_space\" style=\"height: 60px\"><span class=\"vc_empty_space_inner\"><\/span><\/div>\n\t<div class=\"wpb_single_image wpb_content_element vc_align_left wpb_content_element\">\n\t\t\n\t\t<figure class=\"wpb_wrapper vc_figure\">\n\t\t\t<a href=\"https:\/\/kuhn-solutions.de\/en\/myshelf-configurator\/\" target=\"_blank\" class=\"vc_single_image-wrapper vc_box_shadow  vc_box_border_grey\"><img loading=\"lazy\" decoding=\"async\" width=\"360\" height=\"240\" src=\"https:\/\/kuhn-solutions.de\/wp-content\/uploads\/2022\/05\/MyShelf-Jasmine.451.png\" class=\"vc_single_image-img attachment-full\" alt title srcset=\"https:\/\/kuhn-solutions.de\/wp-content\/uploads\/2022\/05\/MyShelf-Jasmine.451.png 360w, https:\/\/kuhn-solutions.de\/wp-content\/uploads\/2022\/05\/MyShelf-Jasmine.451-300x200.png 300w, https:\/\/kuhn-solutions.de\/wp-content\/uploads\/2022\/05\/MyShelf-Jasmine.451-18x12.png 18w\" sizes=\"auto, (max-width: 360px) 100vw, 360px\"><\/a>\n\t\t<\/figure>\n\t<\/div>\n<h5 class=\"heading-left  style-1\"><span>Configurador MyShelf<\/span><\/h5>\n\t<div class=\"wpb_text_column wpb_content_element\">\n\t\t<div class=\"wpb_wrapper\">\n\t\t\t<p>Crie sua pr\u00f3pria prateleira<\/p>\n\n\t\t<\/div>\n\t<\/div>\n<div class=\"vc_empty_space  vc_custom_1519386271239\" style=\"height: 20px\"><span class=\"vc_empty_space_inner\"><\/span><\/div>\n\t<div class=\"wpb_text_column wpb_content_element vc_custom_1730295265159\">\n\t\t<div class=\"wpb_wrapper\">\n\t\t\t<p>Com o con\u00adfi\u00adgu\u00adra\u00addor MyS\u00adhelf, voc\u00ea pode cri\u00adar facilm\u00aden\u00adte a sua pra\u00adtelei\u00adra per\u00adso\u00adna\u00adlizada. Depois de per\u00adso\u00adna\u00adli\u00adzar a pra\u00adtelei\u00adra, voc\u00ea pode aces\u00adsar os desen\u00adhos e outros arqui\u00advos neces\u00ads\u00e1\u00adri\u00ados com ape\u00adn\u00adas um cli\u00adque. Com a aju\u00adda do <span data-teams=\"true\"><span class=\"ui-provider a b c d e f g h i j k l m n o p q r s t u v w x y z ab ac ae af ag ah ai aj ak\" dir=\"ltr\">Lis\u00adta de pe\u00e7as <\/span><\/span>No desen\u00adho, voc\u00ea pode com\u00adprar as pe\u00e7as neces\u00ads\u00e1\u00adri\u00adas para con\u00adstruir a pra\u00adtelei\u00adra por con\u00adta pr\u00f3pria.<\/p>\n\n\t\t<\/div>\n\t<\/div>\n<div class=\"vc_btn3-container vc_btn3-center vc_custom_1652172624847 vc_do_btn\"><a class=\"vc_general vc_btn3 vc_btn3-size-lg vc_btn3-shape-rounded vc_btn3-style-modern vc_btn3-color-black\" href=\"https:\/\/kuhn-solutions.de\/pt\/myshelf-configurator\/\" title=\"Configurador MyShelf\" target=\"_blank\">Mais sob\u00adre o MyS\u00adhelf Configurator&nbsp;\u2026<\/a><\/div><\/div><\/div><\/div><\/div><\/div><\/div><\/div><div class=\"wpb_column vc_column_container vc_col-sm-4\"><div class=\"vc_column-inner\"><div class=\"wpb_wrapper\"><div class=\"vc_row wpb_row vc_inner vc_row-fluid vc_custom_1436373637236\"><div class=\"wpb_column vc_column_container vc_col-sm-12\"><div class=\"vc_column-inner\"><div class=\"wpb_wrapper\"><div class=\"vc_empty_space\" style=\"height: 60px\"><span class=\"vc_empty_space_inner\"><\/span><\/div>\n\t<div class=\"wpb_single_image wpb_content_element vc_align_left wpb_content_element\">\n\t\t\n\t\t<figure class=\"wpb_wrapper vc_figure\">\n\t\t\t<a href=\"https:\/\/kuhn-solutions.de\/en\/myshoerack-configurator\/\" target=\"_blank\" class=\"vc_single_image-wrapper vc_box_shadow  vc_box_border_grey\"><img loading=\"lazy\" decoding=\"async\" width=\"360\" height=\"240\" src=\"https:\/\/kuhn-solutions.de\/wp-content\/uploads\/2022\/05\/MyShoeRack-Rose.457.png\" class=\"vc_single_image-img attachment-full\" alt title srcset=\"https:\/\/kuhn-solutions.de\/wp-content\/uploads\/2022\/05\/MyShoeRack-Rose.457.png 360w, https:\/\/kuhn-solutions.de\/wp-content\/uploads\/2022\/05\/MyShoeRack-Rose.457-300x200.png 300w, https:\/\/kuhn-solutions.de\/wp-content\/uploads\/2022\/05\/MyShoeRack-Rose.457-18x12.png 18w\" sizes=\"auto, (max-width: 360px) 100vw, 360px\"><\/a>\n\t\t<\/figure>\n\t<\/div>\n<h5 class=\"heading-left  style-1\"><span>Configurador MyShoeRack<\/span><\/h5>\n\t<div class=\"wpb_text_column wpb_content_element\">\n\t\t<div class=\"wpb_wrapper\">\n\t\t\t<p>Crie seu pr\u00f3\u00adprio por\u00adta sapatos<\/p>\n\n\t\t<\/div>\n\t<\/div>\n<div class=\"vc_empty_space\" style=\"height: 20px\"><span class=\"vc_empty_space_inner\"><\/span><\/div>\n\t<div class=\"wpb_text_column wpb_content_element vc_custom_1730295276628\">\n\t\t<div class=\"wpb_wrapper\">\n\t\t\t<p>Com o con\u00adfi\u00adgu\u00adra\u00addor MyS\u00adhoeRack, voc\u00ea pode cri\u00adar facilm\u00aden\u00adte a sua sapa\u00adtei\u00adra per\u00adso\u00adna\u00adlizada. Depois de cri\u00adar a sapa\u00adtei\u00adra per\u00adso\u00adna\u00adlizada, voc\u00ea pode aces\u00adsar os desen\u00adhos e outros arqui\u00advos neces\u00ads\u00e1\u00adri\u00ados com ape\u00adn\u00adas um cli\u00adque. Com a aju\u00adda do <span data-teams=\"true\"><span class=\"ui-provider a b c d e f g h i j k l m n o p q r s t u v w x y z ab ac ae af ag ah ai aj ak\" dir=\"ltr\">Lis\u00adta de pe\u00e7as <\/span><\/span>No desen\u00adho, voc\u00ea pode com\u00adprar as pe\u00e7as neces\u00ads\u00e1\u00adri\u00adas para con\u00adstruir a sapa\u00adtei\u00adra por con\u00adta pr\u00f3pria.<\/p>\n\n\t\t<\/div>\n\t<\/div>\n<div class=\"vc_btn3-container vc_btn3-center vc_custom_1652172038364 vc_do_btn\"><a class=\"vc_general vc_btn3 vc_btn3-size-lg vc_btn3-shape-rounded vc_btn3-style-modern vc_btn3-color-black\" href=\"https:\/\/kuhn-solutions.de\/pt\/myshoerack-configurator\/\" title=\"Configurador MyShoeRack\" target=\"_blank\">Mais sob\u00adre MyS\u00adhoeRack Configurator&nbsp;\u2026<\/a><\/div><\/div><\/div><\/div><\/div><\/div><\/div><\/div><\/div>\n<\/div>","protected":false},"excerpt":{"rendered":"Crie seus pro\u00addu\u00adtos per\u00adso\u00adna\u00adliz\u00adados usan\u00addo nos\u00adso con\u00adfi\u00adgu\u00adra\u00addor de pro\u00addu\u00adtos Con\u00adfi\u00adgu\u00adra\u00addor MyTa\u00adble Crie sua pr\u00f3pria mesa Com o con\u00adfi\u00adgu\u00adra\u00addor MyTa\u00adble, voc\u00ea pode cri\u00adar facilm\u00aden\u00adte sua pr\u00f3pria mesa per\u00adso\u00adna\u00adlizada. Depois de per\u00adso\u00adna\u00adli\u00adzar sua mesa, voc\u00ea pode car\u00adre\u00adgar os desen\u00adhos e outras infor\u00adma\u00ad\u00e7\u00f5es necess\u00e1rias.\u2026","protected":false},"author":9,"featured_media":0,"parent":0,"menu_order":0,"comment_status":"open","ping_status":"open","template":"","meta":{"wp_typography_post_enhancements_disabled":false,"footnotes":""},"class_list":["post-2515","page","type-page","status-publish","hentry"],"_links":{"self":[{"href":"https:\/\/kuhn-solutions.de\/pt\/wp-json\/wp\/v2\/pages\/2515","targetHints":{"allow":["GET"]}}],"collection":[{"href":"https:\/\/kuhn-solutions.de\/pt\/wp-json\/wp\/v2\/pages"}],"about":[{"href":"https:\/\/kuhn-solutions.de\/pt\/wp-json\/wp\/v2\/types\/page"}],"author":[{"embeddable":true,"href":"https:\/\/kuhn-solutions.de\/pt\/wp-json\/wp\/v2\/users\/9"}],"replies":[{"embeddable":true,"href":"https:\/\/kuhn-solutions.de\/pt\/wp-json\/wp\/v2\/comments?post=2515"}],"version-history":[{"count":40,"href":"https:\/\/kuhn-solutions.de\/pt\/wp-json\/wp\/v2\/pages\/2515\/revisions"}],"predecessor-version":[{"id":2798,"href":"https:\/\/kuhn-solutions.de\/pt\/wp-json\/wp\/v2\/pages\/2515\/revisions\/2798"}],"wp:attachment":[{"href":"https:\/\/kuhn-solutions.de\/pt\/wp-json\/wp\/v2\/media?parent=2515"}],"curies":[{"name":"wp","href":"https:\/\/api.w.org\/{rel}","templated":true}]}}