{"id":2187,"date":"2022-03-24T15:25:17","date_gmt":"2022-03-24T14:25:17","guid":{"rendered":"https:\/\/kuhneng.de\/?page_id=2187"},"modified":"2024-11-23T22:57:28","modified_gmt":"2024-11-23T21:57:28","slug":"unternehmen","status":"publish","type":"page","link":"https:\/\/kuhn-solutions.de\/pt\/unternehmen\/","title":{"rendered":"EMPRESA"},"content":{"rendered":"<div class=\"wpb-content-wrapper\"><div class=\"vc_row wpb_row vc_row-fluid\"><div class=\"wpb_column vc_column_container vc_col-sm-12\"><div class=\"vc_column-inner\"><div class=\"wpb_wrapper\"><div class=\"vc_empty_space\" style=\"height: 30px\"><span class=\"vc_empty_space_inner\"><\/span><\/div><\/div><\/div><\/div><\/div><div class=\"vc_row wpb_row vc_row-fluid\"><div class=\"wpb_column vc_column_container vc_col-sm-7\"><div class=\"vc_column-inner\"><div class=\"wpb_wrapper\"><h4 class=\"heading-content  style-1\"><span>NOSSA HIST\u00d3RIA<\/span><\/h4>\n\t<div class=\"wpb_text_column wpb_content_element\">\n\t\t<div class=\"wpb_wrapper\">\n\t\t\t<p><span style=\"font-size: 12pt;\">Ap\u00f3s 14 anos de expe\u00adri\u00ean\u00adcia e trei\u00adna\u00admen\u00adto con\u00adt\u00ed\u00adnuo na \u00e1rea de design e desen\u00advol\u00advi\u00admen\u00adto, bem como desen\u00advol\u00advi\u00admen\u00adto de soft\u00adware, Dani\u00adel Kuhn fun\u00addou a empre\u00adsa KUHN SOLUTIONS em Con\u00ads\u00adtance, no Lago Con\u00adstan\u00ad\u00e7a, em 2017. Ape\u00adsar da cur\u00adta exis\u00adt\u00ean\u00adcia da empre\u00adsa, a expe\u00adri\u00ean\u00adcia do fund\u00adador e a con\u00adsci\u00ean\u00adcia de alta qual\u00adi\u00adda\u00adde con\u00adven\u00adceram mui\u00adtos cli\u00adentes de reno\u00adme no sul da Alem\u00adan\u00adha e na par\u00adte de l\u00edn\u00adgua ale\u00adm\u00e3 da Su\u00ed\u00ad\u00e7a. Hoje, a empre\u00adsa j\u00e1 se encon\u00adtra em uma base est\u00e1\u00advel sem finan\u00adcia\u00admen\u00adto exter\u00adno e est\u00e1 des\u00adf\u00adrut\u00adan\u00addo de um cre\u00adsci\u00admen\u00adto constante.<\/span><\/p>\n\n\t\t<\/div>\n\t<\/div>\n<\/div><\/div><\/div><div class=\"wpb_column vc_column_container vc_col-sm-1\"><div class=\"vc_column-inner\"><div class=\"wpb_wrapper\"><\/div><\/div><\/div><div class=\"wpb_animate_when_almost_visible wpb_fadeIn fadeIn wpb_column vc_column_container vc_col-sm-4\"><div class=\"vc_column-inner\"><div class=\"wpb_wrapper\">\n\t<div class=\"wpb_single_image wpb_content_element vc_align_center wpb_content_element\">\n\t\t\n\t\t<figure class=\"wpb_wrapper vc_figure\">\n\t\t\t<div class=\"vc_single_image-wrapper   vc_box_border_grey\"><img loading=\"lazy\" decoding=\"async\" width=\"300\" height=\"200\" src=\"https:\/\/kuhn-solutions.de\/wp-content\/uploads\/2018\/08\/Konstanz-300x200.jpg\" class=\"vc_single_image-img attachment-medium\" alt title=\"Constance\" srcset=\"https:\/\/kuhn-solutions.de\/wp-content\/uploads\/2018\/08\/Konstanz-300x200.jpg 300w, https:\/\/kuhn-solutions.de\/wp-content\/uploads\/2018\/08\/Konstanz-768x511.jpg 768w, https:\/\/kuhn-solutions.de\/wp-content\/uploads\/2018\/08\/Konstanz-1024x681.jpg 1024w, https:\/\/kuhn-solutions.de\/wp-content\/uploads\/2018\/08\/Konstanz-370x246.jpg 370w, https:\/\/kuhn-solutions.de\/wp-content\/uploads\/2018\/08\/Konstanz-1200x798.jpg 1200w, https:\/\/kuhn-solutions.de\/wp-content\/uploads\/2018\/08\/Konstanz-360x239.jpg 360w, https:\/\/kuhn-solutions.de\/wp-content\/uploads\/2018\/08\/Konstanz-600x399.jpg 600w, https:\/\/kuhn-solutions.de\/wp-content\/uploads\/2018\/08\/Konstanz.jpg 1920w\" sizes=\"auto, (max-width: 300px) 100vw, 300px\"><\/div>\n\t\t<\/figure>\n\t<\/div>\n<div class=\"vc_empty_space\" style=\"height: 20px\"><span class=\"vc_empty_space_inner\"><\/span><\/div><\/div><\/div><\/div><\/div><div class=\"vc_row wpb_row vc_row-fluid\"><div class=\"wpb_column vc_column_container vc_col-sm-7\"><div class=\"vc_column-inner vc_custom_1648204698560\"><div class=\"wpb_wrapper\"><h4 class=\"heading-content  style-1\"><span>NOSSA VIS\u00c3O<\/span><\/h4>\n\t<div class=\"wpb_text_column wpb_content_element\">\n\t\t<div class=\"wpb_wrapper\">\n\t\t\t<p><span style=\"font-size: 12pt;\">Como for\u00adne\u00adce\u00addor de ser\u00advi\u00ad\u00e7os tec\u00adnol\u00f3\u00adgi\u00adcos, a vis\u00e3o da empre\u00adsa \u00e9 for\u00adtale\u00adcer as PMEs com know-how de engen\u00adha\u00adria, avan\u00ad\u00e7ar na digi\u00adta\u00adli\u00adza\u00ad\u00e7\u00e3o e for\u00adne\u00adcer ativ\u00ada\u00admen\u00adte seus pr\u00f3\u00adpri\u00ados recur\u00adsos de apo\u00adio, tan\u00adto tem\u00adpo\u00adra\u00adria\u00admen\u00adte quan\u00adto a lon\u00adgo&nbsp;prazo.<\/span><\/p>\n\n\t\t<\/div>\n\t<\/div>\n<\/div><\/div><\/div><div class=\"wpb_column vc_column_container vc_col-sm-1\"><div class=\"vc_column-inner\"><div class=\"wpb_wrapper\"><\/div><\/div><\/div><div class=\"wpb_animate_when_almost_visible wpb_fadeIn fadeIn wpb_column vc_column_container vc_col-sm-4\"><div class=\"vc_column-inner\"><div class=\"wpb_wrapper\">\n\t<div class=\"wpb_single_image wpb_content_element vc_align_center wpb_content_element\">\n\t\t\n\t\t<figure class=\"wpb_wrapper vc_figure\">\n\t\t\t<div class=\"vc_single_image-wrapper   vc_box_border_grey\"><img loading=\"lazy\" decoding=\"async\" width=\"300\" height=\"200\" src=\"https:\/\/kuhn-solutions.de\/wp-content\/uploads\/2022\/03\/pexels-victor-freitas-685526-300x200.jpg\" class=\"vc_single_image-img attachment-medium\" alt title=\"pexels-victor-freitas-685526\" srcset=\"https:\/\/kuhn-solutions.de\/wp-content\/uploads\/2022\/03\/pexels-victor-freitas-685526-300x200.jpg 300w, https:\/\/kuhn-solutions.de\/wp-content\/uploads\/2022\/03\/pexels-victor-freitas-685526-1024x682.jpg 1024w, https:\/\/kuhn-solutions.de\/wp-content\/uploads\/2022\/03\/pexels-victor-freitas-685526-768x511.jpg 768w, https:\/\/kuhn-solutions.de\/wp-content\/uploads\/2022\/03\/pexels-victor-freitas-685526-1536x1022.jpg 1536w, https:\/\/kuhn-solutions.de\/wp-content\/uploads\/2022\/03\/pexels-victor-freitas-685526-18x12.jpg 18w, https:\/\/kuhn-solutions.de\/wp-content\/uploads\/2022\/03\/pexels-victor-freitas-685526-370x246.jpg 370w, https:\/\/kuhn-solutions.de\/wp-content\/uploads\/2022\/03\/pexels-victor-freitas-685526-1200x799.jpg 1200w, https:\/\/kuhn-solutions.de\/wp-content\/uploads\/2022\/03\/pexels-victor-freitas-685526-360x240.jpg 360w, https:\/\/kuhn-solutions.de\/wp-content\/uploads\/2022\/03\/pexels-victor-freitas-685526.jpg 1920w\" sizes=\"auto, (max-width: 300px) 100vw, 300px\"><\/div>\n\t\t<\/figure>\n\t<\/div>\n<div class=\"vc_empty_space\" style=\"height: 20px\"><span class=\"vc_empty_space_inner\"><\/span><\/div><\/div><\/div><\/div><\/div><div class=\"vc_row wpb_row vc_row-fluid\"><div class=\"wpb_column vc_column_container vc_col-sm-7\"><div class=\"vc_column-inner\"><div class=\"wpb_wrapper\"><h4 class=\"heading-content  style-1\"><span>NOSSA MISS\u00c3O<\/span><\/h4>\n\t<div class=\"wpb_text_column wpb_content_element\">\n\t\t<div class=\"wpb_wrapper\">\n\t\t\t<p><span style=\"font-size: 12pt;\">A com\u00adpe\u00adt\u00ean\u00adcia cen\u00adtral essen\u00adcial da empre\u00adsa se refle\u00adte nas tr\u00eas \u00e1re\u00adas de neg\u00f3ci\u00ados de engen\u00adha\u00adria, soft\u00adware e visua\u00adli\u00adza\u00ad\u00e7\u00e3o. A KUHN SOLUTIONS ap\u00f3ia seus cli\u00adentes na imple\u00admen\u00adta\u00ad\u00e7\u00e3o de seus pro\u00adje\u00adtos de for\u00adma pro\u00adfi\u00ads\u00adsio\u00adnal e eficiente.<\/span><\/p>\n\n\t\t<\/div>\n\t<\/div>\n<\/div><\/div><\/div><div class=\"wpb_column vc_column_container vc_col-sm-1\"><div class=\"vc_column-inner\"><div class=\"wpb_wrapper\"><\/div><\/div><\/div><div class=\"wpb_animate_when_almost_visible wpb_fadeIn fadeIn wpb_column vc_column_container vc_col-sm-4\"><div class=\"vc_column-inner\"><div class=\"wpb_wrapper\">\n\t<div class=\"wpb_single_image wpb_content_element vc_align_center wpb_content_element\">\n\t\t\n\t\t<figure class=\"wpb_wrapper vc_figure\">\n\t\t\t<div class=\"vc_single_image-wrapper   vc_box_border_grey\"><img loading=\"lazy\" decoding=\"async\" width=\"300\" height=\"200\" src=\"https:\/\/kuhn-solutions.de\/wp-content\/uploads\/2022\/03\/pexels-fauxels-3184418-300x200.jpg\" class=\"vc_single_image-img attachment-medium\" alt title=\"pexels-fauxels-3184418\" srcset=\"https:\/\/kuhn-solutions.de\/wp-content\/uploads\/2022\/03\/pexels-fauxels-3184418-300x200.jpg 300w, https:\/\/kuhn-solutions.de\/wp-content\/uploads\/2022\/03\/pexels-fauxels-3184418-1024x681.jpg 1024w, https:\/\/kuhn-solutions.de\/wp-content\/uploads\/2022\/03\/pexels-fauxels-3184418-768x511.jpg 768w, https:\/\/kuhn-solutions.de\/wp-content\/uploads\/2022\/03\/pexels-fauxels-3184418-1536x1022.jpg 1536w, https:\/\/kuhn-solutions.de\/wp-content\/uploads\/2022\/03\/pexels-fauxels-3184418-18x12.jpg 18w, https:\/\/kuhn-solutions.de\/wp-content\/uploads\/2022\/03\/pexels-fauxels-3184418-370x246.jpg 370w, https:\/\/kuhn-solutions.de\/wp-content\/uploads\/2022\/03\/pexels-fauxels-3184418-1200x798.jpg 1200w, https:\/\/kuhn-solutions.de\/wp-content\/uploads\/2022\/03\/pexels-fauxels-3184418-360x239.jpg 360w, https:\/\/kuhn-solutions.de\/wp-content\/uploads\/2022\/03\/pexels-fauxels-3184418.jpg 1920w\" sizes=\"auto, (max-width: 300px) 100vw, 300px\"><\/div>\n\t\t<\/figure>\n\t<\/div>\n<div class=\"vc_empty_space\" style=\"height: 60px\"><span class=\"vc_empty_space_inner\"><\/span><\/div><div class=\"vc_empty_space\" style=\"height: 20px\"><span class=\"vc_empty_space_inner\"><\/span><\/div><\/div><\/div><\/div><\/div><div data-vc-full-width=\"true\" data-vc-full-width-temp=\"true\" data-vc-full-width-init=\"false\" class=\"vc_row wpb_row vc_row-fluid vc_custom_1648136097542 vc_row-has-fill\"><div class=\"wpb_column vc_column_container vc_col-sm-4\"><div class=\"vc_column-inner\"><div class=\"wpb_wrapper\"><div class=\"vc_empty_space\" style=\"height: 20px\"><span class=\"vc_empty_space_inner\"><\/span><\/div>\n\t<div class=\"wpb_single_image wpb_content_element vc_align_left wpb_content_element\">\n\t\t\n\t\t<figure class=\"wpb_wrapper vc_figure\">\n\t\t\t<a href=\"https:\/\/kuhn-solutions.de\/pt\/kuhn-software\/\" target=\"_self\" class=\"vc_single_image-wrapper   vc_box_border_grey\"><img loading=\"lazy\" decoding=\"async\" width=\"5573\" height=\"1182\" src=\"https:\/\/kuhn-solutions.de\/wp-content\/uploads\/2022\/03\/KuhnSoftware_Logo_withoutSubmark.png\" class=\"vc_single_image-img attachment-full\" alt title=\"KuhnSoftware_Logo_semSubmark\" srcset=\"https:\/\/kuhn-solutions.de\/wp-content\/uploads\/2022\/03\/KuhnSoftware_Logo_withoutSubmark.png 5573w, https:\/\/kuhn-solutions.de\/wp-content\/uploads\/2022\/03\/KuhnSoftware_Logo_withoutSubmark-300x64.png 300w, https:\/\/kuhn-solutions.de\/wp-content\/uploads\/2022\/03\/KuhnSoftware_Logo_withoutSubmark-1024x217.png 1024w, https:\/\/kuhn-solutions.de\/wp-content\/uploads\/2022\/03\/KuhnSoftware_Logo_withoutSubmark-768x163.png 768w, https:\/\/kuhn-solutions.de\/wp-content\/uploads\/2022\/03\/KuhnSoftware_Logo_withoutSubmark-1536x326.png 1536w, https:\/\/kuhn-solutions.de\/wp-content\/uploads\/2022\/03\/KuhnSoftware_Logo_withoutSubmark-2048x434.png 2048w, https:\/\/kuhn-solutions.de\/wp-content\/uploads\/2022\/03\/KuhnSoftware_Logo_withoutSubmark-18x4.png 18w, https:\/\/kuhn-solutions.de\/wp-content\/uploads\/2022\/03\/KuhnSoftware_Logo_withoutSubmark-370x78.png 370w, https:\/\/kuhn-solutions.de\/wp-content\/uploads\/2022\/03\/KuhnSoftware_Logo_withoutSubmark-1200x255.png 1200w, https:\/\/kuhn-solutions.de\/wp-content\/uploads\/2022\/03\/KuhnSoftware_Logo_withoutSubmark-360x76.png 360w\" sizes=\"auto, (max-width: 5573px) 100vw, 5573px\"><\/a>\n\t\t<\/figure>\n\t<\/div>\n<\/div><\/div><\/div><div class=\"wpb_column vc_column_container vc_col-sm-4\"><div class=\"vc_column-inner\"><div class=\"wpb_wrapper\"><div class=\"vc_empty_space\" style=\"height: 20px\"><span class=\"vc_empty_space_inner\"><\/span><\/div>\n\t<div class=\"wpb_single_image wpb_content_element vc_align_left wpb_content_element\">\n\t\t\n\t\t<figure class=\"wpb_wrapper vc_figure\">\n\t\t\t<a href=\"https:\/\/kuhn-solutions.de\/pt\/kuhn-engineering\/\" target=\"_self\" class=\"vc_single_image-wrapper   vc_box_border_grey\"><img loading=\"lazy\" decoding=\"async\" width=\"5573\" height=\"1182\" src=\"https:\/\/kuhn-solutions.de\/wp-content\/uploads\/2022\/03\/KuhnEngineering_Logo_withoutSubmark.png\" class=\"vc_single_image-img attachment-full\" alt title=\"KuhnEngineering_Logo_withoutSubmark\" srcset=\"https:\/\/kuhn-solutions.de\/wp-content\/uploads\/2022\/03\/KuhnEngineering_Logo_withoutSubmark.png 5573w, https:\/\/kuhn-solutions.de\/wp-content\/uploads\/2022\/03\/KuhnEngineering_Logo_withoutSubmark-300x64.png 300w, https:\/\/kuhn-solutions.de\/wp-content\/uploads\/2022\/03\/KuhnEngineering_Logo_withoutSubmark-1024x217.png 1024w, https:\/\/kuhn-solutions.de\/wp-content\/uploads\/2022\/03\/KuhnEngineering_Logo_withoutSubmark-768x163.png 768w, https:\/\/kuhn-solutions.de\/wp-content\/uploads\/2022\/03\/KuhnEngineering_Logo_withoutSubmark-1536x326.png 1536w, https:\/\/kuhn-solutions.de\/wp-content\/uploads\/2022\/03\/KuhnEngineering_Logo_withoutSubmark-2048x434.png 2048w, https:\/\/kuhn-solutions.de\/wp-content\/uploads\/2022\/03\/KuhnEngineering_Logo_withoutSubmark-18x4.png 18w, https:\/\/kuhn-solutions.de\/wp-content\/uploads\/2022\/03\/KuhnEngineering_Logo_withoutSubmark-370x78.png 370w, https:\/\/kuhn-solutions.de\/wp-content\/uploads\/2022\/03\/KuhnEngineering_Logo_withoutSubmark-1200x255.png 1200w, https:\/\/kuhn-solutions.de\/wp-content\/uploads\/2022\/03\/KuhnEngineering_Logo_withoutSubmark-360x76.png 360w\" sizes=\"auto, (max-width: 5573px) 100vw, 5573px\"><\/a>\n\t\t<\/figure>\n\t<\/div>\n<\/div><\/div><\/div><div class=\"wpb_column vc_column_container vc_col-sm-4\"><div class=\"vc_column-inner\"><div class=\"wpb_wrapper\"><div class=\"vc_empty_space\" style=\"height: 20px\"><span class=\"vc_empty_space_inner\"><\/span><\/div>\n\t<div class=\"wpb_single_image wpb_content_element vc_align_left wpb_content_element\">\n\t\t\n\t\t<figure class=\"wpb_wrapper vc_figure\">\n\t\t\t<a href=\"https:\/\/kuhn-solutions.de\/pt\/kuhn-animation\/\" target=\"_self\" class=\"vc_single_image-wrapper   vc_box_border_grey\"><img loading=\"lazy\" decoding=\"async\" width=\"5573\" height=\"1182\" src=\"https:\/\/kuhn-solutions.de\/wp-content\/uploads\/2022\/03\/KuhnAnimation_Logo_withoutSubmark.png\" class=\"vc_single_image-img attachment-full\" alt title=\"KuhnAnimation_Logo_withoutSubmark\" srcset=\"https:\/\/kuhn-solutions.de\/wp-content\/uploads\/2022\/03\/KuhnAnimation_Logo_withoutSubmark.png 5573w, https:\/\/kuhn-solutions.de\/wp-content\/uploads\/2022\/03\/KuhnAnimation_Logo_withoutSubmark-300x64.png 300w, https:\/\/kuhn-solutions.de\/wp-content\/uploads\/2022\/03\/KuhnAnimation_Logo_withoutSubmark-1024x217.png 1024w, https:\/\/kuhn-solutions.de\/wp-content\/uploads\/2022\/03\/KuhnAnimation_Logo_withoutSubmark-768x163.png 768w, https:\/\/kuhn-solutions.de\/wp-content\/uploads\/2022\/03\/KuhnAnimation_Logo_withoutSubmark-1536x326.png 1536w, https:\/\/kuhn-solutions.de\/wp-content\/uploads\/2022\/03\/KuhnAnimation_Logo_withoutSubmark-2048x434.png 2048w, https:\/\/kuhn-solutions.de\/wp-content\/uploads\/2022\/03\/KuhnAnimation_Logo_withoutSubmark-18x4.png 18w, https:\/\/kuhn-solutions.de\/wp-content\/uploads\/2022\/03\/KuhnAnimation_Logo_withoutSubmark-370x78.png 370w, https:\/\/kuhn-solutions.de\/wp-content\/uploads\/2022\/03\/KuhnAnimation_Logo_withoutSubmark-1200x255.png 1200w, https:\/\/kuhn-solutions.de\/wp-content\/uploads\/2022\/03\/KuhnAnimation_Logo_withoutSubmark-360x76.png 360w\" sizes=\"auto, (max-width: 5573px) 100vw, 5573px\"><\/a>\n\t\t<\/figure>\n\t<\/div>\n<\/div><\/div><\/div><\/div><div class=\"vc_row-full-width vc_clearfix\"><\/div><div class=\"vc_row wpb_row vc_row-fluid\"><div class=\"wpb_column vc_column_container vc_col-sm-12\"><div class=\"vc_column-inner\"><div class=\"wpb_wrapper\"><div class=\"vc_empty_space\" style=\"height: 12px\"><span class=\"vc_empty_space_inner\"><\/span><\/div><div class=\"vc_empty_space\" style=\"height: 60px\"><span class=\"vc_empty_space_inner\"><\/span><\/div><h5 class=\"heading-content  style-1\"><span>NOSSA EQUIPE<\/span><\/h5>\n\t<div class=\"wpb_text_column wpb_content_element\">\n\t\t<div class=\"wpb_wrapper\">\n\t\t\t<p>Estamos semp\u00adre l\u00e1 para&nbsp;voc\u00ea!<\/p>\n\n\t\t<\/div>\n\t<\/div>\n<div class=\"vc_empty_space\" style=\"height: 20px\"><span class=\"vc_empty_space_inner\"><\/span><\/div><div class=\"row\"><div class=\"col-lg-2 col-sm-4\"><div class=\"team team-hover\"><header><img loading=\"lazy\" decoding=\"async\" width=\"240\" height=\"360\" src=\"https:\/\/kuhn-solutions.de\/wp-content\/uploads\/2020\/10\/DSC02461-2-240x360.jpg\" class=\"attachment-team-3 size-team-3 wp-post-image\" alt srcset=\"https:\/\/kuhn-solutions.de\/wp-content\/uploads\/2020\/10\/DSC02461-2-240x360.jpg 240w, https:\/\/kuhn-solutions.de\/wp-content\/uploads\/2020\/10\/DSC02461-2-200x300.jpg 200w, https:\/\/kuhn-solutions.de\/wp-content\/uploads\/2020\/10\/DSC02461-2-683x1024.jpg 683w, https:\/\/kuhn-solutions.de\/wp-content\/uploads\/2020\/10\/DSC02461-2-768x1152.jpg 768w, https:\/\/kuhn-solutions.de\/wp-content\/uploads\/2020\/10\/DSC02461-2-8x12.jpg 8w, https:\/\/kuhn-solutions.de\/wp-content\/uploads\/2020\/10\/DSC02461-2-360x540.jpg 360w, https:\/\/kuhn-solutions.de\/wp-content\/uploads\/2020\/10\/DSC02461-2.jpg 800w\" sizes=\"auto, (max-width: 240px) 100vw, 240px\"><div class=\"hover\"><a href=\"mailto:Daniel.Kuhn@kuhn-solutions.de\">Daniel.Kuhn@kuhn-solutions.de<\/a><\/div><\/header><h2>Daniel Kuhn \u2013&nbsp;CEO<\/h2><em>Con\u00adstru\u00ad\u00e7\u00e3o e Desen\u00advol\u00advi\u00admen\u00adto<br>Desen\u00advol\u00advi\u00admen\u00adto de soft\u00adware<br><br>Engen\u00adhei\u00adro Mec\u00e2\u00adni\u00adco<br>(B. Eng.)<br>Engen\u00adhei\u00adro El\u00e9\u00adtri\u00adco (M.&nbsp;Eng.)<\/em><\/div><\/div><div class=\"col-lg-2 col-sm-4\"><div class=\"team team-hover team-hover\"><header><img loading=\"lazy\" decoding=\"async\" width=\"240\" height=\"360\" src=\"https:\/\/kuhn-solutions.de\/wp-content\/uploads\/2021\/06\/Shenal-240x360.png\" class=\"attachment-team-3 size-team-3 wp-post-image\" alt srcset=\"https:\/\/kuhn-solutions.de\/wp-content\/uploads\/2021\/06\/Shenal-240x360.png 240w, https:\/\/kuhn-solutions.de\/wp-content\/uploads\/2021\/06\/Shenal-200x300.png 200w, https:\/\/kuhn-solutions.de\/wp-content\/uploads\/2021\/06\/Shenal-683x1024.png 683w, https:\/\/kuhn-solutions.de\/wp-content\/uploads\/2021\/06\/Shenal-768x1152.png 768w, https:\/\/kuhn-solutions.de\/wp-content\/uploads\/2021\/06\/Shenal-360x540.png 360w, https:\/\/kuhn-solutions.de\/wp-content\/uploads\/2021\/06\/Shenal.png 800w\" sizes=\"auto, (max-width: 240px) 100vw, 240px\"><div class=\"hover\"><p class=\"th-team-member-name\"><a href=\"mailto:Shenal.Meghawarna@kuhn-solutions.de\">Shenal.Meghawarna@kuhn-solutions.de<\/a><\/p><\/div><\/header><h2>Shenal Meghawarna<\/h2><em>Desen\u00advol\u00advi\u00admen\u00adto de soft\u00adware <br> C#, Java, Reagir JS, <br> Reagir Nativo<br><br> Engen\u00adhei\u00adro de Soft\u00adware (B.&nbsp;Sc.)<\/em><\/div><\/div><div class=\"col-lg-2 col-sm-4\"><div class=\"team team-hover team-hover team-hover\"><header><img loading=\"lazy\" decoding=\"async\" width=\"240\" height=\"360\" src=\"https:\/\/kuhn-solutions.de\/wp-content\/uploads\/2022\/03\/Keerthan_new-240x360.png\" class=\"attachment-team-3 size-team-3 wp-post-image\" alt srcset=\"https:\/\/kuhn-solutions.de\/wp-content\/uploads\/2022\/03\/Keerthan_new-240x360.png 240w, https:\/\/kuhn-solutions.de\/wp-content\/uploads\/2022\/03\/Keerthan_new-200x300.png 200w, https:\/\/kuhn-solutions.de\/wp-content\/uploads\/2022\/03\/Keerthan_new-683x1024.png 683w, https:\/\/kuhn-solutions.de\/wp-content\/uploads\/2022\/03\/Keerthan_new-768x1152.png 768w, https:\/\/kuhn-solutions.de\/wp-content\/uploads\/2022\/03\/Keerthan_new-360x540.png 360w, https:\/\/kuhn-solutions.de\/wp-content\/uploads\/2022\/03\/Keerthan_new.png 800w\" sizes=\"auto, (max-width: 240px) 100vw, 240px\"><div class=\"hover\"><a href=\"mailto:Keerthanan.Rajalingam@kuhn-solutions.de\">Keerthanan.Rajalingam@kuhn-solutions.de<\/a><\/div><\/header><h2>Keerthanan Rajalingam<\/h2><em>Design <span class=\"amp\">&amp;<\/span> Visua\u00adli\u00adza\u00ad\u00e7\u00e3o, Solid\u00adWorks CAD <span class=\"amp\">&amp;<\/span> KeyShot <br><br>  Engen\u00adhei\u00adro Mec\u00e2\u00adni\u00adco (B.Sc.)<\/em><\/div><\/div><div class=\"col-lg-2 col-sm-4\"><div class=\"team team-hover team-hover team-hover team-hover\"><header><img loading=\"lazy\" decoding=\"async\" width=\"240\" height=\"360\" src=\"https:\/\/kuhn-solutions.de\/wp-content\/uploads\/2020\/10\/Katja-Hossain_sw-2x3-1-240x360.png\" class=\"attachment-team-3 size-team-3 wp-post-image\" alt srcset=\"https:\/\/kuhn-solutions.de\/wp-content\/uploads\/2020\/10\/Katja-Hossain_sw-2x3-1-240x360.png 240w, https:\/\/kuhn-solutions.de\/wp-content\/uploads\/2020\/10\/Katja-Hossain_sw-2x3-1-200x300.png 200w, https:\/\/kuhn-solutions.de\/wp-content\/uploads\/2020\/10\/Katja-Hossain_sw-2x3-1-683x1024.png 683w, https:\/\/kuhn-solutions.de\/wp-content\/uploads\/2020\/10\/Katja-Hossain_sw-2x3-1-768x1152.png 768w, https:\/\/kuhn-solutions.de\/wp-content\/uploads\/2020\/10\/Katja-Hossain_sw-2x3-1-8x12.png 8w, https:\/\/kuhn-solutions.de\/wp-content\/uploads\/2020\/10\/Katja-Hossain_sw-2x3-1-360x540.png 360w, https:\/\/kuhn-solutions.de\/wp-content\/uploads\/2020\/10\/Katja-Hossain_sw-2x3-1.png 800w\" sizes=\"auto, (max-width: 240px) 100vw, 240px\"><div class=\"hover\"><a href=\"mailto:katja.hossain@kuhn-solutions.de\">katja.hossain@kuhn-solutions.de<\/a>\n\n&nbsp;<\/div><\/header><h2>Katja Hossain<\/h2><em>Ven\u00addas e <br> Marketing&nbsp;<\/em><\/div><\/div><\/div><div class=\"vc_empty_space\" style=\"height: 60px\"><span class=\"vc_empty_space_inner\"><\/span><\/div><\/div><\/div><\/div><\/div><div data-vc-full-width=\"true\" data-vc-full-width-temp=\"true\" data-vc-full-width-init=\"false\" class=\"vc_row wpb_row vc_row-fluid vc_custom_1648137321442 vc_row-has-fill\"><div class=\"wpb_column vc_column_container vc_col-sm-12\"><div class=\"vc_column-inner\"><div class=\"wpb_wrapper\"><div class=\"vc_empty_space\" style=\"height: 20px\"><span class=\"vc_empty_space_inner\"><\/span><\/div><h5 class=\"heading-content  style-1\"><span>CLIENTES QUE CONFIAM EM&nbsp;N\u00d3S.<\/span><\/h5><\/div><\/div><\/div><\/div><div class=\"vc_row-full-width vc_clearfix\"><\/div><div data-vc-full-width=\"true\" data-vc-full-width-temp=\"true\" data-vc-full-width-init=\"false\" data-vc-stretch-content=\"true\" class=\"vc_row wpb_row vc_row-fluid vc_custom_1648137134853 vc_row-has-fill\"><div class=\"wpb_column vc_column_container vc_col-sm-12\"><div class=\"vc_column-inner\"><div class=\"wpb_wrapper\"><div class=\"logos logos--style-1\"><div class=\"logos__item\"><div class=\"logos__wrap\"><img class=\"logos__image\" src=\"https:\/\/kuhn-solutions.de\/wp-content\/uploads\/2018\/08\/TopTeam-Engineering-GmbH.png\" alt><\/div><\/div><div class=\"logos__item\"><div class=\"logos__wrap\"><img class=\"logos__image\" src=\"https:\/\/kuhn-solutions.de\/wp-content\/uploads\/2018\/05\/Schlosser-Blum_Slider-mit-Slogan_rechts.png\" alt><\/div><\/div><div class=\"logos__item\"><div class=\"logos__wrap\"><img class=\"logos__image\" src=\"https:\/\/kuhn-solutions.de\/wp-content\/uploads\/2018\/08\/Logo-Vibraplast-AG-138x72.png\" alt><\/div><\/div><div class=\"logos__item\"><div class=\"logos__wrap\"><img class=\"logos__image\" src=\"https:\/\/kuhn-solutions.de\/wp-content\/uploads\/2018\/08\/wagner-logo.png\" alt><\/div><\/div><\/div><\/div><\/div><\/div><\/div><div class=\"vc_row-full-width vc_clearfix\"><\/div><div data-vc-full-width=\"true\" data-vc-full-width-temp=\"true\" data-vc-full-width-init=\"false\" data-vc-stretch-content=\"true\" class=\"vc_row wpb_row vc_row-fluid vc_custom_1648137134853 vc_row-has-fill\"><div class=\"wpb_column vc_column_container vc_col-sm-12\"><div class=\"vc_column-inner\"><div class=\"wpb_wrapper\"><div class=\"logos logos--style-1\"><div class=\"logos__item\"><div class=\"logos__wrap\"><img class=\"logos__image\" src=\"https:\/\/kuhn-solutions.de\/wp-content\/uploads\/2018\/02\/treichel_logo_color-e1524592429256.png\" alt><\/div><\/div><div class=\"logos__item\"><div class=\"logos__wrap\"><img class=\"logos__image\" src=\"https:\/\/kuhn-solutions.de\/wp-content\/uploads\/2018\/02\/SOLCOM_Logo-1c_rgb_transp-x60.png\" alt><\/div><\/div><div class=\"logos__item\"><div class=\"logos__wrap\"><img class=\"logos__image\" src=\"https:\/\/kuhn-solutions.de\/wp-content\/uploads\/2018\/04\/Teamtechnik_Logo_138\u00d755.png\" alt><\/div><\/div><div class=\"logos__item\"><div class=\"logos__wrap\"><img class=\"logos__image\" src=\"https:\/\/kuhn-solutions.de\/wp-content\/uploads\/2018\/05\/Ystral_logo.png\" alt><\/div><\/div><\/div><\/div><\/div><\/div><\/div><div class=\"vc_row-full-width vc_clearfix\"><\/div>\n<\/div>","protected":false},"excerpt":{"rendered":"katja.hossain@kuhn-solutions.de &nbsp;","protected":false},"author":1,"featured_media":0,"parent":0,"menu_order":0,"comment_status":"open","ping_status":"open","template":"","meta":{"wp_typography_post_enhancements_disabled":false,"footnotes":""},"class_list":["post-2187","page","type-page","status-publish","hentry"],"_links":{"self":[{"href":"https:\/\/kuhn-solutions.de\/pt\/wp-json\/wp\/v2\/pages\/2187","targetHints":{"allow":["GET"]}}],"collection":[{"href":"https:\/\/kuhn-solutions.de\/pt\/wp-json\/wp\/v2\/pages"}],"about":[{"href":"https:\/\/kuhn-solutions.de\/pt\/wp-json\/wp\/v2\/types\/page"}],"author":[{"embeddable":true,"href":"https:\/\/kuhn-solutions.de\/pt\/wp-json\/wp\/v2\/users\/1"}],"replies":[{"embeddable":true,"href":"https:\/\/kuhn-solutions.de\/pt\/wp-json\/wp\/v2\/comments?post=2187"}],"version-history":[{"count":17,"href":"https:\/\/kuhn-solutions.de\/pt\/wp-json\/wp\/v2\/pages\/2187\/revisions"}],"predecessor-version":[{"id":2800,"href":"https:\/\/kuhn-solutions.de\/pt\/wp-json\/wp\/v2\/pages\/2187\/revisions\/2800"}],"wp:attachment":[{"href":"https:\/\/kuhn-solutions.de\/pt\/wp-json\/wp\/v2\/media?parent=2187"}],"curies":[{"name":"wp","href":"https:\/\/api.w.org\/{rel}","templated":true}]}}