{"id":1370,"date":"2018-10-17T19:47:14","date_gmt":"2018-10-17T17:47:14","guid":{"rendered":"https:\/\/kuhneng.de\/?page_id=1370"},"modified":"2021-02-08T08:46:24","modified_gmt":"2021-02-08T07:46:24","slug":"solidworks-api-programmierung-my-glasses","status":"publish","type":"page","link":"https:\/\/kuhn-solutions.de\/pt\/solidworks-api-programmierung-my-glasses\/","title":{"rendered":"Pro\u00adgra\u00adma\u00ad\u00e7\u00e3o API Solid\u00adWorks usan\u00addo o exem\u00adplo \u201eMeus \u00f3culos"},"content":{"rendered":"<div class=\"wpb-content-wrapper\"><div class=\"vc_row wpb_row vc_row-fluid\"><div class=\"wpb_column vc_column_container vc_col-sm-12\"><div class=\"vc_column-inner\"><div class=\"wpb_wrapper\">\n\t<div class=\"wpb_text_column wpb_content_element vc_custom_1612770365692\">\n\t\t<div class=\"wpb_wrapper\">\n\t\t\t<p>O Solid\u00adWorks con\u00adt\u00e9m uma exten\u00adsa inter\u00adface de pro\u00adgra\u00adma\u00ad\u00e7\u00e3o, cha\u00adma\u00adda API para abre\u00advi\u00adar.&nbsp;<span lang=\"en-Latn\"><i>inter\u00adface de pro\u00adgra\u00adma\u00ad\u00e7\u00e3o de apli\u00adca\u00ad\u00e7\u00f5es). <\/i>Isto per\u00admi\u00adte que o soft\u00adware CAD seja adap\u00adta\u00addo e expan\u00addi\u00addo de acordo com as neces\u00adsi\u00add\u00ada\u00addes indi\u00advi\u00adduais. As tare\u00adfas recor\u00adren\u00adtes podem ser auto\u00adma\u00adtizadas digi\u00adtal\u00admen\u00adte qua\u00adse sem restri\u00ad\u00e7\u00f5es. Em mui\u00adtas empre\u00adsas, no ent\u00adan\u00adto, esta op\u00e7\u00e3o difi\u00adci\u00adlm\u00aden\u00adte \u00e9 uti\u00adlizada. Isto \u00e9 uma pena, por\u00adque al\u00e9m da enor\u00adme eco\u00adno\u00admia de tem\u00adpo e cus\u00adtos, traz con\u00adsi\u00adgo pos\u00adsi\u00adbil\u00adida\u00addes com\u00adple\u00adta\u00admen\u00adte novas para a pr\u00f3pria empresa.&nbsp;<\/span><\/p>\n<p><span lang=\"en-Latn\">O seguin\u00adte v\u00eddeo sob\u00adre o con\u00adfi\u00adgu\u00adra\u00addor de pro\u00addu\u00adtos <em>Meus \u00f3cu\u00adlos<\/em> mos\u00adtra as enor\u00admes pos\u00adsi\u00adbil\u00adida\u00addes de extens\u00e3o do sistema.<\/span><\/p>\n\n\t\t<\/div>\n\t<\/div>\n<div class=\"video-wrapper\"><iframe loading=\"lazy\" src=\"https:\/\/www.youtube.com\/embed\/ZkNnBmnNTE0?wmode=transparent\" width=\"1280\" height=\"315\" style=\"border: none !important\"><\/iframe><\/div>\n\t<div class=\"wpb_text_column wpb_content_element vc_custom_1612770372667\">\n\t\t<div class=\"wpb_wrapper\">\n\t\t\t<p>Com o con\u00adfi\u00adgu\u00adra\u00addor de pro\u00addu\u00adto <em>Meus \u00f3cu\u00adlos<\/em> voc\u00ea pode pro\u00adjet\u00adar seu pr\u00f3\u00adprio par de \u00f3cu\u00adlos indi\u00advi\u00adduais. Al\u00e9m dis\u00adso, \u00e9 pos\u00ads\u00ed\u00advel adapt\u00adar o taman\u00adho e a posi\u00ad\u00e7\u00e3o dos \u00f3cu\u00adlos \u00e0 var\u00adre\u00addu\u00adra 3D de uma cabe\u00ad\u00e7a huma\u00adna. As var\u00adre\u00addu\u00adras 3D uti\u00adlizadas aqui foram cria\u00addas com a aju\u00adda do <em>Foto\u00adgra\u00adme\u00adtria<\/em> cria\u00addos e ser\u00advem como dados do cli\u00adente para o con\u00adfi\u00adgu\u00adra\u00addor do pro\u00addu\u00adto. O con\u00adfi\u00adgu\u00adra\u00addor de pro\u00addu\u00adtos <em>Meus \u00f3cu\u00adlos<\/em> \u00e9 imple\u00admen\u00adta\u00addo como um add-in para o sis\u00adte\u00adma CAD Solid\u00adWorks. Os add-ins per\u00admi\u00adt\u00adem a extens\u00e3o de soft\u00adware j\u00e1 exis\u00adten\u00adte com fun\u00adcio\u00adnal\u00adida\u00addes adi\u00adcio\u00adnais. Para desen\u00advol\u00adver um add-in, o soft\u00adware exis\u00adten\u00adte requer um <em>Inter\u00adface de Pro\u00adgra\u00adma\u00ad\u00e7\u00e3o de Apli\u00adca\u00ad\u00e7\u00f5es, API para abre\u00advi\u00adar<\/em>. A van\u00adta\u00adgem de usar um add-in como base para desen\u00advol\u00adver um con\u00adfi\u00adgu\u00adra\u00addor de pro\u00addu\u00adto \u00e9 que as fun\u00ad\u00e7\u00f5es exis\u00adten\u00adtes da apli\u00adca\u00ad\u00e7\u00e3o prin\u00adci\u00adpal podem ser usa\u00addas. No pr\u00f3\u00adprio suple\u00admen\u00adto, somen\u00adte as fun\u00ad\u00e7\u00f5es que n\u00e3o est\u00e3o dis\u00adpon\u00ed\u00adveis na apli\u00adca\u00ad\u00e7\u00e3o prin\u00adci\u00adpal pre\u00adci\u00adsam ser desen\u00advol\u00advi\u00addas. Isto pode redu\u00adzir signi\u00adfi\u00adca\u00adtiv\u00ada\u00admen\u00adte o tem\u00adpo e os cus\u00adtos de desen\u00advol\u00advi\u00admen\u00adto em com\u00adpa\u00adra\u00ad\u00e7\u00e3o com o desen\u00advol\u00advi\u00admen\u00adto de uma apli\u00adca\u00ad\u00e7\u00e3o isolada.<\/p>\n<p>O con\u00adfi\u00adgu\u00adra\u00addor de pro\u00addu\u00adtos <em>Meus \u00f3cu\u00adlos<\/em> mos\u00adtra as mui\u00adtas van\u00adta\u00adgens de um add-in. Estes incluem:<\/p>\n<ul>\n<li>Os usu\u00e1\u00adri\u00ados do suple\u00admen\u00adto n\u00e3o t\u00eam que apren\u00adder a ope\u00adrar uma nova aplica\u00e7\u00e3o.<\/li>\n<li>O uso do suple\u00admen\u00adto \u00e9 ime\u00addia\u00adta\u00admen\u00adte fami\u00adli\u00adar, j\u00e1 que a apli\u00adca\u00ad\u00e7\u00e3o prin\u00adci\u00adpal j\u00e1 \u00e9 fami\u00adli\u00adar. Ape\u00adn\u00adas algu\u00admas novas fun\u00ad\u00e7\u00f5es foram acre\u00ads\u00adcen\u00adta\u00addas. Assim, o usu\u00e1\u00adrio n\u00e3o se sen\u00adte sob\u00adre\u00adcar\u00adre\u00adga\u00addo ou con\u00adfron\u00adta\u00addo com uma nova aplica\u00e7\u00e3o.<\/li>\n<li>O suple\u00admen\u00adto pode ser ativ\u00ada\u00addo e desa\u00adtiv\u00ada\u00addo no sis\u00adte\u00adma CAD, con\u00adfor\u00adme a neces\u00adsi\u00adda\u00adde. A inter\u00adface gr\u00e1\u00adfi\u00adca do usu\u00e1\u00adrio, portan\u00adto, con\u00adt\u00e9m ape\u00adn\u00adas os ele\u00adment\u00ados que s\u00e3o atu\u00adal\u00admen\u00adte necess\u00e1rios.<\/li>\n<li>A con\u00adfi\u00adgu\u00adra\u00ad\u00e7\u00e3o e per\u00adso\u00adna\u00adli\u00adza\u00ad\u00e7\u00e3o do pro\u00addu\u00adto pode ser fei\u00adta facilm\u00aden\u00adte atra\u00adv\u00e9s da ampli\u00ada\u00ad\u00e7\u00e3o e uti\u00adli\u00adza\u00ad\u00e7\u00e3o da inter\u00adface gr\u00e1\u00adfi\u00adca do usu\u00e1\u00adrio da apli\u00adca\u00ad\u00e7\u00e3o principal.<\/li>\n<li>Os dados CAD exis\u00adten\u00adtes podem ser uti\u00adliz\u00adados e n\u00e3o pre\u00adci\u00adsam ser exporta\u00addos e pro\u00adcess\u00ada\u00addos para uma nova aplica\u00e7\u00e3o.<\/li>\n<li>Os dados e desen\u00adhos indi\u00advi\u00adduais dos cli\u00adentes podem ser sal\u00advos auto\u00adma\u00adti\u00adca\u00admen\u00adte, se dese\u00adja\u00addo tam\u00adb\u00e9m no sis\u00adte\u00adma de geren\u00adcia\u00admen\u00adto de dados de pro\u00addu\u00adto j\u00e1 exis\u00adten\u00adte (sis\u00adte\u00adma&nbsp;PDM).<\/li>\n<li>As tare\u00adfas recor\u00adren\u00adtes podem ser total\u00admen\u00adte auto\u00adma\u00adtizadas na apli\u00adca\u00ad\u00e7\u00e3o familiar.<\/li>\n<li>Al\u00e9m dis\u00adso, os dados podem ser exporta\u00addos em v\u00e1ri\u00ados for\u00adma\u00adtos de dados neu\u00adtros. Para este fim, as fun\u00ad\u00e7\u00f5es de exporta\u00ad\u00e7\u00e3o exis\u00adten\u00adtes da apli\u00adca\u00ad\u00e7\u00e3o prin\u00adci\u00adpal podem ser utilizadas.<\/li>\n<li>Mui\u00adtas outras fun\u00ad\u00e7\u00f5es como o envio de dados por e\u2011mail, por exem\u00adplo, para o cli\u00adente e a pro\u00addu\u00ad\u00e7\u00e3o, podem ser facilm\u00aden\u00adte imple\u00admen\u00adta\u00addas no add-in.<\/li>\n<\/ul>\n<p>Para maio\u00adres infor\u00adma\u00ad\u00e7\u00f5es, ent\u00adre em con\u00adta\u00adto cono\u00adsco, aguar\u00adda\u00admos sua consulta!<\/p>\n\n\t\t<\/div>\n\t<\/div>\n<\/div><\/div><\/div><\/div><div data-vc-full-width=\"true\" data-vc-full-width-temp=\"true\" data-vc-full-width-init=\"false\" class=\"vc_row wpb_row vc_row-fluid vc_custom_1496321201384 vc_row-has-fill\"><div class=\"wpb_column vc_column_container vc_col-sm-8\"><div class=\"vc_column-inner\"><div class=\"wpb_wrapper\">\n\t<div class=\"wpb_text_column wpb_content_element vc_custom_1539799706449\">\n\t\t<div class=\"wpb_wrapper\">\n\t\t\t<h3 style=\"text-align: left;\"><span style=\"color: #ffffff;\">Seja macro, add-in ou software aut\u00f4nomo, nossa solu\u00e7\u00e3o garante seu sucesso!<\/span><\/h3>\n\n\t\t<\/div>\n\t<\/div>\n<\/div><\/div><\/div><div class=\"wpb_column vc_column_container vc_col-sm-4\"><div class=\"vc_column-inner\"><div class=\"wpb_wrapper\"><a target=\"_self\" href=\"mailto:info@kuhn-solutions.de\" class=\"btn  btn-md style-1\" id=\"custom-id-0\" style>PEDIDO SEM COMPROMISSO<\/a><\/div><\/div><\/div><\/div><div class=\"vc_row-full-width vc_clearfix\"><\/div><div class=\"vc_row wpb_row vc_row-fluid\"><div class=\"wpb_column vc_column_container vc_col-sm-12\"><div class=\"vc_column-inner\"><div class=\"wpb_wrapper\">\n\t<div class=\"wpb_text_column wpb_content_element\">\n\t\t<div class=\"wpb_wrapper\">\n\t\t\t<h2 style=\"text-align: center;\"><a href=\"https:\/\/www.youtube.com\/channel\/UC53xOUg3WvFdCwXXOEQzS1Q\" target=\"_blank\" rel=\"noopener noreferrer\">Visite nosso canal no YouTube.<\/a><\/h2>\n\n\t\t<\/div>\n\t<\/div>\n<\/div><\/div><\/div><\/div>\n<\/div>","protected":false},"excerpt":{"rendered":"O Solid\u00adWorks con\u00adt\u00e9m uma exten\u00adsa inter\u00adface de pro\u00adgra\u00adma\u00ad\u00e7\u00e3o, cha\u00adma\u00adda API para abre\u00advia\u00ad\u00e7\u00e3o (inter\u00adface de pro\u00adgra\u00adma\u00ad\u00e7\u00e3o de apli\u00adca\u00ad\u00e7\u00f5es). Isto tor\u00adna pos\u00ads\u00ed\u00advel adapt\u00adar e expan\u00addir o soft\u00adware CAD de acordo com as neces\u00adsi\u00add\u00ada\u00addes indi\u00advi\u00adduais. As tare\u00adfas recor\u00adren\u00adtes podem ser auto\u00adma\u00adtizadas digi\u00adtal\u00admen\u00adte qua\u00adse sem restri\u00ad\u00e7\u00f5es. Em mui\u00adtas empre\u00adsas, no ent\u00adan\u00adto, esta pos\u00adsi\u00adbil\u00adida\u00adde difi\u00adci\u00adlm\u00aden\u00adte \u00e9 uti\u00adlizada. \u00c9 uma pena, por\u00adque al\u00e9m&nbsp;disso\u2026","protected":false},"author":1,"featured_media":0,"parent":0,"menu_order":0,"comment_status":"open","ping_status":"closed","template":"","meta":{"wp_typography_post_enhancements_disabled":false,"footnotes":""},"class_list":["post-1370","page","type-page","status-publish","hentry"],"_links":{"self":[{"href":"https:\/\/kuhn-solutions.de\/pt\/wp-json\/wp\/v2\/pages\/1370","targetHints":{"allow":["GET"]}}],"collection":[{"href":"https:\/\/kuhn-solutions.de\/pt\/wp-json\/wp\/v2\/pages"}],"about":[{"href":"https:\/\/kuhn-solutions.de\/pt\/wp-json\/wp\/v2\/types\/page"}],"author":[{"embeddable":true,"href":"https:\/\/kuhn-solutions.de\/pt\/wp-json\/wp\/v2\/users\/1"}],"replies":[{"embeddable":true,"href":"https:\/\/kuhn-solutions.de\/pt\/wp-json\/wp\/v2\/comments?post=1370"}],"version-history":[{"count":18,"href":"https:\/\/kuhn-solutions.de\/pt\/wp-json\/wp\/v2\/pages\/1370\/revisions"}],"predecessor-version":[{"id":2008,"href":"https:\/\/kuhn-solutions.de\/pt\/wp-json\/wp\/v2\/pages\/1370\/revisions\/2008"}],"wp:attachment":[{"href":"https:\/\/kuhn-solutions.de\/pt\/wp-json\/wp\/v2\/media?parent=1370"}],"curies":[{"name":"wp","href":"https:\/\/api.w.org\/{rel}","templated":true}]}}