{"id":1343,"date":"2018-09-21T18:18:34","date_gmt":"2018-09-21T16:18:34","guid":{"rendered":"https:\/\/kuhneng.de\/?page_id=1343"},"modified":"2024-10-30T13:30:02","modified_gmt":"2024-10-30T12:30:02","slug":"softwareprodukte","status":"publish","type":"page","link":"https:\/\/kuhn-solutions.de\/pt\/softwareprodukte\/","title":{"rendered":"Nos\u00adsos pro\u00addu\u00adtos de software"},"content":{"rendered":"<div class=\"wpb-content-wrapper\"><div class=\"vc_row wpb_row vc_row-fluid\"><div class=\"wpb_column vc_column_container vc_col-sm-12\"><div class=\"vc_column-inner\"><div class=\"wpb_wrapper\"><h3 class=\"heading-left  style-1\"><span>Software e extens\u00f5es para aplica\u00e7\u00f5es CAD\/CAM<\/span><\/h3><\/div><\/div><\/div><div class=\"wpb_column vc_column_container vc_col-sm-4\"><div class=\"vc_column-inner\"><div class=\"wpb_wrapper\"><div class=\"vc_row wpb_row vc_inner vc_row-fluid vc_custom_1436373637236\"><div class=\"wpb_column vc_column_container vc_col-sm-12\"><div class=\"vc_column-inner\"><div class=\"wpb_wrapper\"><div class=\"vc_empty_space\" style=\"height: 60px\"><span class=\"vc_empty_space_inner\"><\/span><\/div>\n\t<div class=\"wpb_single_image wpb_content_element vc_align_left wpb_content_element\">\n\t\t\n\t\t<figure class=\"wpb_wrapper vc_figure\">\n\t\t\t<a href=\"https:\/\/contourtrace.com\/\" target=\"_blank\" class=\"vc_single_image-wrapper vc_box_shadow  vc_box_border_grey\"><img loading=\"lazy\" decoding=\"async\" width=\"1950\" height=\"1300\" src=\"https:\/\/kuhn-solutions.de\/wp-content\/uploads\/2024\/09\/ContourTrace_Start_Screen.png\" class=\"vc_single_image-img attachment-full\" alt title=\"ContourTrace\" srcset=\"https:\/\/kuhn-solutions.de\/wp-content\/uploads\/2024\/09\/ContourTrace_Start_Screen.png 1950w, https:\/\/kuhn-solutions.de\/wp-content\/uploads\/2024\/09\/ContourTrace_Start_Screen-300x200.png 300w, https:\/\/kuhn-solutions.de\/wp-content\/uploads\/2024\/09\/ContourTrace_Start_Screen-1024x683.png 1024w, https:\/\/kuhn-solutions.de\/wp-content\/uploads\/2024\/09\/ContourTrace_Start_Screen-768x512.png 768w, https:\/\/kuhn-solutions.de\/wp-content\/uploads\/2024\/09\/ContourTrace_Start_Screen-1536x1024.png 1536w, https:\/\/kuhn-solutions.de\/wp-content\/uploads\/2024\/09\/ContourTrace_Start_Screen-18x12.png 18w, https:\/\/kuhn-solutions.de\/wp-content\/uploads\/2024\/09\/ContourTrace_Start_Screen-370x247.png 370w, https:\/\/kuhn-solutions.de\/wp-content\/uploads\/2024\/09\/ContourTrace_Start_Screen-1200x800.png 1200w, https:\/\/kuhn-solutions.de\/wp-content\/uploads\/2024\/09\/ContourTrace_Start_Screen-360x240.png 360w\" sizes=\"auto, (max-width: 1950px) 100vw, 1950px\"><\/a>\n\t\t<\/figure>\n\t<\/div>\n<h5 class=\"heading-left  style-1\"><span>ContourTrace<\/span><\/h5>\n\t<div class=\"wpb_text_column wpb_content_element\">\n\t\t<div class=\"wpb_wrapper\">\n\t\t\t<p>Exporta\u00ad\u00e7\u00e3o de con\u00adtor\u00adnos de imagens como DXF e&nbsp;SVG<\/p>\n\n\t\t<\/div>\n\t<\/div>\n<div class=\"vc_empty_space\" style=\"height: 20px\"><span class=\"vc_empty_space_inner\"><\/span><\/div>\n\t<div class=\"wpb_text_column wpb_content_element vc_custom_1730291358610\">\n\t\t<div class=\"wpb_wrapper\">\n\t\t\t<p>O Con\u00adtour\u00adTrace sim\u00adpli\u00adfi\u00adca a con\u00adver\u00ads\u00e3o de imagens ras\u00adte\u00adrizadas, como BMP e JPEG, em for\u00adma\u00adtos veto\u00adri\u00adais, como DXF e SVG. O soft\u00adware \u00e9 carac\u00adte\u00adriz\u00adado pela extra\u00ad\u00e7\u00e3o de con\u00adtor\u00adnos pre\u00adcis\u00ados de obje\u00adtos e, portan\u00adto, \u00e9 ide\u00adal para apli\u00adca\u00ad\u00e7\u00f5es nas \u00e1re\u00adas de medi\u00ad\u00e7\u00e3o, inspe\u00ad\u00e7\u00e3o, design e pro\u00addu\u00ad\u00e7\u00e3o. Ele \u00e9 par\u00adti\u00adcu\u00adlar\u00admen\u00adte efi\u00adcaz na pro\u00addu\u00ad\u00e7\u00e3o de inser\u00ad\u00e7\u00f5es de espu\u00adma e pla\u00adcas de som\u00adbra, pois agi\u00adli\u00adza o pro\u00adces\u00adso da imagem ao con\u00adtor\u00adno acabado.<\/p>\n\n\t\t<\/div>\n\t<\/div>\n<div class=\"vc_btn3-container vc_btn3-center vc_custom_1725275091113 vc_do_btn\"><a class=\"vc_general vc_btn3 vc_btn3-size-lg vc_btn3-shape-rounded vc_btn3-style-modern vc_btn3-color-black\" href=\"https:\/\/contourtrace.com\/\" title target=\"_blank\">Mais sob\u00adre a ContourTrace&nbsp;\u2026<\/a><\/div><\/div><\/div><\/div><\/div><\/div><\/div><\/div><div class=\"wpb_column vc_column_container vc_col-sm-4\"><div class=\"vc_column-inner\"><div class=\"wpb_wrapper\"><div class=\"vc_row wpb_row vc_inner vc_row-fluid vc_custom_1436373637236\"><div class=\"wpb_column vc_column_container vc_col-sm-12\"><div class=\"vc_column-inner\"><div class=\"wpb_wrapper\"><div class=\"vc_empty_space\" style=\"height: 60px\"><span class=\"vc_empty_space_inner\"><\/span><\/div>\n\t<div class=\"wpb_single_image wpb_content_element vc_align_left wpb_content_element\">\n\t\t\n\t\t<figure class=\"wpb_wrapper vc_figure\">\n\t\t\t<a href=\"https:\/\/kuhn-solutions.de\/pt\/custom-toolbar-for-solidworks\/\" target=\"_blank\" class=\"vc_single_image-wrapper vc_box_shadow  vc_box_border_grey\"><img loading=\"lazy\" decoding=\"async\" width=\"1738\" height=\"1159\" src=\"https:\/\/kuhn-solutions.de\/wp-content\/uploads\/2019\/05\/Custom-Toolbar-Settings-1738-x-1159.jpg\" class=\"vc_single_image-img attachment-full\" alt=\"Custom Toolbar Settings \u2013 Rename and customize up to 5 toolbars\" title=\"Configura\u00e7\u00f5es personalizadas da barra de ferramentas\" srcset=\"https:\/\/kuhn-solutions.de\/wp-content\/uploads\/2019\/05\/Custom-Toolbar-Settings-1738-x-1159.jpg 1738w, https:\/\/kuhn-solutions.de\/wp-content\/uploads\/2019\/05\/Custom-Toolbar-Settings-1738-x-1159-300x200.jpg 300w, https:\/\/kuhn-solutions.de\/wp-content\/uploads\/2019\/05\/Custom-Toolbar-Settings-1738-x-1159-768x512.jpg 768w, https:\/\/kuhn-solutions.de\/wp-content\/uploads\/2019\/05\/Custom-Toolbar-Settings-1738-x-1159-1024x683.jpg 1024w, https:\/\/kuhn-solutions.de\/wp-content\/uploads\/2019\/05\/Custom-Toolbar-Settings-1738-x-1159-370x247.jpg 370w, https:\/\/kuhn-solutions.de\/wp-content\/uploads\/2019\/05\/Custom-Toolbar-Settings-1738-x-1159-1200x800.jpg 1200w, https:\/\/kuhn-solutions.de\/wp-content\/uploads\/2019\/05\/Custom-Toolbar-Settings-1738-x-1159-360x240.jpg 360w, https:\/\/kuhn-solutions.de\/wp-content\/uploads\/2019\/05\/Custom-Toolbar-Settings-1738-x-1159-600x400.jpg 600w\" sizes=\"auto, (max-width: 1738px) 100vw, 1738px\"><\/a>\n\t\t<\/figure>\n\t<\/div>\n<h5 class=\"heading-left  style-1\"><span>Barra de ferramentas personalizada<\/span><\/h5>\n\t<div class=\"wpb_text_column wpb_content_element\">\n\t\t<div class=\"wpb_wrapper\">\n\t\t\t<p>Sua pr\u00f3pria bar\u00adra de fer\u00adra\u00admen\u00adtas SOLIDWORKS personalizada<\/p>\n\n\t\t<\/div>\n\t<\/div>\n<div class=\"vc_empty_space  vc_custom_1519386271239\" style=\"height: 20px\"><span class=\"vc_empty_space_inner\"><\/span><\/div>\n\t<div class=\"wpb_text_column wpb_content_element vc_custom_1566407196605\">\n\t\t<div class=\"wpb_wrapper\">\n\t\t\t<p>Bar\u00adra de fer\u00adra\u00admen\u00adtas per\u00adso\u00adna\u00adlizada \u00e9 um add-in gra\u00adtui\u00adto para CAD SOLIDWORKS. Ele soma 5 bar\u00adras de fer\u00adra\u00admen\u00adtas adi\u00adcio\u00adnais para o ambi\u00aden\u00adte do usu\u00e1\u00adrio SOLIDWORKS. Estas bar\u00adras de fer\u00adra\u00admen\u00adtas, como todas as outras bar\u00adras de fer\u00adra\u00admen\u00adtas SOLIDWORKS, podem ser liv\u00adre\u00admen\u00adte per\u00adso\u00adna\u00adlizadas. Isto signi\u00adfi\u00adca que coman\u00addos padr\u00e3o SOLIDWORKS, bem como bot\u00f5es de macro, podem ser colo\u00adca\u00addos nes\u00adtas bar\u00adras de ferramentas.<\/p>\n\n\t\t<\/div>\n\t<\/div>\n<div class=\"vc_btn3-container vc_btn3-center vc_custom_1652099124780 vc_do_btn\"><a class=\"vc_general vc_btn3 vc_btn3-size-lg vc_btn3-shape-rounded vc_btn3-style-modern vc_btn3-color-black\" href=\"https:\/\/kuhn-solutions.de\/pt\/custom-toolbar-for-solidworks\/\" title target=\"_blank\">Mais sob\u00adre a bar\u00adra de fer\u00adra\u00admen\u00adtas personalizada&nbsp;\u2026<\/a><\/div><\/div><\/div><\/div><\/div><\/div><\/div><\/div><div class=\"wpb_column vc_column_container vc_col-sm-4\"><div class=\"vc_column-inner\"><div class=\"wpb_wrapper\"><div class=\"vc_row wpb_row vc_inner vc_row-fluid vc_custom_1436373637236\"><div class=\"wpb_column vc_column_container vc_col-sm-12\"><div class=\"vc_column-inner\"><div class=\"wpb_wrapper\"><div class=\"vc_empty_space\" style=\"height: 60px\"><span class=\"vc_empty_space_inner\"><\/span><\/div>\n\t<div class=\"wpb_single_image wpb_content_element vc_align_left wpb_content_element\">\n\t\t\n\t\t<figure class=\"wpb_wrapper vc_figure\">\n\t\t\t<a href=\"https:\/\/kuhn-solutions.de\/pt\/macros-for-solidworks\/\" target=\"_blank\" class=\"vc_single_image-wrapper vc_box_shadow  vc_box_border_grey\"><img loading=\"lazy\" decoding=\"async\" width=\"1280\" height=\"854\" src=\"https:\/\/kuhn-solutions.de\/wp-content\/uploads\/2019\/08\/code_1280x854.jpg\" class=\"vc_single_image-img attachment-full\" alt title=\"c\u00f3digo_1280x854\" srcset=\"https:\/\/kuhn-solutions.de\/wp-content\/uploads\/2019\/08\/code_1280x854.jpg 1280w, https:\/\/kuhn-solutions.de\/wp-content\/uploads\/2019\/08\/code_1280x854-300x200.jpg 300w, https:\/\/kuhn-solutions.de\/wp-content\/uploads\/2019\/08\/code_1280x854-768x512.jpg 768w, https:\/\/kuhn-solutions.de\/wp-content\/uploads\/2019\/08\/code_1280x854-1024x683.jpg 1024w, https:\/\/kuhn-solutions.de\/wp-content\/uploads\/2019\/08\/code_1280x854-370x247.jpg 370w, https:\/\/kuhn-solutions.de\/wp-content\/uploads\/2019\/08\/code_1280x854-1200x801.jpg 1200w, https:\/\/kuhn-solutions.de\/wp-content\/uploads\/2019\/08\/code_1280x854-360x240.jpg 360w, https:\/\/kuhn-solutions.de\/wp-content\/uploads\/2019\/08\/code_1280x854-600x400.jpg 600w\" sizes=\"auto, (max-width: 1280px) 100vw, 1280px\"><\/a>\n\t\t<\/figure>\n\t<\/div>\n<h5 class=\"heading-left  style-1\"><span>S\u00d3LIDOS Macros<\/span><\/h5>\n\t<div class=\"wpb_text_column wpb_content_element\">\n\t\t<div class=\"wpb_wrapper\">\n\t\t\t<p>Pro\u00adces\u00adsos auto\u00adma\u00adtiz\u00adados no SOLIDWORKS<\/p>\n\n\t\t<\/div>\n\t<\/div>\n<div class=\"vc_empty_space\" style=\"height: 20px\"><span class=\"vc_empty_space_inner\"><\/span><\/div>\n\t<div class=\"wpb_text_column wpb_content_element vc_custom_1566408137505\">\n\t\t<div class=\"wpb_wrapper\">\n\t\t\t<p>As macros em SOLIDWORKS per\u00admi\u00adt\u00adem a auto\u00adma\u00ad\u00e7\u00e3o dos pro\u00adces\u00adsos que s\u00e3o rea\u00adliz\u00adados pelo usu\u00e1\u00adrio, por exem\u00adplo, atra\u00adv\u00e9s da inter\u00adface do usu\u00e1\u00adrio usan\u00addo o mou\u00adse e o tecla\u00addo. As tare\u00adfas recor\u00adren\u00adtes podem ser gra\u00adva\u00addas em uma macro e exe\u00adcu\u00adta\u00addas com um \u00fani\u00adco cli\u00adque do mou\u00adse. Isto eco\u00adno\u00admi\u00adza mui\u00adto tem\u00adpo para as tare\u00adfas di\u00e1\u00adri\u00adas. Nes\u00adta se\u00e7\u00e3o voc\u00ea encon\u00adtrar\u00e1 alguns exem\u00adplos de macros, gratuitamente!<\/p>\n\n\t\t<\/div>\n\t<\/div>\n<div class=\"vc_btn3-container vc_btn3-center vc_custom_1652099152556 vc_do_btn\"><a class=\"vc_general vc_btn3 vc_btn3-size-lg vc_btn3-shape-rounded vc_btn3-style-modern vc_btn3-color-black\" href=\"https:\/\/kuhn-solutions.de\/pt\/macros-for-solidworks\/\" title target=\"_blank\">Mais sob\u00adre SOLIDWORKS Macros&nbsp;\u2026<\/a><\/div><\/div><\/div><\/div><\/div><\/div><\/div><\/div><\/div>\n<\/div>","protected":false},"excerpt":{"rendered":"Soft\u00adware e extens\u00f5es para apli\u00adca\u00adtivos CAD\/CAM Con\u00adtour\u00adTrace Exporta\u00ad\u00e7\u00e3o de con\u00adtor\u00adnos de imagens como DXF e SVG O Con\u00adtour\u00adTrace sim\u00adpli\u00adfi\u00adca a con\u00adver\u00ads\u00e3o de imagens ras\u00adte\u00adrizadas, como BMP e JPEG, em for\u00adma\u00adtos veto\u00adri\u00adais, como DXF e SVG. O soft\u00adware \u00e9 carac\u00adte\u00adriz\u00adado pela extra\u00ad\u00e7\u00e3o de con\u00adtor\u00adnos precisos\u2026","protected":false},"author":1,"featured_media":0,"parent":0,"menu_order":0,"comment_status":"open","ping_status":"open","template":"","meta":{"wp_typography_post_enhancements_disabled":false,"footnotes":""},"class_list":["post-1343","page","type-page","status-publish","hentry"],"_links":{"self":[{"href":"https:\/\/kuhn-solutions.de\/pt\/wp-json\/wp\/v2\/pages\/1343","targetHints":{"allow":["GET"]}}],"collection":[{"href":"https:\/\/kuhn-solutions.de\/pt\/wp-json\/wp\/v2\/pages"}],"about":[{"href":"https:\/\/kuhn-solutions.de\/pt\/wp-json\/wp\/v2\/types\/page"}],"author":[{"embeddable":true,"href":"https:\/\/kuhn-solutions.de\/pt\/wp-json\/wp\/v2\/users\/1"}],"replies":[{"embeddable":true,"href":"https:\/\/kuhn-solutions.de\/pt\/wp-json\/wp\/v2\/comments?post=1343"}],"version-history":[{"count":32,"href":"https:\/\/kuhn-solutions.de\/pt\/wp-json\/wp\/v2\/pages\/1343\/revisions"}],"predecessor-version":[{"id":2792,"href":"https:\/\/kuhn-solutions.de\/pt\/wp-json\/wp\/v2\/pages\/1343\/revisions\/2792"}],"wp:attachment":[{"href":"https:\/\/kuhn-solutions.de\/pt\/wp-json\/wp\/v2\/media?parent=1343"}],"curies":[{"name":"wp","href":"https:\/\/api.w.org\/{rel}","templated":true}]}}