{"id":1126,"date":"2018-08-30T17:13:39","date_gmt":"2018-08-30T15:13:39","guid":{"rendered":"https:\/\/kuhneng.de\/?page_id=1126"},"modified":"2019-07-09T17:13:17","modified_gmt":"2019-07-09T15:13:17","slug":"leistungsportfolio","status":"publish","type":"page","link":"https:\/\/kuhn-solutions.de\/pt\/leistungsportfolio\/","title":{"rendered":"Nos\u00adso port\u00adf\u00f3\u00adlio de servi\u00e7os"},"content":{"rendered":"<div class=\"wpb-content-wrapper\"><div class=\"vc_row wpb_row vc_row-fluid\"><div class=\"wpb_column vc_column_container vc_col-sm-8\"><div class=\"vc_column-inner\"><div class=\"wpb_wrapper\">\n\t<div class=\"wpb_text_column wpb_content_element\">\n\t\t<div class=\"wpb_wrapper\">\n\t\t\t<p>Devi\u00addo \u00e0 nos\u00adsa com\u00adpo\u00adsi\u00ad\u00e7\u00e3o inter\u00addi\u00adsci\u00adpli\u00adnar, temos uma ampla car\u00adtei\u00adra de ser\u00advi\u00ad\u00e7os que temos o pra\u00adzer de colo\u00adcar \u00e0 sua dis\u00adpo\u00adsi\u00ad\u00e7\u00e3o. Pode\u00admos lhe ofe\u00adrecer solu\u00ad\u00e7\u00f5es indi\u00advi\u00adduais a par\u00adtir de uma \u00fani\u00adca fon\u00adte que s\u00e3o ide\u00adal\u00admen\u00adte adap\u00adta\u00addas \u00e0s neces\u00adsi\u00add\u00ada\u00addes de sua empresa.<\/p>\n<p>Obten\u00adha uma vis\u00e3o geral dos ser\u00advi\u00ad\u00e7os que ofe\u00adrece\u00admos nes\u00adta p\u00e1gina:<\/p>\n\n\t\t<\/div>\n\t<\/div>\n<div class=\"vc_empty_space\" style=\"height: 42px\"><span class=\"vc_empty_space_inner\"><\/span><\/div><div class=\"vc_tta-container\" data-vc-action=\"collapse\"><div class=\"vc_general vc_tta vc_tta-tabs vc_tta-color-grey vc_tta-style-anps_tabs vc_tta-shape-rounded vc_tta-spacing-1 vc_tta-tabs-position-top vc_tta-controls-align-left\"><div class=\"vc_tta-tabs-container col-sm-3 vertical\"><ul class=\"vc_tta-tabs-list\" role=\"tablist\"><li class=\"vc_tta-tab vc_active\" data-vc-tab role=\"presentation\"><a href=\"#1436365906075-d23d3df7-63f9\" data-vc-tabs data-vc-container=\".vc_tta\" role=\"tab\" id=\"tab-1436365906075-d23d3df7-63f9\"><span class=\"vc_tta-title-text\">Pro\u00adgra\u00adma\u00ad\u00e7\u00e3o<\/span><\/a><\/li><li class=\"vc_tta-tab\" data-vc-tab role=\"presentation\"><a href=\"#1436365907525-19d6c142-1d77\" data-vc-tabs data-vc-container=\".vc_tta\" role=\"tab\" id=\"tab-1436365907525-19d6c142-1d77\"><span class=\"vc_tta-title-text\">Extens\u00f5es<\/span><\/a><\/li><li class=\"vc_tta-tab\" data-vc-tab role=\"presentation\"><a href=\"#1436369333328-6bd9d0e8-515b\" data-vc-tabs data-vc-container=\".vc_tta\" role=\"tab\" id=\"tab-1436369333328-6bd9d0e8-515b\"><span class=\"vc_tta-title-text\">Otimi\u00adza\u00ad\u00e7\u00e3o<\/span><\/a><\/li><li class=\"vc_tta-tab\" data-vc-tab role=\"presentation\"><a href=\"#1436376192396-328d4c80-ece8\" data-vc-tabs data-vc-container=\".vc_tta\" role=\"tab\" id=\"tab-1436376192396-328d4c80-ece8\"><span class=\"vc_tta-title-text\">Para\u00adme\u00adtri\u00adza\u00ad\u00e7\u00e3o<\/span><\/a><\/li><li class=\"vc_tta-tab\" data-vc-tab role=\"presentation\"><a href=\"#1436376212970-5b4a8b88-3d8d\" data-vc-tabs data-vc-container=\".vc_tta\" role=\"tab\" id=\"tab-1436376212970-5b4a8b88-3d8d\"><span class=\"vc_tta-title-text\">Desen\u00advol\u00advi\u00admen\u00adto<\/span><\/a><\/li><li class=\"vc_tta-tab\" data-vc-tab role=\"presentation\"><a href=\"#1436376204238-3b43e9b2-26c9\" data-vc-tabs data-vc-container=\".vc_tta\" role=\"tab\" id=\"tab-1436376204238-3b43e9b2-26c9\"><span class=\"vc_tta-title-text\">Con\u00adstru\u00ad\u00e7\u00e3o<\/span><\/a><\/li><li class=\"vc_tta-tab\" data-vc-tab role=\"presentation\"><a href=\"#1535646365488-cf1e0b05-4d19\" data-vc-tabs data-vc-container=\".vc_tta\" role=\"tab\" id=\"tab-1535646365488-cf1e0b05-4d19\"><span class=\"vc_tta-title-text\">Visua\u00adli\u00adza\u00ad\u00e7\u00e3o<\/span><\/a><\/li><\/ul><\/div><div class=\"vc_tta-panels-container col-sm-9\"><div class=\"vc_tta-panels\"><div class=\"vc_tta-panel vc_active\" id=\"1436365906075-d23d3df7-63f9\" data-vc-content=\".vc_tta-panel-body\"><div class=\"vc_tta-panel-heading\"><h4 class=\"vc_tta-panel-title\"><a href=\"#1436365906075-d23d3df7-63f9\" data-vc-accordion data-vc-container=\".vc_tta-container\"><span class=\"vc_tta-title-text\">Programa\u00e7\u00e3o<\/span><\/a><\/h4><\/div><div class=\"vc_tta-panel-body\"><h2 class=\"heading-content  style-1\"><span>O QUE FAZEMOS<\/span><\/h2><div class=\"vc_empty_space\" style=\"height: 20px\"><span class=\"vc_empty_space_inner\"><\/span><\/div><ul class=\"list\"><li>C++<\/li><li>C#<\/li><li>VB.NET<\/li><li>Python<\/li><li>VBA<\/li><li>SQL<\/li><li>AVISO DE LABORAT\u00d3RIO<\/li><\/ul><div class=\"vc_empty_space\" style=\"height: 15px\"><span class=\"vc_empty_space_inner\"><\/span><\/div>\n\t<div class=\"wpb_text_column wpb_content_element\">\n\t\t<div class=\"wpb_wrapper\">\n\t\t\t<p>Solu\u00ad\u00e7\u00f5es indi\u00advi\u00adduais de TI para exi\u00adg\u00ean\u00adci\u00adas indus\u00adtri\u00adais. Uma \u00e1rea na qual nos espe\u00adcia\u00adliz\u00ada\u00admos e pode\u00admos cre\u00adscer jun\u00adto com nos\u00adsos cli\u00adentes. Apoia\u00admos voc\u00ea com solu\u00ad\u00e7\u00f5es para pro\u00adces\u00adsos pur\u00ada\u00admen\u00adte digi\u00adtais, bem como pro\u00adgra\u00adma\u00ad\u00e7\u00e3o de m\u00e1qui\u00adnas, dis\u00adpo\u00adsi\u00adtivos de medi\u00ad\u00e7\u00e3o e ban\u00adcos de ensaio.<\/p>\n\n\t\t<\/div>\n\t<\/div>\n<\/div><\/div><div class=\"vc_tta-panel\" id=\"1436365907525-19d6c142-1d77\" data-vc-content=\".vc_tta-panel-body\"><div class=\"vc_tta-panel-heading\"><h4 class=\"vc_tta-panel-title\"><a href=\"#1436365907525-19d6c142-1d77\" data-vc-accordion data-vc-container=\".vc_tta-container\"><span class=\"vc_tta-title-text\">Extens\u00f5es<\/span><\/a><\/h4><\/div><div class=\"vc_tta-panel-body\"><h2 class=\"heading-content  style-1\"><span>ONDE BUSCAMOS<\/span><\/h2><div class=\"vc_empty_space\" style=\"height: 20px\"><span class=\"vc_empty_space_inner\"><\/span><\/div><ul class=\"list\"><li>Solid\u00adWorks 3D&nbsp;CAD<\/li><li>Solid\u00adWorks&nbsp;PDM<\/li><li>CAM Solid\u00adWorks<\/li><li>CATIA<\/li><li>Creo Para\u00adm\u00e9\u00adtri\u00adco<\/li><li>Inven\u00adtor<\/li><li>Fus\u00e3o 360<\/li><li>Micro\u00adsoft Office<\/li><\/ul><div class=\"vc_empty_space\" style=\"height: 15px\"><span class=\"vc_empty_space_inner\"><\/span><\/div>\n\t<div class=\"wpb_text_column wpb_content_element\">\n\t\t<div class=\"wpb_wrapper\">\n\t\t\t<p>Add-ins, add-ons, plug-ins n\u00e3o s\u00e3o palav\u00adras estran\u00adge\u00adi\u00adras para n\u00f3s. Com a aju\u00adda da inter\u00adface de pro\u00adgra\u00adma\u00ad\u00e7\u00e3o, tam\u00adb\u00e9m cha\u00adma\u00adda API (<em>Ingl\u00eas<\/em> inter\u00adface de pro\u00adgra\u00adma\u00ad\u00e7\u00e3o de apli\u00adca\u00ad\u00e7\u00f5es), liga\u00admo-nos ao soft\u00adware exis\u00adten\u00adte e com\u00adple\u00admen\u00adta\u00admo-lo com solu\u00ad\u00e7\u00f5es espec\u00ed\u00adfi\u00adcas. A con\u00adver\u00ads\u00e3o de dados CAD, a gera\u00ad\u00e7\u00e3o autom\u00e1\u00adti\u00adca de fer\u00adra\u00admen\u00adtas e desen\u00adhos e a auto\u00adma\u00ad\u00e7\u00e3o de pro\u00adces\u00adsos digi\u00adtais s\u00e3o ape\u00adn\u00adas alguns exem\u00adplos de extens\u00f5es individuais.<\/p>\n\n\t\t<\/div>\n\t<\/div>\n<\/div><\/div><div class=\"vc_tta-panel\" id=\"1436369333328-6bd9d0e8-515b\" data-vc-content=\".vc_tta-panel-body\"><div class=\"vc_tta-panel-heading\"><h4 class=\"vc_tta-panel-title\"><a href=\"#1436369333328-6bd9d0e8-515b\" data-vc-accordion data-vc-container=\".vc_tta-container\"><span class=\"vc_tta-title-text\">Otimiza\u00e7\u00e3o<\/span><\/a><\/h4><\/div><div class=\"vc_tta-panel-body\"><h2 class=\"heading-content  style-1\"><span>ONDE OTIMIZAMOS<\/span><\/h2><div class=\"vc_empty_space\" style=\"height: 20px\"><span class=\"vc_empty_space_inner\"><\/span><\/div><ul class=\"list\"><li>Python<\/li><li>MATLAB<\/li><li>MATLAB\/Simulink<\/li><li>Octa\u00adve<\/li><\/ul><div class=\"vc_empty_space\" style=\"height: 15px\"><span class=\"vc_empty_space_inner\"><\/span><\/div>\n\t<div class=\"wpb_text_column wpb_content_element\">\n\t\t<div class=\"wpb_wrapper\">\n\t\t\t<p>A efi\u00adci\u00ad\u00ean\u00adcia e o des\u00adem\u00adpen\u00adho de sis\u00adte\u00admas com\u00adplexos podem ser signi\u00adfi\u00adca\u00adtiv\u00ada\u00admen\u00adte aumen\u00adta\u00addos atra\u00adv\u00e9s da escol\u00adha dos par\u00e2\u00adme\u00adtros cer\u00adtos. Com a aju\u00adda da otimi\u00adza\u00ad\u00e7\u00e3o, um cam\u00adpo da mate\u00adm\u00e1\u00adti\u00adca apli\u00adca\u00adda, deter\u00admi\u00adna\u00admos par\u00e2\u00adme\u00adtros \u00f3ti\u00admos para sis\u00adte\u00admas com\u00adplexos em uma ampla gama de disci\u00adpli\u00adnas. N\u00f3s deter\u00admi\u00adna\u00admos a fun\u00ad\u00e7\u00e3o obje\u00adti\u00adva para voc\u00ea, con\u00adstru\u00ed\u00admos e testa\u00admos um modelo mate\u00adm\u00e1\u00adti\u00adco e o imple\u00admen\u00adta\u00admos em sua aplica\u00e7\u00e3o.<\/p>\n\n\t\t<\/div>\n\t<\/div>\n<\/div><\/div><div class=\"vc_tta-panel\" id=\"1436376192396-328d4c80-ece8\" data-vc-content=\".vc_tta-panel-body\"><div class=\"vc_tta-panel-heading\"><h4 class=\"vc_tta-panel-title\"><a href=\"#1436376192396-328d4c80-ece8\" data-vc-accordion data-vc-container=\".vc_tta-container\"><span class=\"vc_tta-title-text\">Parametriza\u00e7\u00e3o<\/span><\/a><\/h4><\/div><div class=\"vc_tta-panel-body\"><h2 class=\"heading-content  style-1\"><span>O QUE PARAMETRIZAMOS<\/span><\/h2><div class=\"vc_empty_space\" style=\"height: 20px\"><span class=\"vc_empty_space_inner\"><\/span><\/div><ul class=\"list\"><li>Con\u00adfi\u00adgu\u00adra\u00addo\u00adres de produto<\/li><li>Kits de con\u00adstru\u00ad\u00e7\u00e3o de sistemas<\/li><li>Con\u00adstru\u00ad\u00e7\u00f5es de variantes<\/li><li>Pro\u00addu\u00ad\u00e7\u00e3o indi\u00advi\u00addu\u00adal 4.0<\/li><li>Auto\u00adma\u00ad\u00e7\u00e3o da seq\u00fc\u00ean\u00adcia digital<\/li><\/ul><div class=\"vc_empty_space\" style=\"height: 15px\"><span class=\"vc_empty_space_inner\"><\/span><\/div>\n\t<div class=\"wpb_text_column wpb_content_element\">\n\t\t<div class=\"wpb_wrapper\">\n\t\t\t<p>\u201eIndus\u00adtry 4.0\u201c \u2013 uma palav\u00adra-chave que ocu\u00adpa atu\u00adal\u00admen\u00adte os pa\u00ed\u00adses indus\u00adtria\u00adliz\u00adados. A pro\u00addu\u00ad\u00e7\u00e3o indus\u00adtri\u00adal deve ser inter\u00adli\u00adga\u00adda com a moder\u00adna tec\u00adno\u00adlo\u00adgia de infor\u00adma\u00ad\u00e7\u00e3o e comu\u00adni\u00adca\u00ad\u00e7\u00e3o. Para con\u00adse\u00adguir isso, h\u00e1 mui\u00adtas fer\u00adra\u00admen\u00adtas. A para\u00adme\u00adtri\u00adza\u00ad\u00e7\u00e3o \u00e9 uma delas. Aci\u00adma de tudo, ela per\u00admi\u00adte a diver\u00adsi\u00adda\u00adde e a indi\u00advi\u00addu\u00adal\u00adi\u00adda\u00adde alia\u00adda \u00e0 pro\u00addu\u00adtiv\u00adi\u00adda\u00adde e \u00e0 efi\u00adci\u00ad\u00ean\u00adcia econ\u00f4\u00admi\u00adca. Teremos pra\u00adzer em apoi\u00e1-lo no camin\u00adho para sua quar\u00adta revo\u00adlu\u00ad\u00e7\u00e3o indus\u00adtri\u00adal com a aju\u00adda de pro\u00adje\u00adto, pro\u00addu\u00ad\u00e7\u00e3o e para\u00adme\u00adtri\u00adza\u00ad\u00e7\u00e3o de produtos.<\/p>\n\n\t\t<\/div>\n\t<\/div>\n<\/div><\/div><div class=\"vc_tta-panel\" id=\"1436376212970-5b4a8b88-3d8d\" data-vc-content=\".vc_tta-panel-body\"><div class=\"vc_tta-panel-heading\"><h4 class=\"vc_tta-panel-title\"><a href=\"#1436376212970-5b4a8b88-3d8d\" data-vc-accordion data-vc-container=\".vc_tta-container\"><span class=\"vc_tta-title-text\">Desenvolvimento<\/span><\/a><\/h4><\/div><div class=\"vc_tta-panel-body\"><h2 class=\"heading-content  style-1\"><span>ONDE APOIAMOS<\/span><\/h2><div class=\"vc_empty_space\" style=\"height: 20px\"><span class=\"vc_empty_space_inner\"><\/span><\/div><ul class=\"list\"><li>Engen\u00adha\u00adria mec\u00e2\u00adni\u00adca e de instala\u00e7\u00f5es<\/li><li>Tec\u00adno\u00adlo\u00adgia de medi\u00ad\u00e7\u00e3o e&nbsp;teste<\/li><li>Engen\u00adha\u00adria automobil\u00edstica<\/li><li>Tec\u00adno\u00adlo\u00adgia aeroespacial<\/li><li>Engen\u00adha\u00adria de pro\u00adces\u00adso e produ\u00e7\u00e3o<\/li><li>Desen\u00advol\u00advi\u00admen\u00adto de produtos<\/li><\/ul><div class=\"vc_empty_space\" style=\"height: 15px\"><span class=\"vc_empty_space_inner\"><\/span><\/div>\n\t<div class=\"wpb_text_column wpb_content_element\">\n\t\t<div class=\"wpb_wrapper\">\n\t\t\t<p>Ofe\u00adrece\u00admos supor\u00adte de engen\u00adha\u00adria para novos e futu\u00adr\u00ados desen\u00advol\u00advi\u00adment\u00ados. Isto per\u00admi\u00adte com\u00adpen\u00adsar os gar\u00adga\u00adlos, intro\u00addu\u00adzir ino\u00adva\u00ad\u00e7\u00f5es que aumen\u00adtam a pro\u00addu\u00ad\u00e7\u00e3o mais rapi\u00adda\u00admen\u00adte e lan\u00ad\u00e7ar os pro\u00addu\u00adtos que aumen\u00adtam as ven\u00addas no mer\u00adca\u00addo a&nbsp;tempo.<\/p>\n\n\t\t<\/div>\n\t<\/div>\n<\/div><\/div><div class=\"vc_tta-panel\" id=\"1436376204238-3b43e9b2-26c9\" data-vc-content=\".vc_tta-panel-body\"><div class=\"vc_tta-panel-heading\"><h4 class=\"vc_tta-panel-title\"><a href=\"#1436376204238-3b43e9b2-26c9\" data-vc-accordion data-vc-container=\".vc_tta-container\"><span class=\"vc_tta-title-text\">Constru\u00e7\u00e3o<\/span><\/a><\/h4><\/div><div class=\"vc_tta-panel-body\"><h2 class=\"heading-content  style-1\"><span>O QUE DESENHAMOS<\/span><\/h2><div class=\"vc_empty_space\" style=\"height: 20px\"><span class=\"vc_empty_space_inner\"><\/span><\/div><ul class=\"list\"><li>M\u00e1qui\u00adnas<\/li><li>Anexos<\/li><li>Ban\u00adca\u00addas de&nbsp;teste<\/li><li>Fer\u00adra\u00admen\u00adtas<\/li><li>Dis\u00adpo\u00adsi\u00adtivos<\/li><\/ul><div class=\"vc_empty_space\" style=\"height: 15px\"><span class=\"vc_empty_space_inner\"><\/span><\/div>\n\t<div class=\"wpb_text_column wpb_content_element\">\n\t\t<div class=\"wpb_wrapper\">\n\t\t\t<p>Pro\u00adjet\u00ada\u00admos para voc\u00ea de acordo com suas espe\u00adci\u00adfi\u00adca\u00ad\u00e7\u00f5es. Do desen\u00adho ao modelo 3D at\u00e9 o desen\u00adho deriv\u00ada\u00addo. Voc\u00ea se bene\u00adfi\u00adcia de nos\u00adsos mui\u00adtos anos de expe\u00adri\u00ean\u00adcia em mate\u00adri\u00adais e tec\u00adno\u00adlo\u00adgia de pro\u00addu\u00ad\u00e7\u00e3o. Faze\u00admos tudo o que pode\u00admos para aten\u00adder at\u00e9 mes\u00admo as mais altas exi\u00adg\u00ean\u00adci\u00adas de nos\u00adsos cli\u00adentes de for\u00adma con\u00adfi\u00e1\u00advel e r\u00e1pida.<\/p>\n\n\t\t<\/div>\n\t<\/div>\n<\/div><\/div><div class=\"vc_tta-panel\" id=\"1535646365488-cf1e0b05-4d19\" data-vc-content=\".vc_tta-panel-body\"><div class=\"vc_tta-panel-heading\"><h4 class=\"vc_tta-panel-title\"><a href=\"#1535646365488-cf1e0b05-4d19\" data-vc-accordion data-vc-container=\".vc_tta-container\"><span class=\"vc_tta-title-text\">Visualiza\u00e7\u00e3o<\/span><\/a><\/h4><\/div><div class=\"vc_tta-panel-body\"><h2 class=\"heading-content  style-1\"><span>O QUE VISUALIZAMOS<\/span><\/h2><div class=\"vc_empty_space\" style=\"height: 20px\"><span class=\"vc_empty_space_inner\"><\/span><\/div><ul class=\"list\"><li>Ani\u00adma\u00ad\u00e7\u00f5es de produtos<\/li><li>Ani\u00adma\u00ad\u00e7\u00e3o funcional<\/li><li>Imagens do produto<\/li><li>Fil\u00adme de imagem<\/li><\/ul><div class=\"vc_empty_space\" style=\"height: 15px\"><span class=\"vc_empty_space_inner\"><\/span><\/div>\n\t<div class=\"wpb_text_column wpb_content_element\">\n\t\t<div class=\"wpb_wrapper\">\n\t\t\t<p>O pre\u00ad\u00e7o por si s\u00f3 rara\u00admen\u00adte \u00e9 o fator decisi\u00advo em uma com\u00adpra. Qual\u00adi\u00adda\u00adde, con\u00adfia\u00adbil\u00adida\u00adde e ser\u00advi\u00ad\u00e7o t\u00eam um papel importan\u00adte. Com os pro\u00addu\u00adtos t\u00e9c\u00adni\u00adcos, h\u00e1 tam\u00adb\u00e9m a compreens\u00e3o do pro\u00addu\u00adto. E por \u00falti\u00admo, mas n\u00e3o menos importan\u00adte, as emo\u00ad\u00e7\u00f5es, sim, elas gos\u00adtam de ten\u00adtar as pes\u00ads\u00ado\u00adas a com\u00adprar. Ent\u00adra\u00admos em jogo com todos esses desa\u00adfi\u00ados e colo\u00adca\u00admos seu pro\u00addu\u00adto sob a luz cer\u00adta. Seja com uma imagem fixa foto-rea\u00adlis\u00adta ou uma ani\u00adma\u00ad\u00e7\u00e3o, con\u00adven\u00adce\u00adre\u00admos seus clientes.<\/p>\n\n\t\t<\/div>\n\t<\/div>\n<\/div><\/div><\/div><\/div><\/div><\/div><\/div><\/div><\/div><div class=\"wpb_column vc_column_container vc_col-sm-4\"><div class=\"vc_column-inner\"><div class=\"wpb_wrapper\">\n\t<div class=\"wpb_single_image wpb_content_element vc_align_left wpb_content_element\">\n\t\t\n\t\t<figure class=\"wpb_wrapper vc_figure\">\n\t\t\t<div class=\"vc_single_image-wrapper   vc_box_border_grey\"><img loading=\"lazy\" decoding=\"async\" width=\"964\" height=\"429\" src=\"https:\/\/kuhn-solutions.de\/wp-content\/uploads\/2018\/02\/consulting.jpg\" class=\"vc_single_image-img attachment-full\" alt title=\"consultoria\" srcset=\"https:\/\/kuhn-solutions.de\/wp-content\/uploads\/2018\/02\/consulting.jpg 964w, https:\/\/kuhn-solutions.de\/wp-content\/uploads\/2018\/02\/consulting-300x134.jpg 300w, https:\/\/kuhn-solutions.de\/wp-content\/uploads\/2018\/02\/consulting-768x342.jpg 768w, https:\/\/kuhn-solutions.de\/wp-content\/uploads\/2018\/02\/consulting-370x165.jpg 370w, https:\/\/kuhn-solutions.de\/wp-content\/uploads\/2018\/02\/consulting-360x160.jpg 360w, https:\/\/kuhn-solutions.de\/wp-content\/uploads\/2018\/02\/consulting-600x267.jpg 600w\" sizes=\"auto, (max-width: 964px) 100vw, 964px\"><\/div>\n\t\t<\/figure>\n\t<\/div>\n\n\t<div class=\"wpb_text_column wpb_content_element\">\n\t\t<div class=\"wpb_wrapper\">\n\t\t\t<h4>FORMAS DE COOPERA\u00c7\u00c3O<\/h4>\n<p>A con\u00adfian\u00ad\u00e7a e as par\u00adce\u00adri\u00adas de lon\u00adgo pra\u00adzo exi\u00adgem uma base trans\u00adpa\u00adren\u00adte. Para isso, ofe\u00adrece\u00admos dife\u00adren\u00adtes formas de coopera\u00e7\u00e3o.<\/p>\n<p>CONTRATO DE SERVI\u00c7O \u2013 Um ser\u00advi\u00ad\u00e7o acord\u00adado, a um pre\u00ad\u00e7o fixo acordado.<\/p>\n<p>CONTRATO DE TRABALHO \u2013 O obje\u00adtivo como obje\u00adto do cont\u00adra\u00adto, o suces\u00adso deter\u00admi\u00adna o cumprimento.<\/p>\n<p>CONTRATO DE MANUTEN\u00c7\u00c3O DE SOFTWARE E APOIO \u2013 Um pre\u00ad\u00e7o, supor\u00adte garan\u00adti\u00addo, duran\u00adte todo o&nbsp;ano.<\/p>\n<p>Deci\u00adda qual for\u00adma de cont\u00adra\u00adto \u00e9 a mais ade\u00adqua\u00adda para voc\u00ea. Teremos o mai\u00ador pra\u00adzer em aconselh\u00e1-lo.<\/p>\n\n\t\t<\/div>\n\t<\/div>\n<\/div><\/div><\/div><\/div><div class=\"vc_row wpb_row vc_row-fluid\"><div class=\"wpb_column vc_column_container vc_col-sm-12\"><div class=\"vc_column-inner\"><div class=\"wpb_wrapper\"><div class=\"vc_empty_space\" style=\"height: 42px\"><span class=\"vc_empty_space_inner\"><\/span><\/div>\n\t<div class=\"wpb_text_column wpb_content_element\">\n\t\t<div class=\"wpb_wrapper\">\n\t\t\t<p>Em <a href=\"https:\/\/kuhn-solutions.de\/pt\/projektportfolio\/\">Car\u00adtei\u00adra de pro\u00adje\u00adtos<\/a> voc\u00ea encon\u00adtrar\u00e1 um peque\u00adno trecho dos pro\u00adje\u00adtos que con\u00adclu\u00ed\u00admos com sucesso.<\/p>\n\n\t\t<\/div>\n\t<\/div>\n<\/div><\/div><\/div><\/div>\n<\/div>","protected":false},"excerpt":{"rendered":"Devi\u00addo \u00e0 nos\u00adsa com\u00adpo\u00adsi\u00ad\u00e7\u00e3o inter\u00addi\u00adsci\u00adpli\u00adnar, temos uma ampla car\u00adtei\u00adra de ser\u00advi\u00ad\u00e7os que temos o pra\u00adzer de colo\u00adcar \u00e0 sua dis\u00adpo\u00adsi\u00ad\u00e7\u00e3o. Pode\u00admos lhe ofe\u00adrecer solu\u00ad\u00e7\u00f5es indi\u00advi\u00adduais a par\u00adtir de uma \u00fani\u00adca fon\u00adte que s\u00e3o ide\u00adal\u00admen\u00adte adap\u00adta\u00addas \u00e0s neces\u00adsi\u00add\u00ada\u00addes de sua empre\u00adsa. D\u00ea uma olha\u00adda&nbsp;nisso\u2026","protected":false},"author":1,"featured_media":0,"parent":0,"menu_order":0,"comment_status":"open","ping_status":"open","template":"","meta":{"wp_typography_post_enhancements_disabled":false,"footnotes":""},"class_list":["post-1126","page","type-page","status-publish","hentry"],"_links":{"self":[{"href":"https:\/\/kuhn-solutions.de\/pt\/wp-json\/wp\/v2\/pages\/1126","targetHints":{"allow":["GET"]}}],"collection":[{"href":"https:\/\/kuhn-solutions.de\/pt\/wp-json\/wp\/v2\/pages"}],"about":[{"href":"https:\/\/kuhn-solutions.de\/pt\/wp-json\/wp\/v2\/types\/page"}],"author":[{"embeddable":true,"href":"https:\/\/kuhn-solutions.de\/pt\/wp-json\/wp\/v2\/users\/1"}],"replies":[{"embeddable":true,"href":"https:\/\/kuhn-solutions.de\/pt\/wp-json\/wp\/v2\/comments?post=1126"}],"version-history":[{"count":15,"href":"https:\/\/kuhn-solutions.de\/pt\/wp-json\/wp\/v2\/pages\/1126\/revisions"}],"predecessor-version":[{"id":1602,"href":"https:\/\/kuhn-solutions.de\/pt\/wp-json\/wp\/v2\/pages\/1126\/revisions\/1602"}],"wp:attachment":[{"href":"https:\/\/kuhn-solutions.de\/pt\/wp-json\/wp\/v2\/media?parent=1126"}],"curies":[{"name":"wp","href":"https:\/\/api.w.org\/{rel}","templated":true}]}}