{"id":1067,"date":"2018-05-24T10:03:22","date_gmt":"2018-05-24T08:03:22","guid":{"rendered":"https:\/\/kuhneng.de\/?page_id=1067"},"modified":"2022-10-03T09:30:49","modified_gmt":"2022-10-03T07:30:49","slug":"haftungsausschluss","status":"publish","type":"page","link":"https:\/\/kuhn-solutions.de\/pt\/haftungsausschluss\/","title":{"rendered":"Isen\u00ad\u00e7\u00e3o de responsabilidade"},"content":{"rendered":"<div class=\"wpb-content-wrapper\"><div class=\"vc_row wpb_row vc_row-fluid\"><div class=\"wpb_column vc_column_container vc_col-sm-12\"><div class=\"vc_column-inner\"><div class=\"wpb_wrapper\">\n\t<div class=\"wpb_text_column wpb_content_element\">\n\t\t<div class=\"wpb_wrapper\">\n\t\t\t<h1><span class=\"xr_tl xr_s18\"><span class=\"xr_s19\">Isen\u00e7\u00e3o de responsabilidade<\/span><\/span><\/h1>\n<h4><span class=\"xr_tl xr_s18\"><span class=\"xr_s19\">Responsabilidade pelo<\/span><\/span><span class=\"xr_tl xr_s18\"><span class=\"xr_s19\"> Inal<\/span><\/span><span class=\"xr_tl xr_s18\"><span class=\"xr_s19\">t<\/span><\/span><\/h4>\n<p>O con\u00adte\u00fa\u00addo de nos\u00adsas p\u00e1gi\u00adnas foi cria\u00addo com o mai\u00ador cui\u00add\u00adado. No ent\u00adan\u00adto, n\u00e3o pode\u00admos garan\u00adtir a exa\u00adti\u00add\u00e3o, inte\u00adgri\u00adda\u00adde e atu\u00adal\u00adi\u00adda\u00adde do con\u00adte\u00fa\u00addo. Como presta\u00addor de ser\u00advi\u00ad\u00e7os, somos respons\u00e1\u00adveis por nos\u00adso pr\u00f3\u00adprio con\u00adte\u00fa\u00addo nes\u00adtas p\u00e1gi\u00adnas, de acordo com a legis\u00adla\u00ad\u00e7\u00e3o geral, con\u00adfor\u00adme a Se\u00e7\u00e3o 7 (1) da Lei Ale\u00adm\u00e3 de Tele\u00adme\u00addia (TMG). Ent\u00adretan\u00adto, de acordo com os \u00a7\u00a7 8 a 10 TMG, n\u00e3o somos obri\u00adga\u00addos, como presta\u00addo\u00adres de ser\u00advi\u00ad\u00e7os, a moni\u00adtor\u00adar infor\u00adma\u00ad\u00e7\u00f5es trans\u00admit\u00adi\u00addas ou arma\u00adzena\u00addas de ter\u00adce\u00adi\u00adros ou a inves\u00adti\u00adgar cir\u00adcuns\u00adt\u00e2n\u00adci\u00adas que indi\u00adquem ativ\u00adi\u00adda\u00adde ile\u00adgal. As obri\u00adga\u00ad\u00e7\u00f5es de remo\u00adver ou blo\u00adquear o uso de infor\u00adma\u00ad\u00e7\u00f5es de acordo com as leis gerais n\u00e3o s\u00e3o afe\u00adta\u00addas por isso. Ent\u00adretan\u00adto, a responsa\u00adbil\u00adida\u00adde a este res\u00adpei\u00adto s\u00f3 \u00e9 pos\u00ads\u00ed\u00advel a par\u00adtir do momen\u00adto em que uma infra\u00ad\u00e7\u00e3o con\u00adcre\u00adta da lei se tor\u00adna con\u00adhe\u00adci\u00adda. Se tom\u00adar\u00admos con\u00adhe\u00adci\u00admen\u00adto de vio\u00adla\u00ad\u00e7\u00f5es cor\u00adre\u00adspon\u00adden\u00adtes, remo\u00adve\u00adremos ime\u00addia\u00adta\u00admen\u00adte este conte\u00fado.<\/p>\n<h4><span class=\"xr_tl xr_s18\"><span class=\"xr_s19\">Responsabilidade por&nbsp;links<\/span><\/span><\/h4>\n<p>Nos\u00adsa ofer\u00adta con\u00adt\u00e9m links para web\u00adsites exter\u00adnos de ter\u00adce\u00adi\u00adros, sob\u00adre cujo con\u00adte\u00fa\u00addo n\u00e3o temos influ\u00ean\u00adcia. Portan\u00adto, n\u00e3o pode\u00admos assu\u00adm\u00adir qual\u00adquer responsa\u00adbil\u00adida\u00adde por estes con\u00adte\u00fa\u00addos exter\u00adnos. O respec\u00adtivo for\u00adne\u00adce\u00addor ou ope\u00adra\u00addor das p\u00e1gi\u00adnas \u00e9 semp\u00adre respons\u00e1\u00advel pelo con\u00adte\u00fa\u00addo das p\u00e1gi\u00adnas vin\u00adcu\u00adla\u00addas. As p\u00e1gi\u00adnas vin\u00adcu\u00adla\u00addas foram veri\u00adfi\u00adca\u00addas quan\u00adto a pos\u00ads\u00ed\u00adveis vio\u00adla\u00ad\u00e7\u00f5es legais no momen\u00adto da cria\u00ad\u00e7\u00e3o do link. Os con\u00adte\u00fa\u00addos ile\u00adgais n\u00e3o eram recon\u00adhec\u00ed\u00adveis no momen\u00adto da liga\u00ad\u00e7\u00e3o. Ent\u00adretan\u00adto, o moni\u00adtor\u00ada\u00admen\u00adto per\u00adma\u00adnen\u00adte do con\u00adte\u00fa\u00addo das p\u00e1gi\u00adnas vin\u00adcu\u00adla\u00addas n\u00e3o \u00e9 razo\u00e1\u00advel sem indi\u00adca\u00ad\u00e7\u00f5es con\u00adcre\u00adtas de uma vio\u00adla\u00ad\u00e7\u00e3o legal. Se tom\u00adar\u00admos con\u00adhe\u00adci\u00admen\u00adto de qual\u00adquer vio\u00adla\u00ad\u00e7\u00e3o, remo\u00adve\u00adremos tais liga\u00ad\u00e7\u00f5es imediatamente.<\/p>\n<h4><span class=\"xr_tl xr_s18\"><span class=\"xr_s19\">Direitos autorais<\/span><\/span><\/h4>\n<p>O con\u00adte\u00fa\u00addo e as obras cria\u00addas pelos ope\u00adra\u00addo\u00adres do site nes\u00adtas p\u00e1gi\u00adnas est\u00e3o sujei\u00adtos \u00e0 lei ale\u00adm\u00e3 de direi\u00adtos autorais. As con\u00adtri\u00adbui\u00ad\u00e7\u00f5es de ter\u00adce\u00adi\u00adros s\u00e3o mar\u00adca\u00addas como tal. A repro\u00addu\u00ad\u00e7\u00e3o, edi\u00ad\u00e7\u00e3o, dis\u00adtri\u00adbui\u00ad\u00e7\u00e3o e qual\u00adquer tipo de explo\u00adra\u00ad\u00e7\u00e3o fora dos limi\u00adtes da lei de direi\u00adtos autorais exi\u00adgem o con\u00adsen\u00adti\u00admen\u00adto por escri\u00adto do respec\u00adtivo autor ou cria\u00addor. Down\u00adloads e c\u00f3pi\u00adas des\u00adte web\u00adsite s\u00e3o per\u00admit\u00adidos somen\u00adte para uso priv\u00ada\u00addo, n\u00e3o comer\u00adcial. Os ope\u00adra\u00addo\u00adres do web\u00adsite semp\u00adre se esfor\u00ad\u00e7am para res\u00adpeit\u00adar os direi\u00adtos autorais de ter\u00adce\u00adi\u00adros ou para usar seus pr\u00f3\u00adpri\u00ados tra\u00adbal\u00adhos ou tra\u00adbal\u00adhos sem licen\u00e7a.<\/p>\n<p>Fon\u00adte: Dis\u00adclai\u00admer from <a href=\"https:\/\/www.e-recht24.de\/\" target=\"_blank\" rel=\"noopener\">eRecht24.de<\/a>. Asses\u00adso\u00adria jur\u00ed\u00addi\u00adca da RA S\u00f6ren Siebert.<\/p>\n\n\t\t<\/div>\n\t<\/div>\n<\/div><\/div><\/div><\/div>\n<\/div>","protected":false},"excerpt":{"rendered":"Isen\u00ad\u00e7\u00e3o de responsa\u00adbil\u00adida\u00adde pelo con\u00adte\u00fa\u00addo O con\u00adte\u00fa\u00addo de nos\u00adsas p\u00e1gi\u00adnas foi cria\u00addo com o mai\u00ador cui\u00add\u00adado. Ent\u00adretan\u00adto, n\u00e3o pode\u00admos assu\u00adm\u00adir qual\u00adquer responsa\u00adbil\u00adida\u00adde pela exa\u00adti\u00add\u00e3o, inte\u00adgri\u00adda\u00adde e atu\u00adal\u00adi\u00adda\u00adde do con\u00adte\u00fa\u00addo. Como presta\u00addor de ser\u00advi\u00ad\u00e7os, somos respons\u00e1\u00adveis por nos\u00adso pr\u00f3\u00adprio con\u00adte\u00fa\u00addo de acordo com o \u00a7 7 \u00a7&nbsp;1\u2026","protected":false},"author":1,"featured_media":0,"parent":0,"menu_order":0,"comment_status":"closed","ping_status":"closed","template":"","meta":{"wp_typography_post_enhancements_disabled":false,"footnotes":""},"class_list":["post-1067","page","type-page","status-publish","hentry"],"_links":{"self":[{"href":"https:\/\/kuhn-solutions.de\/pt\/wp-json\/wp\/v2\/pages\/1067","targetHints":{"allow":["GET"]}}],"collection":[{"href":"https:\/\/kuhn-solutions.de\/pt\/wp-json\/wp\/v2\/pages"}],"about":[{"href":"https:\/\/kuhn-solutions.de\/pt\/wp-json\/wp\/v2\/types\/page"}],"author":[{"embeddable":true,"href":"https:\/\/kuhn-solutions.de\/pt\/wp-json\/wp\/v2\/users\/1"}],"replies":[{"embeddable":true,"href":"https:\/\/kuhn-solutions.de\/pt\/wp-json\/wp\/v2\/comments?post=1067"}],"version-history":[{"count":10,"href":"https:\/\/kuhn-solutions.de\/pt\/wp-json\/wp\/v2\/pages\/1067\/revisions"}],"predecessor-version":[{"id":2682,"href":"https:\/\/kuhn-solutions.de\/pt\/wp-json\/wp\/v2\/pages\/1067\/revisions\/2682"}],"wp:attachment":[{"href":"https:\/\/kuhn-solutions.de\/pt\/wp-json\/wp\/v2\/media?parent=1067"}],"curies":[{"name":"wp","href":"https:\/\/api.w.org\/{rel}","templated":true}]}}