{"id":1038,"date":"2018-05-08T18:54:42","date_gmt":"2018-05-08T16:54:42","guid":{"rendered":"https:\/\/kuhneng.de\/?page_id=1038"},"modified":"2019-09-07T20:58:41","modified_gmt":"2019-09-07T18:58:41","slug":"produktanimation-rundschalttisch-rse-4","status":"publish","type":"page","link":"https:\/\/kuhn-solutions.de\/pt\/produktanimation-rundschalttisch-rse-4\/","title":{"rendered":"Visua\u00adli\u00adza\u00ad\u00e7\u00f5es uti\u00adliz\u00adan\u00addo o exem\u00adplo da tabe\u00adla de index\u00ada\u00ad\u00e7\u00e3o rota\u00adti\u00adva RSE\u20114"},"content":{"rendered":"<div class=\"wpb-content-wrapper\"><div class=\"vc_row wpb_row vc_row-fluid\"><div class=\"wpb_column vc_column_container vc_col-sm-12\"><div class=\"vc_column-inner\"><div class=\"wpb_wrapper\">\n\t<div class=\"wpb_text_column wpb_content_element\">\n\t\t<div class=\"wpb_wrapper\">\n\t\t\t<p>Para a <a href=\"https:\/\/wagnerautomation.de\/\" target=\"_blank\" rel=\"noopener\">Frie\u00adde\u00admann Wag\u00adner GmbH<\/a>A mesa inde\u00adxa\u00addo\u00adra rota\u00adti\u00adva RSE\u20114 \u00e9 visua\u00adlizada por um pro\u00adfi\u00ads\u00adsio\u00adnal no cam\u00adpo da tec\u00adno\u00adlo\u00adgia de manu\u00ads\u00adeio e auto\u00adma\u00ad\u00e7\u00e3o. O foco do pro\u00adje\u00adto \u00e9 a descri\u00ad\u00e7\u00e3o visu\u00adal da fun\u00adcio\u00adnal\u00adida\u00adde, as in\u00fa\u00adme\u00adras op\u00e7\u00f5es de ajus\u00adte e con\u00adver\u00ads\u00e3o, assim como o manu\u00ads\u00adeio cor\u00adre\u00adto do pro\u00addu\u00adto. Este pro\u00adje\u00adto demons\u00adtra as pos\u00adsi\u00adbil\u00adida\u00addes e van\u00adta\u00adgens da ani\u00adma\u00ad\u00e7\u00e3o. Somen\u00adte com a aju\u00adda de ani\u00adma\u00ad\u00e7\u00f5es o cli\u00adente e o usu\u00e1\u00adrio podem compreen\u00adder a fun\u00ad\u00e7\u00e3o, bem como fatos t\u00e9c\u00adni\u00adcos com\u00adplexos no menor tem\u00adpo poss\u00edvel.<\/p>\n\n\t\t<\/div>\n\t<\/div>\n<div class=\"vc_empty_space\" style=\"height: 20px\"><span class=\"vc_empty_space_inner\"><\/span><\/div>\n\t<div class=\"wpb_text_column wpb_content_element\">\n\t\t<div class=\"wpb_wrapper\">\n\t\t\t<h2>As anima\u00e7\u00f5es e as respectivas descri\u00e7\u00f5es de anima\u00e7\u00e3o, dispostas em abas como exemplos:<\/h2>\n\n\t\t<\/div>\n\t<\/div>\n<div class=\"vc_empty_space\" style=\"height: 32px\"><span class=\"vc_empty_space_inner\"><\/span><\/div><div class=\"vc_tta-container\" data-vc-action=\"collapse\"><div class=\"vc_general vc_tta vc_tta-tabs vc_tta-color-grey vc_tta-style-anps_tabs vc_tta-shape-rounded vc_tta-spacing-1 vc_tta-tabs-position-top vc_tta-controls-align-left\"><div class=\"vc_tta-tabs-container\"><ul class=\"vc_tta-tabs-list\" role=\"tablist\"><li class=\"vc_tta-tab vc_active\" data-vc-tab role=\"presentation\"><a href=\"#1525864524961-a1220746-44e3\" data-vc-tabs data-vc-container=\".vc_tta\" role=\"tab\" id=\"tab-1525864524961-a1220746-44e3\"><span class=\"vc_tta-title-text\">Visua\u00adli\u00adza\u00ad\u00e7\u00e3o de pro\u00addu\u00adtos em&nbsp;3D<\/span><\/a><\/li><li class=\"vc_tta-tab\" data-vc-tab role=\"presentation\"><a href=\"#1567881284521-97f6b74d-d8ce\" data-vc-tabs data-vc-container=\".vc_tta\" role=\"tab\" id=\"tab-1567881284521-97f6b74d-d8ce\"><span class=\"vc_tta-title-text\">Como fun\u00adcio\u00adna<\/span><\/a><\/li><li class=\"vc_tta-tab\" data-vc-tab role=\"presentation\"><a href=\"#1525879196769-08411511-7778\" data-vc-tabs data-vc-container=\".vc_tta\" role=\"tab\" id=\"tab-1525879196769-08411511-7778\"><span class=\"vc_tta-title-text\">Rota\u00ad\u00e7\u00e3o \u00e0 esquerda<\/span><\/a><\/li><li class=\"vc_tta-tab\" data-vc-tab role=\"presentation\"><a href=\"#1525879432370-7a78aae8-61a4\" data-vc-tabs data-vc-container=\".vc_tta\" role=\"tab\" id=\"tab-1525879432370-7a78aae8-61a4\"><span class=\"vc_tta-title-text\">Rota\u00ad\u00e7\u00e3o \u00e0 direita<\/span><\/a><\/li><li class=\"vc_tta-tab\" data-vc-tab role=\"presentation\"><a href=\"#1536731472028-47be73de-9851\" data-vc-tabs data-vc-container=\".vc_tta\" role=\"tab\" id=\"tab-1536731472028-47be73de-9851\"><span class=\"vc_tta-title-text\">Ope\u00adra\u00ad\u00e7\u00e3o Pen\u00addulum&nbsp;180<\/span><\/a><\/li><li class=\"vc_tta-tab\" data-vc-tab role=\"presentation\"><a href=\"#1525864525006-ee89c05d-c8c9\" data-vc-tabs data-vc-container=\".vc_tta\" role=\"tab\" id=\"tab-1525864525006-ee89c05d-c8c9\"><span class=\"vc_tta-title-text\">Con\u00adtro\u00adle liv\u00adre da ope\u00adra\u00ad\u00e7\u00e3o do vaiv\u00e9m<\/span><\/a><\/li><li class=\"vc_tta-tab\" data-vc-tab role=\"presentation\"><a href=\"#1536731506362-c1952daa-cc11\" data-vc-tabs data-vc-container=\".vc_tta\" role=\"tab\" id=\"tab-1536731506362-c1952daa-cc11\"><span class=\"vc_tta-title-text\">Ace\u00adle\u00adra\u00ad\u00e7\u00e3o e velo\u00adci\u00adda\u00adde de rota\u00e7\u00e3o<\/span><\/a><\/li><li class=\"vc_tta-tab\" data-vc-tab role=\"presentation\"><a href=\"#1536731523605-2a0eb15e-9461\" data-vc-tabs data-vc-container=\".vc_tta\" role=\"tab\" id=\"tab-1536731523605-2a0eb15e-9461\"><span class=\"vc_tta-title-text\">Soli\u00adci\u00adta\u00ad\u00e7\u00e3o de posi\u00e7\u00e3o<\/span><\/a><\/li><li class=\"vc_tta-tab\" data-vc-tab role=\"presentation\"><a href=\"#1536731540754-fd65c643-010a\" data-vc-tabs data-vc-container=\".vc_tta\" role=\"tab\" id=\"tab-1536731540754-fd65c643-010a\"><span class=\"vc_tta-title-text\">Amor\u00adte\u00adce\u00addor de choque<\/span><\/a><\/li><li class=\"vc_tta-tab\" data-vc-tab role=\"presentation\"><a href=\"#1536731558337-997d9d01-77b5\" data-vc-tabs data-vc-container=\".vc_tta\" role=\"tab\" id=\"tab-1536731558337-997d9d01-77b5\"><span class=\"vc_tta-title-text\">Ajus\u00adte do amor\u00adte\u00adce\u00addor e travamento<\/span><\/a><\/li><\/ul><\/div><div class=\"vc_tta-panels-container\"><div class=\"vc_tta-panels\"><div class=\"vc_tta-panel vc_active\" id=\"1525864524961-a1220746-44e3\" data-vc-content=\".vc_tta-panel-body\"><div class=\"vc_tta-panel-heading\"><h4 class=\"vc_tta-panel-title\"><a href=\"#1525864524961-a1220746-44e3\" data-vc-accordion data-vc-container=\".vc_tta-container\"><span class=\"vc_tta-title-text\">Visualiza\u00e7\u00e3o de produtos em&nbsp;3D<\/span><\/a><\/h4><\/div><div class=\"vc_tta-panel-body\"><div class=\"video-wrapper\"><\/div><div class=\"vc_empty_space\" style=\"height: 20px\"><span class=\"vc_empty_space_inner\"><\/span><\/div>\n\t<div class=\"wpb_text_column wpb_content_element\">\n\t\t<div class=\"wpb_wrapper\">\n\t\t\t<h2 data-fontsize=\"19\" data-lineheight=\"26\">Visualiza\u00e7\u00e3o 3D do produto \u2013 Tabela de indexa\u00e7\u00e3o rotativa RSE\u20114<\/h2>\n<p>Esta visua\u00adli\u00adza\u00ad\u00e7\u00e3o do pro\u00addu\u00adto intro\u00adduz a mesa inde\u00adxa\u00addo\u00adra rota\u00adti\u00adva RSE\u20114 (e RSE\u20113) da Frie\u00adde\u00admann Wag\u00adner GmbH. Os modos de ope\u00adra\u00ad\u00e7\u00e3o essen\u00adciais, a fun\u00adcio\u00adnal\u00adida\u00adde, bem como recur\u00adsos adi\u00adcio\u00adnais e op\u00e7\u00f5es de con\u00adfi\u00adgu\u00adra\u00ad\u00e7\u00e3o s\u00e3o apre\u00adsen\u00adta\u00addos de for\u00adma bre\u00adve e compreen\u00ads\u00ed\u00advel. As outras abas con\u00adt\u00eam as ani\u00adma\u00ad\u00e7\u00f5es indi\u00advi\u00adduais que desta\u00adcam e expli\u00adcam as fun\u00ad\u00e7\u00f5es e carac\u00adte\u00adr\u00ed\u00adsti\u00adcas indi\u00advi\u00adduais do produto.<\/p>\n\n\t\t<\/div>\n\t<\/div>\n<\/div><\/div><div class=\"vc_tta-panel\" id=\"1567881284521-97f6b74d-d8ce\" data-vc-content=\".vc_tta-panel-body\"><div class=\"vc_tta-panel-heading\"><h4 class=\"vc_tta-panel-title\"><a href=\"#1567881284521-97f6b74d-d8ce\" data-vc-accordion data-vc-container=\".vc_tta-container\"><span class=\"vc_tta-title-text\">Como funciona<\/span><\/a><\/h4><\/div><div class=\"vc_tta-panel-body\"><div class=\"video-wrapper\"><\/div><div class=\"vc_empty_space\" style=\"height: 20px\"><span class=\"vc_empty_space_inner\"><\/span><\/div>\n\t<div class=\"wpb_text_column wpb_content_element\">\n\t\t<div class=\"wpb_wrapper\">\n\t\t\t<h2 data-fontsize=\"19\" data-lineheight=\"26\">Modo de opera\u00e7\u00e3o \u2013 Tabela de indexa\u00e7\u00e3o rotativa RSE\u20114<\/h2>\n<p>Modo de ope\u00adra\u00ad\u00e7\u00e3o da mesa inde\u00adxa\u00addo\u00adra rota\u00adti\u00adva RSE\u20114 (e RSE\u20113). Com a cre\u00admal\u00adhei\u00adra den\u00adta\u00adda (pis\u00adt\u00e3o) enga\u00adta\u00adda, a pla\u00adca \u00e9 gira\u00adda (ali\u00admen\u00adta\u00ad\u00e7\u00e3o). O movi\u00admen\u00adto line\u00adar \u00e9 con\u00advert\u00adido em rota\u00ad\u00e7\u00e3o. Na posi\u00ad\u00e7\u00e3o final, o acio\u00adna\u00admen\u00adto \u00e9 des\u00aden\u00adga\u00adta\u00addo e ao mes\u00admo tem\u00adpo o pra\u00adto \u00e9 inde\u00adxa\u00addo para usi\u00adnar a pe\u00e7a (absor\u00ad\u00e7\u00e3o de tor\u00adque blo\u00adque\u00ada\u00addo 100 Nm por 2 para\u00adfu\u00adsos inde\u00adxa\u00addos). Quan\u00addo a pla\u00adca \u00e9 tra\u00adva\u00adda, o rack vol\u00adta \u00e0 posi\u00ad\u00e7\u00e3o ini\u00adcial. O con\u00adtro\u00adle pode assim ser fei\u00adto atra\u00adv\u00e9s de uma v\u00e1l\u00advu\u00adla de con\u00adtro\u00adle dire\u00adcio\u00adnal 5\/2!<\/p>\n\n\t\t<\/div>\n\t<\/div>\n<\/div><\/div><div class=\"vc_tta-panel\" id=\"1525879196769-08411511-7778\" data-vc-content=\".vc_tta-panel-body\"><div class=\"vc_tta-panel-heading\"><h4 class=\"vc_tta-panel-title\"><a href=\"#1525879196769-08411511-7778\" data-vc-accordion data-vc-container=\".vc_tta-container\"><span class=\"vc_tta-title-text\">Rota\u00e7\u00e3o \u00e0 esquerda<\/span><\/a><\/h4><\/div><div class=\"vc_tta-panel-body\"><div class=\"video-wrapper\"><\/div><div class=\"vc_empty_space\" style=\"height: 20px\"><span class=\"vc_empty_space_inner\"><\/span><\/div>\n\t<div class=\"wpb_text_column wpb_content_element\">\n\t\t<div class=\"wpb_wrapper\">\n\t\t\t<h2 data-fontsize=\"19\" data-lineheight=\"26\">Rota\u00e7\u00e3o no sentido anti-hor\u00e1rio \u2013 Tabela de indexa\u00e7\u00e3o rotativa RSE\u20114<\/h2>\n<p>Mesa inde\u00adxa\u00addo\u00adra gira\u00adt\u00f3ria pneum\u00e1\u00adti\u00adca RSE\u20114. Mostra\u00adda aqui em rota\u00ad\u00e7\u00e3o anti-hor\u00e1\u00adria, vis\u00adta de cima na pla\u00adca. A dire\u00ad\u00e7\u00e3o da rota\u00ad\u00e7\u00e3o pode ser alterada pelo cli\u00adente. Al\u00e9m dis\u00adso, um kit de con\u00adver\u00ads\u00e3o para ope\u00adra\u00ad\u00e7\u00e3o pen\u00addu\u00adlar est\u00e1 dis\u00adpon\u00ed\u00advel como um acess\u00f3rio!<\/p>\n\n\t\t<\/div>\n\t<\/div>\n<\/div><\/div><div class=\"vc_tta-panel\" id=\"1525879432370-7a78aae8-61a4\" data-vc-content=\".vc_tta-panel-body\"><div class=\"vc_tta-panel-heading\"><h4 class=\"vc_tta-panel-title\"><a href=\"#1525879432370-7a78aae8-61a4\" data-vc-accordion data-vc-container=\".vc_tta-container\"><span class=\"vc_tta-title-text\">Rota\u00e7\u00e3o \u00e0 direita<\/span><\/a><\/h4><\/div><div class=\"vc_tta-panel-body\"><div class=\"video-wrapper\"><\/div><div class=\"vc_empty_space\" style=\"height: 20px\"><span class=\"vc_empty_space_inner\"><\/span><\/div>\n\t<div class=\"wpb_text_column wpb_content_element\">\n\t\t<div class=\"wpb_wrapper\">\n\t\t\t<h2 data-fontsize=\"19\" data-lineheight=\"26\">Rota\u00e7\u00e3o no sentido hor\u00e1rio \u2013 Tabela de indexa\u00e7\u00e3o rotativa RSE\u20114<\/h2>\n<p>Mesa inde\u00adxa\u00addo\u00adra gira\u00adt\u00f3ria pneum\u00e1\u00adti\u00adca RSE\u20114. Mostra\u00adda aqui em rota\u00ad\u00e7\u00e3o no sent\u00adi\u00addo hor\u00e1\u00adrio, vis\u00adta de cima na pla\u00adca. A dire\u00ad\u00e7\u00e3o da rota\u00ad\u00e7\u00e3o pode ser alterada pelo cli\u00adente. Al\u00e9m dis\u00adso, um kit de con\u00adver\u00ads\u00e3o para ope\u00adra\u00ad\u00e7\u00e3o pen\u00addu\u00adlar est\u00e1 dis\u00adpon\u00ed\u00advel como um acess\u00f3rio!<\/p>\n\n\t\t<\/div>\n\t<\/div>\n<\/div><\/div><div class=\"vc_tta-panel\" id=\"1536731472028-47be73de-9851\" data-vc-content=\".vc_tta-panel-body\"><div class=\"vc_tta-panel-heading\"><h4 class=\"vc_tta-panel-title\"><a href=\"#1536731472028-47be73de-9851\" data-vc-accordion data-vc-container=\".vc_tta-container\"><span class=\"vc_tta-title-text\">Opera\u00e7\u00e3o Pendulum 180<\/span><\/a><\/h4><\/div><div class=\"vc_tta-panel-body\"><div class=\"video-wrapper\"><\/div><div class=\"vc_empty_space\" style=\"height: 20px\"><span class=\"vc_empty_space_inner\"><\/span><\/div>\n\t<div class=\"wpb_text_column wpb_content_element\">\n\t\t<div class=\"wpb_wrapper\">\n\t\t\t<h2>Opera\u00e7\u00e3o de p\u00eandulo 180\u00b0 \u2013 Tabela de indexa\u00e7\u00e3o rotativa RSE\u20114<\/h2>\n<p>Ani\u00adma\u00ad\u00e7\u00e3o de uma ope\u00adra\u00ad\u00e7\u00e3o de p\u00ean\u00addu\u00adlo esquer\u00adda \/ direi\u00adta \u2013 180\u00b0. A uni\u00adda\u00adde de inter\u00adrup\u00adtor rota\u00adtivo RSE\u20113 e RSE\u20114 j\u00e1 pode ser enco\u00admendada ex works em um pro\u00adje\u00adto de p\u00ean\u00addu\u00adlo. Alter\u00adna\u00adtiv\u00ada\u00admen\u00adte, uma con\u00adver\u00ads\u00e3o pos\u00adte\u00adri\u00ador tam\u00adb\u00e9m \u00e9 pos\u00ads\u00ed\u00advel (aces\u00ads\u00f3ri\u00ados, kit de convers\u00e3o).<\/p>\n\n\t\t<\/div>\n\t<\/div>\n<\/div><\/div><div class=\"vc_tta-panel\" id=\"1525864525006-ee89c05d-c8c9\" data-vc-content=\".vc_tta-panel-body\"><div class=\"vc_tta-panel-heading\"><h4 class=\"vc_tta-panel-title\"><a href=\"#1525864525006-ee89c05d-c8c9\" data-vc-accordion data-vc-container=\".vc_tta-container\"><span class=\"vc_tta-title-text\">Controle livre da opera\u00e7\u00e3o do vaiv\u00e9m<\/span><\/a><\/h4><\/div><div class=\"vc_tta-panel-body\"><div class=\"video-wrapper\"><\/div><div class=\"vc_empty_space\" style=\"height: 20px\"><span class=\"vc_empty_space_inner\"><\/span><\/div>\n\t<div class=\"wpb_text_column wpb_content_element\">\n\t\t<div class=\"wpb_wrapper\">\n\t\t\t<h2>Controle livre da opera\u00e7\u00e3o do p\u00eandulo \u2013 Tabela de indexa\u00e7\u00e3o rotativa RSE\u20114<\/h2>\n<p>Ani\u00adma\u00ad\u00e7\u00e3o de uma ope\u00adra\u00ad\u00e7\u00e3o de p\u00ean\u00addu\u00adlo esquer\u00adda \/ direi\u00adta \u2013 con\u00adtro\u00adle liv\u00adre. A uni\u00adda\u00adde de chave rota\u00adti\u00adva RSE\u20113 e RSE\u20114 j\u00e1 pode ser enco\u00admendada ex works na ver\u00ads\u00e3o p\u00ean\u00addu\u00adlo. Alter\u00adna\u00adtiv\u00ada\u00admen\u00adte, uma con\u00adver\u00ads\u00e3o pos\u00adte\u00adri\u00ador tam\u00adb\u00e9m \u00e9 pos\u00ads\u00ed\u00advel (aces\u00ads\u00f3ri\u00ados, kit de convers\u00e3o).<\/p>\n\n\t\t<\/div>\n\t<\/div>\n<\/div><\/div><div class=\"vc_tta-panel\" id=\"1536731506362-c1952daa-cc11\" data-vc-content=\".vc_tta-panel-body\"><div class=\"vc_tta-panel-heading\"><h4 class=\"vc_tta-panel-title\"><a href=\"#1536731506362-c1952daa-cc11\" data-vc-accordion data-vc-container=\".vc_tta-container\"><span class=\"vc_tta-title-text\">Acelera\u00e7\u00e3o e velocidade de rota\u00e7\u00e3o<\/span><\/a><\/h4><\/div><div class=\"vc_tta-panel-body\"><div class=\"video-wrapper\"><\/div><div class=\"vc_empty_space\" style=\"height: 20px\"><span class=\"vc_empty_space_inner\"><\/span><\/div>\n\t<div class=\"wpb_text_column wpb_content_element\">\n\t\t<div class=\"wpb_wrapper\">\n\t\t\t<h2>Acelerador para ajustar a velocidade de rota\u00e7\u00e3o \u2013 Tabela de indexa\u00e7\u00e3o rotativa RSE\u20114<\/h2>\n<p>Para o ajus\u00adte sem pas\u00adsos da velo\u00adci\u00adda\u00adde da pla\u00adca, a uni\u00adda\u00adde de index\u00ada\u00ad\u00e7\u00e3o rota\u00adti\u00adva tem um ace\u00adle\u00adra\u00addor de ar de exaus\u00adt\u00e3o inte\u00adgra\u00addo que fun\u00adcio\u00adna ex Isto signi\u00adfi\u00adca que n\u00e3o pre\u00adcisa ser com\u00adpra\u00addo ou conec\u00adta\u00addo separadamente.<\/p>\n\n\t\t<\/div>\n\t<\/div>\n<\/div><\/div><div class=\"vc_tta-panel\" id=\"1536731523605-2a0eb15e-9461\" data-vc-content=\".vc_tta-panel-body\"><div class=\"vc_tta-panel-heading\"><h4 class=\"vc_tta-panel-title\"><a href=\"#1536731523605-2a0eb15e-9461\" data-vc-accordion data-vc-container=\".vc_tta-container\"><span class=\"vc_tta-title-text\">Solicita\u00e7\u00e3o de posi\u00e7\u00e3o<\/span><\/a><\/h4><\/div><div class=\"vc_tta-panel-body\"><div class=\"video-wrapper\"><\/div><div class=\"vc_empty_space\" style=\"height: 20px\"><span class=\"vc_empty_space_inner\"><\/span><\/div>\n\t<div class=\"wpb_text_column wpb_content_element\">\n\t\t<div class=\"wpb_wrapper\">\n\t\t\t<h2 class=\"title style-scope ytd-video-primary-info-renderer\">Chave de proximidade de detec\u00e7\u00e3o de posi\u00e7\u00e3o NSS-O\u20116.5 na tabela de indexa\u00e7\u00e3o rotativa RSE\u20114<\/h2>\n<p>Aqui \u00e9 mostra\u00adda a detec\u00ad\u00e7\u00e3o atra\u00adv\u00e9s do con\u00adjun\u00adto de cha\u00adves de pro\u00adxi\u00admi\u00adda\u00adde NSS-O\u20116.5\u2011S-65. Os sen\u00adso\u00adres s\u00e3o simp\u00adles\u00admen\u00adte apa\u00adra\u00adfu\u00adsa\u00addos no lugar dos tamp\u00f5es fal\u00adsos e recon\u00adhe\u00adcem a posi\u00ad\u00e7\u00e3o final do rack. Mostra\u00addo sob\u00adre uma mesa em rota\u00ad\u00e7\u00e3o anti-hor\u00e1\u00adria (olhan\u00addo a pla\u00adca de cima), voc\u00ea pode ver a sina\u00adli\u00adza\u00ad\u00e7\u00e3o ap\u00f3s o final da ali\u00admen\u00adta\u00ad\u00e7\u00e3o (pla\u00adca gira\u00adda) e quan\u00addo o rack \u00e9 retra\u00ed\u00addo (impli\u00adca: travado).<\/p>\n\n\t\t<\/div>\n\t<\/div>\n<\/div><\/div><div class=\"vc_tta-panel\" id=\"1536731540754-fd65c643-010a\" data-vc-content=\".vc_tta-panel-body\"><div class=\"vc_tta-panel-heading\"><h4 class=\"vc_tta-panel-title\"><a href=\"#1536731540754-fd65c643-010a\" data-vc-accordion data-vc-container=\".vc_tta-container\"><span class=\"vc_tta-title-text\">Amortecedor de choque<\/span><\/a><\/h4><\/div><div class=\"vc_tta-panel-body\"><div class=\"video-wrapper\"><\/div><div class=\"vc_empty_space\" style=\"height: 20px\"><span class=\"vc_empty_space_inner\"><\/span><\/div>\n\t<div class=\"wpb_text_column wpb_content_element\">\n\t\t<div class=\"wpb_wrapper\">\n\t\t\t<h2 class=\"title style-scope ytd-video-primary-info-renderer\">Amortecedor de choque na mesa de som circular RSE\u20114<\/h2>\n<p>Mostra\u00adda aqui est\u00e1 a situa\u00ad\u00e7\u00e3o de instala\u00ad\u00e7\u00e3o do amor\u00adte\u00adce\u00addor com uma mesa em rota\u00ad\u00e7\u00e3o anti-hor\u00e1\u00adria (olhan\u00addo a pla\u00adca de cima). Depen\u00adden\u00addo da in\u00e9rcia m\u00f3vel e da car\u00adga, o amor\u00adte\u00adce\u00addor deve ser aju\u00ads\u00adta\u00addo ou atra\u00adv\u00e9s do para\u00adfu\u00adso de ajus\u00adte ou, se neces\u00ads\u00e1\u00adrio, giran\u00addo o amor\u00adte\u00adce\u00addor para den\u00adtro e para fora (cur\u00adso efetivo).<\/p>\n\n\t\t<\/div>\n\t<\/div>\n<\/div><\/div><div class=\"vc_tta-panel\" id=\"1536731558337-997d9d01-77b5\" data-vc-content=\".vc_tta-panel-body\"><div class=\"vc_tta-panel-heading\"><h4 class=\"vc_tta-panel-title\"><a href=\"#1536731558337-997d9d01-77b5\" data-vc-accordion data-vc-container=\".vc_tta-container\"><span class=\"vc_tta-title-text\">Ajuste do amortecedor e travamento<\/span><\/a><\/h4><\/div><div class=\"vc_tta-panel-body\"><div class=\"video-wrapper\"><\/div><div class=\"vc_empty_space\" style=\"height: 20px\"><span class=\"vc_empty_space_inner\"><\/span><\/div>\n\t<div class=\"wpb_text_column wpb_content_element\">\n\t\t<div class=\"wpb_wrapper\">\n\t\t\t<h2 class=\"title style-scope ytd-video-primary-info-renderer\">Ajuste do amortecedor para o bloqueio correto<\/h2>\n<p>Se o amor\u00adte\u00adci\u00admen\u00adto da mesa inde\u00adxa\u00addo\u00adra rota\u00adti\u00adva n\u00e3o for aju\u00ads\u00adta\u00addo cor\u00adre\u00adta\u00admen\u00adte \u00e0 car\u00adga, a ener\u00adgia cin\u00e9\u00adti\u00adca far\u00e1 com que ela pare pre\u00adma\u00adtura\u00admen\u00adte ou ultra\u00adpas\u00adse a posi\u00ad\u00e7\u00e3o inde\u00adxa\u00adda. Depen\u00adden\u00addo da situa\u00ad\u00e7\u00e3o, isto impe\u00adde ou difi\u00adcul\u00adta o tra\u00adva\u00admen\u00adto da tra\u00adves\u00adsa, j\u00e1 que os dois para\u00adfu\u00adsos n\u00e3o con\u00adse\u00adguem encon\u00adtrar seu camin\u00adho para den\u00adtro da tra\u00adva liv\u00adre\u00admen\u00adte. Embo\u00adra os para\u00adfu\u00adsos de tra\u00adva\u00admen\u00adto c\u00f4ni\u00adco per\u00admi\u00adtam a index\u00ada\u00ad\u00e7\u00e3o, isto est\u00e1 asso\u00adcia\u00addo a um movi\u00admen\u00adto e des\u00adgas\u00adte sujo. Nor\u00admal\u00admen\u00adte este peque\u00adno erro de ajus\u00adte pode ser vis\u00adto quan\u00addo a pla\u00adca \u00e9 puxa\u00adda para fren\u00adte ou para tr\u00e1s. Portan\u00adto, semp\u00adre ajus\u00adte o amor\u00adte\u00adce\u00addor \u00e0 sua car\u00adga (para\u00adfu\u00adso de ajus\u00adte no amor\u00adte\u00adce\u00addor ou uti\u00adliz\u00adan\u00addo o cur\u00adso giran\u00addo o amor\u00adte\u00adce\u00addor para den\u00adtro ou para&nbsp;fora).<\/p>\n\n\t\t<\/div>\n\t<\/div>\n<\/div><\/div><\/div><\/div><\/div><\/div><\/div><\/div><\/div><div class=\"wpb_column vc_column_container vc_col-sm-12\"><div class=\"vc_column-inner\"><div class=\"wpb_wrapper\">\n\t<div class=\"wpb_text_column wpb_content_element\">\n\t\t<div class=\"wpb_wrapper\">\n\t\t\t<p style=\"text-align: center;\">O <a href=\"https:\/\/wagnerautomation.de\" target=\"_blank\" rel=\"noopener\">Frie\u00adde\u00admann Wag\u00adner GmbH<\/a> Mui\u00adto obri\u00adga\u00addo por for\u00adne\u00adcer as descri\u00ad\u00e7\u00f5es da anima\u00e7\u00e3o.<\/p>\n\n\t\t<\/div>\n\t<\/div>\n<div class=\"vc_empty_space\" style=\"height: 32px\"><span class=\"vc_empty_space_inner\"><\/span><\/div><\/div><\/div><\/div><\/div><div data-vc-full-width=\"true\" data-vc-full-width-temp=\"true\" data-vc-full-width-init=\"false\" class=\"vc_row wpb_row vc_row-fluid vc_custom_1496321201384 vc_row-has-fill\"><div class=\"wpb_column vc_column_container vc_col-sm-8\"><div class=\"vc_column-inner\"><div class=\"wpb_wrapper\">\n\t<div class=\"wpb_text_column wpb_content_element vc_custom_1536734877981\">\n\t\t<div class=\"wpb_wrapper\">\n\t\t\t<h3 style=\"text-align: left;\"><span style=\"color: #ffffff;\">Sejam anima\u00e7\u00f5es de produtos, anima\u00e7\u00f5es funcionais, ilustra\u00e7\u00f5es de produtos ou um filme de imagem, trazemos luz e movimento para o seu neg\u00f3cio.<\/span><\/h3>\n\n\t\t<\/div>\n\t<\/div>\n<\/div><\/div><\/div><div class=\"wpb_column vc_column_container vc_col-sm-4\"><div class=\"vc_column-inner\"><div class=\"wpb_wrapper\"><a target=\"_self\" href=\"mailto:info@kuhn-solutions.de\" class=\"btn  btn-md style-1\" id=\"custom-id-0\" style>PEDIDO SEM COMPROMISSO<\/a><\/div><\/div><\/div><\/div><div class=\"vc_row-full-width vc_clearfix\"><\/div>\n<\/div>","protected":false},"excerpt":{"rendered":"A mesa inde\u00adxa\u00addo\u00adra rota\u00adti\u00adva RSE\u20114 est\u00e1 sen\u00addo visua\u00adlizada para Frie\u00adde\u00admann Wag\u00adner GmbH, um pro\u00adfi\u00ads\u00adsio\u00adnal na \u00e1rea de tec\u00adno\u00adlo\u00adgia de manu\u00ads\u00adeio e auto\u00adma\u00ad\u00e7\u00e3o. O foco do pro\u00adje\u00adto \u00e9 a descri\u00ad\u00e7\u00e3o visu\u00adal da fun\u00adcio\u00adnal\u00adida\u00adde, as in\u00fa\u00adme\u00adras op\u00e7\u00f5es de ajus\u00adte e con\u00adver\u00ads\u00e3o, assim como o manu\u00ads\u00adeio cor\u00adre\u00adto do produto.\u2026","protected":false},"author":1,"featured_media":0,"parent":0,"menu_order":0,"comment_status":"open","ping_status":"closed","template":"","meta":{"wp_typography_post_enhancements_disabled":false,"footnotes":""},"class_list":["post-1038","page","type-page","status-publish","hentry"],"_links":{"self":[{"href":"https:\/\/kuhn-solutions.de\/pt\/wp-json\/wp\/v2\/pages\/1038","targetHints":{"allow":["GET"]}}],"collection":[{"href":"https:\/\/kuhn-solutions.de\/pt\/wp-json\/wp\/v2\/pages"}],"about":[{"href":"https:\/\/kuhn-solutions.de\/pt\/wp-json\/wp\/v2\/types\/page"}],"author":[{"embeddable":true,"href":"https:\/\/kuhn-solutions.de\/pt\/wp-json\/wp\/v2\/users\/1"}],"replies":[{"embeddable":true,"href":"https:\/\/kuhn-solutions.de\/pt\/wp-json\/wp\/v2\/comments?post=1038"}],"version-history":[{"count":70,"href":"https:\/\/kuhn-solutions.de\/pt\/wp-json\/wp\/v2\/pages\/1038\/revisions"}],"predecessor-version":[{"id":1798,"href":"https:\/\/kuhn-solutions.de\/pt\/wp-json\/wp\/v2\/pages\/1038\/revisions\/1798"}],"wp:attachment":[{"href":"https:\/\/kuhn-solutions.de\/pt\/wp-json\/wp\/v2\/media?parent=1038"}],"curies":[{"name":"wp","href":"https:\/\/api.w.org\/{rel}","templated":true}]}}