{"id":991,"date":"2018-04-13T17:58:48","date_gmt":"2018-04-13T15:58:48","guid":{"rendered":"https:\/\/kuhneng.de\/?page_id=991"},"modified":"2019-08-14T10:48:35","modified_gmt":"2019-08-14T08:48:35","slug":"macros-for-solidworks","status":"publish","type":"page","link":"https:\/\/kuhn-solutions.de\/pl\/macros-for-solidworks\/","title":{"rendered":"MAKRA DLA SOLIDWORKS \u2013 BEZP\u0141ATNIE"},"content":{"rendered":"<div class=\"wpb-content-wrapper\"><div class=\"vc_row wpb_row vc_row-fluid\"><div class=\"wpb_column vc_column_container vc_col-sm-6\"><div class=\"vc_column-inner\"><div class=\"wpb_wrapper\"><h5 class=\"heading-content  style-1\"><span>USTAW OPTYMALN\u0104 SZEROKO\u015a\u0106 KOLUMNY W LISTACH CZ\u0118\u015aCI<em class=\"heading-subtitle\">RYSUNEK W PROGRAMIE SOLIDWORKS<\/em><\/span><\/h5>\n\t<div class=\"wpb_text_column wpb_content_element\">\n\t\t<div class=\"wpb_wrapper\">\n\t\t\t<p>Poka\u00adzu\u00adje, jak za pomoc\u0105 makra mo\u017c\u00adna doko\u00adn\u00ada\u0107 auto\u00adma\u00adty\u00adcz\u00adn\u00adego dosto\u00adso\u00adwa\u00adnia kolumn w tabe\u00adli z lis\u00adt\u0105 cz\u0119\u015bci.<\/p>\n\n\t\t<\/div>\n\t<\/div>\n<\/div><\/div><\/div><div class=\"wpb_column vc_column_container vc_col-sm-6\"><div class=\"vc_column-inner\"><div class=\"wpb_wrapper\">\n\t<div class=\"wpb_single_image wpb_content_element vc_align_left wpb_content_element\">\n\t\t\n\t\t<figure class=\"wpb_wrapper vc_figure\">\n\t\t\t<div class=\"vc_single_image-wrapper   vc_box_border_grey\"><img loading=\"lazy\" decoding=\"async\" width=\"1194\" height=\"290\" src=\"https:\/\/kuhn-solutions.de\/wp-content\/uploads\/2018\/04\/AutoFitTableColumns_03.gif\" class=\"vc_single_image-img attachment-full\" alt title=\"AutoFitTableColumns_03\"><\/div>\n\t\t<\/figure>\n\t<\/div>\n\n\t<div class=\"wpb_text_column wpb_content_element\">\n\t\t<div class=\"wpb_wrapper\">\n\t\t\t<a data-e-disable-page-transition=\"true\" class=\"download-link\" title href=\"https:\/\/kuhn-solutions.de\/pl\/download\/997\/?tmstv=1776535994\" rel=\"nofollow\" id=\"download-link-997\" data-redirect=\"false\">\n\tAuto Fit Table Colum\u00adns\t(8022 pobrania&nbsp;)&nbsp;<\/a>\n\n\n\t\t<\/div>\n\t<\/div>\n<\/div><\/div><\/div><\/div><div class=\"vc_row wpb_row vc_row-fluid\"><div class=\"wpb_column vc_column_container vc_col-sm-12\"><div class=\"vc_column-inner\"><div class=\"wpb_wrapper\"><div class=\"vc_empty_space\" style=\"height: 50px\"><span class=\"vc_empty_space_inner\"><\/span><\/div><div class=\"vc_separator wpb_content_element vc_separator_align_center vc_sep_width_100 vc_sep_pos_align_center vc_separator_no_text wpb_content_element  wpb_content_element\"><span class=\"vc_sep_holder vc_sep_holder_l\"><span style=\"border-color:#d54900;\" class=\"vc_sep_line\"><\/span><\/span><span class=\"vc_sep_holder vc_sep_holder_r\"><span style=\"border-color:#d54900;\" class=\"vc_sep_line\"><\/span><\/span>\n<\/div><div class=\"vc_empty_space\" style=\"height: 65px\"><span class=\"vc_empty_space_inner\"><\/span><\/div><\/div><\/div><\/div><\/div><div class=\"vc_row wpb_row vc_row-fluid\"><div class=\"wpb_column vc_column_container vc_col-sm-6\"><div class=\"vc_column-inner\"><div class=\"wpb_wrapper\"><h5 class=\"heading-content  style-1\"><span>WY\u015aRODKUJ LUB WYR\u00d3WNAJ TEKST SZKICU<em class=\"heading-subtitle\">SOLIDWORKS CZ\u0118\u015a\u0106 | MONTA\u017b<\/em><\/span><\/h5>\n\t<div class=\"wpb_text_column wpb_content_element\">\n\t\t<div class=\"wpb_wrapper\">\n\t\t\t<p>Poka\u00adzu\u00adje, jak za pomoc\u0105 makra mo\u017c\u00adna wy\u015brod\u00adko\u00adwa\u0107 lub wyr\u00f3wna\u0107 tekst w szkicu.<\/p>\n\n\t\t<\/div>\n\t<\/div>\n<\/div><\/div><\/div><div class=\"wpb_column vc_column_container vc_col-sm-6\"><div class=\"vc_column-inner\"><div class=\"wpb_wrapper\">\n\t<div class=\"wpb_single_image wpb_content_element vc_align_left wpb_content_element\">\n\t\t\n\t\t<figure class=\"wpb_wrapper vc_figure\">\n\t\t\t<div class=\"vc_single_image-wrapper   vc_box_border_grey\"><img loading=\"lazy\" decoding=\"async\" width=\"920\" height=\"220\" src=\"https:\/\/kuhn-solutions.de\/wp-content\/uploads\/2018\/04\/CenterTextInSketch_01.gif\" class=\"vc_single_image-img attachment-full\" alt title=\"CenterTextInSketch_01\"><\/div>\n\t\t<\/figure>\n\t<\/div>\n\n\t<div class=\"wpb_text_column wpb_content_element\">\n\t\t<div class=\"wpb_wrapper\">\n\t\t\t<a data-e-disable-page-transition=\"true\" class=\"download-link\" title href=\"https:\/\/kuhn-solutions.de\/pl\/download\/1008\/?tmstv=1776535994\" rel=\"nofollow\" id=\"download-link-1008\" data-redirect=\"false\">\n\tCen\u00adter Text in Sketch\t(8107 pobra\u0144&nbsp;)&nbsp;<\/a>\n\n\n\t\t<\/div>\n\t<\/div>\n<\/div><\/div><\/div><\/div><div class=\"vc_row wpb_row vc_row-fluid\"><div class=\"wpb_column vc_column_container vc_col-sm-12\"><div class=\"vc_column-inner\"><div class=\"wpb_wrapper\"><div class=\"vc_empty_space\" style=\"height: 32px\"><span class=\"vc_empty_space_inner\"><\/span><\/div><\/div><\/div><\/div><\/div>\n<\/div>","protected":false},"excerpt":{"rendered":"OPTIMALE SPALTENBREITE IN ST\u00dcCKLISTEN EINSTELLENSOLIDWORKS ZEICHNUNG Zeigt, wie die auto\u00adma\u00adti\u00adsche Anpas\u00adsung von Spal\u00adten in einer St\u00fcck\u00adlis\u00adten-Tabel\u00adle per Makro durch\u00adge\u00adf\u00fchrt wer\u00adden kann. Auto Fit Table Colum\u00adns (8022 pobra\u00adnia ) SKIZZENTEXT ZENTRIEREN ODER AUSRICHTENSOLIDWORKS TEIL | BAUGRUPPE Zeigt, wie Text in&nbsp;einer\u2026","protected":false},"author":1,"featured_media":0,"parent":0,"menu_order":0,"comment_status":"open","ping_status":"open","template":"","meta":{"wp_typography_post_enhancements_disabled":false,"footnotes":""},"class_list":["post-991","page","type-page","status-publish","hentry"],"_links":{"self":[{"href":"https:\/\/kuhn-solutions.de\/pl\/wp-json\/wp\/v2\/pages\/991","targetHints":{"allow":["GET"]}}],"collection":[{"href":"https:\/\/kuhn-solutions.de\/pl\/wp-json\/wp\/v2\/pages"}],"about":[{"href":"https:\/\/kuhn-solutions.de\/pl\/wp-json\/wp\/v2\/types\/page"}],"author":[{"embeddable":true,"href":"https:\/\/kuhn-solutions.de\/pl\/wp-json\/wp\/v2\/users\/1"}],"replies":[{"embeddable":true,"href":"https:\/\/kuhn-solutions.de\/pl\/wp-json\/wp\/v2\/comments?post=991"}],"version-history":[{"count":19,"href":"https:\/\/kuhn-solutions.de\/pl\/wp-json\/wp\/v2\/pages\/991\/revisions"}],"predecessor-version":[{"id":1708,"href":"https:\/\/kuhn-solutions.de\/pl\/wp-json\/wp\/v2\/pages\/991\/revisions\/1708"}],"wp:attachment":[{"href":"https:\/\/kuhn-solutions.de\/pl\/wp-json\/wp\/v2\/media?parent=991"}],"curies":[{"name":"wp","href":"https:\/\/api.w.org\/{rel}","templated":true}]}}