{"id":719,"date":"2014-11-11T11:14:05","date_gmt":"2014-11-11T11:14:05","guid":{"rendered":"http:\/\/anpsthemes.com\/constructo\/?page_id=11"},"modified":"2022-03-24T15:23:48","modified_gmt":"2022-03-24T14:23:48","slug":"unternehmen-2","status":"publish","type":"page","link":"https:\/\/kuhn-solutions.de\/pl\/unternehmen-2\/","title":{"rendered":"Fir\u00adma"},"content":{"rendered":"<div class=\"wpb-content-wrapper\"><div class=\"vc_row wpb_row vc_row-fluid\"><div class=\"wpb_column vc_column_container vc_col-sm-6\"><div class=\"vc_column-inner\"><div class=\"wpb_wrapper\"><h5 class=\"heading-content  style-1\"><span>NASZA HISTORIA<\/span><\/h5>\n\t<div class=\"wpb_text_column wpb_content_element\">\n\t\t<div class=\"wpb_wrapper\">\n\t\t\t<p>Po 14 latach do\u015b\u00adwiad\u00adc\u00adze\u00adnia i ci\u0105\u00adg\u0142e\u00adgo ksz\u00adta\u0142cen\u00adia w dzied\u00adzi\u00adnie pro\u00adjek\u00adto\u00adwa\u00adnia i roz\u00adwo\u00adju oraz twor\u00adze\u00adnia opro\u00adgra\u00admo\u00adwa\u00adnia Dani\u00adel Kuhn za\u0142o\u017cy\u0142 w 2017 r. w Kon\u00adstanc\u00adji nad Jezio\u00adrem Bode\u0144s\u00adkim fir\u00adm\u0119 KUHN SOLUTIONS. Pomi\u00admo kr\u00f3t\u00adkie\u00adgo cza\u00adsu ist\u00adni\u00adenia fir\u00admy, do\u015b\u00adwiad\u00adc\u00adze\u00adnie za\u0142o\u017cy\u00adcie\u00adla i wyso\u00adka \u015bwia\u00addo\u00admo\u015b\u0107 jako\u015bci prze\u00adko\u00adn\u00ada\u0142y wie\u00adlu reno\u00admo\u00adwanych kli\u00aden\u00adt\u00f3w w po\u0142ud\u00adnio\u00adwych Niemc\u00adzech i nie\u00admieck\u00adoj\u0119\u00adzy\u00adcz\u00adnej cz\u0119\u015bci Szwa\u00adj\u00adca\u00adrii. Dzi\u015b fir\u00adma ma ju\u017c sta\u00adbiln\u0105 pozy\u00adc\u00adj\u0119, bez fin\u00adan\u00adso\u00adwa\u00adnia zewn\u0119\u00adtrz\u00adn\u00adego, i sta\u00adle si\u0119 rozwija.<\/p>\n\n\t\t<\/div>\n\t<\/div>\n<div class=\"vc_empty_space\" style=\"height: 12px\"><span class=\"vc_empty_space_inner\"><\/span><\/div><h5 class=\"heading-content  style-1\"><span>WIZJA<\/span><\/h5>\n\t<div class=\"wpb_text_column wpb_content_element\">\n\t\t<div class=\"wpb_wrapper\">\n\t\t\t<p>Wiz\u00adj\u0105 fir\u00admy jako dostaw\u00adcy us\u0142ug tech\u00adno\u00adlo\u00adgicz\u00adnych jest wzmoc\u00adni\u00ade\u00adnie ma\u0142ych i \u015bred\u00adnich przedsi\u0119\u00adbi\u00adorstw dzi\u0119ki wied\u00adzy in\u017cy\u00adnier\u00adskiej, przy\u00adspiesze\u00adnie cyfry\u00adzac\u00adji i aktyw\u00adne zapew\u00adni\u00ade\u00adnie w\u0142as\u00adnych zas\u00adob\u00f3w w celu wspar\u00adcia, zar\u00f3w\u00adno tymc\u00adz\u00ada\u00adso\u00adwego, jak i d\u0142u\u00adgo\u00adter\u00admi\u00adno\u00adwego. G\u0142\u00f3w\u00adna kom\u00adpe\u00adten\u00adc\u00adja fir\u00admy pole\u00adga na pro\u00adgra\u00admo\u00adwa\u00adniu, opty\u00adma\u00adli\u00adzac\u00adji i para\u00adme\u00adtry\u00adzac\u00adji pro\u00adces\u00f3w cyfro\u00adwych. Ogrom\u00adny wzrost wyda\u00adj\u00adno\u015bci uzys\u00adku\u00adje si\u0119 dzi\u0119ki wdro\u017ce\u00adniu roz\u00adwi\u0105\u00adza\u0144 mi\u0119d\u00adzy\u00adwyd\u00adzia\u0142o\u00adwych. Obs\u0142u\u00adgi\u00adwa\u00adne s\u0105 tu obs\u00adza\u00adry roz\u00adwo\u00adju, budow\u00adnict\u00adwa i pro\u00adduk\u00adc\u00adji nie\u00admal wszyst\u00adkich ga\u0142\u0119\u00adzi przemys\u0142u.<\/p>\n\n\t\t<\/div>\n\t<\/div>\n<\/div><\/div><\/div><div class=\"wpb_column vc_column_container vc_col-sm-6\"><div class=\"vc_column-inner\"><div class=\"wpb_wrapper\"><div class=\"vc_empty_space\" style=\"height: 20px\"><span class=\"vc_empty_space_inner\"><\/span><\/div>\n\t<div class=\"wpb_single_image wpb_content_element vc_align_center wpb_content_element\">\n\t\t\n\t\t<figure class=\"wpb_wrapper vc_figure\">\n\t\t\t<div class=\"vc_single_image-wrapper   vc_box_border_grey\"><img loading=\"lazy\" decoding=\"async\" width=\"1920\" height=\"1277\" src=\"https:\/\/kuhn-solutions.de\/wp-content\/uploads\/2018\/08\/Konstanz.jpg\" class=\"vc_single_image-img attachment-full\" alt title=\"Constance\" srcset=\"https:\/\/kuhn-solutions.de\/wp-content\/uploads\/2018\/08\/Konstanz.jpg 1920w, https:\/\/kuhn-solutions.de\/wp-content\/uploads\/2018\/08\/Konstanz-300x200.jpg 300w, https:\/\/kuhn-solutions.de\/wp-content\/uploads\/2018\/08\/Konstanz-768x511.jpg 768w, https:\/\/kuhn-solutions.de\/wp-content\/uploads\/2018\/08\/Konstanz-1024x681.jpg 1024w, https:\/\/kuhn-solutions.de\/wp-content\/uploads\/2018\/08\/Konstanz-370x246.jpg 370w, https:\/\/kuhn-solutions.de\/wp-content\/uploads\/2018\/08\/Konstanz-1200x798.jpg 1200w, https:\/\/kuhn-solutions.de\/wp-content\/uploads\/2018\/08\/Konstanz-360x239.jpg 360w, https:\/\/kuhn-solutions.de\/wp-content\/uploads\/2018\/08\/Konstanz-600x399.jpg 600w\" sizes=\"auto, (max-width: 1920px) 100vw, 1920px\"><\/div>\n\t\t<\/figure>\n\t<\/div>\n<\/div><\/div><\/div><\/div><div class=\"vc_row wpb_row vc_row-fluid\"><div class=\"wpb_column vc_column_container vc_col-sm-12\"><div class=\"vc_column-inner\"><div class=\"wpb_wrapper\"><div class=\"vc_empty_space\" style=\"height: 12px\"><span class=\"vc_empty_space_inner\"><\/span><\/div><h5 class=\"heading-content  style-1\"><span>ZESP\u00d3\u0141 \u2013 Jeste\u015bmy zawsze do Twojej dyspozycji!<\/span><\/h5><div class=\"vc_empty_space\" style=\"height: 12px\"><span class=\"vc_empty_space_inner\"><\/span><\/div><div class=\"row\"><div class=\"col-lg-2 col-sm-4\"><div class=\"team team-hover\"><header><img loading=\"lazy\" decoding=\"async\" width=\"240\" height=\"360\" src=\"https:\/\/kuhn-solutions.de\/wp-content\/uploads\/2020\/10\/DSC02461-2-240x360.jpg\" class=\"attachment-team-3 size-team-3 wp-post-image\" alt srcset=\"https:\/\/kuhn-solutions.de\/wp-content\/uploads\/2020\/10\/DSC02461-2-240x360.jpg 240w, https:\/\/kuhn-solutions.de\/wp-content\/uploads\/2020\/10\/DSC02461-2-200x300.jpg 200w, https:\/\/kuhn-solutions.de\/wp-content\/uploads\/2020\/10\/DSC02461-2-683x1024.jpg 683w, https:\/\/kuhn-solutions.de\/wp-content\/uploads\/2020\/10\/DSC02461-2-768x1152.jpg 768w, https:\/\/kuhn-solutions.de\/wp-content\/uploads\/2020\/10\/DSC02461-2-8x12.jpg 8w, https:\/\/kuhn-solutions.de\/wp-content\/uploads\/2020\/10\/DSC02461-2-360x540.jpg 360w, https:\/\/kuhn-solutions.de\/wp-content\/uploads\/2020\/10\/DSC02461-2.jpg 800w\" sizes=\"auto, (max-width: 240px) 100vw, 240px\"><div class=\"hover\"><a href=\"mailto:Daniel.Kuhn@kuhn-solutions.de\">Daniel.Kuhn@kuhn-solutions.de<\/a><\/div><\/header><h2>Daniel Kuhn \u2013 Dyrektor Generalny<\/h2><em>Budo\u00adwa i roz\u00adw\u00f3j<br>Roz\u00adw\u00f3j opro\u00adgra\u00admo\u00adwa\u00adnia<br><br>In\u017cy\u00adnier mecha\u00adnik<br>(B. Eng.)<br>In\u017cy\u00adnier elek\u00adtryk (M.&nbsp;Eng.)<\/em><\/div><\/div><div class=\"col-lg-2 col-sm-4\"><div class=\"team team-hover team-hover\"><header><img loading=\"lazy\" decoding=\"async\" width=\"240\" height=\"360\" src=\"https:\/\/kuhn-solutions.de\/wp-content\/uploads\/2021\/06\/Shenal-240x360.png\" class=\"attachment-team-3 size-team-3 wp-post-image\" alt srcset=\"https:\/\/kuhn-solutions.de\/wp-content\/uploads\/2021\/06\/Shenal-240x360.png 240w, https:\/\/kuhn-solutions.de\/wp-content\/uploads\/2021\/06\/Shenal-200x300.png 200w, https:\/\/kuhn-solutions.de\/wp-content\/uploads\/2021\/06\/Shenal-683x1024.png 683w, https:\/\/kuhn-solutions.de\/wp-content\/uploads\/2021\/06\/Shenal-768x1152.png 768w, https:\/\/kuhn-solutions.de\/wp-content\/uploads\/2021\/06\/Shenal-360x540.png 360w, https:\/\/kuhn-solutions.de\/wp-content\/uploads\/2021\/06\/Shenal.png 800w\" sizes=\"auto, (max-width: 240px) 100vw, 240px\"><div class=\"hover\"><p class=\"th-team-member-name\"><a href=\"mailto:Shenal.Meghawarna@kuhn-solutions.de\">Shenal.Meghawarna@kuhn-solutions.de<\/a><\/p><\/div><\/header><h2>Shenal Meghawarna<\/h2><em>Roz\u00adw\u00f3j opro\u00adgra\u00admo\u00adwa\u00adnia <br> C#, Java, React JS, <br> React Nati\u00adve<br><br> In\u017cy\u00adnier opro\u00adgra\u00admo\u00adwa\u00adnia (B.&nbsp;Sc.)<\/em><\/div><\/div><div class=\"col-lg-2 col-sm-4\"><div class=\"team team-hover team-hover team-hover\"><header><img loading=\"lazy\" decoding=\"async\" width=\"240\" height=\"360\" src=\"https:\/\/kuhn-solutions.de\/wp-content\/uploads\/2022\/03\/Keerthan_new-240x360.png\" class=\"attachment-team-3 size-team-3 wp-post-image\" alt srcset=\"https:\/\/kuhn-solutions.de\/wp-content\/uploads\/2022\/03\/Keerthan_new-240x360.png 240w, https:\/\/kuhn-solutions.de\/wp-content\/uploads\/2022\/03\/Keerthan_new-200x300.png 200w, https:\/\/kuhn-solutions.de\/wp-content\/uploads\/2022\/03\/Keerthan_new-683x1024.png 683w, https:\/\/kuhn-solutions.de\/wp-content\/uploads\/2022\/03\/Keerthan_new-768x1152.png 768w, https:\/\/kuhn-solutions.de\/wp-content\/uploads\/2022\/03\/Keerthan_new-360x540.png 360w, https:\/\/kuhn-solutions.de\/wp-content\/uploads\/2022\/03\/Keerthan_new.png 800w\" sizes=\"auto, (max-width: 240px) 100vw, 240px\"><div class=\"hover\"><a href=\"mailto:Keerthanan.Rajalingam@kuhn-solutions.de\">Keerthanan.Rajalingam@kuhn-solutions.de<\/a><\/div><\/header><h2>Keerthanan Rajalingam<\/h2><em>Pro\u00adjek\u00adto\u00adwa\u00adnie i wizua\u00adli\u00adzac\u00adja, Solid\u00adWorks CAD i KeyShot <br><br>  In\u017cy\u00adnier mecha\u00adnik (B.Sc.)<\/em><\/div><\/div><div class=\"col-lg-2 col-sm-4\"><div class=\"team team-hover team-hover team-hover team-hover\"><header><img loading=\"lazy\" decoding=\"async\" width=\"240\" height=\"360\" src=\"https:\/\/kuhn-solutions.de\/wp-content\/uploads\/2020\/10\/Katja-Hossain_sw-2x3-1-240x360.png\" class=\"attachment-team-3 size-team-3 wp-post-image\" alt srcset=\"https:\/\/kuhn-solutions.de\/wp-content\/uploads\/2020\/10\/Katja-Hossain_sw-2x3-1-240x360.png 240w, https:\/\/kuhn-solutions.de\/wp-content\/uploads\/2020\/10\/Katja-Hossain_sw-2x3-1-200x300.png 200w, https:\/\/kuhn-solutions.de\/wp-content\/uploads\/2020\/10\/Katja-Hossain_sw-2x3-1-683x1024.png 683w, https:\/\/kuhn-solutions.de\/wp-content\/uploads\/2020\/10\/Katja-Hossain_sw-2x3-1-768x1152.png 768w, https:\/\/kuhn-solutions.de\/wp-content\/uploads\/2020\/10\/Katja-Hossain_sw-2x3-1-8x12.png 8w, https:\/\/kuhn-solutions.de\/wp-content\/uploads\/2020\/10\/Katja-Hossain_sw-2x3-1-360x540.png 360w, https:\/\/kuhn-solutions.de\/wp-content\/uploads\/2020\/10\/Katja-Hossain_sw-2x3-1.png 800w\" sizes=\"auto, (max-width: 240px) 100vw, 240px\"><div class=\"hover\"><a href=\"mailto:katja.hossain@kuhn-solutions.de\">katja.hossain@kuhn-solutions.de<\/a>\n\n&nbsp;<\/div><\/header><h2>Katja Hossain<\/h2><em>Sprze\u00adda\u017c i <br> Marketing&nbsp;<\/em><\/div><\/div><\/div><\/div><\/div><\/div><div class=\"wpb_column vc_column_container vc_col-sm-12\"><div class=\"vc_column-inner\"><div class=\"wpb_wrapper\"><\/div><\/div><\/div><\/div>\n<\/div>","protected":false},"excerpt":{"rendered":"katja.hossain@kuhn-solutions.de &nbsp;","protected":false},"author":1,"featured_media":0,"parent":0,"menu_order":0,"comment_status":"open","ping_status":"open","template":"","meta":{"wp_typography_post_enhancements_disabled":false,"footnotes":""},"class_list":["post-719","page","type-page","status-publish","hentry"],"_links":{"self":[{"href":"https:\/\/kuhn-solutions.de\/pl\/wp-json\/wp\/v2\/pages\/719","targetHints":{"allow":["GET"]}}],"collection":[{"href":"https:\/\/kuhn-solutions.de\/pl\/wp-json\/wp\/v2\/pages"}],"about":[{"href":"https:\/\/kuhn-solutions.de\/pl\/wp-json\/wp\/v2\/types\/page"}],"author":[{"embeddable":true,"href":"https:\/\/kuhn-solutions.de\/pl\/wp-json\/wp\/v2\/users\/1"}],"replies":[{"embeddable":true,"href":"https:\/\/kuhn-solutions.de\/pl\/wp-json\/wp\/v2\/comments?post=719"}],"version-history":[{"count":39,"href":"https:\/\/kuhn-solutions.de\/pl\/wp-json\/wp\/v2\/pages\/719\/revisions"}],"predecessor-version":[{"id":2190,"href":"https:\/\/kuhn-solutions.de\/pl\/wp-json\/wp\/v2\/pages\/719\/revisions\/2190"}],"wp:attachment":[{"href":"https:\/\/kuhn-solutions.de\/pl\/wp-json\/wp\/v2\/media?parent=719"}],"curies":[{"name":"wp","href":"https:\/\/api.w.org\/{rel}","templated":true}]}}