{"id":717,"date":"2014-11-11T11:12:55","date_gmt":"2014-11-11T11:12:55","guid":{"rendered":"http:\/\/anpsthemes.com\/constructo\/?page_id=7"},"modified":"2018-09-24T09:19:30","modified_gmt":"2018-09-24T07:19:30","slug":"projektportfolio","status":"publish","type":"page","link":"https:\/\/kuhn-solutions.de\/pl\/projektportfolio\/","title":{"rendered":"Nasz port\u00adfel projekt\u00f3w"},"content":{"rendered":"<div class=\"wpb-content-wrapper\"><div class=\"vc_row wpb_row vc_row-fluid vc_custom_1436396240387\"><div class=\"wpb_column vc_column_container vc_col-sm-12\"><div class=\"vc_column-inner\"><div class=\"wpb_wrapper\"><ul class=\"filter style-1\" style=\"display: none\"><i style=\"color: #000000;\" class=\"fa fa-filter\"><\/i><li><button style=\"color: #000000;\" data-filter=\"*\">Wszystkie<\/button><\/li><span style=\"color: #000000;\">\/<\/span><li><button style=\"color: #000000;\" data-filter=\"visualisierung\">Wizualizacja<\/button><\/li><span style=\"color: #000000;\">\/<\/span><li><button style=\"color: #000000;\" data-filter=\"programmierung\">Programowanie<\/button><\/li><span style=\"color: #000000;\">\/<\/span><li><button style=\"color: #000000;\" data-filter=\"konstruktion\">Budowa<\/button><\/li><span style=\"color: #000000;\">\/<\/span><li><button style=\"color: #000000;\" data-filter=\"entwicklung\">Rozw\u00f3j<\/button><\/li><span style=\"color: #000000;\">\/<\/span><li><button style=\"color: #000000;\" data-filter=\"berechnung\">Obliczenia<\/button><\/li><\/ul><ul class=\"portfolio isotope classic\"><li class=\"isotope-item berechnung programmierung col-xs-6 col-md-4\"><article class=\"inner\"><a class=\"item-hover\" href=\"https:\/\/kuhn-solutions.de\/pl\/portfolio\/cutting-calculator\/\"><div class=\"mask\"><\/div><div class=\"item-info\"><div class=\"headline\"><h2>Optymalizacja mieszanki, algorytm simpleksowy<\/h2><\/div><\/div><\/a><div class=\"item-img\"><img loading=\"lazy\" decoding=\"async\" width=\"360\" height=\"267\" src=\"https:\/\/kuhn-solutions.de\/wp-content\/uploads\/2014\/12\/laser-cutting-calculator-360x267.jpg\" class=\"attachment-post-thumb attachment-post-thumb size-post-thumb wp-post-image\" alt><\/div><\/article><\/li><li class=\"isotope-item  col-xs-6 col-md-4\"><article class=\"inner\"><a class=\"item-hover\" href=\"https:\/\/kuhn-solutions.de\/pl\/portfolio\/product-configurator\/\"><div class=\"mask\"><\/div><div class=\"item-info\"><div class=\"headline\"><h2>Moje okulary \u2013 Konfigurator produktu<\/h2><\/div><\/div><\/a><div class=\"item-img\"><img loading=\"lazy\" decoding=\"async\" width=\"360\" height=\"267\" src=\"https:\/\/kuhn-solutions.de\/wp-content\/uploads\/2014\/12\/Produktkonfigurator-SolidWorks-360x267.jpg\" class=\"attachment-post-thumb attachment-post-thumb size-post-thumb wp-post-image\" alt><\/div><\/article><\/li><li class=\"isotope-item  col-xs-6 col-md-4\"><article class=\"inner\"><a class=\"item-hover\" href=\"https:\/\/kuhn-solutions.de\/pl\/portfolio\/parametric-packaging\/\"><div class=\"mask\"><\/div><div class=\"item-info\"><div class=\"headline\"><h2>Parametryzowane pakowanie produkt\u00f3w<\/h2><\/div><\/div><\/a><div class=\"item-img\"><img loading=\"lazy\" decoding=\"async\" width=\"360\" height=\"267\" src=\"https:\/\/kuhn-solutions.de\/wp-content\/uploads\/2014\/12\/Parametric-packaging-360x267.jpg\" class=\"attachment-post-thumb attachment-post-thumb size-post-thumb wp-post-image\" alt><\/div><\/article><\/li><li class=\"isotope-item konstruktion programmierung col-xs-6 col-md-4\"><article class=\"inner\"><a class=\"item-hover\" href=\"https:\/\/kuhn-solutions.de\/pl\/portfolio\/schienenfahrzeuge-schwingungstechnik\/\"><div class=\"mask\"><\/div><div class=\"item-info\"><div class=\"headline\"><h2>Pojazdy szynowe, technika wibracyjna<\/h2><\/div><\/div><\/a><div class=\"item-img\"><img loading=\"lazy\" decoding=\"async\" width=\"360\" height=\"267\" src=\"https:\/\/kuhn-solutions.de\/wp-content\/uploads\/2018\/09\/Schienenfahrzeug-Schwingungstechnik-360x267.jpg\" class=\"attachment-post-thumb attachment-post-thumb size-post-thumb wp-post-image\" alt=\"Schienenfahrzeug Schwingungstechnik\"><\/div><\/article><\/li><li class=\"isotope-item visualisierung col-xs-6 col-md-4\"><article class=\"inner\"><a class=\"item-hover\" href=\"https:\/\/kuhn-solutions.de\/pl\/portfolio\/produktanimation-rundschalteinheit-rse-4\/\"><div class=\"mask\"><\/div><div class=\"item-info\"><div class=\"headline\"><h2>Animacja produktu, obrotowy st\u00f3\u0142 podzia\u0142owy RSE\u20114<\/h2><\/div><\/div><\/a><div class=\"item-img\"><img loading=\"lazy\" decoding=\"async\" width=\"360\" height=\"267\" src=\"https:\/\/kuhn-solutions.de\/wp-content\/uploads\/2018\/09\/Rundschalttisch-RSE-4-Friedemann-Wagner-GmbH-360x267.jpg\" class=\"attachment-post-thumb attachment-post-thumb size-post-thumb wp-post-image\" alt=\"Rundschalttisch RSE-4 - Friedemann Wagner GmbH\"><\/div><\/article><\/li><li class=\"isotope-item  col-xs-6 col-md-4\"><article class=\"inner\"><a class=\"item-hover\" href=\"https:\/\/kuhn-solutions.de\/pl\/portfolio\/pruefstand-erweiterung-sensorik\/\"><div class=\"mask\"><\/div><div class=\"item-info\"><div class=\"headline\"><h2>Stanowisko badawcze, rozbudowa o technologi\u0119 czujnik\u00f3w<\/h2><\/div><\/div><\/a><div class=\"item-img\"><img loading=\"lazy\" decoding=\"async\" width=\"360\" height=\"267\" src=\"https:\/\/kuhn-solutions.de\/wp-content\/uploads\/2018\/09\/DDT-600-inkscape-001-360x267.jpg\" class=\"attachment-post-thumb attachment-post-thumb size-post-thumb wp-post-image\" alt=\"Pr\u00fcfstand DDT-600\"><\/div><\/article><\/li><li class=\"isotope-item berechnung entwicklung konstruktion col-xs-6 col-md-4\"><article class=\"inner\"><a class=\"item-hover\" href=\"https:\/\/kuhn-solutions.de\/pl\/portfolio\/pruefstand-modulare-anpresseinheit\/\"><div class=\"mask\"><\/div><div class=\"item-info\"><div class=\"headline\"><h2>Stanowisko badawcze, modu\u0142owa jednostka prasuj\u0105ca<\/h2><\/div><\/div><\/a><div class=\"item-img\"><img loading=\"lazy\" decoding=\"async\" width=\"360\" height=\"267\" src=\"https:\/\/kuhn-solutions.de\/wp-content\/uploads\/2018\/09\/DDT-600-Anpressmodul-Kreis-2-360x267.jpg\" class=\"attachment-post-thumb attachment-post-thumb size-post-thumb wp-post-image\" alt=\"DDT-600 Anpressmodul Kreis 2\"><\/div><\/article><\/li><li class=\"isotope-item visualisierung col-xs-6 col-md-4\"><article class=\"inner\"><a class=\"item-hover\" href=\"https:\/\/kuhn-solutions.de\/pl\/portfolio\/produktvisualisierung-greifeinheit-pgm-82\/\"><div class=\"mask\"><\/div><div class=\"item-info\"><div class=\"headline\"><h2>Wizualizacja produktu, jednostka chwytaj\u0105ca PGM-82<\/h2><\/div><\/div><\/a><div class=\"item-img\"><img loading=\"lazy\" decoding=\"async\" width=\"360\" height=\"267\" src=\"https:\/\/kuhn-solutions.de\/wp-content\/uploads\/2019\/03\/PGM-82-Schnittansicht-ISO-Hintergrund-transparent-V02-360x267.jpg\" class=\"attachment-post-thumb attachment-post-thumb size-post-thumb wp-post-image\" alt=\"Greifeinheit PGM-82 - Friedemann Wagner GmbH - Schnitt ISO\"><\/div><\/article><\/li><li class=\"isotope-item entwicklung programmierung col-xs-6 col-md-4\"><article class=\"inner\"><a class=\"item-hover\" href=\"https:\/\/kuhn-solutions.de\/pl\/portfolio\/ict-testsystem-softwareentwicklung-inbetriebnahme\/\"><div class=\"mask\"><\/div><div class=\"item-info\"><div class=\"headline\"><h2>System testowy ICT, opracowanie oprogramowania i uruchomienie<\/h2><\/div><\/div><\/a><div class=\"item-img\"><img loading=\"lazy\" decoding=\"async\" width=\"360\" height=\"267\" src=\"https:\/\/kuhn-solutions.de\/wp-content\/uploads\/2019\/03\/Pr\u00fcfstand-Python-360x267.jpg\" class=\"attachment-post-thumb attachment-post-thumb size-post-thumb wp-post-image\" alt=\"ICT-Testsystem - Pr\u00fcfstand Python\"><\/div><\/article><\/li><li class=\"isotope-item  col-xs-6 col-md-4\"><article class=\"inner\"><a class=\"item-hover\" href=\"https:\/\/kuhn-solutions.de\/pl\/portfolio\/geodaetische-distanz-algorithmus\/\"><div class=\"mask\"><\/div><div class=\"item-info\"><div class=\"headline\"><h2>Odleg\u0142o\u015b\u0107 geodezyjna, algorytm<\/h2><\/div><\/div><\/a><div class=\"item-img\"><img loading=\"lazy\" decoding=\"async\" width=\"360\" height=\"267\" src=\"https:\/\/kuhn-solutions.de\/wp-content\/uploads\/2019\/04\/Geodesic_distanz_bunny_KUHN_ENGINEERING-360x267.jpg\" class=\"attachment-post-thumb attachment-post-thumb size-post-thumb wp-post-image\" alt=\"Geodesic distanz - bunny KUHN SOLUTIONS\"><\/div><\/article><\/li><li class=\"isotope-item  col-xs-6 col-md-4\"><article class=\"inner\"><a class=\"item-hover\" href=\"https:\/\/kuhn-solutions.de\/pl\/portfolio\/custom-toolbar-solidworks-add-in\/\"><div class=\"mask\"><\/div><div class=\"item-info\"><div class=\"headline\"><h2>Niestandardowy pasek narz\u0119dzi \u2013 dodatek do SOLIDWORKS<\/h2><\/div><\/div><\/a><div class=\"item-img\"><img loading=\"lazy\" decoding=\"async\" width=\"360\" height=\"267\" src=\"https:\/\/kuhn-solutions.de\/wp-content\/uploads\/2019\/05\/Custom-Toolbar-Settings-1738-x-1159-360x267.jpg\" class=\"attachment-post-thumb attachment-post-thumb size-post-thumb wp-post-image\" alt=\"Custom Toolbar Settings \u2013 Rename and customize up to 5 toolbars\"><\/div><\/article><\/li><li class=\"isotope-item programmierung col-xs-6 col-md-4\"><article class=\"inner\"><a class=\"item-hover\" href=\"https:\/\/kuhn-solutions.de\/pl\/portfolio\/contourtrace-image-to-dxf-converter\/\"><div class=\"mask\"><\/div><div class=\"item-info\"><div class=\"headline\"><h2>ContourTrace \u2013 Konwerter obraz\u00f3w na&nbsp;DXF<\/h2><\/div><\/div><\/a><div class=\"item-img\"><img loading=\"lazy\" decoding=\"async\" width=\"360\" height=\"267\" src=\"https:\/\/kuhn-solutions.de\/wp-content\/uploads\/2024\/09\/ContourTrace_Start_Screen-360x267.png\" class=\"attachment-post-thumb attachment-post-thumb size-post-thumb wp-post-image\" alt srcset=\"https:\/\/kuhn-solutions.de\/wp-content\/uploads\/2024\/09\/ContourTrace_Start_Screen-360x267.png 360w, https:\/\/kuhn-solutions.de\/wp-content\/uploads\/2024\/09\/ContourTrace_Start_Screen-18x12.png 18w\" sizes=\"auto, (max-width: 360px) 100vw, 360px\"><\/div><\/article><\/li><\/ul><div class=\"portfolio-pagination\"><\/div><\/div><\/div><\/div><\/div>\n<\/div>","protected":false},"excerpt":{"rendered":"OPIS PROJEKTU W celu u\u0142at\u00adwie\u00adnia pozys\u00adki\u00adwa\u00adnia danych obra\u00adzowych do dals\u00adze\u00adgo wykor\u00adzysta\u00adnia w geo\u00addez\u00adji, inspek\u00adc\u00adji, budow\u00adnict\u00adwie i pro\u00adduk\u00adc\u00adji, twor\u00adzo\u00adne jest opro\u00adgra\u00admo\u00adwa\u00adnie, kt\u00f3\u00adre wyo\u00addr\u0119b\u00adnia kon\u00adtu\u00adry z mate\u00adria\u0142u obra\u00adzo\u00adwego i umo\u017c\u00adli\u00adwia ich eks\u00adport do for\u00adma\u00adtu DXF. Sku\u00adpia si\u0119 ona na szybkim,\u2026","protected":false},"author":1,"featured_media":0,"parent":0,"menu_order":0,"comment_status":"open","ping_status":"open","template":"","meta":{"wp_typography_post_enhancements_disabled":false,"footnotes":""},"class_list":["post-717","page","type-page","status-publish","hentry"],"_links":{"self":[{"href":"https:\/\/kuhn-solutions.de\/pl\/wp-json\/wp\/v2\/pages\/717","targetHints":{"allow":["GET"]}}],"collection":[{"href":"https:\/\/kuhn-solutions.de\/pl\/wp-json\/wp\/v2\/pages"}],"about":[{"href":"https:\/\/kuhn-solutions.de\/pl\/wp-json\/wp\/v2\/types\/page"}],"author":[{"embeddable":true,"href":"https:\/\/kuhn-solutions.de\/pl\/wp-json\/wp\/v2\/users\/1"}],"replies":[{"embeddable":true,"href":"https:\/\/kuhn-solutions.de\/pl\/wp-json\/wp\/v2\/comments?post=717"}],"version-history":[{"count":11,"href":"https:\/\/kuhn-solutions.de\/pl\/wp-json\/wp\/v2\/pages\/717\/revisions"}],"predecessor-version":[{"id":1351,"href":"https:\/\/kuhn-solutions.de\/pl\/wp-json\/wp\/v2\/pages\/717\/revisions\/1351"}],"wp:attachment":[{"href":"https:\/\/kuhn-solutions.de\/pl\/wp-json\/wp\/v2\/media?parent=717"}],"curies":[{"name":"wp","href":"https:\/\/api.w.org\/{rel}","templated":true}]}}