{"id":483,"date":"2014-12-15T11:44:53","date_gmt":"2014-12-15T11:44:53","guid":{"rendered":"http:\/\/anpsthemes.com\/constructo\/?page_id=483"},"modified":"2014-12-15T11:44:53","modified_gmt":"2014-12-15T11:44:53","slug":"404-page","status":"publish","type":"page","link":"https:\/\/kuhn-solutions.de\/pl\/404-page\/","title":{"rendered":"404 stro\u00adna"},"content":{"rendered":"<div class=\"wpb-content-wrapper\"><div class=\"vc_row wpb_row vc_row-fluid\"><div class=\"wpb_column vc_column_container vc_col-sm-12\"><div class=\"vc_column-inner\"><div class=\"wpb_wrapper\">\n\t<div class=\"wpb_text_column wpb_content_element\">\n\t\t<div class=\"wpb_wrapper\">\n\t\t\t<h1 style=\"text-align: center;\">Wygl\u0105da na to, \u017ce co\u015b posz\u0142o nie&nbsp;tak!<\/h1>\n<h6 style=\"text-align: center;\"><span style=\"color: #c7c7c7;\">Ta strona nie istnieje.<\/span><\/h6>\n\n\t\t<\/div>\n\t<\/div>\n<\/div><\/div><\/div><\/div>\n<\/div>","protected":false},"excerpt":{"rendered":"Wygl\u0105\u00adda na to, \u017ce co\u015b pos\u00adz\u0142o nie tak! Ta stro\u00adna nie istnieje.","protected":false},"author":1,"featured_media":0,"parent":0,"menu_order":0,"comment_status":"open","ping_status":"open","template":"","meta":{"wp_typography_post_enhancements_disabled":false,"footnotes":""},"class_list":["post-483","page","type-page","status-publish","hentry"],"_links":{"self":[{"href":"https:\/\/kuhn-solutions.de\/pl\/wp-json\/wp\/v2\/pages\/483","targetHints":{"allow":["GET"]}}],"collection":[{"href":"https:\/\/kuhn-solutions.de\/pl\/wp-json\/wp\/v2\/pages"}],"about":[{"href":"https:\/\/kuhn-solutions.de\/pl\/wp-json\/wp\/v2\/types\/page"}],"author":[{"embeddable":true,"href":"https:\/\/kuhn-solutions.de\/pl\/wp-json\/wp\/v2\/users\/1"}],"replies":[{"embeddable":true,"href":"https:\/\/kuhn-solutions.de\/pl\/wp-json\/wp\/v2\/comments?post=483"}],"version-history":[{"count":1,"href":"https:\/\/kuhn-solutions.de\/pl\/wp-json\/wp\/v2\/pages\/483\/revisions"}],"predecessor-version":[{"id":2705,"href":"https:\/\/kuhn-solutions.de\/pl\/wp-json\/wp\/v2\/pages\/483\/revisions\/2705"}],"wp:attachment":[{"href":"https:\/\/kuhn-solutions.de\/pl\/wp-json\/wp\/v2\/media?parent=483"}],"curies":[{"name":"wp","href":"https:\/\/api.w.org\/{rel}","templated":true}]}}