{"id":2765,"date":"2024-09-03T07:49:17","date_gmt":"2024-09-03T05:49:17","guid":{"rendered":"https:\/\/kuhn-solutions.de\/?page_id=2765"},"modified":"2024-10-30T14:24:03","modified_gmt":"2024-10-30T13:24:03","slug":"hardwareproducts","status":"publish","type":"page","link":"https:\/\/kuhn-solutions.de\/pl\/hardwareproducts\/","title":{"rendered":"Nasz sprz\u0119t"},"content":{"rendered":"<div class=\"wpb-content-wrapper\"><div class=\"vc_row wpb_row vc_row-fluid\"><div class=\"wpb_column vc_column_container vc_col-sm-12\"><div class=\"vc_column-inner\"><div class=\"wpb_wrapper\"><div class=\"vc_separator wpb_content_element vc_separator_align_center vc_sep_width_100 vc_sep_border_width_2 vc_sep_pos_align_center vc_separator_no_text vc_sep_color_grey wpb_content_element  wpb_content_element\"><span class=\"vc_sep_holder vc_sep_holder_l\"><span class=\"vc_sep_line\"><\/span><\/span><span class=\"vc_sep_holder vc_sep_holder_r\"><span class=\"vc_sep_line\"><\/span><\/span>\n<\/div><h3 class=\"heading-left  style-1\"><span>Sprz\u0119t dla oprogramowania ContourTrace<\/span><\/h3><\/div><\/div><\/div><div class=\"wpb_column vc_column_container vc_col-sm-4\"><div class=\"vc_column-inner\"><div class=\"wpb_wrapper\"><div class=\"vc_row wpb_row vc_inner vc_row-fluid vc_custom_1436373637236\"><div class=\"wpb_column vc_column_container vc_col-sm-12\"><div class=\"vc_column-inner\"><div class=\"wpb_wrapper\"><div class=\"vc_empty_space\" style=\"height: 60px\"><span class=\"vc_empty_space_inner\"><\/span><\/div>\n\t<div class=\"wpb_single_image wpb_content_element vc_align_left wpb_content_element\">\n\t\t\n\t\t<figure class=\"wpb_wrapper vc_figure\">\n\t\t\t<a href=\"https:\/\/contourtrace.com\/area-scan-portal-ct-2da-600x420\/\" target=\"_blank\" class=\"vc_single_image-wrapper vc_box_shadow  vc_box_border_grey\"><img loading=\"lazy\" decoding=\"async\" width=\"1500\" height=\"1000\" src=\"https:\/\/kuhn-solutions.de\/wp-content\/uploads\/2024\/09\/ASP-AO.jpg\" class=\"vc_single_image-img attachment-full\" alt title=\"Portal skanowania obszaru - dzia\u0142anie automatyczne\" srcset=\"https:\/\/kuhn-solutions.de\/wp-content\/uploads\/2024\/09\/ASP-AO.jpg 1500w, https:\/\/kuhn-solutions.de\/wp-content\/uploads\/2024\/09\/ASP-AO-300x200.jpg 300w, https:\/\/kuhn-solutions.de\/wp-content\/uploads\/2024\/09\/ASP-AO-1024x683.jpg 1024w, https:\/\/kuhn-solutions.de\/wp-content\/uploads\/2024\/09\/ASP-AO-768x512.jpg 768w, https:\/\/kuhn-solutions.de\/wp-content\/uploads\/2024\/09\/ASP-AO-18x12.jpg 18w, https:\/\/kuhn-solutions.de\/wp-content\/uploads\/2024\/09\/ASP-AO-370x247.jpg 370w, https:\/\/kuhn-solutions.de\/wp-content\/uploads\/2024\/09\/ASP-AO-1200x800.jpg 1200w, https:\/\/kuhn-solutions.de\/wp-content\/uploads\/2024\/09\/ASP-AO-360x240.jpg 360w\" sizes=\"auto, (max-width: 1500px) 100vw, 1500px\"><\/a>\n\t\t<\/figure>\n\t<\/div>\n<h5 class=\"heading-left  style-1\"><span>Portal skanowania obszaru \u2013 dzia\u0142anie automatyczne<\/span><\/h5>\n\t<div class=\"wpb_text_column wpb_content_element\">\n\t\t<div class=\"wpb_wrapper\">\n\t\t\t<p>W pe\u0142\u00adni auto\u00adma\u00adty\u00adcz\u00adne ska\u00adno\u00adwa\u00adnie obiek\u00adt\u00f3w dzi\u0119ki funk\u00adc\u00adji Area Scan Por\u00adtal \u2013 pra\u00adca automatyczna<\/p>\n\n\t\t<\/div>\n\t<\/div>\n<div class=\"vc_empty_space\" style=\"height: 20px\"><span class=\"vc_empty_space_inner\"><\/span><\/div>\n\t<div class=\"wpb_text_column wpb_content_element vc_custom_1730291014451\">\n\t\t<div class=\"wpb_wrapper\">\n\t\t\t<p>Area Scan Por\u00adtal \u2013 Auto\u00adma\u00adtic Ope\u00adra\u00adti\u00adon wykon\u00adu\u00adje pre\u00adcy\u00adzy\u00adjn\u0105 eks\u00adtrak\u00adc\u00adj\u0119 kon\u00adtur\u00f3w w pe\u0142\u00adni auto\u00adma\u00adty\u00adcz\u00adnie i w zaled\u00adwie kil\u00adka minut. Wyst\u00adar\u00adc\u00adzy umie\u015bci\u0107 obiek\u00adty na powierzch\u00adni ska\u00adnu\u00adj\u0105cej port\u00ada\u00adlu, a nas\u00adt\u0119p\u00adnie obs\u00adzar jest ska\u00adno\u00adwa\u00adny auto\u00adma\u00adty\u00adcz\u00adnie po naci\u015b\u00adni\u0119ciu przy\u00adcis\u00adku, a zes\u00adka\u00adno\u00adwa\u00adny obraz jest prze\u00adsy\u0142a\u00adny do pod\u0142\u0105c\u00adzo\u00adn\u00adego komputera.<\/p>\n\n\t\t<\/div>\n\t<\/div>\n<div class=\"vc_btn3-container vc_btn3-center vc_custom_1730294593232 vc_do_btn\"><a class=\"vc_general vc_btn3 vc_btn3-size-lg vc_btn3-shape-rounded vc_btn3-style-modern vc_btn3-color-black\" href=\"https:\/\/contourtrace.com\/area-scan-portal-ct-2da-600x420\/\" title target=\"_blank\">Wi\u0119cej infor\u00admac\u00adji o Area Scan Por\u00adtal \u2013 Auto\u00adma\u00adty\u00adcz\u00adne dzia\u0142anie&nbsp;\u2026<\/a><\/div><\/div><\/div><\/div><\/div><\/div><\/div><\/div><div class=\"wpb_column vc_column_container vc_col-sm-4\"><div class=\"vc_column-inner\"><div class=\"wpb_wrapper\"><div class=\"vc_row wpb_row vc_inner vc_row-fluid vc_custom_1436373637236\"><div class=\"wpb_column vc_column_container vc_col-sm-12\"><div class=\"vc_column-inner\"><div class=\"wpb_wrapper\"><div class=\"vc_empty_space\" style=\"height: 60px\"><span class=\"vc_empty_space_inner\"><\/span><\/div>\n\t<div class=\"wpb_single_image wpb_content_element vc_align_left wpb_content_element\">\n\t\t\n\t\t<figure class=\"wpb_wrapper vc_figure\">\n\t\t\t<a href=\"https:\/\/contourtrace.com\/area-scan-portal-ct-2dm-600x420\/\" target=\"_blank\" class=\"vc_single_image-wrapper vc_box_shadow  vc_box_border_grey\"><img loading=\"lazy\" decoding=\"async\" width=\"1500\" height=\"1000\" src=\"https:\/\/kuhn-solutions.de\/wp-content\/uploads\/2024\/09\/Area-Scan-Portal-MO.jpg\" class=\"vc_single_image-img attachment-full\" alt title=\"Portal skanowania obszaru - obs\u0142uga r\u0119czna\" srcset=\"https:\/\/kuhn-solutions.de\/wp-content\/uploads\/2024\/09\/Area-Scan-Portal-MO.jpg 1500w, https:\/\/kuhn-solutions.de\/wp-content\/uploads\/2024\/09\/Area-Scan-Portal-MO-300x200.jpg 300w, https:\/\/kuhn-solutions.de\/wp-content\/uploads\/2024\/09\/Area-Scan-Portal-MO-1024x683.jpg 1024w, https:\/\/kuhn-solutions.de\/wp-content\/uploads\/2024\/09\/Area-Scan-Portal-MO-768x512.jpg 768w, https:\/\/kuhn-solutions.de\/wp-content\/uploads\/2024\/09\/Area-Scan-Portal-MO-18x12.jpg 18w, https:\/\/kuhn-solutions.de\/wp-content\/uploads\/2024\/09\/Area-Scan-Portal-MO-370x247.jpg 370w, https:\/\/kuhn-solutions.de\/wp-content\/uploads\/2024\/09\/Area-Scan-Portal-MO-1200x800.jpg 1200w, https:\/\/kuhn-solutions.de\/wp-content\/uploads\/2024\/09\/Area-Scan-Portal-MO-360x240.jpg 360w\" sizes=\"auto, (max-width: 1500px) 100vw, 1500px\"><\/a>\n\t\t<\/figure>\n\t<\/div>\n<h5 class=\"heading-left  style-1\"><span>Portal skanowania obszaru \u2013 obs\u0142uga r\u0119czna<\/span><\/h5>\n\t<div class=\"wpb_text_column wpb_content_element\">\n\t\t<div class=\"wpb_wrapper\">\n\t\t\t<p>Ska\u00adno\u00adwa\u00adnie obiek\u00adtu poprzez r\u0119cz\u00adne prze\u00adsu\u00adwa\u00adnie kame\u00adry za pomoc\u0105 funk\u00adc\u00adji Area Scan Por\u00adtal \u2013 obs\u0142u\u00adga r\u0119czna<\/p>\n\n\t\t<\/div>\n\t<\/div>\n<div class=\"vc_empty_space\" style=\"height: 20px\"><span class=\"vc_empty_space_inner\"><\/span><\/div>\n\t<div class=\"wpb_text_column wpb_content_element vc_custom_1730291079536\">\n\t\t<div class=\"wpb_wrapper\">\n\t\t\t<p>Por\u00adtal do ska\u00adno\u00adwa\u00adnia obs\u00adza\u00adro\u00adwego \u2013 obs\u0142u\u00adga r\u0119cz\u00adna umo\u017c\u00adli\u00adwia pre\u00adcy\u00adzy\u00adj\u00adne wyo\u00addr\u0119b\u00adnia\u00adnie kon\u00adtur\u00f3w za pomoc\u0105 r\u0119cz\u00adn\u00adego ruchu kame\u00adry. Wyst\u00adar\u00adc\u00adzy umie\u015bci\u0107 obiek\u00adty na obs\u00adz\u00adar\u00adze ska\u00adno\u00adwa\u00adnia port\u00ada\u00adlu. Po r\u0119cz\u00adnym przes\u00aduni\u0119ciu kame\u00adry nad obiek\u00adtem obs\u00adzar zosta\u00adnie zes\u00adka\u00adno\u00adwa\u00adny, a zes\u00adka\u00adno\u00adwa\u00adny obraz zosta\u00adnie przes\u0142a\u00adny do pod\u0142\u0105c\u00adzo\u00adn\u00adego komputera.<\/p>\n\n\t\t<\/div>\n\t<\/div>\n<div class=\"vc_btn3-container vc_btn3-center vc_custom_1730294620848 vc_do_btn\"><a class=\"vc_general vc_btn3 vc_btn3-size-lg vc_btn3-shape-rounded vc_btn3-style-modern vc_btn3-color-black\" href=\"https:\/\/contourtrace.com\/area-scan-portal-ct-2dm-600x420\/\" title target=\"_blank\">Wi\u0119cej infor\u00admac\u00adji o port\u00ada\u00adlu ska\u00adno\u00adwa\u00adnia obs\u00adza\u00adru \u2013 obs\u0142u\u00adga r\u0119czna&nbsp;.\u2026<\/a><\/div><\/div><\/div><\/div><\/div><\/div><\/div><\/div><div class=\"wpb_column vc_column_container vc_col-sm-4\"><div class=\"vc_column-inner\"><div class=\"wpb_wrapper\"><div class=\"vc_row wpb_row vc_inner vc_row-fluid vc_custom_1436373637236\"><div class=\"wpb_column vc_column_container vc_col-sm-12\"><div class=\"vc_column-inner\"><div class=\"wpb_wrapper\"><div class=\"vc_empty_space\" style=\"height: 60px\"><span class=\"vc_empty_space_inner\"><\/span><\/div>\n\t<div class=\"wpb_single_image wpb_content_element vc_align_left wpb_content_element\">\n\t\t\n\t\t<figure class=\"wpb_wrapper vc_figure\">\n\t\t\t<a href=\"https:\/\/contourtrace.com\/position-marker-templates\/\" target=\"_blank\" class=\"vc_single_image-wrapper vc_box_shadow  vc_box_border_grey\"><img loading=\"lazy\" decoding=\"async\" width=\"1200\" height=\"800\" src=\"https:\/\/kuhn-solutions.de\/wp-content\/uploads\/2024\/09\/PMT.jpg\" class=\"vc_single_image-img attachment-full\" alt title=\"Szablon znacznika pozycji\" srcset=\"https:\/\/kuhn-solutions.de\/wp-content\/uploads\/2024\/09\/PMT.jpg 1200w, https:\/\/kuhn-solutions.de\/wp-content\/uploads\/2024\/09\/PMT-300x200.jpg 300w, https:\/\/kuhn-solutions.de\/wp-content\/uploads\/2024\/09\/PMT-1024x683.jpg 1024w, https:\/\/kuhn-solutions.de\/wp-content\/uploads\/2024\/09\/PMT-768x512.jpg 768w, https:\/\/kuhn-solutions.de\/wp-content\/uploads\/2024\/09\/PMT-18x12.jpg 18w, https:\/\/kuhn-solutions.de\/wp-content\/uploads\/2024\/09\/PMT-370x247.jpg 370w, https:\/\/kuhn-solutions.de\/wp-content\/uploads\/2024\/09\/PMT-360x240.jpg 360w\" sizes=\"auto, (max-width: 1200px) 100vw, 1200px\"><\/a>\n\t\t<\/figure>\n\t<\/div>\n<h5 class=\"heading-left  style-1\"><span>Szablony znacznik\u00f3w pozycji dla portalu skanowania obszar\u00f3w<\/span><\/h5>\n\t<div class=\"wpb_text_column wpb_content_element\">\n\t\t<div class=\"wpb_wrapper\">\n\t\t\t<p>U\u017cyj sza\u00adblon\u00f3w znacz\u00adni\u00adk\u00f3w po\u0142o\u017ce\u00adnia, aby uzys\u00adka\u0107 kon\u00adtu\u00adry zgod\u00adne ze&nbsp;skal\u0105<\/p>\n\n\t\t<\/div>\n\t<\/div>\n<div class=\"vc_empty_space\" style=\"height: 20px\"><span class=\"vc_empty_space_inner\"><\/span><\/div>\n\t<div class=\"wpb_text_column wpb_content_element vc_custom_1730291270045\">\n\t\t<div class=\"wpb_wrapper\">\n\t\t\t<p>Rozszerz funk\u00adc\u00adjo\u00adnal\u00adno\u015b\u0107 port\u00ada\u00adlu Area Scan o pre\u00adcy\u00adzy\u00adj\u00adne sza\u00adblo\u00adny znacz\u00adni\u00adk\u00f3w po\u0142o\u017ce\u00adnia. Sza\u00adblo\u00adny te zosta\u0142y opra\u00adco\u00adwa\u00adne w celu zapew\u00adni\u00adenia, \u017ce kon\u00adtu\u00adry wyo\u00addr\u0119b\u00adnio\u00adne ze ska\u00adno\u00adwa\u00adn\u00adego obra\u00adzu s\u0105 zgod\u00adne ze skal\u0105. Zapew\u00adnia\u00adj\u0105 one wyda\u00adjn\u0105 trans\u00admis\u00adj\u0119 \u015bwia\u00adt\u0142a i chro\u00adni\u0105 panel \u015bwietl\u00adny LED przed zadra\u00adpa\u00adnia\u00admi i uderzeniami.<\/p>\n\n\t\t<\/div>\n\t<\/div>\n<div class=\"vc_btn3-container vc_btn3-center vc_custom_1730294639627 vc_do_btn\"><a class=\"vc_general vc_btn3 vc_btn3-size-lg vc_btn3-shape-rounded vc_btn3-style-modern vc_btn3-color-black\" href=\"https:\/\/contourtrace.com\/position-marker-templates\/\" title target=\"_blank\">Wi\u0119cej infor\u00admac\u00adji o sza\u00adblo\u00adnach znacz\u00adni\u00adk\u00f3w pozycji&nbsp;\u2026<\/a><\/div><\/div><\/div><\/div><\/div><\/div><\/div><\/div><\/div>\n<\/div>","protected":false},"excerpt":{"rendered":"Sprz\u0119t dla opro\u00adgra\u00admo\u00adwa\u00adnia Con\u00adtour\u00adTrace Por\u00adtal ska\u00adno\u00adwa\u00adnia obs\u00adza\u00adru \u2013 dzia\u0142a\u00adnie auto\u00adma\u00adty\u00adcz\u00adne Ska\u00adnuj obiek\u00adty w pe\u0142\u00adni auto\u00adma\u00adty\u00adcz\u00adnie za pomoc\u0105 port\u00ada\u00adlu ska\u00adno\u00adwa\u00adnia obs\u00adza\u00adru \u2013 dzia\u0142a\u00adnie auto\u00adma\u00adty\u00adcz\u00adne Por\u00adtal ska\u00adno\u00adwa\u00adnia obs\u00adza\u00adru \u2013 dzia\u0142a\u00adnie auto\u00adma\u00adty\u00adcz\u00adne wykon\u00adu\u00adje pre\u00adcy\u00adzy\u00adj\u00adne wyo\u00addr\u0119b\u00adnia\u00adnie kon\u00adtur\u00f3w w pe\u0142\u00adni auto\u00adma\u00adty\u00adcz\u00adnie i w ci\u0105\u00adgu zaled\u00adwie kil\u00adku minut. Umie\u015b\u0107\u2026","protected":false},"author":9,"featured_media":0,"parent":0,"menu_order":0,"comment_status":"open","ping_status":"open","template":"","meta":{"wp_typography_post_enhancements_disabled":false,"footnotes":""},"class_list":["post-2765","page","type-page","status-publish","hentry"],"_links":{"self":[{"href":"https:\/\/kuhn-solutions.de\/pl\/wp-json\/wp\/v2\/pages\/2765","targetHints":{"allow":["GET"]}}],"collection":[{"href":"https:\/\/kuhn-solutions.de\/pl\/wp-json\/wp\/v2\/pages"}],"about":[{"href":"https:\/\/kuhn-solutions.de\/pl\/wp-json\/wp\/v2\/types\/page"}],"author":[{"embeddable":true,"href":"https:\/\/kuhn-solutions.de\/pl\/wp-json\/wp\/v2\/users\/9"}],"replies":[{"embeddable":true,"href":"https:\/\/kuhn-solutions.de\/pl\/wp-json\/wp\/v2\/comments?post=2765"}],"version-history":[{"count":5,"href":"https:\/\/kuhn-solutions.de\/pl\/wp-json\/wp\/v2\/pages\/2765\/revisions"}],"predecessor-version":[{"id":2794,"href":"https:\/\/kuhn-solutions.de\/pl\/wp-json\/wp\/v2\/pages\/2765\/revisions\/2794"}],"wp:attachment":[{"href":"https:\/\/kuhn-solutions.de\/pl\/wp-json\/wp\/v2\/media?parent=2765"}],"curies":[{"name":"wp","href":"https:\/\/api.w.org\/{rel}","templated":true}]}}