{"id":2515,"date":"2022-05-04T09:49:22","date_gmt":"2022-05-04T07:49:22","guid":{"rendered":"https:\/\/kuhn-solutions.de\/?page_id=2515"},"modified":"2024-10-30T14:34:47","modified_gmt":"2024-10-30T13:34:47","slug":"produktkonfiguratoren","status":"publish","type":"page","link":"https:\/\/kuhn-solutions.de\/pl\/produktkonfiguratoren\/","title":{"rendered":"Nas\u00adze kon\u00adfi\u00adgu\u00adra\u00adto\u00adry produkt\u00f3w"},"content":{"rendered":"<div class=\"wpb-content-wrapper\"><div class=\"vc_row wpb_row vc_row-fluid\"><div class=\"wpb_column vc_column_container vc_col-sm-12\"><div class=\"vc_column-inner\"><div class=\"wpb_wrapper\"><h3 class=\"heading-left  style-1\"><span>Tw\u00f3rz indywidualne produkty za pomoc\u0105 naszego konfiguratora produkt\u00f3w<\/span><\/h3><\/div><\/div><\/div><div class=\"wpb_column vc_column_container vc_col-sm-4\"><div class=\"vc_column-inner\"><div class=\"wpb_wrapper\"><div class=\"vc_row wpb_row vc_inner vc_row-fluid vc_custom_1436373637236\"><div class=\"wpb_column vc_column_container vc_col-sm-12\"><div class=\"vc_column-inner\"><div class=\"wpb_wrapper\"><div class=\"vc_empty_space\" style=\"height: 60px\"><span class=\"vc_empty_space_inner\"><\/span><\/div>\n\t<div class=\"wpb_single_image wpb_content_element vc_align_left wpb_content_element\">\n\t\t\n\t\t<figure class=\"wpb_wrapper vc_figure\">\n\t\t\t<a href=\"https:\/\/kuhn-solutions.de\/en\/mytable-configurator\/\" target=\"_blank\" class=\"vc_single_image-wrapper vc_box_shadow  vc_box_border_grey\"><img loading=\"lazy\" decoding=\"async\" width=\"360\" height=\"240\" src=\"https:\/\/kuhn-solutions.de\/wp-content\/uploads\/2022\/05\/My-Table-Sun-Flower.445.png\" class=\"vc_single_image-img attachment-full\" alt title srcset=\"https:\/\/kuhn-solutions.de\/wp-content\/uploads\/2022\/05\/My-Table-Sun-Flower.445.png 360w, https:\/\/kuhn-solutions.de\/wp-content\/uploads\/2022\/05\/My-Table-Sun-Flower.445-300x200.png 300w, https:\/\/kuhn-solutions.de\/wp-content\/uploads\/2022\/05\/My-Table-Sun-Flower.445-18x12.png 18w\" sizes=\"auto, (max-width: 360px) 100vw, 360px\"><\/a>\n\t\t<\/figure>\n\t<\/div>\n<h5 class=\"heading-left  style-1\"><span>Konfigurator MyTable<\/span><\/h5>\n\t<div class=\"wpb_text_column wpb_content_element\">\n\t\t<div class=\"wpb_wrapper\">\n\t\t\t<p>Stw\u00f3rz sw\u00f3j <span data-teams=\"true\"><span class=\"ui-provider a b c d e f g h i j k l m n o p q r s t u v w x y z ab ac ae af ag ah ai aj ak\" dir=\"ltr\">w\u0142as\u00adny <\/span><\/span><span data-teams=\"true\"><span class=\"ui-provider a b c d e f g h i j k l m n o p q r s t u v w x y z ab ac ae af ag ah ai aj ak\" dir=\"ltr\">Tabe\u00adla<\/span><\/span><\/p>\n\n\t\t<\/div>\n\t<\/div>\n<div class=\"vc_empty_space\" style=\"height: 20px\"><span class=\"vc_empty_space_inner\"><\/span><\/div>\n\t<div class=\"wpb_text_column wpb_content_element vc_custom_1730295254895\">\n\t\t<div class=\"wpb_wrapper\">\n\t\t\t<p>Dzi\u0119ki kon\u00adfi\u00adgu\u00adra\u00adto\u00adro\u00adwi MyTa\u00adble mo\u017c\u00adna \u0142at\u00adwo stwor\u00adzy\u0107 w\u0142as\u00adn\u0105, sper\u00adso\u00adna\u00adlizowan\u0105 tabel\u0119. Jak tyl\u00adko b\u0119d\u00adzi\u00adesz mie\u0107 <span data-teams=\"true\"><span class=\"ui-provider a b c d e f g h i j k l m n o p q r s t u v w x y z ab ac ae af ag ah ai aj ak\" dir=\"ltr\">Tabe\u00adla <\/span><\/span>mo\u017c\u00adna wywo\u0142a\u0107 rysun\u00adki i inne wyma\u00adga\u00adne pli\u00adki za pomoc\u0105 jed\u00adn\u00adego kli\u00adkni\u0119cia. Z pomoc\u0105 apli\u00adka\u00adc\u00adji <span data-teams=\"true\"><span class=\"ui-provider a b c d e f g h i j k l m n o p q r s t u v w x y z ab ac ae af ag ah ai aj ak\" dir=\"ltr\">Lis\u00adta cz\u0119\u015bci <\/span><\/span>na rysun\u00adku mo\u017c\u00adna kupi\u0107 niez\u00adb\u0119d\u00adne cz\u0119\u015bci do samod\u00adziel\u00adn\u00adego zbu\u00addo\u00adwa\u00adnia&nbsp;sto\u0142u.<\/p>\n\n\t\t<\/div>\n\t<\/div>\n<div class=\"vc_btn3-container vc_btn3-center vc_custom_1652172615313 vc_do_btn\"><a class=\"vc_general vc_btn3 vc_btn3-size-lg vc_btn3-shape-rounded vc_btn3-style-modern vc_btn3-color-black\" href=\"https:\/\/kuhn-solutions.de\/pl\/mytable-configurator\/\" title=\"Konfigurator MyTable\" target=\"_blank\">Wi\u0119cej o Kon\u00adfi\u00adgu\u00adra\u00adtor\u00adze Mojego Sto\u0142u&nbsp;\u2026<\/a><\/div><\/div><\/div><\/div><\/div><\/div><\/div><\/div><div class=\"wpb_column vc_column_container vc_col-sm-4\"><div class=\"vc_column-inner\"><div class=\"wpb_wrapper\"><div class=\"vc_row wpb_row vc_inner vc_row-fluid vc_custom_1436373637236\"><div class=\"wpb_column vc_column_container vc_col-sm-12\"><div class=\"vc_column-inner\"><div class=\"wpb_wrapper\"><div class=\"vc_empty_space\" style=\"height: 60px\"><span class=\"vc_empty_space_inner\"><\/span><\/div>\n\t<div class=\"wpb_single_image wpb_content_element vc_align_left wpb_content_element\">\n\t\t\n\t\t<figure class=\"wpb_wrapper vc_figure\">\n\t\t\t<a href=\"https:\/\/kuhn-solutions.de\/en\/myshelf-configurator\/\" target=\"_blank\" class=\"vc_single_image-wrapper vc_box_shadow  vc_box_border_grey\"><img loading=\"lazy\" decoding=\"async\" width=\"360\" height=\"240\" src=\"https:\/\/kuhn-solutions.de\/wp-content\/uploads\/2022\/05\/MyShelf-Jasmine.451.png\" class=\"vc_single_image-img attachment-full\" alt title srcset=\"https:\/\/kuhn-solutions.de\/wp-content\/uploads\/2022\/05\/MyShelf-Jasmine.451.png 360w, https:\/\/kuhn-solutions.de\/wp-content\/uploads\/2022\/05\/MyShelf-Jasmine.451-300x200.png 300w, https:\/\/kuhn-solutions.de\/wp-content\/uploads\/2022\/05\/MyShelf-Jasmine.451-18x12.png 18w\" sizes=\"auto, (max-width: 360px) 100vw, 360px\"><\/a>\n\t\t<\/figure>\n\t<\/div>\n<h5 class=\"heading-left  style-1\"><span>Konfigurator MyShelf<\/span><\/h5>\n\t<div class=\"wpb_text_column wpb_content_element\">\n\t\t<div class=\"wpb_wrapper\">\n\t\t\t<p>Stw\u00f3rz w\u0142as\u00adn\u0105&nbsp;p\u00f3\u0142k\u0119<\/p>\n\n\t\t<\/div>\n\t<\/div>\n<div class=\"vc_empty_space  vc_custom_1519386271239\" style=\"height: 20px\"><span class=\"vc_empty_space_inner\"><\/span><\/div>\n\t<div class=\"wpb_text_column wpb_content_element vc_custom_1730295265159\">\n\t\t<div class=\"wpb_wrapper\">\n\t\t\t<p>Za pomoc\u0105 kon\u00adfi\u00adgu\u00adra\u00adtora MyS\u00adhelf mo\u017c\u00adna \u0142at\u00adwo stwor\u00adzy\u0107 w\u0142as\u00adn\u0105 p\u00f3\u0142k\u0119. Po dosto\u00adso\u00adwa\u00adniu p\u00f3\u0142ki mo\u017c\u00adna jed\u00adnym kli\u00adkni\u0119ciem wywo\u0142a\u0107 rysun\u00adki i inne niez\u00adb\u0119d\u00adne pli\u00adki. Z pomoc\u0105 apli\u00adka\u00adc\u00adji <span data-teams=\"true\"><span class=\"ui-provider a b c d e f g h i j k l m n o p q r s t u v w x y z ab ac ae af ag ah ai aj ak\" dir=\"ltr\">Lis\u00adta cz\u0119\u015bci <\/span><\/span>na rysun\u00adku mo\u017c\u00adna kupi\u0107 niez\u00adb\u0119d\u00adne cz\u0119\u015bci do samod\u00adziel\u00adn\u00adego zbu\u00addo\u00adwa\u00adnia&nbsp;p\u00f3\u0142ki.<\/p>\n\n\t\t<\/div>\n\t<\/div>\n<div class=\"vc_btn3-container vc_btn3-center vc_custom_1652172624847 vc_do_btn\"><a class=\"vc_general vc_btn3 vc_btn3-size-lg vc_btn3-shape-rounded vc_btn3-style-modern vc_btn3-color-black\" href=\"https:\/\/kuhn-solutions.de\/pl\/myshelf-configurator\/\" title=\"Konfigurator MyShelf\" target=\"_blank\">Wi\u0119cej o kon\u00adfi\u00adgu\u00adra\u00adtor\u00adze MyShelf&nbsp;\u2026<\/a><\/div><\/div><\/div><\/div><\/div><\/div><\/div><\/div><div class=\"wpb_column vc_column_container vc_col-sm-4\"><div class=\"vc_column-inner\"><div class=\"wpb_wrapper\"><div class=\"vc_row wpb_row vc_inner vc_row-fluid vc_custom_1436373637236\"><div class=\"wpb_column vc_column_container vc_col-sm-12\"><div class=\"vc_column-inner\"><div class=\"wpb_wrapper\"><div class=\"vc_empty_space\" style=\"height: 60px\"><span class=\"vc_empty_space_inner\"><\/span><\/div>\n\t<div class=\"wpb_single_image wpb_content_element vc_align_left wpb_content_element\">\n\t\t\n\t\t<figure class=\"wpb_wrapper vc_figure\">\n\t\t\t<a href=\"https:\/\/kuhn-solutions.de\/en\/myshoerack-configurator\/\" target=\"_blank\" class=\"vc_single_image-wrapper vc_box_shadow  vc_box_border_grey\"><img loading=\"lazy\" decoding=\"async\" width=\"360\" height=\"240\" src=\"https:\/\/kuhn-solutions.de\/wp-content\/uploads\/2022\/05\/MyShoeRack-Rose.457.png\" class=\"vc_single_image-img attachment-full\" alt title srcset=\"https:\/\/kuhn-solutions.de\/wp-content\/uploads\/2022\/05\/MyShoeRack-Rose.457.png 360w, https:\/\/kuhn-solutions.de\/wp-content\/uploads\/2022\/05\/MyShoeRack-Rose.457-300x200.png 300w, https:\/\/kuhn-solutions.de\/wp-content\/uploads\/2022\/05\/MyShoeRack-Rose.457-18x12.png 18w\" sizes=\"auto, (max-width: 360px) 100vw, 360px\"><\/a>\n\t\t<\/figure>\n\t<\/div>\n<h5 class=\"heading-left  style-1\"><span>Konfigurator stojaka na buty MyShoeRack<\/span><\/h5>\n\t<div class=\"wpb_text_column wpb_content_element\">\n\t\t<div class=\"wpb_wrapper\">\n\t\t\t<p>Stw\u00f3rz w\u0142as\u00adn\u0105 p\u00f3\u0142k\u0119 na&nbsp;buty<\/p>\n\n\t\t<\/div>\n\t<\/div>\n<div class=\"vc_empty_space\" style=\"height: 20px\"><span class=\"vc_empty_space_inner\"><\/span><\/div>\n\t<div class=\"wpb_text_column wpb_content_element vc_custom_1730295276628\">\n\t\t<div class=\"wpb_wrapper\">\n\t\t\t<p>Za pomoc\u0105 kon\u00adfi\u00adgu\u00adra\u00adtora MyS\u00adhoeRack mo\u017c\u00adna \u0142at\u00adwo utwor\u00adzy\u0107 nie\u00adstan\u00addardo\u00adwy sto\u00adjak na buty. Po utwor\u00adze\u00adniu sper\u00adso\u00adna\u00adlizowa\u00adn\u00adego sto\u00adja\u00adka na buty mo\u017c\u00adna jed\u00adnym kli\u00adkni\u0119ciem wywo\u0142a\u0107 rysun\u00adki i inne niez\u00adb\u0119d\u00adne pli\u00adki. Z pomoc\u0105 apli\u00adka\u00adc\u00adji <span data-teams=\"true\"><span class=\"ui-provider a b c d e f g h i j k l m n o p q r s t u v w x y z ab ac ae af ag ah ai aj ak\" dir=\"ltr\">Lis\u00adta cz\u0119\u015bci <\/span><\/span>na rysun\u00adku mo\u017c\u00adna kupi\u0107 niez\u00adb\u0119d\u00adne cz\u0119\u015bci do samod\u00adziel\u00adn\u00adego zbu\u00addo\u00adwa\u00adnia sto\u00adja\u00adka na&nbsp;buty.<\/p>\n\n\t\t<\/div>\n\t<\/div>\n<div class=\"vc_btn3-container vc_btn3-center vc_custom_1652172038364 vc_do_btn\"><a class=\"vc_general vc_btn3 vc_btn3-size-lg vc_btn3-shape-rounded vc_btn3-style-modern vc_btn3-color-black\" href=\"https:\/\/kuhn-solutions.de\/pl\/myshoerack-configurator\/\" title=\"Konfigurator stojaka na buty MyShoeRack\" target=\"_blank\">Wi\u0119cej infor\u00admac\u00adji o kon\u00adfi\u00adgu\u00adra\u00adtor\u00adze sto\u00adja\u00adka MyShoeRack&nbsp;\u2026<\/a><\/div><\/div><\/div><\/div><\/div><\/div><\/div><\/div><\/div>\n<\/div>","protected":false},"excerpt":{"rendered":"Stw\u00f3rz sw\u00f3j w\u0142as\u00adny pro\u00addukt za pomoc\u0105 nas\u00adze\u00adgo kon\u00adfi\u00adgu\u00adra\u00adtora pro\u00adduk\u00adt\u00f3w Kon\u00adfi\u00adgu\u00adra\u00adtor MyTa\u00adble Stw\u00f3rz sw\u00f3j w\u0142as\u00adny st\u00f3\u0142 Za pomoc\u0105 kon\u00adfi\u00adgu\u00adra\u00adtora MyTa\u00adble mo\u017cesz \u0142at\u00adwo stwor\u00adzy\u0107 sw\u00f3j w\u0142as\u00adny, sper\u00adso\u00adna\u00adlizowa\u00adny st\u00f3\u0142. Po dosto\u00adso\u00adwa\u00adniu sto\u0142u mo\u017c\u00adna przes\u0142a\u0107 rysun\u00adki i inne niez\u00adb\u0119d\u00adne informacje.\u2026","protected":false},"author":9,"featured_media":0,"parent":0,"menu_order":0,"comment_status":"open","ping_status":"open","template":"","meta":{"wp_typography_post_enhancements_disabled":false,"footnotes":""},"class_list":["post-2515","page","type-page","status-publish","hentry"],"_links":{"self":[{"href":"https:\/\/kuhn-solutions.de\/pl\/wp-json\/wp\/v2\/pages\/2515","targetHints":{"allow":["GET"]}}],"collection":[{"href":"https:\/\/kuhn-solutions.de\/pl\/wp-json\/wp\/v2\/pages"}],"about":[{"href":"https:\/\/kuhn-solutions.de\/pl\/wp-json\/wp\/v2\/types\/page"}],"author":[{"embeddable":true,"href":"https:\/\/kuhn-solutions.de\/pl\/wp-json\/wp\/v2\/users\/9"}],"replies":[{"embeddable":true,"href":"https:\/\/kuhn-solutions.de\/pl\/wp-json\/wp\/v2\/comments?post=2515"}],"version-history":[{"count":40,"href":"https:\/\/kuhn-solutions.de\/pl\/wp-json\/wp\/v2\/pages\/2515\/revisions"}],"predecessor-version":[{"id":2798,"href":"https:\/\/kuhn-solutions.de\/pl\/wp-json\/wp\/v2\/pages\/2515\/revisions\/2798"}],"wp:attachment":[{"href":"https:\/\/kuhn-solutions.de\/pl\/wp-json\/wp\/v2\/media?parent=2515"}],"curies":[{"name":"wp","href":"https:\/\/api.w.org\/{rel}","templated":true}]}}