{"id":1370,"date":"2018-10-17T19:47:14","date_gmt":"2018-10-17T17:47:14","guid":{"rendered":"https:\/\/kuhneng.de\/?page_id=1370"},"modified":"2021-02-08T08:46:24","modified_gmt":"2021-02-08T07:46:24","slug":"solidworks-api-programmierung-my-glasses","status":"publish","type":"page","link":"https:\/\/kuhn-solutions.de\/pl\/solidworks-api-programmierung-my-glasses\/","title":{"rendered":"Pro\u00adgra\u00admo\u00adwa\u00adnie inter\u00adfe\u00adj\u00adsu API Solid\u00adWorks na przy\u00adk\u0142ad\u00adzie \u201eMoje okulary\u201c."},"content":{"rendered":"<div class=\"wpb-content-wrapper\"><div class=\"vc_row wpb_row vc_row-fluid\"><div class=\"wpb_column vc_column_container vc_col-sm-12\"><div class=\"vc_column-inner\"><div class=\"wpb_wrapper\">\n\t<div class=\"wpb_text_column wpb_content_element vc_custom_1612770365692\">\n\t\t<div class=\"wpb_wrapper\">\n\t\t\t<p>Solid\u00adWorks zawi\u00ade\u00adra roz\u00adbu\u00addo\u00adwa\u00adny inter\u00adfe\u00adjs pro\u00adgra\u00admo\u00adwa\u00adnia, zwa\u00adny w skr\u00f3cie API.&nbsp;<span lang=\"en-Latn\"><i>inter\u00adfe\u00adjs pro\u00adgra\u00admo\u00adwa\u00adnia apli\u00adka\u00adc\u00adji). <\/i>Dzi\u0119ki temu opro\u00adgra\u00admo\u00adwa\u00adnie CAD mo\u017c\u00adna dosto\u00adso\u00adwa\u0107 i roz\u00adbu\u00addo\u00adwa\u0107 zgod\u00adnie z indy\u00adwi\u00addu\u00adal\u00adny\u00admi potrzeb\u00ada\u00admi. Pow\u00adtar\u00adza\u00adj\u0105ce si\u0119 zada\u00adnia mo\u017c\u00adna zau\u00adto\u00adma\u00adty\u00adzowa\u0107 cyfro\u00adwo nie\u00admal bez ogra\u00adnic\u00adze\u0144. W wie\u00adlu fir\u00admach opc\u00adja ta jest jed\u00adnak rzad\u00adko wykor\u00adzy\u00adsty\u00adwa\u00adna. A szko\u00adda, bo opr\u00f3cz ogrom\u00adnej oszc\u00adz\u0119d\u00adno\u015bci cza\u00adsu i kosz\u00adt\u00f3w nie\u00adsie to ze sob\u0105 zupe\u0142\u00adnie nowe mo\u017c\u00adli\u00adwo\u015bci dla w\u0142as\u00adnej&nbsp;firmy.&nbsp;<\/span><\/p>\n<p><span lang=\"en-Latn\">Poni\u017cs\u00adzy film na temat kon\u00adfi\u00adgu\u00adra\u00adtora pro\u00adduk\u00adtu <em>Moje oku\u00adla\u00adry<\/em> poka\u00adzu\u00adje ogrom\u00adne mo\u017c\u00adli\u00adwo\u015bci roz\u00adbu\u00addo\u00adwy systemu.<\/span><\/p>\n\n\t\t<\/div>\n\t<\/div>\n<div class=\"video-wrapper\"><iframe loading=\"lazy\" src=\"https:\/\/www.youtube.com\/embed\/ZkNnBmnNTE0?wmode=transparent\" width=\"1280\" height=\"315\" style=\"border: none !important\"><\/iframe><\/div>\n\t<div class=\"wpb_text_column wpb_content_element vc_custom_1612770372667\">\n\t\t<div class=\"wpb_wrapper\">\n\t\t\t<p>Za pomoc\u0105 kon\u00adfi\u00adgu\u00adra\u00adtora pro\u00adduk\u00adtu <em>Moje oku\u00adla\u00adry<\/em> mo\u017c\u00adna zapro\u00adjek\u00adto\u00adwa\u0107 w\u0142as\u00adn\u0105, indy\u00adwi\u00addu\u00adal\u00adn\u0105 par\u0119 oku\u00adlar\u00f3w. Ponadto mo\u017c\u00adli\u00adwe jest dosto\u00adso\u00adwa\u00adnie roz\u00admi\u00ada\u00adru i po\u0142o\u017ce\u00adnia oku\u00adlar\u00f3w do ska\u00adnu 3D ludzkiej g\u0142o\u00adwy. Wykor\u00adzysta\u00adne tu ska\u00adny 3D zosta\u0142y stwor\u00adzo\u00adne przy pomo\u00adcy <em>Foto\u00adgra\u00adme\u00adtria<\/em> utwor\u00adz\u00adonych i s\u0142u\u017c\u0105\u00adcych jako dane kli\u00aden\u00adta dla kon\u00adfi\u00adgu\u00adra\u00adtora pro\u00adduk\u00adtu. Kon\u00adfi\u00adgu\u00adra\u00adtor pro\u00adduk\u00adt\u00f3w <em>Moje oku\u00adla\u00adry<\/em> jest zaim\u00adple\u00admen\u00adto\u00adwa\u00adny jako doda\u00adtek do sys\u00adtemu CAD Solid\u00adWorks. Dodat\u00adki umo\u017c\u00adli\u00adwia\u00adj\u0105 rozszer\u00adze\u00adnie ju\u017c ist\u00adnie\u00adj\u0105ce\u00adgo opro\u00adgra\u00admo\u00adwa\u00adnia o dodat\u00adko\u00adwe funk\u00adc\u00adje. Aby opra\u00adco\u00adwa\u0107 doda\u00adtek, ist\u00adnie\u00adj\u0105ce opro\u00adgra\u00admo\u00adwa\u00adnie wyma\u00adga <em>Inter\u00adfe\u00adjs pro\u00adgra\u00admo\u00adwa\u00adnia apli\u00adka\u00adc\u00adji (Appli\u00adca\u00adti\u00adon Pro\u00adgramming Inter\u00adface, w skr\u00f3cie API)<\/em>. Zale\u00adt\u0105 wykor\u00adzysta\u00adnia dodat\u00adku jako pod\u00adsta\u00adwy do opra\u00adco\u00adwa\u00adnia kon\u00adfi\u00adgu\u00adra\u00adtora pro\u00adduk\u00adtu jest to, \u017ce mo\u017c\u00adna wykor\u00adzysta\u0107 ist\u00adnie\u00adj\u0105ce funk\u00adc\u00adje g\u0142\u00f3w\u00adnej apli\u00adka\u00adc\u00adji. W samym dodat\u00adku nale\u017cy opra\u00adco\u00adwa\u0107 tyl\u00adko te funk\u00adc\u00adje, kt\u00f3\u00adre nie s\u0105 dost\u0119p\u00adne w g\u0142\u00f3w\u00adnej apli\u00adka\u00adc\u00adji. Mo\u017ce to znacz\u00adnie skr\u00f3ci\u0107 czas i kosz\u00adty opra\u00adco\u00adwa\u00adnia w por\u00f3wna\u00adniu z twor\u00adze\u00adniem samod\u00adziel\u00adnej aplikacji.<\/p>\n<p>Kon\u00adfi\u00adgu\u00adra\u00adtor pro\u00adduk\u00adt\u00f3w <em>Moje oku\u00adla\u00adry<\/em> poka\u00adzu\u00adje wie\u00adle zalet dodat\u00adk\u00f3w. Nale\u017c\u0105 do&nbsp;nich:<\/p>\n<ul>\n<li>U\u017cyt\u00adkow\u00adni\u00adcy dodat\u00adku nie mus\u00adz\u0105 uczy\u0107 si\u0119 obs\u0142u\u00adgi nowej aplikacji.<\/li>\n<li>Kor\u00adzysta\u00adnie z dodat\u00adku jest od razu zna\u00adjo\u00adme, ponie\u00adwa\u017c g\u0142\u00f3w\u00adna apli\u00adka\u00adc\u00adja jest ju\u017c zna\u00adna. Dod\u00ada\u00adno tyl\u00adko kil\u00adka nowych funk\u00adc\u00adji. Dzi\u0119ki temu u\u017cyt\u00adkow\u00adnik nie czu\u00adje si\u0119 przy\u00adt\u0142oc\u00adz\u00ado\u00adny i nie jest kon\u00adfron\u00adto\u00adwa\u00adny z now\u0105 aplikacj\u0105.<\/li>\n<li>Doda\u00adtek mo\u017c\u00adna w razie potrze\u00adby akty\u00adwo\u00adwa\u0107 i dez\u00adak\u00adty\u00adwo\u00adwa\u0107 w sys\u00adte\u00admie CAD. Gra\u00adficz\u00adny inter\u00adfe\u00adjs u\u017cyt\u00adkow\u00adni\u00adka zawi\u00ade\u00adra zatem tyl\u00adko te ele\u00admen\u00adty, kt\u00f3\u00adre s\u0105 aktu\u00adal\u00adnie potrzebne.<\/li>\n<li>Kon\u00adfi\u00adgu\u00adrac\u00adj\u0119 i dosto\u00adso\u00adwa\u00adnie pro\u00adduk\u00adtu do potrzeb u\u017cyt\u00adkow\u00adni\u00adka mo\u017c\u00adna \u0142at\u00adwo wyko\u00adn\u00ada\u0107 poprzez rozszer\u00adze\u00adnie i wykor\u00adzysta\u00adnie gra\u00adficz\u00adn\u00adego inter\u00adfe\u00adj\u00adsu u\u017cyt\u00adkow\u00adni\u00adka g\u0142\u00f3w\u00adnej aplikacji.<\/li>\n<li>Mo\u017c\u00adna wykor\u00adzysta\u0107 ist\u00adnie\u00adj\u0105ce dane CAD, kt\u00f3\u00adre nie mus\u00adz\u0105 by\u0107 eks\u00adpor\u00adto\u00adwa\u00adne i przet\u00adwarza\u00adne na potrze\u00adby nowego zastosowania.<\/li>\n<li>Dane i rysun\u00adki poszc\u00adze\u00adg\u00f3l\u00adnych kli\u00aden\u00adt\u00f3w mog\u0105 by\u0107 auto\u00adma\u00adty\u00adcz\u00adnie zapi\u00adsy\u00adwa\u00adne, w razie potrze\u00adby, tak\u017ce w ist\u00adnie\u00adj\u0105\u00adcym sys\u00adte\u00admie zar\u00adz\u0105d\u00adza\u00adnia dany\u00admi pro\u00adduk\u00adtu (sys\u00adtem&nbsp;PDM).<\/li>\n<li>Pow\u00adtar\u00adza\u00adj\u0105ce si\u0119 zada\u00adnia mo\u017c\u00adna w pe\u0142\u00adni zau\u00adto\u00adma\u00adty\u00adzowa\u0107 w zna\u00adnej aplikacji.<\/li>\n<li>Ponadto dane mo\u017c\u00adna eks\u00adpor\u00adto\u00adwa\u0107 do r\u00f3\u017cnych neu\u00adtral\u00adnych for\u00adma\u00adt\u00f3w. W tym celu mo\u017c\u00adna wykor\u00adzysta\u0107 ist\u00adnie\u00adj\u0105ce funk\u00adc\u00adje eks\u00adportu apli\u00adka\u00adc\u00adji g\u0142\u00f3wnej.<\/li>\n<li>W dodat\u00adku mo\u017c\u00adna \u0142at\u00adwo zaim\u00adple\u00admen\u00adto\u00adwa\u0107 wie\u00adle innych funk\u00adc\u00adji, takich jak wysy\u0142a\u00adnie danych pocz\u00adt\u0105 elek\u00adtro\u00adnicz\u00adn\u0105, np. do kli\u00aden\u00adta i produkcji.<\/li>\n<\/ul>\n<p>Aby uzys\u00adka\u0107 wi\u0119cej infor\u00admac\u00adji, pro\u00adsi\u00admy o kon\u00adtakt z nami. Cze\u00adka\u00admy na Pa\u0144st\u00adwa pytania!<\/p>\n\n\t\t<\/div>\n\t<\/div>\n<\/div><\/div><\/div><\/div><div data-vc-full-width=\"true\" data-vc-full-width-temp=\"true\" data-vc-full-width-init=\"false\" class=\"vc_row wpb_row vc_row-fluid vc_custom_1496321201384 vc_row-has-fill\"><div class=\"wpb_column vc_column_container vc_col-sm-8\"><div class=\"vc_column-inner\"><div class=\"wpb_wrapper\">\n\t<div class=\"wpb_text_column wpb_content_element vc_custom_1539799706449\">\n\t\t<div class=\"wpb_wrapper\">\n\t\t\t<h3 style=\"text-align: left;\"><span style=\"color: #ffffff;\">Niezale\u017cnie od tego, czy jest to makro, dodatek czy samodzielne oprogramowanie, nasze rozwi\u0105zanie zapewni Ci sukces!<\/span><\/h3>\n\n\t\t<\/div>\n\t<\/div>\n<\/div><\/div><\/div><div class=\"wpb_column vc_column_container vc_col-sm-4\"><div class=\"vc_column-inner\"><div class=\"wpb_wrapper\"><a target=\"_self\" href=\"mailto:info@kuhn-solutions.de\" class=\"btn  btn-md style-1\" id=\"custom-id-0\" style>WNIOSEK BEZ ZOBOWI\u0104ZA\u0143<\/a><\/div><\/div><\/div><\/div><div class=\"vc_row-full-width vc_clearfix\"><\/div><div class=\"vc_row wpb_row vc_row-fluid\"><div class=\"wpb_column vc_column_container vc_col-sm-12\"><div class=\"vc_column-inner\"><div class=\"wpb_wrapper\">\n\t<div class=\"wpb_text_column wpb_content_element\">\n\t\t<div class=\"wpb_wrapper\">\n\t\t\t<h2 style=\"text-align: center;\"><a href=\"https:\/\/www.youtube.com\/channel\/UC53xOUg3WvFdCwXXOEQzS1Q\" target=\"_blank\" rel=\"noopener noreferrer\">Odwied\u017a nasz kana\u0142 YouTube.<\/a><\/h2>\n\n\t\t<\/div>\n\t<\/div>\n<\/div><\/div><\/div><\/div>\n<\/div>","protected":false},"excerpt":{"rendered":"Solid\u00adWorks zawi\u00ade\u00adra roz\u00adbu\u00addo\u00adwa\u00adny inter\u00adfe\u00adjs pro\u00adg\u00adra\u00admis\u00adty\u00adcz\u00adny, zwa\u00adny w skr\u00f3cie API (appli\u00adca\u00adti\u00adon pro\u00adgramming inter\u00adface). Dzi\u0119ki temu mo\u017c\u00adli\u00adwe jest dosto\u00adso\u00adwa\u00adnie i roz\u00adbu\u00addo\u00adwa opro\u00adgra\u00admo\u00adwa\u00adnia CAD do indy\u00adwi\u00addu\u00adal\u00adnych potrzeb. Pow\u00adtar\u00adza\u00adj\u0105ce si\u0119 zada\u00adnia mo\u017c\u00adna zau\u00adto\u00adma\u00adty\u00adzowa\u0107 cyfro\u00adwo nie\u00admal bez ogra\u00adnic\u00adze\u0144. W wie\u00adlu fir\u00admach jed\u00adnak ta mo\u017c\u00adli\u00adwo\u015b\u0107 jest ma\u0142o wykor\u00adzy\u00adsty\u00adwa\u00adna. A szko\u00adda, bo poza&nbsp;tym\u2026","protected":false},"author":1,"featured_media":0,"parent":0,"menu_order":0,"comment_status":"open","ping_status":"closed","template":"","meta":{"wp_typography_post_enhancements_disabled":false,"footnotes":""},"class_list":["post-1370","page","type-page","status-publish","hentry"],"_links":{"self":[{"href":"https:\/\/kuhn-solutions.de\/pl\/wp-json\/wp\/v2\/pages\/1370","targetHints":{"allow":["GET"]}}],"collection":[{"href":"https:\/\/kuhn-solutions.de\/pl\/wp-json\/wp\/v2\/pages"}],"about":[{"href":"https:\/\/kuhn-solutions.de\/pl\/wp-json\/wp\/v2\/types\/page"}],"author":[{"embeddable":true,"href":"https:\/\/kuhn-solutions.de\/pl\/wp-json\/wp\/v2\/users\/1"}],"replies":[{"embeddable":true,"href":"https:\/\/kuhn-solutions.de\/pl\/wp-json\/wp\/v2\/comments?post=1370"}],"version-history":[{"count":18,"href":"https:\/\/kuhn-solutions.de\/pl\/wp-json\/wp\/v2\/pages\/1370\/revisions"}],"predecessor-version":[{"id":2008,"href":"https:\/\/kuhn-solutions.de\/pl\/wp-json\/wp\/v2\/pages\/1370\/revisions\/2008"}],"wp:attachment":[{"href":"https:\/\/kuhn-solutions.de\/pl\/wp-json\/wp\/v2\/media?parent=1370"}],"curies":[{"name":"wp","href":"https:\/\/api.w.org\/{rel}","templated":true}]}}