{"id":1126,"date":"2018-08-30T17:13:39","date_gmt":"2018-08-30T15:13:39","guid":{"rendered":"https:\/\/kuhneng.de\/?page_id=1126"},"modified":"2019-07-09T17:13:17","modified_gmt":"2019-07-09T15:13:17","slug":"leistungsportfolio","status":"publish","type":"page","link":"https:\/\/kuhn-solutions.de\/pl\/leistungsportfolio\/","title":{"rendered":"Nas\u00adza ofer\u00adta&nbsp;us\u0142ug"},"content":{"rendered":"<div class=\"wpb-content-wrapper\"><div class=\"vc_row wpb_row vc_row-fluid\"><div class=\"wpb_column vc_column_container vc_col-sm-8\"><div class=\"vc_column-inner\"><div class=\"wpb_wrapper\">\n\t<div class=\"wpb_text_column wpb_content_element\">\n\t\t<div class=\"wpb_wrapper\">\n\t\t\t<p>Ze wzgl\u0119\u00addu na inter\u00addyscy\u00adpli\u00adnar\u00adny cha\u00adrak\u00adter nas\u00adzej dzia\u0142al\u00adno\u015bci dys\u00adpo\u00adnu\u00adje\u00admy szero\u00adk\u0105 gam\u0105 us\u0142ug, kt\u00f3\u00adre z przy\u00adjem\u00adno\u015bci\u0105 udo\u00adst\u0119p\u00adnia\u00admy nas\u00adzym kli\u00aden\u00adtom. Ofe\u00adru\u00adje\u00admy indy\u00adwi\u00addu\u00adal\u00adne roz\u00adwi\u0105\u00adza\u00adnia z jed\u00adn\u00adego \u017ar\u00f3\u00add\u0142a, kt\u00f3\u00adre s\u0105 ide\u00adal\u00adnie dopa\u00adso\u00adwa\u00adne do potrzeb Two\u00adjej&nbsp;firmy.<\/p>\n<p>Na tej stro\u00adnie mo\u017c\u00adna zapoz\u00adna\u0107 si\u0119 z prze\u00adgl\u0105\u00addem ofe\u00adro\u00adwanych przez nas&nbsp;us\u0142ug:<\/p>\n\n\t\t<\/div>\n\t<\/div>\n<div class=\"vc_empty_space\" style=\"height: 42px\"><span class=\"vc_empty_space_inner\"><\/span><\/div><div class=\"vc_tta-container\" data-vc-action=\"collapse\"><div class=\"vc_general vc_tta vc_tta-tabs vc_tta-color-grey vc_tta-style-anps_tabs vc_tta-shape-rounded vc_tta-spacing-1 vc_tta-tabs-position-top vc_tta-controls-align-left\"><div class=\"vc_tta-tabs-container col-sm-3 vertical\"><ul class=\"vc_tta-tabs-list\" role=\"tablist\"><li class=\"vc_tta-tab vc_active\" data-vc-tab role=\"presentation\"><a href=\"#1436365906075-d23d3df7-63f9\" data-vc-tabs data-vc-container=\".vc_tta\" role=\"tab\" id=\"tab-1436365906075-d23d3df7-63f9\"><span class=\"vc_tta-title-text\">Pro\u00adgra\u00admo\u00adwa\u00adnie<\/span><\/a><\/li><li class=\"vc_tta-tab\" data-vc-tab role=\"presentation\"><a href=\"#1436365907525-19d6c142-1d77\" data-vc-tabs data-vc-container=\".vc_tta\" role=\"tab\" id=\"tab-1436365907525-19d6c142-1d77\"><span class=\"vc_tta-title-text\">Rozszer\u00adze\u00adnia<\/span><\/a><\/li><li class=\"vc_tta-tab\" data-vc-tab role=\"presentation\"><a href=\"#1436369333328-6bd9d0e8-515b\" data-vc-tabs data-vc-container=\".vc_tta\" role=\"tab\" id=\"tab-1436369333328-6bd9d0e8-515b\"><span class=\"vc_tta-title-text\">Opty\u00adma\u00adli\u00adzac\u00adja<\/span><\/a><\/li><li class=\"vc_tta-tab\" data-vc-tab role=\"presentation\"><a href=\"#1436376192396-328d4c80-ece8\" data-vc-tabs data-vc-container=\".vc_tta\" role=\"tab\" id=\"tab-1436376192396-328d4c80-ece8\"><span class=\"vc_tta-title-text\">Para\u00adme\u00adtry\u00adzac\u00adja<\/span><\/a><\/li><li class=\"vc_tta-tab\" data-vc-tab role=\"presentation\"><a href=\"#1436376212970-5b4a8b88-3d8d\" data-vc-tabs data-vc-container=\".vc_tta\" role=\"tab\" id=\"tab-1436376212970-5b4a8b88-3d8d\"><span class=\"vc_tta-title-text\">Roz\u00adw\u00f3j<\/span><\/a><\/li><li class=\"vc_tta-tab\" data-vc-tab role=\"presentation\"><a href=\"#1436376204238-3b43e9b2-26c9\" data-vc-tabs data-vc-container=\".vc_tta\" role=\"tab\" id=\"tab-1436376204238-3b43e9b2-26c9\"><span class=\"vc_tta-title-text\">Budo\u00adwa<\/span><\/a><\/li><li class=\"vc_tta-tab\" data-vc-tab role=\"presentation\"><a href=\"#1535646365488-cf1e0b05-4d19\" data-vc-tabs data-vc-container=\".vc_tta\" role=\"tab\" id=\"tab-1535646365488-cf1e0b05-4d19\"><span class=\"vc_tta-title-text\">Wizua\u00adli\u00adzac\u00adja<\/span><\/a><\/li><\/ul><\/div><div class=\"vc_tta-panels-container col-sm-9\"><div class=\"vc_tta-panels\"><div class=\"vc_tta-panel vc_active\" id=\"1436365906075-d23d3df7-63f9\" data-vc-content=\".vc_tta-panel-body\"><div class=\"vc_tta-panel-heading\"><h4 class=\"vc_tta-panel-title\"><a href=\"#1436365906075-d23d3df7-63f9\" data-vc-accordion data-vc-container=\".vc_tta-container\"><span class=\"vc_tta-title-text\">Programowanie<\/span><\/a><\/h4><\/div><div class=\"vc_tta-panel-body\"><h2 class=\"heading-content  style-1\"><span>CO M\u00d3WIMY<\/span><\/h2><div class=\"vc_empty_space\" style=\"height: 20px\"><span class=\"vc_empty_space_inner\"><\/span><\/div><ul class=\"list\"><li>C++<\/li><li>C#<\/li><li>VB.NET<\/li><li>Python<\/li><li>VBA<\/li><li>SQL<\/li><li>Lab\u00adVIEW<\/li><\/ul><div class=\"vc_empty_space\" style=\"height: 15px\"><span class=\"vc_empty_space_inner\"><\/span><\/div>\n\t<div class=\"wpb_text_column wpb_content_element\">\n\t\t<div class=\"wpb_wrapper\">\n\t\t\t<p>Indy\u00adwi\u00addu\u00adal\u00adne roz\u00adwi\u0105\u00adza\u00adnia infor\u00adma\u00adty\u00adcz\u00adne dla potrzeb prze\u00admys\u0142u. Jest to obs\u00adzar, w kt\u00f3rym si\u0119 spec\u00adja\u00adli\u00adzu\u00adje\u00admy i mo\u017ce\u00admy si\u0119 roz\u00adwi\u00adja\u0107 razem z nas\u00adzymi kli\u00aden\u00adta\u00admi. Ofe\u00adru\u00adje\u00admy roz\u00adwi\u0105\u00adza\u00adnia dla pro\u00adces\u00f3w czys\u00adto cyfro\u00adwych, a tak\u017ce pro\u00adgra\u00admo\u00adwa\u00adnie mas\u00adzyn, urz\u0105d\u00adze\u0144 pomi\u00ada\u00adrowych i sta\u00adnowisk badawczych.<\/p>\n\n\t\t<\/div>\n\t<\/div>\n<\/div><\/div><div class=\"vc_tta-panel\" id=\"1436365907525-19d6c142-1d77\" data-vc-content=\".vc_tta-panel-body\"><div class=\"vc_tta-panel-heading\"><h4 class=\"vc_tta-panel-title\"><a href=\"#1436365907525-19d6c142-1d77\" data-vc-accordion data-vc-container=\".vc_tta-container\"><span class=\"vc_tta-title-text\">Rozszerzenia<\/span><\/a><\/h4><\/div><div class=\"vc_tta-panel-body\"><h2 class=\"heading-content  style-1\"><span>GDZIE ODBIERAMY<\/span><\/h2><div class=\"vc_empty_space\" style=\"height: 20px\"><span class=\"vc_empty_space_inner\"><\/span><\/div><ul class=\"list\"><li>Solid\u00adWorks 3D&nbsp;CAD<\/li><li>Solid\u00adWorks&nbsp;PDM<\/li><li>Solid\u00adWorks&nbsp;CAM<\/li><li>CATIA<\/li><li>Creo Para\u00adme\u00adtric<\/li><li>Wynalaz\u00adca<\/li><li>Fusi\u00adon&nbsp;360<\/li><li>Micro\u00adsoft Office<\/li><\/ul><div class=\"vc_empty_space\" style=\"height: 15px\"><span class=\"vc_empty_space_inner\"><\/span><\/div>\n\t<div class=\"wpb_text_column wpb_content_element\">\n\t\t<div class=\"wpb_wrapper\">\n\t\t\t<p>Dodat\u00adki, rozszer\u00adze\u00adnia, wty\u00adcz\u00adki nie s\u0105 dla nas s\u0142o\u00adwa\u00admi obcy\u00admi. Za pomoc\u0105 inter\u00adfe\u00adj\u00adsu pro\u00adg\u00adra\u00admis\u00adty\u00adcz\u00adn\u00adego, zwa\u00adn\u00adego te\u017c API (<em>J\u0119zyk angiel\u00adski<\/em> inter\u00adfe\u00adjs pro\u00adgra\u00admo\u00adwa\u00adnia apli\u00adka\u00adc\u00adji), \u0142\u0105c\u00adzy\u00admy si\u0119 z ist\u00adnie\u00adj\u0105\u00adcym opro\u00adgra\u00admo\u00adwa\u00adniem i uzu\u00adpe\u0142\u00adnia\u00admy je o kon\u00adkret\u00adne roz\u00adwi\u0105\u00adza\u00adnia. Kon\u00adwers\u00adja danych CAD, auto\u00adma\u00adty\u00adcz\u00adne gene\u00adro\u00adwa\u00adnie nar\u00adz\u0119d\u00adzi i rysun\u00adk\u00f3w oraz auto\u00adma\u00adty\u00adzac\u00adja pro\u00adces\u00f3w cyfro\u00adwych to tyl\u00adko kil\u00adka przy\u00adk\u0142a\u00add\u00f3w indy\u00adwi\u00addu\u00adal\u00adnych rozszerze\u0144.<\/p>\n\n\t\t<\/div>\n\t<\/div>\n<\/div><\/div><div class=\"vc_tta-panel\" id=\"1436369333328-6bd9d0e8-515b\" data-vc-content=\".vc_tta-panel-body\"><div class=\"vc_tta-panel-heading\"><h4 class=\"vc_tta-panel-title\"><a href=\"#1436369333328-6bd9d0e8-515b\" data-vc-accordion data-vc-container=\".vc_tta-container\"><span class=\"vc_tta-title-text\">Optymalizacja<\/span><\/a><\/h4><\/div><div class=\"vc_tta-panel-body\"><h2 class=\"heading-content  style-1\"><span>GDZIE OPTYMALIZUJEMY<\/span><\/h2><div class=\"vc_empty_space\" style=\"height: 20px\"><span class=\"vc_empty_space_inner\"><\/span><\/div><ul class=\"list\"><li>Python<\/li><li>MATLAB<\/li><li>MATLAB\/Simulink<\/li><li>Okta\u00adwa<\/li><\/ul><div class=\"vc_empty_space\" style=\"height: 15px\"><span class=\"vc_empty_space_inner\"><\/span><\/div>\n\t<div class=\"wpb_text_column wpb_content_element\">\n\t\t<div class=\"wpb_wrapper\">\n\t\t\t<p>Efek\u00adtyw\u00adno\u015b\u0107 i wyda\u00adj\u00adno\u015b\u0107 z\u0142o\u017c\u00adonych sys\u00adte\u00adm\u00f3w mo\u017c\u00adna znacz\u00adnie zwi\u0119ks\u00adzy\u0107 poprzez dob\u00f3r w\u0142a\u015bci\u00adwych para\u00adme\u00adtr\u00f3w. Za pomoc\u0105 opty\u00adma\u00adli\u00adzac\u00adji, dzied\u00adzi\u00adny mate\u00adma\u00adty\u00adki sto\u00adso\u00adwa\u00adnej, wyz\u00adnacz\u00ada\u00admy opty\u00admal\u00adne para\u00adme\u00adtry dla z\u0142o\u017c\u00adonych sys\u00adte\u00adm\u00f3w w wie\u00adlu dzied\u00adzin\u00adach. Okre\u015bla\u00admy dla Cie\u00adbie funk\u00adc\u00adj\u0119 celu, budu\u00adje\u00admy i tes\u00adtu\u00adje\u00admy model mate\u00adma\u00adty\u00adcz\u00adny, a nas\u00adt\u0119p\u00adnie wdra\u017ca\u00admy go w Two\u00adjej aplikacji.<\/p>\n\n\t\t<\/div>\n\t<\/div>\n<\/div><\/div><div class=\"vc_tta-panel\" id=\"1436376192396-328d4c80-ece8\" data-vc-content=\".vc_tta-panel-body\"><div class=\"vc_tta-panel-heading\"><h4 class=\"vc_tta-panel-title\"><a href=\"#1436376192396-328d4c80-ece8\" data-vc-accordion data-vc-container=\".vc_tta-container\"><span class=\"vc_tta-title-text\">Parametryzacja<\/span><\/a><\/h4><\/div><div class=\"vc_tta-panel-body\"><h2 class=\"heading-content  style-1\"><span>CO PARAMETRYZUJEMY<\/span><\/h2><div class=\"vc_empty_space\" style=\"height: 20px\"><span class=\"vc_empty_space_inner\"><\/span><\/div><ul class=\"list\"><li>Kon\u00adfi\u00adgu\u00adra\u00adto\u00adry produkt\u00f3w<\/li><li>Zesta\u00adwy do budo\u00adwy systemu<\/li><li>Kon\u00adstruk\u00adc\u00adje wariantowe<\/li><li>Pro\u00adduk\u00adc\u00adja indy\u00adwi\u00addu\u00adal\u00adna 4.0<\/li><li>Auto\u00adma\u00adty\u00adzac\u00adja sekwen\u00adc\u00adji cyfrowych<\/li><\/ul><div class=\"vc_empty_space\" style=\"height: 15px\"><span class=\"vc_empty_space_inner\"><\/span><\/div>\n\t<div class=\"wpb_text_column wpb_content_element\">\n\t\t<div class=\"wpb_wrapper\">\n\t\t\t<p>\u201ePrze\u00admys\u0142 4.0\u201c \u2013 to has\u0142o, kt\u00f3\u00adre obe\u00adc\u00adnie zaj\u00admu\u00adje kra\u00adje uprze\u00admys\u0142o\u00adwio\u00adne. Pro\u00adduk\u00adc\u00adja prze\u00admys\u0142o\u00adwa ma by\u0107 po\u0142\u0105c\u00adzo\u00adna z nowo\u00adc\u00adzes\u00adny\u00admi tech\u00adno\u00adlo\u00adgi\u00ada\u00admi infor\u00adma\u00adcy\u00adjny\u00admi i komu\u00adni\u00adka\u00adcy\u00adjny\u00admi. Aby to osi\u0105\u00adgn\u0105\u0107, ist\u00adnie\u00adje wie\u00adle nar\u00adz\u0119d\u00adzi. Jed\u00adnym z nich jest para\u00adme\u00adtry\u00adzac\u00adja. Prze\u00adde wszyst\u00adkim umo\u017c\u00adli\u00adwia r\u00f3\u017c\u00adno\u00adrod\u00adno\u015b\u0107 i indy\u00adwi\u00addu\u00adal\u00adno\u015b\u0107, a tak\u017ce pro\u00adduk\u00adtyw\u00adno\u015b\u0107 i efek\u00adtyw\u00adno\u015b\u0107 eko\u00adno\u00admic\u00adz\u00adn\u0105. Ch\u0119t\u00adnie wesprze\u00admy Ci\u0119 na drod\u00adze do czwar\u00adtej rewo\u00adluc\u00adji prze\u00admys\u0142o\u00adwej, poma\u00adga\u00adj\u0105c w pro\u00adjek\u00adto\u00adwa\u00adniu, pro\u00adduk\u00adc\u00adji i para\u00adme\u00adtry\u00adzac\u00adji produktu.<\/p>\n\n\t\t<\/div>\n\t<\/div>\n<\/div><\/div><div class=\"vc_tta-panel\" id=\"1436376212970-5b4a8b88-3d8d\" data-vc-content=\".vc_tta-panel-body\"><div class=\"vc_tta-panel-heading\"><h4 class=\"vc_tta-panel-title\"><a href=\"#1436376212970-5b4a8b88-3d8d\" data-vc-accordion data-vc-container=\".vc_tta-container\"><span class=\"vc_tta-title-text\">Rozw\u00f3j<\/span><\/a><\/h4><\/div><div class=\"vc_tta-panel-body\"><h2 class=\"heading-content  style-1\"><span>GDZIE WSPIERAMY<\/span><\/h2><div class=\"vc_empty_space\" style=\"height: 20px\"><span class=\"vc_empty_space_inner\"><\/span><\/div><ul class=\"list\"><li>Budo\u00adwa mas\u00adzyn i urz\u0105dze\u0144<\/li><li>Tech\u00adni\u00adka pomi\u00ada\u00adrowa i badawcza<\/li><li>In\u017cy\u00adnie\u00adria samochodowa<\/li><li>Tech\u00adno\u00adlo\u00adgia lot\u00adnic\u00adza i kosmiczna<\/li><li>In\u017cy\u00adnie\u00adria pro\u00adce\u00adsu i produkcji<\/li><li>Roz\u00adw\u00f3j produktu<\/li><\/ul><div class=\"vc_empty_space\" style=\"height: 15px\"><span class=\"vc_empty_space_inner\"><\/span><\/div>\n\t<div class=\"wpb_text_column wpb_content_element\">\n\t\t<div class=\"wpb_wrapper\">\n\t\t\t<p>Ofe\u00adru\u00adje\u00admy wspar\u00adcie in\u017cy\u00adniery\u00adj\u00adne w zak\u00adre\u00adsie nowych i dals\u00adzych prac roz\u00adwo\u00adjo\u00adwych. Umo\u017c\u00adli\u00adwia to kom\u00adpen\u00adso\u00adwa\u00adnie w\u0105s\u00adkich gar\u00adde\u0142, szybs\u00adze wpro\u00adwad\u00adza\u00adnie inno\u00adwac\u00adji uspraw\u00adnia\u00adj\u0105\u00adcych pro\u00adduk\u00adc\u00adj\u0119 oraz ter\u00admi\u00adno\u00adwe wpro\u00adwad\u00adza\u00adnie na rynek pro\u00adduk\u00adt\u00f3w zwi\u0119ks\u00adza\u00adj\u0105\u00adcych sprzeda\u017c.<\/p>\n\n\t\t<\/div>\n\t<\/div>\n<\/div><\/div><div class=\"vc_tta-panel\" id=\"1436376204238-3b43e9b2-26c9\" data-vc-content=\".vc_tta-panel-body\"><div class=\"vc_tta-panel-heading\"><h4 class=\"vc_tta-panel-title\"><a href=\"#1436376204238-3b43e9b2-26c9\" data-vc-accordion data-vc-container=\".vc_tta-container\"><span class=\"vc_tta-title-text\">Budowa<\/span><\/a><\/h4><\/div><div class=\"vc_tta-panel-body\"><h2 class=\"heading-content  style-1\"><span>CO RYSUJEMY<\/span><\/h2><div class=\"vc_empty_space\" style=\"height: 20px\"><span class=\"vc_empty_space_inner\"><\/span><\/div><ul class=\"list\"><li>Mas\u00adzy\u00adny<\/li><li>Za\u0142\u0105cz\u00adni\u00adki<\/li><li>Sta\u00adnowis\u00adka badawcze<\/li><li>Nar\u00adz\u0119d\u00adzia<\/li><li>Urz\u0105d\u00adze\u00adnia<\/li><\/ul><div class=\"vc_empty_space\" style=\"height: 15px\"><span class=\"vc_empty_space_inner\"><\/span><\/div>\n\t<div class=\"wpb_text_column wpb_content_element\">\n\t\t<div class=\"wpb_wrapper\">\n\t\t\t<p>Pro\u00adjekt\u00adu\u00adje\u00admy dla Cie\u00adbie zgod\u00adnie z Two\u00adimi wyma\u00adga\u00adnia\u00admi. Od pro\u00adjektu, przez model 3D, po rys\u00adunek tech\u00adnicz\u00adny. Kor\u00adzyst\u00adasz z nas\u00adze\u00adgo wie\u00adlo\u00adlet\u00adnie\u00adgo do\u015b\u00adwiad\u00adc\u00adze\u00adnia w zak\u00adre\u00adsie mate\u00adria\u0142\u00f3w i tech\u00adno\u00adlo\u00adgii pro\u00adduk\u00adc\u00adji. Robi\u00admy wszyst\u00adko, co w nas\u00adzej mocy, aby nie\u00adza\u00adwod\u00adnie i szyb\u00adko spro\u00adsta\u0107 nawet naj\u00adwy\u017cs\u00adzym wyma\u00adga\u00adni\u00adom nas\u00adzych klient\u00f3w.<\/p>\n\n\t\t<\/div>\n\t<\/div>\n<\/div><\/div><div class=\"vc_tta-panel\" id=\"1535646365488-cf1e0b05-4d19\" data-vc-content=\".vc_tta-panel-body\"><div class=\"vc_tta-panel-heading\"><h4 class=\"vc_tta-panel-title\"><a href=\"#1535646365488-cf1e0b05-4d19\" data-vc-accordion data-vc-container=\".vc_tta-container\"><span class=\"vc_tta-title-text\">Wizualizacja<\/span><\/a><\/h4><\/div><div class=\"vc_tta-panel-body\"><h2 class=\"heading-content  style-1\"><span>CO WIZUALIZUJEMY<\/span><\/h2><div class=\"vc_empty_space\" style=\"height: 20px\"><span class=\"vc_empty_space_inner\"><\/span><\/div><ul class=\"list\"><li>Ani\u00admac\u00adje produkt\u00f3w<\/li><li>Ani\u00admac\u00adja funkcjonalna<\/li><li>Zdj\u0119cia pro\u00adduk\u00adt\u00f3w<\/li><li>Film wizer\u00adun\u00adkowy<\/li><\/ul><div class=\"vc_empty_space\" style=\"height: 15px\"><span class=\"vc_empty_space_inner\"><\/span><\/div>\n\t<div class=\"wpb_text_column wpb_content_element\">\n\t\t<div class=\"wpb_wrapper\">\n\t\t\t<p>Sama cena rzad\u00adko jest czyn\u00adni\u00adkiem decy\u00addu\u00adj\u0105\u00adcym o zaku\u00adpie. G\u0142\u00f3wn\u0105 rol\u0119 odgry\u00adwa\u00adj\u0105 jako\u015b\u0107, nie\u00adza\u00adwod\u00adno\u015b\u0107 i ser\u00adwis. W przy\u00adpad\u00adku pro\u00adduk\u00adt\u00f3w tech\u00adnicz\u00adnych chod\u00adzi tak\u017ce o zro\u00adzu\u00admi\u00ade\u00adnie pro\u00adduk\u00adtu. I wreszcie emoc\u00adje \u2013 tak, lubi\u0105 kusi\u0107 lud\u00adzi do zaku\u00adpu. Wychod\u00adzi\u00admy naprze\u00adciw wszyst\u00adkim tym wyz\u00adwa\u00adni\u00adom i sta\u00adwia\u00admy Tw\u00f3j pro\u00addukt we w\u0142a\u015bci\u00adwym \u015bwiet\u00adle. Prze\u00adko\u00adn\u00ada\u00admy Twoich kli\u00aden\u00adt\u00f3w, czy to za pomoc\u0105 foto\u00adrea\u00adlis\u00adty\u00adcz\u00adn\u00adego obra\u00adzu nie\u00adrucho\u00adme\u00adgo, czy animacji.<\/p>\n\n\t\t<\/div>\n\t<\/div>\n<\/div><\/div><\/div><\/div><\/div><\/div><\/div><\/div><\/div><div class=\"wpb_column vc_column_container vc_col-sm-4\"><div class=\"vc_column-inner\"><div class=\"wpb_wrapper\">\n\t<div class=\"wpb_single_image wpb_content_element vc_align_left wpb_content_element\">\n\t\t\n\t\t<figure class=\"wpb_wrapper vc_figure\">\n\t\t\t<div class=\"vc_single_image-wrapper   vc_box_border_grey\"><img loading=\"lazy\" decoding=\"async\" width=\"964\" height=\"429\" src=\"https:\/\/kuhn-solutions.de\/wp-content\/uploads\/2018\/02\/consulting.jpg\" class=\"vc_single_image-img attachment-full\" alt title=\"consulting\" srcset=\"https:\/\/kuhn-solutions.de\/wp-content\/uploads\/2018\/02\/consulting.jpg 964w, https:\/\/kuhn-solutions.de\/wp-content\/uploads\/2018\/02\/consulting-300x134.jpg 300w, https:\/\/kuhn-solutions.de\/wp-content\/uploads\/2018\/02\/consulting-768x342.jpg 768w, https:\/\/kuhn-solutions.de\/wp-content\/uploads\/2018\/02\/consulting-370x165.jpg 370w, https:\/\/kuhn-solutions.de\/wp-content\/uploads\/2018\/02\/consulting-360x160.jpg 360w, https:\/\/kuhn-solutions.de\/wp-content\/uploads\/2018\/02\/consulting-600x267.jpg 600w\" sizes=\"auto, (max-width: 964px) 100vw, 964px\"><\/div>\n\t\t<\/figure>\n\t<\/div>\n\n\t<div class=\"wpb_text_column wpb_content_element\">\n\t\t<div class=\"wpb_wrapper\">\n\t\t\t<h4>FORMY WSP\u00d3\u0141PRACY<\/h4>\n<p>Zauf\u00adane i d\u0142u\u00adgo\u00adter\u00admi\u00adno\u00adwe part\u00adnerst\u00adwo wyma\u00adga prze\u00adjr\u00adzy\u00adstych pod\u00adstaw. W tym celu pro\u00adpo\u00adnu\u00adje\u00admy r\u00f3\u017c\u00adne for\u00admy wsp\u00f3\u0142pracy.<\/p>\n<p>KONTRAKT NA US\u0141UG\u0118 \u2013 uzgod\u00adnio\u00adna us\u0142u\u00adga za usta\u00adlon\u0105, uzgod\u00adni\u00adon\u0105&nbsp;cen\u0119.<\/p>\n<p>KONTRAKT O PRAC\u0118 \u2013 cel jako przedmi\u00adot kon\u00adtrak\u00adtu, suk\u00adces decy\u00addu\u00adje o jego realizacji.<\/p>\n<p>KONTRAKT NA KONSERWACJ\u0118 OPROGRAMOWANIA I WSPARCIE \u2013 jed\u00adna cena, gwa\u00adran\u00adto\u00adwa\u00adna pomoc tech\u00adnicz\u00adna przez ca\u0142y&nbsp;rok.<\/p>\n<p>Zde\u00adcy\u00adduj, kt\u00f3ra for\u00adma umowy jest dla Cie\u00adbie najod\u00adpo\u00adwied\u00adnie\u00adjs\u00adza. Ch\u0119t\u00adnie udziel\u00adi\u00admy Ci porady.<\/p>\n\n\t\t<\/div>\n\t<\/div>\n<\/div><\/div><\/div><\/div><div class=\"vc_row wpb_row vc_row-fluid\"><div class=\"wpb_column vc_column_container vc_col-sm-12\"><div class=\"vc_column-inner\"><div class=\"wpb_wrapper\"><div class=\"vc_empty_space\" style=\"height: 42px\"><span class=\"vc_empty_space_inner\"><\/span><\/div>\n\t<div class=\"wpb_text_column wpb_content_element\">\n\t\t<div class=\"wpb_wrapper\">\n\t\t\t<p>Na stro\u00adnie <a href=\"https:\/\/kuhn-solutions.de\/pl\/projektportfolio\/\">Port\u00adfo\u00adlio pro\u00adjek\u00adt\u00f3w<\/a> znajd\u00adzi\u00adesz tu ma\u0142y wyci\u00adnek pro\u00adjek\u00adt\u00f3w, kt\u00f3\u00adre uda\u0142o nam si\u0119 zrealizowa\u0107.<\/p>\n\n\t\t<\/div>\n\t<\/div>\n<\/div><\/div><\/div><\/div>\n<\/div>","protected":false},"excerpt":{"rendered":"Ze wzgl\u0119\u00addu na inter\u00addyscy\u00adpli\u00adnar\u00adny sk\u0142ad posia\u00adda\u00admy szero\u00adkie port\u00adfo\u00adlio us\u0142ug, kt\u00f3\u00adre z przy\u00adjem\u00adno\u015bci\u0105 udo\u00adst\u0119p\u00adnia\u00admy Pa\u0144st\u00adwu. Mo\u017ce\u00admy zaofe\u00adro\u00adwa\u0107 Pa\u0144st\u00adwu indy\u00adwi\u00addu\u00adal\u00adne roz\u00adwi\u0105\u00adza\u00adnia z jed\u00adn\u00adego \u017ar\u00f3\u00add\u0142a, kt\u00f3\u00adre s\u0105 ide\u00adal\u00adnie dopa\u00adso\u00adwa\u00adne do potrzeb Pa\u0144st\u00adwa fir\u00admy. Sp\u00f3\u00adjrz na&nbsp;to\u2026","protected":false},"author":1,"featured_media":0,"parent":0,"menu_order":0,"comment_status":"open","ping_status":"open","template":"","meta":{"wp_typography_post_enhancements_disabled":false,"footnotes":""},"class_list":["post-1126","page","type-page","status-publish","hentry"],"_links":{"self":[{"href":"https:\/\/kuhn-solutions.de\/pl\/wp-json\/wp\/v2\/pages\/1126","targetHints":{"allow":["GET"]}}],"collection":[{"href":"https:\/\/kuhn-solutions.de\/pl\/wp-json\/wp\/v2\/pages"}],"about":[{"href":"https:\/\/kuhn-solutions.de\/pl\/wp-json\/wp\/v2\/types\/page"}],"author":[{"embeddable":true,"href":"https:\/\/kuhn-solutions.de\/pl\/wp-json\/wp\/v2\/users\/1"}],"replies":[{"embeddable":true,"href":"https:\/\/kuhn-solutions.de\/pl\/wp-json\/wp\/v2\/comments?post=1126"}],"version-history":[{"count":15,"href":"https:\/\/kuhn-solutions.de\/pl\/wp-json\/wp\/v2\/pages\/1126\/revisions"}],"predecessor-version":[{"id":1602,"href":"https:\/\/kuhn-solutions.de\/pl\/wp-json\/wp\/v2\/pages\/1126\/revisions\/1602"}],"wp:attachment":[{"href":"https:\/\/kuhn-solutions.de\/pl\/wp-json\/wp\/v2\/media?parent=1126"}],"curies":[{"name":"wp","href":"https:\/\/api.w.org\/{rel}","templated":true}]}}