{"id":1067,"date":"2018-05-24T10:03:22","date_gmt":"2018-05-24T08:03:22","guid":{"rendered":"https:\/\/kuhneng.de\/?page_id=1067"},"modified":"2022-10-03T09:30:49","modified_gmt":"2022-10-03T07:30:49","slug":"haftungsausschluss","status":"publish","type":"page","link":"https:\/\/kuhn-solutions.de\/pl\/haftungsausschluss\/","title":{"rendered":"Zas\u00adtrze\u017ce\u00adnia"},"content":{"rendered":"<div class=\"wpb-content-wrapper\"><div class=\"vc_row wpb_row vc_row-fluid\"><div class=\"wpb_column vc_column_container vc_col-sm-12\"><div class=\"vc_column-inner\"><div class=\"wpb_wrapper\">\n\t<div class=\"wpb_text_column wpb_content_element\">\n\t\t<div class=\"wpb_wrapper\">\n\t\t\t<h1><span class=\"xr_tl xr_s18\"><span class=\"xr_s19\">O\u015bwiadczenie<\/span><\/span><\/h1>\n<h4><span class=\"xr_tl xr_s18\"><span class=\"xr_s19\">Odpowiedzialno\u015b\u0107 za<\/span><\/span><span class=\"xr_tl xr_s18\"><span class=\"xr_s19\"> Inhalacyjnie<\/span><\/span><span class=\"xr_tl xr_s18\"><span class=\"xr_s19\">t<\/span><\/span><\/h4>\n<p>Zawar\u00adto\u015b\u0107 nas\u00adzych stron zosta\u0142a stwor\u00adzo\u00adna z naj\u00adwi\u0119ks\u00adz\u0105 staran\u00adno\u015bci\u0105. Nie pono\u00adsi\u00admy jed\u00adnak \u017cad\u00adnej odpo\u00adwied\u00adzi\u00adal\u00adno\u015bci za popraw\u00adno\u015b\u0107, kom\u00adplet\u00adno\u015b\u0107 i aktu\u00adal\u00adno\u015b\u0107 tre\u015bci. Jako us\u0142u\u00adgo\u00addaw\u00adca jes\u00adte\u015b\u00admy odpo\u00adwied\u00adzi\u00adal\u00adni za w\u0142as\u00adne tre\u015bci na tych stro\u00adnach zgod\u00adnie z og\u00f3l\u00adny\u00admi prze\u00adpi\u00adsa\u00admi \u00a7 7 ust. 1 nie\u00admieckiej usta\u00adwy o tele\u00adme\u00addiach (TMG). Jed\u00adnak zgod\u00adnie z \u00a7\u00a7 8 do 10 TMG jako dostaw\u00adca us\u0142ug nie jes\u00adte\u015b\u00admy zobo\u00adwi\u0105\u00adza\u00adni do moni\u00adto\u00adro\u00adwa\u00adnia prze\u00adsy\u0142anych lub prz\u00adecho\u00adwy\u00adwanych infor\u00admac\u00adji os\u00f3b trze\u00adcich ani do bad\u00ada\u00adnia oko\u00adlicz\u00adno\u015bci wska\u00adzu\u00adj\u0105\u00adcych na nie\u00adle\u00adgal\u00adn\u0105 dzia\u0142al\u00adno\u015b\u0107. Nie ma to wp\u0142y\u00adwu na obo\u00adwi\u0105\u00adzek usuni\u0119cia lub zab\u00adlo\u00adko\u00adwa\u00adnia mo\u017c\u00adli\u00adwo\u015bci kor\u00adzysta\u00adnia z infor\u00admac\u00adji zgod\u00adnie z og\u00f3l\u00adny\u00admi prze\u00adpi\u00adsa\u00admi pra\u00adwa. Odpo\u00adwied\u00adzi\u00adal\u00adno\u015b\u0107 w tym zak\u00adre\u00adsie jest jed\u00adnak mo\u017c\u00adli\u00adwa dopie\u00adro od momen\u00adtu, w kt\u00f3rym dowied\u00adzia\u00adno si\u0119 o kon\u00adkret\u00adnym narusze\u00adniu pra\u00adwa. Je\u015b\u00adli dowie\u00admy si\u0119 o takich narusze\u00adniach, natych\u00admi\u00adast usunie\u00admy te tre\u015bci.<\/p>\n<h4><span class=\"xr_tl xr_s18\"><span class=\"xr_s19\">Odpowiedzialno\u015b\u0107 za&nbsp;linki<\/span><\/span><\/h4>\n<p>Nas\u00adza ofer\u00adta zawi\u00ade\u00adra lin\u00adki do zewn\u0119\u00adtrz\u00adnych stron inter\u00adneto\u00adwych os\u00f3b trze\u00adcich, na kt\u00f3rych tre\u015b\u0107 nie mamy wp\u0142y\u00adwu. Dla\u00adte\u00adgo nie pono\u00adsi\u00admy \u017cad\u00adnej odpo\u00adwied\u00adzi\u00adal\u00adno\u015bci za te tre\u015bci zewn\u0119\u00adtrz\u00adne. Za tre\u015b\u0107 stron, do kt\u00f3rych odsy\u0142a\u00adj\u0105 lin\u00adki, odpo\u00adwia\u00adda zaw\u00ads\u00adze ich ope\u00adra\u00adtor lub dostaw\u00adca. Stro\u00adny, do kt\u00f3rych pro\u00adwad\u00adz\u0105 \u0142\u0105c\u00adza, zosta\u0142y sprawd\u00adzo\u00adne pod k\u0105tem ewen\u00adtu\u00adal\u00adnych narus\u00adze\u0144 pra\u00adwa w momen\u00adcie umieszc\u00adza\u00adnia \u0142\u0105c\u00adza. Nie\u00adle\u00adgal\u00adne tre\u015bci nie by\u0142y roz\u00adpoz\u00adna\u00adwal\u00adne w momen\u00adcie umieszc\u00adza\u00adnia \u0142\u0105c\u00adza. Jed\u00adnak sta\u0142e moni\u00adto\u00adro\u00adwa\u00adnie zawar\u00adto\u015bci stron, do kt\u00f3rych pro\u00adwad\u00adz\u0105 odno\u015b\u00adni\u00adki, nie jest uza\u00adsad\u00adnio\u00adne bez kon\u00adkret\u00adnych przes\u0142a\u00adnek wska\u00adzu\u00adj\u0105\u00adcych na narusze\u00adnie pra\u00adwa. W przy\u00adpad\u00adku pow\u00adzi\u0119cia infor\u00admac\u00adji o narusze\u00adniu pra\u00adwa, lin\u00adki takie zostan\u0105 nie\u00adzw\u0142ocz\u00adnie usuni\u0119te.<\/p>\n<h4><span class=\"xr_tl xr_s18\"><span class=\"xr_s19\">Prawa autorskie<\/span><\/span><\/h4>\n<p>Tre\u015bci i dzie\u0142a stwor\u00adzo\u00adne przez ope\u00adra\u00adtor\u00f3w witry\u00adny na tych stro\u00adnach pod\u00adle\u00adga\u00adj\u0105 nie\u00admieckie\u00admu pra\u00adwu autor\u00adskie\u00admu. Wk\u0142a\u00addy os\u00f3b trze\u00adcich s\u0105 oznac\u00adzo\u00adne jako takie. Powie\u00adla\u00adnie, edy\u00adto\u00adwa\u00adnie, roz\u00adpow\u00ads\u00adzech\u00adnia\u00adnie i wszel\u00adkie\u00adgo rod\u00adza\u00adju wykor\u00adzy\u00adsty\u00adwa\u00adnie wykrac\u00adza\u00adj\u0105ce poza gra\u00adnice pra\u00adwa autor\u00adskie\u00adgo wyma\u00adga pisem\u00adnej zgo\u00addy dan\u00adego auto\u00adra lub tw\u00f3r\u00adcy. Pobieranie i kopio\u00adwa\u00adnie zawar\u00adto\u015bci ninie\u00adjs\u00adzej witry\u00adny jest doz\u00adwo\u00adlo\u00adne wy\u0142\u0105cz\u00adnie do u\u017cyt\u00adku pry\u00adwat\u00adn\u00adego i nie\u00adkom\u00ader\u00adcy\u00adj\u00adn\u00adego. Ope\u00adra\u00adtor\u00adzy witry\u00adny zaw\u00ads\u00adze stara\u00adj\u0105 si\u0119 przestrz\u00ade\u00adga\u0107 praw autor\u00adskich innych os\u00f3b lub wykor\u00adzy\u00adsty\u00adwa\u0107 w\u0142as\u00adne utwo\u00adry lub utwo\u00adry wol\u00adne od licencji.<\/p>\n<p>\u0179r\u00f3\u00add\u0142o: Zas\u00adtrze\u017ce\u00adnia od <a href=\"https:\/\/www.e-recht24.de\/\" target=\"_blank\" rel=\"noopener\">eRecht24.de<\/a>. Pora\u00addy praw\u00adne udziel\u00ada\u00adne przez RA S\u00f6ren Siebert.<\/p>\n\n\t\t<\/div>\n\t<\/div>\n<\/div><\/div><\/div><\/div>\n<\/div>","protected":false},"excerpt":{"rendered":"Wy\u0142\u0105c\u00adze\u00adnie odpo\u00adwied\u00adzi\u00adal\u00adno\u015bci Odpo\u00adwied\u00adzi\u00adal\u00adno\u015b\u0107 za tre\u015b\u0107 Tre\u015b\u0107 nas\u00adzych stron zosta\u0142a stwor\u00adzo\u00adna z naj\u00adwi\u0119ks\u00adz\u0105 staran\u00adno\u015bci\u0105. Nie mo\u017ce\u00admy jed\u00adnak bra\u0107 odpo\u00adwied\u00adzi\u00adal\u00adno\u015bci za popraw\u00adno\u015b\u0107, kom\u00adplet\u00adno\u015b\u0107 i aktu\u00adal\u00adno\u015b\u0107 tre\u015bci. Jako us\u0142u\u00adgo\u00addaw\u00adca odpo\u00adwia\u00adda\u00admy za w\u0142as\u00adne tre\u015bci zgod\u00adnie z \u00a7 7 ust.&nbsp;1\u2026","protected":false},"author":1,"featured_media":0,"parent":0,"menu_order":0,"comment_status":"closed","ping_status":"closed","template":"","meta":{"wp_typography_post_enhancements_disabled":false,"footnotes":""},"class_list":["post-1067","page","type-page","status-publish","hentry"],"_links":{"self":[{"href":"https:\/\/kuhn-solutions.de\/pl\/wp-json\/wp\/v2\/pages\/1067","targetHints":{"allow":["GET"]}}],"collection":[{"href":"https:\/\/kuhn-solutions.de\/pl\/wp-json\/wp\/v2\/pages"}],"about":[{"href":"https:\/\/kuhn-solutions.de\/pl\/wp-json\/wp\/v2\/types\/page"}],"author":[{"embeddable":true,"href":"https:\/\/kuhn-solutions.de\/pl\/wp-json\/wp\/v2\/users\/1"}],"replies":[{"embeddable":true,"href":"https:\/\/kuhn-solutions.de\/pl\/wp-json\/wp\/v2\/comments?post=1067"}],"version-history":[{"count":10,"href":"https:\/\/kuhn-solutions.de\/pl\/wp-json\/wp\/v2\/pages\/1067\/revisions"}],"predecessor-version":[{"id":2682,"href":"https:\/\/kuhn-solutions.de\/pl\/wp-json\/wp\/v2\/pages\/1067\/revisions\/2682"}],"wp:attachment":[{"href":"https:\/\/kuhn-solutions.de\/pl\/wp-json\/wp\/v2\/media?parent=1067"}],"curies":[{"name":"wp","href":"https:\/\/api.w.org\/{rel}","templated":true}]}}