{"id":1038,"date":"2018-05-08T18:54:42","date_gmt":"2018-05-08T16:54:42","guid":{"rendered":"https:\/\/kuhneng.de\/?page_id=1038"},"modified":"2019-09-07T20:58:41","modified_gmt":"2019-09-07T18:58:41","slug":"produktanimation-rundschalttisch-rse-4","status":"publish","type":"page","link":"https:\/\/kuhn-solutions.de\/pl\/produktanimation-rundschalttisch-rse-4\/","title":{"rendered":"Wizua\u00adli\u00adzac\u00adje na przy\u00adk\u0142ad\u00adzie obrot\u00ado\u00adwego sto\u0142u pod\u00adzia\u0142o\u00adwego RSE\u20114"},"content":{"rendered":"<div class=\"wpb-content-wrapper\"><div class=\"vc_row wpb_row vc_row-fluid\"><div class=\"wpb_column vc_column_container vc_col-sm-12\"><div class=\"vc_column-inner\"><div class=\"wpb_wrapper\">\n\t<div class=\"wpb_text_column wpb_content_element\">\n\t\t<div class=\"wpb_wrapper\">\n\t\t\t<p>Dla <a href=\"https:\/\/wagnerautomation.de\/\" target=\"_blank\" rel=\"noopener\">Frie\u00adde\u00admann Wag\u00adner GmbH<\/a>W tym celu, pro\u00adfes\u00adjo\u00adna\u00adlis\u00adta w dzied\u00adzi\u00adnie tech\u00adno\u00adlo\u00adgii przen\u00ado\u00adsze\u00adnia i auto\u00adma\u00adty\u00adzac\u00adji, przedsta\u00adwia wizua\u00adli\u00adzac\u00adj\u0119 obrot\u00ado\u00adwego sto\u0142u pod\u00adzia\u0142o\u00adwego RSE\u20114. Pro\u00adjekt kon\u00adcen\u00adtru\u00adje si\u0119 na wizu\u00adal\u00adnym opi\u00adsie funk\u00adc\u00adjo\u00adnal\u00adno\u015bci, licz\u00adnych mo\u017c\u00adli\u00adwo\u015bciach regu\u00adlac\u00adji i kon\u00adwers\u00adji, a tak\u017ce na pra\u00adwi\u00add\u0142o\u00adwej obs\u0142ud\u00adze pro\u00adduk\u00adtu. Ten pro\u00adjekt poka\u00adzu\u00adje mo\u017c\u00adli\u00adwo\u015bci i zale\u00adty ani\u00admac\u00adji. Tyl\u00adko za pomoc\u0105 ani\u00admac\u00adji kli\u00adent i u\u017cyt\u00adkow\u00adnik mo\u017ce w jak naj\u00adkr\u00f3ts\u00adzym cza\u00adsie zro\u00adzu\u00admie\u0107 funk\u00adc\u00adje oraz z\u0142o\u017co\u00adne fak\u00adty techniczne.<\/p>\n\n\t\t<\/div>\n\t<\/div>\n<div class=\"vc_empty_space\" style=\"height: 20px\"><span class=\"vc_empty_space_inner\"><\/span><\/div>\n\t<div class=\"wpb_text_column wpb_content_element\">\n\t\t<div class=\"wpb_wrapper\">\n\t\t\t<h2>Animacje i odpowiednie opisy animacji, u\u0142o\u017cone w zak\u0142adkach jako przyk\u0142ady:<\/h2>\n\n\t\t<\/div>\n\t<\/div>\n<div class=\"vc_empty_space\" style=\"height: 32px\"><span class=\"vc_empty_space_inner\"><\/span><\/div><div class=\"vc_tta-container\" data-vc-action=\"collapse\"><div class=\"vc_general vc_tta vc_tta-tabs vc_tta-color-grey vc_tta-style-anps_tabs vc_tta-shape-rounded vc_tta-spacing-1 vc_tta-tabs-position-top vc_tta-controls-align-left\"><div class=\"vc_tta-tabs-container\"><ul class=\"vc_tta-tabs-list\" role=\"tablist\"><li class=\"vc_tta-tab vc_active\" data-vc-tab role=\"presentation\"><a href=\"#1525864524961-a1220746-44e3\" data-vc-tabs data-vc-container=\".vc_tta\" role=\"tab\" id=\"tab-1525864524961-a1220746-44e3\"><span class=\"vc_tta-title-text\">Wizua\u00adli\u00adzac\u00adja pro\u00adduk\u00adt\u00f3w&nbsp;3D<\/span><\/a><\/li><li class=\"vc_tta-tab\" data-vc-tab role=\"presentation\"><a href=\"#1567881284521-97f6b74d-d8ce\" data-vc-tabs data-vc-container=\".vc_tta\" role=\"tab\" id=\"tab-1567881284521-97f6b74d-d8ce\"><span class=\"vc_tta-title-text\">Jak to dzia\u0142a?<\/span><\/a><\/li><li class=\"vc_tta-tab\" data-vc-tab role=\"presentation\"><a href=\"#1525879196769-08411511-7778\" data-vc-tabs data-vc-container=\".vc_tta\" role=\"tab\" id=\"tab-1525879196769-08411511-7778\"><span class=\"vc_tta-title-text\">Obr\u00f3t w&nbsp;lewo<\/span><\/a><\/li><li class=\"vc_tta-tab\" data-vc-tab role=\"presentation\"><a href=\"#1525879432370-7a78aae8-61a4\" data-vc-tabs data-vc-container=\".vc_tta\" role=\"tab\" id=\"tab-1525879432370-7a78aae8-61a4\"><span class=\"vc_tta-title-text\">Obr\u00f3t w&nbsp;prawo<\/span><\/a><\/li><li class=\"vc_tta-tab\" data-vc-tab role=\"presentation\"><a href=\"#1536731472028-47be73de-9851\" data-vc-tabs data-vc-container=\".vc_tta\" role=\"tab\" id=\"tab-1536731472028-47be73de-9851\"><span class=\"vc_tta-title-text\">Dzia\u0142a\u00adnie waha\u00add\u0142a&nbsp;180<\/span><\/a><\/li><li class=\"vc_tta-tab\" data-vc-tab role=\"presentation\"><a href=\"#1525864525006-ee89c05d-c8c9\" data-vc-tabs data-vc-container=\".vc_tta\" role=\"tab\" id=\"tab-1525864525006-ee89c05d-c8c9\"><span class=\"vc_tta-title-text\">Ste\u00adro\u00adwa\u00adnie swo\u00adbod\u00adne w try\u00adbie wahad\u0142owym<\/span><\/a><\/li><li class=\"vc_tta-tab\" data-vc-tab role=\"presentation\"><a href=\"#1536731506362-c1952daa-cc11\" data-vc-tabs data-vc-container=\".vc_tta\" role=\"tab\" id=\"tab-1536731506362-c1952daa-cc11\"><span class=\"vc_tta-title-text\">Prze\u00adpust\u00adni\u00adca i pr\u0119d\u00adko\u015b\u0107 obrotowa<\/span><\/a><\/li><li class=\"vc_tta-tab\" data-vc-tab role=\"presentation\"><a href=\"#1536731523605-2a0eb15e-9461\" data-vc-tabs data-vc-container=\".vc_tta\" role=\"tab\" id=\"tab-1536731523605-2a0eb15e-9461\"><span class=\"vc_tta-title-text\">Wni\u00ado\u00adsek o przyzna\u00adnie stanowiska<\/span><\/a><\/li><li class=\"vc_tta-tab\" data-vc-tab role=\"presentation\"><a href=\"#1536731540754-fd65c643-010a\" data-vc-tabs data-vc-container=\".vc_tta\" role=\"tab\" id=\"tab-1536731540754-fd65c643-010a\"><span class=\"vc_tta-title-text\">Amor\u00adty\u00adza\u00adtor<\/span><\/a><\/li><li class=\"vc_tta-tab\" data-vc-tab role=\"presentation\"><a href=\"#1536731558337-997d9d01-77b5\" data-vc-tabs data-vc-container=\".vc_tta\" role=\"tab\" id=\"tab-1536731558337-997d9d01-77b5\"><span class=\"vc_tta-title-text\">Regu\u00adlac\u00adja i blo\u00adka\u00adda przepustnicy<\/span><\/a><\/li><\/ul><\/div><div class=\"vc_tta-panels-container\"><div class=\"vc_tta-panels\"><div class=\"vc_tta-panel vc_active\" id=\"1525864524961-a1220746-44e3\" data-vc-content=\".vc_tta-panel-body\"><div class=\"vc_tta-panel-heading\"><h4 class=\"vc_tta-panel-title\"><a href=\"#1525864524961-a1220746-44e3\" data-vc-accordion data-vc-container=\".vc_tta-container\"><span class=\"vc_tta-title-text\">Wizualizacja produkt\u00f3w 3D<\/span><\/a><\/h4><\/div><div class=\"vc_tta-panel-body\"><div class=\"video-wrapper\"><\/div><div class=\"vc_empty_space\" style=\"height: 20px\"><span class=\"vc_empty_space_inner\"><\/span><\/div>\n\t<div class=\"wpb_text_column wpb_content_element\">\n\t\t<div class=\"wpb_wrapper\">\n\t\t\t<h2 data-fontsize=\"19\" data-lineheight=\"26\">Wizualizacja produktu 3D \u2013 obrotowy st\u00f3\u0142 podzia\u0142owy RSE\u20114<\/h2>\n<p>Ta wizua\u00adli\u00adzac\u00adja pro\u00adduk\u00adtu przedsta\u00adwia obrot\u00ado\u00adwy st\u00f3\u0142 pod\u00adzia\u0142o\u00adwy RSE\u20114 (i RSE\u20113) fir\u00admy Frie\u00adde\u00admann Wag\u00adner GmbH. W zwi\u0119\u00adz\u0142y i zro\u00adzu\u00admi\u00ada\u0142y spos\u00f3b przedsta\u00adwi\u00ado\u00adno pod\u00adsta\u00adwo\u00adwe try\u00adby pra\u00adcy, funk\u00adc\u00adje, a tak\u017ce dodat\u00adko\u00adwe funk\u00adc\u00adje i opc\u00adje usta\u00adwi\u00ade\u0144. Pozosta\u0142e zak\u0142ad\u00adki zawi\u00ade\u00adra\u00adj\u0105 poszc\u00adze\u00adg\u00f3l\u00adne ani\u00admac\u00adje, kt\u00f3\u00adre pod\u00adkre\u015b\u00adla\u00adj\u0105 i obja\u015b\u00adnia\u00adj\u0105 poszc\u00adze\u00adg\u00f3l\u00adne funk\u00adc\u00adje i cechy produktu.<\/p>\n\n\t\t<\/div>\n\t<\/div>\n<\/div><\/div><div class=\"vc_tta-panel\" id=\"1567881284521-97f6b74d-d8ce\" data-vc-content=\".vc_tta-panel-body\"><div class=\"vc_tta-panel-heading\"><h4 class=\"vc_tta-panel-title\"><a href=\"#1567881284521-97f6b74d-d8ce\" data-vc-accordion data-vc-container=\".vc_tta-container\"><span class=\"vc_tta-title-text\">Jak to dzia\u0142a?<\/span><\/a><\/h4><\/div><div class=\"vc_tta-panel-body\"><div class=\"video-wrapper\"><\/div><div class=\"vc_empty_space\" style=\"height: 20px\"><span class=\"vc_empty_space_inner\"><\/span><\/div>\n\t<div class=\"wpb_text_column wpb_content_element\">\n\t\t<div class=\"wpb_wrapper\">\n\t\t\t<h2 data-fontsize=\"19\" data-lineheight=\"26\">Spos\u00f3b dzia\u0142ania \u2013 obrotowy st\u00f3\u0142 podzia\u0142owy RSE\u20114<\/h2>\n<p>Tryb pra\u00adcy obrot\u00ado\u00adwego sto\u0142u pod\u00adzia\u0142o\u00adwego RSE\u20114 (i RSE\u20113). Gdy z\u0119bat\u00adka (t\u0142ok) jest zatrza\u015b\u00adni\u0119\u00adta, tal\u00aderz jest obra\u00adca\u00adny (posuwa\u00adny). Ruch lini\u00adowy jest zami\u00ade\u00adnia\u00adny na ruch obrot\u00ado\u00adwy. W po\u0142o\u017ce\u00adniu ko\u0144\u00adco\u00adwym nap\u0119d jest od\u0142\u0105c\u00adza\u00adny, a jed\u00adno\u00adc\u00adze\u015b\u00adnie tal\u00aderz jest indek\u00adso\u00adwa\u00adny w celu obr\u00f3b\u00adki przedmio\u00adtu (blo\u00adka\u00adda momen\u00adtu obrot\u00ado\u00adwego 100 Nm przez 2 \u015bru\u00adby indek\u00adsu\u00adj\u0105ce). Gdy p\u0142y\u00adta zosta\u00adnie zab\u00adlo\u00adko\u00adwa\u00adna, sto\u00adjak wra\u00adca do pozy\u00adc\u00adji wyj\u015bcio\u00adwej. Ste\u00adro\u00adwa\u00adnie mo\u017ce si\u0119 wi\u0119c odby\u00adwa\u0107 za pomoc\u0105 kier\u00adun\u00adko\u00adwego zaworu ste\u00adruj\u0105ce\u00adgo 5\/2!<\/p>\n\n\t\t<\/div>\n\t<\/div>\n<\/div><\/div><div class=\"vc_tta-panel\" id=\"1525879196769-08411511-7778\" data-vc-content=\".vc_tta-panel-body\"><div class=\"vc_tta-panel-heading\"><h4 class=\"vc_tta-panel-title\"><a href=\"#1525879196769-08411511-7778\" data-vc-accordion data-vc-container=\".vc_tta-container\"><span class=\"vc_tta-title-text\">Obr\u00f3t w&nbsp;lewo<\/span><\/a><\/h4><\/div><div class=\"vc_tta-panel-body\"><div class=\"video-wrapper\"><\/div><div class=\"vc_empty_space\" style=\"height: 20px\"><span class=\"vc_empty_space_inner\"><\/span><\/div>\n\t<div class=\"wpb_text_column wpb_content_element\">\n\t\t<div class=\"wpb_wrapper\">\n\t\t\t<h2 data-fontsize=\"19\" data-lineheight=\"26\">Obr\u00f3t w kierunku przeciwnym do ruchu wskaz\u00f3wek zegara \u2013 obrotowy st\u00f3\u0142 podzia\u0142owy RSE\u20114<\/h2>\n<p>Pneu\u00adma\u00adty\u00adcz\u00adny obrot\u00ado\u00adwy st\u00f3\u0142 pod\u00adzia\u0142o\u00adwy RSE\u20114. Poka\u00adza\u00adny tutaj w pozy\u00adc\u00adji obra\u00adca\u00adj\u0105cej si\u0119 w kier\u00adun\u00adku prze\u00adciwnym do ruchu wska\u00adz\u00f3\u00adwek zega\u00adra, patrz\u0105c od g\u00f3ry na p\u0142y\u00adt\u0119. Kie\u00adrunek obro\u00adt\u00f3w mo\u017ce by\u0107 zmi\u00aden\u00adio\u00adny przez kli\u00aden\u00adta. Dodat\u00adko\u00adwo, jako wypo\u00adsa\u017ce\u00adnie dodat\u00adko\u00adwe, dost\u0119p\u00adny jest zestaw do prze\u00adbu\u00addo\u00adwy do pra\u00adcy z wahad\u0142em!<\/p>\n\n\t\t<\/div>\n\t<\/div>\n<\/div><\/div><div class=\"vc_tta-panel\" id=\"1525879432370-7a78aae8-61a4\" data-vc-content=\".vc_tta-panel-body\"><div class=\"vc_tta-panel-heading\"><h4 class=\"vc_tta-panel-title\"><a href=\"#1525879432370-7a78aae8-61a4\" data-vc-accordion data-vc-container=\".vc_tta-container\"><span class=\"vc_tta-title-text\">Obr\u00f3t w&nbsp;prawo<\/span><\/a><\/h4><\/div><div class=\"vc_tta-panel-body\"><div class=\"video-wrapper\"><\/div><div class=\"vc_empty_space\" style=\"height: 20px\"><span class=\"vc_empty_space_inner\"><\/span><\/div>\n\t<div class=\"wpb_text_column wpb_content_element\">\n\t\t<div class=\"wpb_wrapper\">\n\t\t\t<h2 data-fontsize=\"19\" data-lineheight=\"26\">Obroty zgodne z ruchem wskaz\u00f3wek zegara \u2013 obrotowy st\u00f3\u0142 podzia\u0142owy RSE\u20114<\/h2>\n<p>Pneu\u00adma\u00adty\u00adcz\u00adny obrot\u00ado\u00adwy st\u00f3\u0142 pod\u00adzia\u0142o\u00adwy RSE\u20114. Poka\u00adza\u00adny tutaj w ruchu pra\u00adwost\u00adron\u00adnym, patrz\u0105c od g\u00f3ry na p\u0142y\u00adt\u0119. Kie\u00adrunek obro\u00adt\u00f3w mo\u017ce by\u0107 zmi\u00aden\u00adio\u00adny przez kli\u00aden\u00adta. Ponadto, jako wypo\u00adsa\u017ce\u00adnie dodat\u00adko\u00adwe, dost\u0119p\u00adny jest zestaw do prze\u00adbu\u00addo\u00adwy do pra\u00adcy z wahad\u0142em!<\/p>\n\n\t\t<\/div>\n\t<\/div>\n<\/div><\/div><div class=\"vc_tta-panel\" id=\"1536731472028-47be73de-9851\" data-vc-content=\".vc_tta-panel-body\"><div class=\"vc_tta-panel-heading\"><h4 class=\"vc_tta-panel-title\"><a href=\"#1536731472028-47be73de-9851\" data-vc-accordion data-vc-container=\".vc_tta-container\"><span class=\"vc_tta-title-text\">Dzia\u0142anie wahad\u0142a 180<\/span><\/a><\/h4><\/div><div class=\"vc_tta-panel-body\"><div class=\"video-wrapper\"><\/div><div class=\"vc_empty_space\" style=\"height: 20px\"><span class=\"vc_empty_space_inner\"><\/span><\/div>\n\t<div class=\"wpb_text_column wpb_content_element\">\n\t\t<div class=\"wpb_wrapper\">\n\t\t\t<h2>Obs\u0142uga wahad\u0142a 180\u00b0 \u2013 Obrotowy st\u00f3\u0142 podzia\u0142owy RSE\u20114<\/h2>\n<p>Ani\u00admac\u00adja pra\u00adcy waha\u00add\u0142a w lewo \/ w pra\u00adwo \u2013 180\u00b0. Prze\u0142\u0105cz\u00adni\u00adki obrot\u00ado\u00adwe RSE\u20113 i RSE\u20114 mog\u0105 by\u0107 zama\u00adwia\u00adne fabrycz\u00adnie w wers\u00adji waha\u00add\u0142o\u00adwej. Alter\u00adna\u00adtyw\u00adnie mo\u017c\u00adli\u00adwa jest r\u00f3w\u00adnie\u017c p\u00f3\u017a\u00adnie\u00adjs\u00adza prze\u00adbu\u00addo\u00adwa (akces\u00ado\u00adria, zestaw do przebudowy).<\/p>\n\n\t\t<\/div>\n\t<\/div>\n<\/div><\/div><div class=\"vc_tta-panel\" id=\"1525864525006-ee89c05d-c8c9\" data-vc-content=\".vc_tta-panel-body\"><div class=\"vc_tta-panel-heading\"><h4 class=\"vc_tta-panel-title\"><a href=\"#1525864525006-ee89c05d-c8c9\" data-vc-accordion data-vc-container=\".vc_tta-container\"><span class=\"vc_tta-title-text\">Sterowanie swobodne w trybie wahad\u0142owym<\/span><\/a><\/h4><\/div><div class=\"vc_tta-panel-body\"><div class=\"video-wrapper\"><\/div><div class=\"vc_empty_space\" style=\"height: 20px\"><span class=\"vc_empty_space_inner\"><\/span><\/div>\n\t<div class=\"wpb_text_column wpb_content_element\">\n\t\t<div class=\"wpb_wrapper\">\n\t\t\t<h2>Sterowanie bez wahad\u0142a \u2013 obrotowy st\u00f3\u0142 podzia\u0142owy RSE\u20114<\/h2>\n<p>Ani\u00admac\u00adja pra\u00adcy waha\u00add\u0142a w lewo \/ w pra\u00adwo \u2013 ste\u00adro\u00adwa\u00adnie swo\u00adbod\u00adne. Zes\u00adpo\u0142y prze\u0142\u0105cz\u00adni\u00adk\u00f3w obrot\u00ado\u00adwych RSE\u20113 i RSE\u20114 mo\u017c\u00adna ju\u017c zama\u00adwia\u0107 w wers\u00adji waha\u00add\u0142o\u00adwej. Alter\u00adna\u00adtyw\u00adnie mo\u017c\u00adli\u00adwa jest r\u00f3w\u00adnie\u017c p\u00f3\u017a\u00adnie\u00adjs\u00adza prze\u00adbu\u00addo\u00adwa (akces\u00ado\u00adria, zestaw do przebudowy).<\/p>\n\n\t\t<\/div>\n\t<\/div>\n<\/div><\/div><div class=\"vc_tta-panel\" id=\"1536731506362-c1952daa-cc11\" data-vc-content=\".vc_tta-panel-body\"><div class=\"vc_tta-panel-heading\"><h4 class=\"vc_tta-panel-title\"><a href=\"#1536731506362-c1952daa-cc11\" data-vc-accordion data-vc-container=\".vc_tta-container\"><span class=\"vc_tta-title-text\">Przepustnica i pr\u0119dko\u015b\u0107 obrotowa<\/span><\/a><\/h4><\/div><div class=\"vc_tta-panel-body\"><div class=\"video-wrapper\"><\/div><div class=\"vc_empty_space\" style=\"height: 20px\"><span class=\"vc_empty_space_inner\"><\/span><\/div>\n\t<div class=\"wpb_text_column wpb_content_element\">\n\t\t<div class=\"wpb_wrapper\">\n\t\t\t<h2>Przepustnica do regulacji pr\u0119dko\u015bci obrotowej \u2013 Obrotowy st\u00f3\u0142 podzia\u0142owy RSE\u20114<\/h2>\n<p>W celu bez\u00adstop\u00adnio\u00adwej regu\u00adlac\u00adji pr\u0119d\u00adko\u015bci obrot\u00ado\u00adwej taler\u00adza obrot\u00ado\u00adwa jed\u00adnost\u00adka indek\u00adsu\u00adj\u0105\u00adca ma zin\u00adte\u00adgro\u00adwan\u0105 prze\u00adpust\u00adnic\u0119 powie\u00adtrza wylo\u00adto\u00adwego. Oznac\u00adza to, \u017ce nie trze\u00adba go kupo\u00adwa\u0107 ani pod\u0142\u0105c\u00adza\u0107 osobno.<\/p>\n\n\t\t<\/div>\n\t<\/div>\n<\/div><\/div><div class=\"vc_tta-panel\" id=\"1536731523605-2a0eb15e-9461\" data-vc-content=\".vc_tta-panel-body\"><div class=\"vc_tta-panel-heading\"><h4 class=\"vc_tta-panel-title\"><a href=\"#1536731523605-2a0eb15e-9461\" data-vc-accordion data-vc-container=\".vc_tta-container\"><span class=\"vc_tta-title-text\">Wniosek o przyznanie stanowiska<\/span><\/a><\/h4><\/div><div class=\"vc_tta-panel-body\"><div class=\"video-wrapper\"><\/div><div class=\"vc_empty_space\" style=\"height: 20px\"><span class=\"vc_empty_space_inner\"><\/span><\/div>\n\t<div class=\"wpb_text_column wpb_content_element\">\n\t\t<div class=\"wpb_wrapper\">\n\t\t\t<h2 class=\"title style-scope ytd-video-primary-info-renderer\">Czujnik zbli\u017ceniowy po\u0142o\u017cenia NSS-O\u20116,5 w obrotowym stole podzia\u0142owym RSE\u20114<\/h2>\n<p>Na ilus\u00adtrac\u00adji przedsta\u00adwi\u00ado\u00adno wykry\u00adwa\u00adnie za pomoc\u0105 zesta\u00adwu czu\u00adj\u00adni\u00adk\u00f3w zbli\u017ce\u00adnio\u00adwych NSS-O\u20116,5\u2011S-65. Czu\u00adj\u00adni\u00adki s\u0105 po pro\u00ads\u00adtu wkr\u0119\u00adca\u00adne zami\u00adast za\u015b\u00adlepek i pot\u00adwierd\u00adza\u00adj\u0105 po\u0142o\u017ce\u00adnie kra\u0144\u00adco\u00adwe rega\u0142u. Na sto\u00adle obra\u00adca\u00adj\u0105\u00adcym si\u0119 w kier\u00adun\u00adku prze\u00adciwnym do ruchu wska\u00adz\u00f3\u00adwek zega\u00adra (patrz\u0105c na tal\u00aderz z g\u00f3ry) wida\u0107 sygna\u00adli\u00adzac\u00adj\u0119 po zako\u0144c\u00adze\u00adniu poda\u00adwa\u00adnia (tal\u00aderz obr\u00f3\u00adc\u00ado\u00adny) oraz po wsuni\u0119ciu sto\u00adja\u00adka (oznac\u00adza: zablokowany).<\/p>\n\n\t\t<\/div>\n\t<\/div>\n<\/div><\/div><div class=\"vc_tta-panel\" id=\"1536731540754-fd65c643-010a\" data-vc-content=\".vc_tta-panel-body\"><div class=\"vc_tta-panel-heading\"><h4 class=\"vc_tta-panel-title\"><a href=\"#1536731540754-fd65c643-010a\" data-vc-accordion data-vc-container=\".vc_tta-container\"><span class=\"vc_tta-title-text\">Amortyzator<\/span><\/a><\/h4><\/div><div class=\"vc_tta-panel-body\"><div class=\"video-wrapper\"><\/div><div class=\"vc_empty_space\" style=\"height: 20px\"><span class=\"vc_empty_space_inner\"><\/span><\/div>\n\t<div class=\"wpb_text_column wpb_content_element\">\n\t\t<div class=\"wpb_wrapper\">\n\t\t\t<h2 class=\"title style-scope ytd-video-primary-info-renderer\">Amortyzator w okr\u0105g\u0142ym stole akustycznym RSE\u20114<\/h2>\n<p>Na rysun\u00adku poka\u00adza\u00adno spos\u00f3b mon\u00adta\u017cu prze\u00adpust\u00adni\u00adcy ze sto\u0142em obra\u00adcanym w kier\u00adun\u00adku prze\u00adciwnym do ruchu wska\u00adz\u00f3\u00adwek zega\u00adra (patrz\u0105c na p\u0142y\u00adt\u0119 od g\u00f3ry). W zale\u017c\u00adno\u015bci od bezw\u0142ad\u00adno\u015bci ruchu i obci\u0105\u017ce\u00adnia, prze\u00adpust\u00adnic\u0119 nale\u017cy wyre\u00adgu\u00adlo\u00adwa\u0107 za pomoc\u0105 \u015bru\u00adby regu\u00adla\u00adcy\u00adj\u00adnej lub, w razie potrze\u00adby, przez obr\u00f3t prze\u00adpust\u00adni\u00adcy do wewn\u0105\u00adtrz i na zewn\u0105\u00adtrz (skok efektywny).<\/p>\n\n\t\t<\/div>\n\t<\/div>\n<\/div><\/div><div class=\"vc_tta-panel\" id=\"1536731558337-997d9d01-77b5\" data-vc-content=\".vc_tta-panel-body\"><div class=\"vc_tta-panel-heading\"><h4 class=\"vc_tta-panel-title\"><a href=\"#1536731558337-997d9d01-77b5\" data-vc-accordion data-vc-container=\".vc_tta-container\"><span class=\"vc_tta-title-text\">Regulacja i blokada przepustnicy<\/span><\/a><\/h4><\/div><div class=\"vc_tta-panel-body\"><div class=\"video-wrapper\"><\/div><div class=\"vc_empty_space\" style=\"height: 20px\"><span class=\"vc_empty_space_inner\"><\/span><\/div>\n\t<div class=\"wpb_text_column wpb_content_element\">\n\t\t<div class=\"wpb_wrapper\">\n\t\t\t<h2 class=\"title style-scope ytd-video-primary-info-renderer\">Regulacja amortyzatora w celu prawid\u0142owego zablokowania<\/h2>\n<p>Je\u017ce\u00adli t\u0142u\u00admi\u00ade\u00adnie obrot\u00ado\u00adwego sto\u0142u pod\u00adzia\u0142o\u00adwego nie jest pra\u00adwi\u00add\u0142o\u00adwo dobra\u00adne do obci\u0105\u017ce\u00adnia, ener\u00adgia kine\u00adty\u00adcz\u00adna spo\u00adwo\u00addu\u00adje jego przedw\u00adc\u00adzes\u00adne zatrzy\u00adma\u00adnie lub prze\u00adkro\u00adc\u00adze\u00adnie pozy\u00adc\u00adji indek\u00adso\u00adwej. W zale\u017c\u00adno\u015bci od sytu\u00adac\u00adji unie\u00admo\u017c\u00adli\u00adwia to lub utrud\u00adnia zab\u00adlo\u00adko\u00adwa\u00adnie taler\u00adza, ponie\u00adwa\u017c dwie \u015bru\u00adby nie mog\u0105 swo\u00adbod\u00adnie dosta\u0107 si\u0119 do zam\u00adka. Cho\u00adcia\u017c sto\u017c\u00adko\u00adwe \u015bru\u00adby blo\u00adku\u00adj\u0105ce umo\u017c\u00adli\u00adwia\u00adj\u0105 indek\u00adso\u00adwa\u00adnie, wi\u0105\u017ce si\u0119 to z niec\u00adzy\u00adstym ruchem i zu\u017cy\u00adciem. Zazwy\u00adc\u00adzaj ten nie\u00adwiel\u00adki b\u0142\u0105d regu\u00adlac\u00adji jest widocz\u00adny po przes\u00aduni\u0119ciu p\u0142y\u00adty do przo\u00addu lub do ty\u0142u. Dla\u00adte\u00adgo zaw\u00ads\u00adze nale\u017cy dosto\u00adso\u00adwa\u0107 amor\u00adty\u00adza\u00adtor do obci\u0105\u017ce\u00adnia (\u015bru\u00adba regu\u00adla\u00adcy\u00adj\u00adna na amor\u00adty\u00adza\u00adtor\u00adze lub wykor\u00adzysta\u00adnie sko\u00adku przez obr\u00f3ce\u00adnie amor\u00adty\u00adza\u00adtora do wewn\u0105\u00adtrz lub na zewn\u0105trz).<\/p>\n\n\t\t<\/div>\n\t<\/div>\n<\/div><\/div><\/div><\/div><\/div><\/div><\/div><\/div><\/div><div class=\"wpb_column vc_column_container vc_col-sm-12\"><div class=\"vc_column-inner\"><div class=\"wpb_wrapper\">\n\t<div class=\"wpb_text_column wpb_content_element\">\n\t\t<div class=\"wpb_wrapper\">\n\t\t\t<p style=\"text-align: center;\">Stro\u00adna <a href=\"https:\/\/wagnerautomation.de\" target=\"_blank\" rel=\"noopener\">Frie\u00adde\u00admann Wag\u00adner GmbH<\/a> Bard\u00adzo dzi\u0119\u00adku\u00adj\u0119 za opi\u00adsy animacji.<\/p>\n\n\t\t<\/div>\n\t<\/div>\n<div class=\"vc_empty_space\" style=\"height: 32px\"><span class=\"vc_empty_space_inner\"><\/span><\/div><\/div><\/div><\/div><\/div><div data-vc-full-width=\"true\" data-vc-full-width-temp=\"true\" data-vc-full-width-init=\"false\" class=\"vc_row wpb_row vc_row-fluid vc_custom_1496321201384 vc_row-has-fill\"><div class=\"wpb_column vc_column_container vc_col-sm-8\"><div class=\"vc_column-inner\"><div class=\"wpb_wrapper\">\n\t<div class=\"wpb_text_column wpb_content_element vc_custom_1536734877981\">\n\t\t<div class=\"wpb_wrapper\">\n\t\t\t<h3 style=\"text-align: left;\"><span style=\"color: #ffffff;\">Animacje produktowe, animacje funkcjonalne, ilustracje produktowe czy filmy wizerunkowe \u2013 wnosimy \u015bwiat\u0142o i ruch do Twojej firmy.<\/span><\/h3>\n\n\t\t<\/div>\n\t<\/div>\n<\/div><\/div><\/div><div class=\"wpb_column vc_column_container vc_col-sm-4\"><div class=\"vc_column-inner\"><div class=\"wpb_wrapper\"><a target=\"_self\" href=\"mailto:info@kuhn-solutions.de\" class=\"btn  btn-md style-1\" id=\"custom-id-0\" style>WNIOSEK BEZ ZOBOWI\u0104ZA\u0143<\/a><\/div><\/div><\/div><\/div><div class=\"vc_row-full-width vc_clearfix\"><\/div>\n<\/div>","protected":false},"excerpt":{"rendered":"Obrot\u00ado\u00adwy st\u00f3\u0142 pod\u00adzia\u0142o\u00adwy RSE\u20114 jest wizua\u00adlizowa\u00adny dla fir\u00admy Frie\u00adde\u00admann Wag\u00adner GmbH, pro\u00adfes\u00adjo\u00adna\u00adlis\u00adty w dzied\u00adzi\u00adnie tech\u00adni\u00adki mani\u00adpu\u00adla\u00adcy\u00adj\u00adnej i auto\u00adma\u00adty\u00adzac\u00adji. Pro\u00adjekt kon\u00adcen\u00adtru\u00adje si\u0119 na wizu\u00adal\u00adnym opi\u00adsie funk\u00adc\u00adjo\u00adnal\u00adno\u015bci, licz\u00adnych mo\u017c\u00adli\u00adwo\u015bciach regu\u00adlac\u00adji i kon\u00adwers\u00adji, a tak\u017ce na pra\u00adwi\u00add\u0142o\u00adwej obs\u0142ud\u00adze produktu.\u2026","protected":false},"author":1,"featured_media":0,"parent":0,"menu_order":0,"comment_status":"open","ping_status":"closed","template":"","meta":{"wp_typography_post_enhancements_disabled":false,"footnotes":""},"class_list":["post-1038","page","type-page","status-publish","hentry"],"_links":{"self":[{"href":"https:\/\/kuhn-solutions.de\/pl\/wp-json\/wp\/v2\/pages\/1038","targetHints":{"allow":["GET"]}}],"collection":[{"href":"https:\/\/kuhn-solutions.de\/pl\/wp-json\/wp\/v2\/pages"}],"about":[{"href":"https:\/\/kuhn-solutions.de\/pl\/wp-json\/wp\/v2\/types\/page"}],"author":[{"embeddable":true,"href":"https:\/\/kuhn-solutions.de\/pl\/wp-json\/wp\/v2\/users\/1"}],"replies":[{"embeddable":true,"href":"https:\/\/kuhn-solutions.de\/pl\/wp-json\/wp\/v2\/comments?post=1038"}],"version-history":[{"count":70,"href":"https:\/\/kuhn-solutions.de\/pl\/wp-json\/wp\/v2\/pages\/1038\/revisions"}],"predecessor-version":[{"id":1798,"href":"https:\/\/kuhn-solutions.de\/pl\/wp-json\/wp\/v2\/pages\/1038\/revisions\/1798"}],"wp:attachment":[{"href":"https:\/\/kuhn-solutions.de\/pl\/wp-json\/wp\/v2\/media?parent=1038"}],"curies":[{"name":"wp","href":"https:\/\/api.w.org\/{rel}","templated":true}]}}