{"id":2476,"date":"2022-05-02T10:14:12","date_gmt":"2022-05-02T08:14:12","guid":{"rendered":"https:\/\/kuhn-solutions.de\/?page_id=2476"},"modified":"2022-05-10T11:22:51","modified_gmt":"2022-05-10T09:22:51","slug":"myshelf-configurator","status":"publish","type":"page","link":"https:\/\/kuhn-solutions.de\/nl\/myshelf-configurator\/","title":{"rendered":"MyS\u00adhelf Configurator"},"content":{"rendered":"<div class=\"wpb-content-wrapper\"><div class=\"vc_row wpb_row vc_row-fluid\"><div class=\"wpb_column vc_column_container vc_col-sm-12\"><div class=\"vc_column-inner\"><div class=\"wpb_wrapper\"><div class=\"wpb_images_carousel wpb_content_element vc_clearfix wpb_content_element\"><div class=\"wpb_wrapper\"><div id=\"vc_images-carousel-1-1776169262\" data-ride=\"vc_carousel\" data-wrap=\"true\" style=\"width: 1920px;\" data-interval=\"5000\" data-auto-height=\"yes\" data-mode=\"horizontal\" data-partial=\"false\" data-per-view=\"1\" data-hide-on-end=\"false\" class=\"vc_slide vc_images_carousel\"><ol class=\"vc_carousel-indicators\"><li data-target=\"#vc_images-carousel-1-1776169262\" data-slide-to=\"0\"><\/li><li data-target=\"#vc_images-carousel-1-1776169262\" data-slide-to=\"1\"><\/li><li data-target=\"#vc_images-carousel-1-1776169262\" data-slide-to=\"2\"><\/li><li data-target=\"#vc_images-carousel-1-1776169262\" data-slide-to=\"3\"><\/li><li data-target=\"#vc_images-carousel-1-1776169262\" data-slide-to=\"4\"><\/li><\/ol><div class=\"vc_carousel-inner\"><div class=\"vc_carousel-slideline\"><div class=\"vc_carousel-slideline-inner\"><div class=\"vc_item\"><div class=\"vc_inner\"><a class=\"\" href=\"https:\/\/kuhn-solutions.de\/wp-content\/uploads\/2022\/05\/MyShelf-Jasmine.450-1024x576.png\" data-lightbox=\"lightbox[rel-2476-2090047051]\"><img decoding=\"async\" class=\"\" src=\"https:\/\/kuhn-solutions.de\/wp-content\/uploads\/2022\/05\/MyShelf-Jasmine.450.png\" width=\"1920\" height=\"1080\" alt=\"\" title=\"\" loading=\"lazy\" \/><\/a><\/div><\/div><div class=\"vc_item\"><div class=\"vc_inner\"><a class=\"\" href=\"https:\/\/kuhn-solutions.de\/wp-content\/uploads\/2022\/05\/MyShelf-Jasmine.447-1024x576.png\" data-lightbox=\"lightbox[rel-2476-2090047051]\"><img decoding=\"async\" class=\"\" src=\"https:\/\/kuhn-solutions.de\/wp-content\/uploads\/2022\/05\/MyShelf-Jasmine.447.png\" width=\"1920\" height=\"1080\" alt=\"\" title=\"\" loading=\"lazy\" \/><\/a><\/div><\/div><div class=\"vc_item\"><div class=\"vc_inner\"><a class=\"\" href=\"https:\/\/kuhn-solutions.de\/wp-content\/uploads\/2022\/05\/MyShelf-Jasmine.448-1024x576.png\" data-lightbox=\"lightbox[rel-2476-2090047051]\"><img decoding=\"async\" class=\"\" src=\"https:\/\/kuhn-solutions.de\/wp-content\/uploads\/2022\/05\/MyShelf-Jasmine.448.png\" width=\"1920\" height=\"1080\" alt=\"\" title=\"\" loading=\"lazy\" \/><\/a><\/div><\/div><div class=\"vc_item\"><div class=\"vc_inner\"><a class=\"\" href=\"https:\/\/kuhn-solutions.de\/wp-content\/uploads\/2022\/05\/MyShelf-Jasmine.446-1024x576.png\" data-lightbox=\"lightbox[rel-2476-2090047051]\"><img decoding=\"async\" class=\"\" src=\"https:\/\/kuhn-solutions.de\/wp-content\/uploads\/2022\/05\/MyShelf-Jasmine.446.png\" width=\"1920\" height=\"1080\" alt=\"\" title=\"\" loading=\"lazy\" \/><\/a><\/div><\/div><div class=\"vc_item\"><div class=\"vc_inner\"><a class=\"\" href=\"https:\/\/kuhn-solutions.de\/wp-content\/uploads\/2022\/05\/MyShelf-Jasmine.449-1024x576.png\" data-lightbox=\"lightbox[rel-2476-2090047051]\"><img decoding=\"async\" class=\"\" src=\"https:\/\/kuhn-solutions.de\/wp-content\/uploads\/2022\/05\/MyShelf-Jasmine.449.png\" width=\"1920\" height=\"1080\" alt=\"\" title=\"\" loading=\"lazy\" \/><\/a><\/div><\/div><\/div><\/div><\/div><a class=\"vc_left vc_carousel-control\" href=\"#vc_images-carousel-1-1776169262\" data-slide=\"prev\"><span class=\"icon-prev\"><\/span><\/a><a class=\"vc_right vc_carousel-control\" href=\"#vc_images-carousel-1-1776169262\" data-slide=\"next\"><span class=\"icon-next\"><\/span><\/a><\/div><\/div><\/div><h1 class='heading-middle  style-1' ><span>MyShelf Konfigurator<em class=\"heading-subtitle\">Lassen Sie sich automatisch Zeichnungen und St\u00fccklisten f\u00fcr Ihr ma\u00dfgeschneidertes Regal erzeugen.<\/em><\/span><\/h1>\n\t<div class=\"wpb_text_column wpb_content_element\" >\n\t\t<div class=\"wpb_wrapper\">\n\t\t\t<p><iframe loading=\"lazy\" src=\"https:\/\/kuhn-solutions.de\/wp-content\/uploads\/2022\/05\/MyShelf-Jasmine.html\" width=\"100%\" height=\"700\" frameborder=\"0\" allowfullscreen=\"allowfullscreen\"><span data-mce-type=\"bookmark\" style=\"display: inline-block; width: 0px; overflow: hidden; line-height: 0;\" class=\"mce_SELRES_start\">\ufeff<\/span><span data-mce-type=\"bookmark\" style=\"display: inline-block; width: 0px; overflow: hidden; line-height: 0;\" class=\"mce_SELRES_start\">\ufeff<\/span><span data-mce-type=\"bookmark\" style=\"display: inline-block; width: 0px; overflow: hidden; line-height: 0;\" class=\"mce_SELRES_start\">\ufeff<\/span><\/iframe><\/p>\n\n\t\t<\/div>\n\t<\/div>\n\n\t<div class=\"wpb_text_column wpb_content_element\" >\n\t\t<div class=\"wpb_wrapper\">\n\t\t\t<div class=\"frm_forms  with_frm_style frm_style_formidable-style\" id=\"frm_form_3_container\" data-token=\"20c08732c0d2c331af4395c6080333a1\">\n<form enctype=\"multipart\/form-data\" method=\"post\" class=\"frm-show-form  frm_js_validate \" id=\"form_myshelfconfigurator\" data-token=\"20c08732c0d2c331af4395c6080333a1\">\n<div class=\"frm_form_fields \">\n<fieldset>\n<head>\r\n    <script src=\"https:\/\/ajax.googleapis.com\/ajax\/libs\/jquery\/3.6.0\/jquery.min.js\"><\/script>\r\n        <script>\r\n            $(document).ready(function(){\r\n                $(\"#btn_submit\").click(function(){\r\n                    \/\/alert(\"Privacy policy check : \" + ($('#field_fkn5o2-0').is(\":checked\")) + \" recaptcha \" + (grecaptcha.getResponse() != \"\"));\r\n                    if (($('#field_fkn5o2-0').is(\":checked\")) && (grecaptcha.getResponse() != \"\"))\r\n                    {\r\n                        \/\/ both checkbox and recaptcha are checked\r\n                        var height = $('#field_v9kdp2').val();\r\n                        var length = $('#field_8bbuy2').val();\r\n                        var depth = $('#field_cz9462').val();\r\n                        var rows = $('#field_68eii').val();\r\n                        var email = $('#field_56uop2').val();\r\n\r\n                        \/\/alert(\"height : \" + (500 <= height && height <= 3000) + \" length : \" + (500 <= length && length <= 2000) + \" depth : \" + (250 <= depth && depth <= 1000) + \" rows : \" + (1 <= rows && rows <= 8) + \" email : \" + (IsEmail(email)==true));\r\n                        if((500 <= height && height <= 3000) && (500 <= length && length <= 2000) && (250 <= depth && depth <= 1000) && (1 <= rows && rows <= 8) && (IsEmail(email)==true)){\r\n                            var formData = {\r\n                                \"request\": {\r\n                                    \"Username\": \"Kuhn Solutions User\",\r\n                                    \"Email\": email,\r\n                                    \"Product_Type\": \"Shelf Jasmine\"\r\n                                },\r\n                                \"productAttributeList\": [\r\n                                    {\r\n                                    \"Attribute_Name\": \"height\",\r\n                                    \"Attribute_Value\": height,\r\n                                    \"Attribute_Type\": \"mm\"\r\n                                    },\r\n                                    {\r\n                                    \"Attribute_Name\": \"length\",\r\n                                    \"Attribute_Value\": length,\r\n                                    \"Attribute_Type\": \"mm\"\r\n                                    },\r\n                                    {\r\n                                    \"Attribute_Name\": \"depth\",\r\n                                    \"Attribute_Value\": depth,\r\n                                    \"Attribute_Type\": \"mm\"\r\n                                    },\r\n                                    {\r\n                                    \"Attribute_Name\": \"rows\",\r\n                                    \"Attribute_Value\": rows,\r\n                                    \"Attribute_Type\": \"number\"\r\n                                    }\r\n                                ]\r\n                            }\r\n                            $.ajax({\r\n                                type: 'POST',\r\n                                url: 'https:\/\/ojobgb1m5jm6llsr.myfritz.net\/api\/requests',\r\n                                dataType: 'json',\r\n                                data: formData,\r\n                            });\r\n                        }\r\n                    }\r\n                }); \r\n            });\r\n\r\n            function IsEmail(email) {\r\n            var regex = \/^([a-zA-Z0-9_\\.\\-\\+])+\\@(([a-zA-Z0-9\\-])+\\.)+([a-zA-Z0-9]{2,4})+$\/;\r\n                if(!regex.test(email)) {\r\n                    return false;\r\n                }else{\r\n                    return true;\r\n                }\r\n            }\r\n        <\/script>\r\n    <\/head>\r\n<legend class=\"frm_screen_reader\">MyShelf Configurator<\/legend>\r\n\r\n<div class=\"frm_fields_container\">\n<input type=\"hidden\" name=\"frm_action\" value=\"create\" \/>\n<input type=\"hidden\" name=\"form_id\" value=\"3\" \/>\n<input type=\"hidden\" name=\"frm_hide_fields_3\" id=\"frm_hide_fields_3\" value=\"\" \/>\n<input type=\"hidden\" name=\"form_key\" value=\"myshelfconfigurator\" \/>\n<input type=\"hidden\" name=\"item_meta[0]\" value=\"\" \/>\n<input type=\"hidden\" id=\"frm_submit_entry_3\" name=\"frm_submit_entry_3\" value=\"2954df885b\" \/><input type=\"hidden\" name=\"_wp_http_referer\" value=\"\/nl\/wp-json\/wp\/v2\/pages\/2476\" \/><div id=\"frm_field_22_container\" class=\"frm_form_field  frm6 frm_first frm_html_container form-field\"><span style=\"vertical-align: inherit;\"><span style=\"vertical-align: inherit;\"><span style=\"vertical-align: inherit;\"><span style=\"vertical-align: inherit;\"><span style=\"vertical-align: inherit;\"><span style=\"vertical-align: inherit;\">Geben Sie die H\u00f6he, L\u00e4nge, Tiefe und Anzahl der Reihen f\u00fcr Ihr gew\u00fcnschtes Regal ein:<\/span><\/span><\/span><\/span><\/span><\/span><\/div>\n<div id=\"frm_field_23_container\" class=\"frm_form_field  frm6 frm_html_container form-field\">\n<p>Individuelle Zeichnungen und St\u00fccklisten f\u00fcr Ihren Regal anfragen:<\/p>\n<\/div>\n<div id=\"frm_field_24_container\" class=\"frm_form_field form-field  frm_required_field frm_top_container frm6 frm_first\">\r\n    <label for=\"field_v9kdp2\" id=\"field_v9kdp2_label\" class=\"frm_primary_label\">H\u00f6he des Regals [mm]:\r\n        <span class=\"frm_required\" aria-hidden=\"true\">*<\/span>\r\n    <\/label>\r\n    <input type=\"number\" id=\"field_v9kdp2\" name=\"item_meta[24]\" value=\"1500\"  data-frmval=\"1500\" data-reqmsg=\"Dieses Feld darf nicht leer sein.\" aria-required=\"true\" data-invmsg=\"Zahl ist ung\u00fcltig\" aria-invalid=\"false\"   aria-describedby=\"frm_desc_field_v9kdp2\" min=\"500\" max=\"3000\" step=\"any\"\/>\r\n    <div class=\"frm_description\" id=\"frm_desc_field_v9kdp2\">Die H\u00f6he sollte zwischen 500 und 3000 mm liegen.<\/div>\r\n    \r\n<\/div>\n<div id=\"frm_field_25_container\" class=\"frm_form_field form-field  frm_required_field frm_top_container frm6\">\r\n    <label for=\"field_56uop2\" id=\"field_56uop2_label\" class=\"frm_primary_label\">E-Mail:\r\n        <span class=\"frm_required\" aria-hidden=\"true\">*<\/span>\r\n    <\/label>\r\n    <input type=\"email\" id=\"field_56uop2\" name=\"item_meta[25]\" value=\"\"  data-reqmsg=\"Dieses Feld darf nicht leer sein.\" aria-required=\"true\" data-invmsg=\"E-Mail ist ung\u00fcltig\" aria-invalid=\"false\"  \/>\r\n    \r\n    \r\n<\/div>\n<div id=\"frm_field_26_container\" class=\"frm_form_field form-field  frm_required_field frm_top_container frm6 frm_first\">\r\n    <label for=\"field_8bbuy2\" id=\"field_8bbuy2_label\" class=\"frm_primary_label\">L\u00e4nge des Regals [mm]:\r\n        <span class=\"frm_required\" aria-hidden=\"true\">*<\/span>\r\n    <\/label>\r\n    <input type=\"number\" id=\"field_8bbuy2\" name=\"item_meta[26]\" value=\"1000\"  data-frmval=\"1000\" data-reqmsg=\"Dieses Feld darf nicht leer sein.\" aria-required=\"true\" data-invmsg=\"Zahl ist ung\u00fcltig\" aria-invalid=\"false\"   aria-describedby=\"frm_desc_field_8bbuy2\" min=\"500\" max=\"2000\" step=\"any\"\/>\r\n    <div class=\"frm_description\" id=\"frm_desc_field_8bbuy2\">Die L\u00e4nge sollte zwischen 500 und 2000 mm liegen.<\/div>\r\n    \r\n<\/div>\n<div id=\"frm_field_27_container\" class=\"frm_form_field form-field  frm_top_container frm6\">\r\n    <label for=\"field_533i62\" id=\"field_533i62_label\" class=\"frm_primary_label\">Fragen und Anregungen?\r\n        <span class=\"frm_required\" aria-hidden=\"true\"><\/span>\r\n    <\/label>\r\n    <input type=\"text\" id=\"field_533i62\" name=\"item_meta[27]\" value=\"\"  data-invmsg=\"Text ist ung\u00fcltig\" aria-invalid=\"false\"  \/>\r\n    \r\n    \r\n<\/div>\n<div id=\"frm_field_28_container\" class=\"frm_form_field form-field  frm_required_field frm_top_container frm6 frm_first\">\r\n    <label for=\"field_cz9462\" id=\"field_cz9462_label\" class=\"frm_primary_label\">Tiefe des Regals [mm]:\r\n        <span class=\"frm_required\" aria-hidden=\"true\">*<\/span>\r\n    <\/label>\r\n    <input type=\"number\" id=\"field_cz9462\" name=\"item_meta[28]\" value=\"500\"  data-frmval=\"500\" data-reqmsg=\"Dieses Feld darf nicht leer sein.\" aria-required=\"true\" data-invmsg=\"Zahl ist ung\u00fcltig\" aria-invalid=\"false\"   aria-describedby=\"frm_desc_field_cz9462\" min=\"250\" max=\"1000\" step=\"any\"\/>\r\n    <div class=\"frm_description\" id=\"frm_desc_field_cz9462\">Die Tiefe sollte zwischen 250 und 1000 mm liegen.<\/div>\r\n    \r\n<\/div>\n<div id=\"frm_field_31_container\" class=\"frm_form_field form-field  frm_required_field frm_top_container frm6 frm_first\">\r\n    <label for=\"field_68eii\" id=\"field_68eii_label\" class=\"frm_primary_label\">Anzahl der Reihen:\r\n        <span class=\"frm_required\" aria-hidden=\"true\">*<\/span>\r\n    <\/label>\r\n    <input type=\"number\" id=\"field_68eii\" name=\"item_meta[31]\" value=\"6\"  data-frmval=\"6\" data-reqmsg=\"Dieses Feld darf nicht leer sein.\" aria-required=\"true\" data-invmsg=\"Zahl ist ung\u00fcltig\" aria-invalid=\"false\"   aria-describedby=\"frm_desc_field_68eii\" min=\"1\" max=\"8\" step=\"1\"\/>\r\n    <div class=\"frm_description\" id=\"frm_desc_field_68eii\">Die Anzahl der Reihen sollte zwischen 1 und 8 liegen.<\/div>\r\n    \r\n<\/div>\n<div id=\"frm_field_29_container\" class=\"frm_form_field form-field  frm_required_field frm_top_container frm12 frm_first vertical_radio\">\r\n    <div  id=\"field_fkn5o2_label\" class=\"frm_primary_label\">Datenschutzerkl\u00e4rung\r\n        <span class=\"frm_required\" aria-hidden=\"true\">*<\/span>\r\n    <\/div>\r\n    <div class=\"frm_opt_container\" aria-labelledby=\"field_fkn5o2_label\" role=\"group\">\t\t<div class=\"frm_checkbox\" id=\"frm_checkbox_29-0\">\t\t\t<label  for=\"field_fkn5o2-0\">\n\t\t\t<input type=\"checkbox\" name=\"item_meta[29][]\" id=\"field_fkn5o2-0\" value=\"Ich habe die &lt;a href=&quot;https:\/\/kuhn-solutions.de\/datenschutzerklaerung\/&quot;&gt;Datenschutzerkl\u00e4rung&lt;\/a&gt; zur Kenntnis genommen und akzeptiert. Ich stimme zu, dass meine Formularangaben zur Kontaktaufnahme bzw. zur Bearbeitung meines Anliegens gespeichert werden.\"  data-reqmsg=\"Dieses Feld darf nicht leer sein.\" data-invmsg=\"Datenschutzerkl\u00e4rung is ongeldig\"   aria-required=\"true\"  \/> Ich habe die <a href=\"https:\/\/kuhn-solutions.de\/datenschutzerklaerung\/\">Datenschutzerkl\u00e4rung<\/a> zur Kenntnis genommen und akzeptiert. Ich stimme zu, dass meine Formularangaben zur Kontaktaufnahme bzw. zur Bearbeitung meines Anliegens gespeichert werden.<\/label><\/div>\n<\/div>\r\n    \r\n    \r\n<\/div>\n<div id=\"frm_field_30_container\" class=\"frm_form_field form-field  frm_none_container frm12 frm_first\">\r\n    <label for=\"g-recaptcha-response\" id=\"field_ezfit2_label\" class=\"frm_primary_label\">reCAPTCHA\r\n        <span class=\"frm_required\" aria-hidden=\"true\"><\/span>\r\n    <\/label>\r\n    <div  id=\"field_ezfit2\" class=\"frm-g-recaptcha\" data-sitekey=\"6LdlC18fAAAAAKPjTs9Ao-BBtgUeL4jEBJqw8_gX\" data-size=\"normal\" data-theme=\"light\"><\/div>\r\n    \r\n    \r\n<\/div>\n\t<input type=\"hidden\" name=\"item_key\" value=\"\" \/>\n\t\t\t<div id=\"frm_field_41_container\">\n\t\t\t<label for=\"field_ll13w\" >\n\t\t\t\tIndien je een mens bent, laat dit veld leeg:.\t\t\t<\/label>\n\t\t\t<input  id=\"field_ll13w\" type=\"text\" class=\"frm_form_field form-field frm_verify\" name=\"item_meta[41]\" value=\"\"  \/>\n\t\t<\/div>\n\t\t<input name=\"frm_state\" type=\"hidden\" value=\"gb4u2777Mvk6sybTfQx+eoCQJ4f+yGEbNd3pLpQejG0=\" \/><div class=\"frm_submit\">\r\n\r\n<button id=\"btn_submit\" class=\"frm_button_submit\" type=\"submit\"  >Daten erzeugen und zusenden<\/button>\r\n\r\n<\/div><\/div>\n<\/fieldset>\n<\/div>\n\n<\/form>\n<\/div>\n\n\n\t\t<\/div>\n\t<\/div>\n<\/div><\/div><\/div><\/div><div class=\"vc_row wpb_row vc_row-fluid\"><div class=\"wpb_column vc_column_container vc_col-sm-12\"><div class=\"vc_column-inner\"><div class=\"wpb_wrapper\"><h1 class='heading-middle  style-1' ><span>Automatisch generierte Zeichnungen!<em class=\"heading-subtitle\">Im Folgenden ein Beispiel f\u00fcr individuell generierte Zeichnungen im PDF-Format.<\/em><\/span><\/h1><\/div><\/div><\/div><\/div><div class=\"vc_row wpb_row vc_row-fluid\"><div class=\"wpb_column vc_column_container vc_col-sm-12\"><div class=\"vc_column-inner\"><div class=\"wpb_wrapper\">\n\t<div class=\"wpb_text_column wpb_content_element\" >\n\t\t<div class=\"wpb_wrapper\">\n\t\t\t<p><code><\/code><\/p>\n\n\t\t<\/div>\n\t<\/div>\n<\/div><\/div><\/div><\/div>\n<\/div>","protected":false},"excerpt":{"rendered":"MyS\u00adhelf Con\u00adfi\u00adgu\u00adra\u00adtor\u00adAu\u00adto\u00adma\u00adtisch teken\u00adin\u00adgen en stu\u00adklijs\u00adten gener\u00ade\u00adren voor uw op maat gema\u00adak\u00adte plank. MyS\u00adhelf Con\u00adfi\u00adgu\u00adra\u00adtor Voer de hoog\u00adte, leng\u00adte, diep\u00adte en het aan\u00adtal rijen in voor uw gewens\u00adte plank: Vraag indi\u00advi\u00addu\u00adele teken\u00adin\u00adgen en onder\u00adde\u00adlen\u00adlijs\u00adten voor uw rek aan: Hoogte\u2026","protected":false},"author":1,"featured_media":0,"parent":0,"menu_order":0,"comment_status":"closed","ping_status":"closed","template":"","meta":{"wp_typography_post_enhancements_disabled":false,"footnotes":""},"class_list":["post-2476","page","type-page","status-publish","hentry"],"_links":{"self":[{"href":"https:\/\/kuhn-solutions.de\/nl\/wp-json\/wp\/v2\/pages\/2476","targetHints":{"allow":["GET"]}}],"collection":[{"href":"https:\/\/kuhn-solutions.de\/nl\/wp-json\/wp\/v2\/pages"}],"about":[{"href":"https:\/\/kuhn-solutions.de\/nl\/wp-json\/wp\/v2\/types\/page"}],"author":[{"embeddable":true,"href":"https:\/\/kuhn-solutions.de\/nl\/wp-json\/wp\/v2\/users\/1"}],"replies":[{"embeddable":true,"href":"https:\/\/kuhn-solutions.de\/nl\/wp-json\/wp\/v2\/comments?post=2476"}],"version-history":[{"count":9,"href":"https:\/\/kuhn-solutions.de\/nl\/wp-json\/wp\/v2\/pages\/2476\/revisions"}],"predecessor-version":[{"id":2658,"href":"https:\/\/kuhn-solutions.de\/nl\/wp-json\/wp\/v2\/pages\/2476\/revisions\/2658"}],"wp:attachment":[{"href":"https:\/\/kuhn-solutions.de\/nl\/wp-json\/wp\/v2\/media?parent=2476"}],"curies":[{"name":"wp","href":"https:\/\/api.w.org\/{rel}","templated":true}]}}