{"id":2326,"date":"2022-04-04T12:26:43","date_gmt":"2022-04-04T10:26:43","guid":{"rendered":"https:\/\/kuhneng.de\/?page_id=2326"},"modified":"2022-05-10T11:21:45","modified_gmt":"2022-05-10T09:21:45","slug":"mytable-configurator","status":"publish","type":"page","link":"https:\/\/kuhn-solutions.de\/ja\/mytable-configurator\/","title":{"rendered":"\u30de\u30a4\u30c6\u30fc\u30d6\u30eb \u30b3\u30f3\u30d5\u30a3\u30ae\u30e5\u30ec\u30fc\u30bf\u30fc"},"content":{"rendered":"<div class=\"wpb-content-wrapper\"><div class=\"vc_row wpb_row vc_row-fluid\"><div class=\"wpb_column vc_column_container vc_col-sm-12\"><div class=\"vc_column-inner\"><div class=\"wpb_wrapper\"><div class=\"wpb_images_carousel wpb_content_element vc_clearfix wpb_content_element wpb_animate_when_almost_visible wpb_top-to-bottom top-to-bottom\"><div class=\"wpb_wrapper\"><div id=\"vc_images-carousel-1-1776169259\" data-ride=\"vc_carousel\" data-wrap=\"true\" style=\"width: 1920px;\" data-interval=\"5000\" data-auto-height=\"yes\" data-mode=\"horizontal\" data-partial=\"false\" data-per-view=\"1\" data-hide-on-end=\"false\" class=\"vc_slide vc_images_carousel\"><ol class=\"vc_carousel-indicators\"><li data-target=\"#vc_images-carousel-1-1776169259\" data-slide-to=\"0\"><\/li><li data-target=\"#vc_images-carousel-1-1776169259\" data-slide-to=\"1\"><\/li><li data-target=\"#vc_images-carousel-1-1776169259\" data-slide-to=\"2\"><\/li><li data-target=\"#vc_images-carousel-1-1776169259\" data-slide-to=\"3\"><\/li><li data-target=\"#vc_images-carousel-1-1776169259\" data-slide-to=\"4\"><\/li><\/ol><div class=\"vc_carousel-inner\"><div class=\"vc_carousel-slideline\"><div class=\"vc_carousel-slideline-inner\"><div class=\"vc_item\"><div class=\"vc_inner\"><a class=\"\" href=\"https:\/\/kuhn-solutions.de\/wp-content\/uploads\/2022\/05\/My-Table-Sun-Flower.442-1024x576.png\" data-lightbox=\"lightbox[rel-2326-1032283398]\"><img decoding=\"async\" class=\"\" src=\"https:\/\/kuhn-solutions.de\/wp-content\/uploads\/2022\/05\/My-Table-Sun-Flower.442.png\" width=\"1920\" height=\"1080\" alt=\"\" title=\"\" loading=\"lazy\" \/><\/a><\/div><\/div><div class=\"vc_item\"><div class=\"vc_inner\"><a class=\"\" href=\"https:\/\/kuhn-solutions.de\/wp-content\/uploads\/2022\/05\/My-Table-Sun-Flower.441-1024x576.png\" data-lightbox=\"lightbox[rel-2326-1032283398]\"><img decoding=\"async\" class=\"\" src=\"https:\/\/kuhn-solutions.de\/wp-content\/uploads\/2022\/05\/My-Table-Sun-Flower.441.png\" width=\"1920\" height=\"1080\" alt=\"\" title=\"\" loading=\"lazy\" \/><\/a><\/div><\/div><div class=\"vc_item\"><div class=\"vc_inner\"><a class=\"\" href=\"https:\/\/kuhn-solutions.de\/wp-content\/uploads\/2022\/05\/My-Table-Sun-Flower.443-1024x576.png\" data-lightbox=\"lightbox[rel-2326-1032283398]\"><img decoding=\"async\" class=\"\" src=\"https:\/\/kuhn-solutions.de\/wp-content\/uploads\/2022\/05\/My-Table-Sun-Flower.443.png\" width=\"1920\" height=\"1080\" alt=\"\" title=\"\" loading=\"lazy\" \/><\/a><\/div><\/div><div class=\"vc_item\"><div class=\"vc_inner\"><a class=\"\" href=\"https:\/\/kuhn-solutions.de\/wp-content\/uploads\/2022\/05\/My-Table-Sun-Flower.440-1024x576.png\" data-lightbox=\"lightbox[rel-2326-1032283398]\"><img decoding=\"async\" class=\"\" src=\"https:\/\/kuhn-solutions.de\/wp-content\/uploads\/2022\/05\/My-Table-Sun-Flower.440.png\" width=\"1920\" height=\"1080\" alt=\"\" title=\"\" loading=\"lazy\" \/><\/a><\/div><\/div><div class=\"vc_item\"><div class=\"vc_inner\"><a class=\"\" href=\"https:\/\/kuhn-solutions.de\/wp-content\/uploads\/2022\/05\/My-Table-Sun-Flower.444-1024x576.png\" data-lightbox=\"lightbox[rel-2326-1032283398]\"><img decoding=\"async\" class=\"\" src=\"https:\/\/kuhn-solutions.de\/wp-content\/uploads\/2022\/05\/My-Table-Sun-Flower.444.png\" width=\"1920\" height=\"1080\" alt=\"\" title=\"\" loading=\"lazy\" \/><\/a><\/div><\/div><\/div><\/div><\/div><a class=\"vc_left vc_carousel-control\" href=\"#vc_images-carousel-1-1776169259\" data-slide=\"prev\"><span class=\"icon-prev\"><\/span><\/a><a class=\"vc_right vc_carousel-control\" href=\"#vc_images-carousel-1-1776169259\" data-slide=\"next\"><span class=\"icon-next\"><\/span><\/a><\/div><\/div><\/div><h1 class='heading-middle  style-1' ><span>MyTable Konfigurator<em class=\"heading-subtitle\">Lassen Sie sich automatisch Zeichnungen und St\u00fccklisten f\u00fcr Ihren ma\u00dfgeschneiderten Tisch erzeugen.<\/em><\/span><\/h1>\n\t<div class=\"wpb_text_column wpb_content_element\" >\n\t\t<div class=\"wpb_wrapper\">\n\t\t\t<p><iframe loading=\"lazy\" src=\"https:\/\/kuhn-solutions.de\/wp-content\/uploads\/2022\/05\/MyTable-Sun-Flower.html\" width=\"100%\" height=\"700\" frameborder=\"0\" allowfullscreen=\"allowfullscreen\"><span data-mce-type=\"bookmark\" style=\"display: inline-block; width: 0px; overflow: hidden; line-height: 0;\" class=\"mce_SELRES_start\">\ufeff<\/span><span data-mce-type=\"bookmark\" style=\"display: inline-block; width: 0px; overflow: hidden; line-height: 0;\" class=\"mce_SELRES_start\">\ufeff<\/span><\/iframe><\/p>\n\n\t\t<\/div>\n\t<\/div>\n\n\t<div class=\"wpb_text_column wpb_content_element\" >\n\t\t<div class=\"wpb_wrapper\">\n\t\t\t<div class=\"frm_forms  with_frm_style frm_style_formidable-style\" id=\"frm_form_2_container\" data-token=\"20c08732c0d2c331af4395c6080333a1\">\n<form enctype=\"multipart\/form-data\" method=\"post\" class=\"frm-show-form  frm_js_validate \" id=\"form_mytableconfigurator\" data-token=\"20c08732c0d2c331af4395c6080333a1\">\n<div class=\"frm_form_fields \">\n<fieldset>\n<head>\r\n<script src=\"https:\/\/ajax.googleapis.com\/ajax\/libs\/jquery\/3.6.0\/jquery.min.js\"><\/script>\r\n         <script>\r\n            $(document).ready(function(){\r\n                $(\"#btn_submit\").click(function(){\r\n                    \/\/alert(\"Privacy policy check : \" + ($('#field_fkn5o-0').is(\":checked\")) + \" recaptcha \" + (grecaptcha.getResponse() != \"\"));\r\n                    if (($('#field_fkn5o-0').is(\":checked\")) && (grecaptcha.getResponse() != \"\"))\r\n                    {\r\n                        \/\/ both checkbox and recaptcha are checked\r\n                        var length = $('#field_v9kdp').val();\r\n                        var width = $('#field_8bbuy').val();\r\n                        var height = $('#field_cz946').val();\r\n                        var email = $('#field_56uop').val();\r\n\r\n                        \/\/alert(\"length : \" + (550 <= length && length <= 2200) + \" width : \" + (550 <= width && width <= 2200) + \" height : \" + (300 <= height && height <= 1500) + \" email : \" + (IsEmail(email)==true));\r\n                        if((550 <= length && length <= 2200) && (550 <= width && width <= 2200) && (300 <= height && height <= 1500) && (IsEmail(email)==true)){\r\n                            var formData = {\r\n                                \"request\": {\r\n                                    \"Username\": \"Kuhn Solutions User\",\r\n                                    \"Email\": email,\r\n                                    \"Product_Type\": \"Table Sun Flower\"\r\n                                },\r\n                                \"productAttributeList\": [\r\n                                    {\r\n                                    \"Attribute_Name\": \"length\",\r\n                                    \"Attribute_Value\": length,\r\n\t\t\t\t    \"Attribute_Type\": \"mm\"\r\n                                    },\r\n                                    {\r\n                                    \"Attribute_Name\": \"width\",\r\n                                    \"Attribute_Value\": width,\r\n\t\t\t            \"Attribute_Type\": \"mm\"\r\n                                    },\r\n                                    {\r\n                                    \"Attribute_Name\": \"height\",\r\n                                    \"Attribute_Value\": height,\r\n\t\t\t\t    \"Attribute_Type\": \"mm\"\r\n                                    }\r\n                                ]\r\n                            }\r\n                            \/\/var formData = { Username: \"Kuhn Solutions User\", Email: email, Tbl_Length: length, Tbl_Width: width, Tbl_Height: height };\r\n                            $.ajax({\r\n                                type: 'POST',\r\n                                url: 'https:\/\/ojobgb1m5jm6llsr.myfritz.net\/api\/requests',\r\n                                dataType: 'json',\r\n                                data: formData,\r\n                            });\r\n                        }\r\n                    }\r\n                }); \r\n            });\r\n\r\n            function IsEmail(email) {\r\n            var regex = \/^([a-zA-Z0-9_\\.\\-\\+])+\\@(([a-zA-Z0-9\\-])+\\.)+([a-zA-Z0-9]{2,4})+$\/;\r\n                if(!regex.test(email)) {\r\n                    return false;\r\n                }else{\r\n                    return true;\r\n                }\r\n            }\r\n        <\/script>\r\n<\/head>\r\n<legend class=\"frm_screen_reader\">MyTable Configurator<\/legend>\r\n\r\n<div class=\"frm_fields_container\">\n<input type=\"hidden\" name=\"frm_action\" value=\"create\" \/>\n<input type=\"hidden\" name=\"form_id\" value=\"2\" \/>\n<input type=\"hidden\" name=\"frm_hide_fields_2\" id=\"frm_hide_fields_2\" value=\"\" \/>\n<input type=\"hidden\" name=\"form_key\" value=\"mytableconfigurator\" \/>\n<input type=\"hidden\" name=\"item_meta[0]\" value=\"\" \/>\n<input type=\"hidden\" id=\"frm_submit_entry_2\" name=\"frm_submit_entry_2\" value=\"2954df885b\" \/><input type=\"hidden\" name=\"_wp_http_referer\" value=\"\/ja\/wp-json\/wp\/v2\/pages\/2326\" \/><div id=\"frm_field_14_container\" class=\"frm_form_field  frm6 frm_first frm_html_container form-field\">Geben Sie die L\u00e4nge, Breite und H\u00f6he f\u00fcr Ihren Wunschtisch\u00a0ein:<\/div>\n<div id=\"frm_field_13_container\" class=\"frm_form_field  frm6 frm_html_container form-field\">Individuelle Zeichnungen und St\u00fccklisten f\u00fcr Ihren Tisch anfragen:<\/div>\n<div id=\"frm_field_20_container\" class=\"frm_form_field form-field  frm_required_field frm_top_container frm6 frm_first\">\r\n    <label for=\"field_v9kdp\" id=\"field_v9kdp_label\" class=\"frm_primary_label\">L\u00e4nge der Tischplatte [mm]:\r\n        <span class=\"frm_required\" aria-hidden=\"true\">*<\/span>\r\n    <\/label>\r\n    <input type=\"number\" id=\"field_v9kdp\" name=\"item_meta[20]\" value=\"1200\"  data-frmval=\"1200\" data-reqmsg=\"Dieses Feld darf nicht leer sein.\" aria-required=\"true\" data-invmsg=\"Zahl ist ung\u00fcltig\" aria-invalid=\"false\"   aria-describedby=\"frm_desc_field_v9kdp\" min=\"550\" max=\"2200\" step=\"any\"\/>\r\n    <div class=\"frm_description\" id=\"frm_desc_field_v9kdp\">Die L\u00e4nge sollte zwischen 550 und 2200 mm liegen.<\/div>\r\n    \r\n<\/div>\n<div id=\"frm_field_17_container\" class=\"frm_form_field form-field  frm_required_field frm_top_container frm6\">\r\n    <label for=\"field_56uop\" id=\"field_56uop_label\" class=\"frm_primary_label\">E-Mail:\r\n        <span class=\"frm_required\" aria-hidden=\"true\">*<\/span>\r\n    <\/label>\r\n    <input type=\"email\" id=\"field_56uop\" name=\"item_meta[17]\" value=\"\"  data-reqmsg=\"Dieses Feld darf nicht leer sein.\" aria-required=\"true\" data-invmsg=\"E-Mail ist ung\u00fcltig\" aria-invalid=\"false\"  \/>\r\n    \r\n    \r\n<\/div>\n<div id=\"frm_field_19_container\" class=\"frm_form_field form-field  frm_required_field frm_top_container frm6 frm_first\">\r\n    <label for=\"field_8bbuy\" id=\"field_8bbuy_label\" class=\"frm_primary_label\">Breite der Tischplatte [mm]:\r\n        <span class=\"frm_required\" aria-hidden=\"true\">*<\/span>\r\n    <\/label>\r\n    <input type=\"number\" id=\"field_8bbuy\" name=\"item_meta[19]\" value=\"800\"  data-frmval=\"800\" data-reqmsg=\"Dieses Feld darf nicht leer sein.\" aria-required=\"true\" data-invmsg=\"Zahl ist ung\u00fcltig\" aria-invalid=\"false\"   aria-describedby=\"frm_desc_field_8bbuy\" min=\"550\" max=\"2200\" step=\"any\"\/>\r\n    <div class=\"frm_description\" id=\"frm_desc_field_8bbuy\">Die Breite sollte zwischen 550 und 2200 mm liegen.<\/div>\r\n    \r\n<\/div>\n<div id=\"frm_field_18_container\" class=\"frm_form_field form-field  frm_top_container frm6\">\r\n    <label for=\"field_533i6\" id=\"field_533i6_label\" class=\"frm_primary_label\">Fragen und Anregungen?\r\n        <span class=\"frm_required\" aria-hidden=\"true\"><\/span>\r\n    <\/label>\r\n    <input type=\"text\" id=\"field_533i6\" name=\"item_meta[18]\" value=\"\"  data-invmsg=\"Text ist ung\u00fcltig\" aria-invalid=\"false\"  \/>\r\n    \r\n    \r\n<\/div>\n<div id=\"frm_field_21_container\" class=\"frm_form_field form-field  frm_required_field frm_top_container frm6 frm_first\">\r\n    <label for=\"field_cz946\" id=\"field_cz946_label\" class=\"frm_primary_label\">Gesamth\u00f6he der Tischplatte [mm]:\r\n        <span class=\"frm_required\" aria-hidden=\"true\">*<\/span>\r\n    <\/label>\r\n    <input type=\"number\" id=\"field_cz946\" name=\"item_meta[21]\" value=\"750\"  data-frmval=\"750\" data-reqmsg=\"Dieses Feld darf nicht leer sein.\" aria-required=\"true\" data-invmsg=\"Zahl ist ung\u00fcltig\" aria-invalid=\"false\"   aria-describedby=\"frm_desc_field_cz946\" min=\"300\" max=\"1500\" step=\"any\"\/>\r\n    <div class=\"frm_description\" id=\"frm_desc_field_cz946\">Die H\u00f6he sollte zwischen 300 und 1500 mm liegen.<\/div>\r\n    \r\n<\/div>\n<div id=\"frm_field_10_container\" class=\"frm_form_field form-field  frm_required_field frm_top_container frm6 vertical_radio\">\r\n    <div  id=\"field_fkn5o_label\" class=\"frm_primary_label\">Datenschutzerkl\u00e4rung\r\n        <span class=\"frm_required\" aria-hidden=\"true\">*<\/span>\r\n    <\/div>\r\n    <div class=\"frm_opt_container\" aria-labelledby=\"field_fkn5o_label\" role=\"group\">\t\t<div class=\"frm_checkbox\" id=\"frm_checkbox_10-0\">\t\t\t<label  for=\"field_fkn5o-0\">\n\t\t\t<input type=\"checkbox\" name=\"item_meta[10][]\" id=\"field_fkn5o-0\" value=\"Ich habe die &lt;a href=&quot;https:\/\/kuhn-solutions.de\/datenschutzerklaerung\/&quot;&gt;Datenschutzerkl\u00e4rung&lt;\/a&gt; zur Kenntnis genommen und akzeptiert. Ich stimme zu, dass meine Formularangaben zur Kontaktaufnahme bzw. zur Bearbeitung meines Anliegens gespeichert werden.\"  data-reqmsg=\"Dieses Feld darf nicht leer sein.\" data-invmsg=\"Datenschutzerkl\u00e4rung \u306f\u7121\u52b9\u3067\u3059\"   aria-required=\"true\"  \/> Ich habe die <a href=\"https:\/\/kuhn-solutions.de\/datenschutzerklaerung\/\">Datenschutzerkl\u00e4rung<\/a> zur Kenntnis genommen und akzeptiert. Ich stimme zu, dass meine Formularangaben zur Kontaktaufnahme bzw. zur Bearbeitung meines Anliegens gespeichert werden.<\/label><\/div>\n<\/div>\r\n    \r\n    \r\n<\/div>\n<div id=\"frm_field_9_container\" class=\"frm_form_field form-field  frm_none_container frm12 frm_first\">\r\n    <label for=\"g-recaptcha-response\" id=\"field_ezfit_label\" class=\"frm_primary_label\">reCAPTCHA\r\n        <span class=\"frm_required\" aria-hidden=\"true\"><\/span>\r\n    <\/label>\r\n    <div  id=\"field_ezfit\" class=\"frm-g-recaptcha\" data-sitekey=\"6LdlC18fAAAAAKPjTs9Ao-BBtgUeL4jEBJqw8_gX\" data-size=\"normal\" data-theme=\"light\"><\/div>\r\n    \r\n    \r\n<\/div>\n\t<input type=\"hidden\" name=\"item_key\" value=\"\" \/>\n\t\t\t<div id=\"frm_field_41_container\">\n\t\t\t<label for=\"field_zv9tg\" >\n\t\t\t\t\u3042\u306a\u305f\u304c\u4eba\u9593\u306e\u5834\u5408\u3001\u3053\u306e\u30d5\u30a3\u30fc\u30eb\u30c9\u306f\u7a7a\u767d\u306e\u307e\u307e\u306b\u3057\u3066\u304f\u3060\u3055\u3044\u3002\t\t\t<\/label>\n\t\t\t<input  id=\"field_zv9tg\" type=\"text\" class=\"frm_form_field form-field frm_verify\" name=\"item_meta[41]\" value=\"\"  \/>\n\t\t<\/div>\n\t\t<input name=\"frm_state\" type=\"hidden\" value=\"gb4u2777Mvk6sybTfQx+eoCQJ4f+yGEbNd3pLpQejG0=\" \/><div class=\"frm_submit\">\r\n\r\n<button id=\"btn_submit\" class=\"frm_button_submit\" type=\"submit\"  >Daten erzeugen und zusenden<\/button>\r\n\r\n<\/div><\/div>\n<\/fieldset>\n<\/div>\n\n<\/form>\n<\/div>\n\n\n\t\t<\/div>\n\t<\/div>\n<\/div><\/div><\/div><\/div><div class=\"vc_row wpb_row vc_row-fluid\"><div class=\"wpb_column vc_column_container vc_col-sm-12\"><div class=\"vc_column-inner\"><div class=\"wpb_wrapper\"><h1 class='heading-middle  style-1' ><span>Automatisch generierte Zeichnungen!<em class=\"heading-subtitle\">Im Folgenden ein Beispiel f\u00fcr individuell generierte Zeichnungen im PDF-Format.<\/em><\/span><\/h1><\/div><\/div><\/div><\/div><div class=\"vc_row wpb_row vc_row-fluid\"><div class=\"wpb_column vc_column_container vc_col-sm-12\"><div class=\"vc_column-inner\"><div class=\"wpb_wrapper\">\n\t<div class=\"wpb_text_column wpb_content_element\" >\n\t\t<div class=\"wpb_wrapper\">\n\t\t\t<p><code><\/code><\/p>\n\n\t\t<\/div>\n\t<\/div>\n<\/div><\/div><\/div><\/div>\n<\/div>","protected":false},"excerpt":{"rendered":"MyTable KonfiguratorLassen Sie sich automatisch Zeichnungen und St\u00fccklisten f\u00fcr Ihren ma\u00dfgeschneiderten Tisch erzeugen. \ufeff\ufeff MyTable Configurator Geben Sie die L\u00e4nge, Breite und H\u00f6he f\u00fcr Ihren Wunschtisch\u00a0ein: Individuelle Zeichnungen und St\u00fccklisten f\u00fcr Ihren Tisch anfragen: L\u00e4nge der Tischplatte [mm]: * Die...","protected":false},"author":1,"featured_media":0,"parent":0,"menu_order":0,"comment_status":"closed","ping_status":"closed","template":"","meta":{"wp_typography_post_enhancements_disabled":false,"footnotes":""},"class_list":["post-2326","page","type-page","status-publish","hentry"],"_links":{"self":[{"href":"https:\/\/kuhn-solutions.de\/ja\/wp-json\/wp\/v2\/pages\/2326","targetHints":{"allow":["GET"]}}],"collection":[{"href":"https:\/\/kuhn-solutions.de\/ja\/wp-json\/wp\/v2\/pages"}],"about":[{"href":"https:\/\/kuhn-solutions.de\/ja\/wp-json\/wp\/v2\/types\/page"}],"author":[{"embeddable":true,"href":"https:\/\/kuhn-solutions.de\/ja\/wp-json\/wp\/v2\/users\/1"}],"replies":[{"embeddable":true,"href":"https:\/\/kuhn-solutions.de\/ja\/wp-json\/wp\/v2\/comments?post=2326"}],"version-history":[{"count":52,"href":"https:\/\/kuhn-solutions.de\/ja\/wp-json\/wp\/v2\/pages\/2326\/revisions"}],"predecessor-version":[{"id":2657,"href":"https:\/\/kuhn-solutions.de\/ja\/wp-json\/wp\/v2\/pages\/2326\/revisions\/2657"}],"wp:attachment":[{"href":"https:\/\/kuhn-solutions.de\/ja\/wp-json\/wp\/v2\/media?parent=2326"}],"curies":[{"name":"wp","href":"https:\/\/api.w.org\/{rel}","templated":true}]}}