{"id":1290,"date":"2018-09-19T21:28:48","date_gmt":"2018-09-19T19:28:48","guid":{"rendered":"https:\/\/kuhneng.de\/?page_id=1290"},"modified":"2018-09-25T18:38:22","modified_gmt":"2018-09-25T16:38:22","slug":"medien-zum-download","status":"publish","type":"page","link":"https:\/\/kuhn-solutions.de\/ja\/medien-zum-download\/","title":{"rendered":"\u30c0\u30a6\u30f3\u30ed\u30fc\u30c9\u7528\u30e1\u30c7\u30a3\u30a2"},"content":{"rendered":"<div class=\"wpb-content-wrapper\"><div class=\"vc_row wpb_row vc_row-fluid\"><div class=\"wpb_column vc_column_container vc_col-sm-12\"><div class=\"vc_column-inner\"><div class=\"wpb_wrapper\">\n\t<div class=\"wpb_text_column wpb_content_element\" >\n\t\t<div class=\"wpb_wrapper\">\n\t\t\t<h2>Inhalte des Medienbereichs<\/h2>\n<p class=\"nomb\">Hier finden Sie Digital- und Printmedien der KUHN SOLUTIONS in unterschiedlichen Formaten.<br \/>\nWenn Sie weitere Grafiken w\u00fcnschen, kontaktieren Sie uns, wir helfen gerne weiter.<\/p>\n<p>Zum Download der Medien:<\/p>\n<ol>\n<li>Rechtsklick auf die gew\u00fcnschte Grafik,<\/li>\n<li>Linksklick auf <strong><em>Bild speichern unter&#8230;<\/em><\/strong><\/li>\n<\/ol>\n\n\t\t<\/div>\n\t<\/div>\n<div class=\"vc_empty_space\"   style=\"height: 32px\"><span class=\"vc_empty_space_inner\"><\/span><\/div><div class=\"vc_tta-container\" data-vc-action=\"collapse\"><div class=\"vc_general vc_tta vc_tta-tabs vc_tta-color-grey vc_tta-style-anps_tabs vc_tta-shape-rounded vc_tta-spacing-1 vc_tta-tabs-position-top vc_tta-controls-align-left\"><div class=\"vc_tta-tabs-container col-sm-3 vertical\"><ul class=\"vc_tta-tabs-list\" role=\"tablist\"><li class=\"vc_tta-tab vc_active\" data-vc-tab role=\"presentation\"><a href=\"#1537858132248-e1aaf056-e424\" data-vc-tabs data-vc-container=\".vc_tta\" role=\"tab\" id=\"tab-1537858132248-e1aaf056-e424\"><span class=\"vc_tta-title-text\">Flyer - Leistungs\u00fcbersicht<\/span><\/a><\/li><li class=\"vc_tta-tab\" data-vc-tab role=\"presentation\"><a href=\"#1537448158009-cb07a03e-d681\" data-vc-tabs data-vc-container=\".vc_tta\" role=\"tab\" id=\"tab-1537448158009-cb07a03e-d681\"><span class=\"vc_tta-title-text\">Logo mit Schriftzug, PNG<\/span><\/a><\/li><li class=\"vc_tta-tab\" data-vc-tab role=\"presentation\"><a href=\"#1537449415812-531a5547-52b7\" data-vc-tabs data-vc-container=\".vc_tta\" role=\"tab\" id=\"tab-1537449415812-531a5547-52b7\"><span class=\"vc_tta-title-text\">Logo mit Schriftzug, JPG<\/span><\/a><\/li><li class=\"vc_tta-tab\" data-vc-tab role=\"presentation\"><a href=\"#1537448158050-d8701326-7ff3\" data-vc-tabs data-vc-container=\".vc_tta\" role=\"tab\" id=\"tab-1537448158050-d8701326-7ff3\"><span class=\"vc_tta-title-text\">Logo ohne Schriftzug, PNG<\/span><\/a><\/li><li class=\"vc_tta-tab\" data-vc-tab role=\"presentation\"><a href=\"#1537448956784-4a7a600d-ce02\" data-vc-tabs data-vc-container=\".vc_tta\" role=\"tab\" id=\"tab-1537448956784-4a7a600d-ce02\"><span class=\"vc_tta-title-text\">Logo ohne Schriftzug, JPG<\/span><\/a><\/li><li class=\"vc_tta-tab\" data-vc-tab role=\"presentation\"><a href=\"#1537449250664-7a1a3550-9b04\" data-vc-tabs data-vc-container=\".vc_tta\" role=\"tab\" id=\"tab-1537449250664-7a1a3550-9b04\"><span class=\"vc_tta-title-text\">Logo ohne Schriftzug, PNG, wei\u00df<\/span><\/a><\/li><li class=\"vc_tta-tab\" data-vc-tab role=\"presentation\"><a href=\"#1537449786008-97f66237-a486\" data-vc-tabs data-vc-container=\".vc_tta\" role=\"tab\" id=\"tab-1537449786008-97f66237-a486\"><span class=\"vc_tta-title-text\">Logo, Schriftart und Farbwerte<\/span><\/a><\/li><\/ul><\/div><div class=\"vc_tta-panels-container col-sm-9\"><div class=\"vc_tta-panels\"><div class=\"vc_tta-panel vc_active\" id=\"1537858132248-e1aaf056-e424\" data-vc-content=\".vc_tta-panel-body\"><div class=\"vc_tta-panel-heading\"><h4 class=\"vc_tta-panel-title\"><a href=\"#1537858132248-e1aaf056-e424\" data-vc-accordion data-vc-container=\".vc_tta-container\"><span class=\"vc_tta-title-text\">Flyer - Leistungs\u00fcbersicht<\/span><\/a><\/h4><\/div><div class=\"vc_tta-panel-body\">\n\t<div class=\"wpb_text_column wpb_content_element\">\n\t\t<div class=\"wpb_wrapper\">\n\t\t\t<p><a href=\"https:\/\/kuhn-solutions.de\/wp-content\/uploads\/Medien\/Leistungs%C3%BCbersicht-KUHN-ENGINEERING.pdf\" target=\"_blank\" rel=\"noopener\"><img loading=\"lazy\" decoding=\"async\" class=\"alignnone wp-image-1357 size-full\" src=\"https:\/\/kuhn-solutions.de\/wp-content\/uploads\/2018\/09\/01_KE_front_106x150.png\" alt=\"Leistungs\u00fcbersicht_Vorschaubild_106x150\" width=\"106\" height=\"150\" \/><\/a><\/p>\n<p><a href=\"https:\/\/kuhn-solutions.de\/wp-content\/uploads\/Medien\/Leistungs%C3%BCbersicht-KUHN-ENGINEERING.pdf\" target=\"_blank\" rel=\"noopener\">Leistungs\u00fcbersicht<\/a><\/p>\n\n\t\t<\/div>\n\t<\/div>\n<\/div><\/div><div class=\"vc_tta-panel\" id=\"1537448158009-cb07a03e-d681\" data-vc-content=\".vc_tta-panel-body\"><div class=\"vc_tta-panel-heading\"><h4 class=\"vc_tta-panel-title\"><a href=\"#1537448158009-cb07a03e-d681\" data-vc-accordion data-vc-container=\".vc_tta-container\"><span class=\"vc_tta-title-text\">Logo mit Schriftzug, PNG<\/span><\/a><\/h4><\/div><div class=\"vc_tta-panel-body\">\n\t<div class=\"wpb_single_image wpb_content_element vc_align_left wpb_content_element\">\n\t\t\n\t\t<figure class=\"wpb_wrapper vc_figure\">\n\t\t\t<a class=\"\" data-lightbox=\"lightbox[rel-1290-532533454]\" href=\"https:\/\/kuhn-solutions.de\/wp-content\/uploads\/2018\/08\/Logo-Schriftzug-KE-438x80.png\" target=\"_self\"><img loading=\"lazy\" decoding=\"async\" width=\"300\" height=\"55\" src=\"https:\/\/kuhn-solutions.de\/wp-content\/uploads\/2018\/08\/Logo-Schriftzug-KE-438x80-300x55.png\" class=\"vc_single_image-img attachment-medium\" alt=\"KUHN SOLUTIONS - Logo mit Schriftzug, Dateityp: PNG, Abmessungen: 438 \u00d7 80, Dateigr\u00f6\u00dfe: 6 KB, Hintergrund: transparent\" title=\"KUHN SOLUTIONS - Logo mit Schriftzug, Dateityp: PNG, Abmessungen: 438 \u00d7 80, Dateigr\u00f6\u00dfe: 6 KB, Hintergrund: transparent\" \/><\/a>\n\t\t<\/figure>\n\t<\/div>\n\n\t<div class=\"wpb_text_column wpb_content_element\">\n\t\t<div class=\"wpb_wrapper\">\n\t\t\t<p>Dateityp: PNG<br \/>\nAbmessungen: 438 \u00d7 80 px<br \/>\nDateigr\u00f6\u00dfe: 6 KB<br \/>\nHintergrund: transparent<\/p>\n\n\t\t<\/div>\n\t<\/div>\n<\/div><\/div><div class=\"vc_tta-panel\" id=\"1537449415812-531a5547-52b7\" data-vc-content=\".vc_tta-panel-body\"><div class=\"vc_tta-panel-heading\"><h4 class=\"vc_tta-panel-title\"><a href=\"#1537449415812-531a5547-52b7\" data-vc-accordion data-vc-container=\".vc_tta-container\"><span class=\"vc_tta-title-text\">Logo mit Schriftzug, JPG<\/span><\/a><\/h4><\/div><div class=\"vc_tta-panel-body\">\n\t<div class=\"wpb_single_image wpb_content_element vc_align_left wpb_content_element\">\n\t\t\n\t\t<figure class=\"wpb_wrapper vc_figure\">\n\t\t\t<a class=\"\" data-lightbox=\"lightbox[rel-1290-650773220]\" href=\"https:\/\/kuhn-solutions.de\/wp-content\/uploads\/2018\/09\/Logo-Schriftzug-KE-438x80.jpg\" target=\"_self\"><img loading=\"lazy\" decoding=\"async\" width=\"300\" height=\"55\" src=\"https:\/\/kuhn-solutions.de\/wp-content\/uploads\/2018\/09\/Logo-Schriftzug-KE-438x80-300x55.jpg\" class=\"vc_single_image-img attachment-medium\" alt=\"KUHN SOLUTIONS - Logo mit Schriftzug, Dateityp: JPG, Abmessungen: 438 \u00d7 80, Dateigr\u00f6\u00dfe: 13 KB, Hintergrund: wei\u00df\" title=\"KUHN SOLUTIONS - Logo mit Schriftzug, Dateityp: JPG, Abmessungen: 438 \u00d7 80, Dateigr\u00f6\u00dfe: 13 KB, Hintergrund: wei\u00df\" \/><\/a>\n\t\t<\/figure>\n\t<\/div>\n\n\t<div class=\"wpb_text_column wpb_content_element\">\n\t\t<div class=\"wpb_wrapper\">\n\t\t\t<p>Dateityp: JPG<br \/>\nAbmessungen: 438 \u00d7 80 px<br \/>\nDateigr\u00f6\u00dfe: 13 KB<br \/>\nHintergrund: wei\u00df<\/p>\n\n\t\t<\/div>\n\t<\/div>\n<\/div><\/div><div class=\"vc_tta-panel\" id=\"1537448158050-d8701326-7ff3\" data-vc-content=\".vc_tta-panel-body\"><div class=\"vc_tta-panel-heading\"><h4 class=\"vc_tta-panel-title\"><a href=\"#1537448158050-d8701326-7ff3\" data-vc-accordion data-vc-container=\".vc_tta-container\"><span class=\"vc_tta-title-text\">Logo ohne Schriftzug, PNG<\/span><\/a><\/h4><\/div><div class=\"vc_tta-panel-body\">\n\t<div class=\"wpb_single_image wpb_content_element vc_align_left wpb_content_element\">\n\t\t\n\t\t<figure class=\"wpb_wrapper vc_figure\">\n\t\t\t<a class=\"\" data-lightbox=\"lightbox[rel-1290-2254507396]\" href=\"https:\/\/kuhn-solutions.de\/wp-content\/uploads\/2018\/08\/Logo-KE-512x512.png\" target=\"_self\"><img loading=\"lazy\" decoding=\"async\" width=\"300\" height=\"300\" src=\"https:\/\/kuhn-solutions.de\/wp-content\/uploads\/2018\/08\/Logo-KE-512x512-300x300.png\" class=\"vc_single_image-img attachment-medium\" alt=\"KUHN SOLUTIONS - Logo ohne Schriftzug, Dateityp: PNG, Abmessungen: 512 \u00d7 512, Dateigr\u00f6\u00dfe: 19 KB, Hintergrund: transparent\" title=\"KUHN SOLUTIONS - Logo ohne Schriftzug, Dateityp: PNG, Abmessungen: 512 \u00d7 512, Dateigr\u00f6\u00dfe: 19 KB, Hintergrund: transparent\" \/><\/a>\n\t\t<\/figure>\n\t<\/div>\n\n\t<div class=\"wpb_text_column wpb_content_element\">\n\t\t<div class=\"wpb_wrapper\">\n\t\t\t<p>Dateityp: PNG<br \/>\nAbmessungen: 512 \u00d7 512 px<br \/>\nDateigr\u00f6\u00dfe: 19 KB<br \/>\nHintergrund: transparent<\/p>\n\n\t\t<\/div>\n\t<\/div>\n<\/div><\/div><div class=\"vc_tta-panel\" id=\"1537448956784-4a7a600d-ce02\" data-vc-content=\".vc_tta-panel-body\"><div class=\"vc_tta-panel-heading\"><h4 class=\"vc_tta-panel-title\"><a href=\"#1537448956784-4a7a600d-ce02\" data-vc-accordion data-vc-container=\".vc_tta-container\"><span class=\"vc_tta-title-text\">Logo ohne Schriftzug, JPG<\/span><\/a><\/h4><\/div><div class=\"vc_tta-panel-body\">\n\t<div class=\"wpb_single_image wpb_content_element vc_align_left wpb_content_element\">\n\t\t\n\t\t<figure class=\"wpb_wrapper vc_figure\">\n\t\t\t<a class=\"\" data-lightbox=\"lightbox[rel-1290-3033134629]\" href=\"https:\/\/kuhn-solutions.de\/wp-content\/uploads\/2018\/09\/Logo-KE-512x512.jpg\" target=\"_self\"><img loading=\"lazy\" decoding=\"async\" width=\"300\" height=\"300\" src=\"https:\/\/kuhn-solutions.de\/wp-content\/uploads\/2018\/09\/Logo-KE-512x512-300x300.jpg\" class=\"vc_single_image-img attachment-medium\" alt=\"KUHN SOLUTIONS - Logo ohne Schriftzug, Dateityp: JPG, Abmessungen: 512 \u00d7 512, Dateigr\u00f6\u00dfe: 35 KB, Hintergrund: transparent\" title=\"KUHN SOLUTIONS - Logo ohne Schriftzug, Dateityp: JPG, Abmessungen: 512 \u00d7 512, Dateigr\u00f6\u00dfe: 35 KB, Hintergrund: transparent\" \/><\/a>\n\t\t<\/figure>\n\t<\/div>\n\n\t<div class=\"wpb_text_column wpb_content_element\">\n\t\t<div class=\"wpb_wrapper\">\n\t\t\t<p>Dateityp: JPG<br \/>\nAbmessungen: 512 \u00d7 512 px<br \/>\nDateigr\u00f6\u00dfe: 35 KB<br \/>\nHintergrund: wei\u00df<\/p>\n\n\t\t<\/div>\n\t<\/div>\n<\/div><\/div><div class=\"vc_tta-panel\" id=\"1537449250664-7a1a3550-9b04\" data-vc-content=\".vc_tta-panel-body\"><div class=\"vc_tta-panel-heading\"><h4 class=\"vc_tta-panel-title\"><a href=\"#1537449250664-7a1a3550-9b04\" data-vc-accordion data-vc-container=\".vc_tta-container\"><span class=\"vc_tta-title-text\">Logo ohne Schriftzug, PNG, wei\u00df<\/span><\/a><\/h4><\/div><div class=\"vc_tta-panel-body\">\n\t<div class=\"wpb_single_image wpb_content_element vc_align_left wpb_content_element vc_custom_1537449381345\">\n\t\t\n\t\t<figure class=\"wpb_wrapper vc_figure\">\n\t\t\t<a class=\"\" data-lightbox=\"lightbox[rel-1290-3194449989]\" href=\"https:\/\/kuhn-solutions.de\/wp-content\/uploads\/2018\/09\/Logo-KE-512x512-wei\u00df.png\" target=\"_self\"><img loading=\"lazy\" decoding=\"async\" width=\"300\" height=\"300\" src=\"https:\/\/kuhn-solutions.de\/wp-content\/uploads\/2018\/09\/Logo-KE-512x512-wei\u00df-300x300.png\" class=\"vc_single_image-img attachment-medium\" alt=\"KUHN SOLUTIONS - Logo ohne Schriftzug, Dateityp: PNG, Abmessungen: 512 \u00d7 512, Dateigr\u00f6\u00dfe: 23 KB, Hintergrund: transparent, Farbe: wei\u00df\" title=\"KUHN SOLUTIONS - Logo ohne Schriftzug, Dateityp: PNG, Abmessungen: 512 \u00d7 512, Dateigr\u00f6\u00dfe: 23 KB, Hintergrund: transparent, Farbe: wei\u00df\" \/><\/a>\n\t\t<\/figure>\n\t<\/div>\n\n\t<div class=\"wpb_text_column wpb_content_element\">\n\t\t<div class=\"wpb_wrapper\">\n\t\t\t<p>Dateityp: PNG<br \/>\nAbmessungen: 512 \u00d7 512 px<br \/>\nDateigr\u00f6\u00dfe: 23 KB<br \/>\nHintergrund: wei\u00df<br \/>\nFarbe: wei\u00df (f\u00fcr dunklen Hintergrund)<\/p>\n\n\t\t<\/div>\n\t<\/div>\n<\/div><\/div><div class=\"vc_tta-panel\" id=\"1537449786008-97f66237-a486\" data-vc-content=\".vc_tta-panel-body\"><div class=\"vc_tta-panel-heading\"><h4 class=\"vc_tta-panel-title\"><a href=\"#1537449786008-97f66237-a486\" data-vc-accordion data-vc-container=\".vc_tta-container\"><span class=\"vc_tta-title-text\">Logo, Schriftart und Farbwerte<\/span><\/a><\/h4><\/div><div class=\"vc_tta-panel-body\">\n\t<div class=\"wpb_text_column wpb_content_element\">\n\t\t<div class=\"wpb_wrapper\">\n\t\t\t<h2>Schriftart des Schriftzuges:<\/h2>\n<p>LibreFranklin-ExtraBold<\/p>\n<p>&nbsp;<\/p>\n<h2>Farbwerte Orange:<\/h2>\n<p>R: 213<br \/>\nG: 73<br \/>\nB: 0<\/p>\n<p>RGBA: d54900ff<\/p>\n<p>Web: #d54900<\/p>\n\n\t\t<\/div>\n\t<\/div>\n<\/div><\/div><\/div><\/div><\/div><\/div><\/div><\/div><\/div><\/div>\n<\/div>","protected":false},"excerpt":{"rendered":"\u30e1\u30c7\u30a3\u30a2\u30a8\u30ea\u30a2\u306e\u30b3\u30f3\u30c6\u30f3\u30c4 \u3053\u3053\u3067\u306f\u3001KUHN SOLUTIONS\u306e\u30c7\u30b8\u30bf\u30eb\u30e1\u30c7\u30a3\u30a2\u3068\u5370\u5237\u7269\u3092\u69d8\u3005\u306a\u30d5\u30a9\u30fc\u30de\u30c3\u30c8\u3067\u3054\u89a7\u3044\u305f\u3060\u3051\u307e\u3059\u3002\u3088\u308a\u8a73\u7d30\u306a\u753b\u50cf\u3092\u3054\u5e0c\u671b\u306e\u5834\u5408\u306f\u3001\u5f0a\u793e\u307e\u3067\u3054\u9023\u7d61\u304f\u3060\u3055\u3044\u3002\u30e1\u30c7\u30a3\u30a2\u3092\u30c0\u30a6\u30f3\u30ed\u30fc\u30c9\u3059\u308b\u306b\u306f\uff1a\u76ee\u7684\u306e\u30b0\u30e9\u30d5\u30a3\u30c3\u30af\u3092\u53f3\u30af\u30ea\u30c3\u30af\u3057\u3001\u5de6\u30af\u30ea\u30c3\u30af\u3067\u753b\u50cf\u3092\u4fdd\u5b58\u2026","protected":false},"author":1,"featured_media":0,"parent":0,"menu_order":0,"comment_status":"open","ping_status":"open","template":"","meta":{"wp_typography_post_enhancements_disabled":false,"footnotes":""},"class_list":["post-1290","page","type-page","status-publish","hentry"],"_links":{"self":[{"href":"https:\/\/kuhn-solutions.de\/ja\/wp-json\/wp\/v2\/pages\/1290","targetHints":{"allow":["GET"]}}],"collection":[{"href":"https:\/\/kuhn-solutions.de\/ja\/wp-json\/wp\/v2\/pages"}],"about":[{"href":"https:\/\/kuhn-solutions.de\/ja\/wp-json\/wp\/v2\/types\/page"}],"author":[{"embeddable":true,"href":"https:\/\/kuhn-solutions.de\/ja\/wp-json\/wp\/v2\/users\/1"}],"replies":[{"embeddable":true,"href":"https:\/\/kuhn-solutions.de\/ja\/wp-json\/wp\/v2\/comments?post=1290"}],"version-history":[{"count":48,"href":"https:\/\/kuhn-solutions.de\/ja\/wp-json\/wp\/v2\/pages\/1290\/revisions"}],"predecessor-version":[{"id":1366,"href":"https:\/\/kuhn-solutions.de\/ja\/wp-json\/wp\/v2\/pages\/1290\/revisions\/1366"}],"wp:attachment":[{"href":"https:\/\/kuhn-solutions.de\/ja\/wp-json\/wp\/v2\/media?parent=1290"}],"curies":[{"name":"wp","href":"https:\/\/api.w.org\/{rel}","templated":true}]}}