{"id":2515,"date":"2022-05-04T09:49:22","date_gmt":"2022-05-04T07:49:22","guid":{"rendered":"https:\/\/kuhn-solutions.de\/?page_id=2515"},"modified":"2024-10-30T14:34:47","modified_gmt":"2024-10-30T13:34:47","slug":"produktkonfiguratoren","status":"publish","type":"page","link":"https:\/\/kuhn-solutions.de\/fr\/produktkonfiguratoren\/","title":{"rendered":"Nos con\u00adfi\u00adgu\u00adra\u00adteurs de produits"},"content":{"rendered":"<div class=\"wpb-content-wrapper\"><div class=\"vc_row wpb_row vc_row-fluid\"><div class=\"wpb_column vc_column_container vc_col-sm-12\"><div class=\"vc_column-inner\"><div class=\"wpb_wrapper\"><h3 class=\"heading-left  style-1\"><span>Cr\u00e9ez vos produits individuels gr\u00e2ce \u00e0 notre configurateur de produits<\/span><\/h3><\/div><\/div><\/div><div class=\"wpb_column vc_column_container vc_col-sm-4\"><div class=\"vc_column-inner\"><div class=\"wpb_wrapper\"><div class=\"vc_row wpb_row vc_inner vc_row-fluid vc_custom_1436373637236\"><div class=\"wpb_column vc_column_container vc_col-sm-12\"><div class=\"vc_column-inner\"><div class=\"wpb_wrapper\"><div class=\"vc_empty_space\" style=\"height: 60px\"><span class=\"vc_empty_space_inner\"><\/span><\/div>\n\t<div class=\"wpb_single_image wpb_content_element vc_align_left wpb_content_element\">\n\t\t\n\t\t<figure class=\"wpb_wrapper vc_figure\">\n\t\t\t<a href=\"https:\/\/kuhn-solutions.de\/en\/mytable-configurator\/\" target=\"_blank\" class=\"vc_single_image-wrapper vc_box_shadow  vc_box_border_grey\"><img loading=\"lazy\" decoding=\"async\" width=\"360\" height=\"240\" src=\"https:\/\/kuhn-solutions.de\/wp-content\/uploads\/2022\/05\/My-Table-Sun-Flower.445.png\" class=\"vc_single_image-img attachment-full\" alt title srcset=\"https:\/\/kuhn-solutions.de\/wp-content\/uploads\/2022\/05\/My-Table-Sun-Flower.445.png 360w, https:\/\/kuhn-solutions.de\/wp-content\/uploads\/2022\/05\/My-Table-Sun-Flower.445-300x200.png 300w, https:\/\/kuhn-solutions.de\/wp-content\/uploads\/2022\/05\/My-Table-Sun-Flower.445-18x12.png 18w\" sizes=\"auto, (max-width: 360px) 100vw, 360px\"><\/a>\n\t\t<\/figure>\n\t<\/div>\n<h5 class=\"heading-left  style-1\"><span>Configurateur MyTable<\/span><\/h5>\n\t<div class=\"wpb_text_column wpb_content_element\">\n\t\t<div class=\"wpb_wrapper\">\n\t\t\t<p>Cr\u00e9ez vot\u00adre <span data-teams=\"true\"><span class=\"ui-provider a b c d e f g h i j k l m n o p q r s t u v w x y z ab ac ae af ag ah ai aj ak\" dir=\"ltr\">pro\u00adpre <\/span><\/span><span data-teams=\"true\"><span class=\"ui-provider a b c d e f g h i j k l m n o p q r s t u v w x y z ab ac ae af ag ah ai aj ak\" dir=\"ltr\">Table<\/span><\/span><\/p>\n\n\t\t<\/div>\n\t<\/div>\n<div class=\"vc_empty_space\" style=\"height: 20px\"><span class=\"vc_empty_space_inner\"><\/span><\/div>\n\t<div class=\"wpb_text_column wpb_content_element vc_custom_1730295254895\">\n\t\t<div class=\"wpb_wrapper\">\n\t\t\t<p>Avec le con\u00adfi\u00adgu\u00adra\u00adteur MyTa\u00adble, vous pou\u00advez faci\u00adle\u00adment cr\u00e9\u00ader vot\u00adre table indi\u00advi\u00addu\u00adel\u00adle. Une fois que vous avez cr\u00e9\u00e9 vot\u00adre <span data-teams=\"true\"><span class=\"ui-provider a b c d e f g h i j k l m n o p q r s t u v w x y z ab ac ae af ag ah ai aj ak\" dir=\"ltr\">Table <\/span><\/span>vous pou\u00advez r\u00e9cup\u00ad\u00e9\u00adrer les des\u00adsins et aut\u00adres fichiers n\u00e9ces\u00adsaires en un seul clic. \u00c0 l\u2019ai\u00adde de la <span data-teams=\"true\"><span class=\"ui-provider a b c d e f g h i j k l m n o p q r s t u v w x y z ab ac ae af ag ah ai aj ak\" dir=\"ltr\">Lis\u00adte de pi\u00e8\u00adces <\/span><\/span>dans le des\u00adsin, vous pou\u00advez ache\u00adter les pi\u00e8\u00adces n\u00e9ces\u00adsaires pour con\u00adstrui\u00adre la table vous-m\u00eame.<\/p>\n\n\t\t<\/div>\n\t<\/div>\n<div class=\"vc_btn3-container vc_btn3-center vc_custom_1652172615313 vc_do_btn\"><a class=\"vc_general vc_btn3 vc_btn3-size-lg vc_btn3-shape-rounded vc_btn3-style-modern vc_btn3-color-black\" href=\"https:\/\/kuhn-solutions.de\/fr\/mytable-configurator\/\" title=\"Configurateur MyTable\" target=\"_blank\">En savoir plus sur le con\u00adfi\u00adgu\u00adra\u00adteur MyTable&nbsp;\u2026<\/a><\/div><\/div><\/div><\/div><\/div><\/div><\/div><\/div><div class=\"wpb_column vc_column_container vc_col-sm-4\"><div class=\"vc_column-inner\"><div class=\"wpb_wrapper\"><div class=\"vc_row wpb_row vc_inner vc_row-fluid vc_custom_1436373637236\"><div class=\"wpb_column vc_column_container vc_col-sm-12\"><div class=\"vc_column-inner\"><div class=\"wpb_wrapper\"><div class=\"vc_empty_space\" style=\"height: 60px\"><span class=\"vc_empty_space_inner\"><\/span><\/div>\n\t<div class=\"wpb_single_image wpb_content_element vc_align_left wpb_content_element\">\n\t\t\n\t\t<figure class=\"wpb_wrapper vc_figure\">\n\t\t\t<a href=\"https:\/\/kuhn-solutions.de\/en\/myshelf-configurator\/\" target=\"_blank\" class=\"vc_single_image-wrapper vc_box_shadow  vc_box_border_grey\"><img loading=\"lazy\" decoding=\"async\" width=\"360\" height=\"240\" src=\"https:\/\/kuhn-solutions.de\/wp-content\/uploads\/2022\/05\/MyShelf-Jasmine.451.png\" class=\"vc_single_image-img attachment-full\" alt title srcset=\"https:\/\/kuhn-solutions.de\/wp-content\/uploads\/2022\/05\/MyShelf-Jasmine.451.png 360w, https:\/\/kuhn-solutions.de\/wp-content\/uploads\/2022\/05\/MyShelf-Jasmine.451-300x200.png 300w, https:\/\/kuhn-solutions.de\/wp-content\/uploads\/2022\/05\/MyShelf-Jasmine.451-18x12.png 18w\" sizes=\"auto, (max-width: 360px) 100vw, 360px\"><\/a>\n\t\t<\/figure>\n\t<\/div>\n<h5 class=\"heading-left  style-1\"><span>Configurateur MyShelf<\/span><\/h5>\n\t<div class=\"wpb_text_column wpb_content_element\">\n\t\t<div class=\"wpb_wrapper\">\n\t\t\t<p>Cr\u00e9ez vot\u00adre pro\u00adpre \u00e9tag\u00e8re<\/p>\n\n\t\t<\/div>\n\t<\/div>\n<div class=\"vc_empty_space  vc_custom_1519386271239\" style=\"height: 20px\"><span class=\"vc_empty_space_inner\"><\/span><\/div>\n\t<div class=\"wpb_text_column wpb_content_element vc_custom_1730295265159\">\n\t\t<div class=\"wpb_wrapper\">\n\t\t\t<p>Avec le con\u00adfi\u00adgu\u00adra\u00adteur MyS\u00adhelf, vous pou\u00advez faci\u00adle\u00adment cr\u00e9\u00ader vot\u00adre \u00e9ta\u00adg\u00e8\u00adre per\u00adson\u00adna\u00adli\u00ads\u00e9e. Une fois que vous avez per\u00adson\u00adna\u00adli\u00ads\u00e9 vot\u00adre \u00e9ta\u00adg\u00e8\u00adre, vous pou\u00advez r\u00e9cup\u00ad\u00e9\u00adrer les des\u00adsins et aut\u00adres fichiers n\u00e9ces\u00adsaires en un seul clic. \u00c0 l\u2019ai\u00adde de la <span data-teams=\"true\"><span class=\"ui-provider a b c d e f g h i j k l m n o p q r s t u v w x y z ab ac ae af ag ah ai aj ak\" dir=\"ltr\">Lis\u00adte de pi\u00e8\u00adces <\/span><\/span>dans le des\u00adsin, vous pou\u00advez ache\u00adter les pi\u00e8\u00adces n\u00e9ces\u00adsaires pour con\u00adstrui\u00adre vous-m\u00eame l\u2019\u00e9tag\u00e8re.<\/p>\n\n\t\t<\/div>\n\t<\/div>\n<div class=\"vc_btn3-container vc_btn3-center vc_custom_1652172624847 vc_do_btn\"><a class=\"vc_general vc_btn3 vc_btn3-size-lg vc_btn3-shape-rounded vc_btn3-style-modern vc_btn3-color-black\" href=\"https:\/\/kuhn-solutions.de\/fr\/myshelf-configurator\/\" title=\"Configurateur MyShelf\" target=\"_blank\">En savoir plus sur le con\u00adfi\u00adgu\u00adra\u00adteur MyShelf&nbsp;\u2026<\/a><\/div><\/div><\/div><\/div><\/div><\/div><\/div><\/div><div class=\"wpb_column vc_column_container vc_col-sm-4\"><div class=\"vc_column-inner\"><div class=\"wpb_wrapper\"><div class=\"vc_row wpb_row vc_inner vc_row-fluid vc_custom_1436373637236\"><div class=\"wpb_column vc_column_container vc_col-sm-12\"><div class=\"vc_column-inner\"><div class=\"wpb_wrapper\"><div class=\"vc_empty_space\" style=\"height: 60px\"><span class=\"vc_empty_space_inner\"><\/span><\/div>\n\t<div class=\"wpb_single_image wpb_content_element vc_align_left wpb_content_element\">\n\t\t\n\t\t<figure class=\"wpb_wrapper vc_figure\">\n\t\t\t<a href=\"https:\/\/kuhn-solutions.de\/en\/myshoerack-configurator\/\" target=\"_blank\" class=\"vc_single_image-wrapper vc_box_shadow  vc_box_border_grey\"><img loading=\"lazy\" decoding=\"async\" width=\"360\" height=\"240\" src=\"https:\/\/kuhn-solutions.de\/wp-content\/uploads\/2022\/05\/MyShoeRack-Rose.457.png\" class=\"vc_single_image-img attachment-full\" alt title srcset=\"https:\/\/kuhn-solutions.de\/wp-content\/uploads\/2022\/05\/MyShoeRack-Rose.457.png 360w, https:\/\/kuhn-solutions.de\/wp-content\/uploads\/2022\/05\/MyShoeRack-Rose.457-300x200.png 300w, https:\/\/kuhn-solutions.de\/wp-content\/uploads\/2022\/05\/MyShoeRack-Rose.457-18x12.png 18w\" sizes=\"auto, (max-width: 360px) 100vw, 360px\"><\/a>\n\t\t<\/figure>\n\t<\/div>\n<h5 class=\"heading-left  style-1\"><span>Configurateur MyShoeRack<\/span><\/h5>\n\t<div class=\"wpb_text_column wpb_content_element\">\n\t\t<div class=\"wpb_wrapper\">\n\t\t\t<p>Cr\u00e9ez vot\u00adre pro\u00adpre \u00e9ta\u00adg\u00e8\u00adre \u00e0 chaussures<\/p>\n\n\t\t<\/div>\n\t<\/div>\n<div class=\"vc_empty_space\" style=\"height: 20px\"><span class=\"vc_empty_space_inner\"><\/span><\/div>\n\t<div class=\"wpb_text_column wpb_content_element vc_custom_1730295276628\">\n\t\t<div class=\"wpb_wrapper\">\n\t\t\t<p>Le con\u00adfi\u00adgu\u00adra\u00adteur MyS\u00adhoeRack vous per\u00admet de cr\u00e9\u00ader faci\u00adle\u00adment vot\u00adre \u00e9ta\u00adg\u00e8\u00adre \u00e0 chauss\u00adu\u00adres per\u00adson\u00adna\u00adli\u00ads\u00e9e. Une fois que vous avez cr\u00e9\u00e9 vot\u00adre \u00e9ta\u00adg\u00e8\u00adre \u00e0 chauss\u00adu\u00adres per\u00adson\u00adna\u00adli\u00ads\u00e9e, vous pou\u00advez r\u00e9cup\u00ad\u00e9\u00adrer les des\u00adsins et aut\u00adres fichiers n\u00e9ces\u00adsaires en un seul clic. \u00c0 l\u2019ai\u00adde de la <span data-teams=\"true\"><span class=\"ui-provider a b c d e f g h i j k l m n o p q r s t u v w x y z ab ac ae af ag ah ai aj ak\" dir=\"ltr\">Lis\u00adte de pi\u00e8\u00adces <\/span><\/span>dans le des\u00adsin, vous pou\u00advez ache\u00adter les pi\u00e8\u00adces n\u00e9ces\u00adsaires pour con\u00adstrui\u00adre vous-m\u00eame l\u2019\u00e9\u00adta\u00adg\u00e8\u00adre \u00e0 chaussures.<\/p>\n\n\t\t<\/div>\n\t<\/div>\n<div class=\"vc_btn3-container vc_btn3-center vc_custom_1652172038364 vc_do_btn\"><a class=\"vc_general vc_btn3 vc_btn3-size-lg vc_btn3-shape-rounded vc_btn3-style-modern vc_btn3-color-black\" href=\"https:\/\/kuhn-solutions.de\/fr\/myshoerack-configurator\/\" title=\"Configurateur MyShoeRack\" target=\"_blank\">En savoir plus sur le con\u00adfi\u00adgu\u00adra\u00adteur MyShoeRack&nbsp;\u2026<\/a><\/div><\/div><\/div><\/div><\/div><\/div><\/div><\/div><\/div>\n<\/div>","protected":false},"excerpt":{"rendered":"Cr\u00e9ez vos pro\u00adduits per\u00adson\u00adna\u00adli\u00ads\u00e9s via not\u00adre con\u00adfi\u00adgu\u00adra\u00adteur de pro\u00adduits Con\u00adfi\u00adgu\u00adra\u00adteur MyTa\u00adble Cr\u00e9ez vot\u00adre pro\u00adpre table Avec le con\u00adfi\u00adgu\u00adra\u00adteur MyTa\u00adble, vous pou\u00advez faci\u00adle\u00adment cr\u00e9\u00ader vot\u00adre table per\u00adson\u00adna\u00adli\u00ads\u00e9e. Une fois que vous avez per\u00adson\u00adna\u00adli\u00ads\u00e9 vot\u00adre table, vous pou\u00advez t\u00e9l\u00e9\u00adchar\u00adger les des\u00adsins et autres\u2026","protected":false},"author":9,"featured_media":0,"parent":0,"menu_order":0,"comment_status":"open","ping_status":"open","template":"","meta":{"wp_typography_post_enhancements_disabled":false,"footnotes":""},"class_list":["post-2515","page","type-page","status-publish","hentry"],"_links":{"self":[{"href":"https:\/\/kuhn-solutions.de\/fr\/wp-json\/wp\/v2\/pages\/2515","targetHints":{"allow":["GET"]}}],"collection":[{"href":"https:\/\/kuhn-solutions.de\/fr\/wp-json\/wp\/v2\/pages"}],"about":[{"href":"https:\/\/kuhn-solutions.de\/fr\/wp-json\/wp\/v2\/types\/page"}],"author":[{"embeddable":true,"href":"https:\/\/kuhn-solutions.de\/fr\/wp-json\/wp\/v2\/users\/9"}],"replies":[{"embeddable":true,"href":"https:\/\/kuhn-solutions.de\/fr\/wp-json\/wp\/v2\/comments?post=2515"}],"version-history":[{"count":40,"href":"https:\/\/kuhn-solutions.de\/fr\/wp-json\/wp\/v2\/pages\/2515\/revisions"}],"predecessor-version":[{"id":2798,"href":"https:\/\/kuhn-solutions.de\/fr\/wp-json\/wp\/v2\/pages\/2515\/revisions\/2798"}],"wp:attachment":[{"href":"https:\/\/kuhn-solutions.de\/fr\/wp-json\/wp\/v2\/media?parent=2515"}],"curies":[{"name":"wp","href":"https:\/\/api.w.org\/{rel}","templated":true}]}}