{"id":2487,"date":"2022-05-02T11:50:46","date_gmt":"2022-05-02T09:50:46","guid":{"rendered":"https:\/\/kuhn-solutions.de\/?page_id=2487"},"modified":"2022-05-10T11:23:28","modified_gmt":"2022-05-10T09:23:28","slug":"myshoerack-configurator","status":"publish","type":"page","link":"https:\/\/kuhn-solutions.de\/fr\/myshoerack-configurator\/","title":{"rendered":"Con\u00adfi\u00adgu\u00adra\u00adteur MyShoeRack"},"content":{"rendered":"<div class=\"wpb-content-wrapper\"><div class=\"vc_row wpb_row vc_row-fluid\"><div class=\"wpb_column vc_column_container vc_col-sm-12\"><div class=\"vc_column-inner\"><div class=\"wpb_wrapper\"><div class=\"wpb_images_carousel wpb_content_element vc_clearfix wpb_content_element\"><div class=\"wpb_wrapper\"><div id=\"vc_images-carousel-1-1776562040\" data-ride=\"vc_carousel\" data-wrap=\"true\" style=\"width: 1920px;\" data-interval=\"5000\" data-auto-height=\"yes\" data-mode=\"horizontal\" data-partial=\"false\" data-per-view=\"1\" data-hide-on-end=\"false\" class=\"vc_slide vc_images_carousel\"><ol class=\"vc_carousel-indicators\"><li data-target=\"#vc_images-carousel-1-1776562040\" data-slide-to=\"0\"><\/li><li data-target=\"#vc_images-carousel-1-1776562040\" data-slide-to=\"1\"><\/li><li data-target=\"#vc_images-carousel-1-1776562040\" data-slide-to=\"2\"><\/li><li data-target=\"#vc_images-carousel-1-1776562040\" data-slide-to=\"3\"><\/li><li data-target=\"#vc_images-carousel-1-1776562040\" data-slide-to=\"4\"><\/li><\/ol><div class=\"vc_carousel-inner\"><div class=\"vc_carousel-slideline\"><div class=\"vc_carousel-slideline-inner\"><div class=\"vc_item\"><div class=\"vc_inner\"><a class=\"\" href=\"https:\/\/kuhn-solutions.de\/wp-content\/uploads\/2022\/05\/MyShoeRack-Rose.456-1024x576.png\" data-lightbox=\"lightbox[rel-2487-1411626726]\"><img decoding=\"async\" class=\"\" src=\"https:\/\/kuhn-solutions.de\/wp-content\/uploads\/2022\/05\/MyShoeRack-Rose.456.png\" width=\"1920\" height=\"1080\" alt=\"\" title=\"\" loading=\"lazy\" \/><\/a><\/div><\/div><div class=\"vc_item\"><div class=\"vc_inner\"><a class=\"\" href=\"https:\/\/kuhn-solutions.de\/wp-content\/uploads\/2022\/05\/MyShoeRack-Rose.453-1024x576.png\" data-lightbox=\"lightbox[rel-2487-1411626726]\"><img decoding=\"async\" class=\"\" src=\"https:\/\/kuhn-solutions.de\/wp-content\/uploads\/2022\/05\/MyShoeRack-Rose.453.png\" width=\"1920\" height=\"1080\" alt=\"\" title=\"\" loading=\"lazy\" \/><\/a><\/div><\/div><div class=\"vc_item\"><div class=\"vc_inner\"><a class=\"\" href=\"https:\/\/kuhn-solutions.de\/wp-content\/uploads\/2022\/05\/MyShoeRack-Rose.455-1024x576.png\" data-lightbox=\"lightbox[rel-2487-1411626726]\"><img decoding=\"async\" class=\"\" src=\"https:\/\/kuhn-solutions.de\/wp-content\/uploads\/2022\/05\/MyShoeRack-Rose.455.png\" width=\"1920\" height=\"1080\" alt=\"\" title=\"\" loading=\"lazy\" \/><\/a><\/div><\/div><div class=\"vc_item\"><div class=\"vc_inner\"><a class=\"\" href=\"https:\/\/kuhn-solutions.de\/wp-content\/uploads\/2022\/05\/MyShoeRack-Rose.452-1024x576.png\" data-lightbox=\"lightbox[rel-2487-1411626726]\"><img decoding=\"async\" class=\"\" src=\"https:\/\/kuhn-solutions.de\/wp-content\/uploads\/2022\/05\/MyShoeRack-Rose.452.png\" width=\"1920\" height=\"1080\" alt=\"\" title=\"\" loading=\"lazy\" \/><\/a><\/div><\/div><div class=\"vc_item\"><div class=\"vc_inner\"><a class=\"\" href=\"https:\/\/kuhn-solutions.de\/wp-content\/uploads\/2022\/05\/MyShoeRack-Rose.454-1024x576.png\" data-lightbox=\"lightbox[rel-2487-1411626726]\"><img decoding=\"async\" class=\"\" src=\"https:\/\/kuhn-solutions.de\/wp-content\/uploads\/2022\/05\/MyShoeRack-Rose.454.png\" width=\"1920\" height=\"1080\" alt=\"\" title=\"\" loading=\"lazy\" \/><\/a><\/div><\/div><\/div><\/div><\/div><a class=\"vc_left vc_carousel-control\" href=\"#vc_images-carousel-1-1776562040\" data-slide=\"prev\"><span class=\"icon-prev\"><\/span><\/a><a class=\"vc_right vc_carousel-control\" href=\"#vc_images-carousel-1-1776562040\" data-slide=\"next\"><span class=\"icon-next\"><\/span><\/a><\/div><\/div><\/div><h1 class='heading-middle  style-1' ><span>MyShoeRack Konfigurator<em class=\"heading-subtitle\">Lassen Sie sich automatisch Zeichnungen und St\u00fccklisten f\u00fcr Ihren ma\u00dfgeschneiderten Schuhregal erzeugen.<\/em><\/span><\/h1>\n\t<div class=\"wpb_text_column wpb_content_element\" >\n\t\t<div class=\"wpb_wrapper\">\n\t\t\t<p><iframe loading=\"lazy\" src=\"https:\/\/kuhn-solutions.de\/wp-content\/uploads\/2022\/05\/My-Shoe-Rack-Rose.html\" width=\"100%\" height=\"700\" frameborder=\"0\" allowfullscreen=\"allowfullscreen\"><span data-mce-type=\"bookmark\" style=\"display: inline-block; width: 0px; overflow: hidden; line-height: 0;\" class=\"mce_SELRES_start\">\ufeff<\/span><span data-mce-type=\"bookmark\" style=\"display: inline-block; width: 0px; overflow: hidden; line-height: 0;\" class=\"mce_SELRES_start\">\ufeff<\/span><span data-mce-type=\"bookmark\" style=\"display: inline-block; width: 0px; overflow: hidden; line-height: 0;\" class=\"mce_SELRES_start\">\ufeff<\/span><\/iframe><\/p>\n\n\t\t<\/div>\n\t<\/div>\n\n\t<div class=\"wpb_text_column wpb_content_element\" >\n\t\t<div class=\"wpb_wrapper\">\n\t\t\t<div class=\"frm_forms  with_frm_style frm_style_formidable-style\" id=\"frm_form_4_container\" data-token=\"402c157b8bb40e056aeacb9981e1012a\">\n<form enctype=\"multipart\/form-data\" method=\"post\" class=\"frm-show-form \" id=\"form_myshoerackconfigurator\" data-token=\"402c157b8bb40e056aeacb9981e1012a\">\n<div class=\"frm_form_fields \">\n<fieldset>\n<head>\r\n    <script src=\"https:\/\/ajax.googleapis.com\/ajax\/libs\/jquery\/3.6.0\/jquery.min.js\"><\/script>\r\n        <script>\r\n            $(document).ready(function(){\r\n                $(\"#btn_submit\").click(function(){\r\n                    \/\/alert(\"Privacy policy check : \" + ($('#field_fkn5o3-0').is(\":checked\")) + \" recaptcha \" + (grecaptcha.getResponse() != \"\"));\r\n                    if (($('#field_fkn5o3-0').is(\":checked\")) && (grecaptcha.getResponse() != \"\"))\r\n                    {\r\n                        \/\/ both checkbox and recaptcha are checked\r\n                        var length = $('#field_v9kdp3').val();\r\n                        var levels = $('#field_8bbuy3').val();\r\n                        var email = $('#field_56uop3').val();\r\n\r\n                        \/\/alert(\"length : \" + (300 <= length && length <= 1000) + \" levels : \" + (2 <= levels && levels <= 4) + \" email : \" + (IsEmail(email)==true));\r\n                        if((300 <= length && length <= 1000) && (2 <= levels && levels <= 4) && (IsEmail(email)==true)){\r\n                            var formData = {\r\n                                \"request\": {\r\n                                    \"Username\": \"Kuhn Solutions User\",\r\n                                    \"Email\": email,\r\n                                    \"Product_Type\": \"Shoe Rack Rose\"\r\n                                },\r\n                                \"productAttributeList\": [\r\n                                    {\r\n                                    \"Attribute_Name\": \"length\",\r\n                                    \"Attribute_Value\": length,\r\n                                    \"Attribute_Type\": \"mm\"\r\n                                    },\r\n                                    {\r\n                                    \"Attribute_Name\": \"levels\",\r\n                                    \"Attribute_Value\": levels,\r\n                                    \"Attribute_Type\": \"number\"\r\n                                    }\r\n                                ]\r\n                            }\r\n                            $.ajax({\r\n                                type: 'POST',\r\n                                url: 'https:\/\/ojobgb1m5jm6llsr.myfritz.net\/api\/requests',\r\n                                dataType: 'json',\r\n                                data: formData,\r\n                            });\r\n                        }\r\n                    }\r\n                }); \r\n            });\r\n\r\n            function IsEmail(email) {\r\n            var regex = \/^([a-zA-Z0-9_\\.\\-\\+])+\\@(([a-zA-Z0-9\\-])+\\.)+([a-zA-Z0-9]{2,4})+$\/;\r\n                if(!regex.test(email)) {\r\n                    return false;\r\n                }else{\r\n                    return true;\r\n                }\r\n            }\r\n        <\/script>\r\n    <\/head>\r\n<legend class=\"frm_screen_reader\">MyShoeRack Configurator<\/legend>\r\n\r\n<div class=\"frm_fields_container\">\n<input type=\"hidden\" name=\"frm_action\" value=\"create\" \/>\n<input type=\"hidden\" name=\"form_id\" value=\"4\" \/>\n<input type=\"hidden\" name=\"frm_hide_fields_4\" id=\"frm_hide_fields_4\" value=\"\" \/>\n<input type=\"hidden\" name=\"form_key\" value=\"myshoerackconfigurator\" \/>\n<input type=\"hidden\" name=\"item_meta[0]\" value=\"\" \/>\n<input type=\"hidden\" id=\"frm_submit_entry_4\" name=\"frm_submit_entry_4\" value=\"d6146af0eb\" \/><input type=\"hidden\" name=\"_wp_http_referer\" value=\"\/fr\/wp-json\/wp\/v2\/pages\/2487\" \/><div id=\"frm_field_32_container\" class=\"frm_form_field  frm6 frm_first frm_html_container form-field\">Geben Sie die L\u00e4nge und Anzahl der Etagen f\u00fcr Ihr gew\u00fcnschtes Schuhregal ein:<\/div>\n<div id=\"frm_field_33_container\" class=\"frm_form_field  frm6 frm_html_container form-field\">\n<p>Individuelle Zeichnungen und St\u00fccklisten f\u00fcr Ihren Schuhregal anfragen:<\/p>\n<\/div>\n<div id=\"frm_field_34_container\" class=\"frm_form_field form-field  frm_required_field frm_top_container frm6 frm_first\">\r\n    <label for=\"field_v9kdp3\" id=\"field_v9kdp3_label\" class=\"frm_primary_label\">L\u00e4nge des Schuhregals [mm]:\r\n        <span class=\"frm_required\" aria-hidden=\"true\">*<\/span>\r\n    <\/label>\r\n    <input type=\"number\" id=\"field_v9kdp3\" name=\"item_meta[34]\" value=\"800\"  data-frmval=\"800\" data-reqmsg=\"Dieses Feld darf nicht leer sein.\" aria-required=\"true\" data-invmsg=\"Zahl ist ung\u00fcltig\" aria-invalid=\"false\"   aria-describedby=\"frm_desc_field_v9kdp3\" min=\"300\" max=\"1000\" step=\"any\"\/>\r\n    <div class=\"frm_description\" id=\"frm_desc_field_v9kdp3\">Die L\u00e4nge sollte zwischen 300 und 1000 mm liegen.<\/div>\r\n    \r\n<\/div>\n<div id=\"frm_field_35_container\" class=\"frm_form_field form-field  frm_required_field frm_top_container frm6\">\r\n    <label for=\"field_56uop3\" id=\"field_56uop3_label\" class=\"frm_primary_label\">E-Mail:\r\n        <span class=\"frm_required\" aria-hidden=\"true\">*<\/span>\r\n    <\/label>\r\n    <input type=\"email\" id=\"field_56uop3\" name=\"item_meta[35]\" value=\"\"  data-reqmsg=\"Dieses Feld darf nicht leer sein.\" aria-required=\"true\" data-invmsg=\"E-Mail ist ung\u00fcltig\" aria-invalid=\"false\"  \/>\r\n    \r\n    \r\n<\/div>\n<div id=\"frm_field_36_container\" class=\"frm_form_field form-field  frm_required_field frm_top_container frm6 frm_first\">\r\n    <label for=\"field_8bbuy3\" id=\"field_8bbuy3_label\" class=\"frm_primary_label\">Anzahl der Ebenen:\r\n        <span class=\"frm_required\" aria-hidden=\"true\">*<\/span>\r\n    <\/label>\r\n    <input type=\"number\" id=\"field_8bbuy3\" name=\"item_meta[36]\" value=\"3\"  data-frmval=\"3\" data-reqmsg=\"Dieses Feld darf nicht leer sein.\" aria-required=\"true\" data-invmsg=\"Zahl ist ung\u00fcltig\" aria-invalid=\"false\"   aria-describedby=\"frm_desc_field_8bbuy3\" min=\"2\" max=\"4\" step=\"1\"\/>\r\n    <div class=\"frm_description\" id=\"frm_desc_field_8bbuy3\">Die Anzahl der Ebenen sollte zwischen 2 und 4 liegen.<\/div>\r\n    \r\n<\/div>\n<div id=\"frm_field_37_container\" class=\"frm_form_field form-field  frm_top_container frm6\">\r\n    <label for=\"field_533i63\" id=\"field_533i63_label\" class=\"frm_primary_label\">Fragen und Anregungen?\r\n        <span class=\"frm_required\" aria-hidden=\"true\"><\/span>\r\n    <\/label>\r\n    <input type=\"text\" id=\"field_533i63\" name=\"item_meta[37]\" value=\"\"  data-invmsg=\"Text ist ung\u00fcltig\" aria-invalid=\"false\"  \/>\r\n    \r\n    \r\n<\/div>\n<div id=\"frm_field_39_container\" class=\"frm_form_field form-field  frm_required_field frm_top_container frm12 frm_first vertical_radio\">\r\n    <div  id=\"field_fkn5o3_label\" class=\"frm_primary_label\">Datenschutzerkl\u00e4rung\r\n        <span class=\"frm_required\" aria-hidden=\"true\">*<\/span>\r\n    <\/div>\r\n    <div class=\"frm_opt_container\" aria-labelledby=\"field_fkn5o3_label\" role=\"group\">\t\t<div class=\"frm_checkbox\" id=\"frm_checkbox_39-0\">\t\t\t<label  for=\"field_fkn5o3-0\">\n\t\t\t<input type=\"checkbox\" name=\"item_meta[39][]\" id=\"field_fkn5o3-0\" value=\"Ich habe die &lt;a href=&quot;https:\/\/kuhn-solutions.de\/datenschutzerklaerung\/&quot;&gt;Datenschutzerkl\u00e4rung&lt;\/a&gt; zur Kenntnis genommen und akzeptiert. Ich stimme zu, dass meine Formularangaben zur Kontaktaufnahme bzw. zur Bearbeitung meines Anliegens gespeichert werden.\"  data-reqmsg=\"Dieses Feld darf nicht leer sein.\" data-invmsg=\"Datenschutzerkl\u00e4rung est non valide\"   aria-required=\"true\"  \/> Ich habe die <a href=\"https:\/\/kuhn-solutions.de\/datenschutzerklaerung\/\">Datenschutzerkl\u00e4rung<\/a> zur Kenntnis genommen und akzeptiert. Ich stimme zu, dass meine Formularangaben zur Kontaktaufnahme bzw. zur Bearbeitung meines Anliegens gespeichert werden.<\/label><\/div>\n<\/div>\r\n    \r\n    \r\n<\/div>\n<div id=\"frm_field_40_container\" class=\"frm_form_field form-field  frm_none_container frm12 frm_first\">\r\n    <label for=\"g-recaptcha-response\" id=\"field_ezfit3_label\" class=\"frm_primary_label\">reCAPTCHA\r\n        <span class=\"frm_required\" aria-hidden=\"true\"><\/span>\r\n    <\/label>\r\n    <div  id=\"field_ezfit3\" class=\"frm-g-recaptcha\" data-sitekey=\"6LdlC18fAAAAAKPjTs9Ao-BBtgUeL4jEBJqw8_gX\" data-size=\"normal\" data-theme=\"light\"><\/div>\r\n    \r\n    \r\n<\/div>\n\t<input type=\"hidden\" name=\"item_key\" value=\"\" \/>\n\t\t\t<div id=\"frm_field_41_container\">\n\t\t\t<label for=\"field_6njnf\" >\n\t\t\t\tSi vous \u00eates un humain, ne remplissez pas ce champ.\t\t\t<\/label>\n\t\t\t<input  id=\"field_6njnf\" type=\"text\" class=\"frm_form_field form-field frm_verify\" name=\"item_meta[41]\" value=\"\"  \/>\n\t\t<\/div>\n\t\t<input name=\"frm_state\" type=\"hidden\" value=\"gb4u2777Mvk6sybTfQx+eoCQJ4f+yGEbNd3pLpQejG0=\" \/><div class=\"frm_submit\">\r\n\r\n<button id=\"btn_submit\" class=\"frm_button_submit\" type=\"submit\"  >Daten erzeugen und zusenden<\/button>\r\n\r\n<\/div><\/div>\n<\/fieldset>\n<\/div>\n\n<\/form>\n<\/div>\n\n\n\t\t<\/div>\n\t<\/div>\n<\/div><\/div><\/div><\/div><div class=\"vc_row wpb_row vc_row-fluid\"><div class=\"wpb_column vc_column_container vc_col-sm-12\"><div class=\"vc_column-inner\"><div class=\"wpb_wrapper\"><h1 class='heading-middle  style-1' ><span>Automatisch generierte Zeichnungen!<em class=\"heading-subtitle\">Im Folgenden ein Beispiel f\u00fcr individuell generierte Zeichnungen im PDF-Format.<\/em><\/span><\/h1><\/div><\/div><\/div><\/div><div class=\"vc_row wpb_row vc_row-fluid\"><div class=\"wpb_column vc_column_container vc_col-sm-12\"><div class=\"vc_column-inner\"><div class=\"wpb_wrapper\">\n\t<div class=\"wpb_text_column wpb_content_element\" >\n\t\t<div class=\"wpb_wrapper\">\n\t\t\t<p><code><\/code><\/p>\n\n\t\t<\/div>\n\t<\/div>\n<\/div><\/div><\/div><\/div>\n<\/div>","protected":false},"excerpt":{"rendered":"Con\u00adfi\u00adgu\u00adra\u00adteur MyS\u00adhoeR\u00adack\u00adG\u00e9\u00adn\u00e8\u00adre auto\u00adma\u00adti\u00adquement des plans et des lis\u00adtes de pi\u00e8\u00adces pour vot\u00adre \u00e9ta\u00adg\u00e8\u00adre \u00e0 chauss\u00adu\u00adres sur mesu\u00adre. MyS\u00adhoeRack Con\u00adfi\u00adgu\u00adra\u00adtor Indi\u00adquez la longueur et le nombre d\u2019\u00e9\u00adta\u00adges pour l\u2019\u00e9\u00adta\u00adg\u00e8\u00adre \u00e0 chauss\u00adu\u00adres de vot\u00adre choix : Deman\u00adder des des\u00adsins et des nomen\u00adcla\u00adtures per\u00adson\u00adna\u00adli\u00ads\u00e9s pour vot\u00adre \u00e9ta\u00adg\u00e8\u00adre \u00e0 chauss\u00adu\u00adres : Longueur de l\u2019\u00e9\u00adta\u00adg\u00e8\u00adre \u00e0 chaussures\u2026","protected":false},"author":9,"featured_media":0,"parent":0,"menu_order":0,"comment_status":"closed","ping_status":"closed","template":"","meta":{"wp_typography_post_enhancements_disabled":false,"footnotes":""},"class_list":["post-2487","page","type-page","status-publish","hentry"],"_links":{"self":[{"href":"https:\/\/kuhn-solutions.de\/fr\/wp-json\/wp\/v2\/pages\/2487","targetHints":{"allow":["GET"]}}],"collection":[{"href":"https:\/\/kuhn-solutions.de\/fr\/wp-json\/wp\/v2\/pages"}],"about":[{"href":"https:\/\/kuhn-solutions.de\/fr\/wp-json\/wp\/v2\/types\/page"}],"author":[{"embeddable":true,"href":"https:\/\/kuhn-solutions.de\/fr\/wp-json\/wp\/v2\/users\/9"}],"replies":[{"embeddable":true,"href":"https:\/\/kuhn-solutions.de\/fr\/wp-json\/wp\/v2\/comments?post=2487"}],"version-history":[{"count":14,"href":"https:\/\/kuhn-solutions.de\/fr\/wp-json\/wp\/v2\/pages\/2487\/revisions"}],"predecessor-version":[{"id":2659,"href":"https:\/\/kuhn-solutions.de\/fr\/wp-json\/wp\/v2\/pages\/2487\/revisions\/2659"}],"wp:attachment":[{"href":"https:\/\/kuhn-solutions.de\/fr\/wp-json\/wp\/v2\/media?parent=2487"}],"curies":[{"name":"wp","href":"https:\/\/api.w.org\/{rel}","templated":true}]}}