{"id":1370,"date":"2018-10-17T19:47:14","date_gmt":"2018-10-17T17:47:14","guid":{"rendered":"https:\/\/kuhneng.de\/?page_id=1370"},"modified":"2021-02-08T08:46:24","modified_gmt":"2021-02-08T07:46:24","slug":"solidworks-api-programmierung-my-glasses","status":"publish","type":"page","link":"https:\/\/kuhn-solutions.de\/fr\/solidworks-api-programmierung-my-glasses\/","title":{"rendered":"Pro\u00adgram\u00adma\u00adti\u00adon API Solid\u00adWorks : l\u2019exemp\u00adle de \u201eMy Glasses"},"content":{"rendered":"<div class=\"wpb-content-wrapper\"><div class=\"vc_row wpb_row vc_row-fluid\"><div class=\"wpb_column vc_column_container vc_col-sm-12\"><div class=\"vc_column-inner\"><div class=\"wpb_wrapper\">\n\t<div class=\"wpb_text_column wpb_content_element vc_custom_1612770365692\">\n\t\t<div class=\"wpb_wrapper\">\n\t\t\t<p>Solid\u00adWorks com\u00adprend une inter\u00adface de pro\u00adgram\u00adma\u00adti\u00adon com\u00adpl\u00e8\u00adte, appel\u00e9e API (en ang\u00adlais \u201eAPI\u201c).&nbsp;<span lang=\"en-Latn\"><i>appli\u00adca\u00adti\u00adon pro\u00adgramming inter\u00adface). <\/i>Cel\u00adle-ci per\u00admet d\u2019ad\u00adap\u00adter et d\u2019\u00e9\u00adtendre le logi\u00adciel de CAO en fon\u00adc\u00adtion des beso\u00adins indi\u00advi\u00addu\u00adels. Les t\u00e2ches r\u00e9p\u00e9\u00adti\u00adti\u00adves peu\u00advent \u00eatre auto\u00adma\u00adti\u00ads\u00e9es num\u00e9\u00adri\u00adquement de mani\u00e8\u00adre pres\u00adque illi\u00admi\u00adt\u00e9e. Dans de nombreu\u00adses ent\u00adre\u00adpri\u00adses, cet\u00adte pos\u00adsi\u00adbi\u00adli\u00adt\u00e9 n\u2019est tou\u00adte\u00adfois gu\u00e8\u00adre uti\u00adli\u00ads\u00e9e. C\u2019est dom\u00admage, car en plus d\u2019un \u00e9nor\u00adme gain de temps et d\u2019ar\u00adgent, cela appor\u00adte de tou\u00adtes nou\u00advel\u00adles pos\u00adsi\u00adbi\u00adli\u00adt\u00e9s pour sa pro\u00adpre entreprise.&nbsp;<\/span><\/p>\n<p><span lang=\"en-Latn\">La vid\u00e9o sui\u00advan\u00adte sur le con\u00adfi\u00adgu\u00adra\u00adteur de pro\u00adduits <em>Mes lunet\u00adtes<\/em> mont\u00adre les \u00e9nor\u00admes pos\u00adsi\u00adbi\u00adli\u00adt\u00e9s d\u2019ex\u00adten\u00adsi\u00adon du syst\u00e8me.<\/span><\/p>\n\n\t\t<\/div>\n\t<\/div>\n<div class=\"video-wrapper\"><iframe loading=\"lazy\" src=\"https:\/\/www.youtube.com\/embed\/ZkNnBmnNTE0?wmode=transparent\" width=\"1280\" height=\"315\" style=\"border: none !important\"><\/iframe><\/div>\n\t<div class=\"wpb_text_column wpb_content_element vc_custom_1612770372667\">\n\t\t<div class=\"wpb_wrapper\">\n\t\t\t<p>Avec le con\u00adfi\u00adgu\u00adra\u00adteur de pro\u00adduits <em>Mes lunet\u00adtes<\/em> vous pou\u00advez cr\u00e9\u00ader vos pro\u00adpres lunet\u00adtes. En out\u00adre, il est pos\u00adsi\u00adble d\u2019ad\u00adap\u00adter la tail\u00adle et la posi\u00adti\u00adon des lunet\u00adtes au scan 3D d\u2019u\u00adne t\u00eate humaine. Les scans 3D uti\u00adli\u00ads\u00e9s ici ont \u00e9t\u00e9 r\u00e9a\u00adli\u00ads\u00e9s \u00e0 l\u2019ai\u00adde du <em>Pho\u00adto\u00adgram\u00adm\u00e9\u00adtrie<\/em> et ser\u00advent de don\u00adn\u00e9es cli\u00adent pour le con\u00adfi\u00adgu\u00adra\u00adteur de pro\u00adduits. Le con\u00adfi\u00adgu\u00adra\u00adteur de pro\u00adduits <em>Mes lunet\u00adtes<\/em> est impl\u00e9\u00admen\u00adt\u00e9 en tant que com\u00adpl\u00e9\u00adment pour le sys\u00adt\u00e8me de CAO Solid\u00adWorks. Les com\u00adpl\u00e9\u00adments per\u00admet\u00adtent d\u2019a\u00adjou\u00adter des fon\u00adc\u00adtion\u00adna\u00adli\u00adt\u00e9s sup\u00adp\u00adl\u00e9\u00admen\u00adtai\u00adres \u00e0 un logi\u00adciel d\u00e9j\u00e0 existant. Pour d\u00e9ve\u00adlo\u00adp\u00adper un com\u00adpl\u00e9\u00adment, le logi\u00adciel existant a beso\u00adin d\u2019u\u00adne <em>Inter\u00adface de pro\u00adgram\u00adma\u00adti\u00adon d\u2019ap\u00adpli\u00adca\u00adti\u00adons, en abr\u00e9\u00adg\u00e9 API<\/em>. L\u2019a\u00advan\u00adta\u00adge d\u2019uti\u00adli\u00adser un add-in com\u00adme base pour le d\u00e9ve\u00adlo\u00adp\u00adpe\u00adment d\u2019un con\u00adfi\u00adgu\u00adra\u00adteur de pro\u00adduit est que les fon\u00adc\u00adtions existan\u00adtes de l\u2019ap\u00adpli\u00adca\u00adti\u00adon prin\u00adci\u00adpa\u00adle peu\u00advent \u00eatre uti\u00adli\u00ads\u00e9es. Seu\u00adles les fon\u00adc\u00adtions qui ne sont pas dis\u00adpo\u00adnibles dans l\u2019ap\u00adpli\u00adca\u00adti\u00adon prin\u00adci\u00adpa\u00adle doi\u00advent \u00eatre d\u00e9ve\u00adlo\u00adp\u00adp\u00e9es dans l\u2019add-in lui-m\u00eame. Cela peut r\u00e9dui\u00adre con\u00adsid\u00e9\u00adra\u00adblem\u00adent le temps et les co\u00fbts de d\u00e9ve\u00adlo\u00adp\u00adpe\u00adment par rap\u00adport au d\u00e9ve\u00adlo\u00adp\u00adpe\u00adment d\u2019u\u00adne appli\u00adca\u00adti\u00adon autonome.<\/p>\n<p>Le con\u00adfi\u00adgu\u00adra\u00adteur de pro\u00adduits <em>Mes lunet\u00adtes<\/em> mont\u00adre les nombreux avan\u00adta\u00adges d\u2019un add-in. En font partie<\/p>\n<ul>\n<li>Les uti\u00adli\u00adsa\u00adteurs de l\u2019add-in n\u2019ont pas beso\u00adin d\u2019app\u00adrend\u00adre \u00e0 uti\u00adli\u00adser une nou\u00advel\u00adle application.<\/li>\n<li>L\u2019uti\u00adli\u00adsa\u00adti\u00adon de l\u2019add-in est imm\u00e9\u00addia\u00adte\u00adment fami\u00adli\u00e8\u00adre, car l\u2019ap\u00adpli\u00adca\u00adti\u00adon prin\u00adci\u00adpa\u00adle est d\u00e9j\u00e0 con\u00adnue. Seu\u00adles quel\u00adques nou\u00advel\u00adles fon\u00adc\u00adtions ont \u00e9t\u00e9 ajou\u00adt\u00e9es. Ain\u00adsi, l\u2019uti\u00adli\u00adsa\u00adteur ne se sent pas d\u00e9pas\u00ads\u00e9 ou con\u00adfron\u00adt\u00e9 \u00e0 une nou\u00advel\u00adle application.<\/li>\n<li>L\u2019add-in peut \u00eatre acti\u00adv\u00e9 et d\u00e9sac\u00adti\u00adv\u00e9 dans le sys\u00adt\u00e8me de CAO selon les beso\u00adins. L\u2019in\u00adter\u00adface uti\u00adli\u00adsa\u00adteur gra\u00adphi\u00adque ne con\u00adti\u00adent donc que les \u00e9l\u00e9\u00adments qui sont actu\u00adel\u00adle\u00adment n\u00e9cessaires.<\/li>\n<li>La con\u00adfi\u00adgu\u00adra\u00adti\u00adon et la per\u00adson\u00adna\u00adli\u00adsa\u00adti\u00adon du pro\u00adduit peu\u00advent se fai\u00adre faci\u00adle\u00adment en \u00e9ten\u00addant et en uti\u00adli\u00adsant l\u2019in\u00adter\u00adface uti\u00adli\u00adsa\u00adteur gra\u00adphi\u00adque de l\u2019ap\u00adpli\u00adca\u00adti\u00adon principale.<\/li>\n<li>Les don\u00adn\u00e9es CAO existan\u00adtes peu\u00advent \u00eatre uti\u00adli\u00ads\u00e9es et ne doi\u00advent pas \u00eatre expor\u00adt\u00e9es et trai\u00adt\u00e9es pour une nou\u00advel\u00adle application.<\/li>\n<li>Les don\u00adn\u00e9es indi\u00advi\u00addu\u00adel\u00adles des cli\u00adents et les des\u00adsins peu\u00advent \u00eatre enre\u00adgis\u00adtr\u00e9s auto\u00adma\u00adti\u00adquement, sur deman\u00adde \u00e9ga\u00adle\u00adment dans le sys\u00adt\u00e8me de ges\u00adti\u00adon des don\u00adn\u00e9es de pro\u00adduits (sys\u00adt\u00e8me PDM) d\u00e9j\u00e0 existant.<\/li>\n<li>Les t\u00e2ches r\u00e9p\u00e9\u00adti\u00adti\u00adves peu\u00advent \u00eatre enti\u00e8\u00adre\u00adment auto\u00adma\u00adti\u00ads\u00e9es dans l\u2019ap\u00adpli\u00adca\u00adti\u00adon connue.<\/li>\n<li>En out\u00adre, les don\u00adn\u00e9es peu\u00advent \u00eatre expor\u00adt\u00e9es dans dif\u00adf\u00e9r\u00adents for\u00admats de don\u00adn\u00e9es neu\u00adtres. Les fon\u00adc\u00adtions d\u2019ex\u00adporta\u00adti\u00adon existan\u00adtes de l\u2019ap\u00adpli\u00adca\u00adti\u00adon prin\u00adci\u00adpa\u00adle peu\u00advent \u00eatre uti\u00adli\u00ads\u00e9es \u00e0 cet&nbsp;effet.<\/li>\n<li>De nombreu\u00adses aut\u00adres fon\u00adc\u00adtions, com\u00adme l\u2019en\u00advoi de don\u00adn\u00e9es par e\u2011mail, par exemp\u00adle au cli\u00adent et \u00e0 la pro\u00adduc\u00adtion, peu\u00advent \u00eatre faci\u00adle\u00adment mises en \u0153uvre dans l\u2019add-in.<\/li>\n<\/ul>\n<p>Pour plus d\u2019in\u00adfor\u00adma\u00adti\u00adons, cont\u00adac\u00adtez-nous, nous nous ferons un plai\u00adsir de vous r\u00e9pondre&nbsp;!<\/p>\n\n\t\t<\/div>\n\t<\/div>\n<\/div><\/div><\/div><\/div><div data-vc-full-width=\"true\" data-vc-full-width-temp=\"true\" data-vc-full-width-init=\"false\" class=\"vc_row wpb_row vc_row-fluid vc_custom_1496321201384 vc_row-has-fill\"><div class=\"wpb_column vc_column_container vc_col-sm-8\"><div class=\"vc_column-inner\"><div class=\"wpb_wrapper\">\n\t<div class=\"wpb_text_column wpb_content_element vc_custom_1539799706449\">\n\t\t<div class=\"wpb_wrapper\">\n\t\t\t<h3 style=\"text-align: left;\"><span style=\"color: #ffffff;\">Qu\u2019il s\u2019agisse d\u2019une macro, d\u2019un add-in ou d\u2019un logiciel autonome, notre solution assure votre succ\u00e8s&nbsp;!<\/span><\/h3>\n\n\t\t<\/div>\n\t<\/div>\n<\/div><\/div><\/div><div class=\"wpb_column vc_column_container vc_col-sm-4\"><div class=\"vc_column-inner\"><div class=\"wpb_wrapper\"><a target=\"_self\" href=\"mailto:info@kuhn-solutions.de\" class=\"btn  btn-md style-1\" id=\"custom-id-0\" style>DEMANDER SANS ENGAGEMENT<\/a><\/div><\/div><\/div><\/div><div class=\"vc_row-full-width vc_clearfix\"><\/div><div class=\"vc_row wpb_row vc_row-fluid\"><div class=\"wpb_column vc_column_container vc_col-sm-12\"><div class=\"vc_column-inner\"><div class=\"wpb_wrapper\">\n\t<div class=\"wpb_text_column wpb_content_element\">\n\t\t<div class=\"wpb_wrapper\">\n\t\t\t<h2 style=\"text-align: center;\"><a href=\"https:\/\/www.youtube.com\/channel\/UC53xOUg3WvFdCwXXOEQzS1Q\" target=\"_blank\" rel=\"noopener noreferrer\">Visitez notre cha\u00eene YouTube.<\/a><\/h2>\n\n\t\t<\/div>\n\t<\/div>\n<\/div><\/div><\/div><\/div>\n<\/div>","protected":false},"excerpt":{"rendered":"Solid\u00adWorks dis\u00adpo\u00adse d\u2019u\u00adne inter\u00adface de pro\u00adgram\u00adma\u00adti\u00adon com\u00adpl\u00e8\u00adte, appel\u00e9e API (appli\u00adca\u00adti\u00adon pro\u00adgramming inter\u00adface en ang\u00adlais). Cel\u00adle-ci per\u00admet d\u2019ad\u00adap\u00adter et d\u2019\u00e9\u00adtendre le logi\u00adciel de CAO en fon\u00adc\u00adtion des beso\u00adins indi\u00advi\u00addu\u00adels. Les t\u00e2ches r\u00e9p\u00e9\u00adti\u00adti\u00adves peu\u00advent \u00eatre auto\u00adma\u00adti\u00ads\u00e9es num\u00e9\u00adri\u00adquement de mani\u00e8\u00adre pres\u00adque illi\u00admi\u00adt\u00e9e. Dans de nombreu\u00adses ent\u00adre\u00adpri\u00adses, cet\u00adte pos\u00adsi\u00adbi\u00adli\u00adt\u00e9 n\u2019est tou\u00adte\u00adfois gu\u00e8\u00adre uti\u00adli\u00ads\u00e9e. C\u2019est dom\u00admage, car&nbsp;outre\u2026","protected":false},"author":1,"featured_media":0,"parent":0,"menu_order":0,"comment_status":"open","ping_status":"closed","template":"","meta":{"wp_typography_post_enhancements_disabled":false,"footnotes":""},"class_list":["post-1370","page","type-page","status-publish","hentry"],"_links":{"self":[{"href":"https:\/\/kuhn-solutions.de\/fr\/wp-json\/wp\/v2\/pages\/1370","targetHints":{"allow":["GET"]}}],"collection":[{"href":"https:\/\/kuhn-solutions.de\/fr\/wp-json\/wp\/v2\/pages"}],"about":[{"href":"https:\/\/kuhn-solutions.de\/fr\/wp-json\/wp\/v2\/types\/page"}],"author":[{"embeddable":true,"href":"https:\/\/kuhn-solutions.de\/fr\/wp-json\/wp\/v2\/users\/1"}],"replies":[{"embeddable":true,"href":"https:\/\/kuhn-solutions.de\/fr\/wp-json\/wp\/v2\/comments?post=1370"}],"version-history":[{"count":18,"href":"https:\/\/kuhn-solutions.de\/fr\/wp-json\/wp\/v2\/pages\/1370\/revisions"}],"predecessor-version":[{"id":2008,"href":"https:\/\/kuhn-solutions.de\/fr\/wp-json\/wp\/v2\/pages\/1370\/revisions\/2008"}],"wp:attachment":[{"href":"https:\/\/kuhn-solutions.de\/fr\/wp-json\/wp\/v2\/media?parent=1370"}],"curies":[{"name":"wp","href":"https:\/\/api.w.org\/{rel}","templated":true}]}}