{"id":1343,"date":"2018-09-21T18:18:34","date_gmt":"2018-09-21T16:18:34","guid":{"rendered":"https:\/\/kuhneng.de\/?page_id=1343"},"modified":"2024-10-30T13:30:02","modified_gmt":"2024-10-30T12:30:02","slug":"softwareprodukte","status":"publish","type":"page","link":"https:\/\/kuhn-solutions.de\/fr\/softwareprodukte\/","title":{"rendered":"Nos pro\u00adduits logiciels"},"content":{"rendered":"<div class=\"wpb-content-wrapper\"><div class=\"vc_row wpb_row vc_row-fluid\"><div class=\"wpb_column vc_column_container vc_col-sm-12\"><div class=\"vc_column-inner\"><div class=\"wpb_wrapper\"><h3 class=\"heading-left  style-1\"><span>Logiciels et extensions pour applications CAO\/FAO<\/span><\/h3><\/div><\/div><\/div><div class=\"wpb_column vc_column_container vc_col-sm-4\"><div class=\"vc_column-inner\"><div class=\"wpb_wrapper\"><div class=\"vc_row wpb_row vc_inner vc_row-fluid vc_custom_1436373637236\"><div class=\"wpb_column vc_column_container vc_col-sm-12\"><div class=\"vc_column-inner\"><div class=\"wpb_wrapper\"><div class=\"vc_empty_space\" style=\"height: 60px\"><span class=\"vc_empty_space_inner\"><\/span><\/div>\n\t<div class=\"wpb_single_image wpb_content_element vc_align_left wpb_content_element\">\n\t\t\n\t\t<figure class=\"wpb_wrapper vc_figure\">\n\t\t\t<a href=\"https:\/\/contourtrace.com\/\" target=\"_blank\" class=\"vc_single_image-wrapper vc_box_shadow  vc_box_border_grey\"><img loading=\"lazy\" decoding=\"async\" width=\"1950\" height=\"1300\" src=\"https:\/\/kuhn-solutions.de\/wp-content\/uploads\/2024\/09\/ContourTrace_Start_Screen.png\" class=\"vc_single_image-img attachment-full\" alt title=\"ContourTrace\" srcset=\"https:\/\/kuhn-solutions.de\/wp-content\/uploads\/2024\/09\/ContourTrace_Start_Screen.png 1950w, https:\/\/kuhn-solutions.de\/wp-content\/uploads\/2024\/09\/ContourTrace_Start_Screen-300x200.png 300w, https:\/\/kuhn-solutions.de\/wp-content\/uploads\/2024\/09\/ContourTrace_Start_Screen-1024x683.png 1024w, https:\/\/kuhn-solutions.de\/wp-content\/uploads\/2024\/09\/ContourTrace_Start_Screen-768x512.png 768w, https:\/\/kuhn-solutions.de\/wp-content\/uploads\/2024\/09\/ContourTrace_Start_Screen-1536x1024.png 1536w, https:\/\/kuhn-solutions.de\/wp-content\/uploads\/2024\/09\/ContourTrace_Start_Screen-18x12.png 18w, https:\/\/kuhn-solutions.de\/wp-content\/uploads\/2024\/09\/ContourTrace_Start_Screen-370x247.png 370w, https:\/\/kuhn-solutions.de\/wp-content\/uploads\/2024\/09\/ContourTrace_Start_Screen-1200x800.png 1200w, https:\/\/kuhn-solutions.de\/wp-content\/uploads\/2024\/09\/ContourTrace_Start_Screen-360x240.png 360w\" sizes=\"auto, (max-width: 1950px) 100vw, 1950px\"><\/a>\n\t\t<\/figure>\n\t<\/div>\n<h5 class=\"heading-left  style-1\"><span>ContourTrace<\/span><\/h5>\n\t<div class=\"wpb_text_column wpb_content_element\">\n\t\t<div class=\"wpb_wrapper\">\n\t\t\t<p>Exporta\u00adti\u00adon de con\u00adtours \u00e0 par\u00adtir d\u2019i\u00admages au for\u00admat DXF et&nbsp;SVG<\/p>\n\n\t\t<\/div>\n\t<\/div>\n<div class=\"vc_empty_space\" style=\"height: 20px\"><span class=\"vc_empty_space_inner\"><\/span><\/div>\n\t<div class=\"wpb_text_column wpb_content_element vc_custom_1730291358610\">\n\t\t<div class=\"wpb_wrapper\">\n\t\t\t<p>Con\u00adtour\u00adTrace sim\u00adpli\u00adfie la con\u00adver\u00adsi\u00adon d\u2019i\u00admages ras\u00adter tel\u00adles que BMP et JPEG en for\u00admats vec\u00adto\u00adri\u00adels tels que DXF et SVG. Le logi\u00adciel se distin\u00adgue par l\u2019ex\u00adtra\u00adc\u00adtion de con\u00adtours d\u2019ob\u00adjets pr\u00e9\u00adcis, ce qui le rend id\u00e9\u00adal pour les appli\u00adca\u00adti\u00adons de mesu\u00adre, d\u2019in\u00adspec\u00adtion, de con\u00adcep\u00adti\u00adon et de fabri\u00adca\u00adti\u00adon. Il est par\u00adti\u00adcu\u00adli\u00e8\u00adre\u00adment effi\u00adcace pour la fabri\u00adca\u00adti\u00adon d\u2019in\u00adserts en mousse et de plan\u00adches d\u2019ombre, car il ratio\u00adna\u00adli\u00adse le pro\u00adces\u00adsus de l\u2019i\u00admage au con\u00adtour&nbsp;fini.<\/p>\n\n\t\t<\/div>\n\t<\/div>\n<div class=\"vc_btn3-container vc_btn3-center vc_custom_1725275091113 vc_do_btn\"><a class=\"vc_general vc_btn3 vc_btn3-size-lg vc_btn3-shape-rounded vc_btn3-style-modern vc_btn3-color-black\" href=\"https:\/\/contourtrace.com\/\" title target=\"_blank\">En savoir plus sur ContourTrace&nbsp;\u2026<\/a><\/div><\/div><\/div><\/div><\/div><\/div><\/div><\/div><div class=\"wpb_column vc_column_container vc_col-sm-4\"><div class=\"vc_column-inner\"><div class=\"wpb_wrapper\"><div class=\"vc_row wpb_row vc_inner vc_row-fluid vc_custom_1436373637236\"><div class=\"wpb_column vc_column_container vc_col-sm-12\"><div class=\"vc_column-inner\"><div class=\"wpb_wrapper\"><div class=\"vc_empty_space\" style=\"height: 60px\"><span class=\"vc_empty_space_inner\"><\/span><\/div>\n\t<div class=\"wpb_single_image wpb_content_element vc_align_left wpb_content_element\">\n\t\t\n\t\t<figure class=\"wpb_wrapper vc_figure\">\n\t\t\t<a href=\"https:\/\/kuhn-solutions.de\/fr\/custom-toolbar-for-solidworks\/\" target=\"_blank\" class=\"vc_single_image-wrapper vc_box_shadow  vc_box_border_grey\"><img loading=\"lazy\" decoding=\"async\" width=\"1738\" height=\"1159\" src=\"https:\/\/kuhn-solutions.de\/wp-content\/uploads\/2019\/05\/Custom-Toolbar-Settings-1738-x-1159.jpg\" class=\"vc_single_image-img attachment-full\" alt=\"Custom Toolbar Settings \u2013 Rename and customize up to 5 toolbars\" title=\"Param\u00e8tres de la barre d'outils personnalis\u00e9e\" srcset=\"https:\/\/kuhn-solutions.de\/wp-content\/uploads\/2019\/05\/Custom-Toolbar-Settings-1738-x-1159.jpg 1738w, https:\/\/kuhn-solutions.de\/wp-content\/uploads\/2019\/05\/Custom-Toolbar-Settings-1738-x-1159-300x200.jpg 300w, https:\/\/kuhn-solutions.de\/wp-content\/uploads\/2019\/05\/Custom-Toolbar-Settings-1738-x-1159-768x512.jpg 768w, https:\/\/kuhn-solutions.de\/wp-content\/uploads\/2019\/05\/Custom-Toolbar-Settings-1738-x-1159-1024x683.jpg 1024w, https:\/\/kuhn-solutions.de\/wp-content\/uploads\/2019\/05\/Custom-Toolbar-Settings-1738-x-1159-370x247.jpg 370w, https:\/\/kuhn-solutions.de\/wp-content\/uploads\/2019\/05\/Custom-Toolbar-Settings-1738-x-1159-1200x800.jpg 1200w, https:\/\/kuhn-solutions.de\/wp-content\/uploads\/2019\/05\/Custom-Toolbar-Settings-1738-x-1159-360x240.jpg 360w, https:\/\/kuhn-solutions.de\/wp-content\/uploads\/2019\/05\/Custom-Toolbar-Settings-1738-x-1159-600x400.jpg 600w\" sizes=\"auto, (max-width: 1738px) 100vw, 1738px\"><\/a>\n\t\t<\/figure>\n\t<\/div>\n<h5 class=\"heading-left  style-1\"><span>Barre d\u2019outils personnalis\u00e9e<\/span><\/h5>\n\t<div class=\"wpb_text_column wpb_content_element\">\n\t\t<div class=\"wpb_wrapper\">\n\t\t\t<p>Pro\u00adpre bar\u00adre d\u2019ou\u00adtils SOLIDWORKS personnalis\u00e9e<\/p>\n\n\t\t<\/div>\n\t<\/div>\n<div class=\"vc_empty_space  vc_custom_1519386271239\" style=\"height: 20px\"><span class=\"vc_empty_space_inner\"><\/span><\/div>\n\t<div class=\"wpb_text_column wpb_content_element vc_custom_1566407196605\">\n\t\t<div class=\"wpb_wrapper\">\n\t\t\t<p>Cus\u00adtom Tool\u00adbar est un add-in gra\u00adtuit pour SOLIDWORKS CAD. Il com\u00adpl\u00e8\u00adte l\u2019en\u00advi\u00adron\u00adne\u00adment uti\u00adli\u00adsa\u00adteur SOLIDWORKS avec jus\u00adqu\u2019\u00e0 5 bar\u00adres d\u2019ou\u00adtils sup\u00adp\u00adl\u00e9\u00admen\u00adtai\u00adres. Ces bar\u00adres d\u2019ou\u00adtils, com\u00adme tou\u00adtes les aut\u00adres bar\u00adres d\u2019ou\u00adtils SOLIDWORKS, peu\u00advent \u00eatre libre\u00adment adap\u00adt\u00e9es. Ain\u00adsi, les com\u00adman\u00addes stan\u00addard de SOLIDWORKS ain\u00adsi que les bou\u00adtons de macro peu\u00advent \u00eatre pla\u00adc\u00e9s dans ces bar\u00adres d\u2019outils.<\/p>\n\n\t\t<\/div>\n\t<\/div>\n<div class=\"vc_btn3-container vc_btn3-center vc_custom_1652099124780 vc_do_btn\"><a class=\"vc_general vc_btn3 vc_btn3-size-lg vc_btn3-shape-rounded vc_btn3-style-modern vc_btn3-color-black\" href=\"https:\/\/kuhn-solutions.de\/fr\/custom-toolbar-for-solidworks\/\" title target=\"_blank\">En savoir plus sur la bar\u00adre d\u2019ou\u00adtils personnalis\u00e9e&nbsp;\u2026<\/a><\/div><\/div><\/div><\/div><\/div><\/div><\/div><\/div><div class=\"wpb_column vc_column_container vc_col-sm-4\"><div class=\"vc_column-inner\"><div class=\"wpb_wrapper\"><div class=\"vc_row wpb_row vc_inner vc_row-fluid vc_custom_1436373637236\"><div class=\"wpb_column vc_column_container vc_col-sm-12\"><div class=\"vc_column-inner\"><div class=\"wpb_wrapper\"><div class=\"vc_empty_space\" style=\"height: 60px\"><span class=\"vc_empty_space_inner\"><\/span><\/div>\n\t<div class=\"wpb_single_image wpb_content_element vc_align_left wpb_content_element\">\n\t\t\n\t\t<figure class=\"wpb_wrapper vc_figure\">\n\t\t\t<a href=\"https:\/\/kuhn-solutions.de\/fr\/macros-for-solidworks\/\" target=\"_blank\" class=\"vc_single_image-wrapper vc_box_shadow  vc_box_border_grey\"><img loading=\"lazy\" decoding=\"async\" width=\"1280\" height=\"854\" src=\"https:\/\/kuhn-solutions.de\/wp-content\/uploads\/2019\/08\/code_1280x854.jpg\" class=\"vc_single_image-img attachment-full\" alt title=\"code_1280x854\" srcset=\"https:\/\/kuhn-solutions.de\/wp-content\/uploads\/2019\/08\/code_1280x854.jpg 1280w, https:\/\/kuhn-solutions.de\/wp-content\/uploads\/2019\/08\/code_1280x854-300x200.jpg 300w, https:\/\/kuhn-solutions.de\/wp-content\/uploads\/2019\/08\/code_1280x854-768x512.jpg 768w, https:\/\/kuhn-solutions.de\/wp-content\/uploads\/2019\/08\/code_1280x854-1024x683.jpg 1024w, https:\/\/kuhn-solutions.de\/wp-content\/uploads\/2019\/08\/code_1280x854-370x247.jpg 370w, https:\/\/kuhn-solutions.de\/wp-content\/uploads\/2019\/08\/code_1280x854-1200x801.jpg 1200w, https:\/\/kuhn-solutions.de\/wp-content\/uploads\/2019\/08\/code_1280x854-360x240.jpg 360w, https:\/\/kuhn-solutions.de\/wp-content\/uploads\/2019\/08\/code_1280x854-600x400.jpg 600w\" sizes=\"auto, (max-width: 1280px) 100vw, 1280px\"><\/a>\n\t\t<\/figure>\n\t<\/div>\n<h5 class=\"heading-left  style-1\"><span>SOLIDWORKS Macros<\/span><\/h5>\n\t<div class=\"wpb_text_column wpb_content_element\">\n\t\t<div class=\"wpb_wrapper\">\n\t\t\t<p>Pro\u00adces\u00adsus auto\u00adma\u00adti\u00ads\u00e9s dans SOLIDWORKS<\/p>\n\n\t\t<\/div>\n\t<\/div>\n<div class=\"vc_empty_space\" style=\"height: 20px\"><span class=\"vc_empty_space_inner\"><\/span><\/div>\n\t<div class=\"wpb_text_column wpb_content_element vc_custom_1566408137505\">\n\t\t<div class=\"wpb_wrapper\">\n\t\t\t<p>Les macros dans SOLIDWORKS per\u00admet\u00adtent d\u2019au\u00adto\u00adma\u00adtis\u00ader des pro\u00adces\u00adsus qui sont ex\u00e9\u00adcu\u00adt\u00e9s par l\u2019uti\u00adli\u00adsa\u00adteur \u00e0 l\u2019ai\u00adde de la sou\u00adris et du cla\u00advier, par exemp\u00adle, dans l\u2019in\u00adter\u00adface uti\u00adli\u00adsa\u00adteur. Les t\u00e2ches r\u00e9p\u00e9\u00adti\u00adti\u00adves peu\u00advent \u00eatre enre\u00adgis\u00adtr\u00e9es dans une macro et ex\u00e9\u00adcu\u00adt\u00e9es en un seul clic de sou\u00adris. Cela per\u00admet de gagner beau\u00adcoup de temps dans les t\u00e2ches quo\u00adti\u00addi\u00aden\u00adnes. Vous trou\u00adverez dans cet\u00adte sec\u00adtion quel\u00adques exemp\u00adles de macros, gratuites&nbsp;!<\/p>\n\n\t\t<\/div>\n\t<\/div>\n<div class=\"vc_btn3-container vc_btn3-center vc_custom_1652099152556 vc_do_btn\"><a class=\"vc_general vc_btn3 vc_btn3-size-lg vc_btn3-shape-rounded vc_btn3-style-modern vc_btn3-color-black\" href=\"https:\/\/kuhn-solutions.de\/fr\/macros-for-solidworks\/\" title target=\"_blank\">En savoir plus sur SOLIDWORKS Macros&nbsp;\u2026<\/a><\/div><\/div><\/div><\/div><\/div><\/div><\/div><\/div><\/div>\n<\/div>","protected":false},"excerpt":{"rendered":"Logi\u00adciel et exten\u00adsi\u00adons pour appli\u00adca\u00adti\u00adons CAO\/FAO Con\u00adtour\u00adTrace Exporta\u00adti\u00adon de con\u00adtours \u00e0 par\u00adtir d\u2019i\u00admages au for\u00admat DXF et SVG Con\u00adtour\u00adTrace sim\u00adpli\u00adfie la con\u00adver\u00adsi\u00adon d\u2019i\u00admages ras\u00adter com\u00adme BMP et JPEG en for\u00admats vec\u00adto\u00adri\u00adels com\u00adme DXF et SVG. Le logi\u00adciel se distin\u00adgue par l\u2019ex\u00adtra\u00adc\u00adtion pr\u00e9\u00adcise&nbsp;de\u2026","protected":false},"author":1,"featured_media":0,"parent":0,"menu_order":0,"comment_status":"open","ping_status":"open","template":"","meta":{"wp_typography_post_enhancements_disabled":false,"footnotes":""},"class_list":["post-1343","page","type-page","status-publish","hentry"],"_links":{"self":[{"href":"https:\/\/kuhn-solutions.de\/fr\/wp-json\/wp\/v2\/pages\/1343","targetHints":{"allow":["GET"]}}],"collection":[{"href":"https:\/\/kuhn-solutions.de\/fr\/wp-json\/wp\/v2\/pages"}],"about":[{"href":"https:\/\/kuhn-solutions.de\/fr\/wp-json\/wp\/v2\/types\/page"}],"author":[{"embeddable":true,"href":"https:\/\/kuhn-solutions.de\/fr\/wp-json\/wp\/v2\/users\/1"}],"replies":[{"embeddable":true,"href":"https:\/\/kuhn-solutions.de\/fr\/wp-json\/wp\/v2\/comments?post=1343"}],"version-history":[{"count":32,"href":"https:\/\/kuhn-solutions.de\/fr\/wp-json\/wp\/v2\/pages\/1343\/revisions"}],"predecessor-version":[{"id":2792,"href":"https:\/\/kuhn-solutions.de\/fr\/wp-json\/wp\/v2\/pages\/1343\/revisions\/2792"}],"wp:attachment":[{"href":"https:\/\/kuhn-solutions.de\/fr\/wp-json\/wp\/v2\/media?parent=1343"}],"curies":[{"name":"wp","href":"https:\/\/api.w.org\/{rel}","templated":true}]}}