{"id":1126,"date":"2018-08-30T17:13:39","date_gmt":"2018-08-30T15:13:39","guid":{"rendered":"https:\/\/kuhneng.de\/?page_id=1126"},"modified":"2019-07-09T17:13:17","modified_gmt":"2019-07-09T15:13:17","slug":"leistungsportfolio","status":"publish","type":"page","link":"https:\/\/kuhn-solutions.de\/fr\/leistungsportfolio\/","title":{"rendered":"Not\u00adre porte\u00adfeuille de services"},"content":{"rendered":"<div class=\"wpb-content-wrapper\"><div class=\"vc_row wpb_row vc_row-fluid\"><div class=\"wpb_column vc_column_container vc_col-sm-8\"><div class=\"vc_column-inner\"><div class=\"wpb_wrapper\">\n\t<div class=\"wpb_text_column wpb_content_element\">\n\t\t<div class=\"wpb_wrapper\">\n\t\t\t<p>Gr\u00e2ce \u00e0 not\u00adre com\u00adpo\u00adsi\u00adti\u00adon inter\u00addi\u00adsci\u00adpli\u00adnaire, nous dis\u00adpo\u00adsons d\u2019un lar\u00adge porte\u00adfeuille de pre\u00adsta\u00adti\u00adons que nous met\u00adtons volon\u00adtiers \u00e0 vot\u00adre dis\u00adpo\u00adsi\u00adti\u00adon. Nous pou\u00advons vous pro\u00adpo\u00adser des solu\u00adti\u00adons indi\u00advi\u00addu\u00adel\u00adles d\u2019un seul ten\u00adant, id\u00e9a\u00adle\u00adment adap\u00adt\u00e9es aux beso\u00adins de vot\u00adre entreprise.<\/p>\n<p>Cet\u00adte page vous don\u00adne un aper\u00ad\u00e7u des ser\u00advices que nous proposons&nbsp;:<\/p>\n\n\t\t<\/div>\n\t<\/div>\n<div class=\"vc_empty_space\" style=\"height: 42px\"><span class=\"vc_empty_space_inner\"><\/span><\/div><div class=\"vc_tta-container\" data-vc-action=\"collapse\"><div class=\"vc_general vc_tta vc_tta-tabs vc_tta-color-grey vc_tta-style-anps_tabs vc_tta-shape-rounded vc_tta-spacing-1 vc_tta-tabs-position-top vc_tta-controls-align-left\"><div class=\"vc_tta-tabs-container col-sm-3 vertical\"><ul class=\"vc_tta-tabs-list\" role=\"tablist\"><li class=\"vc_tta-tab vc_active\" data-vc-tab role=\"presentation\"><a href=\"#1436365906075-d23d3df7-63f9\" data-vc-tabs data-vc-container=\".vc_tta\" role=\"tab\" id=\"tab-1436365906075-d23d3df7-63f9\"><span class=\"vc_tta-title-text\">Pro\u00adgram\u00adma\u00adti\u00adon<\/span><\/a><\/li><li class=\"vc_tta-tab\" data-vc-tab role=\"presentation\"><a href=\"#1436365907525-19d6c142-1d77\" data-vc-tabs data-vc-container=\".vc_tta\" role=\"tab\" id=\"tab-1436365907525-19d6c142-1d77\"><span class=\"vc_tta-title-text\">Exten\u00adsi\u00adons<\/span><\/a><\/li><li class=\"vc_tta-tab\" data-vc-tab role=\"presentation\"><a href=\"#1436369333328-6bd9d0e8-515b\" data-vc-tabs data-vc-container=\".vc_tta\" role=\"tab\" id=\"tab-1436369333328-6bd9d0e8-515b\"><span class=\"vc_tta-title-text\">Opti\u00admi\u00adsa\u00adti\u00adon<\/span><\/a><\/li><li class=\"vc_tta-tab\" data-vc-tab role=\"presentation\"><a href=\"#1436376192396-328d4c80-ece8\" data-vc-tabs data-vc-container=\".vc_tta\" role=\"tab\" id=\"tab-1436376192396-328d4c80-ece8\"><span class=\"vc_tta-title-text\">Para\u00adm\u00e9\u00adtra\u00adge<\/span><\/a><\/li><li class=\"vc_tta-tab\" data-vc-tab role=\"presentation\"><a href=\"#1436376212970-5b4a8b88-3d8d\" data-vc-tabs data-vc-container=\".vc_tta\" role=\"tab\" id=\"tab-1436376212970-5b4a8b88-3d8d\"><span class=\"vc_tta-title-text\">D\u00e9ve\u00adlo\u00adp\u00adpe\u00adment<\/span><\/a><\/li><li class=\"vc_tta-tab\" data-vc-tab role=\"presentation\"><a href=\"#1436376204238-3b43e9b2-26c9\" data-vc-tabs data-vc-container=\".vc_tta\" role=\"tab\" id=\"tab-1436376204238-3b43e9b2-26c9\"><span class=\"vc_tta-title-text\">Con\u00ads\u00adtruc\u00adtion<\/span><\/a><\/li><li class=\"vc_tta-tab\" data-vc-tab role=\"presentation\"><a href=\"#1535646365488-cf1e0b05-4d19\" data-vc-tabs data-vc-container=\".vc_tta\" role=\"tab\" id=\"tab-1535646365488-cf1e0b05-4d19\"><span class=\"vc_tta-title-text\">Visua\u00adli\u00adsa\u00adti\u00adon<\/span><\/a><\/li><\/ul><\/div><div class=\"vc_tta-panels-container col-sm-9\"><div class=\"vc_tta-panels\"><div class=\"vc_tta-panel vc_active\" id=\"1436365906075-d23d3df7-63f9\" data-vc-content=\".vc_tta-panel-body\"><div class=\"vc_tta-panel-heading\"><h4 class=\"vc_tta-panel-title\"><a href=\"#1436365906075-d23d3df7-63f9\" data-vc-accordion data-vc-container=\".vc_tta-container\"><span class=\"vc_tta-title-text\">Programmation<\/span><\/a><\/h4><\/div><div class=\"vc_tta-panel-body\"><h2 class=\"heading-content  style-1\"><span>CE DONT NOUS PARLONS<\/span><\/h2><div class=\"vc_empty_space\" style=\"height: 20px\"><span class=\"vc_empty_space_inner\"><\/span><\/div><ul class=\"list\"><li>C++<\/li><li>C#<\/li><li>VB.NET<\/li><li>Python<\/li><li>VBA<\/li><li>SQL<\/li><li>Lab\u00adVIEW<\/li><\/ul><div class=\"vc_empty_space\" style=\"height: 15px\"><span class=\"vc_empty_space_inner\"><\/span><\/div>\n\t<div class=\"wpb_text_column wpb_content_element\">\n\t\t<div class=\"wpb_wrapper\">\n\t\t\t<p>Des solu\u00adti\u00adons infor\u00adma\u00adti\u00adques indi\u00advi\u00addu\u00adel\u00adles pour les exi\u00adgen\u00adces indus\u00adtri\u00adel\u00adles. Un domaine dans lequel nous nous sp\u00e9\u00adcia\u00adli\u00adsons et que nous avons le pri\u00advil\u00e8\u00adge de d\u00e9ve\u00adlo\u00adp\u00adper avec nos cli\u00adents. Pour cela, nous vous sou\u00adte\u00adnons avec des solu\u00adti\u00adons pour des pro\u00adces\u00adsus pure\u00adment num\u00e9\u00adri\u00adques ain\u00adsi que pour la pro\u00adgram\u00adma\u00adti\u00adon de machi\u00adnes, d\u2019ap\u00adpareils de mesu\u00adre et de bancs d\u2019essai.<\/p>\n\n\t\t<\/div>\n\t<\/div>\n<\/div><\/div><div class=\"vc_tta-panel\" id=\"1436365907525-19d6c142-1d77\" data-vc-content=\".vc_tta-panel-body\"><div class=\"vc_tta-panel-heading\"><h4 class=\"vc_tta-panel-title\"><a href=\"#1436365907525-19d6c142-1d77\" data-vc-accordion data-vc-container=\".vc_tta-container\"><span class=\"vc_tta-title-text\">Extensions<\/span><\/a><\/h4><\/div><div class=\"vc_tta-panel-body\"><h2 class=\"heading-content  style-1\"><span>O\u00d9 NOUS NOUS CONNECTONS<\/span><\/h2><div class=\"vc_empty_space\" style=\"height: 20px\"><span class=\"vc_empty_space_inner\"><\/span><\/div><ul class=\"list\"><li>CAO 3D SolidWorks<\/li><li>Solid\u00adWorks&nbsp;PDM<\/li><li>Solid\u00adWorks&nbsp;CAM<\/li><li>CATIA<\/li><li>Creo Para\u00adme\u00adtric<\/li><li>Inven\u00adtor<\/li><li>Fusi\u00adon&nbsp;360<\/li><li>Micro\u00adsoft Office<\/li><\/ul><div class=\"vc_empty_space\" style=\"height: 15px\"><span class=\"vc_empty_space_inner\"><\/span><\/div>\n\t<div class=\"wpb_text_column wpb_content_element\">\n\t\t<div class=\"wpb_wrapper\">\n\t\t\t<p>Les add-ins, add-ons et plug-ins ne nous sont pas \u00e9tran\u00adgers. Gr\u00e2ce \u00e0 l\u2019in\u00adter\u00adface de pro\u00adgram\u00adma\u00adti\u00adon, \u00e9ga\u00adle\u00adment appel\u00e9e API (<em>ang\u00adlais<\/em> appli\u00adca\u00adti\u00adon pro\u00adgramming inter\u00adface), nous nous con\u00adnec\u00adtons aux logi\u00adciels existants et les com\u00adpl\u00e9\u00adtons avec des solu\u00adti\u00adons sp\u00e9\u00adci\u00adfi\u00adques. La con\u00adver\u00adsi\u00adon de don\u00adn\u00e9es CAO, la g\u00e9n\u00e9\u00adra\u00adti\u00adon auto\u00adma\u00adtique d\u2019ou\u00adtils et de des\u00adsins ain\u00adsi que l\u2019au\u00adto\u00adma\u00adtis\u00ada\u00adti\u00adon num\u00e9\u00adri\u00adque des pro\u00adces\u00adsus ne sont que quel\u00adques exemp\u00adles d\u2019ex\u00adten\u00adsi\u00adons individuelles.<\/p>\n\n\t\t<\/div>\n\t<\/div>\n<\/div><\/div><div class=\"vc_tta-panel\" id=\"1436369333328-6bd9d0e8-515b\" data-vc-content=\".vc_tta-panel-body\"><div class=\"vc_tta-panel-heading\"><h4 class=\"vc_tta-panel-title\"><a href=\"#1436369333328-6bd9d0e8-515b\" data-vc-accordion data-vc-container=\".vc_tta-container\"><span class=\"vc_tta-title-text\">Optimisation<\/span><\/a><\/h4><\/div><div class=\"vc_tta-panel-body\"><h2 class=\"heading-content  style-1\"><span>O\u00d9 NOUS OPTIMISONS<\/span><\/h2><div class=\"vc_empty_space\" style=\"height: 20px\"><span class=\"vc_empty_space_inner\"><\/span><\/div><ul class=\"list\"><li>Python<\/li><li>MATLAB<\/li><li>MATLAB\/Simulink<\/li><li>Octa\u00adve<\/li><\/ul><div class=\"vc_empty_space\" style=\"height: 15px\"><span class=\"vc_empty_space_inner\"><\/span><\/div>\n\t<div class=\"wpb_text_column wpb_content_element\">\n\t\t<div class=\"wpb_wrapper\">\n\t\t\t<p>La ren\u00adta\u00adbi\u00adli\u00adt\u00e9 et la per\u00adfor\u00admance de sys\u00adt\u00e8\u00admes com\u00adple\u00adxes peu\u00advent \u00eatre con\u00adsid\u00e9\u00adra\u00adblem\u00adent am\u00e9\u00adlio\u00adr\u00e9es en choi\u00adsis\u00adsant les bons param\u00e8\u00adtres. \u00c0 l\u2019ai\u00adde de l\u2019op\u00adti\u00admi\u00adsa\u00adti\u00adon, un domaine des math\u00e9\u00adma\u00adti\u00adques appli\u00adqu\u00e9es, nous d\u00e9ter\u00admi\u00adnons les param\u00e8\u00adtres opti\u00admaux pour les sys\u00adt\u00e8\u00admes com\u00adple\u00adxes de dif\u00adf\u00e9\u00adren\u00adtes disci\u00adpli\u00adnes. Pour ce fai\u00adre, nous nous char\u00adge\u00adons de d\u00e9ter\u00admi\u00adner la fon\u00adc\u00adtion cib\u00adle, de con\u00adstrui\u00adre et de tes\u00adter un mod\u00e8\u00adle math\u00e9\u00adma\u00adtique et de l\u2019im\u00adpl\u00e9\u00admen\u00adter dans vot\u00adre application.<\/p>\n\n\t\t<\/div>\n\t<\/div>\n<\/div><\/div><div class=\"vc_tta-panel\" id=\"1436376192396-328d4c80-ece8\" data-vc-content=\".vc_tta-panel-body\"><div class=\"vc_tta-panel-heading\"><h4 class=\"vc_tta-panel-title\"><a href=\"#1436376192396-328d4c80-ece8\" data-vc-accordion data-vc-container=\".vc_tta-container\"><span class=\"vc_tta-title-text\">Param\u00e9trage<\/span><\/a><\/h4><\/div><div class=\"vc_tta-panel-body\"><h2 class=\"heading-content  style-1\"><span>CE QUE NOUS PARAM\u00c9TRONS<\/span><\/h2><div class=\"vc_empty_space\" style=\"height: 20px\"><span class=\"vc_empty_space_inner\"><\/span><\/div><ul class=\"list\"><li>Con\u00adfi\u00adgu\u00adra\u00adteurs de produits<\/li><li>Sys\u00adt\u00e8\u00admes modulaires<\/li><li>Con\u00ads\u00adtruc\u00adtions de variantes<\/li><li>Pro\u00adduc\u00adtion indi\u00advi\u00addu\u00adel\u00adle 4.0<\/li><li>Auto\u00adma\u00adtis\u00ada\u00adti\u00adon num\u00e9\u00adri\u00adque des processus<\/li><\/ul><div class=\"vc_empty_space\" style=\"height: 15px\"><span class=\"vc_empty_space_inner\"><\/span><\/div>\n\t<div class=\"wpb_text_column wpb_content_element\">\n\t\t<div class=\"wpb_wrapper\">\n\t\t\t<p>\u201eIndus\u00adtrie 4.0\u201c : un mot-cl\u00e9 qui occupe actu\u00adel\u00adle\u00adment les pays indus\u00adtria\u00adli\u00ads\u00e9s. La pro\u00adduc\u00adtion indus\u00adtri\u00adel\u00adle doit \u00eatre int\u00e9\u00adg\u00adr\u00e9e aux tech\u00adni\u00adques moder\u00adnes d\u2019in\u00adfor\u00adma\u00adti\u00adon et de com\u00admu\u00adni\u00adca\u00adti\u00adon. Pour y par\u00adve\u00adnir, il exis\u00adte de nombreu\u00adses opti\u00adons. Le para\u00adm\u00e9\u00adtra\u00adge est l\u2019un d\u2019ent\u00adre eux. Il per\u00admet avant tout la diver\u00adsi\u00adt\u00e9 et l\u2019in\u00addi\u00advi\u00addua\u00adli\u00adt\u00e9, alli\u00e9es \u00e0 la pro\u00adduc\u00adti\u00advi\u00adt\u00e9 et \u00e0 la ren\u00adta\u00adbi\u00adli\u00adt\u00e9. C\u2019est avec plai\u00adsir que nous vous aide\u00adrons, \u00e0 l\u2019ai\u00adde de la para\u00adm\u00e9\u00adtri\u00adsa\u00adti\u00adon de la con\u00adcep\u00adti\u00adon, de la fabri\u00adca\u00adti\u00adon et des pro\u00adduits, \u00e0 mener \u00e0 bien vot\u00adre qua\u00adtri\u00e8\u00adme r\u00e9vo\u00adlu\u00adti\u00adon industrielle.<\/p>\n\n\t\t<\/div>\n\t<\/div>\n<\/div><\/div><div class=\"vc_tta-panel\" id=\"1436376212970-5b4a8b88-3d8d\" data-vc-content=\".vc_tta-panel-body\"><div class=\"vc_tta-panel-heading\"><h4 class=\"vc_tta-panel-title\"><a href=\"#1436376212970-5b4a8b88-3d8d\" data-vc-accordion data-vc-container=\".vc_tta-container\"><span class=\"vc_tta-title-text\">D\u00e9veloppement<\/span><\/a><\/h4><\/div><div class=\"vc_tta-panel-body\"><h2 class=\"heading-content  style-1\"><span>O\u00d9 NOUS SOUTENONS<\/span><\/h2><div class=\"vc_empty_space\" style=\"height: 20px\"><span class=\"vc_empty_space_inner\"><\/span><\/div><ul class=\"list\"><li>Con\u00ads\u00adtruc\u00adtion de machi\u00adnes et d\u2019installations<\/li><li>Tech\u00adni\u00adques de mesu\u00adre et de contr\u00f4le<\/li><li>Tech\u00adni\u00adque automobile<\/li><li>Tech\u00adni\u00adque a\u00e9ro\u00adnau\u00adtique et a\u00e9rospatiale<\/li><li>Tech\u00adni\u00adques de pro\u00adces\u00adsus et de fabrication<\/li><li>D\u00e9ve\u00adlo\u00adp\u00adpe\u00adment de produits<\/li><\/ul><div class=\"vc_empty_space\" style=\"height: 15px\"><span class=\"vc_empty_space_inner\"><\/span><\/div>\n\t<div class=\"wpb_text_column wpb_content_element\">\n\t\t<div class=\"wpb_wrapper\">\n\t\t\t<p>Nous vous pro\u00adpo\u00adsons un sou\u00adti\u00aden en ing\u00e9\u00adnie\u00adrie pour les nou\u00adveaux d\u00e9ve\u00adlo\u00adp\u00adpe\u00adments et les d\u00e9ve\u00adlo\u00adp\u00adpe\u00adments ult\u00e9\u00adri\u00adeurs. Vous pou\u00advez ain\u00adsi com\u00adpen\u00adser les gou\u00adlots d\u2019\u00e9tran\u00adgle\u00adment, intro\u00addui\u00adre plus rapi\u00adde\u00adment des inno\u00adva\u00adtions qui aug\u00admen\u00adtent la pro\u00adduc\u00adtion et mett\u00adre sur le mar\u00adch\u00e9 dans les d\u00e9lais des pro\u00adduits qui aug\u00admen\u00adtent les ventes.<\/p>\n\n\t\t<\/div>\n\t<\/div>\n<\/div><\/div><div class=\"vc_tta-panel\" id=\"1436376204238-3b43e9b2-26c9\" data-vc-content=\".vc_tta-panel-body\"><div class=\"vc_tta-panel-heading\"><h4 class=\"vc_tta-panel-title\"><a href=\"#1436376204238-3b43e9b2-26c9\" data-vc-accordion data-vc-container=\".vc_tta-container\"><span class=\"vc_tta-title-text\">Construction<\/span><\/a><\/h4><\/div><div class=\"vc_tta-panel-body\"><h2 class=\"heading-content  style-1\"><span>CE QUE NOUS DESSINONS<\/span><\/h2><div class=\"vc_empty_space\" style=\"height: 20px\"><span class=\"vc_empty_space_inner\"><\/span><\/div><ul class=\"list\"><li>Machi\u00adnes<\/li><li>Pla\u00adce\u00adments<\/li><li>Bancs d\u2019es\u00adsai<\/li><li>Outils<\/li><li>Dis\u00adpo\u00adsi\u00adtifs<\/li><\/ul><div class=\"vc_empty_space\" style=\"height: 15px\"><span class=\"vc_empty_space_inner\"><\/span><\/div>\n\t<div class=\"wpb_text_column wpb_content_element\">\n\t\t<div class=\"wpb_wrapper\">\n\t\t\t<p>Nous con\u00adstrui\u00adsons pour vous selon vos sp\u00e9\u00adci\u00adfi\u00adca\u00adti\u00adons. De l\u2019\u00e9\u00adbau\u00adche au des\u00adsin d\u00e9ri\u00adv\u00e9 en pas\u00adsant par le mod\u00e8\u00adle 3D. Vous pro\u00adfi\u00adtez ain\u00adsi de not\u00adre longue exp\u00e9\u00adri\u00adence dans le domaine des mat\u00e9\u00adriaux et de la tech\u00adni\u00adque de fabri\u00adca\u00adti\u00adon. Nous met\u00adtons tout en \u0153uvre pour pou\u00advoir r\u00e9pond\u00adre de mani\u00e8\u00adre fia\u00adble et rapi\u00adde aux exi\u00adgen\u00adces les plus \u00e9le\u00adv\u00e9es de nos clients.<\/p>\n\n\t\t<\/div>\n\t<\/div>\n<\/div><\/div><div class=\"vc_tta-panel\" id=\"1535646365488-cf1e0b05-4d19\" data-vc-content=\".vc_tta-panel-body\"><div class=\"vc_tta-panel-heading\"><h4 class=\"vc_tta-panel-title\"><a href=\"#1535646365488-cf1e0b05-4d19\" data-vc-accordion data-vc-container=\".vc_tta-container\"><span class=\"vc_tta-title-text\">Visualisation<\/span><\/a><\/h4><\/div><div class=\"vc_tta-panel-body\"><h2 class=\"heading-content  style-1\"><span>CE QUE NOUS VISUALISONS<\/span><\/h2><div class=\"vc_empty_space\" style=\"height: 20px\"><span class=\"vc_empty_space_inner\"><\/span><\/div><ul class=\"list\"><li>Ani\u00adma\u00adti\u00adons de produits<\/li><li>Ani\u00adma\u00adti\u00adon fonctionnelle<\/li><li>Images des produits<\/li><li>Film d\u2019entre\u00adpri\u00adse<\/li><\/ul><div class=\"vc_empty_space\" style=\"height: 15px\"><span class=\"vc_empty_space_inner\"><\/span><\/div>\n\t<div class=\"wpb_text_column wpb_content_element\">\n\t\t<div class=\"wpb_wrapper\">\n\t\t\t<p>Le prix seul est rare\u00adment d\u00e9cisif pour l\u2019achat. La qua\u00adli\u00adt\u00e9, la fia\u00adbi\u00adli\u00adt\u00e9 et le ser\u00advice jouent un r\u00f4le important. Pour les pro\u00adduits tech\u00adni\u00adques, la com\u00adpr\u00e9\u00adhen\u00adsi\u00adon du pro\u00adduit vient s\u2019y ajou\u00adter. Et pour finir, les \u00e9mo\u00adti\u00adons, oui, elles inci\u00adtent volon\u00adtiers \u00e0 l\u2019achat. Pour tous ces d\u00e9fis, nous ent\u00adrons en jeu et met\u00adtons vot\u00adre pro\u00adduit en lumi\u00e8\u00adre. Que ce soit avec une image fixe pho\u00adto\u00adr\u00e9\u00ada\u00adlis\u00adte ou une ani\u00adma\u00adti\u00adon, nous sau\u00adrons con\u00advain\u00adcre vos clients.<\/p>\n\n\t\t<\/div>\n\t<\/div>\n<\/div><\/div><\/div><\/div><\/div><\/div><\/div><\/div><\/div><div class=\"wpb_column vc_column_container vc_col-sm-4\"><div class=\"vc_column-inner\"><div class=\"wpb_wrapper\">\n\t<div class=\"wpb_single_image wpb_content_element vc_align_left wpb_content_element\">\n\t\t\n\t\t<figure class=\"wpb_wrapper vc_figure\">\n\t\t\t<div class=\"vc_single_image-wrapper   vc_box_border_grey\"><img loading=\"lazy\" decoding=\"async\" width=\"964\" height=\"429\" src=\"https:\/\/kuhn-solutions.de\/wp-content\/uploads\/2018\/02\/consulting.jpg\" class=\"vc_single_image-img attachment-full\" alt title=\"consulting\" srcset=\"https:\/\/kuhn-solutions.de\/wp-content\/uploads\/2018\/02\/consulting.jpg 964w, https:\/\/kuhn-solutions.de\/wp-content\/uploads\/2018\/02\/consulting-300x134.jpg 300w, https:\/\/kuhn-solutions.de\/wp-content\/uploads\/2018\/02\/consulting-768x342.jpg 768w, https:\/\/kuhn-solutions.de\/wp-content\/uploads\/2018\/02\/consulting-370x165.jpg 370w, https:\/\/kuhn-solutions.de\/wp-content\/uploads\/2018\/02\/consulting-360x160.jpg 360w, https:\/\/kuhn-solutions.de\/wp-content\/uploads\/2018\/02\/consulting-600x267.jpg 600w\" sizes=\"auto, (max-width: 964px) 100vw, 964px\"><\/div>\n\t\t<\/figure>\n\t<\/div>\n\n\t<div class=\"wpb_text_column wpb_content_element\">\n\t\t<div class=\"wpb_wrapper\">\n\t\t\t<h4>FORMES DE COOP\u00c9RATION<\/h4>\n<p>Les par\u00adten\u00adari\u00adats de con\u00adfi\u00adance et \u00e0 long ter\u00adme ont beso\u00adin d\u2019u\u00adne base trans\u00adpa\u00adren\u00adte. Pour cela, nous vous pro\u00adpo\u00adsons dif\u00adf\u00e9\u00adren\u00adtes for\u00admes de collaboration.<\/p>\n<p>CONTRAT DE SERVICE \u2013 Un ser\u00advice con\u00advenu, \u00e0 un prix fix\u00e9 d\u2019un com\u00admun accord.<\/p>\n<p>CONTRAT D\u2019OEUVRE \u2013 L\u2019ob\u00adjec\u00adtif com\u00adme objet du cont\u00adrat, le suc\u00adc\u00e8s d\u00e9ter\u00admi\u00adne l\u2019ex\u00e9cution.<\/p>\n<p>CONTRAT DE MAINTENANCE ET D\u2019ASSISTANCE DU LOGICIEL \u2013 Un seul prix, une assis\u00adtance garan\u00adtie tou\u00adte l\u2019ann\u00e9e.<\/p>\n<p>D\u00e9ci\u00addez quel\u00adle for\u00adme de cont\u00adrat est la plus appro\u00adpri\u00e9e pour vous. Nous nous ferons un plai\u00adsir de vous conseiller.<\/p>\n\n\t\t<\/div>\n\t<\/div>\n<\/div><\/div><\/div><\/div><div class=\"vc_row wpb_row vc_row-fluid\"><div class=\"wpb_column vc_column_container vc_col-sm-12\"><div class=\"vc_column-inner\"><div class=\"wpb_wrapper\"><div class=\"vc_empty_space\" style=\"height: 42px\"><span class=\"vc_empty_space_inner\"><\/span><\/div>\n\t<div class=\"wpb_text_column wpb_content_element\">\n\t\t<div class=\"wpb_wrapper\">\n\t\t\t<p>Sur <a href=\"https:\/\/kuhn-solutions.de\/fr\/projektportfolio\/\">Porte\u00adfeuille de pro\u00adjets<\/a> vous trou\u00adverez un petit extrait des pro\u00adjets que nous avons men\u00e9s \u00e0&nbsp;bien.<\/p>\n\n\t\t<\/div>\n\t<\/div>\n<\/div><\/div><\/div><\/div>\n<\/div>","protected":false},"excerpt":{"rendered":"Gr\u00e2ce \u00e0 not\u00adre com\u00adpo\u00adsi\u00adti\u00adon inter\u00addi\u00adsci\u00adpli\u00adnaire, nous dis\u00adpo\u00adsons d\u2019un lar\u00adge porte\u00adfeuille de pre\u00adsta\u00adti\u00adons que nous met\u00adtons volon\u00adtiers \u00e0 vot\u00adre dis\u00adpo\u00adsi\u00adti\u00adon. Nous pou\u00advons vous pro\u00adpo\u00adser des solu\u00adti\u00adons indi\u00advi\u00addu\u00adel\u00adles d\u2019un seul ten\u00adant, id\u00e9a\u00adle\u00adment adap\u00adt\u00e9es aux beso\u00adins de vot\u00adre ent\u00adre\u00adpri\u00adse. D\u00e9cou\u00advrez sur cet\u00adte&nbsp;page\u2026","protected":false},"author":1,"featured_media":0,"parent":0,"menu_order":0,"comment_status":"open","ping_status":"open","template":"","meta":{"wp_typography_post_enhancements_disabled":false,"footnotes":""},"class_list":["post-1126","page","type-page","status-publish","hentry"],"_links":{"self":[{"href":"https:\/\/kuhn-solutions.de\/fr\/wp-json\/wp\/v2\/pages\/1126","targetHints":{"allow":["GET"]}}],"collection":[{"href":"https:\/\/kuhn-solutions.de\/fr\/wp-json\/wp\/v2\/pages"}],"about":[{"href":"https:\/\/kuhn-solutions.de\/fr\/wp-json\/wp\/v2\/types\/page"}],"author":[{"embeddable":true,"href":"https:\/\/kuhn-solutions.de\/fr\/wp-json\/wp\/v2\/users\/1"}],"replies":[{"embeddable":true,"href":"https:\/\/kuhn-solutions.de\/fr\/wp-json\/wp\/v2\/comments?post=1126"}],"version-history":[{"count":15,"href":"https:\/\/kuhn-solutions.de\/fr\/wp-json\/wp\/v2\/pages\/1126\/revisions"}],"predecessor-version":[{"id":1602,"href":"https:\/\/kuhn-solutions.de\/fr\/wp-json\/wp\/v2\/pages\/1126\/revisions\/1602"}],"wp:attachment":[{"href":"https:\/\/kuhn-solutions.de\/fr\/wp-json\/wp\/v2\/media?parent=1126"}],"curies":[{"name":"wp","href":"https:\/\/api.w.org\/{rel}","templated":true}]}}