{"id":1067,"date":"2018-05-24T10:03:22","date_gmt":"2018-05-24T08:03:22","guid":{"rendered":"https:\/\/kuhneng.de\/?page_id=1067"},"modified":"2022-10-03T09:30:49","modified_gmt":"2022-10-03T07:30:49","slug":"haftungsausschluss","status":"publish","type":"page","link":"https:\/\/kuhn-solutions.de\/fr\/haftungsausschluss\/","title":{"rendered":"Clau\u00adse de non-responsabilit\u00e9"},"content":{"rendered":"<div class=\"wpb-content-wrapper\"><div class=\"vc_row wpb_row vc_row-fluid\"><div class=\"wpb_column vc_column_container vc_col-sm-12\"><div class=\"vc_column-inner\"><div class=\"wpb_wrapper\">\n\t<div class=\"wpb_text_column wpb_content_element\">\n\t\t<div class=\"wpb_wrapper\">\n\t\t\t<h1><span class=\"xr_tl xr_s18\"><span class=\"xr_s19\">Clause de non-responsabilit\u00e9<\/span><\/span><\/h1>\n<h4><span class=\"xr_tl xr_s18\"><span class=\"xr_s19\">Responsabilit\u00e9 pour le<\/span><\/span><span class=\"xr_tl xr_s18\"><span class=\"xr_s19\"> Inhal<\/span><\/span><span class=\"xr_tl xr_s18\"><span class=\"xr_s19\">t<\/span><\/span><\/h4>\n<p>Le con\u00adtenu de nos pages a \u00e9t\u00e9 \u00e9la\u00adbo\u00adr\u00e9 avec le plus grand soin. Nous ne pou\u00advons tou\u00adte\u00adfois pas garan\u00adtir l\u2019e\u00adxacti\u00adtu\u00adde, l\u2019ex\u00adhaus\u00adti\u00advi\u00adt\u00e9 et l\u2019ac\u00adtua\u00adli\u00adt\u00e9 des con\u00adte\u00adnus. En tant que presta\u00adtai\u00adre de ser\u00advices, nous som\u00admes respons\u00adables, con\u00adfor\u00adm\u00e9\u00adment au \u00a7 7 ali\u00adn\u00e9a 1 de la loi alle\u00adman\u00adde sur les t\u00e9l\u00e9\u00adm\u00e9\u00addi\u00adas (TMG), de nos pro\u00adpres con\u00adte\u00adnus sur ces pages selon les lois g\u00e9n\u00e9\u00adra\u00adles. Selon les \u00a7\u00a7 8 \u00e0 10 de la TMG, nous ne som\u00admes tou\u00adte\u00adfois pas tenus, en tant que presta\u00adtai\u00adre de ser\u00advices, de sur\u00adveil\u00adler les infor\u00adma\u00adti\u00adons exter\u00adnes trans\u00admi\u00adses ou enre\u00adgis\u00adtr\u00e9es ou de recher\u00adcher les cir\u00adcon\u00ads\u00adtances qui indi\u00adquent une acti\u00advi\u00adt\u00e9 ill\u00e9\u00adga\u00adle. Les obli\u00adga\u00adti\u00adons de sup\u00adp\u00adri\u00admer ou de blo\u00adquer l\u2019uti\u00adli\u00adsa\u00adti\u00adon d\u2019in\u00adfor\u00adma\u00adti\u00adons con\u00adfor\u00adm\u00e9\u00adment aux lois g\u00e9n\u00e9\u00adra\u00adles restent inchan\u00adg\u00e9es. Une responsa\u00adbi\u00adli\u00adt\u00e9 \u00e0 cet \u00e9gard n\u2019est tou\u00adte\u00adfois pos\u00adsi\u00adble qu\u2019\u00e0 par\u00adtir du moment o\u00f9 une vio\u00adla\u00adti\u00adon con\u00adcr\u00e8\u00adte de la loi est con\u00adnue. D\u00e8s que nous aurons con\u00adnais\u00adsance d\u2019u\u00adne tel\u00adle vio\u00adla\u00adti\u00adon, nous sup\u00adp\u00adri\u00adme\u00adrons imm\u00e9\u00addia\u00adte\u00adment les con\u00adte\u00adnus concern\u00e9s.<\/p>\n<h4><span class=\"xr_tl xr_s18\"><span class=\"xr_s19\">Responsabilit\u00e9 pour les&nbsp;liens<\/span><\/span><\/h4>\n<p>Not\u00adre off\u00adre con\u00adti\u00adent des liens vers des sites web exter\u00adnes de tiers, sur le con\u00adtenu des\u00adquels nous n\u2019a\u00advons aucu\u00adne influence. C\u2019est pour\u00adquoi nous ne pou\u00advons pas non plus nous por\u00adter garants de ces con\u00adte\u00adnus exter\u00adnes. Le four\u00adnis\u00adseur ou l\u2019ex\u00adplo\u00aditant des pages li\u00e9es est tou\u00adjours responsable de leur con\u00adtenu. Les pages li\u00e9es ont \u00e9t\u00e9 con\u00adtr\u00f4l\u00e9es au moment de la cr\u00e9a\u00adti\u00adon du lien afin de v\u00e9ri\u00adfier qu\u2019el\u00adles ne pr\u00e9\u00adsen\u00adtai\u00adent pas d\u2019in\u00adfrac\u00adtion \u00e0 la loi. Aucun con\u00adtenu ill\u00e9\u00adgal n\u2019a \u00e9t\u00e9 iden\u00adti\u00adfi\u00e9 au moment de la cr\u00e9a\u00adti\u00adon du lien. Un con\u00adtr\u00f4\u00adle per\u00adma\u00adnent du con\u00adtenu des pages li\u00e9es n\u2019est cepen\u00addant pas exi\u00adgi\u00adble sans indi\u00adces con\u00adcrets d\u2019u\u00adne vio\u00adla\u00adti\u00adon de la loi. Si nous pre\u00adnons con\u00adnais\u00adsance de vio\u00adla\u00adti\u00adons de la loi, nous sup\u00adp\u00adri\u00adme\u00adrons imm\u00e9\u00addia\u00adte\u00adment de tels&nbsp;liens.<\/p>\n<h4><span class=\"xr_tl xr_s18\"><span class=\"xr_s19\">Droit d\u2019auteur<\/span><\/span><\/h4>\n<p>Les con\u00adte\u00adnus et \u0153uvres cr\u00e9\u00ad\u00e9s par les explo\u00aditants de ces pages sont sou\u00admis au droit d\u2019au\u00adteur alle\u00admand. Les con\u00adtri\u00adbu\u00adti\u00adons de tiers sont signa\u00adl\u00e9es com\u00adme tel\u00adles. La repro\u00adduc\u00adtion, le trai\u00adte\u00adment, la dif\u00adfu\u00adsi\u00adon et tou\u00adte for\u00adme d\u2019ex\u00adplo\u00adita\u00adti\u00adon en dehors des limi\u00adtes du droit d\u2019au\u00adteur requi\u00e8\u00adrent l\u2019ac\u00adcord \u00e9crit de l\u2019au\u00adteur ou du cr\u00e9\u00ada\u00adteur con\u00adcer\u00adn\u00e9. Les t\u00e9l\u00e9\u00adchar\u00adge\u00adments et les copies de cet\u00adte page ne sont auto\u00adri\u00ads\u00e9s que pour un usa\u00adge pri\u00adv\u00e9 et non com\u00admer\u00adcial. Les explo\u00aditants des pages s\u2019ef\u00adfor\u00adcent de tou\u00adjours respec\u00adter les droits d\u2019au\u00adteur d\u2019au\u00adtrui ou de recour\u00adir \u00e0 des \u0153uvres cr\u00e9\u00ad\u00e9es par eux-m\u00eames ou libres de droits.<\/p>\n<p>Source : Dis\u00adclai\u00admer de <a href=\"https:\/\/www.e-recht24.de\/\" target=\"_blank\" rel=\"noopener\">eRecht24.de<\/a>. Con\u00adseil juri\u00addi\u00adque de RA S\u00f6ren Siebert.<\/p>\n\n\t\t<\/div>\n\t<\/div>\n<\/div><\/div><\/div><\/div>\n<\/div>","protected":false},"excerpt":{"rendered":"Exclu\u00adsi\u00adon de responsa\u00adbi\u00adli\u00adt\u00e9 Responsa\u00adbi\u00adli\u00adt\u00e9 pour le con\u00adtenu Le con\u00adtenu de nos pages a \u00e9t\u00e9 \u00e9la\u00adbo\u00adr\u00e9 avec le plus grand soin. Nous ne pou\u00advons tou\u00adte\u00adfois pas garan\u00adtir l\u2019e\u00adxacti\u00adtu\u00adde, l\u2019ex\u00adhaus\u00adti\u00advi\u00adt\u00e9 et l\u2019ac\u00adtua\u00adli\u00adt\u00e9 des con\u00adte\u00adnus. En tant que presta\u00adtai\u00adre de ser\u00advices, nous som\u00admes respons\u00adables, con\u00adfor\u00adm\u00e9\u00adment \u00e0 l\u2019ar\u00adtic\u00adle 7, para\u00adgra\u00adphe 1, de la loi alle\u00adman\u00adde sur les t\u00e9l\u00e9\u00adm\u00e9\u00addi\u00adas (TMG), de nos pro\u00adpres contenus\u2026","protected":false},"author":1,"featured_media":0,"parent":0,"menu_order":0,"comment_status":"closed","ping_status":"closed","template":"","meta":{"wp_typography_post_enhancements_disabled":false,"footnotes":""},"class_list":["post-1067","page","type-page","status-publish","hentry"],"_links":{"self":[{"href":"https:\/\/kuhn-solutions.de\/fr\/wp-json\/wp\/v2\/pages\/1067","targetHints":{"allow":["GET"]}}],"collection":[{"href":"https:\/\/kuhn-solutions.de\/fr\/wp-json\/wp\/v2\/pages"}],"about":[{"href":"https:\/\/kuhn-solutions.de\/fr\/wp-json\/wp\/v2\/types\/page"}],"author":[{"embeddable":true,"href":"https:\/\/kuhn-solutions.de\/fr\/wp-json\/wp\/v2\/users\/1"}],"replies":[{"embeddable":true,"href":"https:\/\/kuhn-solutions.de\/fr\/wp-json\/wp\/v2\/comments?post=1067"}],"version-history":[{"count":10,"href":"https:\/\/kuhn-solutions.de\/fr\/wp-json\/wp\/v2\/pages\/1067\/revisions"}],"predecessor-version":[{"id":2682,"href":"https:\/\/kuhn-solutions.de\/fr\/wp-json\/wp\/v2\/pages\/1067\/revisions\/2682"}],"wp:attachment":[{"href":"https:\/\/kuhn-solutions.de\/fr\/wp-json\/wp\/v2\/media?parent=1067"}],"curies":[{"name":"wp","href":"https:\/\/api.w.org\/{rel}","templated":true}]}}