{"id":1038,"date":"2018-05-08T18:54:42","date_gmt":"2018-05-08T16:54:42","guid":{"rendered":"https:\/\/kuhneng.de\/?page_id=1038"},"modified":"2019-09-07T20:58:41","modified_gmt":"2019-09-07T18:58:41","slug":"produktanimation-rundschalttisch-rse-4","status":"publish","type":"page","link":"https:\/\/kuhn-solutions.de\/fr\/produktanimation-rundschalttisch-rse-4\/","title":{"rendered":"Visua\u00adli\u00adsa\u00adti\u00adons \u00e0 l\u2019exemp\u00adle de la table \u00e0 trans\u00adfert cir\u00adcu\u00adlai\u00adre RSE\u20114"},"content":{"rendered":"<div class=\"wpb-content-wrapper\"><div class=\"vc_row wpb_row vc_row-fluid\"><div class=\"wpb_column vc_column_container vc_col-sm-12\"><div class=\"vc_column-inner\"><div class=\"wpb_wrapper\">\n\t<div class=\"wpb_text_column wpb_content_element\">\n\t\t<div class=\"wpb_wrapper\">\n\t\t\t<p>Pour les <a href=\"https:\/\/wagnerautomation.de\/\" target=\"_blank\" rel=\"noopener\">Frie\u00adde\u00admann Wag\u00adner GmbH<\/a>, un pro\u00adfes\u00adsi\u00adon\u00adnel dans le domaine de la manu\u00adten\u00adti\u00adon et de l\u2019au\u00adto\u00adma\u00adtis\u00ada\u00adti\u00adon, la table \u00e0 trans\u00adfert cir\u00adcu\u00adlai\u00adre RSE\u20114 sera visua\u00adli\u00ads\u00e9e. Le pro\u00adjet se con\u00adcent\u00adre sur la descrip\u00adti\u00adon visu\u00adel\u00adle du fon\u00adc\u00adtion\u00adne\u00adment, les nombreu\u00adses pos\u00adsi\u00adbi\u00adli\u00adt\u00e9s de r\u00e9g\u00adla\u00adge et de modi\u00adfi\u00adca\u00adti\u00adon ain\u00adsi que la mani\u00adpu\u00adla\u00adti\u00adon cor\u00adrec\u00adte du pro\u00adduit. Ce pro\u00adjet d\u00e9mont\u00adre les pos\u00adsi\u00adbi\u00adli\u00adt\u00e9s et les avan\u00adta\u00adges d\u2019u\u00adne ani\u00adma\u00adti\u00adon. En effet, seu\u00adle l\u2019ani\u00adma\u00adti\u00adon per\u00admet de fai\u00adre com\u00adprend\u00adre au cli\u00adent et \u00e0 l\u2019uti\u00adli\u00adsa\u00adteur le fon\u00adc\u00adtion\u00adne\u00adment et les aspects tech\u00adni\u00adques com\u00adple\u00adxes en un mini\u00admum de&nbsp;temps.<\/p>\n\n\t\t<\/div>\n\t<\/div>\n<div class=\"vc_empty_space\" style=\"height: 20px\"><span class=\"vc_empty_space_inner\"><\/span><\/div>\n\t<div class=\"wpb_text_column wpb_content_element\">\n\t\t<div class=\"wpb_wrapper\">\n\t\t\t<h2>Les animations ainsi que les descriptions des animations respectives, dispos\u00e9es \u00e0 titre d\u2019exemple dans des onglets&nbsp;:<\/h2>\n\n\t\t<\/div>\n\t<\/div>\n<div class=\"vc_empty_space\" style=\"height: 32px\"><span class=\"vc_empty_space_inner\"><\/span><\/div><div class=\"vc_tta-container\" data-vc-action=\"collapse\"><div class=\"vc_general vc_tta vc_tta-tabs vc_tta-color-grey vc_tta-style-anps_tabs vc_tta-shape-rounded vc_tta-spacing-1 vc_tta-tabs-position-top vc_tta-controls-align-left\"><div class=\"vc_tta-tabs-container\"><ul class=\"vc_tta-tabs-list\" role=\"tablist\"><li class=\"vc_tta-tab vc_active\" data-vc-tab role=\"presentation\"><a href=\"#1525864524961-a1220746-44e3\" data-vc-tabs data-vc-container=\".vc_tta\" role=\"tab\" id=\"tab-1525864524961-a1220746-44e3\"><span class=\"vc_tta-title-text\">Visua\u00adli\u00adsa\u00adti\u00adon de pro\u00adduits en&nbsp;3D<\/span><\/a><\/li><li class=\"vc_tta-tab\" data-vc-tab role=\"presentation\"><a href=\"#1567881284521-97f6b74d-d8ce\" data-vc-tabs data-vc-container=\".vc_tta\" role=\"tab\" id=\"tab-1567881284521-97f6b74d-d8ce\"><span class=\"vc_tta-title-text\">Fon\u00adc\u00adtion\u00adne\u00adment<\/span><\/a><\/li><li class=\"vc_tta-tab\" data-vc-tab role=\"presentation\"><a href=\"#1525879196769-08411511-7778\" data-vc-tabs data-vc-container=\".vc_tta\" role=\"tab\" id=\"tab-1525879196769-08411511-7778\"><span class=\"vc_tta-title-text\">Rota\u00adti\u00adon \u00e0 gauche<\/span><\/a><\/li><li class=\"vc_tta-tab\" data-vc-tab role=\"presentation\"><a href=\"#1525879432370-7a78aae8-61a4\" data-vc-tabs data-vc-container=\".vc_tta\" role=\"tab\" id=\"tab-1525879432370-7a78aae8-61a4\"><span class=\"vc_tta-title-text\">Rota\u00adti\u00adon \u00e0 droite<\/span><\/a><\/li><li class=\"vc_tta-tab\" data-vc-tab role=\"presentation\"><a href=\"#1536731472028-47be73de-9851\" data-vc-tabs data-vc-container=\".vc_tta\" role=\"tab\" id=\"tab-1536731472028-47be73de-9851\"><span class=\"vc_tta-title-text\">Fon\u00adc\u00adtion\u00adne\u00adment pen\u00addu\u00adlai\u00adre&nbsp;180<\/span><\/a><\/li><li class=\"vc_tta-tab\" data-vc-tab role=\"presentation\"><a href=\"#1525864525006-ee89c05d-c8c9\" data-vc-tabs data-vc-container=\".vc_tta\" role=\"tab\" id=\"tab-1525864525006-ee89c05d-c8c9\"><span class=\"vc_tta-title-text\">Mode pen\u00addu\u00adlai\u00adre com\u00adman\u00adde&nbsp;libre<\/span><\/a><\/li><li class=\"vc_tta-tab\" data-vc-tab role=\"presentation\"><a href=\"#1536731506362-c1952daa-cc11\" data-vc-tabs data-vc-container=\".vc_tta\" role=\"tab\" id=\"tab-1536731506362-c1952daa-cc11\"><span class=\"vc_tta-title-text\">\u00c9tran\u00adgle\u00adment et vites\u00adse de rotation<\/span><\/a><\/li><li class=\"vc_tta-tab\" data-vc-tab role=\"presentation\"><a href=\"#1536731523605-2a0eb15e-9461\" data-vc-tabs data-vc-container=\".vc_tta\" role=\"tab\" id=\"tab-1536731523605-2a0eb15e-9461\"><span class=\"vc_tta-title-text\">Deman\u00adde de position<\/span><\/a><\/li><li class=\"vc_tta-tab\" data-vc-tab role=\"presentation\"><a href=\"#1536731540754-fd65c643-010a\" data-vc-tabs data-vc-container=\".vc_tta\" role=\"tab\" id=\"tab-1536731540754-fd65c643-010a\"><span class=\"vc_tta-title-text\">Amor\u00adtis\u00adseur de&nbsp;chocs<\/span><\/a><\/li><li class=\"vc_tta-tab\" data-vc-tab role=\"presentation\"><a href=\"#1536731558337-997d9d01-77b5\" data-vc-tabs data-vc-container=\".vc_tta\" role=\"tab\" id=\"tab-1536731558337-997d9d01-77b5\"><span class=\"vc_tta-title-text\">R\u00e9g\u00adla\u00adge et ver\u00adrouil\u00adla\u00adge de l\u2019amortisseur<\/span><\/a><\/li><\/ul><\/div><div class=\"vc_tta-panels-container\"><div class=\"vc_tta-panels\"><div class=\"vc_tta-panel vc_active\" id=\"1525864524961-a1220746-44e3\" data-vc-content=\".vc_tta-panel-body\"><div class=\"vc_tta-panel-heading\"><h4 class=\"vc_tta-panel-title\"><a href=\"#1525864524961-a1220746-44e3\" data-vc-accordion data-vc-container=\".vc_tta-container\"><span class=\"vc_tta-title-text\">Visualisation de produits en&nbsp;3D<\/span><\/a><\/h4><\/div><div class=\"vc_tta-panel-body\"><div class=\"video-wrapper\"><\/div><div class=\"vc_empty_space\" style=\"height: 20px\"><span class=\"vc_empty_space_inner\"><\/span><\/div>\n\t<div class=\"wpb_text_column wpb_content_element\">\n\t\t<div class=\"wpb_wrapper\">\n\t\t\t<h2 data-fontsize=\"19\" data-lineheight=\"26\">Visualisation 3D du produit \u2013 Table \u00e0 transfert circulaire RSE\u20114<\/h2>\n<p>Cet\u00adte visua\u00adli\u00adsa\u00adti\u00adon de pro\u00adduit pr\u00e9\u00adsen\u00adte la table \u00e0 trans\u00adfert cir\u00adcu\u00adlai\u00adre RSE\u20114 (et RSE\u20113) de Frie\u00adde\u00admann Wag\u00adner GmbH. Les prin\u00adci\u00adpaux modes de fon\u00adc\u00adtion\u00adne\u00adment, la fon\u00adc\u00adtion\u00adna\u00adli\u00adt\u00e9 ain\u00adsi que les carac\u00adt\u00e9\u00adris\u00adti\u00adques et pos\u00adsi\u00adbi\u00adli\u00adt\u00e9s de r\u00e9g\u00adla\u00adge sup\u00adp\u00adl\u00e9\u00admen\u00adtai\u00adres sont pr\u00e9\u00adsen\u00adt\u00e9s de mani\u00e8\u00adre br\u00e8\u00adve et com\u00adpr\u00e9\u00adhen\u00adsi\u00adble. Les aut\u00adres onglets con\u00adti\u00aden\u00adnent les dif\u00adf\u00e9\u00adren\u00adtes ani\u00adma\u00adti\u00adons qui met\u00adtent en \u00e9vi\u00addence et expli\u00adquent les dif\u00adf\u00e9\u00adren\u00adtes fon\u00adc\u00adtions et carac\u00adt\u00e9\u00adris\u00adti\u00adques du produit.<\/p>\n\n\t\t<\/div>\n\t<\/div>\n<\/div><\/div><div class=\"vc_tta-panel\" id=\"1567881284521-97f6b74d-d8ce\" data-vc-content=\".vc_tta-panel-body\"><div class=\"vc_tta-panel-heading\"><h4 class=\"vc_tta-panel-title\"><a href=\"#1567881284521-97f6b74d-d8ce\" data-vc-accordion data-vc-container=\".vc_tta-container\"><span class=\"vc_tta-title-text\">Fonctionnement<\/span><\/a><\/h4><\/div><div class=\"vc_tta-panel-body\"><div class=\"video-wrapper\"><\/div><div class=\"vc_empty_space\" style=\"height: 20px\"><span class=\"vc_empty_space_inner\"><\/span><\/div>\n\t<div class=\"wpb_text_column wpb_content_element\">\n\t\t<div class=\"wpb_wrapper\">\n\t\t\t<h2 data-fontsize=\"19\" data-lineheight=\"26\">Fonctionnement \u2013 Table \u00e0 transfert circulaire RSE\u20114<\/h2>\n<p>Fon\u00adc\u00adtion\u00adne\u00adment de la table \u00e0 trans\u00adfert cir\u00adcu\u00adlai\u00adre RSE\u20114 (et RSE\u20113). Lors\u00adque la cr\u00e9\u00admail\u00adl\u00e8\u00adre (pis\u00adton) est accou\u00adpl\u00e9e, le pla\u00adteau est mis en rota\u00adti\u00adon (avan\u00adce). Le mou\u00adve\u00adment lin\u00e9\u00adai\u00adre est trans\u00adfor\u00adm\u00e9 en rota\u00adti\u00adon. En posi\u00adti\u00adon fina\u00adle, l\u2019en\u00adtra\u00ee\u00adne\u00adment est d\u00e9s\u00adac\u00adcou\u00adpl\u00e9 et le pla\u00adteau est simul\u00adta\u00adn\u00e9\u00adment index\u00e9 pour l\u2019u\u00adsi\u00adna\u00adge de la pi\u00e8\u00adce (absorp\u00adti\u00adon ver\u00adrouil\u00adl\u00e9e du cou\u00adple 100 Nm par 2 bou\u00adlons d\u2019in\u00addexa\u00adti\u00adon). Lors\u00adque le pla\u00adteau est ver\u00adrouil\u00adl\u00e9, la cr\u00e9\u00admail\u00adl\u00e8\u00adre revi\u00adent \u00e0 sa posi\u00adti\u00adon initia\u00adle. La com\u00adman\u00adde peut donc \u00eatre effec\u00adtu\u00e9e par un dis\u00adtri\u00adbu\u00adteur 5\/2 !<\/p>\n\n\t\t<\/div>\n\t<\/div>\n<\/div><\/div><div class=\"vc_tta-panel\" id=\"1525879196769-08411511-7778\" data-vc-content=\".vc_tta-panel-body\"><div class=\"vc_tta-panel-heading\"><h4 class=\"vc_tta-panel-title\"><a href=\"#1525879196769-08411511-7778\" data-vc-accordion data-vc-container=\".vc_tta-container\"><span class=\"vc_tta-title-text\">Rotation \u00e0 gauche<\/span><\/a><\/h4><\/div><div class=\"vc_tta-panel-body\"><div class=\"video-wrapper\"><\/div><div class=\"vc_empty_space\" style=\"height: 20px\"><span class=\"vc_empty_space_inner\"><\/span><\/div>\n\t<div class=\"wpb_text_column wpb_content_element\">\n\t\t<div class=\"wpb_wrapper\">\n\t\t\t<h2 data-fontsize=\"19\" data-lineheight=\"26\">Rotation \u00e0 gauche \u2013 Table \u00e0 transfert circulaire RSE\u20114<\/h2>\n<p>Table \u00e0 trans\u00adfert cir\u00adcu\u00adlai\u00adre pneu\u00adma\u00adtique RSE\u20114. Repr\u00e9\u00adsen\u00adt\u00e9e ici en rota\u00adti\u00adon \u00e0 gau\u00adche (sens inver\u00adse des aiguilles d\u2019u\u00adne mont\u00adre), vue d\u2019en haut sur le pla\u00adteau. Le sens de rota\u00adti\u00adon peut \u00eatre modi\u00adfi\u00e9 par le cli\u00adent lui-m\u00eame. En out\u00adre, un kit de trans\u00adfor\u00adma\u00adti\u00adon pour le mode pen\u00addu\u00adlai\u00adre est dis\u00adpo\u00adnible dans les accessoires&nbsp;!<\/p>\n\n\t\t<\/div>\n\t<\/div>\n<\/div><\/div><div class=\"vc_tta-panel\" id=\"1525879432370-7a78aae8-61a4\" data-vc-content=\".vc_tta-panel-body\"><div class=\"vc_tta-panel-heading\"><h4 class=\"vc_tta-panel-title\"><a href=\"#1525879432370-7a78aae8-61a4\" data-vc-accordion data-vc-container=\".vc_tta-container\"><span class=\"vc_tta-title-text\">Rotation \u00e0 droite<\/span><\/a><\/h4><\/div><div class=\"vc_tta-panel-body\"><div class=\"video-wrapper\"><\/div><div class=\"vc_empty_space\" style=\"height: 20px\"><span class=\"vc_empty_space_inner\"><\/span><\/div>\n\t<div class=\"wpb_text_column wpb_content_element\">\n\t\t<div class=\"wpb_wrapper\">\n\t\t\t<h2 data-fontsize=\"19\" data-lineheight=\"26\">Rotation \u00e0 droite \u2013 Table \u00e0 transfert circulaire RSE\u20114<\/h2>\n<p>Table \u00e0 trans\u00adfert cir\u00adcu\u00adlai\u00adre pneu\u00adma\u00adtique RSE\u20114. Repr\u00e9\u00adsen\u00adt\u00e9e ici en rota\u00adti\u00adon \u00e0 droi\u00adte (sens des aiguilles d\u2019u\u00adne mont\u00adre), vue d\u2019en haut sur le pla\u00adteau. Le sens de rota\u00adti\u00adon peut \u00eatre modi\u00adfi\u00e9 par le cli\u00adent lui-m\u00eame. En out\u00adre, un kit de trans\u00adfor\u00adma\u00adti\u00adon pour le mode pen\u00addu\u00adlai\u00adre est dis\u00adpo\u00adnible dans les accessoires&nbsp;!<\/p>\n\n\t\t<\/div>\n\t<\/div>\n<\/div><\/div><div class=\"vc_tta-panel\" id=\"1536731472028-47be73de-9851\" data-vc-content=\".vc_tta-panel-body\"><div class=\"vc_tta-panel-heading\"><h4 class=\"vc_tta-panel-title\"><a href=\"#1536731472028-47be73de-9851\" data-vc-accordion data-vc-container=\".vc_tta-container\"><span class=\"vc_tta-title-text\">Fonctionnement pendulaire 180<\/span><\/a><\/h4><\/div><div class=\"vc_tta-panel-body\"><div class=\"video-wrapper\"><\/div><div class=\"vc_empty_space\" style=\"height: 20px\"><span class=\"vc_empty_space_inner\"><\/span><\/div>\n\t<div class=\"wpb_text_column wpb_content_element\">\n\t\t<div class=\"wpb_wrapper\">\n\t\t\t<h2>Mode pendulaire 180\u00b0 \u2013 Table \u00e0 transfert circulaire RSE\u20114<\/h2>\n<p>Ani\u00adma\u00adti\u00adon d\u2019un fon\u00adc\u00adtion\u00adne\u00adment pen\u00addu\u00adlai\u00adre gau\u00adche \/ droi\u00adte \u2013 180\u00b0. Les unit\u00e9s de com\u00admu\u00adta\u00adti\u00adon ron\u00addes RSE\u20113 et RSE\u20114 peu\u00advent d\u00e9j\u00e0 \u00eatre com\u00adman\u00add\u00e9es en usi\u00adne en ver\u00adsi\u00adon pen\u00addu\u00adlai\u00adre. Il est \u00e9ga\u00adle\u00adment pos\u00adsi\u00adble de les trans\u00adfor\u00admer ult\u00e9\u00adri\u00adeu\u00adre\u00adment (acces\u00adsoires, kit de transformation).<\/p>\n\n\t\t<\/div>\n\t<\/div>\n<\/div><\/div><div class=\"vc_tta-panel\" id=\"1525864525006-ee89c05d-c8c9\" data-vc-content=\".vc_tta-panel-body\"><div class=\"vc_tta-panel-heading\"><h4 class=\"vc_tta-panel-title\"><a href=\"#1525864525006-ee89c05d-c8c9\" data-vc-accordion data-vc-container=\".vc_tta-container\"><span class=\"vc_tta-title-text\">Mode pendulaire commande libre<\/span><\/a><\/h4><\/div><div class=\"vc_tta-panel-body\"><div class=\"video-wrapper\"><\/div><div class=\"vc_empty_space\" style=\"height: 20px\"><span class=\"vc_empty_space_inner\"><\/span><\/div>\n\t<div class=\"wpb_text_column wpb_content_element\">\n\t\t<div class=\"wpb_wrapper\">\n\t\t\t<h2>Mode pendulaire commande libre \u2013 Table \u00e0 transfert circulaire RSE\u20114<\/h2>\n<p>Ani\u00adma\u00adti\u00adon d\u2019un fon\u00adc\u00adtion\u00adne\u00adment pen\u00addu\u00adlai\u00adre gau\u00adche \/ droi\u00adte \u2013 com\u00adman\u00adde lib\u00adre. Les unit\u00e9s de com\u00admu\u00adta\u00adti\u00adon ron\u00addes RSE\u20113 et RSE\u20114 peu\u00advent d\u00e9j\u00e0 \u00eatre com\u00adman\u00add\u00e9es en usi\u00adne en ver\u00adsi\u00adon pen\u00addu\u00adlai\u00adre. Il est \u00e9ga\u00adle\u00adment pos\u00adsi\u00adble de les trans\u00adfor\u00admer ult\u00e9\u00adri\u00adeu\u00adre\u00adment (acces\u00adsoires, kit de transformation).<\/p>\n\n\t\t<\/div>\n\t<\/div>\n<\/div><\/div><div class=\"vc_tta-panel\" id=\"1536731506362-c1952daa-cc11\" data-vc-content=\".vc_tta-panel-body\"><div class=\"vc_tta-panel-heading\"><h4 class=\"vc_tta-panel-title\"><a href=\"#1536731506362-c1952daa-cc11\" data-vc-accordion data-vc-container=\".vc_tta-container\"><span class=\"vc_tta-title-text\">\u00c9tranglement et vitesse de rotation<\/span><\/a><\/h4><\/div><div class=\"vc_tta-panel-body\"><div class=\"video-wrapper\"><\/div><div class=\"vc_empty_space\" style=\"height: 20px\"><span class=\"vc_empty_space_inner\"><\/span><\/div>\n\t<div class=\"wpb_text_column wpb_content_element\">\n\t\t<div class=\"wpb_wrapper\">\n\t\t\t<h2>Etrangleur pour le r\u00e9glage de la vitesse de rotation \u2013 Table \u00e0 transfert circulaire RSE\u20114<\/h2>\n<p>Pour adap\u00adter en con\u00adtinu la vites\u00adse des assi\u00adet\u00adtes, l\u2019u\u00adni\u00adt\u00e9 de com\u00admu\u00adta\u00adti\u00adon cir\u00adcu\u00adlai\u00adre dis\u00adpo\u00adse en usi\u00adne d\u2019un r\u00e9duc\u00adteur d\u2019air d\u2019\u00e9\u00advacua\u00adti\u00adon int\u00e9\u00adg\u00adr\u00e9. Il n\u2019est donc pas n\u00e9ces\u00adsaire de l\u2019a\u00adche\u00adter ou de le rac\u00adcor\u00adder s\u00e9par\u00e9ment.<\/p>\n\n\t\t<\/div>\n\t<\/div>\n<\/div><\/div><div class=\"vc_tta-panel\" id=\"1536731523605-2a0eb15e-9461\" data-vc-content=\".vc_tta-panel-body\"><div class=\"vc_tta-panel-heading\"><h4 class=\"vc_tta-panel-title\"><a href=\"#1536731523605-2a0eb15e-9461\" data-vc-accordion data-vc-container=\".vc_tta-container\"><span class=\"vc_tta-title-text\">Demande de position<\/span><\/a><\/h4><\/div><div class=\"vc_tta-panel-body\"><div class=\"video-wrapper\"><\/div><div class=\"vc_empty_space\" style=\"height: 20px\"><span class=\"vc_empty_space_inner\"><\/span><\/div>\n\t<div class=\"wpb_text_column wpb_content_element\">\n\t\t<div class=\"wpb_wrapper\">\n\t\t\t<h2 class=\"title style-scope ytd-video-primary-info-renderer\">D\u00e9tection de position du d\u00e9tecteur de proximit\u00e9 NSS-O\u20116,5 dans la table \u00e0 transfert circulaire RSE\u20114<\/h2>\n<p>La d\u00e9tec\u00adtion par le kit de d\u00e9tec\u00adteurs de pro\u00adxi\u00admi\u00adt\u00e9 NSS-O\u20116,5\u2011S-65 est repr\u00e9\u00adsen\u00adt\u00e9e ici. Les d\u00e9tec\u00adteurs sont sim\u00adple\u00adment vis\u00ads\u00e9s \u00e0 la place des obtu\u00adra\u00adteurs et con\u00adfir\u00adment la posi\u00adti\u00adon fina\u00adle de la cr\u00e9\u00admail\u00adl\u00e8\u00adre. Repr\u00e9\u00adsen\u00adt\u00e9 sur une table en rota\u00adti\u00adon \u00e0 gau\u00adche (sens inver\u00adse des aiguilles d\u2019u\u00adne mont\u00adre, obser\u00adva\u00adti\u00adon d\u2019en haut sur le pla\u00adteau), on recon\u00adna\u00eet la signa\u00adli\u00adsa\u00adti\u00adon \u00e0 la fin de l\u2019a\u00advan\u00adce (pla\u00adteau tour\u00adn\u00e9) et lors\u00adque la cr\u00e9\u00admail\u00adl\u00e8\u00adre est ren\u00adtr\u00e9e (sous-enten\u00addu : verrouill\u00e9e).<\/p>\n\n\t\t<\/div>\n\t<\/div>\n<\/div><\/div><div class=\"vc_tta-panel\" id=\"1536731540754-fd65c643-010a\" data-vc-content=\".vc_tta-panel-body\"><div class=\"vc_tta-panel-heading\"><h4 class=\"vc_tta-panel-title\"><a href=\"#1536731540754-fd65c643-010a\" data-vc-accordion data-vc-container=\".vc_tta-container\"><span class=\"vc_tta-title-text\">Amortisseur de&nbsp;chocs<\/span><\/a><\/h4><\/div><div class=\"vc_tta-panel-body\"><div class=\"video-wrapper\"><\/div><div class=\"vc_empty_space\" style=\"height: 20px\"><span class=\"vc_empty_space_inner\"><\/span><\/div>\n\t<div class=\"wpb_text_column wpb_content_element\">\n\t\t<div class=\"wpb_wrapper\">\n\t\t\t<h2 class=\"title style-scope ytd-video-primary-info-renderer\">Amortisseur dans le plateau circulaire RSE\u20114<\/h2>\n<p>La situa\u00adti\u00adon de mon\u00adta\u00adge de l\u2019a\u00admor\u00adtis\u00adseur pour une table en rota\u00adti\u00adon \u00e0 gau\u00adche est repr\u00e9\u00adsen\u00adt\u00e9e ici (sens inver\u00adse des aiguilles d\u2019u\u00adne mont\u00adre, vue d\u2019en haut sur la table). Selon l\u2019i\u00adner\u00adtie de mas\u00adse en mou\u00adve\u00adment et la char\u00adge, l\u2019a\u00admor\u00adtis\u00adseur doit \u00eatre adap\u00adt\u00e9 soit par la vis de r\u00e9g\u00adla\u00adge, soit, le cas \u00e9ch\u00e9\u00adant, en vis\u00adsant et d\u00e9vis\u00adsant l\u2019a\u00admor\u00adtis\u00adseur (cour\u00adse effective).<\/p>\n\n\t\t<\/div>\n\t<\/div>\n<\/div><\/div><div class=\"vc_tta-panel\" id=\"1536731558337-997d9d01-77b5\" data-vc-content=\".vc_tta-panel-body\"><div class=\"vc_tta-panel-heading\"><h4 class=\"vc_tta-panel-title\"><a href=\"#1536731558337-997d9d01-77b5\" data-vc-accordion data-vc-container=\".vc_tta-container\"><span class=\"vc_tta-title-text\">R\u00e9glage et verrouillage de l\u2019amortisseur<\/span><\/a><\/h4><\/div><div class=\"vc_tta-panel-body\"><div class=\"video-wrapper\"><\/div><div class=\"vc_empty_space\" style=\"height: 20px\"><span class=\"vc_empty_space_inner\"><\/span><\/div>\n\t<div class=\"wpb_text_column wpb_content_element\">\n\t\t<div class=\"wpb_wrapper\">\n\t\t\t<h2 class=\"title style-scope ytd-video-primary-info-renderer\">R\u00e9glage de l\u2019amortisseur pour un verrouillage correct<\/h2>\n<p>Si l\u2019a\u00admor\u00adtis\u00adse\u00adment de la table \u00e0 trans\u00adfert cir\u00adcu\u00adlai\u00adre n\u2019est pas cor\u00adrec\u00adte\u00adment r\u00e9gl\u00e9 en fon\u00adc\u00adtion de la char\u00adge, l\u2019\u00e9\u00adner\u00adgie cin\u00e9\u00adtique pro\u00advo\u00adque un arr\u00eat pr\u00e9\u00adma\u00adtu\u00adr\u00e9 ou le d\u00e9pas\u00adse\u00adment de la posi\u00adti\u00adon de l\u2019in\u00addex. Selon la situa\u00adti\u00adon, cela emp\u00ea\u00adche ou com\u00adpli\u00adque le ver\u00adrouil\u00adla\u00adge du pla\u00adteau, car les deux bou\u00adlons ne peu\u00advent pas trou\u00adver libre\u00adment leur che\u00admin vers le ver\u00adrouil\u00adla\u00adge. Les bou\u00adlons de ver\u00adrouil\u00adla\u00adge coni\u00adques per\u00admet\u00adtent cer\u00adtes un inde\u00adxa\u00adge, mais cela s\u2019ac\u00adcom\u00adpa\u00adgne d\u2019un mou\u00adve\u00adment peu net et d\u2019u\u00adne usu\u00adre. La plu\u00adpart du temps, ce petit d\u00e9faut de r\u00e9g\u00adla\u00adge est recon\u00adnaissa\u00adble \u00e0 l\u2019a\u00advan\u00adc\u00e9e ou au recul de la cou\u00adpel\u00adle. R\u00e9g\u00adlez donc tou\u00adjours l\u2019a\u00admor\u00adtis\u00adseur en fon\u00adc\u00adtion de vot\u00adre char\u00adge (vis de r\u00e9g\u00adla\u00adge sur l\u2019a\u00admor\u00adtis\u00adseur ou uti\u00adli\u00adsa\u00adti\u00adon de la cour\u00adse en vis\u00adsant ou d\u00e9vis\u00adsant l\u2019amortisseur).<\/p>\n\n\t\t<\/div>\n\t<\/div>\n<\/div><\/div><\/div><\/div><\/div><\/div><\/div><\/div><\/div><div class=\"wpb_column vc_column_container vc_col-sm-12\"><div class=\"vc_column-inner\"><div class=\"wpb_wrapper\">\n\t<div class=\"wpb_text_column wpb_content_element\">\n\t\t<div class=\"wpb_wrapper\">\n\t\t\t<p style=\"text-align: center;\">Le site <a href=\"https:\/\/wagnerautomation.de\" target=\"_blank\" rel=\"noopener\">Frie\u00adde\u00admann Wag\u00adner GmbH<\/a> un grand mer\u00adci pour la mise \u00e0 dis\u00adpo\u00adsi\u00adti\u00adon des descrip\u00adti\u00adons des animations.<\/p>\n\n\t\t<\/div>\n\t<\/div>\n<div class=\"vc_empty_space\" style=\"height: 32px\"><span class=\"vc_empty_space_inner\"><\/span><\/div><\/div><\/div><\/div><\/div><div data-vc-full-width=\"true\" data-vc-full-width-temp=\"true\" data-vc-full-width-init=\"false\" class=\"vc_row wpb_row vc_row-fluid vc_custom_1496321201384 vc_row-has-fill\"><div class=\"wpb_column vc_column_container vc_col-sm-8\"><div class=\"vc_column-inner\"><div class=\"wpb_wrapper\">\n\t<div class=\"wpb_text_column wpb_content_element vc_custom_1536734877981\">\n\t\t<div class=\"wpb_wrapper\">\n\t\t\t<h3 style=\"text-align: left;\"><span style=\"color: #ffffff;\">Qu\u2019il s\u2019agisse d\u2019animations de produits, d\u2019animations fonctionnelles, d\u2019illustrations de produits ou d\u2019un film d\u2019entreprise, nous apportons de la lumi\u00e8re et du mouvement dans votre entreprise.<\/span><\/h3>\n\n\t\t<\/div>\n\t<\/div>\n<\/div><\/div><\/div><div class=\"wpb_column vc_column_container vc_col-sm-4\"><div class=\"vc_column-inner\"><div class=\"wpb_wrapper\"><a target=\"_self\" href=\"mailto:info@kuhn-solutions.de\" class=\"btn  btn-md style-1\" id=\"custom-id-0\" style>DEMANDER SANS ENGAGEMENT<\/a><\/div><\/div><\/div><\/div><div class=\"vc_row-full-width vc_clearfix\"><\/div>\n<\/div>","protected":false},"excerpt":{"rendered":"La table \u00e0 trans\u00adfert cir\u00adcu\u00adlai\u00adre RSE\u20114 est visua\u00adli\u00ads\u00e9e pour Frie\u00adde\u00admann Wag\u00adner GmbH, un pro\u00adfes\u00adsi\u00adon\u00adnel dans le domaine de la tech\u00adni\u00adque de mani\u00adpu\u00adla\u00adti\u00adon et de l\u2019au\u00adto\u00adma\u00adtis\u00ada\u00adti\u00adon. Le pro\u00adjet se con\u00adcent\u00adre sur la descrip\u00adti\u00adon visu\u00adel\u00adle du fon\u00adc\u00adtion\u00adne\u00adment, les nombreu\u00adses pos\u00adsi\u00adbi\u00adli\u00adt\u00e9s de r\u00e9g\u00adla\u00adge et de trans\u00adfor\u00adma\u00adti\u00adon ain\u00adsi que la mani\u00adpu\u00adla\u00adti\u00adon cor\u00adrec\u00adte du produit.\u2026","protected":false},"author":1,"featured_media":0,"parent":0,"menu_order":0,"comment_status":"open","ping_status":"closed","template":"","meta":{"wp_typography_post_enhancements_disabled":false,"footnotes":""},"class_list":["post-1038","page","type-page","status-publish","hentry"],"_links":{"self":[{"href":"https:\/\/kuhn-solutions.de\/fr\/wp-json\/wp\/v2\/pages\/1038","targetHints":{"allow":["GET"]}}],"collection":[{"href":"https:\/\/kuhn-solutions.de\/fr\/wp-json\/wp\/v2\/pages"}],"about":[{"href":"https:\/\/kuhn-solutions.de\/fr\/wp-json\/wp\/v2\/types\/page"}],"author":[{"embeddable":true,"href":"https:\/\/kuhn-solutions.de\/fr\/wp-json\/wp\/v2\/users\/1"}],"replies":[{"embeddable":true,"href":"https:\/\/kuhn-solutions.de\/fr\/wp-json\/wp\/v2\/comments?post=1038"}],"version-history":[{"count":70,"href":"https:\/\/kuhn-solutions.de\/fr\/wp-json\/wp\/v2\/pages\/1038\/revisions"}],"predecessor-version":[{"id":1798,"href":"https:\/\/kuhn-solutions.de\/fr\/wp-json\/wp\/v2\/pages\/1038\/revisions\/1798"}],"wp:attachment":[{"href":"https:\/\/kuhn-solutions.de\/fr\/wp-json\/wp\/v2\/media?parent=1038"}],"curies":[{"name":"wp","href":"https:\/\/api.w.org\/{rel}","templated":true}]}}