{"id":719,"date":"2014-11-11T11:14:05","date_gmt":"2014-11-11T11:14:05","guid":{"rendered":"http:\/\/anpsthemes.com\/constructo\/?page_id=11"},"modified":"2022-03-24T15:23:48","modified_gmt":"2022-03-24T14:23:48","slug":"unternehmen-2","status":"publish","type":"page","link":"https:\/\/kuhn-solutions.de\/fi\/unternehmen-2\/","title":{"rendered":"Yri\u00adtys"},"content":{"rendered":"<div class=\"wpb-content-wrapper\"><div class=\"vc_row wpb_row vc_row-fluid\"><div class=\"wpb_column vc_column_container vc_col-sm-6\"><div class=\"vc_column-inner\"><div class=\"wpb_wrapper\"><h5 class=\"heading-content  style-1\"><span>HISTORIAMME<\/span><\/h5>\n\t<div class=\"wpb_text_column wpb_content_element\">\n\t\t<div class=\"wpb_wrapper\">\n\t\t\t<p>14 vuo\u00adden koke\u00admuk\u00adsen ja jat\u00adku\u00advan kou\u00adlu\u00adtuk\u00adsen j\u00e4l\u00adkeen suun\u00adnit\u00adte\u00adlun ja kehitt\u00e4mi\u00adsen sek\u00e4 ohjel\u00admis\u00adto\u00adke\u00adhityk\u00adsen alal\u00adla Dani\u00adel Kuhn perus\u00adti yri\u00adtyk\u00adsen KUHN SOLUTIONS Kon\u00adstan\u00adzis\u00adsa Boden\u00adj\u00e4r\u00adven rann\u00adal\u00adla vuon\u00adna 2017. Yri\u00adtyk\u00adsen lyhy\u00ade\u00adst\u00e4 ole\u00admas\u00adsao\u00adlos\u00adta huo\u00adli\u00admat\u00adta perusta\u00adjan koke\u00admus ja kor\u00adkea laa\u00adtu\u00adtie\u00adtoi\u00adsu\u00adus ovat vakuut\u00adta\u00adneet monet tun\u00adnetut asiak\u00adka\u00adat Ete\u00adl\u00e4-Sak\u00ads\u00adas\u00adsa ja saksan\u00adkiel\u00adises\u00ads\u00e4 Sveits\u00adis\u00ads\u00e4. Nyky\u00e4\u00e4n yri\u00adtys on jo vakaal\u00adla poh\u00adjal\u00adla ilman ulko\u00adpuo\u00adlis\u00adta raho\u00aditus\u00adta, ja sen kas\u00advu on tasaista.<\/p>\n\n\t\t<\/div>\n\t<\/div>\n<div class=\"vc_empty_space\" style=\"height: 12px\"><span class=\"vc_empty_space_inner\"><\/span><\/div><h5 class=\"heading-content  style-1\"><span>VISIO<\/span><\/h5>\n\t<div class=\"wpb_text_column wpb_content_element\">\n\t\t<div class=\"wpb_wrapper\">\n\t\t\t<p>Tekno\u00adlo\u00adgi\u00ada\u00adpal\u00advelu\u00adjen tar\u00adjo\u00ada\u00adja\u00adna yri\u00adtyk\u00adsen visio\u00adna on vah\u00advi\u00adstaa pk-yri\u00adtyk\u00adsi\u00e4 insi\u00adn\u00f6\u00f6\u00adrio\u00adsaa\u00admi\u00adsel\u00adla, edi\u00adst\u00e4\u00e4 digi\u00adta\u00adli\u00adsaa\u00adtio\u00adta ja tar\u00adjo\u00adta aktii\u00advi\u00adses\u00adti omia res\u00adurs\u00adse\u00adja\u00adan tuek\u00adsi sek\u00e4 v\u00e4li\u00adai\u00adkai\u00adses\u00adti ett\u00e4 pit\u00adk\u00e4l\u00adl\u00e4 aika\u00adv\u00e4l\u00adil\u00adl\u00e4. Yri\u00adtyk\u00adsen ydi\u00adno\u00adsaa\u00admis\u00adta on digi\u00adtaa\u00adlis\u00adten pro\u00adses\u00adsi\u00aden ohjel\u00admo\u00adin\u00adti, opti\u00admo\u00adin\u00adti ja para\u00adme\u00adtro\u00adin\u00adti. Osa\u00ads\u00adto\u00adjen v\u00e4lis\u00adten rat\u00adkai\u00adsu\u00adjen k\u00e4yt\u00adt\u00f6\u00f6\u00adno\u00adtol\u00adla saa\u00advu\u00adte\u00adta\u00adan val\u00adta\u00advia tehok\u00adkuuden lis\u00e4yk\u00adsi\u00e4. T\u00e4\u00e4l\u00adl\u00e4 tue\u00adta\u00adan l\u00e4hes kaik\u00adki\u00aden teol\u00adli\u00adsuuden\u00ada\u00adlo\u00adjen kehitt\u00e4mi\u00adst\u00e4, raken\u00adta\u00admis\u00adta ja tuotantoa.<\/p>\n\n\t\t<\/div>\n\t<\/div>\n<\/div><\/div><\/div><div class=\"wpb_column vc_column_container vc_col-sm-6\"><div class=\"vc_column-inner\"><div class=\"wpb_wrapper\"><div class=\"vc_empty_space\" style=\"height: 20px\"><span class=\"vc_empty_space_inner\"><\/span><\/div>\n\t<div class=\"wpb_single_image wpb_content_element vc_align_center wpb_content_element\">\n\t\t\n\t\t<figure class=\"wpb_wrapper vc_figure\">\n\t\t\t<div class=\"vc_single_image-wrapper   vc_box_border_grey\"><img loading=\"lazy\" decoding=\"async\" width=\"1920\" height=\"1277\" src=\"https:\/\/kuhn-solutions.de\/wp-content\/uploads\/2018\/08\/Konstanz.jpg\" class=\"vc_single_image-img attachment-full\" alt title=\"Constance\" srcset=\"https:\/\/kuhn-solutions.de\/wp-content\/uploads\/2018\/08\/Konstanz.jpg 1920w, https:\/\/kuhn-solutions.de\/wp-content\/uploads\/2018\/08\/Konstanz-300x200.jpg 300w, https:\/\/kuhn-solutions.de\/wp-content\/uploads\/2018\/08\/Konstanz-768x511.jpg 768w, https:\/\/kuhn-solutions.de\/wp-content\/uploads\/2018\/08\/Konstanz-1024x681.jpg 1024w, https:\/\/kuhn-solutions.de\/wp-content\/uploads\/2018\/08\/Konstanz-370x246.jpg 370w, https:\/\/kuhn-solutions.de\/wp-content\/uploads\/2018\/08\/Konstanz-1200x798.jpg 1200w, https:\/\/kuhn-solutions.de\/wp-content\/uploads\/2018\/08\/Konstanz-360x239.jpg 360w, https:\/\/kuhn-solutions.de\/wp-content\/uploads\/2018\/08\/Konstanz-600x399.jpg 600w\" sizes=\"auto, (max-width: 1920px) 100vw, 1920px\"><\/div>\n\t\t<\/figure>\n\t<\/div>\n<\/div><\/div><\/div><\/div><div class=\"vc_row wpb_row vc_row-fluid\"><div class=\"wpb_column vc_column_container vc_col-sm-12\"><div class=\"vc_column-inner\"><div class=\"wpb_wrapper\"><div class=\"vc_empty_space\" style=\"height: 12px\"><span class=\"vc_empty_space_inner\"><\/span><\/div><h5 class=\"heading-content  style-1\"><span>THE TEAM \u2013 Olemme aina tukenasi!<\/span><\/h5><div class=\"vc_empty_space\" style=\"height: 12px\"><span class=\"vc_empty_space_inner\"><\/span><\/div><div class=\"row\"><div class=\"col-lg-2 col-sm-4\"><div class=\"team team-hover\"><header><img loading=\"lazy\" decoding=\"async\" width=\"240\" height=\"360\" src=\"https:\/\/kuhn-solutions.de\/wp-content\/uploads\/2020\/10\/DSC02461-2-240x360.jpg\" class=\"attachment-team-3 size-team-3 wp-post-image\" alt srcset=\"https:\/\/kuhn-solutions.de\/wp-content\/uploads\/2020\/10\/DSC02461-2-240x360.jpg 240w, https:\/\/kuhn-solutions.de\/wp-content\/uploads\/2020\/10\/DSC02461-2-200x300.jpg 200w, https:\/\/kuhn-solutions.de\/wp-content\/uploads\/2020\/10\/DSC02461-2-683x1024.jpg 683w, https:\/\/kuhn-solutions.de\/wp-content\/uploads\/2020\/10\/DSC02461-2-768x1152.jpg 768w, https:\/\/kuhn-solutions.de\/wp-content\/uploads\/2020\/10\/DSC02461-2-8x12.jpg 8w, https:\/\/kuhn-solutions.de\/wp-content\/uploads\/2020\/10\/DSC02461-2-360x540.jpg 360w, https:\/\/kuhn-solutions.de\/wp-content\/uploads\/2020\/10\/DSC02461-2.jpg 800w\" sizes=\"auto, (max-width: 240px) 100vw, 240px\"><div class=\"hover\"><a href=\"mailto:Daniel.Kuhn@kuhn-solutions.de\">Daniel.Kuhn@kuhn-solutions.de<\/a><\/div><\/header><h2>Daniel Kuhn \u2013 toimitusjohtaja<\/h2><em>Raken\u00adta\u00admi\u00adnen ja kehitys<br>Ohjel\u00admis\u00adto\u00adjen kehitt\u00e4mi\u00adnen<br><br>Kon\u00adein\u00adsi\u00adn\u00f6\u00f6\u00adri<br>(B. Eng.)<br>S\u00e4h\u00adk\u00f6\u00adin\u00adsi\u00adn\u00f6\u00f6\u00adri (M.&nbsp;Eng.)<\/em><\/div><\/div><div class=\"col-lg-2 col-sm-4\"><div class=\"team team-hover team-hover\"><header><img loading=\"lazy\" decoding=\"async\" width=\"240\" height=\"360\" src=\"https:\/\/kuhn-solutions.de\/wp-content\/uploads\/2021\/06\/Shenal-240x360.png\" class=\"attachment-team-3 size-team-3 wp-post-image\" alt srcset=\"https:\/\/kuhn-solutions.de\/wp-content\/uploads\/2021\/06\/Shenal-240x360.png 240w, https:\/\/kuhn-solutions.de\/wp-content\/uploads\/2021\/06\/Shenal-200x300.png 200w, https:\/\/kuhn-solutions.de\/wp-content\/uploads\/2021\/06\/Shenal-683x1024.png 683w, https:\/\/kuhn-solutions.de\/wp-content\/uploads\/2021\/06\/Shenal-768x1152.png 768w, https:\/\/kuhn-solutions.de\/wp-content\/uploads\/2021\/06\/Shenal-360x540.png 360w, https:\/\/kuhn-solutions.de\/wp-content\/uploads\/2021\/06\/Shenal.png 800w\" sizes=\"auto, (max-width: 240px) 100vw, 240px\"><div class=\"hover\"><p class=\"th-team-member-name\"><a href=\"mailto:Shenal.Meghawarna@kuhn-solutions.de\">Shenal.Meghawarna@kuhn-solutions.de<\/a><\/p><\/div><\/header><h2>Shenal Meghawarna<\/h2><em>Ohjel\u00admis\u00adto\u00adjen kehitt\u00e4mi\u00adnen <br> C#, Java, React JS, <br> React Nati\u00adve<br><br> Ohjel\u00admis\u00adto\u00adin\u00adsi\u00adn\u00f6\u00f6\u00adri (B.&nbsp;Sc.)<\/em><\/div><\/div><div class=\"col-lg-2 col-sm-4\"><div class=\"team team-hover team-hover team-hover\"><header><img loading=\"lazy\" decoding=\"async\" width=\"240\" height=\"360\" src=\"https:\/\/kuhn-solutions.de\/wp-content\/uploads\/2022\/03\/Keerthan_new-240x360.png\" class=\"attachment-team-3 size-team-3 wp-post-image\" alt srcset=\"https:\/\/kuhn-solutions.de\/wp-content\/uploads\/2022\/03\/Keerthan_new-240x360.png 240w, https:\/\/kuhn-solutions.de\/wp-content\/uploads\/2022\/03\/Keerthan_new-200x300.png 200w, https:\/\/kuhn-solutions.de\/wp-content\/uploads\/2022\/03\/Keerthan_new-683x1024.png 683w, https:\/\/kuhn-solutions.de\/wp-content\/uploads\/2022\/03\/Keerthan_new-768x1152.png 768w, https:\/\/kuhn-solutions.de\/wp-content\/uploads\/2022\/03\/Keerthan_new-360x540.png 360w, https:\/\/kuhn-solutions.de\/wp-content\/uploads\/2022\/03\/Keerthan_new.png 800w\" sizes=\"auto, (max-width: 240px) 100vw, 240px\"><div class=\"hover\"><a href=\"mailto:Keerthanan.Rajalingam@kuhn-solutions.de\">Keerthanan.Rajalingam@kuhn-solutions.de<\/a><\/div><\/header><h2>Keerthanan Rajalingam<\/h2><em>Suun\u00adnit\u00adte\u00adlu ja visua\u00adli\u00adso\u00adin\u00adti, Solid\u00adWorks CAD <span class=\"amp\">&amp;<\/span> KeyShot <br><br>  Kon\u00adein\u00adsi\u00adn\u00f6\u00f6\u00adri (B.Sc.)<\/em><\/div><\/div><div class=\"col-lg-2 col-sm-4\"><div class=\"team team-hover team-hover team-hover team-hover\"><header><img loading=\"lazy\" decoding=\"async\" width=\"240\" height=\"360\" src=\"https:\/\/kuhn-solutions.de\/wp-content\/uploads\/2020\/10\/Katja-Hossain_sw-2x3-1-240x360.png\" class=\"attachment-team-3 size-team-3 wp-post-image\" alt srcset=\"https:\/\/kuhn-solutions.de\/wp-content\/uploads\/2020\/10\/Katja-Hossain_sw-2x3-1-240x360.png 240w, https:\/\/kuhn-solutions.de\/wp-content\/uploads\/2020\/10\/Katja-Hossain_sw-2x3-1-200x300.png 200w, https:\/\/kuhn-solutions.de\/wp-content\/uploads\/2020\/10\/Katja-Hossain_sw-2x3-1-683x1024.png 683w, https:\/\/kuhn-solutions.de\/wp-content\/uploads\/2020\/10\/Katja-Hossain_sw-2x3-1-768x1152.png 768w, https:\/\/kuhn-solutions.de\/wp-content\/uploads\/2020\/10\/Katja-Hossain_sw-2x3-1-8x12.png 8w, https:\/\/kuhn-solutions.de\/wp-content\/uploads\/2020\/10\/Katja-Hossain_sw-2x3-1-360x540.png 360w, https:\/\/kuhn-solutions.de\/wp-content\/uploads\/2020\/10\/Katja-Hossain_sw-2x3-1.png 800w\" sizes=\"auto, (max-width: 240px) 100vw, 240px\"><div class=\"hover\"><a href=\"mailto:katja.hossain@kuhn-solutions.de\">katja.hossain@kuhn-solutions.de<\/a>\n\n&nbsp;<\/div><\/header><h2>Katja Hossain<\/h2><em>Myyn\u00adti <span class=\"amp\">&amp;<\/span> <br> Markkinointi&nbsp;<\/em><\/div><\/div><\/div><\/div><\/div><\/div><div class=\"wpb_column vc_column_container vc_col-sm-12\"><div class=\"vc_column-inner\"><div class=\"wpb_wrapper\"><\/div><\/div><\/div><\/div>\n<\/div>","protected":false},"excerpt":{"rendered":"katja.hossain@kuhn-solutions.de &nbsp;","protected":false},"author":1,"featured_media":0,"parent":0,"menu_order":0,"comment_status":"open","ping_status":"open","template":"","meta":{"wp_typography_post_enhancements_disabled":false,"footnotes":""},"class_list":["post-719","page","type-page","status-publish","hentry"],"_links":{"self":[{"href":"https:\/\/kuhn-solutions.de\/fi\/wp-json\/wp\/v2\/pages\/719","targetHints":{"allow":["GET"]}}],"collection":[{"href":"https:\/\/kuhn-solutions.de\/fi\/wp-json\/wp\/v2\/pages"}],"about":[{"href":"https:\/\/kuhn-solutions.de\/fi\/wp-json\/wp\/v2\/types\/page"}],"author":[{"embeddable":true,"href":"https:\/\/kuhn-solutions.de\/fi\/wp-json\/wp\/v2\/users\/1"}],"replies":[{"embeddable":true,"href":"https:\/\/kuhn-solutions.de\/fi\/wp-json\/wp\/v2\/comments?post=719"}],"version-history":[{"count":39,"href":"https:\/\/kuhn-solutions.de\/fi\/wp-json\/wp\/v2\/pages\/719\/revisions"}],"predecessor-version":[{"id":2190,"href":"https:\/\/kuhn-solutions.de\/fi\/wp-json\/wp\/v2\/pages\/719\/revisions\/2190"}],"wp:attachment":[{"href":"https:\/\/kuhn-solutions.de\/fi\/wp-json\/wp\/v2\/media?parent=719"}],"curies":[{"name":"wp","href":"https:\/\/api.w.org\/{rel}","templated":true}]}}