{"id":709,"date":"2016-10-20T13:39:06","date_gmt":"2016-10-20T13:39:06","guid":{"rendered":"http:\/\/astudio.si\/dummy-content\/constructo-new-1\/?page_id=709"},"modified":"2016-10-20T13:39:06","modified_gmt":"2016-10-20T13:39:06","slug":"full-width-view","status":"publish","type":"page","link":"https:\/\/kuhn-solutions.de\/fi\/full-width-view\/","title":{"rendered":"N\u00e4ky\u00adm\u00e4 koko leveydelt\u00e4"},"content":{"rendered":"<div class=\"wpb-content-wrapper\"><div data-vc-full-width=\"true\" data-vc-full-width-temp=\"true\" data-vc-full-width-init=\"false\" data-vc-stretch-content=\"true\" class=\"vc_row wpb_row vc_row-fluid vc_custom_1460981908790 vc_row-no-padding\"><div class=\"wpb_column vc_column_container vc_col-sm-12\"><div class=\"vc_column-inner\"><div class=\"wpb_wrapper\"><ul class=\"filter style-1\"><i style=\"color: #000000;\" class=\"fa fa-filter\"><\/i><li><button style=\"color: #000000;\" data-filter=\"*\">Kaikki<\/button><\/li><span style=\"color: #000000;\">\/<\/span><li><button style=\"color: #000000;\" data-filter=\"visualisierung\">Visualisointi<\/button><\/li><span style=\"color: #000000;\">\/<\/span><li><button style=\"color: #000000;\" data-filter=\"berechnung\">Laskenta<\/button><\/li><span style=\"color: #000000;\">\/<\/span><li><button style=\"color: #000000;\" data-filter=\"programmierung\">Ohjelmointi<\/button><\/li><span style=\"color: #000000;\">\/<\/span><li><button style=\"color: #000000;\" data-filter=\"entwicklung\">Kehitys<\/button><\/li><span style=\"color: #000000;\">\/<\/span><li><button style=\"color: #000000;\" data-filter=\"konstruktion\">Rakentaminen<\/button><\/li><\/ul><ul class=\"portfolio isotope classic\"><li class=\"isotope-item programmierung col-xs-6 col-md-3\"><article class=\"inner\"><a class=\"item-hover\" href=\"https:\/\/kuhn-solutions.de\/fi\/portfolio\/contourtrace-image-to-dxf-converter\/\"><div class=\"mask\"><\/div><div class=\"item-info\"><div class=\"headline\"><h2>ContourTrace \u2013 Kuva DXF Converter<\/h2><\/div><\/div><\/a><div class=\"item-img\"><img loading=\"lazy\" decoding=\"async\" width=\"360\" height=\"267\" src=\"https:\/\/kuhn-solutions.de\/wp-content\/uploads\/2024\/09\/ContourTrace_Start_Screen-360x267.png\" class=\"attachment-post-thumb attachment-post-thumb size-post-thumb wp-post-image\" alt srcset=\"https:\/\/kuhn-solutions.de\/wp-content\/uploads\/2024\/09\/ContourTrace_Start_Screen-360x267.png 360w, https:\/\/kuhn-solutions.de\/wp-content\/uploads\/2024\/09\/ContourTrace_Start_Screen-18x12.png 18w\" sizes=\"auto, (max-width: 360px) 100vw, 360px\"><\/div><\/article><\/li><li class=\"isotope-item  col-xs-6 col-md-3\"><article class=\"inner\"><a class=\"item-hover\" href=\"https:\/\/kuhn-solutions.de\/fi\/portfolio\/custom-toolbar-solidworks-add-in\/\"><div class=\"mask\"><\/div><div class=\"item-info\"><div class=\"headline\"><h2>Mukautettu ty\u00f6kalupalkki \u2013 SOLIDWORKS-lis\u00e4osa<\/h2><\/div><\/div><\/a><div class=\"item-img\"><img loading=\"lazy\" decoding=\"async\" width=\"360\" height=\"267\" src=\"https:\/\/kuhn-solutions.de\/wp-content\/uploads\/2019\/05\/Custom-Toolbar-Settings-1738-x-1159-360x267.jpg\" class=\"attachment-post-thumb attachment-post-thumb size-post-thumb wp-post-image\" alt=\"Custom Toolbar Settings \u2013 Rename and customize up to 5 toolbars\"><\/div><\/article><\/li><li class=\"isotope-item  col-xs-6 col-md-3\"><article class=\"inner\"><a class=\"item-hover\" href=\"https:\/\/kuhn-solutions.de\/fi\/portfolio\/geodaetische-distanz-algorithmus\/\"><div class=\"mask\"><\/div><div class=\"item-info\"><div class=\"headline\"><h2>Geodeettinen et\u00e4isyys, algoritmi<\/h2><\/div><\/div><\/a><div class=\"item-img\"><img loading=\"lazy\" decoding=\"async\" width=\"360\" height=\"267\" src=\"https:\/\/kuhn-solutions.de\/wp-content\/uploads\/2019\/04\/Geodesic_distanz_bunny_KUHN_ENGINEERING-360x267.jpg\" class=\"attachment-post-thumb attachment-post-thumb size-post-thumb wp-post-image\" alt=\"Geodesic distanz - bunny KUHN SOLUTIONS\"><\/div><\/article><\/li><li class=\"isotope-item entwicklung programmierung col-xs-6 col-md-3\"><article class=\"inner\"><a class=\"item-hover\" href=\"https:\/\/kuhn-solutions.de\/fi\/portfolio\/ict-testsystem-softwareentwicklung-inbetriebnahme\/\"><div class=\"mask\"><\/div><div class=\"item-info\"><div class=\"headline\"><h2>Tieto- ja viestint\u00e4tekniikan testausj\u00e4rjestelm\u00e4, ohjelmistokehitys ja k\u00e4ytt\u00f6\u00f6notto<\/h2><\/div><\/div><\/a><div class=\"item-img\"><img loading=\"lazy\" decoding=\"async\" width=\"360\" height=\"267\" src=\"https:\/\/kuhn-solutions.de\/wp-content\/uploads\/2019\/03\/Pr\u00fcfstand-Python-360x267.jpg\" class=\"attachment-post-thumb attachment-post-thumb size-post-thumb wp-post-image\" alt=\"ICT-Testsystem - Pr\u00fcfstand Python\"><\/div><\/article><\/li><li class=\"isotope-item visualisierung col-xs-6 col-md-3\"><article class=\"inner\"><a class=\"item-hover\" href=\"https:\/\/kuhn-solutions.de\/fi\/portfolio\/produktvisualisierung-greifeinheit-pgm-82\/\"><div class=\"mask\"><\/div><div class=\"item-info\"><div class=\"headline\"><h2>Tuotteen visualisointi, tarttumisyksikk\u00f6 PGM-82<\/h2><\/div><\/div><\/a><div class=\"item-img\"><img loading=\"lazy\" decoding=\"async\" width=\"360\" height=\"267\" src=\"https:\/\/kuhn-solutions.de\/wp-content\/uploads\/2019\/03\/PGM-82-Schnittansicht-ISO-Hintergrund-transparent-V02-360x267.jpg\" class=\"attachment-post-thumb attachment-post-thumb size-post-thumb wp-post-image\" alt=\"Greifeinheit PGM-82 - Friedemann Wagner GmbH - Schnitt ISO\"><\/div><\/article><\/li><li class=\"isotope-item  col-xs-6 col-md-3\"><article class=\"inner\"><a class=\"item-hover\" href=\"https:\/\/kuhn-solutions.de\/fi\/portfolio\/product-configurator\/\"><div class=\"mask\"><\/div><div class=\"item-info\"><div class=\"headline\"><h2>My Glasses \u2013 Tuotekonfiguraattori<\/h2><\/div><\/div><\/a><div class=\"item-img\"><img loading=\"lazy\" decoding=\"async\" width=\"360\" height=\"267\" src=\"https:\/\/kuhn-solutions.de\/wp-content\/uploads\/2014\/12\/Produktkonfigurator-SolidWorks-360x267.jpg\" class=\"attachment-post-thumb attachment-post-thumb size-post-thumb wp-post-image\" alt><\/div><\/article><\/li><li class=\"isotope-item  col-xs-6 col-md-3\"><article class=\"inner\"><a class=\"item-hover\" href=\"https:\/\/kuhn-solutions.de\/fi\/portfolio\/pruefstand-erweiterung-sensorik\/\"><div class=\"mask\"><\/div><div class=\"item-info\"><div class=\"headline\"><h2>Testist\u00e4ndi, laajentaminen anturitekniikkaan<\/h2><\/div><\/div><\/a><div class=\"item-img\"><img loading=\"lazy\" decoding=\"async\" width=\"360\" height=\"267\" src=\"https:\/\/kuhn-solutions.de\/wp-content\/uploads\/2018\/09\/DDT-600-inkscape-001-360x267.jpg\" class=\"attachment-post-thumb attachment-post-thumb size-post-thumb wp-post-image\" alt=\"Pr\u00fcfstand DDT-600\"><\/div><\/article><\/li><li class=\"isotope-item visualisierung col-xs-6 col-md-3\"><article class=\"inner\"><a class=\"item-hover\" href=\"https:\/\/kuhn-solutions.de\/fi\/portfolio\/produktanimation-rundschalteinheit-rse-4\/\"><div class=\"mask\"><\/div><div class=\"item-info\"><div class=\"headline\"><h2>Tuoteanimaatio, py\u00f6riv\u00e4 indeksointip\u00f6yt\u00e4 RSE\u20114<\/h2><\/div><\/div><\/a><div class=\"item-img\"><img loading=\"lazy\" decoding=\"async\" width=\"360\" height=\"267\" src=\"https:\/\/kuhn-solutions.de\/wp-content\/uploads\/2018\/09\/Rundschalttisch-RSE-4-Friedemann-Wagner-GmbH-360x267.jpg\" class=\"attachment-post-thumb attachment-post-thumb size-post-thumb wp-post-image\" alt=\"Rundschalttisch RSE-4 - Friedemann Wagner GmbH\"><\/div><\/article><\/li><li class=\"isotope-item konstruktion programmierung col-xs-6 col-md-3\"><article class=\"inner\"><a class=\"item-hover\" href=\"https:\/\/kuhn-solutions.de\/fi\/portfolio\/schienenfahrzeuge-schwingungstechnik\/\"><div class=\"mask\"><\/div><div class=\"item-info\"><div class=\"headline\"><h2>Kiskokalusto, t\u00e4rin\u00e4tekniikka<\/h2><\/div><\/div><\/a><div class=\"item-img\"><img loading=\"lazy\" decoding=\"async\" width=\"360\" height=\"267\" src=\"https:\/\/kuhn-solutions.de\/wp-content\/uploads\/2018\/09\/Schienenfahrzeug-Schwingungstechnik-360x267.jpg\" class=\"attachment-post-thumb attachment-post-thumb size-post-thumb wp-post-image\" alt=\"Schienenfahrzeug Schwingungstechnik\"><\/div><\/article><\/li><li class=\"isotope-item berechnung entwicklung konstruktion col-xs-6 col-md-3\"><article class=\"inner\"><a class=\"item-hover\" href=\"https:\/\/kuhn-solutions.de\/fi\/portfolio\/pruefstand-modulare-anpresseinheit\/\"><div class=\"mask\"><\/div><div class=\"item-info\"><div class=\"headline\"><h2>Testiteline, modulaarinen puristusyksikk\u00f6<\/h2><\/div><\/div><\/a><div class=\"item-img\"><img loading=\"lazy\" decoding=\"async\" width=\"360\" height=\"267\" src=\"https:\/\/kuhn-solutions.de\/wp-content\/uploads\/2018\/09\/DDT-600-Anpressmodul-Kreis-2-360x267.jpg\" class=\"attachment-post-thumb attachment-post-thumb size-post-thumb wp-post-image\" alt=\"DDT-600 Anpressmodul Kreis 2\"><\/div><\/article><\/li><li class=\"isotope-item  col-xs-6 col-md-3\"><article class=\"inner\"><a class=\"item-hover\" href=\"https:\/\/kuhn-solutions.de\/fi\/portfolio\/parametric-packaging\/\"><div class=\"mask\"><\/div><div class=\"item-info\"><div class=\"headline\"><h2>Parametrisoitu tuotepakkaus<\/h2><\/div><\/div><\/a><div class=\"item-img\"><img loading=\"lazy\" decoding=\"async\" width=\"360\" height=\"267\" src=\"https:\/\/kuhn-solutions.de\/wp-content\/uploads\/2014\/12\/Parametric-packaging-360x267.jpg\" class=\"attachment-post-thumb attachment-post-thumb size-post-thumb wp-post-image\" alt><\/div><\/article><\/li><li class=\"isotope-item berechnung programmierung col-xs-6 col-md-3\"><article class=\"inner\"><a class=\"item-hover\" href=\"https:\/\/kuhn-solutions.de\/fi\/portfolio\/cutting-calculator\/\"><div class=\"mask\"><\/div><div class=\"item-info\"><div class=\"headline\"><h2>sekoitusoptimointi, simplex-algoritmi<\/h2><\/div><\/div><\/a><div class=\"item-img\"><img loading=\"lazy\" decoding=\"async\" width=\"360\" height=\"267\" src=\"https:\/\/kuhn-solutions.de\/wp-content\/uploads\/2014\/12\/laser-cutting-calculator-360x267.jpg\" class=\"attachment-post-thumb attachment-post-thumb size-post-thumb wp-post-image\" alt><\/div><\/article><\/li><\/ul><div class=\"portfolio-pagination\"><\/div><\/div><\/div><\/div><\/div><div class=\"vc_row-full-width vc_clearfix\"><\/div>\n<\/div>","protected":false},"excerpt":{"rendered":"PROJEKTIN KUVAUS Val\u00admis\u00adtu\u00ads\u00adpro\u00adses\u00adsin mate\u00adria\u00adali\u00adhuk\u00adan v\u00e4hent\u00ad\u00e4mi\u00adsek\u00adsi sim\u00adplex-pro\u00adses\u00adsi inte\u00adgro\u00adida\u00adan ole\u00admas\u00adsa ole\u00adva\u00adan j\u00e4r\u00adjes\u00adtel\u00adm\u00e4\u00e4n. T\u00e4m\u00e4 v\u00e4hen\u00adt\u00e4\u00e4 mate\u00adria\u00adali\u00adkustan\u00adnuk\u00adsia ja nopeut\u00adtaa val\u00admis\u00adtu\u00ads\u00adpro\u00adses\u00adsia. SUO\u00adRI\u00adTUS\u00adTYYP\u00adPI\u00adLas\u00adken\u00adta\u00adK\u00c4Y\u00adTE\u00adTYT OHJEL\u00adMO\u00adIN\u00adTI\u00adTY\u00ad\u00d6\u00adKALUT\u00adMat\u00adlab, MathWorks\u00adMi\u00adcro\u00adsoft Office\u00adAL\u00adGO\u00adRIT\u00adMENSim\u00adplex-algo\u00adrit\u00admiTI\u00adLAA\u00adJA Ei m\u00e4\u00e4\u00adri\u00adtel\u00adty TOIMIALA Pro\u00adses\u00adsi- ja valmistustekniikka","protected":false},"author":1,"featured_media":0,"parent":0,"menu_order":0,"comment_status":"closed","ping_status":"closed","template":"","meta":{"wp_typography_post_enhancements_disabled":false,"footnotes":""},"class_list":["post-709","page","type-page","status-publish","hentry"],"_links":{"self":[{"href":"https:\/\/kuhn-solutions.de\/fi\/wp-json\/wp\/v2\/pages\/709","targetHints":{"allow":["GET"]}}],"collection":[{"href":"https:\/\/kuhn-solutions.de\/fi\/wp-json\/wp\/v2\/pages"}],"about":[{"href":"https:\/\/kuhn-solutions.de\/fi\/wp-json\/wp\/v2\/types\/page"}],"author":[{"embeddable":true,"href":"https:\/\/kuhn-solutions.de\/fi\/wp-json\/wp\/v2\/users\/1"}],"replies":[{"embeddable":true,"href":"https:\/\/kuhn-solutions.de\/fi\/wp-json\/wp\/v2\/comments?post=709"}],"version-history":[{"count":0,"href":"https:\/\/kuhn-solutions.de\/fi\/wp-json\/wp\/v2\/pages\/709\/revisions"}],"wp:attachment":[{"href":"https:\/\/kuhn-solutions.de\/fi\/wp-json\/wp\/v2\/media?parent=709"}],"curies":[{"name":"wp","href":"https:\/\/api.w.org\/{rel}","templated":true}]}}