{"id":2515,"date":"2022-05-04T09:49:22","date_gmt":"2022-05-04T07:49:22","guid":{"rendered":"https:\/\/kuhn-solutions.de\/?page_id=2515"},"modified":"2024-10-30T14:34:47","modified_gmt":"2024-10-30T13:34:47","slug":"produktkonfiguratoren","status":"publish","type":"page","link":"https:\/\/kuhn-solutions.de\/fi\/produktkonfiguratoren\/","title":{"rendered":"Tuo\u00adtekon\u00adfi\u00adgu\u00adraat\u00adtorim\u00adme"},"content":{"rendered":"<div class=\"wpb-content-wrapper\"><div class=\"vc_row wpb_row vc_row-fluid\"><div class=\"wpb_column vc_column_container vc_col-sm-12\"><div class=\"vc_column-inner\"><div class=\"wpb_wrapper\"><h3 class=\"heading-left  style-1\"><span>Luo yksil\u00f6llisi\u00e4 tuotteita tuotekonfiguraattorimme avulla.<\/span><\/h3><\/div><\/div><\/div><div class=\"wpb_column vc_column_container vc_col-sm-4\"><div class=\"vc_column-inner\"><div class=\"wpb_wrapper\"><div class=\"vc_row wpb_row vc_inner vc_row-fluid vc_custom_1436373637236\"><div class=\"wpb_column vc_column_container vc_col-sm-12\"><div class=\"vc_column-inner\"><div class=\"wpb_wrapper\"><div class=\"vc_empty_space\" style=\"height: 60px\"><span class=\"vc_empty_space_inner\"><\/span><\/div>\n\t<div class=\"wpb_single_image wpb_content_element vc_align_left wpb_content_element\">\n\t\t\n\t\t<figure class=\"wpb_wrapper vc_figure\">\n\t\t\t<a href=\"https:\/\/kuhn-solutions.de\/en\/mytable-configurator\/\" target=\"_blank\" class=\"vc_single_image-wrapper vc_box_shadow  vc_box_border_grey\"><img loading=\"lazy\" decoding=\"async\" width=\"360\" height=\"240\" src=\"https:\/\/kuhn-solutions.de\/wp-content\/uploads\/2022\/05\/My-Table-Sun-Flower.445.png\" class=\"vc_single_image-img attachment-full\" alt title srcset=\"https:\/\/kuhn-solutions.de\/wp-content\/uploads\/2022\/05\/My-Table-Sun-Flower.445.png 360w, https:\/\/kuhn-solutions.de\/wp-content\/uploads\/2022\/05\/My-Table-Sun-Flower.445-300x200.png 300w, https:\/\/kuhn-solutions.de\/wp-content\/uploads\/2022\/05\/My-Table-Sun-Flower.445-18x12.png 18w\" sizes=\"auto, (max-width: 360px) 100vw, 360px\"><\/a>\n\t\t<\/figure>\n\t<\/div>\n<h5 class=\"heading-left  style-1\"><span>MyTable-konfiguraattori<\/span><\/h5>\n\t<div class=\"wpb_text_column wpb_content_element\">\n\t\t<div class=\"wpb_wrapper\">\n\t\t\t<p>Luo oma <span data-teams=\"true\"><span class=\"ui-provider a b c d e f g h i j k l m n o p q r s t u v w x y z ab ac ae af ag ah ai aj ak\" dir=\"ltr\">oma <\/span><\/span><span data-teams=\"true\"><span class=\"ui-provider a b c d e f g h i j k l m n o p q r s t u v w x y z ab ac ae af ag ah ai aj ak\" dir=\"ltr\">Tau\u00adluk\u00adko<\/span><\/span><\/p>\n\n\t\t<\/div>\n\t<\/div>\n<div class=\"vc_empty_space\" style=\"height: 20px\"><span class=\"vc_empty_space_inner\"><\/span><\/div>\n\t<div class=\"wpb_text_column wpb_content_element vc_custom_1730295254895\">\n\t\t<div class=\"wpb_wrapper\">\n\t\t\t<p>MyTa\u00adble-kon\u00adfi\u00adgu\u00adraat\u00adto\u00adrin avul\u00adla voit hel\u00adpos\u00adti luo\u00adda oman r\u00e4\u00e4\u00adt\u00e4\u00adl\u00f6\u00adi\u00addyn tau\u00adlu\u00adkon. Heti kun sinulla on <span data-teams=\"true\"><span class=\"ui-provider a b c d e f g h i j k l m n o p q r s t u v w x y z ab ac ae af ag ah ai aj ak\" dir=\"ltr\">Tau\u00adluk\u00adko <\/span><\/span>voit hakea piirust\u00aduk\u00adset ja muut tar\u00advittavat tie\u00add\u00adost\u00adot yhdel\u00adl\u00e4 naps\u00adau\u00adtuk\u00adsel\u00adla. Avul\u00adla <span data-teams=\"true\"><span class=\"ui-provider a b c d e f g h i j k l m n o p q r s t u v w x y z ab ac ae af ag ah ai aj ak\" dir=\"ltr\">Osa\u00adluet\u00adte\u00adlo <\/span><\/span>piirust\u00aduks\u00ades\u00adsa voit ost\u00adaa tar\u00advittavat osat p\u00f6y\u00add\u00e4n raken\u00adta\u00admi\u00adsek\u00adsi&nbsp;itse.<\/p>\n\n\t\t<\/div>\n\t<\/div>\n<div class=\"vc_btn3-container vc_btn3-center vc_custom_1652172615313 vc_do_btn\"><a class=\"vc_general vc_btn3 vc_btn3-size-lg vc_btn3-shape-rounded vc_btn3-style-modern vc_btn3-color-black\" href=\"https:\/\/kuhn-solutions.de\/fi\/mytable-configurator\/\" title=\"MyTable-konfiguraattori\" target=\"_blank\">Lis\u00e4\u00adtie\u00adto\u00adja MyTa\u00adble Configuratorista&nbsp;\u2026<\/a><\/div><\/div><\/div><\/div><\/div><\/div><\/div><\/div><div class=\"wpb_column vc_column_container vc_col-sm-4\"><div class=\"vc_column-inner\"><div class=\"wpb_wrapper\"><div class=\"vc_row wpb_row vc_inner vc_row-fluid vc_custom_1436373637236\"><div class=\"wpb_column vc_column_container vc_col-sm-12\"><div class=\"vc_column-inner\"><div class=\"wpb_wrapper\"><div class=\"vc_empty_space\" style=\"height: 60px\"><span class=\"vc_empty_space_inner\"><\/span><\/div>\n\t<div class=\"wpb_single_image wpb_content_element vc_align_left wpb_content_element\">\n\t\t\n\t\t<figure class=\"wpb_wrapper vc_figure\">\n\t\t\t<a href=\"https:\/\/kuhn-solutions.de\/en\/myshelf-configurator\/\" target=\"_blank\" class=\"vc_single_image-wrapper vc_box_shadow  vc_box_border_grey\"><img loading=\"lazy\" decoding=\"async\" width=\"360\" height=\"240\" src=\"https:\/\/kuhn-solutions.de\/wp-content\/uploads\/2022\/05\/MyShelf-Jasmine.451.png\" class=\"vc_single_image-img attachment-full\" alt title srcset=\"https:\/\/kuhn-solutions.de\/wp-content\/uploads\/2022\/05\/MyShelf-Jasmine.451.png 360w, https:\/\/kuhn-solutions.de\/wp-content\/uploads\/2022\/05\/MyShelf-Jasmine.451-300x200.png 300w, https:\/\/kuhn-solutions.de\/wp-content\/uploads\/2022\/05\/MyShelf-Jasmine.451-18x12.png 18w\" sizes=\"auto, (max-width: 360px) 100vw, 360px\"><\/a>\n\t\t<\/figure>\n\t<\/div>\n<h5 class=\"heading-left  style-1\"><span>MyShelf-konfiguraattori<\/span><\/h5>\n\t<div class=\"wpb_text_column wpb_content_element\">\n\t\t<div class=\"wpb_wrapper\">\n\t\t\t<p>Luo oma&nbsp;hylly<\/p>\n\n\t\t<\/div>\n\t<\/div>\n<div class=\"vc_empty_space  vc_custom_1519386271239\" style=\"height: 20px\"><span class=\"vc_empty_space_inner\"><\/span><\/div>\n\t<div class=\"wpb_text_column wpb_content_element vc_custom_1730295265159\">\n\t\t<div class=\"wpb_wrapper\">\n\t\t\t<p>MyS\u00adhelf-kon\u00adfi\u00adgu\u00adraat\u00adto\u00adrin avul\u00adla voit hel\u00adpos\u00adti luo\u00adda r\u00e4\u00e4\u00adt\u00e4\u00adl\u00f6\u00adi\u00addyn hyl\u00adlyn. Kun olet r\u00e4\u00e4\u00adt\u00e4\u00adl\u00f6\u00adi\u00adnyt hyl\u00adly\u00adsi, voit hakea piirust\u00aduk\u00adset ja muut tar\u00advittavat tie\u00add\u00adost\u00adot yhdel\u00adl\u00e4 naps\u00adau\u00adtuk\u00adsel\u00adla. Avul\u00adla <span data-teams=\"true\"><span class=\"ui-provider a b c d e f g h i j k l m n o p q r s t u v w x y z ab ac ae af ag ah ai aj ak\" dir=\"ltr\">Osa\u00adluet\u00adte\u00adlo <\/span><\/span>piirust\u00aduks\u00ades\u00adsa voit ost\u00adaa tar\u00advittavat osat hyl\u00adlyn raken\u00adta\u00admi\u00adseen&nbsp;itse.<\/p>\n\n\t\t<\/div>\n\t<\/div>\n<div class=\"vc_btn3-container vc_btn3-center vc_custom_1652172624847 vc_do_btn\"><a class=\"vc_general vc_btn3 vc_btn3-size-lg vc_btn3-shape-rounded vc_btn3-style-modern vc_btn3-color-black\" href=\"https:\/\/kuhn-solutions.de\/fi\/myshelf-configurator\/\" title=\"MyShelf-konfiguraattori\" target=\"_blank\">Lis\u00e4\u00adtie\u00adto\u00adja MyS\u00adhelf Configuratorista&nbsp;\u2026<\/a><\/div><\/div><\/div><\/div><\/div><\/div><\/div><\/div><div class=\"wpb_column vc_column_container vc_col-sm-4\"><div class=\"vc_column-inner\"><div class=\"wpb_wrapper\"><div class=\"vc_row wpb_row vc_inner vc_row-fluid vc_custom_1436373637236\"><div class=\"wpb_column vc_column_container vc_col-sm-12\"><div class=\"vc_column-inner\"><div class=\"wpb_wrapper\"><div class=\"vc_empty_space\" style=\"height: 60px\"><span class=\"vc_empty_space_inner\"><\/span><\/div>\n\t<div class=\"wpb_single_image wpb_content_element vc_align_left wpb_content_element\">\n\t\t\n\t\t<figure class=\"wpb_wrapper vc_figure\">\n\t\t\t<a href=\"https:\/\/kuhn-solutions.de\/en\/myshoerack-configurator\/\" target=\"_blank\" class=\"vc_single_image-wrapper vc_box_shadow  vc_box_border_grey\"><img loading=\"lazy\" decoding=\"async\" width=\"360\" height=\"240\" src=\"https:\/\/kuhn-solutions.de\/wp-content\/uploads\/2022\/05\/MyShoeRack-Rose.457.png\" class=\"vc_single_image-img attachment-full\" alt title srcset=\"https:\/\/kuhn-solutions.de\/wp-content\/uploads\/2022\/05\/MyShoeRack-Rose.457.png 360w, https:\/\/kuhn-solutions.de\/wp-content\/uploads\/2022\/05\/MyShoeRack-Rose.457-300x200.png 300w, https:\/\/kuhn-solutions.de\/wp-content\/uploads\/2022\/05\/MyShoeRack-Rose.457-18x12.png 18w\" sizes=\"auto, (max-width: 360px) 100vw, 360px\"><\/a>\n\t\t<\/figure>\n\t<\/div>\n<h5 class=\"heading-left  style-1\"><span>MyShoeRack konfiguraattori<\/span><\/h5>\n\t<div class=\"wpb_text_column wpb_content_element\">\n\t\t<div class=\"wpb_wrapper\">\n\t\t\t<p>Luo oma kenk\u00e4teline<\/p>\n\n\t\t<\/div>\n\t<\/div>\n<div class=\"vc_empty_space\" style=\"height: 20px\"><span class=\"vc_empty_space_inner\"><\/span><\/div>\n\t<div class=\"wpb_text_column wpb_content_element vc_custom_1730295276628\">\n\t\t<div class=\"wpb_wrapper\">\n\t\t\t<p>MyS\u00adhoeRack-kon\u00adfi\u00adgu\u00adraat\u00adto\u00adrin avul\u00adla voit hel\u00adpos\u00adti luo\u00adda r\u00e4\u00e4\u00adt\u00e4\u00adl\u00f6\u00adi\u00addyn ken\u00adk\u00e4\u00adte\u00adli\u00adneen. Kun olet luo\u00adnut r\u00e4\u00e4\u00adt\u00e4\u00adl\u00f6\u00adi\u00addyn ken\u00adk\u00e4\u00adte\u00adli\u00adneen, voit hakea piirust\u00aduk\u00adset ja muut tar\u00advittavat tie\u00add\u00adost\u00adot yhdel\u00adl\u00e4 naps\u00adau\u00adtuk\u00adsel\u00adla. Voit k\u00e4yt\u00adt\u00e4\u00e4 apu\u00adna <span data-teams=\"true\"><span class=\"ui-provider a b c d e f g h i j k l m n o p q r s t u v w x y z ab ac ae af ag ah ai aj ak\" dir=\"ltr\">Osa\u00adluet\u00adte\u00adlo <\/span><\/span>piirust\u00aduks\u00ades\u00adsa voit ost\u00adaa tar\u00advittavat osat, jot\u00adta voit raken\u00adtaa ken\u00adk\u00e4\u00adte\u00adli\u00adneen&nbsp;itse.<\/p>\n\n\t\t<\/div>\n\t<\/div>\n<div class=\"vc_btn3-container vc_btn3-center vc_custom_1652172038364 vc_do_btn\"><a class=\"vc_general vc_btn3 vc_btn3-size-lg vc_btn3-shape-rounded vc_btn3-style-modern vc_btn3-color-black\" href=\"https:\/\/kuhn-solutions.de\/fi\/myshoerack-configurator\/\" title=\"MyShoeRack konfiguraattori\" target=\"_blank\">Lis\u00e4\u00adtie\u00adto\u00adja MyS\u00adhoeRack Configuratorista&nbsp;\u2026<\/a><\/div><\/div><\/div><\/div><\/div><\/div><\/div><\/div><\/div>\n<\/div>","protected":false},"excerpt":{"rendered":"Luo r\u00e4\u00e4\u00adt\u00e4\u00adl\u00f6\u00adi\u00adty\u00adj\u00e4 tuot\u00adtei\u00adta tuo\u00adtekon\u00adfi\u00adgu\u00adraat\u00adto\u00adril\u00adlam\u00adme MyTa\u00adble-kon\u00adfi\u00adgu\u00adraat\u00adto\u00adri Luo oma p\u00f6y\u00adt\u00e4\u00adsi MyTa\u00adble-kon\u00adfi\u00adgu\u00adraat\u00adto\u00adril\u00adla voit hel\u00adpos\u00adti luo\u00adda oman r\u00e4\u00e4\u00adt\u00e4\u00adl\u00f6\u00adi\u00addyn p\u00f6y\u00add\u00e4n. Kun olet r\u00e4\u00e4\u00adt\u00e4\u00adl\u00f6\u00adi\u00adnyt p\u00f6y\u00adt\u00e4\u00adsi, voit lada\u00adta piirust\u00aduk\u00adset ja muut tar\u00advittavat tiedot.\u2026.","protected":false},"author":9,"featured_media":0,"parent":0,"menu_order":0,"comment_status":"open","ping_status":"open","template":"","meta":{"wp_typography_post_enhancements_disabled":false,"footnotes":""},"class_list":["post-2515","page","type-page","status-publish","hentry"],"_links":{"self":[{"href":"https:\/\/kuhn-solutions.de\/fi\/wp-json\/wp\/v2\/pages\/2515","targetHints":{"allow":["GET"]}}],"collection":[{"href":"https:\/\/kuhn-solutions.de\/fi\/wp-json\/wp\/v2\/pages"}],"about":[{"href":"https:\/\/kuhn-solutions.de\/fi\/wp-json\/wp\/v2\/types\/page"}],"author":[{"embeddable":true,"href":"https:\/\/kuhn-solutions.de\/fi\/wp-json\/wp\/v2\/users\/9"}],"replies":[{"embeddable":true,"href":"https:\/\/kuhn-solutions.de\/fi\/wp-json\/wp\/v2\/comments?post=2515"}],"version-history":[{"count":40,"href":"https:\/\/kuhn-solutions.de\/fi\/wp-json\/wp\/v2\/pages\/2515\/revisions"}],"predecessor-version":[{"id":2798,"href":"https:\/\/kuhn-solutions.de\/fi\/wp-json\/wp\/v2\/pages\/2515\/revisions\/2798"}],"wp:attachment":[{"href":"https:\/\/kuhn-solutions.de\/fi\/wp-json\/wp\/v2\/media?parent=2515"}],"curies":[{"name":"wp","href":"https:\/\/api.w.org\/{rel}","templated":true}]}}