{"id":2187,"date":"2022-03-24T15:25:17","date_gmt":"2022-03-24T14:25:17","guid":{"rendered":"https:\/\/kuhneng.de\/?page_id=2187"},"modified":"2024-11-23T22:57:28","modified_gmt":"2024-11-23T21:57:28","slug":"unternehmen","status":"publish","type":"page","link":"https:\/\/kuhn-solutions.de\/fi\/unternehmen\/","title":{"rendered":"YRITYS"},"content":{"rendered":"<div class=\"wpb-content-wrapper\"><div class=\"vc_row wpb_row vc_row-fluid\"><div class=\"wpb_column vc_column_container vc_col-sm-12\"><div class=\"vc_column-inner\"><div class=\"wpb_wrapper\"><div class=\"vc_empty_space\" style=\"height: 30px\"><span class=\"vc_empty_space_inner\"><\/span><\/div><\/div><\/div><\/div><\/div><div class=\"vc_row wpb_row vc_row-fluid\"><div class=\"wpb_column vc_column_container vc_col-sm-7\"><div class=\"vc_column-inner\"><div class=\"wpb_wrapper\"><h4 class=\"heading-content  style-1\"><span>HISTORIAMME<\/span><\/h4>\n\t<div class=\"wpb_text_column wpb_content_element\">\n\t\t<div class=\"wpb_wrapper\">\n\t\t\t<p><span style=\"font-size: 12pt;\">14 vuo\u00adden koke\u00admuk\u00adsen ja jat\u00adku\u00advan kou\u00adlu\u00adtuk\u00adsen j\u00e4l\u00adkeen suun\u00adnit\u00adte\u00adlun ja kehitt\u00e4mi\u00adsen sek\u00e4 ohjel\u00admis\u00adto\u00adke\u00adhityk\u00adsen alal\u00adla Dani\u00adel Kuhn perus\u00adti yri\u00adtyk\u00adsen KUHN SOLUTIONS Kon\u00adstan\u00adzis\u00adsa Boden\u00adj\u00e4r\u00adven rann\u00adal\u00adla vuon\u00adna 2017. Yri\u00adtyk\u00adsen lyhy\u00ade\u00adst\u00e4 ole\u00admas\u00adsao\u00adlos\u00adta huo\u00adli\u00admat\u00adta perusta\u00adjan koke\u00admus ja kor\u00adkea laa\u00adtu\u00adtie\u00adtoi\u00adsu\u00adus ovat vakuut\u00adta\u00adneet monet tun\u00adnetut asiak\u00adka\u00adat Ete\u00adl\u00e4-Sak\u00ads\u00adas\u00adsa ja saksan\u00adkiel\u00adises\u00ads\u00e4 Sveits\u00adis\u00ads\u00e4. Nyky\u00e4\u00e4n yri\u00adtys on jo vakaal\u00adla poh\u00adjal\u00adla ilman ulko\u00adpuo\u00adlis\u00adta raho\u00aditus\u00adta, ja sen kas\u00advu on tasaista.<\/span><\/p>\n\n\t\t<\/div>\n\t<\/div>\n<\/div><\/div><\/div><div class=\"wpb_column vc_column_container vc_col-sm-1\"><div class=\"vc_column-inner\"><div class=\"wpb_wrapper\"><\/div><\/div><\/div><div class=\"wpb_animate_when_almost_visible wpb_fadeIn fadeIn wpb_column vc_column_container vc_col-sm-4\"><div class=\"vc_column-inner\"><div class=\"wpb_wrapper\">\n\t<div class=\"wpb_single_image wpb_content_element vc_align_center wpb_content_element\">\n\t\t\n\t\t<figure class=\"wpb_wrapper vc_figure\">\n\t\t\t<div class=\"vc_single_image-wrapper   vc_box_border_grey\"><img loading=\"lazy\" decoding=\"async\" width=\"300\" height=\"200\" src=\"https:\/\/kuhn-solutions.de\/wp-content\/uploads\/2018\/08\/Konstanz-300x200.jpg\" class=\"vc_single_image-img attachment-medium\" alt title=\"Constance\" srcset=\"https:\/\/kuhn-solutions.de\/wp-content\/uploads\/2018\/08\/Konstanz-300x200.jpg 300w, https:\/\/kuhn-solutions.de\/wp-content\/uploads\/2018\/08\/Konstanz-768x511.jpg 768w, https:\/\/kuhn-solutions.de\/wp-content\/uploads\/2018\/08\/Konstanz-1024x681.jpg 1024w, https:\/\/kuhn-solutions.de\/wp-content\/uploads\/2018\/08\/Konstanz-370x246.jpg 370w, https:\/\/kuhn-solutions.de\/wp-content\/uploads\/2018\/08\/Konstanz-1200x798.jpg 1200w, https:\/\/kuhn-solutions.de\/wp-content\/uploads\/2018\/08\/Konstanz-360x239.jpg 360w, https:\/\/kuhn-solutions.de\/wp-content\/uploads\/2018\/08\/Konstanz-600x399.jpg 600w, https:\/\/kuhn-solutions.de\/wp-content\/uploads\/2018\/08\/Konstanz.jpg 1920w\" sizes=\"auto, (max-width: 300px) 100vw, 300px\"><\/div>\n\t\t<\/figure>\n\t<\/div>\n<div class=\"vc_empty_space\" style=\"height: 20px\"><span class=\"vc_empty_space_inner\"><\/span><\/div><\/div><\/div><\/div><\/div><div class=\"vc_row wpb_row vc_row-fluid\"><div class=\"wpb_column vc_column_container vc_col-sm-7\"><div class=\"vc_column-inner vc_custom_1648204698560\"><div class=\"wpb_wrapper\"><h4 class=\"heading-content  style-1\"><span>VISIOIMME<\/span><\/h4>\n\t<div class=\"wpb_text_column wpb_content_element\">\n\t\t<div class=\"wpb_wrapper\">\n\t\t\t<p><span style=\"font-size: 12pt;\">Tekno\u00adlo\u00adgi\u00ada\u00adpal\u00advelu\u00adjen tar\u00adjo\u00ada\u00adja\u00adna yri\u00adtyk\u00adsen visio\u00adna on vah\u00advi\u00adstaa pk-yri\u00adtyk\u00adsi\u00e4 insi\u00adn\u00f6\u00f6\u00adrio\u00adsaa\u00admi\u00adsel\u00adla, edi\u00adst\u00e4\u00e4 digi\u00adta\u00adli\u00adsaa\u00adtio\u00adta ja tar\u00adjo\u00adta aktii\u00advi\u00adses\u00adti omia res\u00adurs\u00adse\u00adja\u00adan tuek\u00adsi sek\u00e4 v\u00e4li\u00adai\u00adkai\u00adses\u00adti ett\u00e4 pit\u00adk\u00e4l\u00adl\u00e4 aikav\u00e4lill\u00e4.<\/span><\/p>\n\n\t\t<\/div>\n\t<\/div>\n<\/div><\/div><\/div><div class=\"wpb_column vc_column_container vc_col-sm-1\"><div class=\"vc_column-inner\"><div class=\"wpb_wrapper\"><\/div><\/div><\/div><div class=\"wpb_animate_when_almost_visible wpb_fadeIn fadeIn wpb_column vc_column_container vc_col-sm-4\"><div class=\"vc_column-inner\"><div class=\"wpb_wrapper\">\n\t<div class=\"wpb_single_image wpb_content_element vc_align_center wpb_content_element\">\n\t\t\n\t\t<figure class=\"wpb_wrapper vc_figure\">\n\t\t\t<div class=\"vc_single_image-wrapper   vc_box_border_grey\"><img loading=\"lazy\" decoding=\"async\" width=\"300\" height=\"200\" src=\"https:\/\/kuhn-solutions.de\/wp-content\/uploads\/2022\/03\/pexels-victor-freitas-685526-300x200.jpg\" class=\"vc_single_image-img attachment-medium\" alt title=\"pexels-victor-freitas-685526\" srcset=\"https:\/\/kuhn-solutions.de\/wp-content\/uploads\/2022\/03\/pexels-victor-freitas-685526-300x200.jpg 300w, https:\/\/kuhn-solutions.de\/wp-content\/uploads\/2022\/03\/pexels-victor-freitas-685526-1024x682.jpg 1024w, https:\/\/kuhn-solutions.de\/wp-content\/uploads\/2022\/03\/pexels-victor-freitas-685526-768x511.jpg 768w, https:\/\/kuhn-solutions.de\/wp-content\/uploads\/2022\/03\/pexels-victor-freitas-685526-1536x1022.jpg 1536w, https:\/\/kuhn-solutions.de\/wp-content\/uploads\/2022\/03\/pexels-victor-freitas-685526-18x12.jpg 18w, https:\/\/kuhn-solutions.de\/wp-content\/uploads\/2022\/03\/pexels-victor-freitas-685526-370x246.jpg 370w, https:\/\/kuhn-solutions.de\/wp-content\/uploads\/2022\/03\/pexels-victor-freitas-685526-1200x799.jpg 1200w, https:\/\/kuhn-solutions.de\/wp-content\/uploads\/2022\/03\/pexels-victor-freitas-685526-360x240.jpg 360w, https:\/\/kuhn-solutions.de\/wp-content\/uploads\/2022\/03\/pexels-victor-freitas-685526.jpg 1920w\" sizes=\"auto, (max-width: 300px) 100vw, 300px\"><\/div>\n\t\t<\/figure>\n\t<\/div>\n<div class=\"vc_empty_space\" style=\"height: 20px\"><span class=\"vc_empty_space_inner\"><\/span><\/div><\/div><\/div><\/div><\/div><div class=\"vc_row wpb_row vc_row-fluid\"><div class=\"wpb_column vc_column_container vc_col-sm-7\"><div class=\"vc_column-inner\"><div class=\"wpb_wrapper\"><h4 class=\"heading-content  style-1\"><span>MISSIOMME<\/span><\/h4>\n\t<div class=\"wpb_text_column wpb_content_element\">\n\t\t<div class=\"wpb_wrapper\">\n\t\t\t<p><span style=\"font-size: 12pt;\">Yri\u00adtyk\u00adsen kes\u00adk\u00adei\u00adnen ydi\u00adno\u00adsaa\u00admi\u00adnen hei\u00adja\u00ads\u00adtuu kol\u00admeen lii\u00adketo\u00adimin\u00adta-aluee\u00adseen: suun\u00adnit\u00adte\u00adlu\u00adun, ohjel\u00admis\u00adtoi\u00adhin ja visua\u00adli\u00adso\u00adin\u00adti\u00adin. KUHN SOLUTIONS tukee asiak\u00adka\u00adi\u00adta\u00adan toteut\u00adta\u00adma\u00adan pro\u00adjekt\u00adin\u00adsa ammat\u00adti\u00adma\u00adis\u00ades\u00adti ja tehokkaasti.<\/span><\/p>\n\n\t\t<\/div>\n\t<\/div>\n<\/div><\/div><\/div><div class=\"wpb_column vc_column_container vc_col-sm-1\"><div class=\"vc_column-inner\"><div class=\"wpb_wrapper\"><\/div><\/div><\/div><div class=\"wpb_animate_when_almost_visible wpb_fadeIn fadeIn wpb_column vc_column_container vc_col-sm-4\"><div class=\"vc_column-inner\"><div class=\"wpb_wrapper\">\n\t<div class=\"wpb_single_image wpb_content_element vc_align_center wpb_content_element\">\n\t\t\n\t\t<figure class=\"wpb_wrapper vc_figure\">\n\t\t\t<div class=\"vc_single_image-wrapper   vc_box_border_grey\"><img loading=\"lazy\" decoding=\"async\" width=\"300\" height=\"200\" src=\"https:\/\/kuhn-solutions.de\/wp-content\/uploads\/2022\/03\/pexels-fauxels-3184418-300x200.jpg\" class=\"vc_single_image-img attachment-medium\" alt title=\"pexels-fauxels-3184418\" srcset=\"https:\/\/kuhn-solutions.de\/wp-content\/uploads\/2022\/03\/pexels-fauxels-3184418-300x200.jpg 300w, https:\/\/kuhn-solutions.de\/wp-content\/uploads\/2022\/03\/pexels-fauxels-3184418-1024x681.jpg 1024w, https:\/\/kuhn-solutions.de\/wp-content\/uploads\/2022\/03\/pexels-fauxels-3184418-768x511.jpg 768w, https:\/\/kuhn-solutions.de\/wp-content\/uploads\/2022\/03\/pexels-fauxels-3184418-1536x1022.jpg 1536w, https:\/\/kuhn-solutions.de\/wp-content\/uploads\/2022\/03\/pexels-fauxels-3184418-18x12.jpg 18w, https:\/\/kuhn-solutions.de\/wp-content\/uploads\/2022\/03\/pexels-fauxels-3184418-370x246.jpg 370w, https:\/\/kuhn-solutions.de\/wp-content\/uploads\/2022\/03\/pexels-fauxels-3184418-1200x798.jpg 1200w, https:\/\/kuhn-solutions.de\/wp-content\/uploads\/2022\/03\/pexels-fauxels-3184418-360x239.jpg 360w, https:\/\/kuhn-solutions.de\/wp-content\/uploads\/2022\/03\/pexels-fauxels-3184418.jpg 1920w\" sizes=\"auto, (max-width: 300px) 100vw, 300px\"><\/div>\n\t\t<\/figure>\n\t<\/div>\n<div class=\"vc_empty_space\" style=\"height: 60px\"><span class=\"vc_empty_space_inner\"><\/span><\/div><div class=\"vc_empty_space\" style=\"height: 20px\"><span class=\"vc_empty_space_inner\"><\/span><\/div><\/div><\/div><\/div><\/div><div data-vc-full-width=\"true\" data-vc-full-width-temp=\"true\" data-vc-full-width-init=\"false\" class=\"vc_row wpb_row vc_row-fluid vc_custom_1648136097542 vc_row-has-fill\"><div class=\"wpb_column vc_column_container vc_col-sm-4\"><div class=\"vc_column-inner\"><div class=\"wpb_wrapper\"><div class=\"vc_empty_space\" style=\"height: 20px\"><span class=\"vc_empty_space_inner\"><\/span><\/div>\n\t<div class=\"wpb_single_image wpb_content_element vc_align_left wpb_content_element\">\n\t\t\n\t\t<figure class=\"wpb_wrapper vc_figure\">\n\t\t\t<a href=\"https:\/\/kuhn-solutions.de\/fi\/kuhn-software\/\" target=\"_self\" class=\"vc_single_image-wrapper   vc_box_border_grey\"><img loading=\"lazy\" decoding=\"async\" width=\"5573\" height=\"1182\" src=\"https:\/\/kuhn-solutions.de\/wp-content\/uploads\/2022\/03\/KuhnSoftware_Logo_withoutSubmark.png\" class=\"vc_single_image-img attachment-full\" alt title=\"KuhnSoftware_Logo_withoutSubmark_withoutSubmark\" srcset=\"https:\/\/kuhn-solutions.de\/wp-content\/uploads\/2022\/03\/KuhnSoftware_Logo_withoutSubmark.png 5573w, https:\/\/kuhn-solutions.de\/wp-content\/uploads\/2022\/03\/KuhnSoftware_Logo_withoutSubmark-300x64.png 300w, https:\/\/kuhn-solutions.de\/wp-content\/uploads\/2022\/03\/KuhnSoftware_Logo_withoutSubmark-1024x217.png 1024w, https:\/\/kuhn-solutions.de\/wp-content\/uploads\/2022\/03\/KuhnSoftware_Logo_withoutSubmark-768x163.png 768w, https:\/\/kuhn-solutions.de\/wp-content\/uploads\/2022\/03\/KuhnSoftware_Logo_withoutSubmark-1536x326.png 1536w, https:\/\/kuhn-solutions.de\/wp-content\/uploads\/2022\/03\/KuhnSoftware_Logo_withoutSubmark-2048x434.png 2048w, https:\/\/kuhn-solutions.de\/wp-content\/uploads\/2022\/03\/KuhnSoftware_Logo_withoutSubmark-18x4.png 18w, https:\/\/kuhn-solutions.de\/wp-content\/uploads\/2022\/03\/KuhnSoftware_Logo_withoutSubmark-370x78.png 370w, https:\/\/kuhn-solutions.de\/wp-content\/uploads\/2022\/03\/KuhnSoftware_Logo_withoutSubmark-1200x255.png 1200w, https:\/\/kuhn-solutions.de\/wp-content\/uploads\/2022\/03\/KuhnSoftware_Logo_withoutSubmark-360x76.png 360w\" sizes=\"auto, (max-width: 5573px) 100vw, 5573px\"><\/a>\n\t\t<\/figure>\n\t<\/div>\n<\/div><\/div><\/div><div class=\"wpb_column vc_column_container vc_col-sm-4\"><div class=\"vc_column-inner\"><div class=\"wpb_wrapper\"><div class=\"vc_empty_space\" style=\"height: 20px\"><span class=\"vc_empty_space_inner\"><\/span><\/div>\n\t<div class=\"wpb_single_image wpb_content_element vc_align_left wpb_content_element\">\n\t\t\n\t\t<figure class=\"wpb_wrapper vc_figure\">\n\t\t\t<a href=\"https:\/\/kuhn-solutions.de\/fi\/kuhn-engineering\/\" target=\"_self\" class=\"vc_single_image-wrapper   vc_box_border_grey\"><img loading=\"lazy\" decoding=\"async\" width=\"5573\" height=\"1182\" src=\"https:\/\/kuhn-solutions.de\/wp-content\/uploads\/2022\/03\/KuhnEngineering_Logo_withoutSubmark.png\" class=\"vc_single_image-img attachment-full\" alt title=\"KuhnEngineering_Logo_withoutSubmark_withoutSubmark\" srcset=\"https:\/\/kuhn-solutions.de\/wp-content\/uploads\/2022\/03\/KuhnEngineering_Logo_withoutSubmark.png 5573w, https:\/\/kuhn-solutions.de\/wp-content\/uploads\/2022\/03\/KuhnEngineering_Logo_withoutSubmark-300x64.png 300w, https:\/\/kuhn-solutions.de\/wp-content\/uploads\/2022\/03\/KuhnEngineering_Logo_withoutSubmark-1024x217.png 1024w, https:\/\/kuhn-solutions.de\/wp-content\/uploads\/2022\/03\/KuhnEngineering_Logo_withoutSubmark-768x163.png 768w, https:\/\/kuhn-solutions.de\/wp-content\/uploads\/2022\/03\/KuhnEngineering_Logo_withoutSubmark-1536x326.png 1536w, https:\/\/kuhn-solutions.de\/wp-content\/uploads\/2022\/03\/KuhnEngineering_Logo_withoutSubmark-2048x434.png 2048w, https:\/\/kuhn-solutions.de\/wp-content\/uploads\/2022\/03\/KuhnEngineering_Logo_withoutSubmark-18x4.png 18w, https:\/\/kuhn-solutions.de\/wp-content\/uploads\/2022\/03\/KuhnEngineering_Logo_withoutSubmark-370x78.png 370w, https:\/\/kuhn-solutions.de\/wp-content\/uploads\/2022\/03\/KuhnEngineering_Logo_withoutSubmark-1200x255.png 1200w, https:\/\/kuhn-solutions.de\/wp-content\/uploads\/2022\/03\/KuhnEngineering_Logo_withoutSubmark-360x76.png 360w\" sizes=\"auto, (max-width: 5573px) 100vw, 5573px\"><\/a>\n\t\t<\/figure>\n\t<\/div>\n<\/div><\/div><\/div><div class=\"wpb_column vc_column_container vc_col-sm-4\"><div class=\"vc_column-inner\"><div class=\"wpb_wrapper\"><div class=\"vc_empty_space\" style=\"height: 20px\"><span class=\"vc_empty_space_inner\"><\/span><\/div>\n\t<div class=\"wpb_single_image wpb_content_element vc_align_left wpb_content_element\">\n\t\t\n\t\t<figure class=\"wpb_wrapper vc_figure\">\n\t\t\t<a href=\"https:\/\/kuhn-solutions.de\/fi\/kuhn-animation\/\" target=\"_self\" class=\"vc_single_image-wrapper   vc_box_border_grey\"><img loading=\"lazy\" decoding=\"async\" width=\"5573\" height=\"1182\" src=\"https:\/\/kuhn-solutions.de\/wp-content\/uploads\/2022\/03\/KuhnAnimation_Logo_withoutSubmark.png\" class=\"vc_single_image-img attachment-full\" alt title=\"KuhnAnimation_Logo_withoutSubmark_withoutSubmark\" srcset=\"https:\/\/kuhn-solutions.de\/wp-content\/uploads\/2022\/03\/KuhnAnimation_Logo_withoutSubmark.png 5573w, https:\/\/kuhn-solutions.de\/wp-content\/uploads\/2022\/03\/KuhnAnimation_Logo_withoutSubmark-300x64.png 300w, https:\/\/kuhn-solutions.de\/wp-content\/uploads\/2022\/03\/KuhnAnimation_Logo_withoutSubmark-1024x217.png 1024w, https:\/\/kuhn-solutions.de\/wp-content\/uploads\/2022\/03\/KuhnAnimation_Logo_withoutSubmark-768x163.png 768w, https:\/\/kuhn-solutions.de\/wp-content\/uploads\/2022\/03\/KuhnAnimation_Logo_withoutSubmark-1536x326.png 1536w, https:\/\/kuhn-solutions.de\/wp-content\/uploads\/2022\/03\/KuhnAnimation_Logo_withoutSubmark-2048x434.png 2048w, https:\/\/kuhn-solutions.de\/wp-content\/uploads\/2022\/03\/KuhnAnimation_Logo_withoutSubmark-18x4.png 18w, https:\/\/kuhn-solutions.de\/wp-content\/uploads\/2022\/03\/KuhnAnimation_Logo_withoutSubmark-370x78.png 370w, https:\/\/kuhn-solutions.de\/wp-content\/uploads\/2022\/03\/KuhnAnimation_Logo_withoutSubmark-1200x255.png 1200w, https:\/\/kuhn-solutions.de\/wp-content\/uploads\/2022\/03\/KuhnAnimation_Logo_withoutSubmark-360x76.png 360w\" sizes=\"auto, (max-width: 5573px) 100vw, 5573px\"><\/a>\n\t\t<\/figure>\n\t<\/div>\n<\/div><\/div><\/div><\/div><div class=\"vc_row-full-width vc_clearfix\"><\/div><div class=\"vc_row wpb_row vc_row-fluid\"><div class=\"wpb_column vc_column_container vc_col-sm-12\"><div class=\"vc_column-inner\"><div class=\"wpb_wrapper\"><div class=\"vc_empty_space\" style=\"height: 12px\"><span class=\"vc_empty_space_inner\"><\/span><\/div><div class=\"vc_empty_space\" style=\"height: 60px\"><span class=\"vc_empty_space_inner\"><\/span><\/div><h5 class=\"heading-content  style-1\"><span>TIIMIMME<\/span><\/h5>\n\t<div class=\"wpb_text_column wpb_content_element\">\n\t\t<div class=\"wpb_wrapper\">\n\t\t\t<p>Olem\u00adme aina tukenasi!<\/p>\n\n\t\t<\/div>\n\t<\/div>\n<div class=\"vc_empty_space\" style=\"height: 20px\"><span class=\"vc_empty_space_inner\"><\/span><\/div><div class=\"row\"><div class=\"col-lg-2 col-sm-4\"><div class=\"team team-hover\"><header><img loading=\"lazy\" decoding=\"async\" width=\"240\" height=\"360\" src=\"https:\/\/kuhn-solutions.de\/wp-content\/uploads\/2020\/10\/DSC02461-2-240x360.jpg\" class=\"attachment-team-3 size-team-3 wp-post-image\" alt srcset=\"https:\/\/kuhn-solutions.de\/wp-content\/uploads\/2020\/10\/DSC02461-2-240x360.jpg 240w, https:\/\/kuhn-solutions.de\/wp-content\/uploads\/2020\/10\/DSC02461-2-200x300.jpg 200w, https:\/\/kuhn-solutions.de\/wp-content\/uploads\/2020\/10\/DSC02461-2-683x1024.jpg 683w, https:\/\/kuhn-solutions.de\/wp-content\/uploads\/2020\/10\/DSC02461-2-768x1152.jpg 768w, https:\/\/kuhn-solutions.de\/wp-content\/uploads\/2020\/10\/DSC02461-2-8x12.jpg 8w, https:\/\/kuhn-solutions.de\/wp-content\/uploads\/2020\/10\/DSC02461-2-360x540.jpg 360w, https:\/\/kuhn-solutions.de\/wp-content\/uploads\/2020\/10\/DSC02461-2.jpg 800w\" sizes=\"auto, (max-width: 240px) 100vw, 240px\"><div class=\"hover\"><a href=\"mailto:Daniel.Kuhn@kuhn-solutions.de\">Daniel.Kuhn@kuhn-solutions.de<\/a><\/div><\/header><h2>Daniel Kuhn \u2013 toimitusjohtaja<\/h2><em>Raken\u00adta\u00admi\u00adnen ja kehitys<br>Ohjel\u00admis\u00adto\u00adjen kehitt\u00e4mi\u00adnen<br><br>Kon\u00adein\u00adsi\u00adn\u00f6\u00f6\u00adri<br>(B. Eng.)<br>S\u00e4h\u00adk\u00f6\u00adin\u00adsi\u00adn\u00f6\u00f6\u00adri (M.&nbsp;Eng.)<\/em><\/div><\/div><div class=\"col-lg-2 col-sm-4\"><div class=\"team team-hover team-hover\"><header><img loading=\"lazy\" decoding=\"async\" width=\"240\" height=\"360\" src=\"https:\/\/kuhn-solutions.de\/wp-content\/uploads\/2021\/06\/Shenal-240x360.png\" class=\"attachment-team-3 size-team-3 wp-post-image\" alt srcset=\"https:\/\/kuhn-solutions.de\/wp-content\/uploads\/2021\/06\/Shenal-240x360.png 240w, https:\/\/kuhn-solutions.de\/wp-content\/uploads\/2021\/06\/Shenal-200x300.png 200w, https:\/\/kuhn-solutions.de\/wp-content\/uploads\/2021\/06\/Shenal-683x1024.png 683w, https:\/\/kuhn-solutions.de\/wp-content\/uploads\/2021\/06\/Shenal-768x1152.png 768w, https:\/\/kuhn-solutions.de\/wp-content\/uploads\/2021\/06\/Shenal-360x540.png 360w, https:\/\/kuhn-solutions.de\/wp-content\/uploads\/2021\/06\/Shenal.png 800w\" sizes=\"auto, (max-width: 240px) 100vw, 240px\"><div class=\"hover\"><p class=\"th-team-member-name\"><a href=\"mailto:Shenal.Meghawarna@kuhn-solutions.de\">Shenal.Meghawarna@kuhn-solutions.de<\/a><\/p><\/div><\/header><h2>Shenal Meghawarna<\/h2><em>Ohjel\u00admis\u00adto\u00adjen kehitt\u00e4mi\u00adnen <br> C#, Java, React JS, <br> React Nati\u00adve<br><br> Ohjel\u00admis\u00adto\u00adin\u00adsi\u00adn\u00f6\u00f6\u00adri (B.&nbsp;Sc.)<\/em><\/div><\/div><div class=\"col-lg-2 col-sm-4\"><div class=\"team team-hover team-hover team-hover\"><header><img loading=\"lazy\" decoding=\"async\" width=\"240\" height=\"360\" src=\"https:\/\/kuhn-solutions.de\/wp-content\/uploads\/2022\/03\/Keerthan_new-240x360.png\" class=\"attachment-team-3 size-team-3 wp-post-image\" alt srcset=\"https:\/\/kuhn-solutions.de\/wp-content\/uploads\/2022\/03\/Keerthan_new-240x360.png 240w, https:\/\/kuhn-solutions.de\/wp-content\/uploads\/2022\/03\/Keerthan_new-200x300.png 200w, https:\/\/kuhn-solutions.de\/wp-content\/uploads\/2022\/03\/Keerthan_new-683x1024.png 683w, https:\/\/kuhn-solutions.de\/wp-content\/uploads\/2022\/03\/Keerthan_new-768x1152.png 768w, https:\/\/kuhn-solutions.de\/wp-content\/uploads\/2022\/03\/Keerthan_new-360x540.png 360w, https:\/\/kuhn-solutions.de\/wp-content\/uploads\/2022\/03\/Keerthan_new.png 800w\" sizes=\"auto, (max-width: 240px) 100vw, 240px\"><div class=\"hover\"><a href=\"mailto:Keerthanan.Rajalingam@kuhn-solutions.de\">Keerthanan.Rajalingam@kuhn-solutions.de<\/a><\/div><\/header><h2>Keerthanan Rajalingam<\/h2><em>Suun\u00adnit\u00adte\u00adlu ja visua\u00adli\u00adso\u00adin\u00adti, Solid\u00adWorks CAD <span class=\"amp\">&amp;<\/span> KeyShot <br><br>  Kon\u00adein\u00adsi\u00adn\u00f6\u00f6\u00adri (B.Sc.)<\/em><\/div><\/div><div class=\"col-lg-2 col-sm-4\"><div class=\"team team-hover team-hover team-hover team-hover\"><header><img loading=\"lazy\" decoding=\"async\" width=\"240\" height=\"360\" src=\"https:\/\/kuhn-solutions.de\/wp-content\/uploads\/2020\/10\/Katja-Hossain_sw-2x3-1-240x360.png\" class=\"attachment-team-3 size-team-3 wp-post-image\" alt srcset=\"https:\/\/kuhn-solutions.de\/wp-content\/uploads\/2020\/10\/Katja-Hossain_sw-2x3-1-240x360.png 240w, https:\/\/kuhn-solutions.de\/wp-content\/uploads\/2020\/10\/Katja-Hossain_sw-2x3-1-200x300.png 200w, https:\/\/kuhn-solutions.de\/wp-content\/uploads\/2020\/10\/Katja-Hossain_sw-2x3-1-683x1024.png 683w, https:\/\/kuhn-solutions.de\/wp-content\/uploads\/2020\/10\/Katja-Hossain_sw-2x3-1-768x1152.png 768w, https:\/\/kuhn-solutions.de\/wp-content\/uploads\/2020\/10\/Katja-Hossain_sw-2x3-1-8x12.png 8w, https:\/\/kuhn-solutions.de\/wp-content\/uploads\/2020\/10\/Katja-Hossain_sw-2x3-1-360x540.png 360w, https:\/\/kuhn-solutions.de\/wp-content\/uploads\/2020\/10\/Katja-Hossain_sw-2x3-1.png 800w\" sizes=\"auto, (max-width: 240px) 100vw, 240px\"><div class=\"hover\"><a href=\"mailto:katja.hossain@kuhn-solutions.de\">katja.hossain@kuhn-solutions.de<\/a>\n\n&nbsp;<\/div><\/header><h2>Katja Hossain<\/h2><em>Myyn\u00adti <span class=\"amp\">&amp;<\/span> <br> Markkinointi&nbsp;<\/em><\/div><\/div><\/div><div class=\"vc_empty_space\" style=\"height: 60px\"><span class=\"vc_empty_space_inner\"><\/span><\/div><\/div><\/div><\/div><\/div><div data-vc-full-width=\"true\" data-vc-full-width-temp=\"true\" data-vc-full-width-init=\"false\" class=\"vc_row wpb_row vc_row-fluid vc_custom_1648137321442 vc_row-has-fill\"><div class=\"wpb_column vc_column_container vc_col-sm-12\"><div class=\"vc_column-inner\"><div class=\"wpb_wrapper\"><div class=\"vc_empty_space\" style=\"height: 20px\"><span class=\"vc_empty_space_inner\"><\/span><\/div><h5 class=\"heading-content  style-1\"><span>ASIAKKAAT, JOTKA LUOTTAVAT MEIHIN.<\/span><\/h5><\/div><\/div><\/div><\/div><div class=\"vc_row-full-width vc_clearfix\"><\/div><div data-vc-full-width=\"true\" data-vc-full-width-temp=\"true\" data-vc-full-width-init=\"false\" data-vc-stretch-content=\"true\" class=\"vc_row wpb_row vc_row-fluid vc_custom_1648137134853 vc_row-has-fill\"><div class=\"wpb_column vc_column_container vc_col-sm-12\"><div class=\"vc_column-inner\"><div class=\"wpb_wrapper\"><div class=\"logos logos--style-1\"><div class=\"logos__item\"><div class=\"logos__wrap\"><img class=\"logos__image\" src=\"https:\/\/kuhn-solutions.de\/wp-content\/uploads\/2018\/08\/TopTeam-Engineering-GmbH.png\" alt><\/div><\/div><div class=\"logos__item\"><div class=\"logos__wrap\"><img class=\"logos__image\" src=\"https:\/\/kuhn-solutions.de\/wp-content\/uploads\/2018\/05\/Schlosser-Blum_Slider-mit-Slogan_rechts.png\" alt><\/div><\/div><div class=\"logos__item\"><div class=\"logos__wrap\"><img class=\"logos__image\" src=\"https:\/\/kuhn-solutions.de\/wp-content\/uploads\/2018\/08\/Logo-Vibraplast-AG-138x72.png\" alt><\/div><\/div><div class=\"logos__item\"><div class=\"logos__wrap\"><img class=\"logos__image\" src=\"https:\/\/kuhn-solutions.de\/wp-content\/uploads\/2018\/08\/wagner-logo.png\" alt><\/div><\/div><\/div><\/div><\/div><\/div><\/div><div class=\"vc_row-full-width vc_clearfix\"><\/div><div data-vc-full-width=\"true\" data-vc-full-width-temp=\"true\" data-vc-full-width-init=\"false\" data-vc-stretch-content=\"true\" class=\"vc_row wpb_row vc_row-fluid vc_custom_1648137134853 vc_row-has-fill\"><div class=\"wpb_column vc_column_container vc_col-sm-12\"><div class=\"vc_column-inner\"><div class=\"wpb_wrapper\"><div class=\"logos logos--style-1\"><div class=\"logos__item\"><div class=\"logos__wrap\"><img class=\"logos__image\" src=\"https:\/\/kuhn-solutions.de\/wp-content\/uploads\/2018\/02\/treichel_logo_color-e1524592429256.png\" alt><\/div><\/div><div class=\"logos__item\"><div class=\"logos__wrap\"><img class=\"logos__image\" src=\"https:\/\/kuhn-solutions.de\/wp-content\/uploads\/2018\/02\/SOLCOM_Logo-1c_rgb_transp-x60.png\" alt><\/div><\/div><div class=\"logos__item\"><div class=\"logos__wrap\"><img class=\"logos__image\" src=\"https:\/\/kuhn-solutions.de\/wp-content\/uploads\/2018\/04\/Teamtechnik_Logo_138\u00d755.png\" alt><\/div><\/div><div class=\"logos__item\"><div class=\"logos__wrap\"><img class=\"logos__image\" src=\"https:\/\/kuhn-solutions.de\/wp-content\/uploads\/2018\/05\/Ystral_logo.png\" alt><\/div><\/div><\/div><\/div><\/div><\/div><\/div><div class=\"vc_row-full-width vc_clearfix\"><\/div>\n<\/div>","protected":false},"excerpt":{"rendered":"katja.hossain@kuhn-solutions.de &nbsp;","protected":false},"author":1,"featured_media":0,"parent":0,"menu_order":0,"comment_status":"open","ping_status":"open","template":"","meta":{"wp_typography_post_enhancements_disabled":false,"footnotes":""},"class_list":["post-2187","page","type-page","status-publish","hentry"],"_links":{"self":[{"href":"https:\/\/kuhn-solutions.de\/fi\/wp-json\/wp\/v2\/pages\/2187","targetHints":{"allow":["GET"]}}],"collection":[{"href":"https:\/\/kuhn-solutions.de\/fi\/wp-json\/wp\/v2\/pages"}],"about":[{"href":"https:\/\/kuhn-solutions.de\/fi\/wp-json\/wp\/v2\/types\/page"}],"author":[{"embeddable":true,"href":"https:\/\/kuhn-solutions.de\/fi\/wp-json\/wp\/v2\/users\/1"}],"replies":[{"embeddable":true,"href":"https:\/\/kuhn-solutions.de\/fi\/wp-json\/wp\/v2\/comments?post=2187"}],"version-history":[{"count":17,"href":"https:\/\/kuhn-solutions.de\/fi\/wp-json\/wp\/v2\/pages\/2187\/revisions"}],"predecessor-version":[{"id":2800,"href":"https:\/\/kuhn-solutions.de\/fi\/wp-json\/wp\/v2\/pages\/2187\/revisions\/2800"}],"wp:attachment":[{"href":"https:\/\/kuhn-solutions.de\/fi\/wp-json\/wp\/v2\/media?parent=2187"}],"curies":[{"name":"wp","href":"https:\/\/api.w.org\/{rel}","templated":true}]}}