{"id":1370,"date":"2018-10-17T19:47:14","date_gmt":"2018-10-17T17:47:14","guid":{"rendered":"https:\/\/kuhneng.de\/?page_id=1370"},"modified":"2021-02-08T08:46:24","modified_gmt":"2021-02-08T07:46:24","slug":"solidworks-api-programmierung-my-glasses","status":"publish","type":"page","link":"https:\/\/kuhn-solutions.de\/fi\/solidworks-api-programmierung-my-glasses\/","title":{"rendered":"Solid\u00adWorksin API-ohjel\u00admo\u00adin\u00adti \u201eOmat sil\u00adm\u00e4la\u00adsit\u201c \u2011esi\u00admer\u00adkin avulla"},"content":{"rendered":"<div class=\"wpb-content-wrapper\"><div class=\"vc_row wpb_row vc_row-fluid\"><div class=\"wpb_column vc_column_container vc_col-sm-12\"><div class=\"vc_column-inner\"><div class=\"wpb_wrapper\">\n\t<div class=\"wpb_text_column wpb_content_element vc_custom_1612770365692\">\n\t\t<div class=\"wpb_wrapper\">\n\t\t\t<p>Solid\u00adWorks sis\u00ad\u00e4l\u00adt\u00e4\u00e4 laa\u00adjan ohjel\u00admo\u00adin\u00adti\u00adra\u00adja\u00adpinnan, jota kuts\u00adu\u00adta\u00adan lyhy\u00ades\u00adti API:ksi.&nbsp;<span lang=\"en-Latn\"><i>sovel\u00adlus\u00adoh\u00adjel\u00admo\u00adin\u00adti\u00adra\u00adja\u00adpin\u00adta). <\/i>N\u00e4in CAD-ohjel\u00admis\u00adtoa voida\u00adan mukau\u00adttaa ja laa\u00adjen\u00adtaa yksil\u00ad\u00f6l\u00adlis\u00adten tar\u00adpei\u00adden muka\u00adan. Tois\u00adtu\u00advia teh\u00adt\u00e4vi\u00e4 voida\u00adan auto\u00admati\u00adso\u00adida digi\u00adtaa\u00adli\u00adses\u00adti l\u00e4hes rajo\u00adituk\u00adset\u00adta. Monis\u00adsa yri\u00adtyk\u00ads\u00adis\u00ads\u00e4 t\u00e4t\u00e4 vaih\u00adtoeh\u00adtoa ei kui\u00adten\u00adka\u00adan juuri k\u00e4y\u00adte\u00adt\u00e4. T\u00e4m\u00e4 on s\u00e4\u00e4\u00adli, sil\u00adl\u00e4 val\u00adta\u00advi\u00aden aika- ja kustan\u00adnus\u00ads\u00e4\u00e4\u00adst\u00f6\u00adjen lis\u00e4k\u00adsi se tuo muka\u00adna\u00adan aivan uusia mah\u00addol\u00adli\u00adsu\u00aduk\u00adsia omal\u00adle yritykselle.&nbsp;<\/span><\/p>\n<p><span lang=\"en-Latn\">Seu\u00adraa\u00adva video tuo\u00adtekon\u00adfi\u00adgu\u00adraat\u00adto\u00adris\u00adta <em>Min\u00adun lasi\u00adni<\/em> osoit\u00adtaa j\u00e4r\u00adjes\u00adtel\u00adm\u00e4n laa\u00adjen\u00adnus\u00adten val\u00adtavat mahdollisuudet.<\/span><\/p>\n\n\t\t<\/div>\n\t<\/div>\n<div class=\"video-wrapper\"><iframe loading=\"lazy\" src=\"https:\/\/www.youtube.com\/embed\/ZkNnBmnNTE0?wmode=transparent\" width=\"1280\" height=\"315\" style=\"border: none !important\"><\/iframe><\/div>\n\t<div class=\"wpb_text_column wpb_content_element vc_custom_1612770372667\">\n\t\t<div class=\"wpb_wrapper\">\n\t\t\t<p>Tuo\u00adtekon\u00adfi\u00adgu\u00adraat\u00adto\u00adrin avul\u00adla <em>Min\u00adun lasi\u00adni<\/em> voit suun\u00adnitel\u00adla omat yksil\u00ad\u00f6l\u00adli\u00adset sil\u00adm\u00e4las\u00adi\u00adsi. Lis\u00e4k\u00adsi lasi\u00aden kokoa ja asen\u00adtoa on mah\u00addol\u00adlis\u00adta mukau\u00adttaa ihmi\u00adsen p\u00e4\u00e4n 3D-skann\u00adauk\u00adsen muka\u00adan. T\u00e4s\u00ads\u00e4 k\u00e4y\u00adte\u00adtyt 3D-skann\u00adauk\u00adset on luo\u00adtu k\u00e4ytt\u00e4m\u00e4l\u00adl\u00e4 <em>Foto\u00adgram\u00adme\u00adtria<\/em> luo\u00adda\u00adan ja nii\u00adt\u00e4 k\u00e4y\u00adte\u00adt\u00e4\u00e4n asia\u00adkas\u00adtie\u00adtoi\u00adna tuo\u00adtekon\u00adfi\u00adgu\u00adraat\u00adto\u00adris\u00adsa. Tuo\u00adtekon\u00adfi\u00adgu\u00adraat\u00adto\u00adri <em>Min\u00adun lasi\u00adni<\/em> on toteu\u00adtet\u00adtu Solid\u00adWorks CAD-j\u00e4r\u00adjes\u00adtel\u00adm\u00e4n lis\u00e4o\u00adsa\u00adna. Lis\u00e4o\u00adsat mah\u00addol\u00adlistavat jo ole\u00admas\u00adsa ole\u00advan ohjel\u00admis\u00adton laa\u00adjen\u00adta\u00admi\u00adsen lis\u00e4\u00adto\u00adimin\u00adnoil\u00adla. Lis\u00e4o\u00adsan kehitt\u00e4mi\u00adsek\u00adsi ole\u00admas\u00adsa ole\u00adva ohjel\u00admis\u00adto vaa\u00adtii <em>Sovel\u00adlus\u00adoh\u00adjel\u00admo\u00adin\u00adti\u00adra\u00adja\u00adpin\u00adta, lyhy\u00ades\u00adti API<\/em>. Kun tuo\u00adtekon\u00adfi\u00adgu\u00adraat\u00adto\u00adrin kehitt\u00e4mi\u00adsen perust\u00ada\u00adna k\u00e4y\u00adte\u00adt\u00e4\u00e4n lis\u00e4o\u00adsaa, etu\u00adna on, ett\u00e4 p\u00e4\u00e4\u00adso\u00advel\u00adluk\u00adsen ole\u00admas\u00adsa ole\u00advia toimin\u00adto\u00adja voida\u00adan k\u00e4yt\u00adt\u00e4\u00e4. Itse lis\u00e4o\u00adsa\u00adssa on kehitett\u00e4\u00adv\u00e4 vain ne toimin\u00adnot, jot\u00adka eiv\u00ad\u00e4t ole k\u00e4y\u00adtett\u00e4vis\u00ads\u00e4 p\u00e4\u00e4\u00adso\u00advel\u00adluks\u00ades\u00adsa. T\u00e4m\u00e4 voi v\u00e4hen\u00adt\u00e4\u00e4 mer\u00adkit\u00adt\u00e4\u00adv\u00e4s\u00adti kehity\u00adsa\u00adikaa ja \u2011kustan\u00adnuk\u00adsia ver\u00adrat\u00adtu\u00adna eril\u00adli\u00adsen sovel\u00adluk\u00adsen kehitt\u00e4miseen.<\/p>\n<p>Tuo\u00adtekon\u00adfi\u00adgu\u00adraat\u00adto\u00adri <em>Min\u00adun lasi\u00adni<\/em> osoit\u00adtaa lis\u00e4o\u00adsan monet edut. N\u00e4i\u00adhin kuuluvat:<\/p>\n<ul>\n<li>Lis\u00e4o\u00adsan k\u00e4yt\u00adt\u00e4\u00adji\u00aden ei tar\u00advitse opetel\u00adla k\u00e4ytt\u00e4m\u00e4\u00e4n uut\u00adta sovellusta.<\/li>\n<li>Lis\u00e4o\u00adsan k\u00e4yt\u00adt\u00f6 on heti tut\u00adtua, kos\u00adka p\u00e4\u00e4\u00adso\u00advel\u00adlus on jo tut\u00adtu. Vain muut\u00adamia uusia toimin\u00adto\u00adja on lis\u00e4t\u00adty. K\u00e4yt\u00adt\u00e4\u00adj\u00e4 ei n\u00e4in ollen tun\u00adne, ett\u00e4 h\u00e4n jou\u00adtui\u00adsi huk\u00adku\u00adma\u00adan uute\u00aden sovel\u00adluk\u00adseen tai jou\u00adtui\u00adsi koh\u00adtaa\u00adma\u00adan&nbsp;sen.<\/li>\n<li>Lis\u00e4o\u00adsa voida\u00adan aktivo\u00adida ja deak\u00adtivo\u00adida CAD-j\u00e4r\u00adjes\u00adtel\u00adm\u00e4s\u00ads\u00e4 tar\u00adpeen muka\u00adan. Graa\u00adfi\u00adnen k\u00e4yt\u00adt\u00ad\u00f6\u00adliit\u00adty\u00adm\u00e4 sis\u00ad\u00e4l\u00adt\u00e4\u00e4 siis vain ne ele\u00admen\u00adtit, joita tar\u00advi\u00adta\u00adan t\u00e4l\u00adl\u00e4 hetkell\u00e4.<\/li>\n<li>Tuot\u00adteen kon\u00adfi\u00adgu\u00adro\u00adin\u00adti ja mukau\u00adtta\u00admi\u00adnen voida\u00adan teh\u00add\u00e4 hel\u00adpos\u00adti laa\u00adjen\u00adta\u00admal\u00adla ja k\u00e4ytt\u00e4m\u00e4l\u00adl\u00e4 p\u00e4\u00e4\u00adso\u00advel\u00adluk\u00adsen graa\u00adfis\u00adta k\u00e4ytt\u00f6liittym\u00e4\u00e4.<\/li>\n<li>Ole\u00admas\u00adsa ole\u00advia CAD-tie\u00adto\u00adja voida\u00adan k\u00e4yt\u00adt\u00e4\u00e4, eik\u00e4 nii\u00adt\u00e4 tar\u00advitse vie\u00add\u00e4 ja k\u00e4sitel\u00adl\u00e4 uut\u00adta sovel\u00adlus\u00adta varten.<\/li>\n<li>Yksit\u00adt\u00e4i\u00adset asia\u00adkas\u00adtie\u00addot ja piirust\u00aduk\u00adset voida\u00adan tal\u00adlen\u00adtaa auto\u00admaat\u00adti\u00adses\u00adti, halut\u00adtaes\u00adsa my\u00f6s jo ole\u00admas\u00adsa ole\u00adva\u00adan tuo\u00adtetie\u00addon\u00adhall\u00adin\u00adta\u00adj\u00e4r\u00adjes\u00adtel\u00adm\u00e4\u00e4n (PDM-j\u00e4r\u00adjes\u00adtel\u00adm\u00e4).<\/li>\n<li>Tois\u00adtu\u00advat teh\u00adt\u00e4\u00adv\u00e4t voida\u00adan auto\u00admati\u00adso\u00adida t\u00e4y\u00adsin tutus\u00adsa sovelluksessa.<\/li>\n<li>Lis\u00e4k\u00adsi tie\u00addot voida\u00adan vie\u00add\u00e4 eri\u00adlai\u00adsi\u00adin neu\u00adtr\u00ada\u00adalei\u00adhin tie\u00adtomuo\u00adtoi\u00adhin. T\u00e4h\u00e4n tar\u00adko\u00adituk\u00adseen voida\u00adan k\u00e4yt\u00adt\u00e4\u00e4 p\u00e4\u00e4\u00adso\u00advel\u00adluk\u00adsen nyky\u00adisi\u00e4 vientitoimintoja.<\/li>\n<li>Monet muut toimin\u00adnot, kuten tie\u00adto\u00adjen l\u00e4hett\u00e4mi\u00adnen s\u00e4h\u00adk\u00f6\u00adpos\u00adtit\u00adse esi\u00admer\u00adkiksi asiak\u00adka\u00adal\u00adle ja tuo\u00adtan\u00adnol\u00adle, voida\u00adan hel\u00adpos\u00adti toteut\u00adtaa lis\u00e4osassa.<\/li>\n<\/ul>\n<p>Jos haluat lis\u00e4\u00adtie\u00adto\u00adja, ota mei\u00adhin yhteyt\u00adt\u00e4, odo\u00adtam\u00adme mie\u00adlen\u00adki\u00adin\u00adnol\u00adla kysely\u00e4si!<\/p>\n\n\t\t<\/div>\n\t<\/div>\n<\/div><\/div><\/div><\/div><div data-vc-full-width=\"true\" data-vc-full-width-temp=\"true\" data-vc-full-width-init=\"false\" class=\"vc_row wpb_row vc_row-fluid vc_custom_1496321201384 vc_row-has-fill\"><div class=\"wpb_column vc_column_container vc_col-sm-8\"><div class=\"vc_column-inner\"><div class=\"wpb_wrapper\">\n\t<div class=\"wpb_text_column wpb_content_element vc_custom_1539799706449\">\n\t\t<div class=\"wpb_wrapper\">\n\t\t\t<h3 style=\"text-align: left;\"><span style=\"color: #ffffff;\">Olipa kyseess\u00e4 sitten makro, lis\u00e4osa tai itsen\u00e4inen ohjelmisto, ratkaisumme takaa menestyksesi!<\/span><\/h3>\n\n\t\t<\/div>\n\t<\/div>\n<\/div><\/div><\/div><div class=\"wpb_column vc_column_container vc_col-sm-4\"><div class=\"vc_column-inner\"><div class=\"wpb_wrapper\"><a target=\"_self\" href=\"mailto:info@kuhn-solutions.de\" class=\"btn  btn-md style-1\" id=\"custom-id-0\" style>PYYNT\u00d6 ILMAN VELVOLLISUUTTA<\/a><\/div><\/div><\/div><\/div><div class=\"vc_row-full-width vc_clearfix\"><\/div><div class=\"vc_row wpb_row vc_row-fluid\"><div class=\"wpb_column vc_column_container vc_col-sm-12\"><div class=\"vc_column-inner\"><div class=\"wpb_wrapper\">\n\t<div class=\"wpb_text_column wpb_content_element\">\n\t\t<div class=\"wpb_wrapper\">\n\t\t\t<h2 style=\"text-align: center;\"><a href=\"https:\/\/www.youtube.com\/channel\/UC53xOUg3WvFdCwXXOEQzS1Q\" target=\"_blank\" rel=\"noopener noreferrer\">K\u00e4y YouTube-kanavallamme.<\/a><\/h2>\n\n\t\t<\/div>\n\t<\/div>\n<\/div><\/div><\/div><\/div>\n<\/div>","protected":false},"excerpt":{"rendered":"Solid\u00adWorks sis\u00ad\u00e4l\u00adt\u00e4\u00e4 laa\u00adjan ohjel\u00admo\u00adin\u00adti\u00adra\u00adja\u00adpinnan, jota kuts\u00adu\u00adta\u00adan lyhy\u00ades\u00adti API:ksi (appli\u00adca\u00adti\u00adon pro\u00adgramming inter\u00adface). T\u00e4m\u00e4 mah\u00addol\u00adli\u00adstaa CAD-ohjel\u00admis\u00adton mukau\u00adtta\u00admi\u00adsen ja laa\u00adjen\u00adta\u00admi\u00adsen yksil\u00ad\u00f6l\u00adlis\u00adten tar\u00adpei\u00adden muka\u00adan. Tois\u00adtu\u00advia teh\u00adt\u00e4vi\u00e4 voida\u00adan auto\u00admati\u00adso\u00adida digi\u00adtaa\u00adli\u00adses\u00adti l\u00e4hes rajo\u00adituk\u00adset\u00adta. Monis\u00adsa yri\u00adtyk\u00ads\u00adis\u00ads\u00e4 t\u00e4t\u00e4 mah\u00addol\u00adli\u00adsuut\u00adta ei kui\u00adten\u00adka\u00adan juuri k\u00e4y\u00adte\u00adt\u00e4. S\u00e4\u00e4\u00adli, kos\u00adka sit\u00e4 paitsi\u2026","protected":false},"author":1,"featured_media":0,"parent":0,"menu_order":0,"comment_status":"open","ping_status":"closed","template":"","meta":{"wp_typography_post_enhancements_disabled":false,"footnotes":""},"class_list":["post-1370","page","type-page","status-publish","hentry"],"_links":{"self":[{"href":"https:\/\/kuhn-solutions.de\/fi\/wp-json\/wp\/v2\/pages\/1370","targetHints":{"allow":["GET"]}}],"collection":[{"href":"https:\/\/kuhn-solutions.de\/fi\/wp-json\/wp\/v2\/pages"}],"about":[{"href":"https:\/\/kuhn-solutions.de\/fi\/wp-json\/wp\/v2\/types\/page"}],"author":[{"embeddable":true,"href":"https:\/\/kuhn-solutions.de\/fi\/wp-json\/wp\/v2\/users\/1"}],"replies":[{"embeddable":true,"href":"https:\/\/kuhn-solutions.de\/fi\/wp-json\/wp\/v2\/comments?post=1370"}],"version-history":[{"count":18,"href":"https:\/\/kuhn-solutions.de\/fi\/wp-json\/wp\/v2\/pages\/1370\/revisions"}],"predecessor-version":[{"id":2008,"href":"https:\/\/kuhn-solutions.de\/fi\/wp-json\/wp\/v2\/pages\/1370\/revisions\/2008"}],"wp:attachment":[{"href":"https:\/\/kuhn-solutions.de\/fi\/wp-json\/wp\/v2\/media?parent=1370"}],"curies":[{"name":"wp","href":"https:\/\/api.w.org\/{rel}","templated":true}]}}