{"id":1343,"date":"2018-09-21T18:18:34","date_gmt":"2018-09-21T16:18:34","guid":{"rendered":"https:\/\/kuhneng.de\/?page_id=1343"},"modified":"2024-10-30T13:30:02","modified_gmt":"2024-10-30T12:30:02","slug":"softwareprodukte","status":"publish","type":"page","link":"https:\/\/kuhn-solutions.de\/fi\/softwareprodukte\/","title":{"rendered":"Ohjel\u00admis\u00adto\u00adtuot\u00adteem\u00adme"},"content":{"rendered":"<div class=\"wpb-content-wrapper\"><div class=\"vc_row wpb_row vc_row-fluid\"><div class=\"wpb_column vc_column_container vc_col-sm-12\"><div class=\"vc_column-inner\"><div class=\"wpb_wrapper\"><h3 class=\"heading-left  style-1\"><span>CAD\/CAM-sovellusten ohjelmistot ja laajennukset<\/span><\/h3><\/div><\/div><\/div><div class=\"wpb_column vc_column_container vc_col-sm-4\"><div class=\"vc_column-inner\"><div class=\"wpb_wrapper\"><div class=\"vc_row wpb_row vc_inner vc_row-fluid vc_custom_1436373637236\"><div class=\"wpb_column vc_column_container vc_col-sm-12\"><div class=\"vc_column-inner\"><div class=\"wpb_wrapper\"><div class=\"vc_empty_space\" style=\"height: 60px\"><span class=\"vc_empty_space_inner\"><\/span><\/div>\n\t<div class=\"wpb_single_image wpb_content_element vc_align_left wpb_content_element\">\n\t\t\n\t\t<figure class=\"wpb_wrapper vc_figure\">\n\t\t\t<a href=\"https:\/\/contourtrace.com\/\" target=\"_blank\" class=\"vc_single_image-wrapper vc_box_shadow  vc_box_border_grey\"><img loading=\"lazy\" decoding=\"async\" width=\"1950\" height=\"1300\" src=\"https:\/\/kuhn-solutions.de\/wp-content\/uploads\/2024\/09\/ContourTrace_Start_Screen.png\" class=\"vc_single_image-img attachment-full\" alt title=\"ContourTrace\" srcset=\"https:\/\/kuhn-solutions.de\/wp-content\/uploads\/2024\/09\/ContourTrace_Start_Screen.png 1950w, https:\/\/kuhn-solutions.de\/wp-content\/uploads\/2024\/09\/ContourTrace_Start_Screen-300x200.png 300w, https:\/\/kuhn-solutions.de\/wp-content\/uploads\/2024\/09\/ContourTrace_Start_Screen-1024x683.png 1024w, https:\/\/kuhn-solutions.de\/wp-content\/uploads\/2024\/09\/ContourTrace_Start_Screen-768x512.png 768w, https:\/\/kuhn-solutions.de\/wp-content\/uploads\/2024\/09\/ContourTrace_Start_Screen-1536x1024.png 1536w, https:\/\/kuhn-solutions.de\/wp-content\/uploads\/2024\/09\/ContourTrace_Start_Screen-18x12.png 18w, https:\/\/kuhn-solutions.de\/wp-content\/uploads\/2024\/09\/ContourTrace_Start_Screen-370x247.png 370w, https:\/\/kuhn-solutions.de\/wp-content\/uploads\/2024\/09\/ContourTrace_Start_Screen-1200x800.png 1200w, https:\/\/kuhn-solutions.de\/wp-content\/uploads\/2024\/09\/ContourTrace_Start_Screen-360x240.png 360w\" sizes=\"auto, (max-width: 1950px) 100vw, 1950px\"><\/a>\n\t\t<\/figure>\n\t<\/div>\n<h5 class=\"heading-left  style-1\"><span>ContourTrace<\/span><\/h5>\n\t<div class=\"wpb_text_column wpb_content_element\">\n\t\t<div class=\"wpb_wrapper\">\n\t\t\t<p>Kon\u00adtu\u00aduri\u00aden vie\u00admi\u00adnen kuvis\u00adta DXF- ja SVG-muodossa<\/p>\n\n\t\t<\/div>\n\t<\/div>\n<div class=\"vc_empty_space\" style=\"height: 20px\"><span class=\"vc_empty_space_inner\"><\/span><\/div>\n\t<div class=\"wpb_text_column wpb_content_element vc_custom_1730291358610\">\n\t\t<div class=\"wpb_wrapper\">\n\t\t\t<p>Con\u00adtour\u00adTrace hel\u00adpott\u00adaa ras\u00adte\u00adri\u00adku\u00advi\u00aden, kuten BMP- ja JPEG-kuvi\u00aden, muun\u00adta\u00admis\u00adta vek\u00adto\u00adri\u00admuo\u00adtoi\u00adhin, kuten DXF ja SVG. Ohjel\u00admi\u00adstol\u00adle on omi\u00adnais\u00adta tark\u00adko\u00adjen koh\u00adte\u00aden \u00e4\u00e4rivii\u00advo\u00adjen erot\u00adta\u00admi\u00adnen, ja se sovel\u00adtuu sik\u00adsi eri\u00adno\u00admais\u00ades\u00adti mittaus\u2011, tarkastus\u2011, suun\u00adnit\u00adte\u00adlu- ja tuo\u00adtan\u00adto\u00adso\u00advel\u00adluk\u00adsi\u00adin. Se on eri\u00adtyisen teho\u00adkas vaah\u00adtomuo\u00advi\u00adle\u00advy\u00adjen ja var\u00adjo\u00adle\u00advy\u00adjen tuo\u00adtan\u00adnos\u00adsa, kos\u00adka se teho\u00adstaa pro\u00adses\u00adsia kuvas\u00adta val\u00admiik\u00adsi \u00e4\u00e4riviivaksi.<\/p>\n\n\t\t<\/div>\n\t<\/div>\n<div class=\"vc_btn3-container vc_btn3-center vc_custom_1725275091113 vc_do_btn\"><a class=\"vc_general vc_btn3 vc_btn3-size-lg vc_btn3-shape-rounded vc_btn3-style-modern vc_btn3-color-black\" href=\"https:\/\/contourtrace.com\/\" title target=\"_blank\">Lis\u00e4\u00adtie\u00adto\u00adja ContourTrace&nbsp;\u2026<\/a><\/div><\/div><\/div><\/div><\/div><\/div><\/div><\/div><div class=\"wpb_column vc_column_container vc_col-sm-4\"><div class=\"vc_column-inner\"><div class=\"wpb_wrapper\"><div class=\"vc_row wpb_row vc_inner vc_row-fluid vc_custom_1436373637236\"><div class=\"wpb_column vc_column_container vc_col-sm-12\"><div class=\"vc_column-inner\"><div class=\"wpb_wrapper\"><div class=\"vc_empty_space\" style=\"height: 60px\"><span class=\"vc_empty_space_inner\"><\/span><\/div>\n\t<div class=\"wpb_single_image wpb_content_element vc_align_left wpb_content_element\">\n\t\t\n\t\t<figure class=\"wpb_wrapper vc_figure\">\n\t\t\t<a href=\"https:\/\/kuhn-solutions.de\/fi\/custom-toolbar-for-solidworks\/\" target=\"_blank\" class=\"vc_single_image-wrapper vc_box_shadow  vc_box_border_grey\"><img loading=\"lazy\" decoding=\"async\" width=\"1738\" height=\"1159\" src=\"https:\/\/kuhn-solutions.de\/wp-content\/uploads\/2019\/05\/Custom-Toolbar-Settings-1738-x-1159.jpg\" class=\"vc_single_image-img attachment-full\" alt=\"Custom Toolbar Settings \u2013 Rename and customize up to 5 toolbars\" title=\"Mukautetut ty\u00f6kalurivin asetukset\" srcset=\"https:\/\/kuhn-solutions.de\/wp-content\/uploads\/2019\/05\/Custom-Toolbar-Settings-1738-x-1159.jpg 1738w, https:\/\/kuhn-solutions.de\/wp-content\/uploads\/2019\/05\/Custom-Toolbar-Settings-1738-x-1159-300x200.jpg 300w, https:\/\/kuhn-solutions.de\/wp-content\/uploads\/2019\/05\/Custom-Toolbar-Settings-1738-x-1159-768x512.jpg 768w, https:\/\/kuhn-solutions.de\/wp-content\/uploads\/2019\/05\/Custom-Toolbar-Settings-1738-x-1159-1024x683.jpg 1024w, https:\/\/kuhn-solutions.de\/wp-content\/uploads\/2019\/05\/Custom-Toolbar-Settings-1738-x-1159-370x247.jpg 370w, https:\/\/kuhn-solutions.de\/wp-content\/uploads\/2019\/05\/Custom-Toolbar-Settings-1738-x-1159-1200x800.jpg 1200w, https:\/\/kuhn-solutions.de\/wp-content\/uploads\/2019\/05\/Custom-Toolbar-Settings-1738-x-1159-360x240.jpg 360w, https:\/\/kuhn-solutions.de\/wp-content\/uploads\/2019\/05\/Custom-Toolbar-Settings-1738-x-1159-600x400.jpg 600w\" sizes=\"auto, (max-width: 1738px) 100vw, 1738px\"><\/a>\n\t\t<\/figure>\n\t<\/div>\n<h5 class=\"heading-left  style-1\"><span>Mukautettu ty\u00f6kalupalkki<\/span><\/h5>\n\t<div class=\"wpb_text_column wpb_content_element\">\n\t\t<div class=\"wpb_wrapper\">\n\t\t\t<p>Oma r\u00e4\u00e4\u00adt\u00e4\u00adl\u00f6\u00adi\u00adty SOLIDWORKS-ty\u00f6kalurivi<\/p>\n\n\t\t<\/div>\n\t<\/div>\n<div class=\"vc_empty_space  vc_custom_1519386271239\" style=\"height: 20px\"><span class=\"vc_empty_space_inner\"><\/span><\/div>\n\t<div class=\"wpb_text_column wpb_content_element vc_custom_1566407196605\">\n\t\t<div class=\"wpb_wrapper\">\n\t\t\t<p>Cus\u00adtom Tool\u00adbar on ilmainen lis\u00e4o\u00adsa SOLIDWORKS CAD \u2011ohjel\u00admis\u00adtoon. Se lis\u00e4\u00e4 SOLID\u00adWORKSin k\u00e4yt\u00adt\u00f6ym\u00adp\u00e4\u00adrist\u00f6\u00f6n enin\u00adt\u00e4\u00e4n 5 yli\u00adm\u00e4\u00e4r\u00e4i\u00adst\u00e4 ty\u00f6\u00adkalu\u00adri\u00advi\u00e4. N\u00e4i\u00adt\u00e4 ty\u00f6\u00adkalu\u00adri\u00adve\u00adj\u00e4, kuten kaik\u00adkia mui\u00adta\u00adkin SOLID\u00adWORKS-ty\u00f6\u00adkalu\u00adri\u00adve\u00adj\u00e4, voi muo\u00adka\u00adta vapaas\u00adti. T\u00e4m\u00e4 tar\u00adkoit\u00adtaa, ett\u00e4 n\u00e4i\u00adhin ty\u00f6\u00adkalu\u00adri\u00advei\u00adhin voida\u00adan sijoit\u00adtaa taval\u00adli\u00adsia SOLID\u00adWORKS-komen\u00adto\u00adja sek\u00e4 makropainikkeita.<\/p>\n\n\t\t<\/div>\n\t<\/div>\n<div class=\"vc_btn3-container vc_btn3-center vc_custom_1652099124780 vc_do_btn\"><a class=\"vc_general vc_btn3 vc_btn3-size-lg vc_btn3-shape-rounded vc_btn3-style-modern vc_btn3-color-black\" href=\"https:\/\/kuhn-solutions.de\/fi\/custom-toolbar-for-solidworks\/\" title target=\"_blank\">Lis\u00e4\u00adtie\u00adto\u00adja mukau\u00adte\u00adtus\u00adta ty\u00f6kalupalkista&nbsp;\u2026<\/a><\/div><\/div><\/div><\/div><\/div><\/div><\/div><\/div><div class=\"wpb_column vc_column_container vc_col-sm-4\"><div class=\"vc_column-inner\"><div class=\"wpb_wrapper\"><div class=\"vc_row wpb_row vc_inner vc_row-fluid vc_custom_1436373637236\"><div class=\"wpb_column vc_column_container vc_col-sm-12\"><div class=\"vc_column-inner\"><div class=\"wpb_wrapper\"><div class=\"vc_empty_space\" style=\"height: 60px\"><span class=\"vc_empty_space_inner\"><\/span><\/div>\n\t<div class=\"wpb_single_image wpb_content_element vc_align_left wpb_content_element\">\n\t\t\n\t\t<figure class=\"wpb_wrapper vc_figure\">\n\t\t\t<a href=\"https:\/\/kuhn-solutions.de\/fi\/macros-for-solidworks\/\" target=\"_blank\" class=\"vc_single_image-wrapper vc_box_shadow  vc_box_border_grey\"><img loading=\"lazy\" decoding=\"async\" width=\"1280\" height=\"854\" src=\"https:\/\/kuhn-solutions.de\/wp-content\/uploads\/2019\/08\/code_1280x854.jpg\" class=\"vc_single_image-img attachment-full\" alt title=\"code_1280x854\" srcset=\"https:\/\/kuhn-solutions.de\/wp-content\/uploads\/2019\/08\/code_1280x854.jpg 1280w, https:\/\/kuhn-solutions.de\/wp-content\/uploads\/2019\/08\/code_1280x854-300x200.jpg 300w, https:\/\/kuhn-solutions.de\/wp-content\/uploads\/2019\/08\/code_1280x854-768x512.jpg 768w, https:\/\/kuhn-solutions.de\/wp-content\/uploads\/2019\/08\/code_1280x854-1024x683.jpg 1024w, https:\/\/kuhn-solutions.de\/wp-content\/uploads\/2019\/08\/code_1280x854-370x247.jpg 370w, https:\/\/kuhn-solutions.de\/wp-content\/uploads\/2019\/08\/code_1280x854-1200x801.jpg 1200w, https:\/\/kuhn-solutions.de\/wp-content\/uploads\/2019\/08\/code_1280x854-360x240.jpg 360w, https:\/\/kuhn-solutions.de\/wp-content\/uploads\/2019\/08\/code_1280x854-600x400.jpg 600w\" sizes=\"auto, (max-width: 1280px) 100vw, 1280px\"><\/a>\n\t\t<\/figure>\n\t<\/div>\n<h5 class=\"heading-left  style-1\"><span>SOLIDWORKS-makrot<\/span><\/h5>\n\t<div class=\"wpb_text_column wpb_content_element\">\n\t\t<div class=\"wpb_wrapper\">\n\t\t\t<p>Auto\u00admati\u00adso\u00adidut pro\u00adses\u00adsit SOLIDWORKSissa<\/p>\n\n\t\t<\/div>\n\t<\/div>\n<div class=\"vc_empty_space\" style=\"height: 20px\"><span class=\"vc_empty_space_inner\"><\/span><\/div>\n\t<div class=\"wpb_text_column wpb_content_element vc_custom_1566408137505\">\n\t\t<div class=\"wpb_wrapper\">\n\t\t\t<p>SOLID\u00adWORKSin makrot mah\u00addol\u00adlistavat sel\u00adlais\u00adten pro\u00adses\u00adsi\u00aden auto\u00admati\u00adso\u00adin\u00adnin, jot\u00adka k\u00e4yt\u00adt\u00e4\u00adj\u00e4 suo\u00adrit\u00adt\u00adaa esi\u00admer\u00adkiksi k\u00e4yt\u00adt\u00ad\u00f6\u00adliit\u00adty\u00adm\u00e4n kau\u00adtta hiiren ja n\u00e4p\u00adp\u00e4\u00adi\u00admis\u00adt\u00f6n avul\u00adla. Tois\u00adtu\u00advat teh\u00adt\u00e4\u00adv\u00e4t voida\u00adan tal\u00adlen\u00adtaa makro\u00adon ja suo\u00adrit\u00adt\u00adaa yhdel\u00adl\u00e4 hiiren naps\u00adau\u00adtuk\u00adsel\u00adla. T\u00e4m\u00e4 s\u00e4\u00e4\u00adst\u00e4\u00e4 pal\u00adjon aikaa joka\u00adp\u00e4iv\u00e4i\u00adsis\u00ads\u00e4 teh\u00adt\u00e4vis\u00ads\u00e4. T\u00e4st\u00e4 osi\u00ados\u00adta l\u00f6y\u00add\u00e4t joita\u00adkin esi\u00admerk\u00adke\u00adj\u00e4 makro\u00adis\u00adta, jot\u00adka ovat ilmaisia!<\/p>\n\n\t\t<\/div>\n\t<\/div>\n<div class=\"vc_btn3-container vc_btn3-center vc_custom_1652099152556 vc_do_btn\"><a class=\"vc_general vc_btn3 vc_btn3-size-lg vc_btn3-shape-rounded vc_btn3-style-modern vc_btn3-color-black\" href=\"https:\/\/kuhn-solutions.de\/fi\/macros-for-solidworks\/\" title target=\"_blank\">Lis\u00e4\u00adtie\u00adto\u00adja SOLIDWORKS-makroista&nbsp;\u2026<\/a><\/div><\/div><\/div><\/div><\/div><\/div><\/div><\/div><\/div>\n<\/div>","protected":false},"excerpt":{"rendered":"Ohjel\u00admis\u00adtot ja laa\u00adjen\u00adnuk\u00adset CAD\/\u00adCAM-sovel\u00adluk\u00adsi\u00adin Con\u00adtour\u00adTrace Kon\u00adtu\u00aduri\u00aden vie\u00admi\u00adnen kuvis\u00adta DXF- ja SVG-muo\u00addos\u00adsa Con\u00adtour\u00adTrace hel\u00adpott\u00adaa ras\u00adte\u00adri\u00adku\u00advi\u00aden, kuten BMP- ja JPEG-kuvi\u00aden, muun\u00adta\u00admis\u00adta vek\u00adto\u00adri\u00admuo\u00adtoi\u00adsik\u00adsi, kuten DXF- ja SVG-muo\u00addoik\u00adsi. Ohjel\u00admi\u00adstol\u00adle on omi\u00adnais\u00adta tarkkojen\u2026","protected":false},"author":1,"featured_media":0,"parent":0,"menu_order":0,"comment_status":"open","ping_status":"open","template":"","meta":{"wp_typography_post_enhancements_disabled":false,"footnotes":""},"class_list":["post-1343","page","type-page","status-publish","hentry"],"_links":{"self":[{"href":"https:\/\/kuhn-solutions.de\/fi\/wp-json\/wp\/v2\/pages\/1343","targetHints":{"allow":["GET"]}}],"collection":[{"href":"https:\/\/kuhn-solutions.de\/fi\/wp-json\/wp\/v2\/pages"}],"about":[{"href":"https:\/\/kuhn-solutions.de\/fi\/wp-json\/wp\/v2\/types\/page"}],"author":[{"embeddable":true,"href":"https:\/\/kuhn-solutions.de\/fi\/wp-json\/wp\/v2\/users\/1"}],"replies":[{"embeddable":true,"href":"https:\/\/kuhn-solutions.de\/fi\/wp-json\/wp\/v2\/comments?post=1343"}],"version-history":[{"count":32,"href":"https:\/\/kuhn-solutions.de\/fi\/wp-json\/wp\/v2\/pages\/1343\/revisions"}],"predecessor-version":[{"id":2792,"href":"https:\/\/kuhn-solutions.de\/fi\/wp-json\/wp\/v2\/pages\/1343\/revisions\/2792"}],"wp:attachment":[{"href":"https:\/\/kuhn-solutions.de\/fi\/wp-json\/wp\/v2\/media?parent=1343"}],"curies":[{"name":"wp","href":"https:\/\/api.w.org\/{rel}","templated":true}]}}