{"id":1126,"date":"2018-08-30T17:13:39","date_gmt":"2018-08-30T15:13:39","guid":{"rendered":"https:\/\/kuhneng.de\/?page_id=1126"},"modified":"2019-07-09T17:13:17","modified_gmt":"2019-07-09T15:13:17","slug":"leistungsportfolio","status":"publish","type":"page","link":"https:\/\/kuhn-solutions.de\/fi\/leistungsportfolio\/","title":{"rendered":"Pal\u00advelu\u00adva\u00adli\u00adko\u00adimam\u00adme"},"content":{"rendered":"<div class=\"wpb-content-wrapper\"><div class=\"vc_row wpb_row vc_row-fluid\"><div class=\"wpb_column vc_column_container vc_col-sm-8\"><div class=\"vc_column-inner\"><div class=\"wpb_wrapper\">\n\t<div class=\"wpb_text_column wpb_content_element\">\n\t\t<div class=\"wpb_wrapper\">\n\t\t\t<p>Monia\u00adl\u00adai\u00adsen koko\u00adon\u00adpanom\u00adme ansi\u00ados\u00adta meil\u00adl\u00e4 on laa\u00adja vali\u00adko\u00adima pal\u00advelu\u00adja, jot\u00adka annam\u00adme mielel\u00adl\u00e4m\u00adme k\u00e4yt\u00adt\u00f6\u00f6n\u00adne. Voim\u00adme tar\u00adjo\u00adta sinul\u00adle yksil\u00ad\u00f6l\u00adli\u00adsi\u00e4 rat\u00adkai\u00adsu\u00adja yhde\u00adst\u00e4 l\u00e4h\u00adtee\u00adst\u00e4, jot\u00adka on r\u00e4\u00e4\u00adt\u00e4\u00adl\u00f6\u00adi\u00adty ihan\u00adteel\u00adli\u00adses\u00adti yri\u00adtyk\u00adse\u00adsi tarpeisiin.<\/p>\n<p>T\u00e4l\u00adl\u00e4 sivul\u00adla saat yleis\u00adku\u00advan tar\u00adjoa\u00admi\u00adstam\u00adme palveluista:<\/p>\n\n\t\t<\/div>\n\t<\/div>\n<div class=\"vc_empty_space\" style=\"height: 42px\"><span class=\"vc_empty_space_inner\"><\/span><\/div><div class=\"vc_tta-container\" data-vc-action=\"collapse\"><div class=\"vc_general vc_tta vc_tta-tabs vc_tta-color-grey vc_tta-style-anps_tabs vc_tta-shape-rounded vc_tta-spacing-1 vc_tta-tabs-position-top vc_tta-controls-align-left\"><div class=\"vc_tta-tabs-container col-sm-3 vertical\"><ul class=\"vc_tta-tabs-list\" role=\"tablist\"><li class=\"vc_tta-tab vc_active\" data-vc-tab role=\"presentation\"><a href=\"#1436365906075-d23d3df7-63f9\" data-vc-tabs data-vc-container=\".vc_tta\" role=\"tab\" id=\"tab-1436365906075-d23d3df7-63f9\"><span class=\"vc_tta-title-text\">Ohjel\u00admo\u00adin\u00adti<\/span><\/a><\/li><li class=\"vc_tta-tab\" data-vc-tab role=\"presentation\"><a href=\"#1436365907525-19d6c142-1d77\" data-vc-tabs data-vc-container=\".vc_tta\" role=\"tab\" id=\"tab-1436365907525-19d6c142-1d77\"><span class=\"vc_tta-title-text\">Laa\u00adjen\u00adnuk\u00adset<\/span><\/a><\/li><li class=\"vc_tta-tab\" data-vc-tab role=\"presentation\"><a href=\"#1436369333328-6bd9d0e8-515b\" data-vc-tabs data-vc-container=\".vc_tta\" role=\"tab\" id=\"tab-1436369333328-6bd9d0e8-515b\"><span class=\"vc_tta-title-text\">Opti\u00admo\u00adin\u00adti<\/span><\/a><\/li><li class=\"vc_tta-tab\" data-vc-tab role=\"presentation\"><a href=\"#1436376192396-328d4c80-ece8\" data-vc-tabs data-vc-container=\".vc_tta\" role=\"tab\" id=\"tab-1436376192396-328d4c80-ece8\"><span class=\"vc_tta-title-text\">Para\u00adme\u00adtri\u00adso\u00adin\u00adti<\/span><\/a><\/li><li class=\"vc_tta-tab\" data-vc-tab role=\"presentation\"><a href=\"#1436376212970-5b4a8b88-3d8d\" data-vc-tabs data-vc-container=\".vc_tta\" role=\"tab\" id=\"tab-1436376212970-5b4a8b88-3d8d\"><span class=\"vc_tta-title-text\">Kehitys<\/span><\/a><\/li><li class=\"vc_tta-tab\" data-vc-tab role=\"presentation\"><a href=\"#1436376204238-3b43e9b2-26c9\" data-vc-tabs data-vc-container=\".vc_tta\" role=\"tab\" id=\"tab-1436376204238-3b43e9b2-26c9\"><span class=\"vc_tta-title-text\">Raken\u00adta\u00admi\u00adnen<\/span><\/a><\/li><li class=\"vc_tta-tab\" data-vc-tab role=\"presentation\"><a href=\"#1535646365488-cf1e0b05-4d19\" data-vc-tabs data-vc-container=\".vc_tta\" role=\"tab\" id=\"tab-1535646365488-cf1e0b05-4d19\"><span class=\"vc_tta-title-text\">Visua\u00adli\u00adso\u00adin\u00adti<\/span><\/a><\/li><\/ul><\/div><div class=\"vc_tta-panels-container col-sm-9\"><div class=\"vc_tta-panels\"><div class=\"vc_tta-panel vc_active\" id=\"1436365906075-d23d3df7-63f9\" data-vc-content=\".vc_tta-panel-body\"><div class=\"vc_tta-panel-heading\"><h4 class=\"vc_tta-panel-title\"><a href=\"#1436365906075-d23d3df7-63f9\" data-vc-accordion data-vc-container=\".vc_tta-container\"><span class=\"vc_tta-title-text\">Ohjelmointi<\/span><\/a><\/h4><\/div><div class=\"vc_tta-panel-body\"><h2 class=\"heading-content  style-1\"><span>MIT\u00c4 PUHUMME<\/span><\/h2><div class=\"vc_empty_space\" style=\"height: 20px\"><span class=\"vc_empty_space_inner\"><\/span><\/div><ul class=\"list\"><li>C++<\/li><li>C#<\/li><li>VB.NET<\/li><li>Python<\/li><li>VBA<\/li><li>SQL<\/li><li>Lab\u00adVIEW<\/li><\/ul><div class=\"vc_empty_space\" style=\"height: 15px\"><span class=\"vc_empty_space_inner\"><\/span><\/div>\n\t<div class=\"wpb_text_column wpb_content_element\">\n\t\t<div class=\"wpb_wrapper\">\n\t\t\t<p>Yksil\u00ad\u00f6l\u00adli\u00adset IT-rat\u00adkai\u00adsut teol\u00adli\u00adsuuden tarpei\u00adsi\u00adin. T\u00e4m\u00e4 on ala, johon olem\u00adme eri\u00adkois\u00adtu\u00adneet ja jos\u00adsa voim\u00adme kas\u00advaa yhdes\u00ads\u00e4 asiak\u00adka\u00adi\u00addem\u00adme kans\u00adsa. Tuem\u00adme sinua puh\u00adtaas\u00adti digi\u00adtaa\u00adlis\u00adten pro\u00adses\u00adsi\u00aden rat\u00adkai\u00adsuil\u00adla sek\u00e4 kon\u00adei\u00adden, mit\u00adta\u00adlait\u00adtei\u00adden ja koes\u00adtus\u00adte\u00adlin\u00adei\u00adden ohjelmoinnilla.<\/p>\n\n\t\t<\/div>\n\t<\/div>\n<\/div><\/div><div class=\"vc_tta-panel\" id=\"1436365907525-19d6c142-1d77\" data-vc-content=\".vc_tta-panel-body\"><div class=\"vc_tta-panel-heading\"><h4 class=\"vc_tta-panel-title\"><a href=\"#1436365907525-19d6c142-1d77\" data-vc-accordion data-vc-container=\".vc_tta-container\"><span class=\"vc_tta-title-text\">Laajennukset<\/span><\/a><\/h4><\/div><div class=\"vc_tta-panel-body\"><h2 class=\"heading-content  style-1\"><span>JOSSA ME OTAMME VASTAAN<\/span><\/h2><div class=\"vc_empty_space\" style=\"height: 20px\"><span class=\"vc_empty_space_inner\"><\/span><\/div><ul class=\"list\"><li>Solid\u00adWorks 3D&nbsp;CAD<\/li><li>Solid\u00adWorks&nbsp;PDM<\/li><li>Solid\u00adWorks&nbsp;CAM<\/li><li>CATIA<\/li><li>Creo Para\u00adme\u00adtric<\/li><li>Kek\u00adsi\u00adj\u00e4<\/li><li>Fusi\u00adon&nbsp;360<\/li><li>Micro\u00adsoft Office<\/li><\/ul><div class=\"vc_empty_space\" style=\"height: 15px\"><span class=\"vc_empty_space_inner\"><\/span><\/div>\n\t<div class=\"wpb_text_column wpb_content_element\">\n\t\t<div class=\"wpb_wrapper\">\n\t\t\t<p>Lis\u00e4o\u00adsat, lis\u00e4o\u00adsat ja laa\u00adjen\u00adnuk\u00adset eiv\u00ad\u00e4t ole meil\u00adle vierai\u00adta sano\u00adja. Ohjel\u00admo\u00adin\u00adti\u00adra\u00adja\u00adpinnan, jota kuts\u00adu\u00adta\u00adan my\u00f6s API:ksi (<em>Eng\u00adlan\u00adti<\/em> sovel\u00adlus\u00adoh\u00adjel\u00admo\u00adin\u00adti\u00adra\u00adja\u00adpin\u00adta), lin\u00adkit\u00e4m\u00adme ole\u00admas\u00adsa ole\u00adva\u00adan ohjel\u00admis\u00adtoon ja t\u00e4y\u00addenn\u00ad\u00e4m\u00adme sit\u00e4 eri\u00adty\u00adis\u00adrat\u00adkai\u00adsuil\u00adla. CAD-tie\u00adto\u00adjen muun\u00adta\u00admi\u00adnen, auto\u00admaat\u00adti\u00adnen ty\u00f6\u00adkalu\u00adjen ja piirus\u00adtus\u00adten luo\u00admi\u00adnen sek\u00e4 digi\u00adtaa\u00adlis\u00adten pro\u00adses\u00adsi\u00aden auto\u00admati\u00adso\u00adin\u00adti ovat vain muut\u00adamia esi\u00admerk\u00adke\u00adj\u00e4 yksit\u00adt\u00e4i\u00adsi\u00adst\u00e4 laajennuksista.<\/p>\n\n\t\t<\/div>\n\t<\/div>\n<\/div><\/div><div class=\"vc_tta-panel\" id=\"1436369333328-6bd9d0e8-515b\" data-vc-content=\".vc_tta-panel-body\"><div class=\"vc_tta-panel-heading\"><h4 class=\"vc_tta-panel-title\"><a href=\"#1436369333328-6bd9d0e8-515b\" data-vc-accordion data-vc-container=\".vc_tta-container\"><span class=\"vc_tta-title-text\">Optimointi<\/span><\/a><\/h4><\/div><div class=\"vc_tta-panel-body\"><h2 class=\"heading-content  style-1\"><span>JOSSA OPTIMOIMME<\/span><\/h2><div class=\"vc_empty_space\" style=\"height: 20px\"><span class=\"vc_empty_space_inner\"><\/span><\/div><ul class=\"list\"><li>Python<\/li><li>MATLAB<\/li><li>MATLAB\/Simulink<\/li><li>Octa\u00adve<\/li><\/ul><div class=\"vc_empty_space\" style=\"height: 15px\"><span class=\"vc_empty_space_inner\"><\/span><\/div>\n\t<div class=\"wpb_text_column wpb_content_element\">\n\t\t<div class=\"wpb_wrapper\">\n\t\t\t<p>Moni\u00admut\u00adkais\u00adten j\u00e4r\u00adjes\u00adtel\u00admi\u00aden tehok\u00adkuut\u00adta ja suo\u00adri\u00adtus\u00adky\u00adky\u00e4 voida\u00adan lis\u00e4\u00adt\u00e4 mer\u00adkit\u00adt\u00e4\u00adv\u00e4s\u00adti valit\u00adse\u00admal\u00adla oikeat para\u00adme\u00adtrit. Sovel\u00adle\u00adtun mate\u00adma\u00adtii\u00adkan ala\u00adan kuulu\u00advan opti\u00admo\u00adin\u00adnin avul\u00adla m\u00e4\u00e4\u00adri\u00adte\u00adt\u00e4\u00e4n optim\u00adaa\u00adli\u00adset para\u00adme\u00adtrit moni\u00adta\u00adhois\u00adil\u00adle j\u00e4r\u00adjes\u00adtel\u00admil\u00adle monil\u00adla eri aloil\u00adla. M\u00e4\u00e4\u00adrit\u00e4m\u00adme koh\u00adde\u00adfunk\u00adti\u00adon puo\u00adle\u00adstasi, rakenn\u00adam\u00adme ja testaam\u00adme mate\u00admaat\u00adti\u00adsen mal\u00adlin ja toteu\u00adt\u00adam\u00adme sen sovelluksessasi.<\/p>\n\n\t\t<\/div>\n\t<\/div>\n<\/div><\/div><div class=\"vc_tta-panel\" id=\"1436376192396-328d4c80-ece8\" data-vc-content=\".vc_tta-panel-body\"><div class=\"vc_tta-panel-heading\"><h4 class=\"vc_tta-panel-title\"><a href=\"#1436376192396-328d4c80-ece8\" data-vc-accordion data-vc-container=\".vc_tta-container\"><span class=\"vc_tta-title-text\">Parametrisointi<\/span><\/a><\/h4><\/div><div class=\"vc_tta-panel-body\"><h2 class=\"heading-content  style-1\"><span>MIT\u00c4 ME PARAMETRISOIMME<\/span><\/h2><div class=\"vc_empty_space\" style=\"height: 20px\"><span class=\"vc_empty_space_inner\"><\/span><\/div><ul class=\"list\"><li>Tuo\u00adtekon\u00adfi\u00adgu\u00adraat\u00adto\u00adrit<\/li><li>J\u00e4r\u00adjes\u00adtel\u00adm\u00e4n rakennussarjat<\/li><li>Vaih\u00adtoeh\u00adtoi\u00adset rakenteet<\/li><li>Yksit\u00adt\u00e4i\u00adnen tuo\u00adtan\u00adto 4.0<\/li><li>Digi\u00adtaa\u00adli\u00adnen sek\u00advens\u00adsin automatisointi<\/li><\/ul><div class=\"vc_empty_space\" style=\"height: 15px\"><span class=\"vc_empty_space_inner\"><\/span><\/div>\n\t<div class=\"wpb_text_column wpb_content_element\">\n\t\t<div class=\"wpb_wrapper\">\n\t\t\t<p>\u201eTeol\u00adli\u00adsu\u00adus 4.0\u201c on muo\u00adti\u00adsa\u00adna, joka on t\u00e4l\u00adl\u00e4 het\u00adkel\u00adl\u00e4 teol\u00adlis\u00adtun\u00adei\u00adden mai\u00adden hal\u00adlussa. Teol\u00adli\u00adsu\u00adus\u00adtuo\u00adtan\u00adto on yhdi\u00adstett\u00e4\u00adv\u00e4 nykya\u00adikai\u00adseen tie\u00adto- ja viest\u00adin\u00adt\u00e4\u00adte\u00adkniik\u00adka\u00adan. T\u00e4m\u00e4n saa\u00advut\u00adta\u00admi\u00adsek\u00adsi on ole\u00admas\u00adsa monia v\u00e4linei\u00adt\u00e4. Para\u00adme\u00adtri\u00adso\u00adin\u00adti on yksi niist\u00e4. Ennen kaik\u00adkea se mah\u00addol\u00adli\u00adstaa moni\u00admuo\u00adtoi\u00adsuuden ja yksil\u00ad\u00f6l\u00adli\u00adsy\u00ady\u00adden yhdi\u00adstet\u00adty\u00adn\u00e4 tuot\u00adta\u00advuute\u00aden ja talou\u00addel\u00adli\u00adseen tehok\u00adkuute\u00aden. Tuem\u00adme sinua mielel\u00adl\u00e4m\u00adme mat\u00adkalla\u00adsi koh\u00adti nel\u00adj\u00e4t\u00adt\u00e4 teol\u00adlis\u00adta vall\u00adan\u00adku\u00admous\u00adta suun\u00adnit\u00adte\u00adlun, tuo\u00adtan\u00adnon ja tuot\u00adtei\u00adden para\u00adme\u00adtro\u00adin\u00adnin avulla.<\/p>\n\n\t\t<\/div>\n\t<\/div>\n<\/div><\/div><div class=\"vc_tta-panel\" id=\"1436376212970-5b4a8b88-3d8d\" data-vc-content=\".vc_tta-panel-body\"><div class=\"vc_tta-panel-heading\"><h4 class=\"vc_tta-panel-title\"><a href=\"#1436376212970-5b4a8b88-3d8d\" data-vc-accordion data-vc-container=\".vc_tta-container\"><span class=\"vc_tta-title-text\">Kehitys<\/span><\/a><\/h4><\/div><div class=\"vc_tta-panel-body\"><h2 class=\"heading-content  style-1\"><span>JOSSA TUEMME<\/span><\/h2><div class=\"vc_empty_space\" style=\"height: 20px\"><span class=\"vc_empty_space_inner\"><\/span><\/div><ul class=\"list\"><li>Kone- ja laitostekniikka<\/li><li>Mit\u00adtaus- ja testaustekniikka<\/li><li>Auto\u00adte\u00adkniik\u00adka<\/li><li>Ilmai\u00adlu- ja avaruustekniikka<\/li><li>Pro\u00adses\u00adsi- ja tuotantotekniikka<\/li><li>Tuo\u00adteke\u00adhitys<\/li><\/ul><div class=\"vc_empty_space\" style=\"height: 15px\"><span class=\"vc_empty_space_inner\"><\/span><\/div>\n\t<div class=\"wpb_text_column wpb_content_element\">\n\t\t<div class=\"wpb_wrapper\">\n\t\t\t<p>Tar\u00adjo\u00adam\u00adme sinul\u00adle teknist\u00e4 tukea uut\u00adta ja jat\u00adko\u00adke\u00adhity\u00adst\u00e4 var\u00adten. N\u00e4in voit kom\u00adpen\u00adso\u00adida pul\u00adlon\u00adkau\u00adlo\u00adja, ottaa tuo\u00adtan\u00adtoa paran\u00adta\u00advia inno\u00advaa\u00adtio\u00adita k\u00e4yt\u00adt\u00f6\u00f6n nopeammin ja tuo\u00adda myyn\u00adti\u00e4 lis\u00e4\u00e4vi\u00e4 tuot\u00adtei\u00adta mark\u00adki\u00adno\u00adil\u00adle ajoissa.<\/p>\n\n\t\t<\/div>\n\t<\/div>\n<\/div><\/div><div class=\"vc_tta-panel\" id=\"1436376204238-3b43e9b2-26c9\" data-vc-content=\".vc_tta-panel-body\"><div class=\"vc_tta-panel-heading\"><h4 class=\"vc_tta-panel-title\"><a href=\"#1436376204238-3b43e9b2-26c9\" data-vc-accordion data-vc-container=\".vc_tta-container\"><span class=\"vc_tta-title-text\">Rakentaminen<\/span><\/a><\/h4><\/div><div class=\"vc_tta-panel-body\"><h2 class=\"heading-content  style-1\"><span>MIT\u00c4 PIIRR\u00c4MME<\/span><\/h2><div class=\"vc_empty_space\" style=\"height: 20px\"><span class=\"vc_empty_space_inner\"><\/span><\/div><ul class=\"list\"><li>Koneet<\/li><li>Liit\u00adteet<\/li><li>Testi\u00adpen\u00adkit<\/li><li>Ty\u00f6\u00adkalut<\/li><li>Lait\u00adteet<\/li><\/ul><div class=\"vc_empty_space\" style=\"height: 15px\"><span class=\"vc_empty_space_inner\"><\/span><\/div>\n\t<div class=\"wpb_text_column wpb_content_element\">\n\t\t<div class=\"wpb_wrapper\">\n\t\t\t<p>Suun\u00adnitte\u00adlem\u00adme sinul\u00adle m\u00e4\u00e4\u00adrit\u00adte\u00adly\u00adje\u00adsi muka\u00adan. Suun\u00adnit\u00adte\u00adlus\u00adta 3D-mal\u00adli\u00adin ja joh\u00addet\u00adtu\u00adun piirust\u00aduk\u00adseen. Voit hy\u00f6\u00adty\u00e4 moni\u00advuo\u00adti\u00adses\u00adta koke\u00admuk\u00adse\u00adstam\u00adme mate\u00adriaaleis\u00adta ja tuo\u00adtan\u00adto\u00adte\u00adknii\u00adkas\u00adta. Teem\u00adme kaik\u00adkem\u00adme, jot\u00adta voim\u00adme t\u00e4yt\u00adt\u00e4\u00e4 asiak\u00adka\u00adi\u00addem\u00adme kor\u00adkeim\u00admat\u00adkin vaa\u00adti\u00admuk\u00adset luo\u00adtet\u00adta\u00adva\u00adsti ja nopeasti.<\/p>\n\n\t\t<\/div>\n\t<\/div>\n<\/div><\/div><div class=\"vc_tta-panel\" id=\"1535646365488-cf1e0b05-4d19\" data-vc-content=\".vc_tta-panel-body\"><div class=\"vc_tta-panel-heading\"><h4 class=\"vc_tta-panel-title\"><a href=\"#1535646365488-cf1e0b05-4d19\" data-vc-accordion data-vc-container=\".vc_tta-container\"><span class=\"vc_tta-title-text\">Visualisointi<\/span><\/a><\/h4><\/div><div class=\"vc_tta-panel-body\"><h2 class=\"heading-content  style-1\"><span>MIT\u00c4 ME VISUALISOIMME<\/span><\/h2><div class=\"vc_empty_space\" style=\"height: 20px\"><span class=\"vc_empty_space_inner\"><\/span><\/div><ul class=\"list\"><li>Tuo\u00adte\u00adan\u00adi\u00admaa\u00adti\u00adot<\/li><li>Toiminn\u00adal\u00adli\u00adnen animaatio<\/li><li>Tuo\u00adteku\u00advat<\/li><li>Kuva\u00adfil\u00admi<\/li><\/ul><div class=\"vc_empty_space\" style=\"height: 15px\"><span class=\"vc_empty_space_inner\"><\/span><\/div>\n\t<div class=\"wpb_text_column wpb_content_element\">\n\t\t<div class=\"wpb_wrapper\">\n\t\t\t<p>Pelkk\u00e4 hin\u00adta on har\u00advo\u00adin rat\u00adkai\u00adse\u00adva teki\u00adj\u00e4 ostotilan\u00adtees\u00adsa. Laa\u00addul\u00adla, luo\u00adtet\u00adta\u00advuudel\u00adla ja pal\u00advelul\u00adla on suuri mer\u00adki\u00adtys. Teknis\u00adten tuot\u00adtei\u00adden koh\u00addal\u00adla on kyse my\u00f6s tuot\u00adteen ymm\u00e4rt\u00e4mi\u00adse\u00adst\u00e4. Ja vii\u00admei\u00adsen\u00e4 mut\u00adta ei v\u00e4h\u00e4is\u00adimp\u00e4\u00adn\u00e4, tun\u00adteet, kyl\u00adl\u00e4, he haluavat hou\u00adku\u00adtel\u00adla ihmi\u00adsi\u00e4 ost\u00adama\u00adan. Me vas\u00adtaam\u00adme kaik\u00adki\u00adin n\u00e4i\u00adhin haas\u00adtei\u00adsi\u00adin ja ase\u00adtam\u00adme tuot\u00adtee\u00adsi oike\u00ada\u00adan valoon. Me vakuut\u00adam\u00adme asiak\u00adka\u00ada\u00adsi, oli\u00adpa kysees\u00ads\u00e4 sit\u00adten foto\u00adrea\u00adlis\u00adti\u00adnen still-kuva tai animaatio.<\/p>\n\n\t\t<\/div>\n\t<\/div>\n<\/div><\/div><\/div><\/div><\/div><\/div><\/div><\/div><\/div><div class=\"wpb_column vc_column_container vc_col-sm-4\"><div class=\"vc_column-inner\"><div class=\"wpb_wrapper\">\n\t<div class=\"wpb_single_image wpb_content_element vc_align_left wpb_content_element\">\n\t\t\n\t\t<figure class=\"wpb_wrapper vc_figure\">\n\t\t\t<div class=\"vc_single_image-wrapper   vc_box_border_grey\"><img loading=\"lazy\" decoding=\"async\" width=\"964\" height=\"429\" src=\"https:\/\/kuhn-solutions.de\/wp-content\/uploads\/2018\/02\/consulting.jpg\" class=\"vc_single_image-img attachment-full\" alt title=\"konsultointi\" srcset=\"https:\/\/kuhn-solutions.de\/wp-content\/uploads\/2018\/02\/consulting.jpg 964w, https:\/\/kuhn-solutions.de\/wp-content\/uploads\/2018\/02\/consulting-300x134.jpg 300w, https:\/\/kuhn-solutions.de\/wp-content\/uploads\/2018\/02\/consulting-768x342.jpg 768w, https:\/\/kuhn-solutions.de\/wp-content\/uploads\/2018\/02\/consulting-370x165.jpg 370w, https:\/\/kuhn-solutions.de\/wp-content\/uploads\/2018\/02\/consulting-360x160.jpg 360w, https:\/\/kuhn-solutions.de\/wp-content\/uploads\/2018\/02\/consulting-600x267.jpg 600w\" sizes=\"auto, (max-width: 964px) 100vw, 964px\"><\/div>\n\t\t<\/figure>\n\t<\/div>\n\n\t<div class=\"wpb_text_column wpb_content_element\">\n\t\t<div class=\"wpb_wrapper\">\n\t\t\t<h4>YHTEISTY\u00d6MUODOT<\/h4>\n<p>Luot\u00adta\u00admuk\u00adsel\u00adli\u00adset ja pit\u00adk\u00e4\u00adai\u00adkai\u00adset kump\u00adpa\u00adnuudet edel\u00adlyt\u00adt\u00e4\u00adv\u00e4t avo\u00adin\u00adta peru\u00adstaa. T\u00e4t\u00e4 var\u00adten tar\u00adjo\u00adam\u00adme sinul\u00adle eri\u00adlai\u00adsia yhteisty\u00f6muotoja.<\/p>\n<p>PALVELUSOPIMUS \u2013 Sovittu pal\u00advelu, jon\u00adka hin\u00adta on sovittu.<\/p>\n<p>TY\u00d6SOPIMUS \u2013 Tavoi\u00adte on sopi\u00admuk\u00adsen koh\u00adde, onnis\u00adtu\u00admi\u00adnen m\u00e4\u00e4\u00adrit\u00adt\u00e4\u00e4 sopi\u00admuk\u00adsen t\u00e4ytt\u00e4misen.<\/p>\n<p>OHJELMISTON YLL\u00c4PITO- JA TUKISOPIMUS \u2013 Yksi hin\u00adta, taat\u00adtu tuki, ymp\u00e4\u00adri vuoden.<\/p>\n<p>P\u00e4\u00e4\u00adt\u00e4, mik\u00e4 sopi\u00admus\u00admuo\u00adto on sinul\u00adle sopi\u00advin. Neu\u00advom\u00adme sinua mielell\u00e4mme.<\/p>\n\n\t\t<\/div>\n\t<\/div>\n<\/div><\/div><\/div><\/div><div class=\"vc_row wpb_row vc_row-fluid\"><div class=\"wpb_column vc_column_container vc_col-sm-12\"><div class=\"vc_column-inner\"><div class=\"wpb_wrapper\"><div class=\"vc_empty_space\" style=\"height: 42px\"><span class=\"vc_empty_space_inner\"><\/span><\/div>\n\t<div class=\"wpb_text_column wpb_content_element\">\n\t\t<div class=\"wpb_wrapper\">\n\t\t\t<p>Osoit\u00adtees\u00adsa <a href=\"https:\/\/kuhn-solutions.de\/fi\/projektportfolio\/\">Han\u00adke\u00adsalk\u00adku<\/a> l\u00f6y\u00add\u00e4t pie\u00adnen otteen onnis\u00adtu\u00adnee\u00adsti toteut\u00adta\u00admi\u00adstam\u00adme projekteista.<\/p>\n\n\t\t<\/div>\n\t<\/div>\n<\/div><\/div><\/div><\/div>\n<\/div>","protected":false},"excerpt":{"rendered":"Monia\u00adl\u00adai\u00adsen koko\u00adon\u00adpanom\u00adme ansi\u00ados\u00adta meil\u00adl\u00e4 on laa\u00adja vali\u00adko\u00adima pal\u00advelu\u00adja, jot\u00adka annam\u00adme mielel\u00adl\u00e4m\u00adme k\u00e4yt\u00adt\u00f6\u00f6n\u00adne. Voim\u00adme tar\u00adjo\u00adta sinul\u00adle yksil\u00ad\u00f6l\u00adli\u00adsi\u00e4 rat\u00adkai\u00adsu\u00adja yhde\u00adst\u00e4 l\u00e4h\u00adtee\u00adst\u00e4, jot\u00adka on r\u00e4\u00e4\u00adt\u00e4\u00adl\u00f6\u00adi\u00adty ihan\u00adteel\u00adli\u00adses\u00adti yri\u00adtyk\u00adse\u00adsi tarpei\u00adsi\u00adin. Katso\u00adkaa&nbsp;t\u00e4t\u00e4\u2026","protected":false},"author":1,"featured_media":0,"parent":0,"menu_order":0,"comment_status":"open","ping_status":"open","template":"","meta":{"wp_typography_post_enhancements_disabled":false,"footnotes":""},"class_list":["post-1126","page","type-page","status-publish","hentry"],"_links":{"self":[{"href":"https:\/\/kuhn-solutions.de\/fi\/wp-json\/wp\/v2\/pages\/1126","targetHints":{"allow":["GET"]}}],"collection":[{"href":"https:\/\/kuhn-solutions.de\/fi\/wp-json\/wp\/v2\/pages"}],"about":[{"href":"https:\/\/kuhn-solutions.de\/fi\/wp-json\/wp\/v2\/types\/page"}],"author":[{"embeddable":true,"href":"https:\/\/kuhn-solutions.de\/fi\/wp-json\/wp\/v2\/users\/1"}],"replies":[{"embeddable":true,"href":"https:\/\/kuhn-solutions.de\/fi\/wp-json\/wp\/v2\/comments?post=1126"}],"version-history":[{"count":15,"href":"https:\/\/kuhn-solutions.de\/fi\/wp-json\/wp\/v2\/pages\/1126\/revisions"}],"predecessor-version":[{"id":1602,"href":"https:\/\/kuhn-solutions.de\/fi\/wp-json\/wp\/v2\/pages\/1126\/revisions\/1602"}],"wp:attachment":[{"href":"https:\/\/kuhn-solutions.de\/fi\/wp-json\/wp\/v2\/media?parent=1126"}],"curies":[{"name":"wp","href":"https:\/\/api.w.org\/{rel}","templated":true}]}}