{"id":1067,"date":"2018-05-24T10:03:22","date_gmt":"2018-05-24T08:03:22","guid":{"rendered":"https:\/\/kuhneng.de\/?page_id=1067"},"modified":"2022-10-03T09:30:49","modified_gmt":"2022-10-03T07:30:49","slug":"haftungsausschluss","status":"publish","type":"page","link":"https:\/\/kuhn-solutions.de\/fi\/haftungsausschluss\/","title":{"rendered":"Vastu\u00aduvap\u00adaus\u00adlau\u00adse\u00adke"},"content":{"rendered":"<div class=\"wpb-content-wrapper\"><div class=\"vc_row wpb_row vc_row-fluid\"><div class=\"wpb_column vc_column_container vc_col-sm-12\"><div class=\"vc_column-inner\"><div class=\"wpb_wrapper\">\n\t<div class=\"wpb_text_column wpb_content_element\">\n\t\t<div class=\"wpb_wrapper\">\n\t\t\t<h1><span class=\"xr_tl xr_s18\"><span class=\"xr_s19\">Vastuuvapauslauseke<\/span><\/span><\/h1>\n<h4><span class=\"xr_tl xr_s18\"><span class=\"xr_s19\">Vastuu<\/span><\/span><span class=\"xr_tl xr_s18\"><span class=\"xr_s19\"> Inhalointi<\/span><\/span><span class=\"xr_tl xr_s18\"><span class=\"xr_s19\">t<\/span><\/span><\/h4>\n<p>Sivu\u00adjem\u00adme sis\u00ad\u00e4l\u00adt\u00f6 on luo\u00adtu suurel\u00adla huo\u00adlel\u00adli\u00adsuudel\u00adla. Emme kui\u00adten\u00adka\u00adan voi ottaa vastuu\u00adta sis\u00e4l\u00adl\u00f6n oikeel\u00adli\u00adsuudes\u00adta, t\u00e4y\u00addel\u00adli\u00adsy\u00ady\u00adde\u00adst\u00e4 ja ajan\u00adta\u00adsai\u00adsuudes\u00adta. Pal\u00advel\u00adun\u00adt\u00adar\u00adjo\u00ada\u00adja\u00adna olem\u00adme vastu\u00adus\u00adsa n\u00e4i\u00adden sivu\u00adjen sis\u00e4l\u00adl\u00f6\u00adst\u00e4 Saksan tele\u00adme\u00addia\u00adl\u00adain (TMG) 7 \u00a7:n 1 momen\u00adtin ylei\u00adsen lain\u00ads\u00e4\u00e4\u00add\u00e4n\u00adn\u00f6n mukai\u00adses\u00adti. TMG:n 8\u201310 \u00a7:n muka\u00adan meil\u00adl\u00e4 ei kui\u00adten\u00adka\u00adan ole pal\u00advel\u00adun\u00adt\u00adar\u00adjo\u00ada\u00adja\u00adna vel\u00advoll\u00adi\u00adsuut\u00adta val\u00advoa siir\u00adret\u00adty\u00adj\u00e4 tai tal\u00adlen\u00adnet\u00adtu\u00adja kol\u00adman\u00adnen osa\u00adpuo\u00adlen tie\u00adto\u00adja tai tut\u00adkia olos\u00aduh\u00adtei\u00adta, jot\u00adka viit\u00adtaavat lait\u00adto\u00adma\u00adan toimin\u00adta\u00adan. T\u00e4m\u00e4 ei vai\u00adku\u00adta vel\u00advoll\u00adi\u00adsuute\u00aden poi\u00adstaa tai est\u00e4\u00e4 tie\u00adto\u00adjen k\u00e4yt\u00adt\u00f6 yleis\u00adten laki\u00aden mukai\u00adses\u00adti. T\u00e4l\u00adt\u00e4 osin vastuu on kui\u00adten\u00adkin mah\u00addol\u00adlis\u00adta vas\u00adta sii\u00adt\u00e4 ajan\u00adkoh\u00addas\u00adta alkaen, jol\u00adlo\u00adin kon\u00adkreet\u00adti\u00adnen lain rik\u00adko\u00admi\u00adnen tulee tie\u00adtoon. Jos saam\u00adme tie\u00adt\u00e4\u00e4 vas\u00adtaa\u00advis\u00adta rik\u00adko\u00admuk\u00adsis\u00adta, poi\u00adstam\u00adme kys\u00adei\u00adsen sis\u00e4l\u00adl\u00f6n v\u00e4litt\u00f6m\u00e4sti.<\/p>\n<h4><span class=\"xr_tl xr_s18\"><span class=\"xr_s19\">Linkkien vastuu<\/span><\/span><\/h4>\n<p>Tar\u00adjouk\u00adsem\u00adme sis\u00ad\u00e4l\u00adt\u00e4\u00e4 link\u00adke\u00adj\u00e4 kolm\u00adan\u00adsi\u00aden osa\u00adpuol\u00adten ulkois\u00adil\u00adle verkko\u00adsi\u00advus\u00adtoil\u00adle, joiden sis\u00ad\u00e4l\u00adt\u00f6\u00f6n emme voi vai\u00adkut\u00adtaa. Sik\u00adsi emme voi ottaa vastuu\u00adta n\u00e4i\u00adst\u00e4 ulkoi\u00adsis\u00adta sis\u00e4l\u00adl\u00f6\u00adi\u00adst\u00e4. Lin\u00adki\u00adtet\u00adty\u00adjen sivu\u00adjen sis\u00e4l\u00adl\u00f6\u00adst\u00e4 on aina vastu\u00adus\u00adsa sivu\u00adjen tar\u00adjo\u00ada\u00adja tai yll\u00e4pi\u00adt\u00e4\u00adj\u00e4. Lin\u00adki\u00adte\u00adtyt sivut tar\u00adki\u00adstet\u00adti\u00adin mah\u00addol\u00adlis\u00adten lain\u00adrik\u00adko\u00admus\u00adten varal\u00adta lin\u00adkitt\u00e4mis\u00adhet\u00adkel\u00adl\u00e4. Lai\u00adton\u00adta sis\u00ad\u00e4l\u00adt\u00f6\u00e4 ei ollut tun\u00adni\u00adstet\u00adta\u00advis\u00adsa lin\u00adkitt\u00e4mi\u00adsa\u00adjan\u00adkoh\u00adta\u00adna. Lin\u00adki\u00adtet\u00adty\u00adjen sivu\u00adjen sis\u00e4l\u00adl\u00f6n jat\u00adku\u00adva seur\u00adan\u00adta ei kui\u00adten\u00adka\u00adan ole j\u00e4r\u00adke\u00adv\u00e4\u00e4 ilman kon\u00adkreet\u00adti\u00adsia viit\u00adtei\u00adt\u00e4 lain\u00adrik\u00adko\u00admuk\u00adses\u00adta. Jos saam\u00adme tie\u00adtoi\u00adsek\u00adsi louk\u00adkauk\u00adsis\u00adta, poi\u00adstam\u00adme t\u00e4ll\u00adai\u00adset lin\u00adkit v\u00e4litt\u00f6m\u00e4sti.<\/p>\n<h4><span class=\"xr_tl xr_s18\"><span class=\"xr_s19\">Tekij\u00e4noikeus<\/span><\/span><\/h4>\n<p>Sivus\u00adton yll\u00e4pi\u00adt\u00e4\u00adji\u00aden n\u00e4il\u00adl\u00e4 sivuil\u00adla luo\u00adma sis\u00ad\u00e4l\u00adt\u00f6 ja teok\u00adset ovat Saksan teki\u00adj\u00e4\u00adnoi\u00adkeus\u00adlain alai\u00adsia. Kolm\u00adan\u00adsi\u00aden osa\u00adpuol\u00adten panok\u00adset on mer\u00adkit\u00adty sel\u00adlai\u00adsik\u00adsi. Monist\u00adami\u00adnen, muok\u00adkaa\u00admi\u00adnen, jake\u00adlu ja kai\u00adken\u00adlai\u00adnen teki\u00adj\u00e4\u00adnoi\u00adkeus\u00adlain\u00ads\u00e4\u00e4\u00add\u00e4n\u00adn\u00f6n rajo\u00adjen ulko\u00adpuo\u00adli\u00adnen hy\u00f6\u00addyn\u00adt\u00ad\u00e4mi\u00adnen edel\u00adlyt\u00adt\u00e4\u00adv\u00e4t asia\u00adn\u00ado\u00admaisen teki\u00adj\u00e4n kir\u00adjal\u00adlis\u00adta suostu\u00admus\u00adta. T\u00e4m\u00e4n verkko\u00adsi\u00advus\u00adton lat\u00adaa\u00admi\u00adnen ja kopio\u00adimi\u00adnen on sal\u00adlit\u00adtua vain yksi\u00adtyi\u00adseen, ei-kau\u00adpal\u00adli\u00adseen k\u00e4yt\u00adt\u00f6\u00f6n. Sivus\u00adton yll\u00e4pi\u00adt\u00e4\u00adj\u00e4t pyrkiv\u00ad\u00e4t aina kun\u00adnioit\u00adta\u00adma\u00adan mui\u00adden teki\u00adj\u00e4\u00adnoi\u00adkeuk\u00adsia tai k\u00e4ytt\u00e4m\u00e4\u00e4n omia tai lisen\u00ads\u00adsi\u00adv\u00ada\u00adpai\u00adta teoksia.<\/p>\n<p>L\u00e4h\u00adde: Vastu\u00aduvap\u00adaus\u00adlau\u00adse\u00adke osoit\u00adtees\u00adta <a href=\"https:\/\/www.e-recht24.de\/\" target=\"_blank\" rel=\"noopener\">eRecht24.de<\/a>. Oikeu\u00addel\u00adli\u00adnen neu\u00advon\u00adta asia\u00adna\u00adja\u00adja S\u00f6ren Siebertilt\u00e4.<\/p>\n\n\t\t<\/div>\n\t<\/div>\n<\/div><\/div><\/div><\/div>\n<\/div>","protected":false},"excerpt":{"rendered":"Vastu\u00aduvap\u00adaus\u00adlau\u00adse\u00adke Vastuu sis\u00e4l\u00adl\u00f6\u00adst\u00e4 Sivu\u00adjem\u00adme sis\u00ad\u00e4l\u00adt\u00f6 on luo\u00adtu suurim\u00adm\u00adal\u00adla huo\u00adlel\u00adli\u00adsuudel\u00adla. Emme kui\u00adten\u00adka\u00adan voi ottaa vastuu\u00adta sis\u00e4l\u00adl\u00f6n oikeel\u00adli\u00adsuudes\u00adta, t\u00e4y\u00addel\u00adli\u00adsy\u00ady\u00adde\u00adst\u00e4 ja ajan\u00adta\u00adsai\u00adsuudes\u00adta. Pal\u00advel\u00adun\u00adt\u00adar\u00adjo\u00ada\u00adja\u00adna olem\u00adme vastu\u00adus\u00adsa omas\u00adta sis\u00e4l\u00adl\u00f6\u00adst\u00e4m\u00adme 7 \u00a7:n 1 momen\u00adtin mukaisesti.\u2026","protected":false},"author":1,"featured_media":0,"parent":0,"menu_order":0,"comment_status":"closed","ping_status":"closed","template":"","meta":{"wp_typography_post_enhancements_disabled":false,"footnotes":""},"class_list":["post-1067","page","type-page","status-publish","hentry"],"_links":{"self":[{"href":"https:\/\/kuhn-solutions.de\/fi\/wp-json\/wp\/v2\/pages\/1067","targetHints":{"allow":["GET"]}}],"collection":[{"href":"https:\/\/kuhn-solutions.de\/fi\/wp-json\/wp\/v2\/pages"}],"about":[{"href":"https:\/\/kuhn-solutions.de\/fi\/wp-json\/wp\/v2\/types\/page"}],"author":[{"embeddable":true,"href":"https:\/\/kuhn-solutions.de\/fi\/wp-json\/wp\/v2\/users\/1"}],"replies":[{"embeddable":true,"href":"https:\/\/kuhn-solutions.de\/fi\/wp-json\/wp\/v2\/comments?post=1067"}],"version-history":[{"count":10,"href":"https:\/\/kuhn-solutions.de\/fi\/wp-json\/wp\/v2\/pages\/1067\/revisions"}],"predecessor-version":[{"id":2682,"href":"https:\/\/kuhn-solutions.de\/fi\/wp-json\/wp\/v2\/pages\/1067\/revisions\/2682"}],"wp:attachment":[{"href":"https:\/\/kuhn-solutions.de\/fi\/wp-json\/wp\/v2\/media?parent=1067"}],"curies":[{"name":"wp","href":"https:\/\/api.w.org\/{rel}","templated":true}]}}