{"id":1038,"date":"2018-05-08T18:54:42","date_gmt":"2018-05-08T16:54:42","guid":{"rendered":"https:\/\/kuhneng.de\/?page_id=1038"},"modified":"2019-09-07T20:58:41","modified_gmt":"2019-09-07T18:58:41","slug":"produktanimation-rundschalttisch-rse-4","status":"publish","type":"page","link":"https:\/\/kuhn-solutions.de\/fi\/produktanimation-rundschalttisch-rse-4\/","title":{"rendered":"Visua\u00adli\u00adso\u00adin\u00adnit RSE-4-rotaa\u00adtio\u00adp\u00f6y\u00add\u00e4n esi\u00admer\u00adkin avulla."},"content":{"rendered":"<div class=\"wpb-content-wrapper\"><div class=\"vc_row wpb_row vc_row-fluid\"><div class=\"wpb_column vc_column_container vc_col-sm-12\"><div class=\"vc_column-inner\"><div class=\"wpb_wrapper\">\n\t<div class=\"wpb_text_column wpb_content_element\">\n\t\t<div class=\"wpb_wrapper\">\n\t\t\t<p>Sil\u00adl\u00e4 <a href=\"https:\/\/wagnerautomation.de\/\" target=\"_blank\" rel=\"noopener\">Frie\u00adde\u00admann Wag\u00adner GmbH<\/a>, k\u00e4sit\u00adte\u00adly- ja auto\u00admaa\u00adtio\u00adte\u00adknii\u00adkan alan ammat\u00adti\u00adlai\u00adnen, RSE-4-rotaa\u00adtio\u00adp\u00f6y\u00adt\u00e4 on visua\u00adli\u00adso\u00aditu. Hank\u00adkeen pai\u00adno\u00adpis\u00adte on toiminn\u00adal\u00adli\u00adsuuden visuaa\u00adlis\u00ades\u00adsa kuv\u00adauks\u00ades\u00adsa, lukui\u00adsis\u00adsa s\u00e4\u00e4\u00adt\u00f6- ja muun\u00adnos\u00advaih\u00adtoeh\u00addois\u00adsa sek\u00e4 tuot\u00adteen oike\u00adas\u00adsa k\u00e4sit\u00adte\u00adlys\u00ads\u00e4. T\u00e4m\u00e4 han\u00adke osoit\u00adtaa ani\u00admaa\u00adti\u00adon mah\u00addol\u00adli\u00adsuudet ja edut. Vain ani\u00admaa\u00adtio\u00adiden avul\u00adla asia\u00adkas ja k\u00e4yt\u00adt\u00e4\u00adj\u00e4 voi\u00advat ymm\u00e4r\u00adt\u00e4\u00e4 toimin\u00adnot ja moni\u00admut\u00adkai\u00adset teknis\u00adet sei\u00adkat mah\u00addol\u00adlis\u00adim\u00adman nopeasti.<\/p>\n\n\t\t<\/div>\n\t<\/div>\n<div class=\"vc_empty_space\" style=\"height: 20px\"><span class=\"vc_empty_space_inner\"><\/span><\/div>\n\t<div class=\"wpb_text_column wpb_content_element\">\n\t\t<div class=\"wpb_wrapper\">\n\t\t\t<h2>Animaatiot ja vastaavat animaatiokuvaukset, jotka on j\u00e4rjestetty v\u00e4lilehtiin esimerkkein\u00e4:<\/h2>\n\n\t\t<\/div>\n\t<\/div>\n<div class=\"vc_empty_space\" style=\"height: 32px\"><span class=\"vc_empty_space_inner\"><\/span><\/div><div class=\"vc_tta-container\" data-vc-action=\"collapse\"><div class=\"vc_general vc_tta vc_tta-tabs vc_tta-color-grey vc_tta-style-anps_tabs vc_tta-shape-rounded vc_tta-spacing-1 vc_tta-tabs-position-top vc_tta-controls-align-left\"><div class=\"vc_tta-tabs-container\"><ul class=\"vc_tta-tabs-list\" role=\"tablist\"><li class=\"vc_tta-tab vc_active\" data-vc-tab role=\"presentation\"><a href=\"#1525864524961-a1220746-44e3\" data-vc-tabs data-vc-container=\".vc_tta\" role=\"tab\" id=\"tab-1525864524961-a1220746-44e3\"><span class=\"vc_tta-title-text\">3D-tuo\u00adtevi\u00adsua\u00adli\u00adso\u00adin\u00adti<\/span><\/a><\/li><li class=\"vc_tta-tab\" data-vc-tab role=\"presentation\"><a href=\"#1567881284521-97f6b74d-d8ce\" data-vc-tabs data-vc-container=\".vc_tta\" role=\"tab\" id=\"tab-1567881284521-97f6b74d-d8ce\"><span class=\"vc_tta-title-text\">Miten se toimii<\/span><\/a><\/li><li class=\"vc_tta-tab\" data-vc-tab role=\"presentation\"><a href=\"#1525879196769-08411511-7778\" data-vc-tabs data-vc-container=\".vc_tta\" role=\"tab\" id=\"tab-1525879196769-08411511-7778\"><span class=\"vc_tta-title-text\">Vasem\u00adman k\u00e4den kierto<\/span><\/a><\/li><li class=\"vc_tta-tab\" data-vc-tab role=\"presentation\"><a href=\"#1525879432370-7a78aae8-61a4\" data-vc-tabs data-vc-container=\".vc_tta\" role=\"tab\" id=\"tab-1525879432370-7a78aae8-61a4\"><span class=\"vc_tta-title-text\">Oikea\u00adk\u00e4\u00adti\u00adnen kierto<\/span><\/a><\/li><li class=\"vc_tta-tab\" data-vc-tab role=\"presentation\"><a href=\"#1536731472028-47be73de-9851\" data-vc-tabs data-vc-container=\".vc_tta\" role=\"tab\" id=\"tab-1536731472028-47be73de-9851\"><span class=\"vc_tta-title-text\">Heil\u00adurin toimin\u00adta&nbsp;180<\/span><\/a><\/li><li class=\"vc_tta-tab\" data-vc-tab role=\"presentation\"><a href=\"#1525864525006-ee89c05d-c8c9\" data-vc-tabs data-vc-container=\".vc_tta\" role=\"tab\" id=\"tab-1525864525006-ee89c05d-c8c9\"><span class=\"vc_tta-title-text\">Shut\u00adtle-toimin\u00adnon vapaa ohjaus<\/span><\/a><\/li><li class=\"vc_tta-tab\" data-vc-tab role=\"presentation\"><a href=\"#1536731506362-c1952daa-cc11\" data-vc-tabs data-vc-container=\".vc_tta\" role=\"tab\" id=\"tab-1536731506362-c1952daa-cc11\"><span class=\"vc_tta-title-text\">Kaasu\u00adpol\u00adjin ja py\u00f6rimisnopeus<\/span><\/a><\/li><li class=\"vc_tta-tab\" data-vc-tab role=\"presentation\"><a href=\"#1536731523605-2a0eb15e-9461\" data-vc-tabs data-vc-container=\".vc_tta\" role=\"tab\" id=\"tab-1536731523605-2a0eb15e-9461\"><span class=\"vc_tta-title-text\">Ase\u00adma\u00adpyyn\u00adt\u00f6<\/span><\/a><\/li><li class=\"vc_tta-tab\" data-vc-tab role=\"presentation\"><a href=\"#1536731540754-fd65c643-010a\" data-vc-tabs data-vc-container=\".vc_tta\" role=\"tab\" id=\"tab-1536731540754-fd65c643-010a\"><span class=\"vc_tta-title-text\">Iskun\u00advai\u00admen\u00adnin<\/span><\/a><\/li><li class=\"vc_tta-tab\" data-vc-tab role=\"presentation\"><a href=\"#1536731558337-997d9d01-77b5\" data-vc-tabs data-vc-container=\".vc_tta\" role=\"tab\" id=\"tab-1536731558337-997d9d01-77b5\"><span class=\"vc_tta-title-text\">Vai\u00admen\u00adti\u00admen s\u00e4\u00e4\u00adt\u00f6 ja lukitus<\/span><\/a><\/li><\/ul><\/div><div class=\"vc_tta-panels-container\"><div class=\"vc_tta-panels\"><div class=\"vc_tta-panel vc_active\" id=\"1525864524961-a1220746-44e3\" data-vc-content=\".vc_tta-panel-body\"><div class=\"vc_tta-panel-heading\"><h4 class=\"vc_tta-panel-title\"><a href=\"#1525864524961-a1220746-44e3\" data-vc-accordion data-vc-container=\".vc_tta-container\"><span class=\"vc_tta-title-text\">3D-tuotevisualisointi<\/span><\/a><\/h4><\/div><div class=\"vc_tta-panel-body\"><div class=\"video-wrapper\"><\/div><div class=\"vc_empty_space\" style=\"height: 20px\"><span class=\"vc_empty_space_inner\"><\/span><\/div>\n\t<div class=\"wpb_text_column wpb_content_element\">\n\t\t<div class=\"wpb_wrapper\">\n\t\t\t<h2 data-fontsize=\"19\" data-lineheight=\"26\">3D-tuotevisualisointi \u2013 Py\u00f6riv\u00e4 indeksointip\u00f6yt\u00e4 RSE\u20114<\/h2>\n<p>T\u00e4s\u00ads\u00e4 tuo\u00adtevi\u00adsua\u00adli\u00adso\u00adin\u00adnis\u00adsa esitel\u00adl\u00e4\u00e4n Frie\u00adde\u00admann Wag\u00adner GmbH:n RSE\u20114 (ja RSE\u20113) \u2011py\u00f6\u00adriv\u00e4 indek\u00adso\u00adin\u00adti\u00adp\u00f6y\u00adt\u00e4. Kesk\u00adei\u00adset toimin\u00adta\u00adti\u00adlat, toimin\u00adnot sek\u00e4 lis\u00e4o\u00admi\u00adnai\u00adsuudet ja ase\u00adtus\u00advaih\u00adtoeh\u00addot esitel\u00adl\u00e4\u00e4n lyhy\u00ades\u00adti ja ymm\u00e4r\u00adrett\u00e4\u00adv\u00e4s\u00adti. Muut v\u00e4li\u00adleh\u00addet sis\u00ad\u00e4l\u00adt\u00e4\u00adv\u00e4t yksit\u00adt\u00e4i\u00adsi\u00e4 ani\u00admaa\u00adtio\u00adita, jot\u00adka korost\u00adavat ja selit\u00adt\u00e4\u00adv\u00e4t tuot\u00adteen yksit\u00adt\u00e4i\u00adsi\u00e4 toimin\u00adto\u00adja ja ominaisuuksia.<\/p>\n\n\t\t<\/div>\n\t<\/div>\n<\/div><\/div><div class=\"vc_tta-panel\" id=\"1567881284521-97f6b74d-d8ce\" data-vc-content=\".vc_tta-panel-body\"><div class=\"vc_tta-panel-heading\"><h4 class=\"vc_tta-panel-title\"><a href=\"#1567881284521-97f6b74d-d8ce\" data-vc-accordion data-vc-container=\".vc_tta-container\"><span class=\"vc_tta-title-text\">Miten se toimii<\/span><\/a><\/h4><\/div><div class=\"vc_tta-panel-body\"><div class=\"video-wrapper\"><\/div><div class=\"vc_empty_space\" style=\"height: 20px\"><span class=\"vc_empty_space_inner\"><\/span><\/div>\n\t<div class=\"wpb_text_column wpb_content_element\">\n\t\t<div class=\"wpb_wrapper\">\n\t\t\t<h2 data-fontsize=\"19\" data-lineheight=\"26\">Toimintatapa \u2013 Py\u00f6riv\u00e4 indeksointip\u00f6yt\u00e4 RSE\u20114<\/h2>\n<p>Py\u00f6\u00adriv\u00e4n indek\u00adso\u00adin\u00adti\u00adp\u00f6y\u00add\u00e4n RSE\u20114 (ja RSE\u20113) toimin\u00adta\u00adta\u00adpa. Kun ham\u00adma\u00adstet\u00adtu ham\u00admast\u00adan\u00adko (m\u00e4n\u00adt\u00e4) on kyt\u00adket\u00adty, levy\u00e4 py\u00f6\u00adri\u00adte\u00adt\u00e4\u00e4n (sy\u00f6t\u00adt\u00f6). Line\u00adaa\u00adr\u00adi\u00adnen lii\u00adke muun\u00adne\u00adta\u00adan py\u00f6r\u00adi\u00admis\u00adliik\u00adkeek\u00adsi. Lop\u00adpua\u00adsen\u00adnos\u00adsa k\u00e4yt\u00adt\u00ad\u00f6\u00adl\u00adai\u00adte kyt\u00adkey\u00adtyy pois p\u00e4\u00e4l\u00adt\u00e4 ja samal\u00adla levy indek\u00adso\u00adida\u00adan ty\u00f6\u00adk\u00adap\u00adpa\u00adleen ty\u00f6\u00adst\u00f6\u00e4 var\u00adten (luki\u00adtus\u00admo\u00adment\u00adti 100 Nm kah\u00addel\u00adla indek\u00adsi\u00adru\u00aduvil\u00adla). Kun levy on lukit\u00adtu, teli\u00adne siir\u00adtyy takai\u00adsin alkua\u00adsen\u00adtoon. Ohjaus voi siis tapah\u00adtua 5\/2\u2011suuntaventtiilin kautta!<\/p>\n\n\t\t<\/div>\n\t<\/div>\n<\/div><\/div><div class=\"vc_tta-panel\" id=\"1525879196769-08411511-7778\" data-vc-content=\".vc_tta-panel-body\"><div class=\"vc_tta-panel-heading\"><h4 class=\"vc_tta-panel-title\"><a href=\"#1525879196769-08411511-7778\" data-vc-accordion data-vc-container=\".vc_tta-container\"><span class=\"vc_tta-title-text\">Vasemman k\u00e4den kierto<\/span><\/a><\/h4><\/div><div class=\"vc_tta-panel-body\"><div class=\"video-wrapper\"><\/div><div class=\"vc_empty_space\" style=\"height: 20px\"><span class=\"vc_empty_space_inner\"><\/span><\/div>\n\t<div class=\"wpb_text_column wpb_content_element\">\n\t\t<div class=\"wpb_wrapper\">\n\t\t\t<h2 data-fontsize=\"19\" data-lineheight=\"26\">Kierto vastap\u00e4iv\u00e4\u00e4n \u2013 Py\u00f6riv\u00e4 indeksointip\u00f6yt\u00e4 RSE\u20114<\/h2>\n<p>Pneu\u00admaat\u00adti\u00adnen py\u00f6\u00adriv\u00e4 indek\u00adso\u00adin\u00adti\u00adp\u00f6y\u00adt\u00e4 RSE\u20114. Kuv\u00adas\u00adsa vas\u00adta\u00adp\u00e4iv\u00ad\u00e4\u00e4n py\u00f6\u00adriv\u00e4, levy ylh\u00e4\u00e4l\u00adt\u00e4 kat\u00adsot\u00adtu\u00adna. Asia\u00adkas voi muut\u00adtaa py\u00f6r\u00adi\u00admis\u00adsu\u00adun\u00adtaa. Lis\u00e4k\u00adsi lis\u00e4\u00adva\u00adrus\u00adtee\u00adna on saa\u00adtava\u00adna muun\u00adto\u00adsar\u00adja heil\u00adurik\u00e4yt\u00adt\u00f6\u00e4 varten!<\/p>\n\n\t\t<\/div>\n\t<\/div>\n<\/div><\/div><div class=\"vc_tta-panel\" id=\"1525879432370-7a78aae8-61a4\" data-vc-content=\".vc_tta-panel-body\"><div class=\"vc_tta-panel-heading\"><h4 class=\"vc_tta-panel-title\"><a href=\"#1525879432370-7a78aae8-61a4\" data-vc-accordion data-vc-container=\".vc_tta-container\"><span class=\"vc_tta-title-text\">Oikeak\u00e4tinen kierto<\/span><\/a><\/h4><\/div><div class=\"vc_tta-panel-body\"><div class=\"video-wrapper\"><\/div><div class=\"vc_empty_space\" style=\"height: 20px\"><span class=\"vc_empty_space_inner\"><\/span><\/div>\n\t<div class=\"wpb_text_column wpb_content_element\">\n\t\t<div class=\"wpb_wrapper\">\n\t\t\t<h2 data-fontsize=\"19\" data-lineheight=\"26\">Kierto my\u00f6t\u00e4p\u00e4iv\u00e4\u00e4n \u2013 py\u00f6riv\u00e4 indeksointip\u00f6yt\u00e4 RSE\u20114<\/h2>\n<p>Pneu\u00admaat\u00adti\u00adnen py\u00f6\u00adriv\u00e4 indek\u00adso\u00adin\u00adti\u00adp\u00f6y\u00adt\u00e4 RSE\u20114. Kuv\u00adas\u00adsa my\u00f6t\u00ad\u00e4\u00adp\u00e4iv\u00ad\u00e4\u00e4n py\u00f6\u00adriv\u00e4, levyn yl\u00e4\u00adpuo\u00adlel\u00adta kat\u00adsot\u00adtu\u00adna. Asia\u00adkas voi muut\u00adtaa py\u00f6r\u00adi\u00admis\u00adsu\u00adun\u00adtaa. Lis\u00e4k\u00adsi lis\u00e4\u00adva\u00adrus\u00adtee\u00adna on saa\u00adtava\u00adna muun\u00adto\u00adsar\u00adja heil\u00adurik\u00e4yt\u00adt\u00f6\u00e4 varten!<\/p>\n\n\t\t<\/div>\n\t<\/div>\n<\/div><\/div><div class=\"vc_tta-panel\" id=\"1536731472028-47be73de-9851\" data-vc-content=\".vc_tta-panel-body\"><div class=\"vc_tta-panel-heading\"><h4 class=\"vc_tta-panel-title\"><a href=\"#1536731472028-47be73de-9851\" data-vc-accordion data-vc-container=\".vc_tta-container\"><span class=\"vc_tta-title-text\">Heilurin toiminta 180<\/span><\/a><\/h4><\/div><div class=\"vc_tta-panel-body\"><div class=\"video-wrapper\"><\/div><div class=\"vc_empty_space\" style=\"height: 20px\"><span class=\"vc_empty_space_inner\"><\/span><\/div>\n\t<div class=\"wpb_text_column wpb_content_element\">\n\t\t<div class=\"wpb_wrapper\">\n\t\t\t<h2>Heilurik\u00e4ytt\u00f6 180\u00b0 \u2013 Py\u00f6riv\u00e4 indeksointip\u00f6yt\u00e4 RSE\u20114<\/h2>\n<p>Ani\u00admaa\u00adtio heil\u00adurin toimin\u00adnasta vasemmalle\/oikealle \u2013 180\u00b0. RSE-3- ja RSE-4-k\u00e4\u00e4nt\u00ad\u00f6kyt\u00adki\u00adnyk\u00adsik\u00adk\u00f6 on tilat\u00adta\u00advis\u00adsa heil\u00aduri\u00admal\u00adli\u00adse\u00adna jo teh\u00adtaal\u00adta. Vaih\u00adtoeh\u00adtoi\u00adses\u00adti my\u00f6s my\u00f6h\u00adem\u00adpi muun\u00adta\u00admi\u00adnen on mah\u00addol\u00adlis\u00adta (lis\u00e4\u00adva\u00adrus\u00adteet, muunnossarja).<\/p>\n\n\t\t<\/div>\n\t<\/div>\n<\/div><\/div><div class=\"vc_tta-panel\" id=\"1525864525006-ee89c05d-c8c9\" data-vc-content=\".vc_tta-panel-body\"><div class=\"vc_tta-panel-heading\"><h4 class=\"vc_tta-panel-title\"><a href=\"#1525864525006-ee89c05d-c8c9\" data-vc-accordion data-vc-container=\".vc_tta-container\"><span class=\"vc_tta-title-text\">Shuttle-toiminnon vapaa ohjaus<\/span><\/a><\/h4><\/div><div class=\"vc_tta-panel-body\"><div class=\"video-wrapper\"><\/div><div class=\"vc_empty_space\" style=\"height: 20px\"><span class=\"vc_empty_space_inner\"><\/span><\/div>\n\t<div class=\"wpb_text_column wpb_content_element\">\n\t\t<div class=\"wpb_wrapper\">\n\t\t\t<h2>Heilurik\u00e4yt\u00f6n vapaa ohjaus \u2013 Py\u00f6riv\u00e4 indeksointip\u00f6yt\u00e4 RSE\u20114<\/h2>\n<p>Ani\u00admaa\u00adtio heil\u00adurin toimin\u00adnasta vasemmalle\/oikealle \u2013 vapaa ohjaus. RSE-3- ja RSE-4-k\u00e4\u00e4nt\u00ad\u00f6kyt\u00adki\u00adnyk\u00adsik\u00f6n voi tila\u00adta heil\u00aduri\u00adver\u00adsio\u00adna jo teh\u00adtaal\u00adta. Vaih\u00adtoeh\u00adtoi\u00adses\u00adti my\u00f6s my\u00f6h\u00adem\u00adpi muun\u00adta\u00admi\u00adnen on mah\u00addol\u00adlis\u00adta (lis\u00e4\u00adva\u00adrus\u00adteet, muunnossarja).<\/p>\n\n\t\t<\/div>\n\t<\/div>\n<\/div><\/div><div class=\"vc_tta-panel\" id=\"1536731506362-c1952daa-cc11\" data-vc-content=\".vc_tta-panel-body\"><div class=\"vc_tta-panel-heading\"><h4 class=\"vc_tta-panel-title\"><a href=\"#1536731506362-c1952daa-cc11\" data-vc-accordion data-vc-container=\".vc_tta-container\"><span class=\"vc_tta-title-text\">Kaasupoljin ja py\u00f6rimisnopeus<\/span><\/a><\/h4><\/div><div class=\"vc_tta-panel-body\"><div class=\"video-wrapper\"><\/div><div class=\"vc_empty_space\" style=\"height: 20px\"><span class=\"vc_empty_space_inner\"><\/span><\/div>\n\t<div class=\"wpb_text_column wpb_content_element\">\n\t\t<div class=\"wpb_wrapper\">\n\t\t\t<h2>Kuristin py\u00f6rimisnopeuden s\u00e4\u00e4t\u00f6\u00f6n \u2013 Py\u00f6riv\u00e4 indeksointip\u00f6yt\u00e4 RSE\u20114<\/h2>\n<p>Levyn nopeu\u00adden portaa\u00adton\u00adta s\u00e4\u00e4\u00adt\u00f6\u00e4 var\u00adten py\u00f6\u00adriv\u00ad\u00e4s\u00ads\u00e4 indek\u00adso\u00adin\u00adti\u00adyk\u00adsik\u00f6s\u00ads\u00e4 on inte\u00adgro\u00aditu pois\u00adtoil\u00adman kuris\u00adtin ex works. T\u00e4m\u00e4 tar\u00adkoit\u00adtaa, ett\u00e4 sit\u00e4 ei tar\u00advitse ost\u00adaa tai kyt\u00adke\u00e4 erikseen.<\/p>\n\n\t\t<\/div>\n\t<\/div>\n<\/div><\/div><div class=\"vc_tta-panel\" id=\"1536731523605-2a0eb15e-9461\" data-vc-content=\".vc_tta-panel-body\"><div class=\"vc_tta-panel-heading\"><h4 class=\"vc_tta-panel-title\"><a href=\"#1536731523605-2a0eb15e-9461\" data-vc-accordion data-vc-container=\".vc_tta-container\"><span class=\"vc_tta-title-text\">Asemapyynt\u00f6<\/span><\/a><\/h4><\/div><div class=\"vc_tta-panel-body\"><div class=\"video-wrapper\"><\/div><div class=\"vc_empty_space\" style=\"height: 20px\"><span class=\"vc_empty_space_inner\"><\/span><\/div>\n\t<div class=\"wpb_text_column wpb_content_element\">\n\t\t<div class=\"wpb_wrapper\">\n\t\t\t<h2 class=\"title style-scope ytd-video-primary-info-renderer\">Asentoa tunnistava l\u00e4hestymiskytkin NSS-O\u20116.5 py\u00f6riv\u00e4ss\u00e4 indeksointip\u00f6yd\u00e4ss\u00e4 RSE\u20114<\/h2>\n<p>Kuv\u00adas\u00adsa on tun\u00adnist\u00adami\u00adnen l\u00e4hes\u00adty\u00admis\u00adkyt\u00adkin\u00ads\u00adar\u00adjan NSS-O\u20116.5\u2011S-65 avul\u00adla. Antu\u00adrit ruuva\u00adt\u00ada\u00adan yksin\u00adker\u00adtai\u00adses\u00adti kiin\u00adni tyh\u00adji\u00aden pis\u00adtok\u00adkei\u00adden sijas\u00adta ja ne tun\u00adnistavat teli\u00adneen p\u00e4\u00e4\u00adteasen\u00adnon. P\u00f6y\u00add\u00e4l\u00adl\u00e4 vas\u00adta\u00adp\u00e4iv\u00ad\u00e4\u00e4n py\u00f6\u00adriv\u00ad\u00e4l\u00adl\u00e4 p\u00f6y\u00add\u00e4l\u00adl\u00e4 (kun levy\u00e4 tar\u00adkas\u00adtel\u00adla\u00adan ylh\u00e4\u00e4l\u00adt\u00e4 p\u00e4in) n\u00e4kyy merk\u00adin\u00adt\u00e4 sy\u00f6\u00adt\u00f6n p\u00e4\u00e4t\u00adty\u00admi\u00adsen j\u00e4l\u00adkeen (levy k\u00e4\u00e4n\u00adnet\u00adty) ja kun teli\u00adne on vedet\u00adty sis\u00e4\u00e4n (mer\u00adkit\u00adsee: lukittu).<\/p>\n\n\t\t<\/div>\n\t<\/div>\n<\/div><\/div><div class=\"vc_tta-panel\" id=\"1536731540754-fd65c643-010a\" data-vc-content=\".vc_tta-panel-body\"><div class=\"vc_tta-panel-heading\"><h4 class=\"vc_tta-panel-title\"><a href=\"#1536731540754-fd65c643-010a\" data-vc-accordion data-vc-container=\".vc_tta-container\"><span class=\"vc_tta-title-text\">Iskunvaimennin<\/span><\/a><\/h4><\/div><div class=\"vc_tta-panel-body\"><div class=\"video-wrapper\"><\/div><div class=\"vc_empty_space\" style=\"height: 20px\"><span class=\"vc_empty_space_inner\"><\/span><\/div>\n\t<div class=\"wpb_text_column wpb_content_element\">\n\t\t<div class=\"wpb_wrapper\">\n\t\t\t<h2 class=\"title style-scope ytd-video-primary-info-renderer\">Iskunvaimennin RSE\u20114 py\u00f6re\u00e4ss\u00e4 \u00e4\u00e4nip\u00f6yd\u00e4ss\u00e4.<\/h2>\n<p>Kuv\u00adas\u00adsa on vai\u00admen\u00adti\u00admen asen\u00adnus\u00adtilan\u00adne p\u00f6y\u00add\u00e4n kans\u00adsa vas\u00adta\u00adp\u00e4iv\u00ad\u00e4\u00e4n py\u00f6\u00adriv\u00ad\u00e4l\u00adl\u00e4 p\u00f6y\u00add\u00e4l\u00adl\u00e4 (levy ylh\u00e4\u00e4l\u00adt\u00e4 kat\u00adsot\u00adtu\u00adna). Vai\u00admenn\u00adin\u00adta on s\u00e4\u00e4\u00addett\u00e4\u00adv\u00e4 liik\u00adkeen iner\u00adti\u00adas\u00adta ja kuor\u00admituk\u00adses\u00adta riippuen joko s\u00e4\u00e4\u00adt\u00f6\u00adruuvin avul\u00adla tai tar\u00advittaes\u00adsa k\u00e4\u00e4nt\u00ad\u00e4m\u00e4l\u00adl\u00e4 vai\u00admenn\u00adin\u00adta sis\u00e4\u00e4n ja ulos (tehol\u00adli\u00adnen&nbsp;isku).<\/p>\n\n\t\t<\/div>\n\t<\/div>\n<\/div><\/div><div class=\"vc_tta-panel\" id=\"1536731558337-997d9d01-77b5\" data-vc-content=\".vc_tta-panel-body\"><div class=\"vc_tta-panel-heading\"><h4 class=\"vc_tta-panel-title\"><a href=\"#1536731558337-997d9d01-77b5\" data-vc-accordion data-vc-container=\".vc_tta-container\"><span class=\"vc_tta-title-text\">Vaimentimen s\u00e4\u00e4t\u00f6 ja lukitus<\/span><\/a><\/h4><\/div><div class=\"vc_tta-panel-body\"><div class=\"video-wrapper\"><\/div><div class=\"vc_empty_space\" style=\"height: 20px\"><span class=\"vc_empty_space_inner\"><\/span><\/div>\n\t<div class=\"wpb_text_column wpb_content_element\">\n\t\t<div class=\"wpb_wrapper\">\n\t\t\t<h2 class=\"title style-scope ytd-video-primary-info-renderer\">Vaimentimen s\u00e4\u00e4t\u00f6 oikeaa lukitusta varten<\/h2>\n<p>Jos py\u00f6\u00adriv\u00e4n indek\u00adso\u00adin\u00adti\u00adp\u00f6y\u00add\u00e4n vai\u00admen\u00adnus\u00adta ei ole s\u00e4\u00e4\u00addet\u00adty oik\u00adein kuor\u00adman muka\u00adan, lii\u00adke-ener\u00adgia saa sen pys\u00e4h\u00adty\u00adm\u00e4\u00e4n enne\u00adnai\u00adkai\u00adses\u00adti tai ylitt\u00e4m\u00e4\u00e4n indek\u00adsi\u00adasen\u00adnon. Tilan\u00adtees\u00adta riippuen t\u00e4m\u00e4 est\u00e4\u00e4 tai vai\u00adkeut\u00adtaa levyn lukits\u00ademis\u00adta, kos\u00adka kak\u00adsi pult\u00adtia ei p\u00e4\u00e4\u00adse vapaas\u00adti luk\u00adko\u00adon. Vaik\u00adka kar\u00adtio\u00admais\u00adet luki\u00adtuspul\u00adtit mah\u00addol\u00adlistavat indek\u00adso\u00adin\u00adnin, sii\u00adhen liit\u00adtyy ep\u00e4p\u00aduh\u00addas lii\u00adke ja kulu\u00admi\u00adnen. Yleen\u00ads\u00e4 t\u00e4m\u00e4 pie\u00adni s\u00e4\u00e4\u00adt\u00f6\u00advirhe n\u00e4kyy, kun levy\u00e4 vede\u00adt\u00e4\u00e4n eteen- tai taak\u00adse\u00adp\u00e4in. S\u00e4\u00e4\u00add\u00e4 iskun\u00advai\u00admen\u00adnin sik\u00adsi aina kuor\u00admituk\u00adsen muka\u00adan (iskun\u00advai\u00admen\u00adti\u00admen s\u00e4\u00e4\u00adt\u00f6\u00adruuvi tai iskun\u00advai\u00admen\u00adti\u00admen iskun\u00advai\u00admen\u00adnus sis\u00e4\u00e4n tai ulos k\u00e4\u00e4nt\u00e4m\u00e4ll\u00e4).<\/p>\n\n\t\t<\/div>\n\t<\/div>\n<\/div><\/div><\/div><\/div><\/div><\/div><\/div><\/div><\/div><div class=\"wpb_column vc_column_container vc_col-sm-12\"><div class=\"vc_column-inner\"><div class=\"wpb_wrapper\">\n\t<div class=\"wpb_text_column wpb_content_element\">\n\t\t<div class=\"wpb_wrapper\">\n\t\t\t<p style=\"text-align: center;\">The <a href=\"https:\/\/wagnerautomation.de\" target=\"_blank\" rel=\"noopener\">Frie\u00adde\u00admann Wag\u00adner GmbH<\/a> Pal\u00adjon kii\u00adtok\u00adsia ani\u00admaa\u00adtio\u00adiden kuvauksista.<\/p>\n\n\t\t<\/div>\n\t<\/div>\n<div class=\"vc_empty_space\" style=\"height: 32px\"><span class=\"vc_empty_space_inner\"><\/span><\/div><\/div><\/div><\/div><\/div><div data-vc-full-width=\"true\" data-vc-full-width-temp=\"true\" data-vc-full-width-init=\"false\" class=\"vc_row wpb_row vc_row-fluid vc_custom_1496321201384 vc_row-has-fill\"><div class=\"wpb_column vc_column_container vc_col-sm-8\"><div class=\"vc_column-inner\"><div class=\"wpb_wrapper\">\n\t<div class=\"wpb_text_column wpb_content_element vc_custom_1536734877981\">\n\t\t<div class=\"wpb_wrapper\">\n\t\t\t<h3 style=\"text-align: left;\"><span style=\"color: #ffffff;\">Olipa kyse tuoteanimaatioista, toiminnallisista animaatioista, tuotekuvituksista tai kuvafilmist\u00e4, me tuomme valoa ja liikett\u00e4 yritykseesi.<\/span><\/h3>\n\n\t\t<\/div>\n\t<\/div>\n<\/div><\/div><\/div><div class=\"wpb_column vc_column_container vc_col-sm-4\"><div class=\"vc_column-inner\"><div class=\"wpb_wrapper\"><a target=\"_self\" href=\"mailto:info@kuhn-solutions.de\" class=\"btn  btn-md style-1\" id=\"custom-id-0\" style>PYYNT\u00d6 ILMAN VELVOLLISUUTTA<\/a><\/div><\/div><\/div><\/div><div class=\"vc_row-full-width vc_clearfix\"><\/div>\n<\/div>","protected":false},"excerpt":{"rendered":"RSE-4-rotaa\u00adtio\u00adp\u00f6y\u00adt\u00e4\u00e4 visua\u00adli\u00adso\u00adida\u00adan Frie\u00adde\u00admann Wag\u00adner GmbH:lle, joka on k\u00e4sit\u00adte\u00adly- ja auto\u00admaa\u00adtio\u00adte\u00adknii\u00adkan ammat\u00adti\u00adlai\u00adnen. Hank\u00adkeen pai\u00adno\u00adpis\u00adte on toiminn\u00adal\u00adli\u00adsuuden visuaa\u00adlis\u00ades\u00adsa kuv\u00adauks\u00ades\u00adsa, lukui\u00adsis\u00adsa s\u00e4\u00e4\u00adt\u00f6- ja muun\u00adnos\u00advaih\u00adtoeh\u00addois\u00adsa sek\u00e4 tuot\u00adteen oike\u00adas\u00adsa k\u00e4sittelyss\u00e4.\u2026.","protected":false},"author":1,"featured_media":0,"parent":0,"menu_order":0,"comment_status":"open","ping_status":"closed","template":"","meta":{"wp_typography_post_enhancements_disabled":false,"footnotes":""},"class_list":["post-1038","page","type-page","status-publish","hentry"],"_links":{"self":[{"href":"https:\/\/kuhn-solutions.de\/fi\/wp-json\/wp\/v2\/pages\/1038","targetHints":{"allow":["GET"]}}],"collection":[{"href":"https:\/\/kuhn-solutions.de\/fi\/wp-json\/wp\/v2\/pages"}],"about":[{"href":"https:\/\/kuhn-solutions.de\/fi\/wp-json\/wp\/v2\/types\/page"}],"author":[{"embeddable":true,"href":"https:\/\/kuhn-solutions.de\/fi\/wp-json\/wp\/v2\/users\/1"}],"replies":[{"embeddable":true,"href":"https:\/\/kuhn-solutions.de\/fi\/wp-json\/wp\/v2\/comments?post=1038"}],"version-history":[{"count":70,"href":"https:\/\/kuhn-solutions.de\/fi\/wp-json\/wp\/v2\/pages\/1038\/revisions"}],"predecessor-version":[{"id":1798,"href":"https:\/\/kuhn-solutions.de\/fi\/wp-json\/wp\/v2\/pages\/1038\/revisions\/1798"}],"wp:attachment":[{"href":"https:\/\/kuhn-solutions.de\/fi\/wp-json\/wp\/v2\/media?parent=1038"}],"curies":[{"name":"wp","href":"https:\/\/api.w.org\/{rel}","templated":true}]}}