{"id":709,"date":"2016-10-20T13:39:06","date_gmt":"2016-10-20T13:39:06","guid":{"rendered":"http:\/\/astudio.si\/dummy-content\/constructo-new-1\/?page_id=709"},"modified":"2016-10-20T13:39:06","modified_gmt":"2016-10-20T13:39:06","slug":"full-width-view","status":"publish","type":"page","link":"https:\/\/kuhn-solutions.de\/et\/full-width-view\/","title":{"rendered":"Vaa\u00adde kogu laiuses"},"content":{"rendered":"<div class=\"wpb-content-wrapper\"><div data-vc-full-width=\"true\" data-vc-full-width-temp=\"true\" data-vc-full-width-init=\"false\" data-vc-stretch-content=\"true\" class=\"vc_row wpb_row vc_row-fluid vc_custom_1460981908790 vc_row-no-padding\"><div class=\"wpb_column vc_column_container vc_col-sm-12\"><div class=\"vc_column-inner\"><div class=\"wpb_wrapper\"><ul class=\"filter style-1\"><i style=\"color: #000000;\" class=\"fa fa-filter\"><\/i><li><button style=\"color: #000000;\" data-filter=\"*\">K\u00f5ik<\/button><\/li><span style=\"color: #000000;\">\/<\/span><li><button style=\"color: #000000;\" data-filter=\"visualisierung\">Visualiseerimine<\/button><\/li><span style=\"color: #000000;\">\/<\/span><li><button style=\"color: #000000;\" data-filter=\"berechnung\">Arvutus<\/button><\/li><span style=\"color: #000000;\">\/<\/span><li><button style=\"color: #000000;\" data-filter=\"programmierung\">Programmeerimine<\/button><\/li><span style=\"color: #000000;\">\/<\/span><li><button style=\"color: #000000;\" data-filter=\"entwicklung\">Arendus<\/button><\/li><span style=\"color: #000000;\">\/<\/span><li><button style=\"color: #000000;\" data-filter=\"konstruktion\">Ehitus<\/button><\/li><\/ul><ul class=\"portfolio isotope classic\"><li class=\"isotope-item programmierung col-xs-6 col-md-3\"><article class=\"inner\"><a class=\"item-hover\" href=\"https:\/\/kuhn-solutions.de\/et\/portfolio\/contourtrace-image-to-dxf-converter\/\"><div class=\"mask\"><\/div><div class=\"item-info\"><div class=\"headline\"><h2>ContourTrace \u2013 pilt DXF konverterisse<\/h2><\/div><\/div><\/a><div class=\"item-img\"><img loading=\"lazy\" decoding=\"async\" width=\"360\" height=\"267\" src=\"https:\/\/kuhn-solutions.de\/wp-content\/uploads\/2024\/09\/ContourTrace_Start_Screen-360x267.png\" class=\"attachment-post-thumb attachment-post-thumb size-post-thumb wp-post-image\" alt srcset=\"https:\/\/kuhn-solutions.de\/wp-content\/uploads\/2024\/09\/ContourTrace_Start_Screen-360x267.png 360w, https:\/\/kuhn-solutions.de\/wp-content\/uploads\/2024\/09\/ContourTrace_Start_Screen-18x12.png 18w\" sizes=\"auto, (max-width: 360px) 100vw, 360px\"><\/div><\/article><\/li><li class=\"isotope-item  col-xs-6 col-md-3\"><article class=\"inner\"><a class=\"item-hover\" href=\"https:\/\/kuhn-solutions.de\/et\/portfolio\/custom-toolbar-solidworks-add-in\/\"><div class=\"mask\"><\/div><div class=\"item-info\"><div class=\"headline\"><h2>Kohandatud t\u00f6\u00f6riistariba \u2013 SOLIDWORKSi lisav\u00f5imalus<\/h2><\/div><\/div><\/a><div class=\"item-img\"><img loading=\"lazy\" decoding=\"async\" width=\"360\" height=\"267\" src=\"https:\/\/kuhn-solutions.de\/wp-content\/uploads\/2019\/05\/Custom-Toolbar-Settings-1738-x-1159-360x267.jpg\" class=\"attachment-post-thumb attachment-post-thumb size-post-thumb wp-post-image\" alt=\"Custom Toolbar Settings \u2013 Rename and customize up to 5 toolbars\"><\/div><\/article><\/li><li class=\"isotope-item  col-xs-6 col-md-3\"><article class=\"inner\"><a class=\"item-hover\" href=\"https:\/\/kuhn-solutions.de\/et\/portfolio\/geodaetische-distanz-algorithmus\/\"><div class=\"mask\"><\/div><div class=\"item-info\"><div class=\"headline\"><h2>Geodeetiline kaugus, algoritm<\/h2><\/div><\/div><\/a><div class=\"item-img\"><img loading=\"lazy\" decoding=\"async\" width=\"360\" height=\"267\" src=\"https:\/\/kuhn-solutions.de\/wp-content\/uploads\/2019\/04\/Geodesic_distanz_bunny_KUHN_ENGINEERING-360x267.jpg\" class=\"attachment-post-thumb attachment-post-thumb size-post-thumb wp-post-image\" alt=\"Geodesic distanz - bunny KUHN SOLUTIONS\"><\/div><\/article><\/li><li class=\"isotope-item entwicklung programmierung col-xs-6 col-md-3\"><article class=\"inner\"><a class=\"item-hover\" href=\"https:\/\/kuhn-solutions.de\/et\/portfolio\/ict-testsystem-softwareentwicklung-inbetriebnahme\/\"><div class=\"mask\"><\/div><div class=\"item-info\"><div class=\"headline\"><h2>IKT testis\u00fcsteem, tarkvara arendamine ja kasutuselev\u00f5tmine<\/h2><\/div><\/div><\/a><div class=\"item-img\"><img loading=\"lazy\" decoding=\"async\" width=\"360\" height=\"267\" src=\"https:\/\/kuhn-solutions.de\/wp-content\/uploads\/2019\/03\/Pr\u00fcfstand-Python-360x267.jpg\" class=\"attachment-post-thumb attachment-post-thumb size-post-thumb wp-post-image\" alt=\"ICT-Testsystem - Pr\u00fcfstand Python\"><\/div><\/article><\/li><li class=\"isotope-item visualisierung col-xs-6 col-md-3\"><article class=\"inner\"><a class=\"item-hover\" href=\"https:\/\/kuhn-solutions.de\/et\/portfolio\/produktvisualisierung-greifeinheit-pgm-82\/\"><div class=\"mask\"><\/div><div class=\"item-info\"><div class=\"headline\"><h2>Toote visualiseerimine, haaramis\u00fcksus PGM-82<\/h2><\/div><\/div><\/a><div class=\"item-img\"><img loading=\"lazy\" decoding=\"async\" width=\"360\" height=\"267\" src=\"https:\/\/kuhn-solutions.de\/wp-content\/uploads\/2019\/03\/PGM-82-Schnittansicht-ISO-Hintergrund-transparent-V02-360x267.jpg\" class=\"attachment-post-thumb attachment-post-thumb size-post-thumb wp-post-image\" alt=\"Greifeinheit PGM-82 - Friedemann Wagner GmbH - Schnitt ISO\"><\/div><\/article><\/li><li class=\"isotope-item  col-xs-6 col-md-3\"><article class=\"inner\"><a class=\"item-hover\" href=\"https:\/\/kuhn-solutions.de\/et\/portfolio\/product-configurator\/\"><div class=\"mask\"><\/div><div class=\"item-info\"><div class=\"headline\"><h2>Minu prillid \u2013 toote konfiguraator<\/h2><\/div><\/div><\/a><div class=\"item-img\"><img loading=\"lazy\" decoding=\"async\" width=\"360\" height=\"267\" src=\"https:\/\/kuhn-solutions.de\/wp-content\/uploads\/2014\/12\/Produktkonfigurator-SolidWorks-360x267.jpg\" class=\"attachment-post-thumb attachment-post-thumb size-post-thumb wp-post-image\" alt><\/div><\/article><\/li><li class=\"isotope-item  col-xs-6 col-md-3\"><article class=\"inner\"><a class=\"item-hover\" href=\"https:\/\/kuhn-solutions.de\/et\/portfolio\/pruefstand-erweiterung-sensorik\/\"><div class=\"mask\"><\/div><div class=\"item-info\"><div class=\"headline\"><h2>Katsestend, laiendamine anduritehnoloogiaga<\/h2><\/div><\/div><\/a><div class=\"item-img\"><img loading=\"lazy\" decoding=\"async\" width=\"360\" height=\"267\" src=\"https:\/\/kuhn-solutions.de\/wp-content\/uploads\/2018\/09\/DDT-600-inkscape-001-360x267.jpg\" class=\"attachment-post-thumb attachment-post-thumb size-post-thumb wp-post-image\" alt=\"Pr\u00fcfstand DDT-600\"><\/div><\/article><\/li><li class=\"isotope-item visualisierung col-xs-6 col-md-3\"><article class=\"inner\"><a class=\"item-hover\" href=\"https:\/\/kuhn-solutions.de\/et\/portfolio\/produktanimation-rundschalteinheit-rse-4\/\"><div class=\"mask\"><\/div><div class=\"item-info\"><div class=\"headline\"><h2>Toote animatsioon, p\u00f6\u00f6rlev indekseerimislaud RSE\u20114<\/h2><\/div><\/div><\/a><div class=\"item-img\"><img loading=\"lazy\" decoding=\"async\" width=\"360\" height=\"267\" src=\"https:\/\/kuhn-solutions.de\/wp-content\/uploads\/2018\/09\/Rundschalttisch-RSE-4-Friedemann-Wagner-GmbH-360x267.jpg\" class=\"attachment-post-thumb attachment-post-thumb size-post-thumb wp-post-image\" alt=\"Rundschalttisch RSE-4 - Friedemann Wagner GmbH\"><\/div><\/article><\/li><li class=\"isotope-item konstruktion programmierung col-xs-6 col-md-3\"><article class=\"inner\"><a class=\"item-hover\" href=\"https:\/\/kuhn-solutions.de\/et\/portfolio\/schienenfahrzeuge-schwingungstechnik\/\"><div class=\"mask\"><\/div><div class=\"item-info\"><div class=\"headline\"><h2>Raudtees\u00f5idukid, vibratsioonitehnoloogia<\/h2><\/div><\/div><\/a><div class=\"item-img\"><img loading=\"lazy\" decoding=\"async\" width=\"360\" height=\"267\" src=\"https:\/\/kuhn-solutions.de\/wp-content\/uploads\/2018\/09\/Schienenfahrzeug-Schwingungstechnik-360x267.jpg\" class=\"attachment-post-thumb attachment-post-thumb size-post-thumb wp-post-image\" alt=\"Schienenfahrzeug Schwingungstechnik\"><\/div><\/article><\/li><li class=\"isotope-item berechnung entwicklung konstruktion col-xs-6 col-md-3\"><article class=\"inner\"><a class=\"item-hover\" href=\"https:\/\/kuhn-solutions.de\/et\/portfolio\/pruefstand-modulare-anpresseinheit\/\"><div class=\"mask\"><\/div><div class=\"item-info\"><div class=\"headline\"><h2>Katsestend, modulaarne pressimisseade<\/h2><\/div><\/div><\/a><div class=\"item-img\"><img loading=\"lazy\" decoding=\"async\" width=\"360\" height=\"267\" src=\"https:\/\/kuhn-solutions.de\/wp-content\/uploads\/2018\/09\/DDT-600-Anpressmodul-Kreis-2-360x267.jpg\" class=\"attachment-post-thumb attachment-post-thumb size-post-thumb wp-post-image\" alt=\"DDT-600 Anpressmodul Kreis 2\"><\/div><\/article><\/li><li class=\"isotope-item  col-xs-6 col-md-3\"><article class=\"inner\"><a class=\"item-hover\" href=\"https:\/\/kuhn-solutions.de\/et\/portfolio\/parametric-packaging\/\"><div class=\"mask\"><\/div><div class=\"item-info\"><div class=\"headline\"><h2>Parameetriseeritud tootepakend<\/h2><\/div><\/div><\/a><div class=\"item-img\"><img loading=\"lazy\" decoding=\"async\" width=\"360\" height=\"267\" src=\"https:\/\/kuhn-solutions.de\/wp-content\/uploads\/2014\/12\/Parametric-packaging-360x267.jpg\" class=\"attachment-post-thumb attachment-post-thumb size-post-thumb wp-post-image\" alt><\/div><\/article><\/li><li class=\"isotope-item berechnung programmierung col-xs-6 col-md-3\"><article class=\"inner\"><a class=\"item-hover\" href=\"https:\/\/kuhn-solutions.de\/et\/portfolio\/cutting-calculator\/\"><div class=\"mask\"><\/div><div class=\"item-info\"><div class=\"headline\"><h2>Segude optimeerimine, simplex algoritm<\/h2><\/div><\/div><\/a><div class=\"item-img\"><img loading=\"lazy\" decoding=\"async\" width=\"360\" height=\"267\" src=\"https:\/\/kuhn-solutions.de\/wp-content\/uploads\/2014\/12\/laser-cutting-calculator-360x267.jpg\" class=\"attachment-post-thumb attachment-post-thumb size-post-thumb wp-post-image\" alt><\/div><\/article><\/li><\/ul><div class=\"portfolio-pagination\"><\/div><\/div><\/div><\/div><\/div><div class=\"vc_row-full-width vc_clearfix\"><\/div>\n<\/div>","protected":false},"excerpt":{"rendered":"PROJEKTI KIRJELDUS Toot\u00admis\u00adprot\u00adses\u00adsis tekki\u00adva\u00adte mate\u00adr\u00adja\u00adli\u00adj\u00e4\u00e4t\u00adme\u00adte v\u00e4hen\u00adda\u00admi\u00adseks inte\u00adgre\u00aderi\u00adtak\u00adse sim\u00adplex-prot\u00adsess ole\u00adma\u00adso\u00adlev\u00adas\u00adse s\u00fcs\u00adtee\u00admi. See v\u00e4hend\u00adab mate\u00adr\u00adja\u00adli\u00adku\u00adlu\u00adsid ja kiir\u00adend\u00adab toot\u00admis\u00adprot\u00adses\u00adsi. T\u00d6\u00d6\u00d6KONNA T\u00dc\u00dc\u00dcBISTUSKASUTATUD PRO\u00adGRAM\u00adMEE\u00adRI\u00adMIS\u00adVA\u00adHEN\u00adDID\u00adMat\u00adlab, MathWorks\u00adMi\u00adcro\u00adsoft Office\u00adAL\u00adGO\u00adRITH\u00adMENSim\u00adplex algo\u00adritm\u00adKA\u00adSU\u00adTUS Ei ole t\u00e4p\u00adsustatud T\u00d6\u00d6\u00d6STUSALA Prot\u00adses\u00adsi- ja tootmistehnoloogiad","protected":false},"author":1,"featured_media":0,"parent":0,"menu_order":0,"comment_status":"closed","ping_status":"closed","template":"","meta":{"wp_typography_post_enhancements_disabled":false,"footnotes":""},"class_list":["post-709","page","type-page","status-publish","hentry"],"_links":{"self":[{"href":"https:\/\/kuhn-solutions.de\/et\/wp-json\/wp\/v2\/pages\/709","targetHints":{"allow":["GET"]}}],"collection":[{"href":"https:\/\/kuhn-solutions.de\/et\/wp-json\/wp\/v2\/pages"}],"about":[{"href":"https:\/\/kuhn-solutions.de\/et\/wp-json\/wp\/v2\/types\/page"}],"author":[{"embeddable":true,"href":"https:\/\/kuhn-solutions.de\/et\/wp-json\/wp\/v2\/users\/1"}],"replies":[{"embeddable":true,"href":"https:\/\/kuhn-solutions.de\/et\/wp-json\/wp\/v2\/comments?post=709"}],"version-history":[{"count":0,"href":"https:\/\/kuhn-solutions.de\/et\/wp-json\/wp\/v2\/pages\/709\/revisions"}],"wp:attachment":[{"href":"https:\/\/kuhn-solutions.de\/et\/wp-json\/wp\/v2\/media?parent=709"}],"curies":[{"name":"wp","href":"https:\/\/api.w.org\/{rel}","templated":true}]}}