{"id":2765,"date":"2024-09-03T07:49:17","date_gmt":"2024-09-03T05:49:17","guid":{"rendered":"https:\/\/kuhn-solutions.de\/?page_id=2765"},"modified":"2024-10-30T14:24:03","modified_gmt":"2024-10-30T13:24:03","slug":"hardwareproducts","status":"publish","type":"page","link":"https:\/\/kuhn-solutions.de\/et\/hardwareproducts\/","title":{"rendered":"Meie riist\u00adva\u00adra"},"content":{"rendered":"<div class=\"wpb-content-wrapper\"><div class=\"vc_row wpb_row vc_row-fluid\"><div class=\"wpb_column vc_column_container vc_col-sm-12\"><div class=\"vc_column-inner\"><div class=\"wpb_wrapper\"><div class=\"vc_separator wpb_content_element vc_separator_align_center vc_sep_width_100 vc_sep_border_width_2 vc_sep_pos_align_center vc_separator_no_text vc_sep_color_grey wpb_content_element  wpb_content_element\"><span class=\"vc_sep_holder vc_sep_holder_l\"><span class=\"vc_sep_line\"><\/span><\/span><span class=\"vc_sep_holder vc_sep_holder_r\"><span class=\"vc_sep_line\"><\/span><\/span>\n<\/div><h3 class=\"heading-left  style-1\"><span>ContourTrace tarkvara riistvara<\/span><\/h3><\/div><\/div><\/div><div class=\"wpb_column vc_column_container vc_col-sm-4\"><div class=\"vc_column-inner\"><div class=\"wpb_wrapper\"><div class=\"vc_row wpb_row vc_inner vc_row-fluid vc_custom_1436373637236\"><div class=\"wpb_column vc_column_container vc_col-sm-12\"><div class=\"vc_column-inner\"><div class=\"wpb_wrapper\"><div class=\"vc_empty_space\" style=\"height: 60px\"><span class=\"vc_empty_space_inner\"><\/span><\/div>\n\t<div class=\"wpb_single_image wpb_content_element vc_align_left wpb_content_element\">\n\t\t\n\t\t<figure class=\"wpb_wrapper vc_figure\">\n\t\t\t<a href=\"https:\/\/contourtrace.com\/area-scan-portal-ct-2da-600x420\/\" target=\"_blank\" class=\"vc_single_image-wrapper vc_box_shadow  vc_box_border_grey\"><img loading=\"lazy\" decoding=\"async\" width=\"1500\" height=\"1000\" src=\"https:\/\/kuhn-solutions.de\/wp-content\/uploads\/2024\/09\/ASP-AO.jpg\" class=\"vc_single_image-img attachment-full\" alt title=\"Piirkonna skaneerimisportaal - automaatne t\u00f6\u00f6\" srcset=\"https:\/\/kuhn-solutions.de\/wp-content\/uploads\/2024\/09\/ASP-AO.jpg 1500w, https:\/\/kuhn-solutions.de\/wp-content\/uploads\/2024\/09\/ASP-AO-300x200.jpg 300w, https:\/\/kuhn-solutions.de\/wp-content\/uploads\/2024\/09\/ASP-AO-1024x683.jpg 1024w, https:\/\/kuhn-solutions.de\/wp-content\/uploads\/2024\/09\/ASP-AO-768x512.jpg 768w, https:\/\/kuhn-solutions.de\/wp-content\/uploads\/2024\/09\/ASP-AO-18x12.jpg 18w, https:\/\/kuhn-solutions.de\/wp-content\/uploads\/2024\/09\/ASP-AO-370x247.jpg 370w, https:\/\/kuhn-solutions.de\/wp-content\/uploads\/2024\/09\/ASP-AO-1200x800.jpg 1200w, https:\/\/kuhn-solutions.de\/wp-content\/uploads\/2024\/09\/ASP-AO-360x240.jpg 360w\" sizes=\"auto, (max-width: 1500px) 100vw, 1500px\"><\/a>\n\t\t<\/figure>\n\t<\/div>\n<h5 class=\"heading-left  style-1\"><span>Piirkonna skaneerimisportaal \u2013 automaatne t\u00f6\u00f6<\/span><\/h5>\n\t<div class=\"wpb_text_column wpb_content_element\">\n\t\t<div class=\"wpb_wrapper\">\n\t\t\t<p>Ska\u00adnee\u00adri\u00adge oma objek\u00adte t\u00e4ie\u00adli\u00adkult auto\u00admaats\u00adelt Area Scan Por\u00adta\u00adli\u00adga \u2013 Auto\u00admaat\u00adne&nbsp;t\u00f6\u00f6<\/p>\n\n\t\t<\/div>\n\t<\/div>\n<div class=\"vc_empty_space\" style=\"height: 20px\"><span class=\"vc_empty_space_inner\"><\/span><\/div>\n\t<div class=\"wpb_text_column wpb_content_element vc_custom_1730291014451\">\n\t\t<div class=\"wpb_wrapper\">\n\t\t\t<p>Area Scan Por\u00adtal \u2013 Auto\u00adma\u00adtic Ope\u00adra\u00adti\u00adon teo\u00adstab t\u00e4p\u00adse kon\u00adtu\u00aduri v\u00e4l\u00adja\u00adv\u00f5t\u00adte t\u00e4ies\u00adti auto\u00admaats\u00adelt ja vaid m\u00f5ne minu\u00adti\u00adga. Ase\u00adta\u00adge lihts\u00adalt oma objekt\u00adid por\u00adtaa\u00adli ska\u00adnee\u00adri\u00admi\u00adspin\u00adna\u00adle, see\u00adj\u00e4r\u00adel ska\u00adnee\u00adri\u00adtak\u00adse ala auto\u00admaats\u00adelt \u00fche nupu\u00adva\u00adju\u00adtuse\u00adga ja ska\u00adnee\u00adri\u00adtud pilt eda\u00adsta\u00adtak\u00adse \u00fchen\u00addatud arvutisse.<\/p>\n\n\t\t<\/div>\n\t<\/div>\n<div class=\"vc_btn3-container vc_btn3-center vc_custom_1730294593232 vc_do_btn\"><a class=\"vc_general vc_btn3 vc_btn3-size-lg vc_btn3-shape-rounded vc_btn3-style-modern vc_btn3-color-black\" href=\"https:\/\/contourtrace.com\/area-scan-portal-ct-2da-600x420\/\" title target=\"_blank\">Lisa\u00adte\u00adave Area Scan Por\u00adtal \u2013 auto\u00admaat\u00adne&nbsp;t\u00f6\u00f6&nbsp;\u2026<\/a><\/div><\/div><\/div><\/div><\/div><\/div><\/div><\/div><div class=\"wpb_column vc_column_container vc_col-sm-4\"><div class=\"vc_column-inner\"><div class=\"wpb_wrapper\"><div class=\"vc_row wpb_row vc_inner vc_row-fluid vc_custom_1436373637236\"><div class=\"wpb_column vc_column_container vc_col-sm-12\"><div class=\"vc_column-inner\"><div class=\"wpb_wrapper\"><div class=\"vc_empty_space\" style=\"height: 60px\"><span class=\"vc_empty_space_inner\"><\/span><\/div>\n\t<div class=\"wpb_single_image wpb_content_element vc_align_left wpb_content_element\">\n\t\t\n\t\t<figure class=\"wpb_wrapper vc_figure\">\n\t\t\t<a href=\"https:\/\/contourtrace.com\/area-scan-portal-ct-2dm-600x420\/\" target=\"_blank\" class=\"vc_single_image-wrapper vc_box_shadow  vc_box_border_grey\"><img loading=\"lazy\" decoding=\"async\" width=\"1500\" height=\"1000\" src=\"https:\/\/kuhn-solutions.de\/wp-content\/uploads\/2024\/09\/Area-Scan-Portal-MO.jpg\" class=\"vc_single_image-img attachment-full\" alt title=\"Piirkonna skaneerimisportaal - K\u00e4sitsi t\u00f6\u00f6tamine\" srcset=\"https:\/\/kuhn-solutions.de\/wp-content\/uploads\/2024\/09\/Area-Scan-Portal-MO.jpg 1500w, https:\/\/kuhn-solutions.de\/wp-content\/uploads\/2024\/09\/Area-Scan-Portal-MO-300x200.jpg 300w, https:\/\/kuhn-solutions.de\/wp-content\/uploads\/2024\/09\/Area-Scan-Portal-MO-1024x683.jpg 1024w, https:\/\/kuhn-solutions.de\/wp-content\/uploads\/2024\/09\/Area-Scan-Portal-MO-768x512.jpg 768w, https:\/\/kuhn-solutions.de\/wp-content\/uploads\/2024\/09\/Area-Scan-Portal-MO-18x12.jpg 18w, https:\/\/kuhn-solutions.de\/wp-content\/uploads\/2024\/09\/Area-Scan-Portal-MO-370x247.jpg 370w, https:\/\/kuhn-solutions.de\/wp-content\/uploads\/2024\/09\/Area-Scan-Portal-MO-1200x800.jpg 1200w, https:\/\/kuhn-solutions.de\/wp-content\/uploads\/2024\/09\/Area-Scan-Portal-MO-360x240.jpg 360w\" sizes=\"auto, (max-width: 1500px) 100vw, 1500px\"><\/a>\n\t\t<\/figure>\n\t<\/div>\n<h5 class=\"heading-left  style-1\"><span>Piirkonna skaneerimisportaal \u2013 K\u00e4sitsi t\u00f6\u00f6tamine<\/span><\/h5>\n\t<div class=\"wpb_text_column wpb_content_element\">\n\t\t<div class=\"wpb_wrapper\">\n\t\t\t<p>Ska\u00adnee\u00adri\u00adge oma objek\u00adti, liigut\u00adades kaa\u00adme\u00adrat k\u00e4sit\u00adsi Area Scan Por\u00adtal \u2013 Manu\u00adal Ope\u00adra\u00adti\u00adon&nbsp;abil.<\/p>\n\n\t\t<\/div>\n\t<\/div>\n<div class=\"vc_empty_space\" style=\"height: 20px\"><span class=\"vc_empty_space_inner\"><\/span><\/div>\n\t<div class=\"wpb_text_column wpb_content_element vc_custom_1730291079536\">\n\t\t<div class=\"wpb_wrapper\">\n\t\t\t<p>Pind\u00ada\u00adla ska\u00adnee\u00adri\u00admi\u00adse por\u00adtaal \u2013 K\u00e4sit\u00adsi toim\u00adi\u00admi\u00adne teo\u00adstab t\u00e4p\u00adset kon\u00adtu\u00adur\u00adi\u00adde v\u00e4l\u00adja\u00adv\u00f5t\u00admist kaa\u00adme\u00adra k\u00e4sit\u00adsi liigut\u00adami\u00adse\u00adga. Lihts\u00adalt ase\u00adta\u00adge oma objekt\u00adid por\u00adtaa\u00adli ska\u00adnee\u00adri\u00admi\u00adsa\u00adla\u00adle. Kui see\u00adj\u00e4r\u00adel liigut\u00adate kaa\u00adme\u00adrat k\u00e4sit\u00adsi \u00fcle objek\u00adti, ska\u00adnee\u00adri\u00adtak\u00adse ala ja ska\u00adnee\u00adri\u00adtud pilt eda\u00adsta\u00adtak\u00adse \u00fchen\u00addatud arvutisse.<\/p>\n\n\t\t<\/div>\n\t<\/div>\n<div class=\"vc_btn3-container vc_btn3-center vc_custom_1730294620848 vc_do_btn\"><a class=\"vc_general vc_btn3 vc_btn3-size-lg vc_btn3-shape-rounded vc_btn3-style-modern vc_btn3-color-black\" href=\"https:\/\/contourtrace.com\/area-scan-portal-ct-2dm-600x420\/\" title target=\"_blank\">Lisa\u00adte\u00adave Area Scan por\u00adtaa\u00adli koh\u00adta \u2013 K\u00e4sit\u00adsi t\u00f6\u00f6tamine&nbsp;\u2026<\/a><\/div><\/div><\/div><\/div><\/div><\/div><\/div><\/div><div class=\"wpb_column vc_column_container vc_col-sm-4\"><div class=\"vc_column-inner\"><div class=\"wpb_wrapper\"><div class=\"vc_row wpb_row vc_inner vc_row-fluid vc_custom_1436373637236\"><div class=\"wpb_column vc_column_container vc_col-sm-12\"><div class=\"vc_column-inner\"><div class=\"wpb_wrapper\"><div class=\"vc_empty_space\" style=\"height: 60px\"><span class=\"vc_empty_space_inner\"><\/span><\/div>\n\t<div class=\"wpb_single_image wpb_content_element vc_align_left wpb_content_element\">\n\t\t\n\t\t<figure class=\"wpb_wrapper vc_figure\">\n\t\t\t<a href=\"https:\/\/contourtrace.com\/position-marker-templates\/\" target=\"_blank\" class=\"vc_single_image-wrapper vc_box_shadow  vc_box_border_grey\"><img loading=\"lazy\" decoding=\"async\" width=\"1200\" height=\"800\" src=\"https:\/\/kuhn-solutions.de\/wp-content\/uploads\/2024\/09\/PMT.jpg\" class=\"vc_single_image-img attachment-full\" alt title=\"Positsioonim\u00e4rgistuse mall\" srcset=\"https:\/\/kuhn-solutions.de\/wp-content\/uploads\/2024\/09\/PMT.jpg 1200w, https:\/\/kuhn-solutions.de\/wp-content\/uploads\/2024\/09\/PMT-300x200.jpg 300w, https:\/\/kuhn-solutions.de\/wp-content\/uploads\/2024\/09\/PMT-1024x683.jpg 1024w, https:\/\/kuhn-solutions.de\/wp-content\/uploads\/2024\/09\/PMT-768x512.jpg 768w, https:\/\/kuhn-solutions.de\/wp-content\/uploads\/2024\/09\/PMT-18x12.jpg 18w, https:\/\/kuhn-solutions.de\/wp-content\/uploads\/2024\/09\/PMT-370x247.jpg 370w, https:\/\/kuhn-solutions.de\/wp-content\/uploads\/2024\/09\/PMT-360x240.jpg 360w\" sizes=\"auto, (max-width: 1200px) 100vw, 1200px\"><\/a>\n\t\t<\/figure>\n\t<\/div>\n<h5 class=\"heading-left  style-1\"><span>Positsioonim\u00e4rgistuse mallid piirkonna skaneerimisportaali jaoks<\/span><\/h5>\n\t<div class=\"wpb_text_column wpb_content_element\">\n\t\t<div class=\"wpb_wrapper\">\n\t\t\t<p>Kasu\u00adta\u00adge posit\u00adsiooni\u00adm\u00e4r\u00adgis\u00adtuse mal\u00adle, et saa\u00adda m\u00f5\u00f5t\u00adka\u00adva t\u00e4p\u00adsed kontuurid.<\/p>\n\n\t\t<\/div>\n\t<\/div>\n<div class=\"vc_empty_space\" style=\"height: 20px\"><span class=\"vc_empty_space_inner\"><\/span><\/div>\n\t<div class=\"wpb_text_column wpb_content_element vc_custom_1730291270045\">\n\t\t<div class=\"wpb_wrapper\">\n\t\t\t<p>Lai\u00aden\u00adda\u00adge Area Scan por\u00adtaa\u00adli funk\u00adt\u00adsio\u00adnaal\u00adsust t\u00e4p\u00adse\u00adte asuko\u00adha\u00adm\u00e4r\u00adk\u00adi\u00adde mall\u00adi\u00adde abil. Need mall\u00adid on v\u00e4l\u00adja t\u00f6\u00f6tatud tag\u00adamaks, et ska\u00adnee\u00adri\u00adtud pil\u00addist ekstra\u00adhee\u00adri\u00adtud kon\u00adtu\u00adurid on m\u00f5\u00f5t\u00adka\u00advas. Need tag\u00adavad t\u00f5hu\u00adsa val\u00adgus\u00ad\u00fc\u00adle\u00adkan\u00adde ja kaits\u00adevad teie LED-val\u00adgus\u00adtuspa\u00adnee\u00adli kriimus\u00adtus\u00adte ja l\u00f6\u00f6ki\u00adde&nbsp;eest.<\/p>\n\n\t\t<\/div>\n\t<\/div>\n<div class=\"vc_btn3-container vc_btn3-center vc_custom_1730294639627 vc_do_btn\"><a class=\"vc_general vc_btn3 vc_btn3-size-lg vc_btn3-shape-rounded vc_btn3-style-modern vc_btn3-color-black\" href=\"https:\/\/contourtrace.com\/position-marker-templates\/\" title target=\"_blank\">Lisa\u00adte\u00adave posit\u00adsiooni\u00adm\u00e4r\u00adgis\u00adtuse mall\u00adi\u00adde&nbsp;kohta&nbsp;\u2026<\/a><\/div><\/div><\/div><\/div><\/div><\/div><\/div><\/div><\/div>\n<\/div>","protected":false},"excerpt":{"rendered":"Con\u00adtour\u00adTrace tark\u00adva\u00adra riist\u00adva\u00adra Area Scan Por\u00adtal \u2013 Auto\u00adma\u00adtic Ope\u00adra\u00adti\u00adon Ska\u00adnee\u00adri\u00adge oma objek\u00adte t\u00e4is\u00adau\u00adto\u00admaats\u00adelt Area Scan Por\u00adtal \u2013 Auto\u00adma\u00adtic Ope\u00adra\u00adti\u00adon Area Scan Por\u00adtal \u2013 Auto\u00adma\u00adtic Ope\u00adra\u00adti\u00adon teo\u00adstab t\u00e4p\u00adse kon\u00adtu\u00aduri v\u00e4l\u00adja\u00adv\u00f5t\u00adte t\u00e4is\u00adau\u00adto\u00admaats\u00adelt ja vaid m\u00f5ne minu\u00adti\u00adga. Asetage\u2026","protected":false},"author":9,"featured_media":0,"parent":0,"menu_order":0,"comment_status":"open","ping_status":"open","template":"","meta":{"wp_typography_post_enhancements_disabled":false,"footnotes":""},"class_list":["post-2765","page","type-page","status-publish","hentry"],"_links":{"self":[{"href":"https:\/\/kuhn-solutions.de\/et\/wp-json\/wp\/v2\/pages\/2765","targetHints":{"allow":["GET"]}}],"collection":[{"href":"https:\/\/kuhn-solutions.de\/et\/wp-json\/wp\/v2\/pages"}],"about":[{"href":"https:\/\/kuhn-solutions.de\/et\/wp-json\/wp\/v2\/types\/page"}],"author":[{"embeddable":true,"href":"https:\/\/kuhn-solutions.de\/et\/wp-json\/wp\/v2\/users\/9"}],"replies":[{"embeddable":true,"href":"https:\/\/kuhn-solutions.de\/et\/wp-json\/wp\/v2\/comments?post=2765"}],"version-history":[{"count":5,"href":"https:\/\/kuhn-solutions.de\/et\/wp-json\/wp\/v2\/pages\/2765\/revisions"}],"predecessor-version":[{"id":2794,"href":"https:\/\/kuhn-solutions.de\/et\/wp-json\/wp\/v2\/pages\/2765\/revisions\/2794"}],"wp:attachment":[{"href":"https:\/\/kuhn-solutions.de\/et\/wp-json\/wp\/v2\/media?parent=2765"}],"curies":[{"name":"wp","href":"https:\/\/api.w.org\/{rel}","templated":true}]}}