{"id":1038,"date":"2018-05-08T18:54:42","date_gmt":"2018-05-08T16:54:42","guid":{"rendered":"https:\/\/kuhneng.de\/?page_id=1038"},"modified":"2019-09-07T20:58:41","modified_gmt":"2019-09-07T18:58:41","slug":"produktanimation-rundschalttisch-rse-4","status":"publish","type":"page","link":"https:\/\/kuhn-solutions.de\/et\/produktanimation-rundschalttisch-rse-4\/","title":{"rendered":"Visua\u00adli\u00adse\u00ader\u00adi\u00admi\u00adne RSE\u20114 p\u00f6\u00f6r\u00adle\u00adva indek\u00adsee\u00adri\u00admis\u00adlaua n\u00e4itel"},"content":{"rendered":"<div class=\"wpb-content-wrapper\"><div class=\"vc_row wpb_row vc_row-fluid\"><div class=\"wpb_column vc_column_container vc_col-sm-12\"><div class=\"vc_column-inner\"><div class=\"wpb_wrapper\">\n\t<div class=\"wpb_text_column wpb_content_element\">\n\t\t<div class=\"wpb_wrapper\">\n\t\t\t<p>Sest <a href=\"https:\/\/wagnerautomation.de\/\" target=\"_blank\" rel=\"noopener\">Frie\u00adde\u00admann Wag\u00adner GmbH<\/a>, k\u00e4it\u00adle\u00admis- ja auto\u00adma\u00adtis\u00ade\u00ader\u00adi\u00admi\u00adsteh\u00adni\u00adka vald\u00adkon\u00adna pro\u00adfes\u00adsio\u00adnaal, RSE\u20114 p\u00f6\u00f6r\u00adlev indek\u00adsee\u00adri\u00admis\u00adlaud on visua\u00adli\u00adse\u00ader\u00adi\u00adtud. Pro\u00adjek\u00adtis kes\u00adken\u00addu\u00adtak\u00adse funk\u00adt\u00adsio\u00adnaal\u00adsu\u00adse visuaal\u00adse\u00adle kir\u00adjel\u00addu\u00adse\u00adle, arvu\u00adka\u00adte\u00adle regu\u00adlee\u00adri\u00admis- ja tei\u00adsen\u00addus\u00adv\u00f5i\u00adma\u00adlus\u00adte\u00adle ning too\u00adte kor\u00adrekt\u00adse\u00adle k\u00e4it\u00adle\u00admi\u00adse\u00adle. See pro\u00adjekt n\u00e4i\u00adt\u00adab ani\u00admat\u00adsiooni v\u00f5i\u00adma\u00adlu\u00adsi ja eelis\u00adeid. Ainult ani\u00admat\u00adsiooni\u00adde abil saab kli\u00adent ja kasu\u00adta\u00adja v\u00f5i\u00adma\u00adli\u00adkult l\u00fch\u00adike\u00adse aja jook\u00adsul aru nii funk\u00adt\u00adsioonist kui ka kee\u00adru\u00adlis\u00adtest teh\u00adni\u00adlis\u00adtest faktidest.<\/p>\n\n\t\t<\/div>\n\t<\/div>\n<div class=\"vc_empty_space\" style=\"height: 20px\"><span class=\"vc_empty_space_inner\"><\/span><\/div>\n\t<div class=\"wpb_text_column wpb_content_element\">\n\t\t<div class=\"wpb_wrapper\">\n\t\t\t<h2>Animatsioonid ja vastavad animatsioonide kirjeldused, mis on n\u00e4idetena paigutatud vahekaartidesse:<\/h2>\n\n\t\t<\/div>\n\t<\/div>\n<div class=\"vc_empty_space\" style=\"height: 32px\"><span class=\"vc_empty_space_inner\"><\/span><\/div><div class=\"vc_tta-container\" data-vc-action=\"collapse\"><div class=\"vc_general vc_tta vc_tta-tabs vc_tta-color-grey vc_tta-style-anps_tabs vc_tta-shape-rounded vc_tta-spacing-1 vc_tta-tabs-position-top vc_tta-controls-align-left\"><div class=\"vc_tta-tabs-container\"><ul class=\"vc_tta-tabs-list\" role=\"tablist\"><li class=\"vc_tta-tab vc_active\" data-vc-tab role=\"presentation\"><a href=\"#1525864524961-a1220746-44e3\" data-vc-tabs data-vc-container=\".vc_tta\" role=\"tab\" id=\"tab-1525864524961-a1220746-44e3\"><span class=\"vc_tta-title-text\">3D too\u00adte visualiseerimine<\/span><\/a><\/li><li class=\"vc_tta-tab\" data-vc-tab role=\"presentation\"><a href=\"#1567881284521-97f6b74d-d8ce\" data-vc-tabs data-vc-container=\".vc_tta\" role=\"tab\" id=\"tab-1567881284521-97f6b74d-d8ce\"><span class=\"vc_tta-title-text\">Kui\u00addas see toimib<\/span><\/a><\/li><li class=\"vc_tta-tab\" data-vc-tab role=\"presentation\"><a href=\"#1525879196769-08411511-7778\" data-vc-tabs data-vc-container=\".vc_tta\" role=\"tab\" id=\"tab-1525879196769-08411511-7778\"><span class=\"vc_tta-title-text\">Vasak\u00adpool\u00adne p\u00f6\u00f6rlemine<\/span><\/a><\/li><li class=\"vc_tta-tab\" data-vc-tab role=\"presentation\"><a href=\"#1525879432370-7a78aae8-61a4\" data-vc-tabs data-vc-container=\".vc_tta\" role=\"tab\" id=\"tab-1525879432370-7a78aae8-61a4\"><span class=\"vc_tta-title-text\">Parem\u00adpool\u00adne p\u00f6\u00f6rlemine<\/span><\/a><\/li><li class=\"vc_tta-tab\" data-vc-tab role=\"presentation\"><a href=\"#1536731472028-47be73de-9851\" data-vc-tabs data-vc-container=\".vc_tta\" role=\"tab\" id=\"tab-1536731472028-47be73de-9851\"><span class=\"vc_tta-title-text\">Pend\u00adli t\u00f6\u00f6&nbsp;180<\/span><\/a><\/li><li class=\"vc_tta-tab\" data-vc-tab role=\"presentation\"><a href=\"#1525864525006-ee89c05d-c8c9\" data-vc-tabs data-vc-container=\".vc_tta\" role=\"tab\" id=\"tab-1525864525006-ee89c05d-c8c9\"><span class=\"vc_tta-title-text\">Shut\u00adtle ope\u00adrat\u00adsiooni vaba juhtimine<\/span><\/a><\/li><li class=\"vc_tta-tab\" data-vc-tab role=\"presentation\"><a href=\"#1536731506362-c1952daa-cc11\" data-vc-tabs data-vc-container=\".vc_tta\" role=\"tab\" id=\"tab-1536731506362-c1952daa-cc11\"><span class=\"vc_tta-title-text\">Dros\u00adsel ja p\u00f6\u00f6rlemiskiirus<\/span><\/a><\/li><li class=\"vc_tta-tab\" data-vc-tab role=\"presentation\"><a href=\"#1536731523605-2a0eb15e-9461\" data-vc-tabs data-vc-container=\".vc_tta\" role=\"tab\" id=\"tab-1536731523605-2a0eb15e-9461\"><span class=\"vc_tta-title-text\">Posit\u00adsiooni\u00adtaot\u00adlus<\/span><\/a><\/li><li class=\"vc_tta-tab\" data-vc-tab role=\"presentation\"><a href=\"#1536731540754-fd65c643-010a\" data-vc-tabs data-vc-container=\".vc_tta\" role=\"tab\" id=\"tab-1536731540754-fd65c643-010a\"><span class=\"vc_tta-title-text\">L\u00f6\u00f6\u00adgi\u00adsum\u00admu\u00adti<\/span><\/a><\/li><li class=\"vc_tta-tab\" data-vc-tab role=\"presentation\"><a href=\"#1536731558337-997d9d01-77b5\" data-vc-tabs data-vc-container=\".vc_tta\" role=\"tab\" id=\"tab-1536731558337-997d9d01-77b5\"><span class=\"vc_tta-title-text\">Dami\u00adiri\u00adde regu\u00adlee\u00adri\u00admi\u00adne ja lukustamine<\/span><\/a><\/li><\/ul><\/div><div class=\"vc_tta-panels-container\"><div class=\"vc_tta-panels\"><div class=\"vc_tta-panel vc_active\" id=\"1525864524961-a1220746-44e3\" data-vc-content=\".vc_tta-panel-body\"><div class=\"vc_tta-panel-heading\"><h4 class=\"vc_tta-panel-title\"><a href=\"#1525864524961-a1220746-44e3\" data-vc-accordion data-vc-container=\".vc_tta-container\"><span class=\"vc_tta-title-text\">3D toote visualiseerimine<\/span><\/a><\/h4><\/div><div class=\"vc_tta-panel-body\"><div class=\"video-wrapper\"><\/div><div class=\"vc_empty_space\" style=\"height: 20px\"><span class=\"vc_empty_space_inner\"><\/span><\/div>\n\t<div class=\"wpb_text_column wpb_content_element\">\n\t\t<div class=\"wpb_wrapper\">\n\t\t\t<h2 data-fontsize=\"19\" data-lineheight=\"26\">3D toote visualiseerimine \u2013 p\u00f6\u00f6rlev indekseerimislaud RSE\u20114<\/h2>\n<p>See too\u00adte visua\u00adli\u00adse\u00ader\u00adi\u00admi\u00adne tut\u00advu\u00adstab Frie\u00adde\u00admann Wag\u00adner GmbH RSE\u20114 (ja RSE\u20113) p\u00f6\u00f6r\u00adle\u00advat indek\u00adsee\u00adri\u00admis\u00adlau\u00adda. Olu\u00adli\u00adsi t\u00f6\u00f6\u00adre\u017ei\u00adi\u00adme, funk\u00adt\u00adsio\u00adnaal\u00adsust ning lisa\u00adfunk\u00adt\u00adsioone ja sea\u00addis\u00adtus\u00adv\u00f5i\u00adma\u00adlu\u00adsi tut\u00advusta\u00adtak\u00adse l\u00fch\u00adidalt ja aru\u00adsaa\u00adda\u00advalt. Tei\u00adsed vahe\u00adka\u00adar\u00addid sisal\u00adda\u00advad \u00fcksikuid ani\u00admat\u00adsioone, mis t\u00f5sta\u00advad esi\u00adle ja sel\u00adgi\u00adta\u00advad too\u00adte \u00fcksikuid funk\u00adt\u00adsioone ja omadusi.<\/p>\n\n\t\t<\/div>\n\t<\/div>\n<\/div><\/div><div class=\"vc_tta-panel\" id=\"1567881284521-97f6b74d-d8ce\" data-vc-content=\".vc_tta-panel-body\"><div class=\"vc_tta-panel-heading\"><h4 class=\"vc_tta-panel-title\"><a href=\"#1567881284521-97f6b74d-d8ce\" data-vc-accordion data-vc-container=\".vc_tta-container\"><span class=\"vc_tta-title-text\">Kuidas see toimib<\/span><\/a><\/h4><\/div><div class=\"vc_tta-panel-body\"><div class=\"video-wrapper\"><\/div><div class=\"vc_empty_space\" style=\"height: 20px\"><span class=\"vc_empty_space_inner\"><\/span><\/div>\n\t<div class=\"wpb_text_column wpb_content_element\">\n\t\t<div class=\"wpb_wrapper\">\n\t\t\t<h2 data-fontsize=\"19\" data-lineheight=\"26\">T\u00f6\u00f6re\u017eiim \u2013 p\u00f6\u00f6rlev indekseerimistabel RSE\u20114<\/h2>\n<p>P\u00f6\u00f6r\u00adle\u00adva indek\u00adsee\u00adri\u00admis\u00adlaua RSE\u20114 (ja RSE\u20113) t\u00f6\u00f6\u00adre\u017ei\u00adim. Kui ham\u00adma\u00adste\u00adga ham\u00admas\u00adra\u00adtas (kolb) on sis\u00adse l\u00fcli\u00adtatud, p\u00f6\u00f6r\u00adleb pla\u00adat (s\u00f6\u00f6t\u00admi\u00adne). Line\u00adaar\u00adne lii\u00adkumi\u00adne muun\u00adda\u00adtak\u00adse rotat\u00adsiooniks. L\u00f5p\u00adpa\u00adsen\u00addis l\u00fcli\u00adta\u00adtak\u00adse ajam v\u00e4l\u00adja ja samal ajal indek\u00adsee\u00adri\u00adtak\u00adse tal\u00addrikut t\u00f6\u00f6\u00addel\u00adda\u00adva detaili t\u00f6\u00f6t\u00adle\u00admi\u00adseks (lukustatud p\u00f6\u00f6r\u00adde\u00admo\u00admen\u00addi neeld\u00adu\u00admi\u00adne 100 Nm 2 indeks\u00adpol\u00addi abil). Kui pla\u00adat on lukustatud, liigub ham\u00admas tag\u00adasi l\u00e4h\u00adteasen\u00addis\u00adse. Juht\u00adi\u00admi\u00adne v\u00f5ib see\u00adga toimu\u00adda 5\/2 suuna\u00adven\u00adtii\u00adli&nbsp;kaudu!<\/p>\n\n\t\t<\/div>\n\t<\/div>\n<\/div><\/div><div class=\"vc_tta-panel\" id=\"1525879196769-08411511-7778\" data-vc-content=\".vc_tta-panel-body\"><div class=\"vc_tta-panel-heading\"><h4 class=\"vc_tta-panel-title\"><a href=\"#1525879196769-08411511-7778\" data-vc-accordion data-vc-container=\".vc_tta-container\"><span class=\"vc_tta-title-text\">Vasakpoolne p\u00f6\u00f6rlemine<\/span><\/a><\/h4><\/div><div class=\"vc_tta-panel-body\"><div class=\"video-wrapper\"><\/div><div class=\"vc_empty_space\" style=\"height: 20px\"><span class=\"vc_empty_space_inner\"><\/span><\/div>\n\t<div class=\"wpb_text_column wpb_content_element\">\n\t\t<div class=\"wpb_wrapper\">\n\t\t\t<h2 data-fontsize=\"19\" data-lineheight=\"26\">P\u00f6\u00f6rlemine vastup\u00e4eva \u2013 p\u00f6\u00f6rlev indekseerimislaud RSE\u20114<\/h2>\n<p>Pneu\u00admaa\u00adti\u00adli\u00adne p\u00f6\u00f6r\u00adlev indek\u00adsee\u00adri\u00admis\u00adlaud RSE\u20114. Siin n\u00e4i\u00addatud vastu\u00adp\u00e4e\u00adva p\u00f6\u00f6r\u00adle\u00admi\u00adsel, vaa\u00adda\u00adtuna plaa\u00addi pealt. Kli\u00adent v\u00f5ib muu\u00adta p\u00f6\u00f6r\u00adle\u00admis\u00adsu\u00adun\u00adda. Lisaks sell\u00ade\u00adle on lisa\u00adva\u00adrus\u00adtuse\u00adna saa\u00adda\u00adval pend\u00adli t\u00f6\u00f6ks m\u00f5el\u00addud \u00fcmberehituskomplekt!<\/p>\n\n\t\t<\/div>\n\t<\/div>\n<\/div><\/div><div class=\"vc_tta-panel\" id=\"1525879432370-7a78aae8-61a4\" data-vc-content=\".vc_tta-panel-body\"><div class=\"vc_tta-panel-heading\"><h4 class=\"vc_tta-panel-title\"><a href=\"#1525879432370-7a78aae8-61a4\" data-vc-accordion data-vc-container=\".vc_tta-container\"><span class=\"vc_tta-title-text\">Parempoolne p\u00f6\u00f6rlemine<\/span><\/a><\/h4><\/div><div class=\"vc_tta-panel-body\"><div class=\"video-wrapper\"><\/div><div class=\"vc_empty_space\" style=\"height: 20px\"><span class=\"vc_empty_space_inner\"><\/span><\/div>\n\t<div class=\"wpb_text_column wpb_content_element\">\n\t\t<div class=\"wpb_wrapper\">\n\t\t\t<h2 data-fontsize=\"19\" data-lineheight=\"26\">P\u00f6\u00f6rlemine p\u00e4rip\u00e4eva \u2013 p\u00f6\u00f6rlev indekseerimislaud RSE\u20114<\/h2>\n<p>Pneu\u00admaa\u00adti\u00adli\u00adne p\u00f6\u00f6r\u00adlev indek\u00adsee\u00adri\u00admis\u00adlaud RSE\u20114. Siin n\u00e4i\u00addatud p\u00e4ri\u00adp\u00e4e\u00adva p\u00f6\u00f6r\u00adle\u00admi\u00adses, vaa\u00adda\u00adtuna plaa\u00addi pealt. Kli\u00adent v\u00f5ib muu\u00adta p\u00f6\u00f6r\u00adle\u00admis\u00adsu\u00adun\u00adda. Lisaks sell\u00ade\u00adle on lisa\u00adva\u00adrus\u00adtuse\u00adna saa\u00adda\u00adval pend\u00adli t\u00f6\u00f6ks m\u00f5el\u00addud \u00fcmberehituskomplekt!<\/p>\n\n\t\t<\/div>\n\t<\/div>\n<\/div><\/div><div class=\"vc_tta-panel\" id=\"1536731472028-47be73de-9851\" data-vc-content=\".vc_tta-panel-body\"><div class=\"vc_tta-panel-heading\"><h4 class=\"vc_tta-panel-title\"><a href=\"#1536731472028-47be73de-9851\" data-vc-accordion data-vc-container=\".vc_tta-container\"><span class=\"vc_tta-title-text\">Pendli t\u00f6\u00f6&nbsp;180<\/span><\/a><\/h4><\/div><div class=\"vc_tta-panel-body\"><div class=\"video-wrapper\"><\/div><div class=\"vc_empty_space\" style=\"height: 20px\"><span class=\"vc_empty_space_inner\"><\/span><\/div>\n\t<div class=\"wpb_text_column wpb_content_element\">\n\t\t<div class=\"wpb_wrapper\">\n\t\t\t<h2>Pendli t\u00f6\u00f6 180\u00b0 \u2013 P\u00f6\u00f6rlev indekseerimislaud RSE\u20114<\/h2>\n<p>Ani\u00admat\u00adsio\u00adon pend\u00adli toim\u00adi\u00admi\u00adsest vasakule\/paremale \u2013 180\u00b0. RSE\u20113 ja RSE\u20114 p\u00f6\u00f6rd\u00adl\u00fc\u00adli\u00adti\u00ad\u00fck\u00adsust saab telli\u00adda pend\u00adlil\u00fc\u00adlitina juba teha\u00adses. Alter\u00adna\u00adtii\u00advina on v\u00f5i\u00adma\u00adlik ka hili\u00adsem \u00fcmbe\u00adre\u00adhitus (tar\u00advi\u00adkud, \u00fcmberehituskomplekt).<\/p>\n\n\t\t<\/div>\n\t<\/div>\n<\/div><\/div><div class=\"vc_tta-panel\" id=\"1525864525006-ee89c05d-c8c9\" data-vc-content=\".vc_tta-panel-body\"><div class=\"vc_tta-panel-heading\"><h4 class=\"vc_tta-panel-title\"><a href=\"#1525864525006-ee89c05d-c8c9\" data-vc-accordion data-vc-container=\".vc_tta-container\"><span class=\"vc_tta-title-text\">Shuttle operatsiooni vaba juhtimine<\/span><\/a><\/h4><\/div><div class=\"vc_tta-panel-body\"><div class=\"video-wrapper\"><\/div><div class=\"vc_empty_space\" style=\"height: 20px\"><span class=\"vc_empty_space_inner\"><\/span><\/div>\n\t<div class=\"wpb_text_column wpb_content_element\">\n\t\t<div class=\"wpb_wrapper\">\n\t\t\t<h2>Pendli t\u00f6\u00f6 vaba juhtimine \u2013 P\u00f6\u00f6rlev indekseerimislaud RSE\u20114<\/h2>\n<p>Ani\u00admat\u00adsio\u00adon pend\u00adli toim\u00adi\u00admi\u00adsest vasakule\/paremale \u2013 vaba juht\u00adi\u00admi\u00adne. RSE\u20113 ja RSE\u20114 p\u00f6\u00f6rd\u00adl\u00fc\u00adli\u00adti\u00ad\u00fck\u00adsust saab telli\u00adda pen\u00addel\u00adver\u00adsiooni\u00adna juba teha\u00adsest. Alter\u00adna\u00adtii\u00advina on v\u00f5i\u00adma\u00adlik ka hili\u00adsem \u00fcmbe\u00adre\u00adhitus (tar\u00advi\u00adkud, \u00fcmberehituskomplekt).<\/p>\n\n\t\t<\/div>\n\t<\/div>\n<\/div><\/div><div class=\"vc_tta-panel\" id=\"1536731506362-c1952daa-cc11\" data-vc-content=\".vc_tta-panel-body\"><div class=\"vc_tta-panel-heading\"><h4 class=\"vc_tta-panel-title\"><a href=\"#1536731506362-c1952daa-cc11\" data-vc-accordion data-vc-container=\".vc_tta-container\"><span class=\"vc_tta-title-text\">Drossel ja p\u00f6\u00f6rlemiskiirus<\/span><\/a><\/h4><\/div><div class=\"vc_tta-panel-body\"><div class=\"video-wrapper\"><\/div><div class=\"vc_empty_space\" style=\"height: 20px\"><span class=\"vc_empty_space_inner\"><\/span><\/div>\n\t<div class=\"wpb_text_column wpb_content_element\">\n\t\t<div class=\"wpb_wrapper\">\n\t\t\t<h2>P\u00f6\u00f6rlemiskiiruse reguleerimise gaasipedaal \u2013 p\u00f6\u00f6rlev indekseerimislaud RSE\u20114<\/h2>\n<p>Plaa\u00addi kiiruse suju\u00advaks regu\u00adlee\u00adri\u00admi\u00adseks on p\u00f6\u00f6r\u00adle\u00adva\u00adle indek\u00adsee\u00adri\u00admis\u00adse\u00adad\u00adme\u00adle inte\u00adgre\u00aderi\u00adtud v\u00e4l\u00adja\u00adlas\u00adke\u00f5hu dros\u00adsel ex works. See t\u00e4hend\u00adab, et seda ei pea eral\u00addi ost\u00adma ega \u00fchendama.<\/p>\n\n\t\t<\/div>\n\t<\/div>\n<\/div><\/div><div class=\"vc_tta-panel\" id=\"1536731523605-2a0eb15e-9461\" data-vc-content=\".vc_tta-panel-body\"><div class=\"vc_tta-panel-heading\"><h4 class=\"vc_tta-panel-title\"><a href=\"#1536731523605-2a0eb15e-9461\" data-vc-accordion data-vc-container=\".vc_tta-container\"><span class=\"vc_tta-title-text\">Positsioonitaotlus<\/span><\/a><\/h4><\/div><div class=\"vc_tta-panel-body\"><div class=\"video-wrapper\"><\/div><div class=\"vc_empty_space\" style=\"height: 20px\"><span class=\"vc_empty_space_inner\"><\/span><\/div>\n\t<div class=\"wpb_text_column wpb_content_element\">\n\t\t<div class=\"wpb_wrapper\">\n\t\t\t<h2 class=\"title style-scope ytd-video-primary-info-renderer\">Asenditundlik l\u00e4hedusl\u00fcliti NSS-O\u20116.5 p\u00f6\u00f6rlevas indekseerimislaual RSE\u20114<\/h2>\n<p>Siin n\u00e4i\u00addatud on tuvas\u00adt\u00adami\u00adne l\u00e4he\u00addus\u00adl\u00fc\u00adli\u00adti\u00adte kom\u00adplek\u00adti NSS-O\u20116.5\u2011S-65 abil. Andu\u00adrid on lihts\u00adalt kru\u00advi\u00adtud sis\u00adse man\u00adne\u00adkee\u00adni\u00adde ase\u00admel ja tun\u00adnista\u00advad riiu\u00adli l\u00f5p\u00adpa\u00adsen\u00addit. N\u00e4i\u00adda\u00adtak\u00adse vastu\u00adp\u00e4e\u00adva p\u00f6\u00f6r\u00adle\u00adval lau\u00adal (vaa\u00adda\u00adtes pla\u00ada\u00adti \u00fcle\u00advalt), n\u00e4e\u00adte signaa\u00adli p\u00e4r\u00adast s\u00f6\u00f6t\u00admi\u00adse l\u00f5p\u00adpu (pla\u00adat p\u00f6\u00f6ratud) ja kui ham\u00admas on sis\u00adse t\u00f5m\u00admatud (t\u00e4hend\u00adab: lukustatud).<\/p>\n\n\t\t<\/div>\n\t<\/div>\n<\/div><\/div><div class=\"vc_tta-panel\" id=\"1536731540754-fd65c643-010a\" data-vc-content=\".vc_tta-panel-body\"><div class=\"vc_tta-panel-heading\"><h4 class=\"vc_tta-panel-title\"><a href=\"#1536731540754-fd65c643-010a\" data-vc-accordion data-vc-container=\".vc_tta-container\"><span class=\"vc_tta-title-text\">L\u00f6\u00f6gisummuti<\/span><\/a><\/h4><\/div><div class=\"vc_tta-panel-body\"><div class=\"video-wrapper\"><\/div><div class=\"vc_empty_space\" style=\"height: 20px\"><span class=\"vc_empty_space_inner\"><\/span><\/div>\n\t<div class=\"wpb_text_column wpb_content_element\">\n\t\t<div class=\"wpb_wrapper\">\n\t\t\t<h2 class=\"title style-scope ytd-video-primary-info-renderer\">RSE\u20114 ringikujulise helilaua amortisaator<\/h2>\n<p>Siin on n\u00e4i\u00addatud sum\u00admu\u00adti pai\u00adgal\u00adda\u00admi\u00adse olu\u00adkord, kus laud on vastu\u00adp\u00e4e\u00adva p\u00f6\u00f6ratud (vaa\u00adda\u00adtes pla\u00ada\u00adti \u00fclalt\u00adpoolt). S\u00f5l\u00adtu\u00advalt lii\u00adku\u00adva inert\u00adsi ja koor\u00admu\u00adsest tuleb sum\u00admu\u00adti regu\u00adlee\u00adri\u00adda kas regu\u00adlee\u00adri\u00admis\u00adkru\u00advi abil v\u00f5i vaja\u00addu\u00adse kor\u00adral sum\u00admu\u00adti sis\u00adse- ja v\u00e4l\u00adja\u00adp\u00f6\u00f6\u00adr\u00adami\u00adse\u00adga (efek\u00adtiiv\u00adne&nbsp;hoog).<\/p>\n\n\t\t<\/div>\n\t<\/div>\n<\/div><\/div><div class=\"vc_tta-panel\" id=\"1536731558337-997d9d01-77b5\" data-vc-content=\".vc_tta-panel-body\"><div class=\"vc_tta-panel-heading\"><h4 class=\"vc_tta-panel-title\"><a href=\"#1536731558337-997d9d01-77b5\" data-vc-accordion data-vc-container=\".vc_tta-container\"><span class=\"vc_tta-title-text\">Damiiride reguleerimine ja lukustamine<\/span><\/a><\/h4><\/div><div class=\"vc_tta-panel-body\"><div class=\"video-wrapper\"><\/div><div class=\"vc_empty_space\" style=\"height: 20px\"><span class=\"vc_empty_space_inner\"><\/span><\/div>\n\t<div class=\"wpb_text_column wpb_content_element\">\n\t\t<div class=\"wpb_wrapper\">\n\t\t\t<h2 class=\"title style-scope ytd-video-primary-info-renderer\">Klappide reguleerimine \u00f5igeks lukustamiseks<\/h2>\n<p>Kui p\u00f6\u00f6r\u00adle\u00adva indek\u00adsee\u00adri\u00admis\u00adlaua sum\u00admu\u00adtus ei ole koor\u00admu\u00adse\u00adle \u00f5ige\u00adsti kohand\u00adatud, p\u00f5h\u00adju\u00ads\u00adtab kinee\u00adti\u00adli\u00adne ener\u00adgia sel\u00adle enneaegse pea\u00adtu\u00admi\u00adse v\u00f5i indek\u00adsee\u00adri\u00admi\u00adsa\u00adsen\u00addi \u00fcle\u00adt\u00adami\u00adse. S\u00f5l\u00adtu\u00advalt olu\u00adkor\u00adrast taki\u00adstab v\u00f5i ras\u00adkend\u00adab see plaa\u00addi lukust\u00adamist, kuna kaks pol\u00addi ei saa vab\u00adalt luk\u00adku sattu\u00adda. Kui\u00adgi kooni\u00adli\u00adsed lukus\u00adtus\u00adpol\u00addid v\u00f5i\u00admal\u00adda\u00advad indek\u00adsee\u00adri\u00admist, on see seotud ebap\u00aduh\u00adta lii\u00adkumi\u00adse ja kulu\u00admi\u00adse\u00adga. Tava\u00adli\u00adselt on see v\u00e4i\u00adke regu\u00adlee\u00adri\u00admis\u00advi\u00adga n\u00e4ha, kui pla\u00ada\u00adti t\u00f5m\u00adma\u00adtak\u00adse ette v\u00f5i taha. See\u00adp\u00e4r\u00adast regu\u00adlee\u00adri\u00adge amor\u00adti\u00adsaa\u00adtor ala\u00adti vas\u00adta\u00advalt oma koor\u00admu\u00adse\u00adle (amor\u00adti\u00adsaa\u00adto\u00adri regu\u00adlee\u00adri\u00admis\u00adkru\u00advi v\u00f5i kasu\u00adta\u00adge l\u00f6\u00f6ki, kee\u00adra\u00adtes amor\u00adti\u00adsaa\u00adto\u00adrit sis\u00adse v\u00f5i&nbsp;v\u00e4lja).<\/p>\n\n\t\t<\/div>\n\t<\/div>\n<\/div><\/div><\/div><\/div><\/div><\/div><\/div><\/div><\/div><div class=\"wpb_column vc_column_container vc_col-sm-12\"><div class=\"vc_column-inner\"><div class=\"wpb_wrapper\">\n\t<div class=\"wpb_text_column wpb_content_element\">\n\t\t<div class=\"wpb_wrapper\">\n\t\t\t<p style=\"text-align: center;\">The <a href=\"https:\/\/wagnerautomation.de\" target=\"_blank\" rel=\"noopener\">Frie\u00adde\u00admann Wag\u00adner GmbH<\/a> Suur t\u00e4nu ani\u00admat\u00adsiooni kir\u00adjel\u00addus\u00adte esi\u00adt\u00adami\u00adse&nbsp;eest.<\/p>\n\n\t\t<\/div>\n\t<\/div>\n<div class=\"vc_empty_space\" style=\"height: 32px\"><span class=\"vc_empty_space_inner\"><\/span><\/div><\/div><\/div><\/div><\/div><div data-vc-full-width=\"true\" data-vc-full-width-temp=\"true\" data-vc-full-width-init=\"false\" class=\"vc_row wpb_row vc_row-fluid vc_custom_1496321201384 vc_row-has-fill\"><div class=\"wpb_column vc_column_container vc_col-sm-8\"><div class=\"vc_column-inner\"><div class=\"wpb_wrapper\">\n\t<div class=\"wpb_text_column wpb_content_element vc_custom_1536734877981\">\n\t\t<div class=\"wpb_wrapper\">\n\t\t\t<h3 style=\"text-align: left;\"><span style=\"color: #ffffff;\">Olgu tegemist tooteanimatsioonide, funktsionaalsete animatsioonide, tooteillustratsioonide v\u00f5i pildifilmiga, me toome teie ettev\u00f5ttesse valgust ja liikumist.<\/span><\/h3>\n\n\t\t<\/div>\n\t<\/div>\n<\/div><\/div><\/div><div class=\"wpb_column vc_column_container vc_col-sm-4\"><div class=\"vc_column-inner\"><div class=\"wpb_wrapper\"><a target=\"_self\" href=\"mailto:info@kuhn-solutions.de\" class=\"btn  btn-md style-1\" id=\"custom-id-0\" style>TAOTLUSE ESITAMINE ILMA KOHUSTUSTETA<\/a><\/div><\/div><\/div><\/div><div class=\"vc_row-full-width vc_clearfix\"><\/div>\n<\/div>","protected":false},"excerpt":{"rendered":"RSE\u20114 p\u00f6\u00f6r\u00adle\u00advat indek\u00adsee\u00adri\u00admis\u00adlau\u00adda visua\u00adli\u00adse\u00ader\u00adi\u00adtak\u00adse Frie\u00adde\u00admann Wag\u00adner GmbH jaoks, kes on pro\u00adfes\u00adsio\u00adnaal\u00adne k\u00e4it\u00adle\u00admis- ja auto\u00adma\u00adtis\u00ade\u00ader\u00adi\u00admi\u00adsteh\u00adno\u00adloo\u00adgia vald\u00adkon\u00adnas. Pro\u00adjek\u00adti foo\u00adkus on funk\u00adt\u00adsio\u00adnaal\u00adsu\u00adse visuaal\u00adsel kir\u00adjel\u00adda\u00admi\u00adsel, arvu\u00adka\u00adtel regu\u00adlee\u00adri\u00admis- ja tei\u00adsen\u00addus\u00adv\u00f5i\u00adma\u00adlus\u00adtel ning too\u00adte kor\u00adrekt\u00adsel k\u00e4sitlemisel.\u2026.","protected":false},"author":1,"featured_media":0,"parent":0,"menu_order":0,"comment_status":"open","ping_status":"closed","template":"","meta":{"wp_typography_post_enhancements_disabled":false,"footnotes":""},"class_list":["post-1038","page","type-page","status-publish","hentry"],"_links":{"self":[{"href":"https:\/\/kuhn-solutions.de\/et\/wp-json\/wp\/v2\/pages\/1038","targetHints":{"allow":["GET"]}}],"collection":[{"href":"https:\/\/kuhn-solutions.de\/et\/wp-json\/wp\/v2\/pages"}],"about":[{"href":"https:\/\/kuhn-solutions.de\/et\/wp-json\/wp\/v2\/types\/page"}],"author":[{"embeddable":true,"href":"https:\/\/kuhn-solutions.de\/et\/wp-json\/wp\/v2\/users\/1"}],"replies":[{"embeddable":true,"href":"https:\/\/kuhn-solutions.de\/et\/wp-json\/wp\/v2\/comments?post=1038"}],"version-history":[{"count":70,"href":"https:\/\/kuhn-solutions.de\/et\/wp-json\/wp\/v2\/pages\/1038\/revisions"}],"predecessor-version":[{"id":1798,"href":"https:\/\/kuhn-solutions.de\/et\/wp-json\/wp\/v2\/pages\/1038\/revisions\/1798"}],"wp:attachment":[{"href":"https:\/\/kuhn-solutions.de\/et\/wp-json\/wp\/v2\/media?parent=1038"}],"curies":[{"name":"wp","href":"https:\/\/api.w.org\/{rel}","templated":true}]}}