{"id":709,"date":"2016-10-20T13:39:06","date_gmt":"2016-10-20T13:39:06","guid":{"rendered":"http:\/\/astudio.si\/dummy-content\/constructo-new-1\/?page_id=709"},"modified":"2016-10-20T13:39:06","modified_gmt":"2016-10-20T13:39:06","slug":"full-width-view","status":"publish","type":"page","link":"https:\/\/kuhn-solutions.de\/es\/full-width-view\/","title":{"rendered":"Vis\u00adta a todo lo&nbsp;ancho"},"content":{"rendered":"<div class=\"wpb-content-wrapper\"><div data-vc-full-width=\"true\" data-vc-full-width-temp=\"true\" data-vc-full-width-init=\"false\" data-vc-stretch-content=\"true\" class=\"vc_row wpb_row vc_row-fluid vc_custom_1460981908790 vc_row-no-padding\"><div class=\"wpb_column vc_column_container vc_col-sm-12\"><div class=\"vc_column-inner\"><div class=\"wpb_wrapper\"><ul class=\"filter style-1\"><i style=\"color: #000000;\" class=\"fa fa-filter\"><\/i><li><button style=\"color: #000000;\" data-filter=\"*\">Todo<\/button><\/li><span style=\"color: #000000;\">\/<\/span><li><button style=\"color: #000000;\" data-filter=\"visualisierung\">Visualizaci\u00f3n<\/button><\/li><span style=\"color: #000000;\">\/<\/span><li><button style=\"color: #000000;\" data-filter=\"berechnung\">C\u00e1lculo<\/button><\/li><span style=\"color: #000000;\">\/<\/span><li><button style=\"color: #000000;\" data-filter=\"programmierung\">Programaci\u00f3n<\/button><\/li><span style=\"color: #000000;\">\/<\/span><li><button style=\"color: #000000;\" data-filter=\"entwicklung\">Desarrollo<\/button><\/li><span style=\"color: #000000;\">\/<\/span><li><button style=\"color: #000000;\" data-filter=\"konstruktion\">Construcci\u00f3n<\/button><\/li><\/ul><ul class=\"portfolio isotope classic\"><li class=\"isotope-item programmierung col-xs-6 col-md-3\"><article class=\"inner\"><a class=\"item-hover\" href=\"https:\/\/kuhn-solutions.de\/es\/portfolio\/contourtrace-image-to-dxf-converter\/\"><div class=\"mask\"><\/div><div class=\"item-info\"><div class=\"headline\"><h2>ContourTrace \u2013 Convertidor de im\u00e1genes a&nbsp;DXF<\/h2><\/div><\/div><\/a><div class=\"item-img\"><img loading=\"lazy\" decoding=\"async\" width=\"360\" height=\"267\" src=\"https:\/\/kuhn-solutions.de\/wp-content\/uploads\/2024\/09\/ContourTrace_Start_Screen-360x267.png\" class=\"attachment-post-thumb attachment-post-thumb size-post-thumb wp-post-image\" alt srcset=\"https:\/\/kuhn-solutions.de\/wp-content\/uploads\/2024\/09\/ContourTrace_Start_Screen-360x267.png 360w, https:\/\/kuhn-solutions.de\/wp-content\/uploads\/2024\/09\/ContourTrace_Start_Screen-18x12.png 18w\" sizes=\"auto, (max-width: 360px) 100vw, 360px\"><\/div><\/article><\/li><li class=\"isotope-item  col-xs-6 col-md-3\"><article class=\"inner\"><a class=\"item-hover\" href=\"https:\/\/kuhn-solutions.de\/es\/portfolio\/custom-toolbar-solidworks-add-in\/\"><div class=\"mask\"><\/div><div class=\"item-info\"><div class=\"headline\"><h2>Barra de herramientas personalizada \u2013 Complemento de SOLIDWORKS<\/h2><\/div><\/div><\/a><div class=\"item-img\"><img loading=\"lazy\" decoding=\"async\" width=\"360\" height=\"267\" src=\"https:\/\/kuhn-solutions.de\/wp-content\/uploads\/2019\/05\/Custom-Toolbar-Settings-1738-x-1159-360x267.jpg\" class=\"attachment-post-thumb attachment-post-thumb size-post-thumb wp-post-image\" alt=\"Custom Toolbar Settings \u2013 Rename and customize up to 5 toolbars\"><\/div><\/article><\/li><li class=\"isotope-item  col-xs-6 col-md-3\"><article class=\"inner\"><a class=\"item-hover\" href=\"https:\/\/kuhn-solutions.de\/es\/portfolio\/geodaetische-distanz-algorithmus\/\"><div class=\"mask\"><\/div><div class=\"item-info\"><div class=\"headline\"><h2>Distancia geod\u00e9sica, algoritmo<\/h2><\/div><\/div><\/a><div class=\"item-img\"><img loading=\"lazy\" decoding=\"async\" width=\"360\" height=\"267\" src=\"https:\/\/kuhn-solutions.de\/wp-content\/uploads\/2019\/04\/Geodesic_distanz_bunny_KUHN_ENGINEERING-360x267.jpg\" class=\"attachment-post-thumb attachment-post-thumb size-post-thumb wp-post-image\" alt=\"Geodesic distanz - bunny KUHN SOLUTIONS\"><\/div><\/article><\/li><li class=\"isotope-item entwicklung programmierung col-xs-6 col-md-3\"><article class=\"inner\"><a class=\"item-hover\" href=\"https:\/\/kuhn-solutions.de\/es\/portfolio\/ict-testsystem-softwareentwicklung-inbetriebnahme\/\"><div class=\"mask\"><\/div><div class=\"item-info\"><div class=\"headline\"><h2>Sistema de pruebas de TIC, desarrollo de software y puesta en marcha<\/h2><\/div><\/div><\/a><div class=\"item-img\"><img loading=\"lazy\" decoding=\"async\" width=\"360\" height=\"267\" src=\"https:\/\/kuhn-solutions.de\/wp-content\/uploads\/2019\/03\/Pr\u00fcfstand-Python-360x267.jpg\" class=\"attachment-post-thumb attachment-post-thumb size-post-thumb wp-post-image\" alt=\"ICT-Testsystem - Pr\u00fcfstand Python\"><\/div><\/article><\/li><li class=\"isotope-item visualisierung col-xs-6 col-md-3\"><article class=\"inner\"><a class=\"item-hover\" href=\"https:\/\/kuhn-solutions.de\/es\/portfolio\/produktvisualisierung-greifeinheit-pgm-82\/\"><div class=\"mask\"><\/div><div class=\"item-info\"><div class=\"headline\"><h2>Visualizaci\u00f3n del producto, unidad de agarre PGM-82<\/h2><\/div><\/div><\/a><div class=\"item-img\"><img loading=\"lazy\" decoding=\"async\" width=\"360\" height=\"267\" src=\"https:\/\/kuhn-solutions.de\/wp-content\/uploads\/2019\/03\/PGM-82-Schnittansicht-ISO-Hintergrund-transparent-V02-360x267.jpg\" class=\"attachment-post-thumb attachment-post-thumb size-post-thumb wp-post-image\" alt=\"Greifeinheit PGM-82 - Friedemann Wagner GmbH - Schnitt ISO\"><\/div><\/article><\/li><li class=\"isotope-item  col-xs-6 col-md-3\"><article class=\"inner\"><a class=\"item-hover\" href=\"https:\/\/kuhn-solutions.de\/es\/portfolio\/product-configurator\/\"><div class=\"mask\"><\/div><div class=\"item-info\"><div class=\"headline\"><h2>Mis gafas \u2013 Configurador de productos<\/h2><\/div><\/div><\/a><div class=\"item-img\"><img loading=\"lazy\" decoding=\"async\" width=\"360\" height=\"267\" src=\"https:\/\/kuhn-solutions.de\/wp-content\/uploads\/2014\/12\/Produktkonfigurator-SolidWorks-360x267.jpg\" class=\"attachment-post-thumb attachment-post-thumb size-post-thumb wp-post-image\" alt><\/div><\/article><\/li><li class=\"isotope-item  col-xs-6 col-md-3\"><article class=\"inner\"><a class=\"item-hover\" href=\"https:\/\/kuhn-solutions.de\/es\/portfolio\/pruefstand-erweiterung-sensorik\/\"><div class=\"mask\"><\/div><div class=\"item-info\"><div class=\"headline\"><h2>Banco de pruebas, ampliaci\u00f3n para incluir la tecnolog\u00eda de sensores<\/h2><\/div><\/div><\/a><div class=\"item-img\"><img loading=\"lazy\" decoding=\"async\" width=\"360\" height=\"267\" src=\"https:\/\/kuhn-solutions.de\/wp-content\/uploads\/2018\/09\/DDT-600-inkscape-001-360x267.jpg\" class=\"attachment-post-thumb attachment-post-thumb size-post-thumb wp-post-image\" alt=\"Pr\u00fcfstand DDT-600\"><\/div><\/article><\/li><li class=\"isotope-item visualisierung col-xs-6 col-md-3\"><article class=\"inner\"><a class=\"item-hover\" href=\"https:\/\/kuhn-solutions.de\/es\/portfolio\/produktanimation-rundschalteinheit-rse-4\/\"><div class=\"mask\"><\/div><div class=\"item-info\"><div class=\"headline\"><h2>Animaci\u00f3n del producto, plato divisor RSE\u20114<\/h2><\/div><\/div><\/a><div class=\"item-img\"><img loading=\"lazy\" decoding=\"async\" width=\"360\" height=\"267\" src=\"https:\/\/kuhn-solutions.de\/wp-content\/uploads\/2018\/09\/Rundschalttisch-RSE-4-Friedemann-Wagner-GmbH-360x267.jpg\" class=\"attachment-post-thumb attachment-post-thumb size-post-thumb wp-post-image\" alt=\"Rundschalttisch RSE-4 - Friedemann Wagner GmbH\"><\/div><\/article><\/li><li class=\"isotope-item konstruktion programmierung col-xs-6 col-md-3\"><article class=\"inner\"><a class=\"item-hover\" href=\"https:\/\/kuhn-solutions.de\/es\/portfolio\/schienenfahrzeuge-schwingungstechnik\/\"><div class=\"mask\"><\/div><div class=\"item-info\"><div class=\"headline\"><h2>Veh\u00edculos ferroviarios, tecnolog\u00eda de vibraci\u00f3n<\/h2><\/div><\/div><\/a><div class=\"item-img\"><img loading=\"lazy\" decoding=\"async\" width=\"360\" height=\"267\" src=\"https:\/\/kuhn-solutions.de\/wp-content\/uploads\/2018\/09\/Schienenfahrzeug-Schwingungstechnik-360x267.jpg\" class=\"attachment-post-thumb attachment-post-thumb size-post-thumb wp-post-image\" alt=\"Schienenfahrzeug Schwingungstechnik\"><\/div><\/article><\/li><li class=\"isotope-item berechnung entwicklung konstruktion col-xs-6 col-md-3\"><article class=\"inner\"><a class=\"item-hover\" href=\"https:\/\/kuhn-solutions.de\/es\/portfolio\/pruefstand-modulare-anpresseinheit\/\"><div class=\"mask\"><\/div><div class=\"item-info\"><div class=\"headline\"><h2>Banco de pruebas, unidad de prensado modular<\/h2><\/div><\/div><\/a><div class=\"item-img\"><img loading=\"lazy\" decoding=\"async\" width=\"360\" height=\"267\" src=\"https:\/\/kuhn-solutions.de\/wp-content\/uploads\/2018\/09\/DDT-600-Anpressmodul-Kreis-2-360x267.jpg\" class=\"attachment-post-thumb attachment-post-thumb size-post-thumb wp-post-image\" alt=\"DDT-600 Anpressmodul Kreis 2\"><\/div><\/article><\/li><li class=\"isotope-item  col-xs-6 col-md-3\"><article class=\"inner\"><a class=\"item-hover\" href=\"https:\/\/kuhn-solutions.de\/es\/portfolio\/parametric-packaging\/\"><div class=\"mask\"><\/div><div class=\"item-info\"><div class=\"headline\"><h2>Envasado de productos parametrizados<\/h2><\/div><\/div><\/a><div class=\"item-img\"><img loading=\"lazy\" decoding=\"async\" width=\"360\" height=\"267\" src=\"https:\/\/kuhn-solutions.de\/wp-content\/uploads\/2014\/12\/Parametric-packaging-360x267.jpg\" class=\"attachment-post-thumb attachment-post-thumb size-post-thumb wp-post-image\" alt><\/div><\/article><\/li><li class=\"isotope-item berechnung programmierung col-xs-6 col-md-3\"><article class=\"inner\"><a class=\"item-hover\" href=\"https:\/\/kuhn-solutions.de\/es\/portfolio\/cutting-calculator\/\"><div class=\"mask\"><\/div><div class=\"item-info\"><div class=\"headline\"><h2>Optimizaci\u00f3n de la mezcla, algoritmo simplex<\/h2><\/div><\/div><\/a><div class=\"item-img\"><img loading=\"lazy\" decoding=\"async\" width=\"360\" height=\"267\" src=\"https:\/\/kuhn-solutions.de\/wp-content\/uploads\/2014\/12\/laser-cutting-calculator-360x267.jpg\" class=\"attachment-post-thumb attachment-post-thumb size-post-thumb wp-post-image\" alt><\/div><\/article><\/li><\/ul><div class=\"portfolio-pagination\"><\/div><\/div><\/div><\/div><\/div><div class=\"vc_row-full-width vc_clearfix\"><\/div>\n<\/div>","protected":false},"excerpt":{"rendered":"DESCRIPCI\u00d3N DEL PROYECTO Para redu\u00adcir el desper\u00addi\u00adcio de mate\u00adri\u00adal en el pro\u00adce\u00adso de fabri\u00adca\u00adci\u00f3n, el pro\u00adce\u00adso sim\u00adplex se inte\u00adgra en un sis\u00adte\u00adma exis\u00adten\u00adte. Esto redu\u00adce los cos\u00adtes de mate\u00adri\u00adal y ace\u00adle\u00adra el pro\u00adce\u00adso de fabri\u00adca\u00adci\u00f3n. TIPO DE REA\u00adLI\u00adZA\u00adCI\u00d3N\u00adC\u00e1l\u00adcu\u00adlo\u00adHer\u00adra\u00admi\u00aden\u00adtas de pro\u00adgra\u00admaci\u00f3n uti\u00adlizadas\u00adMat\u00adlab, MathWorks\u00adMi\u00adcro\u00adsoft Office\u00adAL\u00adGO\u00adRIT\u00adMO\u00adAgo\u00adrit\u00admo sim\u00adp\u00adle\u00adCON\u00adSE\u00adJE\u00adRO No espe\u00adci\u00adfi\u00adca\u00addo INDUSTRIA Tec\u00adno\u00adlo\u00adg\u00eda de pro\u00adce\u00adsos y fabricaci\u00f3n","protected":false},"author":1,"featured_media":0,"parent":0,"menu_order":0,"comment_status":"closed","ping_status":"closed","template":"","meta":{"wp_typography_post_enhancements_disabled":false,"footnotes":""},"class_list":["post-709","page","type-page","status-publish","hentry"],"_links":{"self":[{"href":"https:\/\/kuhn-solutions.de\/es\/wp-json\/wp\/v2\/pages\/709","targetHints":{"allow":["GET"]}}],"collection":[{"href":"https:\/\/kuhn-solutions.de\/es\/wp-json\/wp\/v2\/pages"}],"about":[{"href":"https:\/\/kuhn-solutions.de\/es\/wp-json\/wp\/v2\/types\/page"}],"author":[{"embeddable":true,"href":"https:\/\/kuhn-solutions.de\/es\/wp-json\/wp\/v2\/users\/1"}],"replies":[{"embeddable":true,"href":"https:\/\/kuhn-solutions.de\/es\/wp-json\/wp\/v2\/comments?post=709"}],"version-history":[{"count":0,"href":"https:\/\/kuhn-solutions.de\/es\/wp-json\/wp\/v2\/pages\/709\/revisions"}],"wp:attachment":[{"href":"https:\/\/kuhn-solutions.de\/es\/wp-json\/wp\/v2\/media?parent=709"}],"curies":[{"name":"wp","href":"https:\/\/api.w.org\/{rel}","templated":true}]}}