{"id":2765,"date":"2024-09-03T07:49:17","date_gmt":"2024-09-03T05:49:17","guid":{"rendered":"https:\/\/kuhn-solutions.de\/?page_id=2765"},"modified":"2024-10-30T14:24:03","modified_gmt":"2024-10-30T13:24:03","slug":"hardwareproducts","status":"publish","type":"page","link":"https:\/\/kuhn-solutions.de\/es\/hardwareproducts\/","title":{"rendered":"Nues\u00adtro hardware"},"content":{"rendered":"<div class=\"wpb-content-wrapper\"><div class=\"vc_row wpb_row vc_row-fluid\"><div class=\"wpb_column vc_column_container vc_col-sm-12\"><div class=\"vc_column-inner\"><div class=\"wpb_wrapper\"><div class=\"vc_separator wpb_content_element vc_separator_align_center vc_sep_width_100 vc_sep_border_width_2 vc_sep_pos_align_center vc_separator_no_text vc_sep_color_grey wpb_content_element  wpb_content_element\"><span class=\"vc_sep_holder vc_sep_holder_l\"><span class=\"vc_sep_line\"><\/span><\/span><span class=\"vc_sep_holder vc_sep_holder_r\"><span class=\"vc_sep_line\"><\/span><\/span>\n<\/div><h3 class=\"heading-left  style-1\"><span>Hardware para el software ContourTrace<\/span><\/h3><\/div><\/div><\/div><div class=\"wpb_column vc_column_container vc_col-sm-4\"><div class=\"vc_column-inner\"><div class=\"wpb_wrapper\"><div class=\"vc_row wpb_row vc_inner vc_row-fluid vc_custom_1436373637236\"><div class=\"wpb_column vc_column_container vc_col-sm-12\"><div class=\"vc_column-inner\"><div class=\"wpb_wrapper\"><div class=\"vc_empty_space\" style=\"height: 60px\"><span class=\"vc_empty_space_inner\"><\/span><\/div>\n\t<div class=\"wpb_single_image wpb_content_element vc_align_left wpb_content_element\">\n\t\t\n\t\t<figure class=\"wpb_wrapper vc_figure\">\n\t\t\t<a href=\"https:\/\/contourtrace.com\/area-scan-portal-ct-2da-600x420\/\" target=\"_blank\" class=\"vc_single_image-wrapper vc_box_shadow  vc_box_border_grey\"><img loading=\"lazy\" decoding=\"async\" width=\"1500\" height=\"1000\" src=\"https:\/\/kuhn-solutions.de\/wp-content\/uploads\/2024\/09\/ASP-AO.jpg\" class=\"vc_single_image-img attachment-full\" alt title=\"Portal de exploraci\u00f3n de \u00e1rea - Funcionamiento autom\u00e1tico\" srcset=\"https:\/\/kuhn-solutions.de\/wp-content\/uploads\/2024\/09\/ASP-AO.jpg 1500w, https:\/\/kuhn-solutions.de\/wp-content\/uploads\/2024\/09\/ASP-AO-300x200.jpg 300w, https:\/\/kuhn-solutions.de\/wp-content\/uploads\/2024\/09\/ASP-AO-1024x683.jpg 1024w, https:\/\/kuhn-solutions.de\/wp-content\/uploads\/2024\/09\/ASP-AO-768x512.jpg 768w, https:\/\/kuhn-solutions.de\/wp-content\/uploads\/2024\/09\/ASP-AO-18x12.jpg 18w, https:\/\/kuhn-solutions.de\/wp-content\/uploads\/2024\/09\/ASP-AO-370x247.jpg 370w, https:\/\/kuhn-solutions.de\/wp-content\/uploads\/2024\/09\/ASP-AO-1200x800.jpg 1200w, https:\/\/kuhn-solutions.de\/wp-content\/uploads\/2024\/09\/ASP-AO-360x240.jpg 360w\" sizes=\"auto, (max-width: 1500px) 100vw, 1500px\"><\/a>\n\t\t<\/figure>\n\t<\/div>\n<h5 class=\"heading-left  style-1\"><span>Portal de exploraci\u00f3n de \u00e1rea \u2013 Funcionamiento autom\u00e1tico<\/span><\/h5>\n\t<div class=\"wpb_text_column wpb_content_element\">\n\t\t<div class=\"wpb_wrapper\">\n\t\t\t<p>Esca\u00adnee sus obje\u00adtos de for\u00adma total\u00admen\u00adte autom\u00e1\u00adti\u00adca con Area Scan Por\u00adtal \u2013 Fun\u00adcio\u00adna\u00admi\u00aden\u00adto autom\u00e1tico<\/p>\n\n\t\t<\/div>\n\t<\/div>\n<div class=\"vc_empty_space\" style=\"height: 20px\"><span class=\"vc_empty_space_inner\"><\/span><\/div>\n\t<div class=\"wpb_text_column wpb_content_element vc_custom_1730291014451\">\n\t\t<div class=\"wpb_wrapper\">\n\t\t\t<p>El Por\u00adtal de Esca\u00adne\u00ada\u00addo de \u00c1re\u00adas \u2013 Fun\u00adcio\u00adna\u00admi\u00aden\u00adto Autom\u00e1\u00adti\u00adco rea\u00adli\u00adza una pre\u00adcisa extra\u00adc\u00adci\u00f3n de con\u00adtor\u00adnos de for\u00adma total\u00admen\u00adte autom\u00e1\u00adti\u00adca y en s\u00f3lo unos minu\u00adtos. Bas\u00adta con colo\u00adcar los obje\u00adtos sob\u00adre la super\u00adfi\u00adcie de esca\u00adne\u00ada\u00addo del por\u00adtal; a con\u00adti\u00adnu\u00adaci\u00f3n, el \u00e1rea se esca\u00adnea autom\u00e1\u00adti\u00adca\u00admen\u00adte con s\u00f3lo pul\u00adsar un bot\u00f3n y la ima\u00adgen esca\u00adnea\u00adda se trans\u00adfie\u00adre al PC conectado.<\/p>\n\n\t\t<\/div>\n\t<\/div>\n<div class=\"vc_btn3-container vc_btn3-center vc_custom_1730294593232 vc_do_btn\"><a class=\"vc_general vc_btn3 vc_btn3-size-lg vc_btn3-shape-rounded vc_btn3-style-modern vc_btn3-color-black\" href=\"https:\/\/contourtrace.com\/area-scan-portal-ct-2da-600x420\/\" title target=\"_blank\">M\u00e1s infor\u00admaci\u00f3n sob\u00adre Area Scan Por\u00adtal \u2013 Fun\u00adcio\u00adna\u00admi\u00aden\u00adto autom\u00e1tico&nbsp;\u2026<\/a><\/div><\/div><\/div><\/div><\/div><\/div><\/div><\/div><div class=\"wpb_column vc_column_container vc_col-sm-4\"><div class=\"vc_column-inner\"><div class=\"wpb_wrapper\"><div class=\"vc_row wpb_row vc_inner vc_row-fluid vc_custom_1436373637236\"><div class=\"wpb_column vc_column_container vc_col-sm-12\"><div class=\"vc_column-inner\"><div class=\"wpb_wrapper\"><div class=\"vc_empty_space\" style=\"height: 60px\"><span class=\"vc_empty_space_inner\"><\/span><\/div>\n\t<div class=\"wpb_single_image wpb_content_element vc_align_left wpb_content_element\">\n\t\t\n\t\t<figure class=\"wpb_wrapper vc_figure\">\n\t\t\t<a href=\"https:\/\/contourtrace.com\/area-scan-portal-ct-2dm-600x420\/\" target=\"_blank\" class=\"vc_single_image-wrapper vc_box_shadow  vc_box_border_grey\"><img loading=\"lazy\" decoding=\"async\" width=\"1500\" height=\"1000\" src=\"https:\/\/kuhn-solutions.de\/wp-content\/uploads\/2024\/09\/Area-Scan-Portal-MO.jpg\" class=\"vc_single_image-img attachment-full\" alt title=\"Portal de exploraci\u00f3n de \u00e1rea - Funcionamiento manual\" srcset=\"https:\/\/kuhn-solutions.de\/wp-content\/uploads\/2024\/09\/Area-Scan-Portal-MO.jpg 1500w, https:\/\/kuhn-solutions.de\/wp-content\/uploads\/2024\/09\/Area-Scan-Portal-MO-300x200.jpg 300w, https:\/\/kuhn-solutions.de\/wp-content\/uploads\/2024\/09\/Area-Scan-Portal-MO-1024x683.jpg 1024w, https:\/\/kuhn-solutions.de\/wp-content\/uploads\/2024\/09\/Area-Scan-Portal-MO-768x512.jpg 768w, https:\/\/kuhn-solutions.de\/wp-content\/uploads\/2024\/09\/Area-Scan-Portal-MO-18x12.jpg 18w, https:\/\/kuhn-solutions.de\/wp-content\/uploads\/2024\/09\/Area-Scan-Portal-MO-370x247.jpg 370w, https:\/\/kuhn-solutions.de\/wp-content\/uploads\/2024\/09\/Area-Scan-Portal-MO-1200x800.jpg 1200w, https:\/\/kuhn-solutions.de\/wp-content\/uploads\/2024\/09\/Area-Scan-Portal-MO-360x240.jpg 360w\" sizes=\"auto, (max-width: 1500px) 100vw, 1500px\"><\/a>\n\t\t<\/figure>\n\t<\/div>\n<h5 class=\"heading-left  style-1\"><span>Portal de exploraci\u00f3n de \u00e1rea \u2013 Funcionamiento manual<\/span><\/h5>\n\t<div class=\"wpb_text_column wpb_content_element\">\n\t\t<div class=\"wpb_wrapper\">\n\t\t\t<p>Esca\u00adnee su obje\u00adto movi\u00aden\u00addo manu\u00adal\u00admen\u00adte la c\u00e1ma\u00adra con el Por\u00adtal de Esca\u00adne\u00ada\u00addo de \u00c1rea \u2013 Fun\u00adcio\u00adna\u00admi\u00aden\u00adto Manual<\/p>\n\n\t\t<\/div>\n\t<\/div>\n<div class=\"vc_empty_space\" style=\"height: 20px\"><span class=\"vc_empty_space_inner\"><\/span><\/div>\n\t<div class=\"wpb_text_column wpb_content_element vc_custom_1730291079536\">\n\t\t<div class=\"wpb_wrapper\">\n\t\t\t<p>El por\u00adtal de explo\u00adra\u00adci\u00f3n de \u00e1rea \u2013 Fun\u00adcio\u00adna\u00admi\u00aden\u00adto manu\u00adal rea\u00adli\u00adza una extra\u00adc\u00adci\u00f3n pre\u00adcisa de con\u00adtor\u00adnos con movi\u00admi\u00aden\u00adto manu\u00adal de la c\u00e1ma\u00adra. Bas\u00adta con colo\u00adcar los obje\u00adtos en el \u00e1rea de explo\u00adra\u00adci\u00f3n del por\u00adtal. A con\u00adti\u00adnu\u00adaci\u00f3n, mue\u00adva la c\u00e1ma\u00adra manu\u00adal\u00admen\u00adte sob\u00adre el obje\u00adto, el \u00e1rea se esca\u00adne\u00adar\u00e1 y la ima\u00adgen esca\u00adnea\u00adda se trans\u00adfer\u00adir\u00e1 al PC conectado.<\/p>\n\n\t\t<\/div>\n\t<\/div>\n<div class=\"vc_btn3-container vc_btn3-center vc_custom_1730294620848 vc_do_btn\"><a class=\"vc_general vc_btn3 vc_btn3-size-lg vc_btn3-shape-rounded vc_btn3-style-modern vc_btn3-color-black\" href=\"https:\/\/contourtrace.com\/area-scan-portal-ct-2dm-600x420\/\" title target=\"_blank\">M\u00e1s infor\u00admaci\u00f3n sob\u00adre el por\u00adtal de explo\u00adra\u00adci\u00f3n de \u00e1rea \u2013 Fun\u00adcio\u00adna\u00admi\u00aden\u00adto manual&nbsp;\u2026<\/a><\/div><\/div><\/div><\/div><\/div><\/div><\/div><\/div><div class=\"wpb_column vc_column_container vc_col-sm-4\"><div class=\"vc_column-inner\"><div class=\"wpb_wrapper\"><div class=\"vc_row wpb_row vc_inner vc_row-fluid vc_custom_1436373637236\"><div class=\"wpb_column vc_column_container vc_col-sm-12\"><div class=\"vc_column-inner\"><div class=\"wpb_wrapper\"><div class=\"vc_empty_space\" style=\"height: 60px\"><span class=\"vc_empty_space_inner\"><\/span><\/div>\n\t<div class=\"wpb_single_image wpb_content_element vc_align_left wpb_content_element\">\n\t\t\n\t\t<figure class=\"wpb_wrapper vc_figure\">\n\t\t\t<a href=\"https:\/\/contourtrace.com\/position-marker-templates\/\" target=\"_blank\" class=\"vc_single_image-wrapper vc_box_shadow  vc_box_border_grey\"><img loading=\"lazy\" decoding=\"async\" width=\"1200\" height=\"800\" src=\"https:\/\/kuhn-solutions.de\/wp-content\/uploads\/2024\/09\/PMT.jpg\" class=\"vc_single_image-img attachment-full\" alt title=\"Plantilla de marcadores de posici\u00f3n\" srcset=\"https:\/\/kuhn-solutions.de\/wp-content\/uploads\/2024\/09\/PMT.jpg 1200w, https:\/\/kuhn-solutions.de\/wp-content\/uploads\/2024\/09\/PMT-300x200.jpg 300w, https:\/\/kuhn-solutions.de\/wp-content\/uploads\/2024\/09\/PMT-1024x683.jpg 1024w, https:\/\/kuhn-solutions.de\/wp-content\/uploads\/2024\/09\/PMT-768x512.jpg 768w, https:\/\/kuhn-solutions.de\/wp-content\/uploads\/2024\/09\/PMT-18x12.jpg 18w, https:\/\/kuhn-solutions.de\/wp-content\/uploads\/2024\/09\/PMT-370x247.jpg 370w, https:\/\/kuhn-solutions.de\/wp-content\/uploads\/2024\/09\/PMT-360x240.jpg 360w\" sizes=\"auto, (max-width: 1200px) 100vw, 1200px\"><\/a>\n\t\t<\/figure>\n\t<\/div>\n<h5 class=\"heading-left  style-1\"><span>Plantillas de marcadores de posici\u00f3n para el portal de exploraci\u00f3n de&nbsp;\u00e1rea<\/span><\/h5>\n\t<div class=\"wpb_text_column wpb_content_element\">\n\t\t<div class=\"wpb_wrapper\">\n\t\t\t<p>Uti\u00adli\u00adce las plan\u00adtil\u00adlas de mar\u00adca\u00addo\u00adres de posi\u00adci\u00f3n para obte\u00adner con\u00adtor\u00adnos a esca\u00adla&nbsp;real<\/p>\n\n\t\t<\/div>\n\t<\/div>\n<div class=\"vc_empty_space\" style=\"height: 20px\"><span class=\"vc_empty_space_inner\"><\/span><\/div>\n\t<div class=\"wpb_text_column wpb_content_element vc_custom_1730291270045\">\n\t\t<div class=\"wpb_wrapper\">\n\t\t\t<p>Ampl\u00ede la fun\u00adcio\u00adnal\u00adidad del por\u00adtal de explo\u00adra\u00adci\u00f3n de \u00e1re\u00adas con plan\u00adtil\u00adlas de mar\u00adca\u00addo\u00adres de posi\u00adci\u00f3n pre\u00adcis\u00ados. Estas plan\u00adtil\u00adlas se han des\u00adar\u00adrol\u00adla\u00addo para garan\u00adti\u00adzar que los con\u00adtor\u00adnos extra\u00ed\u00addos de la ima\u00adgen esca\u00adnea\u00adda sean fie\u00adles a la esca\u00adla. Garan\u00adtizan una trans\u00adfe\u00adren\u00adcia de luz efi\u00adci\u00aden\u00adte y pro\u00adte\u00adgen su panel de luz LED de ara\u00ad\u00f1a\u00adzos y golpes.<\/p>\n\n\t\t<\/div>\n\t<\/div>\n<div class=\"vc_btn3-container vc_btn3-center vc_custom_1730294639627 vc_do_btn\"><a class=\"vc_general vc_btn3 vc_btn3-size-lg vc_btn3-shape-rounded vc_btn3-style-modern vc_btn3-color-black\" href=\"https:\/\/contourtrace.com\/position-marker-templates\/\" title target=\"_blank\">M\u00e1s infor\u00admaci\u00f3n sob\u00adre las plan\u00adtil\u00adlas de mar\u00adca\u00addo\u00adres de posici\u00f3n&nbsp;\u2026<\/a><\/div><\/div><\/div><\/div><\/div><\/div><\/div><\/div><\/div>\n<\/div>","protected":false},"excerpt":{"rendered":"Hard\u00adware para el soft\u00adware Con\u00adtour\u00adTrace Area Scan Por\u00adtal \u2013 Fun\u00adcio\u00adna\u00admi\u00aden\u00adto autom\u00e1\u00adti\u00adco Esca\u00adnee sus obje\u00adtos de for\u00adma total\u00admen\u00adte autom\u00e1\u00adti\u00adca con Area Scan Por\u00adtal \u2013 Fun\u00adcio\u00adna\u00admi\u00aden\u00adto autom\u00e1\u00adti\u00adco Area Scan Por\u00adtal \u2013 Fun\u00adcio\u00adna\u00admi\u00aden\u00adto autom\u00e1\u00adti\u00adco rea\u00adli\u00adza una extra\u00adc\u00adci\u00f3n pre\u00adcisa de con\u00adtor\u00adnos de for\u00adma total\u00admen\u00adte autom\u00e1\u00adti\u00adca y en s\u00f3lo unos minu\u00adtos. Coloque\u2026","protected":false},"author":9,"featured_media":0,"parent":0,"menu_order":0,"comment_status":"open","ping_status":"open","template":"","meta":{"wp_typography_post_enhancements_disabled":false,"footnotes":""},"class_list":["post-2765","page","type-page","status-publish","hentry"],"_links":{"self":[{"href":"https:\/\/kuhn-solutions.de\/es\/wp-json\/wp\/v2\/pages\/2765","targetHints":{"allow":["GET"]}}],"collection":[{"href":"https:\/\/kuhn-solutions.de\/es\/wp-json\/wp\/v2\/pages"}],"about":[{"href":"https:\/\/kuhn-solutions.de\/es\/wp-json\/wp\/v2\/types\/page"}],"author":[{"embeddable":true,"href":"https:\/\/kuhn-solutions.de\/es\/wp-json\/wp\/v2\/users\/9"}],"replies":[{"embeddable":true,"href":"https:\/\/kuhn-solutions.de\/es\/wp-json\/wp\/v2\/comments?post=2765"}],"version-history":[{"count":5,"href":"https:\/\/kuhn-solutions.de\/es\/wp-json\/wp\/v2\/pages\/2765\/revisions"}],"predecessor-version":[{"id":2794,"href":"https:\/\/kuhn-solutions.de\/es\/wp-json\/wp\/v2\/pages\/2765\/revisions\/2794"}],"wp:attachment":[{"href":"https:\/\/kuhn-solutions.de\/es\/wp-json\/wp\/v2\/media?parent=2765"}],"curies":[{"name":"wp","href":"https:\/\/api.w.org\/{rel}","templated":true}]}}