{"id":949,"date":"2018-03-23T09:28:57","date_gmt":"2018-03-23T08:28:57","guid":{"rendered":"https:\/\/kuhneng.de\/?page_id=949"},"modified":"2019-08-14T09:53:14","modified_gmt":"2019-08-14T07:53:14","slug":"custom-toolbar-for-solidworks","status":"publish","type":"page","link":"https:\/\/kuhn-solutions.de\/da\/custom-toolbar-for-solidworks\/","title":{"rendered":"BRUGERDEFINERET V\u00c6RKT\u00d8JSLINJE TIL SOLIDWORKS \u2013 GRATIS"},"content":{"rendered":"<div class=\"wpb-content-wrapper\"><div data-vc-full-width=\"true\" data-vc-full-width-temp=\"true\" data-vc-full-width-init=\"false\" class=\"vc_row wpb_row vc_row-fluid vc_custom_1496321201384 vc_row-has-fill\"><div class=\"wpb_column vc_column_container vc_col-sm-12\"><div class=\"vc_column-inner\"><div class=\"wpb_wrapper\"><h1 class='heading-middle  divider-modern' ><span>\u00dcber Custom Toolbar<\/span><\/h1><\/div><\/div><\/div><\/div><div class=\"vc_row-full-width vc_clearfix\"><\/div><div class=\"vc_row wpb_row vc_row-fluid vc_custom_1565768057216\"><div class=\"wpb_column vc_column_container vc_col-sm-6\"><div class=\"vc_column-inner\"><div class=\"wpb_wrapper\"><h5 class='heading-content  style-1' ><span>EIGENE SOLIDWORKS SYMBOLLEISTE<em class=\"heading-subtitle\">SOLIDWORKS ALLGEMEIN<\/em><\/span><\/h5>\n\t<div class=\"wpb_text_column wpb_content_element\" >\n\t\t<div class=\"wpb_wrapper\">\n\t\t\t<p>Custom Toolbar ist ein kostenloses Add-In f\u00fcr SOLIDWORKS CAD. Es erg\u00e4nzt die SOLIDWORKS Anwenderumgebung um bis zu 5 zus\u00e4tzlichen Symbolleisten. Diese Symbolleisten k\u00f6nnen, wie auch alle anderen SOLIDWORKS Symbolleisten, frei angepasst werden. Somit k\u00f6nnen Standard Befehle von SOLIDWORKS sowie auch Makroschaltfl\u00e4chen in diesen Symbolleisten untergebracht werden.<\/p>\n\n\t\t<\/div>\n\t<\/div>\n<\/div><\/div><\/div><div class=\"wpb_column vc_column_container vc_col-sm-6\"><div class=\"vc_column-inner\"><div class=\"wpb_wrapper\">\n\t<div  class=\"wpb_single_image wpb_content_element vc_align_left wpb_content_element vc_custom_1565768095427\">\n\t\t\n\t\t<figure class=\"wpb_wrapper vc_figure\">\n\t\t\t<div class=\"vc_single_image-wrapper   vc_box_border_grey\"><img loading=\"lazy\" decoding=\"async\" width=\"700\" height=\"350\" src=\"https:\/\/kuhn-solutions.de\/wp-content\/uploads\/2018\/03\/Custom-Toolbar-SolidWorks-GIF.gif\" class=\"vc_single_image-img attachment-full\" alt=\"\" title=\"Custom Toolbar - SolidWorks GIF\" \/><\/div>\n\t\t<\/figure>\n\t<\/div>\n<\/div><\/div><\/div><\/div><div class=\"vc_row wpb_row vc_row-fluid\"><div class=\"wpb_column vc_column_container vc_col-sm-12\"><div class=\"vc_column-inner\"><div class=\"wpb_wrapper\">\n\t<div  class=\"wpb_single_image wpb_content_element vc_align_left wpb_content_element\">\n\t\t<h2 class=\"wpb_heading wpb_singleimage_heading\">Custom Toolbar Einstellungen - Umbenennen und Anpassen von bis zu 5 Symbolleisten<\/h2>\n\t\t<figure class=\"wpb_wrapper vc_figure\">\n\t\t\t<a class=\"\" data-lightbox=\"lightbox[rel-949-3545213185]\" href=\"https:\/\/kuhn-solutions.de\/wp-content\/uploads\/2019\/05\/Custom-Toolbar-Settings-03-1024x636.jpg\" target=\"_self\" class=\"vc_single_image-wrapper   vc_box_border_grey\"><img loading=\"lazy\" decoding=\"async\" width=\"1738\" height=\"1080\" src=\"https:\/\/kuhn-solutions.de\/wp-content\/uploads\/2019\/05\/Custom-Toolbar-Settings-03.jpg\" class=\"vc_single_image-img attachment-full\" alt=\"Custom Toolbar Settings \u2013 Rename and customize up to 5 toolbars\" title=\"Custom Toolbar Settings\" srcset=\"https:\/\/kuhn-solutions.de\/wp-content\/uploads\/2019\/05\/Custom-Toolbar-Settings-03.jpg 1738w, https:\/\/kuhn-solutions.de\/wp-content\/uploads\/2019\/05\/Custom-Toolbar-Settings-03-300x186.jpg 300w, https:\/\/kuhn-solutions.de\/wp-content\/uploads\/2019\/05\/Custom-Toolbar-Settings-03-768x477.jpg 768w, https:\/\/kuhn-solutions.de\/wp-content\/uploads\/2019\/05\/Custom-Toolbar-Settings-03-1024x636.jpg 1024w, https:\/\/kuhn-solutions.de\/wp-content\/uploads\/2019\/05\/Custom-Toolbar-Settings-03-370x230.jpg 370w, https:\/\/kuhn-solutions.de\/wp-content\/uploads\/2019\/05\/Custom-Toolbar-Settings-03-1200x746.jpg 1200w, https:\/\/kuhn-solutions.de\/wp-content\/uploads\/2019\/05\/Custom-Toolbar-Settings-03-360x224.jpg 360w, https:\/\/kuhn-solutions.de\/wp-content\/uploads\/2019\/05\/Custom-Toolbar-Settings-03-600x373.jpg 600w\" sizes=\"auto, (max-width: 1738px) 100vw, 1738px\" \/><\/a>\n\t\t<\/figure>\n\t<\/div>\n<\/div><\/div><\/div><\/div><div data-vc-full-width=\"true\" data-vc-full-width-temp=\"true\" data-vc-full-width-init=\"false\" class=\"vc_row wpb_row vc_row-fluid vc_custom_1496321201384 vc_row-has-fill\"><div class=\"wpb_column vc_column_container vc_col-sm-12\"><div class=\"vc_column-inner\"><div class=\"wpb_wrapper\"><h1 class='heading-middle  divider-modern' ><span>Download<\/span><\/h1><\/div><\/div><\/div><\/div><div class=\"vc_row-full-width vc_clearfix\"><\/div><div class=\"vc_row wpb_row vc_row-fluid vc_custom_1565768314930\"><div class=\"wpb_column vc_column_container vc_col-sm-12\"><div class=\"vc_column-inner\"><div class=\"wpb_wrapper\"><h5 class='heading-left  divider-modern' ><span>Jetzt kostenlos herunterladen &#8211; F\u00fcr SOLIDWORKS 2016 und h\u00f6her (64-Bit)<\/span><\/h5>\n\t<div class=\"wpb_text_column wpb_content_element\" >\n\t\t<div class=\"wpb_wrapper\">\n\t\t\t<a  data-e-Disable-Page-Transition=\"true\" class=\"download-link\" title=\"\" href=\"https:\/\/kuhn-solutions.de\/da\/download\/984\/?tmstv=1776168548\" rel=\"nofollow\" id=\"download-link-984\" data-redirect=\"false\" >\n\tCustom Toolbar V1.1 - Installer (.msi)\t(9603 downloads\t)\n<\/a>\n\n\n\t\t<\/div>\n\t<\/div>\n<\/div><\/div><\/div><\/div><div data-vc-full-width=\"true\" data-vc-full-width-temp=\"true\" data-vc-full-width-init=\"false\" class=\"vc_row wpb_row vc_row-fluid vc_custom_1496321201384 vc_row-has-fill\"><div class=\"wpb_column vc_column_container vc_col-sm-12\"><div class=\"vc_column-inner\"><div class=\"wpb_wrapper\"><div class=\"vc_btn3-container vc_btn3-center vc_do_btn\" ><a class=\"vc_general vc_btn3 vc_btn3-size-lg vc_btn3-shape-rounded vc_btn3-style-modern vc_btn3-color-black\" href=\"mailto:info@kuhn-solutions.de?subject=Custom%20Toolbar-%20Questions%20\/%20Fragen\" title=\"\">Haben Sie Fragen?<\/a><\/div>\n\t<div class=\"wpb_text_column wpb_content_element\" >\n\t\t<div class=\"wpb_wrapper\">\n\t\t\t<h3 style=\"text-align: center;\"><span style=\"color: #ffffff;\">Kontaktieren Sie uns um weitere Informationen zu erhalten.<\/span><\/h3>\n\n\t\t<\/div>\n\t<\/div>\n<\/div><\/div><\/div><\/div><div class=\"vc_row-full-width vc_clearfix\"><\/div>\n<\/div>","protected":false},"excerpt":{"rendered":"Om Cus\u00adtom Tool\u00adbar\u00adCus\u00adtom SOLIDWORKS SYMBOLLEISTSOLIDWORKS GENERAL Cus\u00adtom Tool\u00adbar er et gra\u00adtis til\u00adf\u00f8\u00adjel\u00adses\u00adpro\u00adgram til SOLIDWORKS CAD. Det til\u00adf\u00f8\u00adjer op til 5 eks\u00adtra v\u00e6rk\u00adt\u00f8\u00adjslin\u00adjer til SOLID\u00adWORKS-bru\u00adger\u00admil\u00adj\u00f8et. Dis\u00adse v\u00e6rk\u00adt\u00f8\u00adjslin\u00adjer kan, lige\u00adsom alle and\u00adre SOLID\u00adWORKS-v\u00e6rk\u00adt\u00f8\u00adjslin\u00adjer, frit til\u00adpas\u00adses. Derfor\u2026","protected":false},"author":1,"featured_media":0,"parent":0,"menu_order":0,"comment_status":"open","ping_status":"open","template":"","meta":{"wp_typography_post_enhancements_disabled":false,"footnotes":""},"class_list":["post-949","page","type-page","status-publish","hentry"],"_links":{"self":[{"href":"https:\/\/kuhn-solutions.de\/da\/wp-json\/wp\/v2\/pages\/949","targetHints":{"allow":["GET"]}}],"collection":[{"href":"https:\/\/kuhn-solutions.de\/da\/wp-json\/wp\/v2\/pages"}],"about":[{"href":"https:\/\/kuhn-solutions.de\/da\/wp-json\/wp\/v2\/types\/page"}],"author":[{"embeddable":true,"href":"https:\/\/kuhn-solutions.de\/da\/wp-json\/wp\/v2\/users\/1"}],"replies":[{"embeddable":true,"href":"https:\/\/kuhn-solutions.de\/da\/wp-json\/wp\/v2\/comments?post=949"}],"version-history":[{"count":34,"href":"https:\/\/kuhn-solutions.de\/da\/wp-json\/wp\/v2\/pages\/949\/revisions"}],"predecessor-version":[{"id":1705,"href":"https:\/\/kuhn-solutions.de\/da\/wp-json\/wp\/v2\/pages\/949\/revisions\/1705"}],"wp:attachment":[{"href":"https:\/\/kuhn-solutions.de\/da\/wp-json\/wp\/v2\/media?parent=949"}],"curies":[{"name":"wp","href":"https:\/\/api.w.org\/{rel}","templated":true}]}}