{"id":1038,"date":"2018-05-08T18:54:42","date_gmt":"2018-05-08T16:54:42","guid":{"rendered":"https:\/\/kuhneng.de\/?page_id=1038"},"modified":"2019-09-07T20:58:41","modified_gmt":"2019-09-07T18:58:41","slug":"produktanimation-rundschalttisch-rse-4","status":"publish","type":"page","link":"https:\/\/kuhn-solutions.de\/da\/produktanimation-rundschalttisch-rse-4\/","title":{"rendered":"Visua\u00adli\u00adse\u00adrin\u00adger ved hj\u00e6lp af eks\u00ademp\u00adlet med RSE\u20114 drejeindexeringsbordet"},"content":{"rendered":"<div class=\"wpb-content-wrapper\"><div class=\"vc_row wpb_row vc_row-fluid\"><div class=\"wpb_column vc_column_container vc_col-sm-12\"><div class=\"vc_column-inner\"><div class=\"wpb_wrapper\">\n\t<div class=\"wpb_text_column wpb_content_element\">\n\t\t<div class=\"wpb_wrapper\">\n\t\t\t<p>For den <a href=\"https:\/\/wagnerautomation.de\/\" target=\"_blank\" rel=\"noopener\">Frie\u00adde\u00admann Wag\u00adner GmbH<\/a>, en pro\u00adfes\u00adsio\u00adnel inden for h\u00e5nd\u00adte\u00adrings- og auto\u00adma\u00adtis\u00ade\u00adrings\u00adte\u00adkno\u00adlo\u00adgi, er RSE\u20114 roter\u00aden\u00adde indek\u00adse\u00adrings\u00adbord visua\u00adli\u00adse\u00adret. Pro\u00adjek\u00adtets fokus er p\u00e5 den visu\u00adel\u00adle bes\u00adkri\u00advel\u00adse af funk\u00adtio\u00adna\u00adli\u00adte\u00adten, de man\u00adge indstil\u00adlings- og kon\u00adver\u00adte\u00adrings\u00admu\u00adlig\u00adhe\u00adder samt den kor\u00adrek\u00adte h\u00e5nd\u00adte\u00adring af pro\u00adduk\u00adtet. Det\u00adte pro\u00adjekt demons\u00adtre\u00adrer mulig\u00adhe\u00adder\u00adne og for\u00adde\u00adle\u00adne ved ani\u00adma\u00adti\u00adon. Kun ved hj\u00e6lp af ani\u00adma\u00adtio\u00adner kan kun\u00adden og bru\u00adge\u00adren fors\u00adt\u00e5 funk\u00adtio\u00adnen og kom\u00adpl\u00adek\u00adse teknis\u00adke for\u00adhold p\u00e5 kor\u00adtest mulig&nbsp;tid.<\/p>\n\n\t\t<\/div>\n\t<\/div>\n<div class=\"vc_empty_space\" style=\"height: 20px\"><span class=\"vc_empty_space_inner\"><\/span><\/div>\n\t<div class=\"wpb_text_column wpb_content_element\">\n\t\t<div class=\"wpb_wrapper\">\n\t\t\t<h2>Animationerne samt de respektive animationsbeskrivelser, arrangeret i faner som eksempler:<\/h2>\n\n\t\t<\/div>\n\t<\/div>\n<div class=\"vc_empty_space\" style=\"height: 32px\"><span class=\"vc_empty_space_inner\"><\/span><\/div><div class=\"vc_tta-container\" data-vc-action=\"collapse\"><div class=\"vc_general vc_tta vc_tta-tabs vc_tta-color-grey vc_tta-style-anps_tabs vc_tta-shape-rounded vc_tta-spacing-1 vc_tta-tabs-position-top vc_tta-controls-align-left\"><div class=\"vc_tta-tabs-container\"><ul class=\"vc_tta-tabs-list\" role=\"tablist\"><li class=\"vc_tta-tab vc_active\" data-vc-tab role=\"presentation\"><a href=\"#1525864524961-a1220746-44e3\" data-vc-tabs data-vc-container=\".vc_tta\" role=\"tab\" id=\"tab-1525864524961-a1220746-44e3\"><span class=\"vc_tta-title-text\">3D-pro\u00addukt\u00advi\u00adsua\u00adli\u00adse\u00adring<\/span><\/a><\/li><li class=\"vc_tta-tab\" data-vc-tab role=\"presentation\"><a href=\"#1567881284521-97f6b74d-d8ce\" data-vc-tabs data-vc-container=\".vc_tta\" role=\"tab\" id=\"tab-1567881284521-97f6b74d-d8ce\"><span class=\"vc_tta-title-text\">S\u00e5dan fun\u00adge\u00adrer&nbsp;det<\/span><\/a><\/li><li class=\"vc_tta-tab\" data-vc-tab role=\"presentation\"><a href=\"#1525879196769-08411511-7778\" data-vc-tabs data-vc-container=\".vc_tta\" role=\"tab\" id=\"tab-1525879196769-08411511-7778\"><span class=\"vc_tta-title-text\">Dre\u00adj\u00adning til venstre<\/span><\/a><\/li><li class=\"vc_tta-tab\" data-vc-tab role=\"presentation\"><a href=\"#1525879432370-7a78aae8-61a4\" data-vc-tabs data-vc-container=\".vc_tta\" role=\"tab\" id=\"tab-1525879432370-7a78aae8-61a4\"><span class=\"vc_tta-title-text\">H\u00f8j\u00adre\u00addre\u00adj\u00adning<\/span><\/a><\/li><li class=\"vc_tta-tab\" data-vc-tab role=\"presentation\"><a href=\"#1536731472028-47be73de-9851\" data-vc-tabs data-vc-container=\".vc_tta\" role=\"tab\" id=\"tab-1536731472028-47be73de-9851\"><span class=\"vc_tta-title-text\">Pen\u00addul\u00adbet\u00adje\u00adning&nbsp;180<\/span><\/a><\/li><li class=\"vc_tta-tab\" data-vc-tab role=\"presentation\"><a href=\"#1525864525006-ee89c05d-c8c9\" data-vc-tabs data-vc-container=\".vc_tta\" role=\"tab\" id=\"tab-1525864525006-ee89c05d-c8c9\"><span class=\"vc_tta-title-text\">Shut\u00adtle ope\u00adra\u00adti\u00adon fri kontrol<\/span><\/a><\/li><li class=\"vc_tta-tab\" data-vc-tab role=\"presentation\"><a href=\"#1536731506362-c1952daa-cc11\" data-vc-tabs data-vc-container=\".vc_tta\" role=\"tab\" id=\"tab-1536731506362-c1952daa-cc11\"><span class=\"vc_tta-title-text\">Gas\u00adh\u00e5nd\u00adtag og omdrejningshastighed<\/span><\/a><\/li><li class=\"vc_tta-tab\" data-vc-tab role=\"presentation\"><a href=\"#1536731523605-2a0eb15e-9461\" data-vc-tabs data-vc-container=\".vc_tta\" role=\"tab\" id=\"tab-1536731523605-2a0eb15e-9461\"><span class=\"vc_tta-title-text\">Anmod\u00adning om stilling<\/span><\/a><\/li><li class=\"vc_tta-tab\" data-vc-tab role=\"presentation\"><a href=\"#1536731540754-fd65c643-010a\" data-vc-tabs data-vc-container=\".vc_tta\" role=\"tab\" id=\"tab-1536731540754-fd65c643-010a\"><span class=\"vc_tta-title-text\">St\u00f8d\u00add\u00e6m\u00adper<\/span><\/a><\/li><li class=\"vc_tta-tab\" data-vc-tab role=\"presentation\"><a href=\"#1536731558337-997d9d01-77b5\" data-vc-tabs data-vc-container=\".vc_tta\" role=\"tab\" id=\"tab-1536731558337-997d9d01-77b5\"><span class=\"vc_tta-title-text\">Jus\u00adte\u00adring og fast\u00adl\u00e5s\u00adning af spj\u00e6ld<\/span><\/a><\/li><\/ul><\/div><div class=\"vc_tta-panels-container\"><div class=\"vc_tta-panels\"><div class=\"vc_tta-panel vc_active\" id=\"1525864524961-a1220746-44e3\" data-vc-content=\".vc_tta-panel-body\"><div class=\"vc_tta-panel-heading\"><h4 class=\"vc_tta-panel-title\"><a href=\"#1525864524961-a1220746-44e3\" data-vc-accordion data-vc-container=\".vc_tta-container\"><span class=\"vc_tta-title-text\">3D-produktvisualisering<\/span><\/a><\/h4><\/div><div class=\"vc_tta-panel-body\"><div class=\"video-wrapper\"><\/div><div class=\"vc_empty_space\" style=\"height: 20px\"><span class=\"vc_empty_space_inner\"><\/span><\/div>\n\t<div class=\"wpb_text_column wpb_content_element\">\n\t\t<div class=\"wpb_wrapper\">\n\t\t\t<h2 data-fontsize=\"19\" data-lineheight=\"26\">3D produktvisualisering \u2013 Roterende indekseringsbord RSE\u20114<\/h2>\n<p>Den\u00adne pro\u00addukt\u00advi\u00adsua\u00adli\u00adse\u00adring pr\u00e6\u00adsen\u00adte\u00adrer RSE\u20114 (og RSE\u20113) dre\u00adje\u00adin\u00addex\u00ade\u00adrings\u00adbor\u00addet fra Frie\u00adde\u00admann Wag\u00adner GmbH. De vig\u00adtigs\u00adte drifts\u00adfor\u00admer, funk\u00adtio\u00adna\u00adli\u00adte\u00adten samt yder\u00adli\u00adge\u00adre funk\u00adtio\u00adner og indstil\u00adlings\u00admu\u00adlig\u00adhe\u00adder pr\u00e6\u00adsen\u00adte\u00adres kort og fors\u00adt\u00e5e\u00adligt. De and\u00adre faner inde\u00adhol\u00adder de enkel\u00adte ani\u00adma\u00adtio\u00adner, der frem\u00adh\u00e6\u00adver og for\u00adkla\u00adrer de enkel\u00adte funk\u00adtio\u00adner og egen\u00ads\u00adka\u00adber ved produktet.<\/p>\n\n\t\t<\/div>\n\t<\/div>\n<\/div><\/div><div class=\"vc_tta-panel\" id=\"1567881284521-97f6b74d-d8ce\" data-vc-content=\".vc_tta-panel-body\"><div class=\"vc_tta-panel-heading\"><h4 class=\"vc_tta-panel-title\"><a href=\"#1567881284521-97f6b74d-d8ce\" data-vc-accordion data-vc-container=\".vc_tta-container\"><span class=\"vc_tta-title-text\">S\u00e5dan fungerer det<\/span><\/a><\/h4><\/div><div class=\"vc_tta-panel-body\"><div class=\"video-wrapper\"><\/div><div class=\"vc_empty_space\" style=\"height: 20px\"><span class=\"vc_empty_space_inner\"><\/span><\/div>\n\t<div class=\"wpb_text_column wpb_content_element\">\n\t\t<div class=\"wpb_wrapper\">\n\t\t\t<h2 data-fontsize=\"19\" data-lineheight=\"26\">Funktionsm\u00e5de \u2013 Roterende indekseringsbord RSE\u20114<\/h2>\n<p>Funk\u00adti\u00adons\u00adm\u00e5\u00adde for det roter\u00aden\u00adde indek\u00adse\u00adrings\u00adbord RSE\u20114 (og RSE\u20113). N\u00e5r tandstan\u00adgen (stemp\u00adlet) er i indgreb, dre\u00adjes pla\u00adden (frem\u00adf\u00f8ring). Den line\u00e6\u00adre bev\u00e6\u00adgel\u00adse omd\u00adan\u00adnes til rota\u00adti\u00adon. I slut\u00adpo\u00adsi\u00adtio\u00adnen kobles dre\u00advet fra, og samt\u00adidig indek\u00adse\u00adres pla\u00adden til bear\u00adbejd\u00adning af emnet (l\u00e5st dre\u00adj\u00adnings\u00admo\u00adment p\u00e5 100 Nm med 2 indeks\u00adbol\u00adte). N\u00e5r pla\u00adden er l\u00e5st, bev\u00e6\u00adger sta\u00adti\u00advet sig til\u00adba\u00adge til udgangs\u00adpo\u00adsi\u00adtio\u00adnen. Sty\u00adrin\u00adgen kan s\u00e5le\u00addes fin\u00adde sted via en 5\/2 retningsreguleringsventil!<\/p>\n\n\t\t<\/div>\n\t<\/div>\n<\/div><\/div><div class=\"vc_tta-panel\" id=\"1525879196769-08411511-7778\" data-vc-content=\".vc_tta-panel-body\"><div class=\"vc_tta-panel-heading\"><h4 class=\"vc_tta-panel-title\"><a href=\"#1525879196769-08411511-7778\" data-vc-accordion data-vc-container=\".vc_tta-container\"><span class=\"vc_tta-title-text\">Drejning til venstre<\/span><\/a><\/h4><\/div><div class=\"vc_tta-panel-body\"><div class=\"video-wrapper\"><\/div><div class=\"vc_empty_space\" style=\"height: 20px\"><span class=\"vc_empty_space_inner\"><\/span><\/div>\n\t<div class=\"wpb_text_column wpb_content_element\">\n\t\t<div class=\"wpb_wrapper\">\n\t\t\t<h2 data-fontsize=\"19\" data-lineheight=\"26\">Rotation mod uret \u2013 Roterende indekseringsbord RSE\u20114<\/h2>\n<p>Pneu\u00adma\u00adtisk roter\u00aden\u00adde indek\u00adse\u00adrings\u00adbord RSE\u20114. Her vist i rota\u00adti\u00adon mod uret, set oven\u00adf\u00adra p\u00e5 pla\u00adden. Rota\u00adti\u00adons\u00adret\u00adnin\u00adgen kan \u00e6nd\u00adres af kun\u00adden. Desu\u00adden f\u00e5s et ombyg\u00adnings\u00ads\u00e6t til pen\u00addel\u00addrift som tilbeh\u00f8r!<\/p>\n\n\t\t<\/div>\n\t<\/div>\n<\/div><\/div><div class=\"vc_tta-panel\" id=\"1525879432370-7a78aae8-61a4\" data-vc-content=\".vc_tta-panel-body\"><div class=\"vc_tta-panel-heading\"><h4 class=\"vc_tta-panel-title\"><a href=\"#1525879432370-7a78aae8-61a4\" data-vc-accordion data-vc-container=\".vc_tta-container\"><span class=\"vc_tta-title-text\">H\u00f8jredrejning<\/span><\/a><\/h4><\/div><div class=\"vc_tta-panel-body\"><div class=\"video-wrapper\"><\/div><div class=\"vc_empty_space\" style=\"height: 20px\"><span class=\"vc_empty_space_inner\"><\/span><\/div>\n\t<div class=\"wpb_text_column wpb_content_element\">\n\t\t<div class=\"wpb_wrapper\">\n\t\t\t<h2 data-fontsize=\"19\" data-lineheight=\"26\">Rotation med uret \u2013 Roterende indekseringsbord RSE\u20114<\/h2>\n<p>Pneu\u00adma\u00adtisk roter\u00aden\u00adde indek\u00adse\u00adrings\u00adbord RSE\u20114. Her vist i rota\u00adti\u00adon med uret, set oven\u00adf\u00adra p\u00e5 pla\u00adden. Rota\u00adti\u00adons\u00adret\u00adnin\u00adgen kan \u00e6nd\u00adres af kun\u00adden. Desu\u00adden f\u00e5s et ombyg\u00adnings\u00ads\u00e6t til pen\u00addel\u00addrift som tilbeh\u00f8r!<\/p>\n\n\t\t<\/div>\n\t<\/div>\n<\/div><\/div><div class=\"vc_tta-panel\" id=\"1536731472028-47be73de-9851\" data-vc-content=\".vc_tta-panel-body\"><div class=\"vc_tta-panel-heading\"><h4 class=\"vc_tta-panel-title\"><a href=\"#1536731472028-47be73de-9851\" data-vc-accordion data-vc-container=\".vc_tta-container\"><span class=\"vc_tta-title-text\">Pendulbetjening 180<\/span><\/a><\/h4><\/div><div class=\"vc_tta-panel-body\"><div class=\"video-wrapper\"><\/div><div class=\"vc_empty_space\" style=\"height: 20px\"><span class=\"vc_empty_space_inner\"><\/span><\/div>\n\t<div class=\"wpb_text_column wpb_content_element\">\n\t\t<div class=\"wpb_wrapper\">\n\t\t\t<h2>Pendulbetjening 180\u00b0 \u2013 Roterende indekseringsbord RSE\u20114<\/h2>\n<p>Ani\u00adma\u00adti\u00adon af en pen\u00addul\u00adope\u00adra\u00adti\u00adon venstre\/h\u00f8jre \u2013 180\u00b0. RSE\u20113 og RSE\u20114 dre\u00adje\u00adkon\u00adtak\u00adten\u00adhe\u00adden kan aller\u00ade\u00adde bestil\u00adles ab fabrik i pen\u00addel\u00adde\u00adsign. Alter\u00adna\u00adtivt er det ogs\u00e5 muligt at fore\u00adta\u00adge en sene\u00adre ombyg\u00adning (til\u00adbeh\u00f8r, ombygningss\u00e6t).<\/p>\n\n\t\t<\/div>\n\t<\/div>\n<\/div><\/div><div class=\"vc_tta-panel\" id=\"1525864525006-ee89c05d-c8c9\" data-vc-content=\".vc_tta-panel-body\"><div class=\"vc_tta-panel-heading\"><h4 class=\"vc_tta-panel-title\"><a href=\"#1525864525006-ee89c05d-c8c9\" data-vc-accordion data-vc-container=\".vc_tta-container\"><span class=\"vc_tta-title-text\">Shuttle operation fri kontrol<\/span><\/a><\/h4><\/div><div class=\"vc_tta-panel-body\"><div class=\"video-wrapper\"><\/div><div class=\"vc_empty_space\" style=\"height: 20px\"><span class=\"vc_empty_space_inner\"><\/span><\/div>\n\t<div class=\"wpb_text_column wpb_content_element\">\n\t\t<div class=\"wpb_wrapper\">\n\t\t\t<h2>Pendeldrift fri kontrol \u2013 Roterende indekseringsbord RSE\u20114<\/h2>\n<p>Ani\u00adma\u00adti\u00adon af en pen\u00addul\u00adope\u00adra\u00adti\u00adon til venstre\/ h\u00f8j\u00adre \u2013 fri kon\u00adtrol. RSE\u20113 og RSE\u20114 dre\u00adje\u00adkon\u00adtak\u00adten\u00adhe\u00adden kan aller\u00ade\u00adde bestil\u00adles fra fabrik\u00adken i en pen\u00addulud\u00adga\u00adve. Alter\u00adna\u00adtivt er det ogs\u00e5 muligt at fore\u00adta\u00adge en sene\u00adre ombyg\u00adning (til\u00adbeh\u00f8r, ombygningss\u00e6t).<\/p>\n\n\t\t<\/div>\n\t<\/div>\n<\/div><\/div><div class=\"vc_tta-panel\" id=\"1536731506362-c1952daa-cc11\" data-vc-content=\".vc_tta-panel-body\"><div class=\"vc_tta-panel-heading\"><h4 class=\"vc_tta-panel-title\"><a href=\"#1536731506362-c1952daa-cc11\" data-vc-accordion data-vc-container=\".vc_tta-container\"><span class=\"vc_tta-title-text\">Gash\u00e5ndtag og omdrejningshastighed<\/span><\/a><\/h4><\/div><div class=\"vc_tta-panel-body\"><div class=\"video-wrapper\"><\/div><div class=\"vc_empty_space\" style=\"height: 20px\"><span class=\"vc_empty_space_inner\"><\/span><\/div>\n\t<div class=\"wpb_text_column wpb_content_element\">\n\t\t<div class=\"wpb_wrapper\">\n\t\t\t<h2>Gash\u00e5ndtag til justering af rotationshastighed \u2013 R\u00f8dt indekseringsbord RSE\u20114<\/h2>\n<p>Til trin\u00adl\u00f8s jus\u00adte\u00adring af pla\u00adde\u00adhas\u00adtig\u00adhe\u00adden har den roter\u00aden\u00adde indek\u00adse\u00adrings\u00aden\u00adhed en inte\u00adgre\u00adret udluft\u00adnings\u00add\u00e6m\u00adper fra fabrik\u00adken. Det bety\u00adder, at den ikke skal k\u00f8bes eller tils\u00adlut\u00adtes separat.<\/p>\n\n\t\t<\/div>\n\t<\/div>\n<\/div><\/div><div class=\"vc_tta-panel\" id=\"1536731523605-2a0eb15e-9461\" data-vc-content=\".vc_tta-panel-body\"><div class=\"vc_tta-panel-heading\"><h4 class=\"vc_tta-panel-title\"><a href=\"#1536731523605-2a0eb15e-9461\" data-vc-accordion data-vc-container=\".vc_tta-container\"><span class=\"vc_tta-title-text\">Anmodning om stilling<\/span><\/a><\/h4><\/div><div class=\"vc_tta-panel-body\"><div class=\"video-wrapper\"><\/div><div class=\"vc_empty_space\" style=\"height: 20px\"><span class=\"vc_empty_space_inner\"><\/span><\/div>\n\t<div class=\"wpb_text_column wpb_content_element\">\n\t\t<div class=\"wpb_wrapper\">\n\t\t\t<h2 class=\"title style-scope ytd-video-primary-info-renderer\">N\u00e6rhedsafbryder NSS-O\u20116.5 med positionsaftastning i roterende indekseringsbord RSE\u20114<\/h2>\n<p>Her ses detek\u00adtio\u00adnen via NSS-O\u20116.5\u2011S-65. Sen\u00adsorer\u00adne skrues sim\u00adpel\u00adthen i i stedet for blind\u00adprop\u00adper\u00adne og regis\u00adtre\u00adrer rackets slut\u00adpo\u00adsi\u00adti\u00adon. P\u00e5 et bord med rota\u00adti\u00adon mod uret (n\u00e5r man ser p\u00e5 pla\u00adden oppe\u00adf\u00adra) kan man se signal\u00ade\u00adr\u00adingen efter afs\u00adlut\u00adnin\u00adgen af frem\u00adf\u00f8rin\u00adgen (pla\u00adden er dre\u00adjet) og n\u00e5r tandstan\u00adgen er truk\u00adket til\u00adba\u00adge (bety\u00adder:&nbsp;l\u00e5st).<\/p>\n\n\t\t<\/div>\n\t<\/div>\n<\/div><\/div><div class=\"vc_tta-panel\" id=\"1536731540754-fd65c643-010a\" data-vc-content=\".vc_tta-panel-body\"><div class=\"vc_tta-panel-heading\"><h4 class=\"vc_tta-panel-title\"><a href=\"#1536731540754-fd65c643-010a\" data-vc-accordion data-vc-container=\".vc_tta-container\"><span class=\"vc_tta-title-text\">St\u00f8dd\u00e6mper<\/span><\/a><\/h4><\/div><div class=\"vc_tta-panel-body\"><div class=\"video-wrapper\"><\/div><div class=\"vc_empty_space\" style=\"height: 20px\"><span class=\"vc_empty_space_inner\"><\/span><\/div>\n\t<div class=\"wpb_text_column wpb_content_element\">\n\t\t<div class=\"wpb_wrapper\">\n\t\t\t<h2 class=\"title style-scope ytd-video-primary-info-renderer\">St\u00f8dd\u00e6mper i det cirkul\u00e6re RSE-4-lydbord<\/h2>\n<p>Her vises mon\u00adte\u00adrings\u00adsi\u00adtua\u00adtio\u00adnen for spj\u00e6l\u00addet med et bord i mod uret (set oppe\u00adf\u00adra). Afh\u00e6n\u00adgigt af bev\u00e6\u00adgel\u00adsestr\u00e6\u00adthe\u00adden og belast\u00adnin\u00adgen skal spj\u00e6l\u00addet indstil\u00adles enten via jus\u00adte\u00adrings\u00adskruen eller om n\u00f8d\u00adven\u00addigt ved at dre\u00adje spj\u00e6l\u00addet ind og ud (effek\u00adtiv slagl\u00e6ngde).<\/p>\n\n\t\t<\/div>\n\t<\/div>\n<\/div><\/div><div class=\"vc_tta-panel\" id=\"1536731558337-997d9d01-77b5\" data-vc-content=\".vc_tta-panel-body\"><div class=\"vc_tta-panel-heading\"><h4 class=\"vc_tta-panel-title\"><a href=\"#1536731558337-997d9d01-77b5\" data-vc-accordion data-vc-container=\".vc_tta-container\"><span class=\"vc_tta-title-text\">Justering og fastl\u00e5sning af spj\u00e6ld<\/span><\/a><\/h4><\/div><div class=\"vc_tta-panel-body\"><div class=\"video-wrapper\"><\/div><div class=\"vc_empty_space\" style=\"height: 20px\"><span class=\"vc_empty_space_inner\"><\/span><\/div>\n\t<div class=\"wpb_text_column wpb_content_element\">\n\t\t<div class=\"wpb_wrapper\">\n\t\t\t<h2 class=\"title style-scope ytd-video-primary-info-renderer\">Justering af spj\u00e6ldet for korrekt l\u00e5sning<\/h2>\n<p>Hvis d\u00e6mp\u00adnin\u00adgen af det roter\u00aden\u00adde indek\u00adse\u00adrings\u00adbord ikke er kor\u00adrekt til\u00adpas\u00adset belast\u00adnin\u00adgen, vil den kine\u00adtis\u00adke ener\u00adgi med\u00adf\u00f8\u00adre, at det stop\u00adper for tid\u00adligt eller over\u00ads\u00adkri\u00adder indeks\u00adpo\u00adsi\u00adtio\u00adnen. Afh\u00e6n\u00adgigt af situa\u00adtio\u00adnen for\u00adhind\u00adrer eller van\u00adskel\u00adig\u00adg\u00f8r det\u00adte l\u00e5s\u00adnin\u00adgen af pla\u00adden, da de to bol\u00adte ikke kan fin\u00adde vej ind i l\u00e5sen frit. Selv om de konis\u00adke l\u00e5se\u00adbol\u00adte til\u00adla\u00adder indek\u00adse\u00adring, er det\u00adte for\u00adbun\u00addet med urene bev\u00e6\u00adgel\u00adser og slid. Nor\u00admalt kan den\u00adne lil\u00adle jus\u00adte\u00adrings\u00adfe\u00adjl ses, n\u00e5r pla\u00adden tr\u00e6k\u00adkes frem eller til\u00adba\u00adge. Jus\u00adter der\u00adfor altid st\u00f8d\u00add\u00e6m\u00adpe\u00adren til din belast\u00adning (jus\u00adte\u00adrings\u00adskrue p\u00e5 st\u00f8d\u00add\u00e6m\u00adpe\u00adren eller udnyt slagl\u00e6ng\u00adden ved at dre\u00adje st\u00f8d\u00add\u00e6m\u00adpe\u00adren ind eller&nbsp;ud).<\/p>\n\n\t\t<\/div>\n\t<\/div>\n<\/div><\/div><\/div><\/div><\/div><\/div><\/div><\/div><\/div><div class=\"wpb_column vc_column_container vc_col-sm-12\"><div class=\"vc_column-inner\"><div class=\"wpb_wrapper\">\n\t<div class=\"wpb_text_column wpb_content_element\">\n\t\t<div class=\"wpb_wrapper\">\n\t\t\t<p style=\"text-align: center;\">Der <a href=\"https:\/\/wagnerautomation.de\" target=\"_blank\" rel=\"noopener\">Frie\u00adde\u00admann Wag\u00adner GmbH<\/a> Man\u00adge tak for bes\u00adkri\u00advels\u00ader\u00adne af animationerne.<\/p>\n\n\t\t<\/div>\n\t<\/div>\n<div class=\"vc_empty_space\" style=\"height: 32px\"><span class=\"vc_empty_space_inner\"><\/span><\/div><\/div><\/div><\/div><\/div><div data-vc-full-width=\"true\" data-vc-full-width-temp=\"true\" data-vc-full-width-init=\"false\" class=\"vc_row wpb_row vc_row-fluid vc_custom_1496321201384 vc_row-has-fill\"><div class=\"wpb_column vc_column_container vc_col-sm-8\"><div class=\"vc_column-inner\"><div class=\"wpb_wrapper\">\n\t<div class=\"wpb_text_column wpb_content_element vc_custom_1536734877981\">\n\t\t<div class=\"wpb_wrapper\">\n\t\t\t<h3 style=\"text-align: left;\"><span style=\"color: #ffffff;\">Uanset om det drejer sig om produktanimationer, funktionsanimationer, produktillustrationer eller en imagefilm, bringer vi lys og bev\u00e6gelse ind i din virksomhed.<\/span><\/h3>\n\n\t\t<\/div>\n\t<\/div>\n<\/div><\/div><\/div><div class=\"wpb_column vc_column_container vc_col-sm-4\"><div class=\"vc_column-inner\"><div class=\"wpb_wrapper\"><a target=\"_self\" href=\"mailto:info@kuhn-solutions.de\" class=\"btn  btn-md style-1\" id=\"custom-id-0\" style>ANMODNING UDEN FORPLIGTELSE<\/a><\/div><\/div><\/div><\/div><div class=\"vc_row-full-width vc_clearfix\"><\/div>\n<\/div>","protected":false},"excerpt":{"rendered":"RSE\u20114 dre\u00adje\u00adin\u00addex\u00ade\u00adrings\u00adbor\u00addet visua\u00adli\u00adse\u00adres for Frie\u00adde\u00admann Wag\u00adner GmbH, der er pro\u00adfes\u00adsio\u00adnel inden for h\u00e5nd\u00adte\u00adrings- og auto\u00adma\u00adtis\u00ade\u00adrings\u00adte\u00adkno\u00adlo\u00adgi. Pro\u00adjek\u00adtets fokus er p\u00e5 den visu\u00adel\u00adle bes\u00adkri\u00advel\u00adse af funk\u00adtio\u00adna\u00adli\u00adte\u00adten, de man\u00adge indstil\u00adlings- og kon\u00adver\u00adte\u00adrings\u00admu\u00adlig\u00adhe\u00adder samt den kor\u00adrek\u00adte h\u00e5nd\u00adte\u00adring af produktet.\u2026","protected":false},"author":1,"featured_media":0,"parent":0,"menu_order":0,"comment_status":"open","ping_status":"closed","template":"","meta":{"wp_typography_post_enhancements_disabled":false,"footnotes":""},"class_list":["post-1038","page","type-page","status-publish","hentry"],"_links":{"self":[{"href":"https:\/\/kuhn-solutions.de\/da\/wp-json\/wp\/v2\/pages\/1038","targetHints":{"allow":["GET"]}}],"collection":[{"href":"https:\/\/kuhn-solutions.de\/da\/wp-json\/wp\/v2\/pages"}],"about":[{"href":"https:\/\/kuhn-solutions.de\/da\/wp-json\/wp\/v2\/types\/page"}],"author":[{"embeddable":true,"href":"https:\/\/kuhn-solutions.de\/da\/wp-json\/wp\/v2\/users\/1"}],"replies":[{"embeddable":true,"href":"https:\/\/kuhn-solutions.de\/da\/wp-json\/wp\/v2\/comments?post=1038"}],"version-history":[{"count":70,"href":"https:\/\/kuhn-solutions.de\/da\/wp-json\/wp\/v2\/pages\/1038\/revisions"}],"predecessor-version":[{"id":1798,"href":"https:\/\/kuhn-solutions.de\/da\/wp-json\/wp\/v2\/pages\/1038\/revisions\/1798"}],"wp:attachment":[{"href":"https:\/\/kuhn-solutions.de\/da\/wp-json\/wp\/v2\/media?parent=1038"}],"curies":[{"name":"wp","href":"https:\/\/api.w.org\/{rel}","templated":true}]}}